{"id":424327,"date":"2020-03-20T08:30:18","date_gmt":"2020-03-20T07:30:18","guid":{"rendered":"https:\/\/motors.tn\/magazine\/?page_id=424327"},"modified":"2026-01-13T00:16:27","modified_gmt":"2026-01-12T23:16:27","slug":"prix-bus-man-neuf-en-tunisie","status":"publish","type":"page","link":"https:\/\/motors.tn\/magazine\/prix-bus-et-minibus-neufs-en-tunisie\/prix-bus-man-neuf-en-tunisie\/","title":{"rendered":"Prix bus MAN neuf en Tunisie"},"content":{"rendered":"<p><a href=\"https:\/\/motors.tn\/magazine\/prix-bus-et-minibus-neufs-en-tunisie\/\">Prix bus<\/a> MAN neuf en Tunisie :<\/p>\n<ul>\n<li><a href=\"https:\/\/motors.tn\/magazine\/prix-bus-et-minibus-neufs-en-tunisie\/prix-bus-man-neuf-en-tunisie\/prix-bus-man-autocar-confort-neuf-tunisie\/\">Prix Bus MAN Autocar Confort 53 places RR2 19.350 E3 neuf Tunisie<\/a><\/li>\n<\/ul>\n<figure id=\"attachment_500424\" aria-describedby=\"caption-attachment-500424\" style=\"width: 542px\" class=\"wp-caption aligncenter\"><a href=\"https:\/\/motors.tn\/magazine\/prix-bus-et-minibus-neufs-en-tunisie\/prix-bus-man-neuf-en-tunisie\/prix-bus-man-autocar-confort-neuf-tunisie\/\"><img decoding=\"async\" class=\"wp-image-500424 size-full\" src=\"https:\/\/motors.tn\/magazine\/wp-content\/uploads\/2026\/01\/prix-bus-man-tunisie-300.png\" alt=\"\" width=\"552\" height=\"315\" srcset=\"https:\/\/motors.tn\/magazine\/wp-content\/uploads\/2026\/01\/prix-bus-man-tunisie-300.png 552w, https:\/\/motors.tn\/magazine\/wp-content\/uploads\/2026\/01\/prix-bus-man-tunisie-300-300x171.png 300w\" sizes=\"(max-width: 552px) 100vw, 552px\" \/><\/a><figcaption id=\"caption-attachment-500424\" class=\"wp-caption-text\">Bus MAN Autocar Confort 53 places RR2 19.350 E3<\/figcaption><\/figure>\n<p style=\"text-align: justify;\">La marque MAN est synonyme, dans le monde entier, d\u2019efficacit\u00e9, d\u2019innovation et de proximit\u00e9 \u00e0 l\u2019\u00e9gard de sa client\u00e8le. Ainsi, la confiance des clients, bas\u00e9e sur la fiabilit\u00e9 des produits MAN, s\u2019av\u00e8re \u00eatre la cl\u00e9 de notre succ\u00e8s. Tel que le prouve l&rsquo;exp\u00e9rience de plus de 100 ans dans le domaine des bus touristiques : L\u2019efficacit\u00e9 est bien plus qu\u2019une marque de fabrique.<\/p>\n<p style=\"text-align: justify;\">La gamme de produits, dans le domaine des bus, comporte, outre les ch\u00e2ssis, les bus urbains, les bus touristiques et les bus interurbains. Gr\u00e2ce \u00e0 leur fort rendement, leurs performances \u00e9cologiques exemplaires, ainsi que leur degr\u00e9 \u00e9lev\u00e9 de confort et de s\u00e9curit\u00e9, les bus MAN se distinguent par leur qualit\u00e9 sup\u00e9rieure, et r\u00e9pondent ainsi \u00e0 l\u2019ensemble des exigences de la client\u00e8le.<\/p>\n<hr \/>\n<h2><strong>Demande de prix \/ Demande de devis pour bus et minibus neufs en Tunisie\u00a0<\/strong><\/h2>\n<p style=\"text-align: left;\">Faites votre\u00a0demande de devis\u00a0en ligne ici et recevez gratuitement une r\u00e9ponse\u00a0de nos partenaires<\/p>\n\n<div class=\"wpcf7 no-js\" id=\"wpcf7-f424273-o1\" lang=\"fr-FR\" dir=\"ltr\" data-wpcf7-id=\"424273\">\n<div class=\"screen-reader-response\"><p role=\"status\" aria-live=\"polite\" aria-atomic=\"true\"><\/p> <ul><\/ul><\/div>\n<form action=\"\/magazine\/wp-json\/wp\/v2\/pages\/424327#wpcf7-f424273-o1\" method=\"post\" class=\"wpcf7-form init\" aria-label=\"Formulaire de contact\" novalidate=\"novalidate\" data-status=\"init\">\n<fieldset class=\"hidden-fields-container\"><input type=\"hidden\" name=\"_wpcf7\" value=\"424273\" \/><input type=\"hidden\" name=\"_wpcf7_version\" value=\"6.1.1\" \/><input type=\"hidden\" name=\"_wpcf7_locale\" value=\"fr_FR\" \/><input type=\"hidden\" name=\"_wpcf7_unit_tag\" value=\"wpcf7-f424273-o1\" \/><input type=\"hidden\" name=\"_wpcf7_container_post\" value=\"0\" \/><input type=\"hidden\" name=\"_wpcf7_posted_data_hash\" value=\"\" \/>\n<\/fieldset>\n<p>Nom et pr\u00e9nom - \u0627\u0644\u0625\u0633\u0645 \u0648 \u0627\u0644\u0644\u0642\u0628 :<br \/>\n<span class=\"wpcf7-form-control-wrap\" data-name=\"your-name\"><input size=\"40\" maxlength=\"400\" class=\"wpcf7-form-control wpcf7-text wpcf7-validates-as-required\" aria-required=\"true\" aria-invalid=\"false\" value=\"\" type=\"text\" name=\"your-name\" \/><\/span>\n<\/p>\n<p> Soci\u00e9t\u00e9 - \u0627\u0644\u0634\u0631\u0643\u0629 :<br \/>\n<span class=\"wpcf7-form-control-wrap\" data-name=\"your-ste\"><input size=\"40\" maxlength=\"400\" class=\"wpcf7-form-control wpcf7-text wpcf7-validates-as-required\" aria-required=\"true\" aria-invalid=\"false\" value=\"\" type=\"text\" name=\"your-ste\" \/><\/span>\n<\/p>\n<p>T\u00e9l\u00e9phone - \u0627\u0644\u0647\u0627\u062a\u0641 :\n<\/p>\n<p><span class=\"wpcf7-form-control-wrap\" data-name=\"your-tel\"><input size=\"40\" maxlength=\"400\" class=\"wpcf7-form-control wpcf7-tel wpcf7-validates-as-required wpcf7-text wpcf7-validates-as-tel\" aria-required=\"true\" aria-invalid=\"false\" value=\"\" type=\"tel\" name=\"your-tel\" \/><\/span>\n<\/p>\n<p>Gouvernorat - \u0627\u0644\u0648\u0644\u0627\u064a\u0629 :\n<\/p>\n<p><span class=\"wpcf7-form-control-wrap\" data-name=\"your-gouvernorat\"><select class=\"wpcf7-form-control wpcf7-select wpcf7-validates-as-required\" aria-required=\"true\" aria-invalid=\"false\" name=\"your-gouvernorat\"><option value=\"\">&#8212;Veuillez choisir une option&#8212;<\/option><option value=\"Ariana - \u0623\u0631\u064a\u0627\u0646\u0629\">Ariana - \u0623\u0631\u064a\u0627\u0646\u0629<\/option><option value=\"B\u00e9ja - \u0628\u0627\u062c\u0629\">B\u00e9ja - \u0628\u0627\u062c\u0629<\/option><option value=\"Ben Arous - \u0628\u0646 \u0639\u0631\u0648\u0633\">Ben Arous - \u0628\u0646 \u0639\u0631\u0648\u0633<\/option><option value=\"Bizerte - \u0628\u0646\u0632\u0631\u062a\">Bizerte - \u0628\u0646\u0632\u0631\u062a<\/option><option value=\"Gab\u00e8s - \u0642\u0627\u0628\u0633\">Gab\u00e8s - \u0642\u0627\u0628\u0633<\/option><option value=\"Gafsa - \u0642\u0641\u0635\u0629\">Gafsa - \u0642\u0641\u0635\u0629<\/option><option value=\"Jendouba - \u062c\u0646\u062f\u0648\u0628\u0629\">Jendouba - \u062c\u0646\u062f\u0648\u0628\u0629<\/option><option value=\"Kairouan - \u0627\u0644\u0642\u064a\u0631\u0648\u0627\u0646\">Kairouan - \u0627\u0644\u0642\u064a\u0631\u0648\u0627\u0646<\/option><option value=\"Kasserine - \u0627\u0644\u0642\u0635\u0631\u064a\u0646\">Kasserine - \u0627\u0644\u0642\u0635\u0631\u064a\u0646<\/option><option value=\"K\u00e9bili - \u0642\u0628\u0644\u064a\">K\u00e9bili - \u0642\u0628\u0644\u064a<\/option><option value=\"Le Kef - \u0627\u0644\u0643\u0627\u0641\">Le Kef - \u0627\u0644\u0643\u0627\u0641<\/option><option value=\"Mahdia - \u0627\u0644\u0645\u0647\u062f\u064a\u0629\">Mahdia - \u0627\u0644\u0645\u0647\u062f\u064a\u0629<\/option><option value=\"La Manouba - \u0645\u0646\u0648\u0628\u0629\">La Manouba - \u0645\u0646\u0648\u0628\u0629<\/option><option value=\"M\u00e9denine - \u0645\u062f\u0646\u064a\u0646\">M\u00e9denine - \u0645\u062f\u0646\u064a\u0646<\/option><option value=\"Monastir - \u0627\u0644\u0645\u0646\u0633\u062a\u064a\u0631\">Monastir - \u0627\u0644\u0645\u0646\u0633\u062a\u064a\u0631<\/option><option value=\"Nabeul - \u0646\u0627\u0628\u0644\">Nabeul - \u0646\u0627\u0628\u0644<\/option><option value=\"Sfax - \u0635\u0641\u0627\u0642\u0633\">Sfax - \u0635\u0641\u0627\u0642\u0633<\/option><option value=\"Sidi Bouzid - \u0633\u064a\u062f\u064a \u0628\u0648\u0632\u064a\u062f\">Sidi Bouzid - \u0633\u064a\u062f\u064a \u0628\u0648\u0632\u064a\u062f<\/option><option value=\"Siliana - \u0633\u0644\u064a\u0627\u0646\u0629\">Siliana - \u0633\u0644\u064a\u0627\u0646\u0629<\/option><option value=\"Sousse - \u0633\u0648\u0633\u0629\">Sousse - \u0633\u0648\u0633\u0629<\/option><option value=\"Tataouine - \u062a\u0637\u0627\u0648\u064a\u0646\">Tataouine - \u062a\u0637\u0627\u0648\u064a\u0646<\/option><option value=\"Tozeur - \u062a\u0648\u0632\u0631\">Tozeur - \u062a\u0648\u0632\u0631<\/option><option value=\"Tunis - \u062a\u0648\u0646\u0633\">Tunis - \u062a\u0648\u0646\u0633<\/option><option value=\"Zaghouan - \u0632\u063a\u0648\u0627\u0646\">Zaghouan - \u0632\u063a\u0648\u0627\u0646<\/option><\/select><\/span>\n<\/p>\n<p>Email - \u0627\u0644\u0628\u0631\u064a\u062f \u0627\u0644\u0625\u0644\u0643\u062a\u0631\u0648\u0646\u064a :\n<\/p>\n<p><span class=\"wpcf7-form-control-wrap\" data-name=\"your-email\"><input size=\"40\" maxlength=\"400\" class=\"wpcf7-form-control wpcf7-email wpcf7-validates-as-required wpcf7-text wpcf7-validates-as-email\" aria-required=\"true\" aria-invalid=\"false\" value=\"\" type=\"email\" name=\"your-email\" \/><\/span>\n<\/p>\n<p>Nombre de places - \u0639\u062f\u062f \u0627\u0644\u0645\u0642\u0627\u0639\u062f :\n<\/p>\n<p><span class=\"wpcf7-form-control-wrap\" data-name=\"Modele\"><span class=\"wpcf7-form-control wpcf7-checkbox wpcf7-validates-as-required\"><span class=\"wpcf7-list-item first\"><label><input type=\"checkbox\" name=\"Modele[]\" value=\"9 Places\" \/><span class=\"wpcf7-list-item-label\">9 Places<\/span><\/label><\/span><span class=\"wpcf7-list-item\"><label><input type=\"checkbox\" name=\"Modele[]\" value=\"15-20 places\" \/><span class=\"wpcf7-list-item-label\">15-20 places<\/span><\/label><\/span><span class=\"wpcf7-list-item\"><label><input type=\"checkbox\" name=\"Modele[]\" value=\"21-30 places\" \/><span class=\"wpcf7-list-item-label\">21-30 places<\/span><\/label><\/span><span class=\"wpcf7-list-item last\"><label><input type=\"checkbox\" name=\"Modele[]\" value=\"31-55 places\" \/><span class=\"wpcf7-list-item-label\">31-55 places<\/span><\/label><\/span><\/span><\/span>\n<\/p>\n<p><span class=\"wpcf7-form-control-wrap\" data-name=\"checkbox-859\"><span class=\"wpcf7-form-control wpcf7-checkbox wpcf7-validates-as-required\"><span class=\"wpcf7-list-item first last\"><input type=\"checkbox\" name=\"checkbox-859[]\" value=\"J&#039;accepte d&#039;\u00eatre contact\u00e9(e) par les concessionnaires partenaires pour recevoir les offres commerciales.\" checked=\"checked\" \/><span class=\"wpcf7-list-item-label\">J&#039;accepte d&#039;\u00eatre contact\u00e9(e) par les concessionnaires partenaires pour recevoir les offres commerciales.<\/span><\/span><\/span><\/span>\n<\/p>\n<p><input class=\"wpcf7-form-control wpcf7-submit has-spinner\" type=\"submit\" value=\"Envoyer - \u0625\u0631\u0633\u0627\u0644\" \/>\n<\/p><p style=\"display: none !important;\" class=\"akismet-fields-container\" data-prefix=\"_wpcf7_ak_\"><label>&#916;<textarea name=\"_wpcf7_ak_hp_textarea\" cols=\"45\" rows=\"8\" maxlength=\"100\"><\/textarea><\/label><input type=\"hidden\" id=\"ak_js_1\" name=\"_wpcf7_ak_js\" value=\"131\"\/><script>document.getElementById( \"ak_js_1\" ).setAttribute( \"value\", ( new Date() ).getTime() );<\/script><\/p><div class=\"wpcf7-response-output\" aria-hidden=\"true\"><\/div>\n<\/form>\n<\/div>\n\n","protected":false},"excerpt":{"rendered":"<p>Prix bus MAN neuf en Tunisie : Prix Bus MAN Autocar Confort 53 places RR2 19.350 E3 neuf Tunisie La marque MAN est synonyme, dans le monde entier, d\u2019efficacit\u00e9, d\u2019innovation et de proximit\u00e9 \u00e0 l\u2019\u00e9gard de sa client\u00e8le. Ainsi, la confiance des clients, bas\u00e9e sur la fiabilit\u00e9 des produits MAN, s\u2019av\u00e8re \u00eatre la cl\u00e9 de &#8230; <a title=\"Prix bus MAN neuf en Tunisie\" class=\"read-more\" href=\"https:\/\/motors.tn\/magazine\/prix-bus-et-minibus-neufs-en-tunisie\/prix-bus-man-neuf-en-tunisie\/\" aria-label=\"En savoir plus sur Prix bus MAN neuf en Tunisie\">Lire la suite<\/a><\/p>\n","protected":false},"author":1,"featured_media":0,"parent":424210,"menu_order":0,"comment_status":"closed","ping_status":"closed","template":"","meta":{"footnotes":""},"class_list":["post-424327","page","type-page","status-publish"],"yoast_head":"<!-- This site is optimized with the Yoast SEO plugin v25.7 - https:\/\/yoast.com\/wordpress\/plugins\/seo\/ -->\n<title>Prix bus MAN neuf en Tunisie - Motors.tn<\/title>\n<meta name=\"description\" content=\"Prix bus MAN neuf en Tunisie : Prix Bus MAN 55 places R33 neuf Tunisie, demande de devis prix bus neuf Tunisie, bus touristique MAN \u00e0 vendre en Tunisie\" \/>\n<meta name=\"robots\" content=\"index, follow, max-snippet:-1, max-image-preview:large, max-video-preview:-1\" \/>\n<link rel=\"canonical\" href=\"https:\/\/motors.tn\/magazine\/prix-bus-et-minibus-neufs-en-tunisie\/prix-bus-man-neuf-en-tunisie\/\" \/>\n<meta property=\"og:locale\" content=\"fr_FR\" \/>\n<meta property=\"og:type\" content=\"article\" \/>\n<meta property=\"og:title\" content=\"Prix bus MAN neuf en Tunisie - Motors.tn\" \/>\n<meta property=\"og:description\" content=\"Prix bus MAN neuf en Tunisie : Prix Bus MAN 55 places R33 neuf Tunisie, demande de devis prix bus neuf Tunisie, bus touristique MAN \u00e0 vendre en Tunisie\" \/>\n<meta property=\"og:url\" content=\"https:\/\/motors.tn\/magazine\/prix-bus-et-minibus-neufs-en-tunisie\/prix-bus-man-neuf-en-tunisie\/\" \/>\n<meta property=\"og:site_name\" content=\"Motors.tn\" \/>\n<meta property=\"article:modified_time\" content=\"2026-01-12T23:16:27+00:00\" \/>\n<meta property=\"og:image\" content=\"https:\/\/motors.tn\/magazine\/wp-content\/uploads\/2026\/01\/prix-bus-man-tunisie-300.png\" \/>\n\t<meta property=\"og:image:width\" content=\"552\" \/>\n\t<meta property=\"og:image:height\" content=\"315\" \/>\n\t<meta property=\"og:image:type\" content=\"image\/png\" \/>\n<meta name=\"twitter:label1\" content=\"Dur\u00e9e de lecture estim\u00e9e\" \/>\n\t<meta name=\"twitter:data1\" content=\"2 minutes\" \/>\n<script type=\"application\/ld+json\" class=\"yoast-schema-graph\">{\"@context\":\"https:\/\/schema.org\",\"@graph\":[{\"@type\":\"WebPage\",\"@id\":\"https:\/\/motors.tn\/magazine\/prix-bus-et-minibus-neufs-en-tunisie\/prix-bus-man-neuf-en-tunisie\/\",\"url\":\"https:\/\/motors.tn\/magazine\/prix-bus-et-minibus-neufs-en-tunisie\/prix-bus-man-neuf-en-tunisie\/\",\"name\":\"Prix bus MAN neuf en Tunisie - Motors.tn\",\"isPartOf\":{\"@id\":\"https:\/\/motors.tn\/magazine\/#website\"},\"primaryImageOfPage\":{\"@id\":\"https:\/\/motors.tn\/magazine\/prix-bus-et-minibus-neufs-en-tunisie\/prix-bus-man-neuf-en-tunisie\/#primaryimage\"},\"image\":{\"@id\":\"https:\/\/motors.tn\/magazine\/prix-bus-et-minibus-neufs-en-tunisie\/prix-bus-man-neuf-en-tunisie\/#primaryimage\"},\"thumbnailUrl\":\"https:\/\/motors.tn\/magazine\/wp-content\/uploads\/2026\/01\/prix-bus-man-tunisie-300.png\",\"datePublished\":\"2020-03-20T07:30:18+00:00\",\"dateModified\":\"2026-01-12T23:16:27+00:00\",\"description\":\"Prix bus MAN neuf en Tunisie : Prix Bus MAN 55 places R33 neuf Tunisie, demande de devis prix bus neuf Tunisie, bus touristique MAN \u00e0 vendre en Tunisie\",\"breadcrumb\":{\"@id\":\"https:\/\/motors.tn\/magazine\/prix-bus-et-minibus-neufs-en-tunisie\/prix-bus-man-neuf-en-tunisie\/#breadcrumb\"},\"inLanguage\":\"fr-FR\",\"potentialAction\":[{\"@type\":\"ReadAction\",\"target\":[\"https:\/\/motors.tn\/magazine\/prix-bus-et-minibus-neufs-en-tunisie\/prix-bus-man-neuf-en-tunisie\/\"]}]},{\"@type\":\"ImageObject\",\"inLanguage\":\"fr-FR\",\"@id\":\"https:\/\/motors.tn\/magazine\/prix-bus-et-minibus-neufs-en-tunisie\/prix-bus-man-neuf-en-tunisie\/#primaryimage\",\"url\":\"https:\/\/motors.tn\/magazine\/wp-content\/uploads\/2026\/01\/prix-bus-man-tunisie-300.png\",\"contentUrl\":\"https:\/\/motors.tn\/magazine\/wp-content\/uploads\/2026\/01\/prix-bus-man-tunisie-300.png\",\"width\":552,\"height\":315},{\"@type\":\"BreadcrumbList\",\"@id\":\"https:\/\/motors.tn\/magazine\/prix-bus-et-minibus-neufs-en-tunisie\/prix-bus-man-neuf-en-tunisie\/#breadcrumb\",\"itemListElement\":[{\"@type\":\"ListItem\",\"position\":1,\"name\":\"Motors.tn\",\"item\":\"https:\/\/motors.tn\/magazine\/\"},{\"@type\":\"ListItem\",\"position\":2,\"name\":\"Prix bus et minibus neufs en Tunisie\",\"item\":\"https:\/\/motors.tn\/magazine\/prix-bus-et-minibus-neufs-en-tunisie\/\"},{\"@type\":\"ListItem\",\"position\":3,\"name\":\"Prix bus MAN neuf en Tunisie\"}]},{\"@type\":\"WebSite\",\"@id\":\"https:\/\/motors.tn\/magazine\/#website\",\"url\":\"https:\/\/motors.tn\/magazine\/\",\"name\":\"Motors.tn\",\"description\":\"Actualit\u00e9, prix du neuf et guide d&#039;achat\",\"publisher\":{\"@id\":\"https:\/\/motors.tn\/magazine\/#organization\"},\"potentialAction\":[{\"@type\":\"SearchAction\",\"target\":{\"@type\":\"EntryPoint\",\"urlTemplate\":\"https:\/\/motors.tn\/magazine\/?s={search_term_string}\"},\"query-input\":{\"@type\":\"PropertyValueSpecification\",\"valueRequired\":true,\"valueName\":\"search_term_string\"}}],\"inLanguage\":\"fr-FR\"},{\"@type\":\"Organization\",\"@id\":\"https:\/\/motors.tn\/magazine\/#organization\",\"name\":\"Strat\u00e9gie Digitale\",\"url\":\"https:\/\/motors.tn\/magazine\/\",\"logo\":{\"@type\":\"ImageObject\",\"inLanguage\":\"fr-FR\",\"@id\":\"https:\/\/motors.tn\/magazine\/#\/schema\/logo\/image\/\",\"url\":\"https:\/\/motors.tn\/magazine\/wp-content\/uploads\/2020\/05\/cropped-cropped-logo9bleu.png\",\"contentUrl\":\"https:\/\/motors.tn\/magazine\/wp-content\/uploads\/2020\/05\/cropped-cropped-logo9bleu.png\",\"width\":277,\"height\":44,\"caption\":\"Strat\u00e9gie Digitale\"},\"image\":{\"@id\":\"https:\/\/motors.tn\/magazine\/#\/schema\/logo\/image\/\"}}]}<\/script>\n<!-- \/ Yoast SEO plugin. -->","yoast_head_json":{"title":"Prix bus MAN neuf en Tunisie - Motors.tn","description":"Prix bus MAN neuf en Tunisie : Prix Bus MAN 55 places R33 neuf Tunisie, demande de devis prix bus neuf Tunisie, bus touristique MAN \u00e0 vendre en Tunisie","robots":{"index":"index","follow":"follow","max-snippet":"max-snippet:-1","max-image-preview":"max-image-preview:large","max-video-preview":"max-video-preview:-1"},"canonical":"https:\/\/motors.tn\/magazine\/prix-bus-et-minibus-neufs-en-tunisie\/prix-bus-man-neuf-en-tunisie\/","og_locale":"fr_FR","og_type":"article","og_title":"Prix bus MAN neuf en Tunisie - Motors.tn","og_description":"Prix bus MAN neuf en Tunisie : Prix Bus MAN 55 places R33 neuf Tunisie, demande de devis prix bus neuf Tunisie, bus touristique MAN \u00e0 vendre en Tunisie","og_url":"https:\/\/motors.tn\/magazine\/prix-bus-et-minibus-neufs-en-tunisie\/prix-bus-man-neuf-en-tunisie\/","og_site_name":"Motors.tn","article_modified_time":"2026-01-12T23:16:27+00:00","og_image":[{"width":552,"height":315,"url":"https:\/\/motors.tn\/magazine\/wp-content\/uploads\/2026\/01\/prix-bus-man-tunisie-300.png","type":"image\/png"}],"twitter_misc":{"Dur\u00e9e de lecture estim\u00e9e":"2 minutes"},"schema":{"@context":"https:\/\/schema.org","@graph":[{"@type":"WebPage","@id":"https:\/\/motors.tn\/magazine\/prix-bus-et-minibus-neufs-en-tunisie\/prix-bus-man-neuf-en-tunisie\/","url":"https:\/\/motors.tn\/magazine\/prix-bus-et-minibus-neufs-en-tunisie\/prix-bus-man-neuf-en-tunisie\/","name":"Prix bus MAN neuf en Tunisie - Motors.tn","isPartOf":{"@id":"https:\/\/motors.tn\/magazine\/#website"},"primaryImageOfPage":{"@id":"https:\/\/motors.tn\/magazine\/prix-bus-et-minibus-neufs-en-tunisie\/prix-bus-man-neuf-en-tunisie\/#primaryimage"},"image":{"@id":"https:\/\/motors.tn\/magazine\/prix-bus-et-minibus-neufs-en-tunisie\/prix-bus-man-neuf-en-tunisie\/#primaryimage"},"thumbnailUrl":"https:\/\/motors.tn\/magazine\/wp-content\/uploads\/2026\/01\/prix-bus-man-tunisie-300.png","datePublished":"2020-03-20T07:30:18+00:00","dateModified":"2026-01-12T23:16:27+00:00","description":"Prix bus MAN neuf en Tunisie : Prix Bus MAN 55 places R33 neuf Tunisie, demande de devis prix bus neuf Tunisie, bus touristique MAN \u00e0 vendre en Tunisie","breadcrumb":{"@id":"https:\/\/motors.tn\/magazine\/prix-bus-et-minibus-neufs-en-tunisie\/prix-bus-man-neuf-en-tunisie\/#breadcrumb"},"inLanguage":"fr-FR","potentialAction":[{"@type":"ReadAction","target":["https:\/\/motors.tn\/magazine\/prix-bus-et-minibus-neufs-en-tunisie\/prix-bus-man-neuf-en-tunisie\/"]}]},{"@type":"ImageObject","inLanguage":"fr-FR","@id":"https:\/\/motors.tn\/magazine\/prix-bus-et-minibus-neufs-en-tunisie\/prix-bus-man-neuf-en-tunisie\/#primaryimage","url":"https:\/\/motors.tn\/magazine\/wp-content\/uploads\/2026\/01\/prix-bus-man-tunisie-300.png","contentUrl":"https:\/\/motors.tn\/magazine\/wp-content\/uploads\/2026\/01\/prix-bus-man-tunisie-300.png","width":552,"height":315},{"@type":"BreadcrumbList","@id":"https:\/\/motors.tn\/magazine\/prix-bus-et-minibus-neufs-en-tunisie\/prix-bus-man-neuf-en-tunisie\/#breadcrumb","itemListElement":[{"@type":"ListItem","position":1,"name":"Motors.tn","item":"https:\/\/motors.tn\/magazine\/"},{"@type":"ListItem","position":2,"name":"Prix bus et minibus neufs en Tunisie","item":"https:\/\/motors.tn\/magazine\/prix-bus-et-minibus-neufs-en-tunisie\/"},{"@type":"ListItem","position":3,"name":"Prix bus MAN neuf en Tunisie"}]},{"@type":"WebSite","@id":"https:\/\/motors.tn\/magazine\/#website","url":"https:\/\/motors.tn\/magazine\/","name":"Motors.tn","description":"Actualit\u00e9, prix du neuf et guide d&#039;achat","publisher":{"@id":"https:\/\/motors.tn\/magazine\/#organization"},"potentialAction":[{"@type":"SearchAction","target":{"@type":"EntryPoint","urlTemplate":"https:\/\/motors.tn\/magazine\/?s={search_term_string}"},"query-input":{"@type":"PropertyValueSpecification","valueRequired":true,"valueName":"search_term_string"}}],"inLanguage":"fr-FR"},{"@type":"Organization","@id":"https:\/\/motors.tn\/magazine\/#organization","name":"Strat\u00e9gie Digitale","url":"https:\/\/motors.tn\/magazine\/","logo":{"@type":"ImageObject","inLanguage":"fr-FR","@id":"https:\/\/motors.tn\/magazine\/#\/schema\/logo\/image\/","url":"https:\/\/motors.tn\/magazine\/wp-content\/uploads\/2020\/05\/cropped-cropped-logo9bleu.png","contentUrl":"https:\/\/motors.tn\/magazine\/wp-content\/uploads\/2020\/05\/cropped-cropped-logo9bleu.png","width":277,"height":44,"caption":"Strat\u00e9gie Digitale"},"image":{"@id":"https:\/\/motors.tn\/magazine\/#\/schema\/logo\/image\/"}}]}},"_links":{"self":[{"href":"https:\/\/motors.tn\/magazine\/wp-json\/wp\/v2\/pages\/424327","targetHints":{"allow":["GET"]}}],"collection":[{"href":"https:\/\/motors.tn\/magazine\/wp-json\/wp\/v2\/pages"}],"about":[{"href":"https:\/\/motors.tn\/magazine\/wp-json\/wp\/v2\/types\/page"}],"author":[{"embeddable":true,"href":"https:\/\/motors.tn\/magazine\/wp-json\/wp\/v2\/users\/1"}],"replies":[{"embeddable":true,"href":"https:\/\/motors.tn\/magazine\/wp-json\/wp\/v2\/comments?post=424327"}],"version-history":[{"count":1,"href":"https:\/\/motors.tn\/magazine\/wp-json\/wp\/v2\/pages\/424327\/revisions"}],"predecessor-version":[{"id":500425,"href":"https:\/\/motors.tn\/magazine\/wp-json\/wp\/v2\/pages\/424327\/revisions\/500425"}],"up":[{"embeddable":true,"href":"https:\/\/motors.tn\/magazine\/wp-json\/wp\/v2\/pages\/424210"}],"wp:attachment":[{"href":"https:\/\/motors.tn\/magazine\/wp-json\/wp\/v2\/media?parent=424327"}],"curies":[{"name":"wp","href":"https:\/\/api.w.org\/{rel}","templated":true}]}}