{"id":424358,"date":"2020-03-21T11:16:59","date_gmt":"2020-03-21T10:16:59","guid":{"rendered":"https:\/\/motors.tn\/magazine\/?page_id=424358"},"modified":"2022-02-17T00:22:03","modified_gmt":"2022-02-16T23:22:03","slug":"prix-minibus-toyota-coaster-neuf-en-tunisie","status":"publish","type":"page","link":"https:\/\/motors.tn\/magazine\/prix-bus-et-minibus-neufs-en-tunisie\/prix-minibus-toyota-neuf-en-tunisie\/prix-minibus-toyota-coaster-neuf-en-tunisie\/","title":{"rendered":"Prix minibus Toyota Coaster 23 places neuf en Tunisie"},"content":{"rendered":"<p><a href=\"https:\/\/motors.tn\/magazine\/prix-bus-et-minibus-neufs-en-tunisie\/prix-minibus-toyota-neuf-en-tunisie\/\">Prix minibus Toyota<\/a> Coaster 23 places neuf en Tunisie : Demande de devis en ligne, nombre de places, \u00e9quipements et options, puissance moteur, caract\u00e9ristiques, photos et fiche technique.<\/p>\n<p style=\"text-align: center;\"><img decoding=\"async\" class=\"aligncenter wp-image-424359 size-full\" src=\"https:\/\/motors.tn\/magazine\/wp-content\/uploads\/2020\/03\/Prix-minibus-Toyota-Coaster-23-places-neuf-en-Tunisie-e1619342174100.jpg\" alt=\"\" width=\"700\" height=\"371\" \/><\/p>\n<ul>\n<li>Nombre de places : 23 places<\/li>\n<li>Energie : Diesel<\/li>\n<li>Puissance fiscale : 11<\/li>\n<li>Puissance (ch. din) : 130<\/li>\n<\/ul>\n<p style=\"text-align: justify;\" align=\"justify\">Sa conception assure long\u00e9vit\u00e9 et il s\u2019av\u00e8re particuli\u00e8rement \u00e9conome \u00e0 l\u2019usage. Avec ses formes modernes le minibus Toyota Coaster est pens\u00e9 pour \u00eatre fonctionnel et confortable. Le minibus Toyota Coaster est d\u00e9finitivement la r\u00e9ponse id\u00e9ale aux contraintes de d\u00e9placements et de circulation dans les environnements urbains et extra-urbains, en mettant le passager au c\u0153ur de ses pr\u00e9occupations. Avec sa cabine int\u00e9rieure spacieuse et confortable, le minibus Toyota Coaster est un v\u00e9hicule convivial, maniable et disposant des \u00e9quipements de s\u00e9curit\u00e9 indispensables.<\/p>\n<hr \/>\n<h2><strong>Demande de prix \/ Demande de devis pour bus et minibus neufs en Tunisie\u00a0<\/strong><\/h2>\n<p style=\"text-align: left;\">Faites votre\u00a0demande de devis\u00a0en ligne ici et recevez gratuitement une r\u00e9ponse\u00a0de nos partenaires<\/p>\n\n<div class=\"wpcf7 no-js\" id=\"wpcf7-f424273-o1\" lang=\"fr-FR\" dir=\"ltr\" data-wpcf7-id=\"424273\">\n<div class=\"screen-reader-response\"><p role=\"status\" aria-live=\"polite\" aria-atomic=\"true\"><\/p> <ul><\/ul><\/div>\n<form action=\"\/magazine\/wp-json\/wp\/v2\/pages\/424358#wpcf7-f424273-o1\" method=\"post\" class=\"wpcf7-form init\" aria-label=\"Formulaire de contact\" novalidate=\"novalidate\" data-status=\"init\">\n<fieldset class=\"hidden-fields-container\"><input type=\"hidden\" name=\"_wpcf7\" value=\"424273\" \/><input type=\"hidden\" name=\"_wpcf7_version\" value=\"6.1.1\" \/><input type=\"hidden\" name=\"_wpcf7_locale\" value=\"fr_FR\" \/><input type=\"hidden\" name=\"_wpcf7_unit_tag\" value=\"wpcf7-f424273-o1\" \/><input type=\"hidden\" name=\"_wpcf7_container_post\" value=\"0\" \/><input type=\"hidden\" name=\"_wpcf7_posted_data_hash\" value=\"\" \/>\n<\/fieldset>\n<p>Nom et pr\u00e9nom - \u0627\u0644\u0625\u0633\u0645 \u0648 \u0627\u0644\u0644\u0642\u0628 :<br \/>\n<span class=\"wpcf7-form-control-wrap\" data-name=\"your-name\"><input size=\"40\" maxlength=\"400\" class=\"wpcf7-form-control wpcf7-text wpcf7-validates-as-required\" aria-required=\"true\" aria-invalid=\"false\" value=\"\" type=\"text\" name=\"your-name\" \/><\/span>\n<\/p>\n<p> Soci\u00e9t\u00e9 - \u0627\u0644\u0634\u0631\u0643\u0629 :<br \/>\n<span class=\"wpcf7-form-control-wrap\" data-name=\"your-ste\"><input size=\"40\" maxlength=\"400\" class=\"wpcf7-form-control wpcf7-text wpcf7-validates-as-required\" aria-required=\"true\" aria-invalid=\"false\" value=\"\" type=\"text\" name=\"your-ste\" \/><\/span>\n<\/p>\n<p>T\u00e9l\u00e9phone - \u0627\u0644\u0647\u0627\u062a\u0641 :\n<\/p>\n<p><span class=\"wpcf7-form-control-wrap\" data-name=\"your-tel\"><input size=\"40\" maxlength=\"400\" class=\"wpcf7-form-control wpcf7-tel wpcf7-validates-as-required wpcf7-text wpcf7-validates-as-tel\" aria-required=\"true\" aria-invalid=\"false\" value=\"\" type=\"tel\" name=\"your-tel\" \/><\/span>\n<\/p>\n<p>Gouvernorat - \u0627\u0644\u0648\u0644\u0627\u064a\u0629 :\n<\/p>\n<p><span class=\"wpcf7-form-control-wrap\" data-name=\"your-gouvernorat\"><select class=\"wpcf7-form-control wpcf7-select wpcf7-validates-as-required\" aria-required=\"true\" aria-invalid=\"false\" name=\"your-gouvernorat\"><option value=\"\">&#8212;Veuillez choisir une option&#8212;<\/option><option value=\"Ariana - \u0623\u0631\u064a\u0627\u0646\u0629\">Ariana - \u0623\u0631\u064a\u0627\u0646\u0629<\/option><option value=\"B\u00e9ja - \u0628\u0627\u062c\u0629\">B\u00e9ja - \u0628\u0627\u062c\u0629<\/option><option value=\"Ben Arous - \u0628\u0646 \u0639\u0631\u0648\u0633\">Ben Arous - \u0628\u0646 \u0639\u0631\u0648\u0633<\/option><option value=\"Bizerte - \u0628\u0646\u0632\u0631\u062a\">Bizerte - \u0628\u0646\u0632\u0631\u062a<\/option><option value=\"Gab\u00e8s - \u0642\u0627\u0628\u0633\">Gab\u00e8s - \u0642\u0627\u0628\u0633<\/option><option value=\"Gafsa - \u0642\u0641\u0635\u0629\">Gafsa - \u0642\u0641\u0635\u0629<\/option><option value=\"Jendouba - \u062c\u0646\u062f\u0648\u0628\u0629\">Jendouba - \u062c\u0646\u062f\u0648\u0628\u0629<\/option><option value=\"Kairouan - \u0627\u0644\u0642\u064a\u0631\u0648\u0627\u0646\">Kairouan - \u0627\u0644\u0642\u064a\u0631\u0648\u0627\u0646<\/option><option value=\"Kasserine - \u0627\u0644\u0642\u0635\u0631\u064a\u0646\">Kasserine - \u0627\u0644\u0642\u0635\u0631\u064a\u0646<\/option><option value=\"K\u00e9bili - \u0642\u0628\u0644\u064a\">K\u00e9bili - \u0642\u0628\u0644\u064a<\/option><option value=\"Le Kef - \u0627\u0644\u0643\u0627\u0641\">Le Kef - \u0627\u0644\u0643\u0627\u0641<\/option><option value=\"Mahdia - \u0627\u0644\u0645\u0647\u062f\u064a\u0629\">Mahdia - \u0627\u0644\u0645\u0647\u062f\u064a\u0629<\/option><option value=\"La Manouba - \u0645\u0646\u0648\u0628\u0629\">La Manouba - \u0645\u0646\u0648\u0628\u0629<\/option><option value=\"M\u00e9denine - \u0645\u062f\u0646\u064a\u0646\">M\u00e9denine - \u0645\u062f\u0646\u064a\u0646<\/option><option value=\"Monastir - \u0627\u0644\u0645\u0646\u0633\u062a\u064a\u0631\">Monastir - \u0627\u0644\u0645\u0646\u0633\u062a\u064a\u0631<\/option><option value=\"Nabeul - \u0646\u0627\u0628\u0644\">Nabeul - \u0646\u0627\u0628\u0644<\/option><option value=\"Sfax - \u0635\u0641\u0627\u0642\u0633\">Sfax - \u0635\u0641\u0627\u0642\u0633<\/option><option value=\"Sidi Bouzid - \u0633\u064a\u062f\u064a \u0628\u0648\u0632\u064a\u062f\">Sidi Bouzid - \u0633\u064a\u062f\u064a \u0628\u0648\u0632\u064a\u062f<\/option><option value=\"Siliana - \u0633\u0644\u064a\u0627\u0646\u0629\">Siliana - \u0633\u0644\u064a\u0627\u0646\u0629<\/option><option value=\"Sousse - \u0633\u0648\u0633\u0629\">Sousse - \u0633\u0648\u0633\u0629<\/option><option value=\"Tataouine - \u062a\u0637\u0627\u0648\u064a\u0646\">Tataouine - \u062a\u0637\u0627\u0648\u064a\u0646<\/option><option value=\"Tozeur - \u062a\u0648\u0632\u0631\">Tozeur - \u062a\u0648\u0632\u0631<\/option><option value=\"Tunis - \u062a\u0648\u0646\u0633\">Tunis - \u062a\u0648\u0646\u0633<\/option><option value=\"Zaghouan - \u0632\u063a\u0648\u0627\u0646\">Zaghouan - \u0632\u063a\u0648\u0627\u0646<\/option><\/select><\/span>\n<\/p>\n<p>Email - \u0627\u0644\u0628\u0631\u064a\u062f \u0627\u0644\u0625\u0644\u0643\u062a\u0631\u0648\u0646\u064a :\n<\/p>\n<p><span class=\"wpcf7-form-control-wrap\" data-name=\"your-email\"><input size=\"40\" maxlength=\"400\" class=\"wpcf7-form-control wpcf7-email wpcf7-validates-as-required wpcf7-text wpcf7-validates-as-email\" aria-required=\"true\" aria-invalid=\"false\" value=\"\" type=\"email\" name=\"your-email\" \/><\/span>\n<\/p>\n<p>Nombre de places - \u0639\u062f\u062f \u0627\u0644\u0645\u0642\u0627\u0639\u062f :\n<\/p>\n<p><span class=\"wpcf7-form-control-wrap\" data-name=\"Modele\"><span class=\"wpcf7-form-control wpcf7-checkbox wpcf7-validates-as-required\"><span class=\"wpcf7-list-item first\"><label><input type=\"checkbox\" name=\"Modele[]\" value=\"9 Places\" \/><span class=\"wpcf7-list-item-label\">9 Places<\/span><\/label><\/span><span class=\"wpcf7-list-item\"><label><input type=\"checkbox\" name=\"Modele[]\" value=\"15-20 places\" \/><span class=\"wpcf7-list-item-label\">15-20 places<\/span><\/label><\/span><span class=\"wpcf7-list-item\"><label><input type=\"checkbox\" name=\"Modele[]\" value=\"21-30 places\" \/><span class=\"wpcf7-list-item-label\">21-30 places<\/span><\/label><\/span><span class=\"wpcf7-list-item last\"><label><input type=\"checkbox\" name=\"Modele[]\" value=\"31-55 places\" \/><span class=\"wpcf7-list-item-label\">31-55 places<\/span><\/label><\/span><\/span><\/span>\n<\/p>\n<p><span class=\"wpcf7-form-control-wrap\" data-name=\"checkbox-859\"><span class=\"wpcf7-form-control wpcf7-checkbox wpcf7-validates-as-required\"><span class=\"wpcf7-list-item first last\"><input type=\"checkbox\" name=\"checkbox-859[]\" value=\"J&#039;accepte d&#039;\u00eatre contact\u00e9(e) par les concessionnaires partenaires pour recevoir les offres commerciales.\" checked=\"checked\" \/><span class=\"wpcf7-list-item-label\">J&#039;accepte d&#039;\u00eatre contact\u00e9(e) par les concessionnaires partenaires pour recevoir les offres commerciales.<\/span><\/span><\/span><\/span>\n<\/p>\n<p><input class=\"wpcf7-form-control wpcf7-submit has-spinner\" type=\"submit\" value=\"Envoyer - \u0625\u0631\u0633\u0627\u0644\" \/>\n<\/p><p style=\"display: none !important;\" class=\"akismet-fields-container\" data-prefix=\"_wpcf7_ak_\"><label>&#916;<textarea name=\"_wpcf7_ak_hp_textarea\" cols=\"45\" rows=\"8\" maxlength=\"100\"><\/textarea><\/label><input type=\"hidden\" id=\"ak_js_1\" name=\"_wpcf7_ak_js\" value=\"149\"\/><script>document.getElementById( \"ak_js_1\" ).setAttribute( \"value\", ( new Date() ).getTime() );<\/script><\/p><div class=\"wpcf7-response-output\" aria-hidden=\"true\"><\/div>\n<\/form>\n<\/div>\n\n<hr \/>\n<p><strong>Mod\u00e8les similaires : <\/strong><\/p>\n<div id='gallery-1' class='gallery galleryid-424358 gallery-columns-2 gallery-size-full'><figure class='gallery-item'>\n\t\t\t<div class='gallery-icon landscape'>\n\t\t\t\t<a href='https:\/\/motors.tn\/magazine\/prix-bus-et-minibus-neufs-en-tunisie\/prix-bus-et-minibus-golden-dragon-neufs-en-tunisie\/attachment\/prix-minibus-golden-dragon-30-places-neuf-en-tunisie-7\/#main'><img decoding=\"async\" width=\"350\" height=\"194\" src=\"https:\/\/motors.tn\/magazine\/wp-content\/uploads\/2020\/04\/Prix-minibus-Golden-Dragon-30-places-neuf-en-Tunisie-7-e1603312726838.jpg\" class=\"attachment-full size-full\" alt=\"\" aria-describedby=\"gallery-1-424511\" \/><\/a>\n\t\t\t<\/div>\n\t\t\t\t<figcaption class='wp-caption-text gallery-caption' id='gallery-1-424511'>\n\t\t\t\tGolden Dragon 30 places\n\t\t\t\t<\/figcaption><\/figure><figure class='gallery-item'>\n\t\t\t<div class='gallery-icon landscape'>\n\t\t\t\t<a href='https:\/\/motors.tn\/magazine\/?attachment_id=424750#main'><img decoding=\"async\" width=\"350\" height=\"194\" src=\"https:\/\/motors.tn\/magazine\/wp-content\/uploads\/2020\/05\/Prix-minibus-King-Long-31-places-XMQ6800Y-neuf-en-Tunisie-e1603312731147.jpg\" class=\"attachment-full size-full\" alt=\"\" aria-describedby=\"gallery-1-424750\" \/><\/a>\n\t\t\t<\/div>\n\t\t\t\t<figcaption class='wp-caption-text gallery-caption' id='gallery-1-424750'>\n\t\t\t\tKing Long 30 places\n\t\t\t\t<\/figcaption><\/figure><figure class='gallery-item'>\n\t\t\t<div class='gallery-icon landscape'>\n\t\t\t\t<a href='https:\/\/motors.tn\/magazine\/prix-bus-et-minibus-neufs-en-tunisie\/prix-bus-et-minibus-otokar-neufs-en-tunisie\/attachment\/prix-minibus-otokar-navigo-33-places-neuf-en-tunisie-350\/#main'><img decoding=\"async\" width=\"350\" height=\"194\" src=\"https:\/\/motors.tn\/magazine\/wp-content\/uploads\/2020\/10\/Prix-minibus-Otokar-Navigo-33-places-neuf-en-Tunisie-350.png\" class=\"attachment-full size-full\" alt=\"\" aria-describedby=\"gallery-1-426826\" srcset=\"https:\/\/motors.tn\/magazine\/wp-content\/uploads\/2020\/10\/Prix-minibus-Otokar-Navigo-33-places-neuf-en-Tunisie-350.png 350w, https:\/\/motors.tn\/magazine\/wp-content\/uploads\/2020\/10\/Prix-minibus-Otokar-Navigo-33-places-neuf-en-Tunisie-350-300x166.png 300w\" sizes=\"(max-width: 350px) 100vw, 350px\" \/><\/a>\n\t\t\t<\/div>\n\t\t\t\t<figcaption class='wp-caption-text gallery-caption' id='gallery-1-426826'>\n\t\t\t\tOtokar Navigo 29 places\n\t\t\t\t<\/figcaption><\/figure><figure class='gallery-item'>\n\t\t\t<div class='gallery-icon landscape'>\n\t\t\t\t<a href='https:\/\/motors.tn\/magazine\/prix-bus-et-minibus-neufs-en-tunisie\/attachment\/prix-minibus-setcar-iveco-daily-29-places-neuf-tunisie-9\/#main'><img decoding=\"async\" width=\"350\" height=\"198\" src=\"https:\/\/motors.tn\/magazine\/wp-content\/uploads\/2020\/09\/Prix-minibus-Setcar-Iveco-Daily-29-places-neuf-Tunisie-9-e1603312734381.jpg\" class=\"attachment-full size-full\" alt=\"\" aria-describedby=\"gallery-1-426443\" \/><\/a>\n\t\t\t<\/div>\n\t\t\t\t<figcaption class='wp-caption-text gallery-caption' id='gallery-1-426443'>\n\t\t\t\tSetcar Strada 29 places\n\t\t\t\t<\/figcaption><\/figure>\n\t\t<\/div>\n\n<hr \/>\n","protected":false},"excerpt":{"rendered":"<p>Prix minibus Toyota Coaster 23 places neuf en Tunisie : Demande de devis en ligne, nombre de places, \u00e9quipements et options, puissance moteur, caract\u00e9ristiques, photos et fiche technique. Nombre de places : 23 places Energie : Diesel Puissance fiscale : 11 Puissance (ch. din) : 130 Sa conception assure long\u00e9vit\u00e9 et il s\u2019av\u00e8re particuli\u00e8rement \u00e9conome &#8230; <a title=\"Prix minibus Toyota Coaster 23 places neuf en Tunisie\" class=\"read-more\" href=\"https:\/\/motors.tn\/magazine\/prix-bus-et-minibus-neufs-en-tunisie\/prix-minibus-toyota-neuf-en-tunisie\/prix-minibus-toyota-coaster-neuf-en-tunisie\/\" aria-label=\"En savoir plus sur Prix minibus Toyota Coaster 23 places neuf en Tunisie\">Lire la suite<\/a><\/p>\n","protected":false},"author":1,"featured_media":0,"parent":424347,"menu_order":0,"comment_status":"closed","ping_status":"closed","template":"","meta":{"footnotes":""},"class_list":["post-424358","page","type-page","status-publish"],"yoast_head":"<!-- This site is optimized with the Yoast SEO plugin v25.7 - https:\/\/yoast.com\/wordpress\/plugins\/seo\/ -->\n<title>Prix minibus Toyota Coaster 23 places neuf en Tunisie - Motors.tn<\/title>\n<meta name=\"description\" content=\"Prix minibus Toyota Coaster 23 places neuf en Tunisie : Demande de devis prix bus neuf Tunisie, minibus touristique Toyota Coaster \u00e0 vendre en Tunisie\" \/>\n<meta name=\"robots\" content=\"index, follow, max-snippet:-1, max-image-preview:large, max-video-preview:-1\" \/>\n<link rel=\"canonical\" href=\"https:\/\/motors.tn\/magazine\/prix-bus-et-minibus-neufs-en-tunisie\/prix-minibus-toyota-neuf-en-tunisie\/prix-minibus-toyota-coaster-neuf-en-tunisie\/\" \/>\n<meta property=\"og:locale\" content=\"fr_FR\" \/>\n<meta property=\"og:type\" content=\"article\" \/>\n<meta property=\"og:title\" content=\"Prix minibus Toyota Coaster 23 places neuf en Tunisie - Motors.tn\" \/>\n<meta property=\"og:description\" content=\"Prix minibus Toyota Coaster 23 places neuf en Tunisie : Demande de devis prix bus neuf Tunisie, minibus touristique Toyota Coaster \u00e0 vendre en Tunisie\" \/>\n<meta property=\"og:url\" content=\"https:\/\/motors.tn\/magazine\/prix-bus-et-minibus-neufs-en-tunisie\/prix-minibus-toyota-neuf-en-tunisie\/prix-minibus-toyota-coaster-neuf-en-tunisie\/\" \/>\n<meta property=\"og:site_name\" content=\"Motors.tn\" \/>\n<meta property=\"article:modified_time\" content=\"2022-02-16T23:22:03+00:00\" \/>\n<meta property=\"og:image\" content=\"https:\/\/motors.tn\/magazine\/wp-content\/uploads\/2020\/04\/Prix-minibus-Golden-Dragon-30-places-neuf-en-Tunisie-7-e1603312726838.jpg\" \/>\n<meta name=\"twitter:label1\" content=\"Dur\u00e9e de lecture estim\u00e9e\" \/>\n\t<meta name=\"twitter:data1\" content=\"1 minute\" \/>\n<script type=\"application\/ld+json\" class=\"yoast-schema-graph\">{\"@context\":\"https:\/\/schema.org\",\"@graph\":[{\"@type\":\"WebPage\",\"@id\":\"https:\/\/motors.tn\/magazine\/prix-bus-et-minibus-neufs-en-tunisie\/prix-minibus-toyota-neuf-en-tunisie\/prix-minibus-toyota-coaster-neuf-en-tunisie\/\",\"url\":\"https:\/\/motors.tn\/magazine\/prix-bus-et-minibus-neufs-en-tunisie\/prix-minibus-toyota-neuf-en-tunisie\/prix-minibus-toyota-coaster-neuf-en-tunisie\/\",\"name\":\"Prix minibus Toyota Coaster 23 places neuf en Tunisie - Motors.tn\",\"isPartOf\":{\"@id\":\"https:\/\/motors.tn\/magazine\/#website\"},\"primaryImageOfPage\":{\"@id\":\"https:\/\/motors.tn\/magazine\/prix-bus-et-minibus-neufs-en-tunisie\/prix-minibus-toyota-neuf-en-tunisie\/prix-minibus-toyota-coaster-neuf-en-tunisie\/#primaryimage\"},\"image\":{\"@id\":\"https:\/\/motors.tn\/magazine\/prix-bus-et-minibus-neufs-en-tunisie\/prix-minibus-toyota-neuf-en-tunisie\/prix-minibus-toyota-coaster-neuf-en-tunisie\/#primaryimage\"},\"thumbnailUrl\":\"http:\/\/motors.tn\/magazine\/wp-content\/uploads\/2020\/03\/Prix-minibus-Toyota-Coaster-23-places-neuf-en-Tunisie-e1619342174100.jpg\",\"datePublished\":\"2020-03-21T10:16:59+00:00\",\"dateModified\":\"2022-02-16T23:22:03+00:00\",\"description\":\"Prix minibus Toyota Coaster 23 places neuf en Tunisie : Demande de devis prix bus neuf Tunisie, minibus touristique Toyota Coaster \u00e0 vendre en Tunisie\",\"breadcrumb\":{\"@id\":\"https:\/\/motors.tn\/magazine\/prix-bus-et-minibus-neufs-en-tunisie\/prix-minibus-toyota-neuf-en-tunisie\/prix-minibus-toyota-coaster-neuf-en-tunisie\/#breadcrumb\"},\"inLanguage\":\"fr-FR\",\"potentialAction\":[{\"@type\":\"ReadAction\",\"target\":[\"https:\/\/motors.tn\/magazine\/prix-bus-et-minibus-neufs-en-tunisie\/prix-minibus-toyota-neuf-en-tunisie\/prix-minibus-toyota-coaster-neuf-en-tunisie\/\"]}]},{\"@type\":\"ImageObject\",\"inLanguage\":\"fr-FR\",\"@id\":\"https:\/\/motors.tn\/magazine\/prix-bus-et-minibus-neufs-en-tunisie\/prix-minibus-toyota-neuf-en-tunisie\/prix-minibus-toyota-coaster-neuf-en-tunisie\/#primaryimage\",\"url\":\"https:\/\/motors.tn\/magazine\/wp-content\/uploads\/2020\/03\/Prix-minibus-Toyota-Coaster-23-places-neuf-en-Tunisie-e1619342174100.jpg\",\"contentUrl\":\"https:\/\/motors.tn\/magazine\/wp-content\/uploads\/2020\/03\/Prix-minibus-Toyota-Coaster-23-places-neuf-en-Tunisie-e1619342174100.jpg\",\"width\":700,\"height\":371},{\"@type\":\"BreadcrumbList\",\"@id\":\"https:\/\/motors.tn\/magazine\/prix-bus-et-minibus-neufs-en-tunisie\/prix-minibus-toyota-neuf-en-tunisie\/prix-minibus-toyota-coaster-neuf-en-tunisie\/#breadcrumb\",\"itemListElement\":[{\"@type\":\"ListItem\",\"position\":1,\"name\":\"Motors.tn\",\"item\":\"https:\/\/motors.tn\/magazine\/\"},{\"@type\":\"ListItem\",\"position\":2,\"name\":\"Prix bus et minibus neufs en Tunisie\",\"item\":\"https:\/\/motors.tn\/magazine\/prix-bus-et-minibus-neufs-en-tunisie\/\"},{\"@type\":\"ListItem\",\"position\":3,\"name\":\"Prix bus et minibus Toyota neufs en Tunisie\",\"item\":\"https:\/\/motors.tn\/magazine\/prix-bus-et-minibus-neufs-en-tunisie\/prix-minibus-toyota-neuf-en-tunisie\/\"},{\"@type\":\"ListItem\",\"position\":4,\"name\":\"Prix minibus Toyota Coaster 23 places neuf en Tunisie\"}]},{\"@type\":\"WebSite\",\"@id\":\"https:\/\/motors.tn\/magazine\/#website\",\"url\":\"https:\/\/motors.tn\/magazine\/\",\"name\":\"Motors.tn\",\"description\":\"Actualit\u00e9, prix du neuf et guide d&#039;achat\",\"publisher\":{\"@id\":\"https:\/\/motors.tn\/magazine\/#organization\"},\"potentialAction\":[{\"@type\":\"SearchAction\",\"target\":{\"@type\":\"EntryPoint\",\"urlTemplate\":\"https:\/\/motors.tn\/magazine\/?s={search_term_string}\"},\"query-input\":{\"@type\":\"PropertyValueSpecification\",\"valueRequired\":true,\"valueName\":\"search_term_string\"}}],\"inLanguage\":\"fr-FR\"},{\"@type\":\"Organization\",\"@id\":\"https:\/\/motors.tn\/magazine\/#organization\",\"name\":\"Strat\u00e9gie Digitale\",\"url\":\"https:\/\/motors.tn\/magazine\/\",\"logo\":{\"@type\":\"ImageObject\",\"inLanguage\":\"fr-FR\",\"@id\":\"https:\/\/motors.tn\/magazine\/#\/schema\/logo\/image\/\",\"url\":\"https:\/\/motors.tn\/magazine\/wp-content\/uploads\/2020\/05\/cropped-cropped-logo9bleu.png\",\"contentUrl\":\"https:\/\/motors.tn\/magazine\/wp-content\/uploads\/2020\/05\/cropped-cropped-logo9bleu.png\",\"width\":277,\"height\":44,\"caption\":\"Strat\u00e9gie Digitale\"},\"image\":{\"@id\":\"https:\/\/motors.tn\/magazine\/#\/schema\/logo\/image\/\"}}]}<\/script>\n<!-- \/ Yoast SEO plugin. -->","yoast_head_json":{"title":"Prix minibus Toyota Coaster 23 places neuf en Tunisie - Motors.tn","description":"Prix minibus Toyota Coaster 23 places neuf en Tunisie : Demande de devis prix bus neuf Tunisie, minibus touristique Toyota Coaster \u00e0 vendre en Tunisie","robots":{"index":"index","follow":"follow","max-snippet":"max-snippet:-1","max-image-preview":"max-image-preview:large","max-video-preview":"max-video-preview:-1"},"canonical":"https:\/\/motors.tn\/magazine\/prix-bus-et-minibus-neufs-en-tunisie\/prix-minibus-toyota-neuf-en-tunisie\/prix-minibus-toyota-coaster-neuf-en-tunisie\/","og_locale":"fr_FR","og_type":"article","og_title":"Prix minibus Toyota Coaster 23 places neuf en Tunisie - Motors.tn","og_description":"Prix minibus Toyota Coaster 23 places neuf en Tunisie : Demande de devis prix bus neuf Tunisie, minibus touristique Toyota Coaster \u00e0 vendre en Tunisie","og_url":"https:\/\/motors.tn\/magazine\/prix-bus-et-minibus-neufs-en-tunisie\/prix-minibus-toyota-neuf-en-tunisie\/prix-minibus-toyota-coaster-neuf-en-tunisie\/","og_site_name":"Motors.tn","article_modified_time":"2022-02-16T23:22:03+00:00","og_image":[{"url":"https:\/\/motors.tn\/magazine\/wp-content\/uploads\/2020\/04\/Prix-minibus-Golden-Dragon-30-places-neuf-en-Tunisie-7-e1603312726838.jpg","type":"","width":"","height":""}],"twitter_misc":{"Dur\u00e9e de lecture estim\u00e9e":"1 minute"},"schema":{"@context":"https:\/\/schema.org","@graph":[{"@type":"WebPage","@id":"https:\/\/motors.tn\/magazine\/prix-bus-et-minibus-neufs-en-tunisie\/prix-minibus-toyota-neuf-en-tunisie\/prix-minibus-toyota-coaster-neuf-en-tunisie\/","url":"https:\/\/motors.tn\/magazine\/prix-bus-et-minibus-neufs-en-tunisie\/prix-minibus-toyota-neuf-en-tunisie\/prix-minibus-toyota-coaster-neuf-en-tunisie\/","name":"Prix minibus Toyota Coaster 23 places neuf en Tunisie - Motors.tn","isPartOf":{"@id":"https:\/\/motors.tn\/magazine\/#website"},"primaryImageOfPage":{"@id":"https:\/\/motors.tn\/magazine\/prix-bus-et-minibus-neufs-en-tunisie\/prix-minibus-toyota-neuf-en-tunisie\/prix-minibus-toyota-coaster-neuf-en-tunisie\/#primaryimage"},"image":{"@id":"https:\/\/motors.tn\/magazine\/prix-bus-et-minibus-neufs-en-tunisie\/prix-minibus-toyota-neuf-en-tunisie\/prix-minibus-toyota-coaster-neuf-en-tunisie\/#primaryimage"},"thumbnailUrl":"http:\/\/motors.tn\/magazine\/wp-content\/uploads\/2020\/03\/Prix-minibus-Toyota-Coaster-23-places-neuf-en-Tunisie-e1619342174100.jpg","datePublished":"2020-03-21T10:16:59+00:00","dateModified":"2022-02-16T23:22:03+00:00","description":"Prix minibus Toyota Coaster 23 places neuf en Tunisie : Demande de devis prix bus neuf Tunisie, minibus touristique Toyota Coaster \u00e0 vendre en Tunisie","breadcrumb":{"@id":"https:\/\/motors.tn\/magazine\/prix-bus-et-minibus-neufs-en-tunisie\/prix-minibus-toyota-neuf-en-tunisie\/prix-minibus-toyota-coaster-neuf-en-tunisie\/#breadcrumb"},"inLanguage":"fr-FR","potentialAction":[{"@type":"ReadAction","target":["https:\/\/motors.tn\/magazine\/prix-bus-et-minibus-neufs-en-tunisie\/prix-minibus-toyota-neuf-en-tunisie\/prix-minibus-toyota-coaster-neuf-en-tunisie\/"]}]},{"@type":"ImageObject","inLanguage":"fr-FR","@id":"https:\/\/motors.tn\/magazine\/prix-bus-et-minibus-neufs-en-tunisie\/prix-minibus-toyota-neuf-en-tunisie\/prix-minibus-toyota-coaster-neuf-en-tunisie\/#primaryimage","url":"https:\/\/motors.tn\/magazine\/wp-content\/uploads\/2020\/03\/Prix-minibus-Toyota-Coaster-23-places-neuf-en-Tunisie-e1619342174100.jpg","contentUrl":"https:\/\/motors.tn\/magazine\/wp-content\/uploads\/2020\/03\/Prix-minibus-Toyota-Coaster-23-places-neuf-en-Tunisie-e1619342174100.jpg","width":700,"height":371},{"@type":"BreadcrumbList","@id":"https:\/\/motors.tn\/magazine\/prix-bus-et-minibus-neufs-en-tunisie\/prix-minibus-toyota-neuf-en-tunisie\/prix-minibus-toyota-coaster-neuf-en-tunisie\/#breadcrumb","itemListElement":[{"@type":"ListItem","position":1,"name":"Motors.tn","item":"https:\/\/motors.tn\/magazine\/"},{"@type":"ListItem","position":2,"name":"Prix bus et minibus neufs en Tunisie","item":"https:\/\/motors.tn\/magazine\/prix-bus-et-minibus-neufs-en-tunisie\/"},{"@type":"ListItem","position":3,"name":"Prix bus et minibus Toyota neufs en Tunisie","item":"https:\/\/motors.tn\/magazine\/prix-bus-et-minibus-neufs-en-tunisie\/prix-minibus-toyota-neuf-en-tunisie\/"},{"@type":"ListItem","position":4,"name":"Prix minibus Toyota Coaster 23 places neuf en Tunisie"}]},{"@type":"WebSite","@id":"https:\/\/motors.tn\/magazine\/#website","url":"https:\/\/motors.tn\/magazine\/","name":"Motors.tn","description":"Actualit\u00e9, prix du neuf et guide d&#039;achat","publisher":{"@id":"https:\/\/motors.tn\/magazine\/#organization"},"potentialAction":[{"@type":"SearchAction","target":{"@type":"EntryPoint","urlTemplate":"https:\/\/motors.tn\/magazine\/?s={search_term_string}"},"query-input":{"@type":"PropertyValueSpecification","valueRequired":true,"valueName":"search_term_string"}}],"inLanguage":"fr-FR"},{"@type":"Organization","@id":"https:\/\/motors.tn\/magazine\/#organization","name":"Strat\u00e9gie Digitale","url":"https:\/\/motors.tn\/magazine\/","logo":{"@type":"ImageObject","inLanguage":"fr-FR","@id":"https:\/\/motors.tn\/magazine\/#\/schema\/logo\/image\/","url":"https:\/\/motors.tn\/magazine\/wp-content\/uploads\/2020\/05\/cropped-cropped-logo9bleu.png","contentUrl":"https:\/\/motors.tn\/magazine\/wp-content\/uploads\/2020\/05\/cropped-cropped-logo9bleu.png","width":277,"height":44,"caption":"Strat\u00e9gie Digitale"},"image":{"@id":"https:\/\/motors.tn\/magazine\/#\/schema\/logo\/image\/"}}]}},"_links":{"self":[{"href":"https:\/\/motors.tn\/magazine\/wp-json\/wp\/v2\/pages\/424358","targetHints":{"allow":["GET"]}}],"collection":[{"href":"https:\/\/motors.tn\/magazine\/wp-json\/wp\/v2\/pages"}],"about":[{"href":"https:\/\/motors.tn\/magazine\/wp-json\/wp\/v2\/types\/page"}],"author":[{"embeddable":true,"href":"https:\/\/motors.tn\/magazine\/wp-json\/wp\/v2\/users\/1"}],"replies":[{"embeddable":true,"href":"https:\/\/motors.tn\/magazine\/wp-json\/wp\/v2\/comments?post=424358"}],"version-history":[{"count":0,"href":"https:\/\/motors.tn\/magazine\/wp-json\/wp\/v2\/pages\/424358\/revisions"}],"up":[{"embeddable":true,"href":"https:\/\/motors.tn\/magazine\/wp-json\/wp\/v2\/pages\/424347"}],"wp:attachment":[{"href":"https:\/\/motors.tn\/magazine\/wp-json\/wp\/v2\/media?parent=424358"}],"curies":[{"name":"wp","href":"https:\/\/api.w.org\/{rel}","templated":true}]}}