{"id":424481,"date":"2020-04-18T07:51:28","date_gmt":"2020-04-18T06:51:28","guid":{"rendered":"https:\/\/motors.tn\/magazine\/?page_id=424481"},"modified":"2024-07-31T21:50:02","modified_gmt":"2024-07-31T20:50:02","slug":"prix-bus-et-minibus-golden-dragon-neufs-en-tunisie","status":"publish","type":"page","link":"https:\/\/motors.tn\/magazine\/prix-bus-et-minibus-neufs-en-tunisie\/prix-bus-et-minibus-golden-dragon-neufs-en-tunisie\/","title":{"rendered":"Prix bus et minibus Golden Dragon neufs en Tunisie"},"content":{"rendered":"<p><a href=\"https:\/\/motors.tn\/magazine\/prix-bus-et-minibus-neufs-en-tunisie\/\">Prix bus et minibus<\/a> Golden Dragon neufs en Tunisie :<\/p>\n<div id='gallery-1' class='gallery galleryid-424481 gallery-columns-2 gallery-size-medium'><figure class='gallery-item'>\n\t\t\t<div class='gallery-icon landscape'>\n\t\t\t\t<a href='https:\/\/motors.tn\/magazine\/prix-bus-et-minibus-neufs-en-tunisie\/prix-bus-et-minibus-golden-dragon-neufs-en-tunisie\/attachment\/prix-minibus-golden-dragon-9-places-tunisie\/#main'><img decoding=\"async\" width=\"300\" height=\"166\" src=\"https:\/\/motors.tn\/magazine\/wp-content\/uploads\/2020\/10\/prix-minibus-golden-dragon-9-places-Tunisie-300x166.png\" class=\"attachment-medium size-medium\" alt=\"\" aria-describedby=\"gallery-1-426888\" srcset=\"https:\/\/motors.tn\/magazine\/wp-content\/uploads\/2020\/10\/prix-minibus-golden-dragon-9-places-Tunisie-300x166.png 300w, https:\/\/motors.tn\/magazine\/wp-content\/uploads\/2020\/10\/prix-minibus-golden-dragon-9-places-Tunisie.png 350w\" sizes=\"(max-width: 300px) 100vw, 300px\" \/><\/a>\n\t\t\t<\/div>\n\t\t\t\t<figcaption class='wp-caption-text gallery-caption' id='gallery-1-426888'>\n\t\t\t\tGolden Dragon 9 places\n\t\t\t\t<\/figcaption><\/figure><figure class='gallery-item'>\n\t\t\t<div class='gallery-icon landscape'>\n\t\t\t\t<a href='https:\/\/motors.tn\/magazine\/prix-bus-et-minibus-neufs-en-tunisie\/prix-bus-et-minibus-golden-dragon-neufs-en-tunisie\/attachment\/prix-minibus-golden-dragon-30-places-neuf-en-tunisie-7\/#main'><img decoding=\"async\" width=\"300\" height=\"166\" src=\"https:\/\/motors.tn\/magazine\/wp-content\/uploads\/2020\/04\/Prix-minibus-Golden-Dragon-30-places-neuf-en-Tunisie-7-300x166.jpg\" class=\"attachment-medium size-medium\" alt=\"\" aria-describedby=\"gallery-1-424511\" srcset=\"https:\/\/motors.tn\/magazine\/wp-content\/uploads\/2020\/04\/Prix-minibus-Golden-Dragon-30-places-neuf-en-Tunisie-7-300x166.jpg 300w, https:\/\/motors.tn\/magazine\/wp-content\/uploads\/2020\/04\/Prix-minibus-Golden-Dragon-30-places-neuf-en-Tunisie-7-360x200.jpg 360w, https:\/\/motors.tn\/magazine\/wp-content\/uploads\/2020\/04\/Prix-minibus-Golden-Dragon-30-places-neuf-en-Tunisie-7-e1603312726838.jpg 350w\" sizes=\"(max-width: 300px) 100vw, 300px\" \/><\/a>\n\t\t\t<\/div>\n\t\t\t\t<figcaption class='wp-caption-text gallery-caption' id='gallery-1-424511'>\n\t\t\t\tGolden Dragon 30 places\n\t\t\t\t<\/figcaption><\/figure><figure class='gallery-item'>\n\t\t\t<div class='gallery-icon landscape'>\n\t\t\t\t<a href='https:\/\/motors.tn\/magazine\/prix-bus-et-minibus-neufs-en-tunisie\/prix-bus-et-minibus-golden-dragon-neufs-en-tunisie\/attachment\/prix-bus-golden-dragon-41-places-neuf-en-tunisie-2\/#main'><img decoding=\"async\" width=\"300\" height=\"166\" src=\"https:\/\/motors.tn\/magazine\/wp-content\/uploads\/2020\/04\/Prix-bus-Golden-Dragon-41-places-neuf-en-Tunisie-1-300x166.jpg\" class=\"attachment-medium size-medium\" alt=\"\" aria-describedby=\"gallery-1-424510\" srcset=\"https:\/\/motors.tn\/magazine\/wp-content\/uploads\/2020\/04\/Prix-bus-Golden-Dragon-41-places-neuf-en-Tunisie-1-300x166.jpg 300w, https:\/\/motors.tn\/magazine\/wp-content\/uploads\/2020\/04\/Prix-bus-Golden-Dragon-41-places-neuf-en-Tunisie-1-360x200.jpg 360w, https:\/\/motors.tn\/magazine\/wp-content\/uploads\/2020\/04\/Prix-bus-Golden-Dragon-41-places-neuf-en-Tunisie-1-e1603312738733.jpg 350w\" sizes=\"(max-width: 300px) 100vw, 300px\" \/><\/a>\n\t\t\t<\/div>\n\t\t\t\t<figcaption class='wp-caption-text gallery-caption' id='gallery-1-424510'>\n\t\t\t\tGolden Dragon 41 places\n\t\t\t\t<\/figcaption><\/figure><figure class='gallery-item'>\n\t\t\t<div class='gallery-icon landscape'>\n\t\t\t\t<a href='https:\/\/motors.tn\/magazine\/prix-bus-et-minibus-neufs-en-tunisie\/prix-bus-et-minibus-golden-dragon-neufs-en-tunisie\/attachment\/prix-bus-golden-dragon-navigator-53-places-neuf-en-tunisie-360\/#main'><img decoding=\"async\" width=\"300\" height=\"167\" src=\"https:\/\/motors.tn\/magazine\/wp-content\/uploads\/2024\/07\/Prix-bus-Golden-Dragon-Navigator-53-places-neuf-en-Tunisie-360-300x167.png\" class=\"attachment-medium size-medium\" alt=\"\" aria-describedby=\"gallery-1-493834\" srcset=\"https:\/\/motors.tn\/magazine\/wp-content\/uploads\/2024\/07\/Prix-bus-Golden-Dragon-Navigator-53-places-neuf-en-Tunisie-360-300x167.png 300w, https:\/\/motors.tn\/magazine\/wp-content\/uploads\/2024\/07\/Prix-bus-Golden-Dragon-Navigator-53-places-neuf-en-Tunisie-360.png 360w\" sizes=\"(max-width: 300px) 100vw, 300px\" \/><\/a>\n\t\t\t<\/div>\n\t\t\t\t<figcaption class='wp-caption-text gallery-caption' id='gallery-1-493834'>\n\t\t\t\tGolden Dragon 53 places\n\t\t\t\t<\/figcaption><\/figure>\n\t\t<\/div>\n\n<ul>\n<li><a href=\"https:\/\/motors.tn\/magazine\/prix-bus-et-minibus-neufs-en-tunisie\/prix-bus-et-minibus-golden-dragon-neufs-en-tunisie\/prix-minibus-golden-dragon-9-places-neuf-en-tunisie\/\">Prix minibus Golden Dragon 9 places neuf en Tunisie<\/a><\/li>\n<li><a href=\"https:\/\/motors.tn\/magazine\/prix-bus-et-minibus-neufs-en-tunisie\/prix-bus-et-minibus-golden-dragon-neufs-en-tunisie\/prix-minibus-golden-dragon-xml6807j-neuf-en-tunisie\/\">Prix minibus Golden Dragon 30 places neuf en Tunisie<\/a><\/li>\n<li><a href=\"https:\/\/motors.tn\/magazine\/prix-bus-et-minibus-neufs-en-tunisie\/prix-bus-et-minibus-golden-dragon-neufs-en-tunisie\/prix-bus-golden-dragon-xml6937j-neuf-en-tunisie\/\">Prix bus Golden Dragon 41 places neuf en Tunisie<\/a><\/li>\n<li><a href=\"https:\/\/motors.tn\/magazine\/prix-bus-et-minibus-neufs-en-tunisie\/prix-bus-et-minibus-golden-dragon-neufs-en-tunisie\/prix-bus-golden-dragon-navigator-53-places-neuf-en-tunisie\/\">Prix bus Golden Dragon 53 places neuf en Tunisie<\/a><\/li>\n<\/ul>\n<p style=\"text-align: justify;\">Golden Dragon se classe parmi les meilleurs fabricants de l\u2019industrie de la Chine selon sur la capacit\u00e9 de production annuelle, la gamme de produit, et le volume de vente. Les bus et minibus Golden Dragon sont export\u00e9s vers plus que 80 pays. La technologie de Monocoque r\u00e9duit le poids \u00e0 vide des bus et minibus Golden Dragon, ce qui contribue \u00e0 diminuer la consommation de carburant et la pollution. Pour tous les mod\u00e8les de bus et minibus Golden Dragon, l\u2019application de la technologie de l\u2019assemblage en mode monocoque peut am\u00e9liorer efficacement la r\u00e9sistance de la corrosion du bus.<\/p>\n<hr \/>\n<h2 style=\"text-align: justify;\"><strong>Demande de prix \/ Demande de devis pour bus et minibus Golden Dragon neufs en Tunisie\u00a0<\/strong><\/h2>\n<p style=\"text-align: justify;\">Faites votre\u00a0demande de devis\u00a0en ligne ici et recevez gratuitement une r\u00e9ponse\u00a0de nos partenaires<\/p>\n<p style=\"text-align: justify;\">\n<div class=\"wpcf7 no-js\" id=\"wpcf7-f433420-o1\" lang=\"fr-FR\" dir=\"ltr\" data-wpcf7-id=\"433420\">\n<div class=\"screen-reader-response\"><p role=\"status\" aria-live=\"polite\" aria-atomic=\"true\"><\/p> <ul><\/ul><\/div>\n<form action=\"\/magazine\/wp-json\/wp\/v2\/pages\/424481#wpcf7-f433420-o1\" method=\"post\" class=\"wpcf7-form init\" aria-label=\"Formulaire de contact\" novalidate=\"novalidate\" data-status=\"init\">\n<fieldset class=\"hidden-fields-container\"><input type=\"hidden\" name=\"_wpcf7\" value=\"433420\" \/><input type=\"hidden\" name=\"_wpcf7_version\" value=\"6.1.1\" \/><input type=\"hidden\" name=\"_wpcf7_locale\" value=\"fr_FR\" \/><input type=\"hidden\" name=\"_wpcf7_unit_tag\" value=\"wpcf7-f433420-o1\" \/><input type=\"hidden\" name=\"_wpcf7_container_post\" value=\"0\" \/><input type=\"hidden\" name=\"_wpcf7_posted_data_hash\" value=\"\" \/>\n<\/fieldset>\n<p>Nom et pr\u00e9nom - \u0627\u0644\u0625\u0633\u0645 \u0648 \u0627\u0644\u0644\u0642\u0628 :<br \/>\n<span class=\"wpcf7-form-control-wrap\" data-name=\"your-name\"><input size=\"40\" maxlength=\"400\" class=\"wpcf7-form-control wpcf7-text wpcf7-validates-as-required\" aria-required=\"true\" aria-invalid=\"false\" value=\"\" type=\"text\" name=\"your-name\" \/><\/span>\n<\/p>\n<p>Soci\u00e9t\u00e9 - \u0627\u0644\u0634\u0631\u0643\u0629 :<br \/>\n<span class=\"wpcf7-form-control-wrap\" data-name=\"your-ste\"><input size=\"40\" maxlength=\"400\" class=\"wpcf7-form-control wpcf7-text wpcf7-validates-as-required\" aria-required=\"true\" aria-invalid=\"false\" value=\"\" type=\"text\" name=\"your-ste\" \/><\/span>\n<\/p>\n<p>T\u00e9l\u00e9phone - \u0627\u0644\u0647\u0627\u062a\u0641 :\n<\/p>\n<p><span class=\"wpcf7-form-control-wrap\" data-name=\"your-tel\"><input size=\"40\" maxlength=\"400\" class=\"wpcf7-form-control wpcf7-tel wpcf7-validates-as-required wpcf7-text wpcf7-validates-as-tel\" aria-required=\"true\" aria-invalid=\"false\" value=\"\" type=\"tel\" name=\"your-tel\" \/><\/span>\n<\/p>\n<p>Gouvernorat - \u0627\u0644\u0648\u0644\u0627\u064a\u0629 :\n<\/p>\n<p><span class=\"wpcf7-form-control-wrap\" data-name=\"your-gouvernorat\"><select class=\"wpcf7-form-control wpcf7-select wpcf7-validates-as-required\" aria-required=\"true\" aria-invalid=\"false\" name=\"your-gouvernorat\"><option value=\"\">&#8212;Veuillez choisir une option&#8212;<\/option><option value=\"Ariana - \u0623\u0631\u064a\u0627\u0646\u0629\">Ariana - \u0623\u0631\u064a\u0627\u0646\u0629<\/option><option value=\"B\u00e9ja - \u0628\u0627\u062c\u0629\">B\u00e9ja - \u0628\u0627\u062c\u0629<\/option><option value=\"Ben Arous - \u0628\u0646 \u0639\u0631\u0648\u0633\">Ben Arous - \u0628\u0646 \u0639\u0631\u0648\u0633<\/option><option value=\"Bizerte - \u0628\u0646\u0632\u0631\u062a\">Bizerte - \u0628\u0646\u0632\u0631\u062a<\/option><option value=\"Gab\u00e8s - \u0642\u0627\u0628\u0633\">Gab\u00e8s - \u0642\u0627\u0628\u0633<\/option><option value=\"Gafsa - \u0642\u0641\u0635\u0629\">Gafsa - \u0642\u0641\u0635\u0629<\/option><option value=\"Jendouba - \u062c\u0646\u062f\u0648\u0628\u0629\">Jendouba - \u062c\u0646\u062f\u0648\u0628\u0629<\/option><option value=\"Kairouan - \u0627\u0644\u0642\u064a\u0631\u0648\u0627\u0646\">Kairouan - \u0627\u0644\u0642\u064a\u0631\u0648\u0627\u0646<\/option><option value=\"Kasserine - \u0627\u0644\u0642\u0635\u0631\u064a\u0646\">Kasserine - \u0627\u0644\u0642\u0635\u0631\u064a\u0646<\/option><option value=\"K\u00e9bili - \u0642\u0628\u0644\u064a\">K\u00e9bili - \u0642\u0628\u0644\u064a<\/option><option value=\"Le Kef - \u0627\u0644\u0643\u0627\u0641\">Le Kef - \u0627\u0644\u0643\u0627\u0641<\/option><option value=\"Mahdia - \u0627\u0644\u0645\u0647\u062f\u064a\u0629\">Mahdia - \u0627\u0644\u0645\u0647\u062f\u064a\u0629<\/option><option value=\"La Manouba - \u0645\u0646\u0648\u0628\u0629\">La Manouba - \u0645\u0646\u0648\u0628\u0629<\/option><option value=\"M\u00e9denine - \u0645\u062f\u0646\u064a\u0646\">M\u00e9denine - \u0645\u062f\u0646\u064a\u0646<\/option><option value=\"Monastir - \u0627\u0644\u0645\u0646\u0633\u062a\u064a\u0631\">Monastir - \u0627\u0644\u0645\u0646\u0633\u062a\u064a\u0631<\/option><option value=\"Nabeul - \u0646\u0627\u0628\u0644\">Nabeul - \u0646\u0627\u0628\u0644<\/option><option value=\"Sfax - \u0635\u0641\u0627\u0642\u0633\">Sfax - \u0635\u0641\u0627\u0642\u0633<\/option><option value=\"Sidi Bouzid - \u0633\u064a\u062f\u064a \u0628\u0648\u0632\u064a\u062f\">Sidi Bouzid - \u0633\u064a\u062f\u064a \u0628\u0648\u0632\u064a\u062f<\/option><option value=\"Siliana - \u0633\u0644\u064a\u0627\u0646\u0629\">Siliana - \u0633\u0644\u064a\u0627\u0646\u0629<\/option><option value=\"Sousse - \u0633\u0648\u0633\u0629\">Sousse - \u0633\u0648\u0633\u0629<\/option><option value=\"Tataouine - \u062a\u0637\u0627\u0648\u064a\u0646\">Tataouine - \u062a\u0637\u0627\u0648\u064a\u0646<\/option><option value=\"Tozeur - \u062a\u0648\u0632\u0631\">Tozeur - \u062a\u0648\u0632\u0631<\/option><option value=\"Tunis - \u062a\u0648\u0646\u0633\">Tunis - \u062a\u0648\u0646\u0633<\/option><option value=\"Zaghouan - \u0632\u063a\u0648\u0627\u0646\">Zaghouan - \u0632\u063a\u0648\u0627\u0646<\/option><\/select><\/span>\n<\/p>\n<p>Email - \u0627\u0644\u0628\u0631\u064a\u062f \u0627\u0644\u0625\u0644\u0643\u062a\u0631\u0648\u0646\u064a :\n<\/p>\n<p><span class=\"wpcf7-form-control-wrap\" data-name=\"your-email\"><input size=\"40\" maxlength=\"400\" class=\"wpcf7-form-control wpcf7-email wpcf7-validates-as-required wpcf7-text wpcf7-validates-as-email\" aria-required=\"true\" aria-invalid=\"false\" value=\"\" type=\"email\" name=\"your-email\" \/><\/span>\n<\/p>\n<p>Mod\u00e8le - \u0646\u0648\u0639 \u0627\u0644\u062d\u0627\u0641\u0644\u0629 :\n<\/p>\n<p><span class=\"wpcf7-form-control-wrap\" data-name=\"Modele\"><span class=\"wpcf7-form-control wpcf7-checkbox wpcf7-validates-as-required\"><span class=\"wpcf7-list-item first\"><label><input type=\"checkbox\" name=\"Modele[]\" value=\"Minibus Golden Dragon 9 Places\" \/><span class=\"wpcf7-list-item-label\">Minibus Golden Dragon 9 Places<\/span><\/label><\/span><span class=\"wpcf7-list-item\"><label><input type=\"checkbox\" name=\"Modele[]\" value=\"Minibus Golden Dragon 30 Places\" \/><span class=\"wpcf7-list-item-label\">Minibus Golden Dragon 30 Places<\/span><\/label><\/span><span class=\"wpcf7-list-item\"><label><input type=\"checkbox\" name=\"Modele[]\" value=\"Bus Golden Dragon 41 Places\" \/><span class=\"wpcf7-list-item-label\">Bus Golden Dragon 41 Places<\/span><\/label><\/span><span class=\"wpcf7-list-item last\"><label><input type=\"checkbox\" name=\"Modele[]\" value=\"Bus Golden Dragon Navigator 53 Places\" \/><span class=\"wpcf7-list-item-label\">Bus Golden Dragon Navigator 53 Places<\/span><\/label><\/span><\/span><\/span>\n<\/p>\n<p><input class=\"wpcf7-form-control wpcf7-submit has-spinner\" type=\"submit\" value=\"Envoyer - \u0625\u0631\u0633\u0627\u0644\" \/>\n<\/p><p style=\"display: none !important;\" class=\"akismet-fields-container\" data-prefix=\"_wpcf7_ak_\"><label>&#916;<textarea name=\"_wpcf7_ak_hp_textarea\" cols=\"45\" rows=\"8\" maxlength=\"100\"><\/textarea><\/label><input type=\"hidden\" id=\"ak_js_1\" name=\"_wpcf7_ak_js\" value=\"76\"\/><script>document.getElementById( \"ak_js_1\" ).setAttribute( \"value\", ( new Date() ).getTime() );<\/script><\/p><div class=\"wpcf7-response-output\" aria-hidden=\"true\"><\/div>\n<\/form>\n<\/div>\n<\/p>\n","protected":false},"excerpt":{"rendered":"<p>Prix bus et minibus Golden Dragon neufs en Tunisie : Prix minibus Golden Dragon 9 places neuf en Tunisie Prix minibus Golden Dragon 30 places neuf en Tunisie Prix bus Golden Dragon 41 places neuf en Tunisie Prix bus Golden Dragon 53 places neuf en Tunisie Golden Dragon se classe parmi les meilleurs fabricants de &#8230; <a title=\"Prix bus et minibus Golden Dragon neufs en Tunisie\" class=\"read-more\" href=\"https:\/\/motors.tn\/magazine\/prix-bus-et-minibus-neufs-en-tunisie\/prix-bus-et-minibus-golden-dragon-neufs-en-tunisie\/\" aria-label=\"En savoir plus sur Prix bus et minibus Golden Dragon neufs en Tunisie\">Lire la suite<\/a><\/p>\n","protected":false},"author":1,"featured_media":0,"parent":424210,"menu_order":0,"comment_status":"closed","ping_status":"closed","template":"","meta":{"footnotes":""},"class_list":["post-424481","page","type-page","status-publish"],"yoast_head":"<!-- This site is optimized with the Yoast SEO plugin v25.7 - https:\/\/yoast.com\/wordpress\/plugins\/seo\/ -->\n<title>Prix bus et minibus Golden Dragon neufs en Tunisie - Motors.tn<\/title>\n<meta name=\"description\" content=\"Prix bus et minibus Golden Dragon neufs en Tunisie : Prix minibus Golden Dragon 30 places neuf en Tunisie, Prix bus Golden Dragon 40 places neuf en Tunisie\" \/>\n<meta name=\"robots\" content=\"index, follow, max-snippet:-1, max-image-preview:large, max-video-preview:-1\" \/>\n<link rel=\"canonical\" href=\"https:\/\/motors.tn\/magazine\/prix-bus-et-minibus-neufs-en-tunisie\/prix-bus-et-minibus-golden-dragon-neufs-en-tunisie\/\" \/>\n<meta property=\"og:locale\" content=\"fr_FR\" \/>\n<meta property=\"og:type\" content=\"article\" \/>\n<meta property=\"og:title\" content=\"Prix bus et minibus Golden Dragon neufs en Tunisie - Motors.tn\" \/>\n<meta property=\"og:description\" content=\"Prix bus et minibus Golden Dragon neufs en Tunisie : Prix minibus Golden Dragon 30 places neuf en Tunisie, Prix bus Golden Dragon 40 places neuf en Tunisie\" \/>\n<meta property=\"og:url\" content=\"https:\/\/motors.tn\/magazine\/prix-bus-et-minibus-neufs-en-tunisie\/prix-bus-et-minibus-golden-dragon-neufs-en-tunisie\/\" \/>\n<meta property=\"og:site_name\" content=\"Motors.tn\" \/>\n<meta property=\"article:modified_time\" content=\"2024-07-31T20:50:02+00:00\" \/>\n<meta property=\"og:image\" content=\"https:\/\/motors.tn\/magazine\/wp-content\/uploads\/2020\/10\/prix-minibus-golden-dragon-9-places-Tunisie-300x166.png\" \/>\n<meta name=\"twitter:label1\" content=\"Dur\u00e9e de lecture estim\u00e9e\" \/>\n\t<meta name=\"twitter:data1\" content=\"1 minute\" \/>\n<script type=\"application\/ld+json\" class=\"yoast-schema-graph\">{\"@context\":\"https:\/\/schema.org\",\"@graph\":[{\"@type\":\"WebPage\",\"@id\":\"https:\/\/motors.tn\/magazine\/prix-bus-et-minibus-neufs-en-tunisie\/prix-bus-et-minibus-golden-dragon-neufs-en-tunisie\/\",\"url\":\"https:\/\/motors.tn\/magazine\/prix-bus-et-minibus-neufs-en-tunisie\/prix-bus-et-minibus-golden-dragon-neufs-en-tunisie\/\",\"name\":\"Prix bus et minibus Golden Dragon neufs en Tunisie - Motors.tn\",\"isPartOf\":{\"@id\":\"https:\/\/motors.tn\/magazine\/#website\"},\"datePublished\":\"2020-04-18T06:51:28+00:00\",\"dateModified\":\"2024-07-31T20:50:02+00:00\",\"description\":\"Prix bus et minibus Golden Dragon neufs en Tunisie : Prix minibus Golden Dragon 30 places neuf en Tunisie, Prix bus Golden Dragon 40 places neuf en Tunisie\",\"breadcrumb\":{\"@id\":\"https:\/\/motors.tn\/magazine\/prix-bus-et-minibus-neufs-en-tunisie\/prix-bus-et-minibus-golden-dragon-neufs-en-tunisie\/#breadcrumb\"},\"inLanguage\":\"fr-FR\",\"potentialAction\":[{\"@type\":\"ReadAction\",\"target\":[\"https:\/\/motors.tn\/magazine\/prix-bus-et-minibus-neufs-en-tunisie\/prix-bus-et-minibus-golden-dragon-neufs-en-tunisie\/\"]}]},{\"@type\":\"BreadcrumbList\",\"@id\":\"https:\/\/motors.tn\/magazine\/prix-bus-et-minibus-neufs-en-tunisie\/prix-bus-et-minibus-golden-dragon-neufs-en-tunisie\/#breadcrumb\",\"itemListElement\":[{\"@type\":\"ListItem\",\"position\":1,\"name\":\"Motors.tn\",\"item\":\"https:\/\/motors.tn\/magazine\/\"},{\"@type\":\"ListItem\",\"position\":2,\"name\":\"Prix bus et minibus neufs en Tunisie\",\"item\":\"https:\/\/motors.tn\/magazine\/prix-bus-et-minibus-neufs-en-tunisie\/\"},{\"@type\":\"ListItem\",\"position\":3,\"name\":\"Prix bus et minibus Golden Dragon neufs en Tunisie\"}]},{\"@type\":\"WebSite\",\"@id\":\"https:\/\/motors.tn\/magazine\/#website\",\"url\":\"https:\/\/motors.tn\/magazine\/\",\"name\":\"Motors.tn\",\"description\":\"Actualit\u00e9, prix du neuf et guide d&#039;achat\",\"publisher\":{\"@id\":\"https:\/\/motors.tn\/magazine\/#organization\"},\"potentialAction\":[{\"@type\":\"SearchAction\",\"target\":{\"@type\":\"EntryPoint\",\"urlTemplate\":\"https:\/\/motors.tn\/magazine\/?s={search_term_string}\"},\"query-input\":{\"@type\":\"PropertyValueSpecification\",\"valueRequired\":true,\"valueName\":\"search_term_string\"}}],\"inLanguage\":\"fr-FR\"},{\"@type\":\"Organization\",\"@id\":\"https:\/\/motors.tn\/magazine\/#organization\",\"name\":\"Strat\u00e9gie Digitale\",\"url\":\"https:\/\/motors.tn\/magazine\/\",\"logo\":{\"@type\":\"ImageObject\",\"inLanguage\":\"fr-FR\",\"@id\":\"https:\/\/motors.tn\/magazine\/#\/schema\/logo\/image\/\",\"url\":\"https:\/\/motors.tn\/magazine\/wp-content\/uploads\/2020\/05\/cropped-cropped-logo9bleu.png\",\"contentUrl\":\"https:\/\/motors.tn\/magazine\/wp-content\/uploads\/2020\/05\/cropped-cropped-logo9bleu.png\",\"width\":277,\"height\":44,\"caption\":\"Strat\u00e9gie Digitale\"},\"image\":{\"@id\":\"https:\/\/motors.tn\/magazine\/#\/schema\/logo\/image\/\"}}]}<\/script>\n<!-- \/ Yoast SEO plugin. -->","yoast_head_json":{"title":"Prix bus et minibus Golden Dragon neufs en Tunisie - Motors.tn","description":"Prix bus et minibus Golden Dragon neufs en Tunisie : Prix minibus Golden Dragon 30 places neuf en Tunisie, Prix bus Golden Dragon 40 places neuf en Tunisie","robots":{"index":"index","follow":"follow","max-snippet":"max-snippet:-1","max-image-preview":"max-image-preview:large","max-video-preview":"max-video-preview:-1"},"canonical":"https:\/\/motors.tn\/magazine\/prix-bus-et-minibus-neufs-en-tunisie\/prix-bus-et-minibus-golden-dragon-neufs-en-tunisie\/","og_locale":"fr_FR","og_type":"article","og_title":"Prix bus et minibus Golden Dragon neufs en Tunisie - Motors.tn","og_description":"Prix bus et minibus Golden Dragon neufs en Tunisie : Prix minibus Golden Dragon 30 places neuf en Tunisie, Prix bus Golden Dragon 40 places neuf en Tunisie","og_url":"https:\/\/motors.tn\/magazine\/prix-bus-et-minibus-neufs-en-tunisie\/prix-bus-et-minibus-golden-dragon-neufs-en-tunisie\/","og_site_name":"Motors.tn","article_modified_time":"2024-07-31T20:50:02+00:00","og_image":[{"url":"https:\/\/motors.tn\/magazine\/wp-content\/uploads\/2020\/10\/prix-minibus-golden-dragon-9-places-Tunisie-300x166.png","type":"","width":"","height":""}],"twitter_misc":{"Dur\u00e9e de lecture estim\u00e9e":"1 minute"},"schema":{"@context":"https:\/\/schema.org","@graph":[{"@type":"WebPage","@id":"https:\/\/motors.tn\/magazine\/prix-bus-et-minibus-neufs-en-tunisie\/prix-bus-et-minibus-golden-dragon-neufs-en-tunisie\/","url":"https:\/\/motors.tn\/magazine\/prix-bus-et-minibus-neufs-en-tunisie\/prix-bus-et-minibus-golden-dragon-neufs-en-tunisie\/","name":"Prix bus et minibus Golden Dragon neufs en Tunisie - Motors.tn","isPartOf":{"@id":"https:\/\/motors.tn\/magazine\/#website"},"datePublished":"2020-04-18T06:51:28+00:00","dateModified":"2024-07-31T20:50:02+00:00","description":"Prix bus et minibus Golden Dragon neufs en Tunisie : Prix minibus Golden Dragon 30 places neuf en Tunisie, Prix bus Golden Dragon 40 places neuf en Tunisie","breadcrumb":{"@id":"https:\/\/motors.tn\/magazine\/prix-bus-et-minibus-neufs-en-tunisie\/prix-bus-et-minibus-golden-dragon-neufs-en-tunisie\/#breadcrumb"},"inLanguage":"fr-FR","potentialAction":[{"@type":"ReadAction","target":["https:\/\/motors.tn\/magazine\/prix-bus-et-minibus-neufs-en-tunisie\/prix-bus-et-minibus-golden-dragon-neufs-en-tunisie\/"]}]},{"@type":"BreadcrumbList","@id":"https:\/\/motors.tn\/magazine\/prix-bus-et-minibus-neufs-en-tunisie\/prix-bus-et-minibus-golden-dragon-neufs-en-tunisie\/#breadcrumb","itemListElement":[{"@type":"ListItem","position":1,"name":"Motors.tn","item":"https:\/\/motors.tn\/magazine\/"},{"@type":"ListItem","position":2,"name":"Prix bus et minibus neufs en Tunisie","item":"https:\/\/motors.tn\/magazine\/prix-bus-et-minibus-neufs-en-tunisie\/"},{"@type":"ListItem","position":3,"name":"Prix bus et minibus Golden Dragon neufs en Tunisie"}]},{"@type":"WebSite","@id":"https:\/\/motors.tn\/magazine\/#website","url":"https:\/\/motors.tn\/magazine\/","name":"Motors.tn","description":"Actualit\u00e9, prix du neuf et guide d&#039;achat","publisher":{"@id":"https:\/\/motors.tn\/magazine\/#organization"},"potentialAction":[{"@type":"SearchAction","target":{"@type":"EntryPoint","urlTemplate":"https:\/\/motors.tn\/magazine\/?s={search_term_string}"},"query-input":{"@type":"PropertyValueSpecification","valueRequired":true,"valueName":"search_term_string"}}],"inLanguage":"fr-FR"},{"@type":"Organization","@id":"https:\/\/motors.tn\/magazine\/#organization","name":"Strat\u00e9gie Digitale","url":"https:\/\/motors.tn\/magazine\/","logo":{"@type":"ImageObject","inLanguage":"fr-FR","@id":"https:\/\/motors.tn\/magazine\/#\/schema\/logo\/image\/","url":"https:\/\/motors.tn\/magazine\/wp-content\/uploads\/2020\/05\/cropped-cropped-logo9bleu.png","contentUrl":"https:\/\/motors.tn\/magazine\/wp-content\/uploads\/2020\/05\/cropped-cropped-logo9bleu.png","width":277,"height":44,"caption":"Strat\u00e9gie Digitale"},"image":{"@id":"https:\/\/motors.tn\/magazine\/#\/schema\/logo\/image\/"}}]}},"_links":{"self":[{"href":"https:\/\/motors.tn\/magazine\/wp-json\/wp\/v2\/pages\/424481","targetHints":{"allow":["GET"]}}],"collection":[{"href":"https:\/\/motors.tn\/magazine\/wp-json\/wp\/v2\/pages"}],"about":[{"href":"https:\/\/motors.tn\/magazine\/wp-json\/wp\/v2\/types\/page"}],"author":[{"embeddable":true,"href":"https:\/\/motors.tn\/magazine\/wp-json\/wp\/v2\/users\/1"}],"replies":[{"embeddable":true,"href":"https:\/\/motors.tn\/magazine\/wp-json\/wp\/v2\/comments?post=424481"}],"version-history":[{"count":0,"href":"https:\/\/motors.tn\/magazine\/wp-json\/wp\/v2\/pages\/424481\/revisions"}],"up":[{"embeddable":true,"href":"https:\/\/motors.tn\/magazine\/wp-json\/wp\/v2\/pages\/424210"}],"wp:attachment":[{"href":"https:\/\/motors.tn\/magazine\/wp-json\/wp\/v2\/media?parent=424481"}],"curies":[{"name":"wp","href":"https:\/\/api.w.org\/{rel}","templated":true}]}}