{"id":426651,"date":"2020-10-14T23:46:26","date_gmt":"2020-10-14T22:46:26","guid":{"rendered":"https:\/\/motors.tn\/magazine\/?page_id=426651"},"modified":"2022-01-07T20:04:02","modified_gmt":"2022-01-07T19:04:02","slug":"prix-chariot-elevateur-tcm-neuf-tunisie","status":"publish","type":"page","link":"https:\/\/motors.tn\/magazine\/prix-chariot-elevateur-neuf-tunisie\/prix-chariot-elevateur-tcm-neuf-tunisie\/","title":{"rendered":"Prix chariot \u00e9l\u00e9vateur TCM neuf Tunisie"},"content":{"rendered":"<p><a href=\"https:\/\/motors.tn\/magazine\/prix-chariot-elevateur-neuf-tunisie\/\">Prix chariot \u00e9l\u00e9vateur<\/a> TCM neuf Tunisie :<\/p>\n<ul>\n<li><a href=\"https:\/\/motors.tn\/magazine\/prix-chariot-elevateur-neuf-tunisie\/prix-chariot-elevateur-tcm-neuf-tunisie\/prix-chariot-elevateur-tcm-fge15-e2-1-5t-gaz-neuf-tunisie\/\">Prix chariot \u00e9l\u00e9vateur TCM FGE15-E2 1.5T neuf Tunisie (Gaz)<\/a><\/li>\n<li><a href=\"https:\/\/motors.tn\/magazine\/prix-chariot-elevateur-neuf-tunisie\/prix-chariot-elevateur-tcm-neuf-tunisie\/prix-chariot-elevateur-tcm-fge35-e2-3-5t-gaz-neuf-tunisie\/\">Prix chariot \u00e9l\u00e9vateur TCM FGE35-E2 3.5T neuf Tunisie (Gaz)<\/a><\/li>\n<li><a href=\"https:\/\/motors.tn\/magazine\/prix-chariot-elevateur-neuf-tunisie\/prix-chariot-elevateur-tcm-neuf-tunisie\/prix-chariot-elevateur-tcm-fge55-e2-5-5t-gaz-neuf-tunisie\/\">Prix chariot \u00e9l\u00e9vateur TCM FGE55-E2 5.5T neuf Tunisie (Gaz)<\/a><\/li>\n<li><a href=\"https:\/\/motors.tn\/magazine\/prix-chariot-elevateur-neuf-tunisie\/prix-chariot-elevateur-tcm-neuf-tunisie\/prix-chariot-elevateur-tcm-fd40-e2-4t-diesel-neuf-tunisie\/\">Prix chariot \u00e9l\u00e9vateur TCM FD40-E2 4T neuf Tunisie (Diesel)<\/a><\/li>\n<li><a href=\"https:\/\/motors.tn\/magazine\/prix-chariot-elevateur-neuf-tunisie\/prix-chariot-elevateur-tcm-neuf-tunisie\/prix-chariot-elevateur-tcm-fd55-e2-5-5t-diesel-neuf-tunisie\/\">Prix chariot \u00e9l\u00e9vateur TCM FD55-E2 5.5T neuf Tunisie (Diesel)<\/a><\/li>\n<li><a href=\"https:\/\/motors.tn\/magazine\/prix-chariot-elevateur-neuf-tunisie\/prix-chariot-elevateur-tcm-neuf-tunisie\/prix-chariot-elevateur-tcm-fd70-e5-7t-diesel-neuf-tunisie\/\">Prix chariot \u00e9l\u00e9vateur TCM FD70-E5 7T neuf Tunisie (Diesel)<\/a><\/li>\n<li><a href=\"https:\/\/motors.tn\/magazine\/prix-chariot-elevateur-neuf-tunisie\/prix-chariot-elevateur-tcm-neuf-tunisie\/prix-chariot-elevateur-tcm-fd100-e5-10t-diesel-neuf-tunisie\/\">Prix chariot \u00e9l\u00e9vateur TCM FD100-E5 10T neuf Tunisie (Diesel)<\/a><div id='gallery-1' class='gallery galleryid-426651 gallery-columns-2 gallery-size-full'><figure class='gallery-item'>\n\t\t\t<div class='gallery-icon portrait'>\n\t\t\t\t<a href='https:\/\/motors.tn\/magazine\/prix-chariot-elevateur-neuf-tunisie\/prix-chariot-elevateur-tcm-neuf-tunisie\/prix-chariot-elevateur-tcm-fge15-e2-1-5t-gaz-neuf-tunisie\/attachment\/jpg\/#main'><img decoding=\"async\" width=\"300\" height=\"307\" src=\"https:\/\/motors.tn\/magazine\/wp-content\/uploads\/2021\/07\/jpg-scaled-e1636105726231.jpg\" class=\"attachment-full size-full\" alt=\"\" aria-describedby=\"gallery-1-436537\" \/><\/a>\n\t\t\t<\/div>\n\t\t\t\t<figcaption class='wp-caption-text gallery-caption' id='gallery-1-436537'>\n\t\t\t\t1.5T Gaz\n\t\t\t\t<\/figcaption><\/figure><figure class='gallery-item'>\n\t\t\t<div class='gallery-icon portrait'>\n\t\t\t\t<a href='https:\/\/motors.tn\/magazine\/prix-chariot-elevateur-neuf-tunisie\/prix-chariot-elevateur-tcm-neuf-tunisie\/attachment\/jpg-2\/#main'><img decoding=\"async\" width=\"300\" height=\"306\" src=\"https:\/\/motors.tn\/magazine\/wp-content\/uploads\/2021\/07\/jpg-1-scaled-e1627240930196.jpg\" class=\"attachment-full size-full\" alt=\"\" aria-describedby=\"gallery-1-436561\" \/><\/a>\n\t\t\t<\/div>\n\t\t\t\t<figcaption class='wp-caption-text gallery-caption' id='gallery-1-436561'>\n\t\t\t\t3.5T Gaz\n\t\t\t\t<\/figcaption><\/figure><figure class='gallery-item'>\n\t\t\t<div class='gallery-icon landscape'>\n\t\t\t\t<a href='https:\/\/motors.tn\/magazine\/prix-chariot-elevateur-neuf-tunisie\/prix-chariot-elevateur-tcm-neuf-tunisie\/prix-chariot-elevateur-tcm-fge55-e2-5-5t-gaz-neuf-tunisie\/attachment\/tcm-fd50-e2-rear-studio\/#main'><img decoding=\"async\" width=\"300\" height=\"255\" src=\"https:\/\/motors.tn\/magazine\/wp-content\/uploads\/2021\/07\/TCM-FD50-E2-Rear-Studio-e1627238654531.png\" class=\"attachment-full size-full\" alt=\"\" aria-describedby=\"gallery-1-436542\" \/><\/a>\n\t\t\t<\/div>\n\t\t\t\t<figcaption class='wp-caption-text gallery-caption' id='gallery-1-436542'>\n\t\t\t\t4T Diesel\n\t\t\t\t<\/figcaption><\/figure><figure class='gallery-item'>\n\t\t\t<div class='gallery-icon landscape'>\n\t\t\t\t<a href='https:\/\/motors.tn\/magazine\/prix-chariot-elevateur-neuf-tunisie\/prix-chariot-elevateur-tcm-neuf-tunisie\/attachment\/tcm-fd50-e2-rear-studio-3\/#main'><img decoding=\"async\" width=\"300\" height=\"254\" src=\"https:\/\/motors.tn\/magazine\/wp-content\/uploads\/2021\/07\/TCM-FD50-E2-Rear-Studio-2-e1627241189193.png\" class=\"attachment-full size-full\" alt=\"\" aria-describedby=\"gallery-1-436563\" \/><\/a>\n\t\t\t<\/div>\n\t\t\t\t<figcaption class='wp-caption-text gallery-caption' id='gallery-1-436563'>\n\t\t\t\t5.5T Diesel\n\t\t\t\t<\/figcaption><\/figure><figure class='gallery-item'>\n\t\t\t<div class='gallery-icon landscape'>\n\t\t\t\t<a href='https:\/\/motors.tn\/magazine\/prix-chariot-elevateur-neuf-tunisie\/prix-chariot-elevateur-tcm-neuf-tunisie\/prix-chariot-elevateur-tcm-fd70-e5-7t-diesel-neuf-tunisie\/attachment\/fd_6-0-10-0\/#main'><img decoding=\"async\" width=\"300\" height=\"234\" src=\"https:\/\/motors.tn\/magazine\/wp-content\/uploads\/2021\/07\/FD_6.0-10.0-e1627240714715.png\" class=\"attachment-full size-full\" alt=\"\" aria-describedby=\"gallery-1-436554\" \/><\/a>\n\t\t\t<\/div>\n\t\t\t\t<figcaption class='wp-caption-text gallery-caption' id='gallery-1-436554'>\n\t\t\t\t7T Diesel\n\t\t\t\t<\/figcaption><\/figure><figure class='gallery-item'>\n\t\t\t<div class='gallery-icon landscape'>\n\t\t\t\t<a href='https:\/\/motors.tn\/magazine\/prix-chariot-elevateur-neuf-tunisie\/prix-chariot-elevateur-tcm-neuf-tunisie\/attachment\/fd_6-0-10-0-2\/#main'><img decoding=\"async\" width=\"300\" height=\"234\" src=\"https:\/\/motors.tn\/magazine\/wp-content\/uploads\/2021\/07\/FD_6.0-10.0-1-e1627240726253.png\" class=\"attachment-full size-full\" alt=\"\" aria-describedby=\"gallery-1-436558\" \/><\/a>\n\t\t\t<\/div>\n\t\t\t\t<figcaption class='wp-caption-text gallery-caption' id='gallery-1-436558'>\n\t\t\t\t10T Diesel\n\t\t\t\t<\/figcaption><\/figure>\n\t\t<\/div>\n<\/li>\n<\/ul>\n<p style=\"text-align: justify;\">TCM est membre de la troisi\u00e8me plus grande entreprise mondiale de chariots \u00e9l\u00e9vateurs. Notre histoire confirme nos racines dans les premiers d\u00e9veloppements de la conception et de l&rsquo;ing\u00e9nierie des chariots \u00e9l\u00e9vateurs, s&rsquo;\u00e9talant sur plus de 60 ans.<\/p>\n<p style=\"text-align: justify;\">Au cours de notre histoire, TCM a \u00e9t\u00e9 cr\u00e9\u00e9 \u00e0 partir de la meilleure technologie et innovation h\u00e9rit\u00e9e de sa famille associ\u00e9e de produits de chariot \u00e9l\u00e9vateur. Il int\u00e8gre le meilleur des progr\u00e8s de l&rsquo;ing\u00e9nierie et de la conception du monde entier.<\/p>\n<p style=\"text-align: justify;\">Nous avons une base solide dans les premi\u00e8res conceptions de chariots \u00e9l\u00e9vateurs et continuons d&rsquo;innover et de changer, en ajoutant de la valeur et en contribuant \u00e0 l&rsquo;am\u00e9lioration de l&rsquo;entreprise et de la communaut\u00e9.<\/p>\n<hr \/>\n<h2><strong>Demande de prix \/ Demande de devis pour un chariot \u00e9l\u00e9vateur\u00a0neuf en Tunisie<\/strong><\/h2>\n<div class=\"s\">\n<div><span class=\"st\">Faites votre\u00a0demande de devis\u00a0en ligne ici et recevez gratuitement une r\u00e9ponse\u00a0de nos partenaires :<\/span><\/div>\n<\/div>\n<p>&nbsp;<\/p>\n<div class=\"s\">\n<div>\n<div class=\"wpcf7 no-js\" id=\"wpcf7-f426417-o1\" lang=\"fr-FR\" dir=\"ltr\" data-wpcf7-id=\"426417\">\n<div class=\"screen-reader-response\"><p role=\"status\" aria-live=\"polite\" aria-atomic=\"true\"><\/p> <ul><\/ul><\/div>\n<form action=\"\/magazine\/wp-json\/wp\/v2\/pages\/426651#wpcf7-f426417-o1\" method=\"post\" class=\"wpcf7-form init\" aria-label=\"Formulaire de contact\" novalidate=\"novalidate\" data-status=\"init\">\n<fieldset class=\"hidden-fields-container\"><input type=\"hidden\" name=\"_wpcf7\" value=\"426417\" \/><input type=\"hidden\" name=\"_wpcf7_version\" value=\"6.1.1\" \/><input type=\"hidden\" name=\"_wpcf7_locale\" value=\"fr_FR\" \/><input type=\"hidden\" name=\"_wpcf7_unit_tag\" value=\"wpcf7-f426417-o1\" \/><input type=\"hidden\" name=\"_wpcf7_container_post\" value=\"0\" \/><input type=\"hidden\" name=\"_wpcf7_posted_data_hash\" value=\"\" \/>\n<\/fieldset>\n<p>Nom et pr\u00e9nom - \u0627\u0644\u0625\u0633\u0645 \u0648 \u0627\u0644\u0644\u0642\u0628 :<br \/>\n<span class=\"wpcf7-form-control-wrap\" data-name=\"your-name\"><input size=\"40\" maxlength=\"400\" class=\"wpcf7-form-control wpcf7-text wpcf7-validates-as-required\" aria-required=\"true\" aria-invalid=\"false\" value=\"\" type=\"text\" name=\"your-name\" \/><\/span>\n<\/p>\n<p> Soci\u00e9t\u00e9 - \u0627\u0644\u0634\u0631\u0643\u0629 :<br \/>\n<span class=\"wpcf7-form-control-wrap\" data-name=\"your-ste\"><input size=\"40\" maxlength=\"400\" class=\"wpcf7-form-control wpcf7-text wpcf7-validates-as-required\" aria-required=\"true\" aria-invalid=\"false\" value=\"\" type=\"text\" name=\"your-ste\" \/><\/span>\n<\/p>\n<p>T\u00e9l\u00e9phone - \u0627\u0644\u0647\u0627\u062a\u0641 :\n<\/p>\n<p><span class=\"wpcf7-form-control-wrap\" data-name=\"your-tel\"><input size=\"40\" maxlength=\"400\" class=\"wpcf7-form-control wpcf7-tel wpcf7-validates-as-required wpcf7-text wpcf7-validates-as-tel\" aria-required=\"true\" aria-invalid=\"false\" value=\"\" type=\"tel\" name=\"your-tel\" \/><\/span>\n<\/p>\n<p>Gouvernorat - \u0627\u0644\u0648\u0644\u0627\u064a\u0629 :\n<\/p>\n<p><span class=\"wpcf7-form-control-wrap\" data-name=\"your-gouvernorat\"><select class=\"wpcf7-form-control wpcf7-select wpcf7-validates-as-required\" aria-required=\"true\" aria-invalid=\"false\" name=\"your-gouvernorat\"><option value=\"\">&#8212;Veuillez choisir une option&#8212;<\/option><option value=\"Ariana - \u0623\u0631\u064a\u0627\u0646\u0629\">Ariana - \u0623\u0631\u064a\u0627\u0646\u0629<\/option><option value=\"B\u00e9ja - \u0628\u0627\u062c\u0629\">B\u00e9ja - \u0628\u0627\u062c\u0629<\/option><option value=\"Ben Arous - \u0628\u0646 \u0639\u0631\u0648\u0633\">Ben Arous - \u0628\u0646 \u0639\u0631\u0648\u0633<\/option><option value=\"Bizerte - \u0628\u0646\u0632\u0631\u062a\">Bizerte - \u0628\u0646\u0632\u0631\u062a<\/option><option value=\"Gab\u00e8s - \u0642\u0627\u0628\u0633\">Gab\u00e8s - \u0642\u0627\u0628\u0633<\/option><option value=\"Gafsa - \u0642\u0641\u0635\u0629\">Gafsa - \u0642\u0641\u0635\u0629<\/option><option value=\"Jendouba - \u062c\u0646\u062f\u0648\u0628\u0629\">Jendouba - \u062c\u0646\u062f\u0648\u0628\u0629<\/option><option value=\"Kairouan - \u0627\u0644\u0642\u064a\u0631\u0648\u0627\u0646\">Kairouan - \u0627\u0644\u0642\u064a\u0631\u0648\u0627\u0646<\/option><option value=\"Kasserine - \u0627\u0644\u0642\u0635\u0631\u064a\u0646\">Kasserine - \u0627\u0644\u0642\u0635\u0631\u064a\u0646<\/option><option value=\"K\u00e9bili - \u0642\u0628\u0644\u064a\">K\u00e9bili - \u0642\u0628\u0644\u064a<\/option><option value=\"Le Kef - \u0627\u0644\u0643\u0627\u0641\">Le Kef - \u0627\u0644\u0643\u0627\u0641<\/option><option value=\"Mahdia - \u0627\u0644\u0645\u0647\u062f\u064a\u0629\">Mahdia - \u0627\u0644\u0645\u0647\u062f\u064a\u0629<\/option><option value=\"La Manouba - \u0645\u0646\u0648\u0628\u0629\">La Manouba - \u0645\u0646\u0648\u0628\u0629<\/option><option value=\"M\u00e9denine - \u0645\u062f\u0646\u064a\u0646\">M\u00e9denine - \u0645\u062f\u0646\u064a\u0646<\/option><option value=\"Monastir - \u0627\u0644\u0645\u0646\u0633\u062a\u064a\u0631\">Monastir - \u0627\u0644\u0645\u0646\u0633\u062a\u064a\u0631<\/option><option value=\"Nabeul - \u0646\u0627\u0628\u0644\">Nabeul - \u0646\u0627\u0628\u0644<\/option><option value=\"Sfax - \u0635\u0641\u0627\u0642\u0633\">Sfax - \u0635\u0641\u0627\u0642\u0633<\/option><option value=\"Sidi Bouzid - \u0633\u064a\u062f\u064a \u0628\u0648\u0632\u064a\u062f\">Sidi Bouzid - \u0633\u064a\u062f\u064a \u0628\u0648\u0632\u064a\u062f<\/option><option value=\"Siliana - \u0633\u0644\u064a\u0627\u0646\u0629\">Siliana - \u0633\u0644\u064a\u0627\u0646\u0629<\/option><option value=\"Sousse - \u0633\u0648\u0633\u0629\">Sousse - \u0633\u0648\u0633\u0629<\/option><option value=\"Tataouine - \u062a\u0637\u0627\u0648\u064a\u0646\">Tataouine - \u062a\u0637\u0627\u0648\u064a\u0646<\/option><option value=\"Tozeur - \u062a\u0648\u0632\u0631\">Tozeur - \u062a\u0648\u0632\u0631<\/option><option value=\"Tunis - \u062a\u0648\u0646\u0633\">Tunis - \u062a\u0648\u0646\u0633<\/option><option value=\"Zaghouan - \u0632\u063a\u0648\u0627\u0646\">Zaghouan - \u0632\u063a\u0648\u0627\u0646<\/option><\/select><\/span>\n<\/p>\n<p>Email - \u0627\u0644\u0628\u0631\u064a\u062f \u0627\u0644\u0625\u0644\u0643\u062a\u0631\u0648\u0646\u064a :\n<\/p>\n<p><span class=\"wpcf7-form-control-wrap\" data-name=\"your-email\"><input size=\"40\" maxlength=\"400\" class=\"wpcf7-form-control wpcf7-email wpcf7-validates-as-required wpcf7-text wpcf7-validates-as-email\" aria-required=\"true\" aria-invalid=\"false\" value=\"\" type=\"email\" name=\"your-email\" \/><\/span>\n<\/p>\n<p>Type - \u0627\u0644\u0646\u0648\u0639 :\n<\/p>\n<p><span class=\"wpcf7-form-control-wrap\" data-name=\"Modele\"><span class=\"wpcf7-form-control wpcf7-checkbox wpcf7-validates-as-required\"><span class=\"wpcf7-list-item first\"><label><input type=\"checkbox\" name=\"Modele[]\" value=\"Diesel\" \/><span class=\"wpcf7-list-item-label\">Diesel<\/span><\/label><\/span><span class=\"wpcf7-list-item\"><label><input type=\"checkbox\" name=\"Modele[]\" value=\"\u00c9lectrique\" \/><span class=\"wpcf7-list-item-label\">\u00c9lectrique<\/span><\/label><\/span><span class=\"wpcf7-list-item last\"><label><input type=\"checkbox\" name=\"Modele[]\" value=\"Gaz\" \/><span class=\"wpcf7-list-item-label\">Gaz<\/span><\/label><\/span><\/span><\/span>\n<\/p>\n<p>Capacit\u00e9 - \u0627\u0644\u062d\u0645\u0648\u0644\u0629 :\n<\/p>\n<p><span class=\"wpcf7-form-control-wrap\" data-name=\"capacite\"><span class=\"wpcf7-form-control wpcf7-checkbox wpcf7-validates-as-required\"><span class=\"wpcf7-list-item first\"><label><input type=\"checkbox\" name=\"capacite[]\" value=\"1,5T \u00e0 3,5T\" \/><span class=\"wpcf7-list-item-label\">1,5T \u00e0 3,5T<\/span><\/label><\/span><span class=\"wpcf7-list-item\"><label><input type=\"checkbox\" name=\"capacite[]\" value=\"4T \u00e0 7T\" \/><span class=\"wpcf7-list-item-label\">4T \u00e0 7T<\/span><\/label><\/span><span class=\"wpcf7-list-item last\"><label><input type=\"checkbox\" name=\"capacite[]\" value=\"8T et plus\" \/><span class=\"wpcf7-list-item-label\">8T et plus<\/span><\/label><\/span><\/span><\/span>\n<\/p>\n<p><span class=\"wpcf7-form-control-wrap\" data-name=\"checkbox-859\"><span class=\"wpcf7-form-control wpcf7-checkbox wpcf7-validates-as-required\"><span class=\"wpcf7-list-item first last\"><input type=\"checkbox\" name=\"checkbox-859[]\" value=\"J&#039;accepte d&#039;\u00eatre contact\u00e9(e) par les concessionnaires partenaires pour recevoir les offres commerciales.\" checked=\"checked\" \/><span class=\"wpcf7-list-item-label\">J&#039;accepte d&#039;\u00eatre contact\u00e9(e) par les concessionnaires partenaires pour recevoir les offres commerciales.<\/span><\/span><\/span><\/span>\n<\/p>\n<p><input class=\"wpcf7-form-control wpcf7-submit has-spinner\" type=\"submit\" value=\"Envoyer - \u0625\u0631\u0633\u0627\u0644\" \/>\n<\/p><p style=\"display: none !important;\" class=\"akismet-fields-container\" data-prefix=\"_wpcf7_ak_\"><label>&#916;<textarea name=\"_wpcf7_ak_hp_textarea\" cols=\"45\" rows=\"8\" maxlength=\"100\"><\/textarea><\/label><input type=\"hidden\" id=\"ak_js_1\" name=\"_wpcf7_ak_js\" value=\"174\"\/><script>document.getElementById( \"ak_js_1\" ).setAttribute( \"value\", ( new Date() ).getTime() );<\/script><\/p><div class=\"wpcf7-response-output\" aria-hidden=\"true\"><\/div>\n<\/form>\n<\/div>\n<\/div>\n<\/div>\n","protected":false},"excerpt":{"rendered":"<p>Prix chariot \u00e9l\u00e9vateur TCM neuf Tunisie : Prix chariot \u00e9l\u00e9vateur TCM FGE15-E2 1.5T neuf Tunisie (Gaz) Prix chariot \u00e9l\u00e9vateur TCM FGE35-E2 3.5T neuf Tunisie (Gaz) Prix chariot \u00e9l\u00e9vateur TCM FGE55-E2 5.5T neuf Tunisie (Gaz) Prix chariot \u00e9l\u00e9vateur TCM FD40-E2 4T neuf Tunisie (Diesel) Prix chariot \u00e9l\u00e9vateur TCM FD55-E2 5.5T neuf Tunisie (Diesel) Prix chariot \u00e9l\u00e9vateur &#8230; <a title=\"Prix chariot \u00e9l\u00e9vateur TCM neuf Tunisie\" class=\"read-more\" href=\"https:\/\/motors.tn\/magazine\/prix-chariot-elevateur-neuf-tunisie\/prix-chariot-elevateur-tcm-neuf-tunisie\/\" aria-label=\"En savoir plus sur Prix chariot \u00e9l\u00e9vateur TCM neuf Tunisie\">Lire la suite<\/a><\/p>\n","protected":false},"author":1,"featured_media":0,"parent":426416,"menu_order":0,"comment_status":"closed","ping_status":"closed","template":"","meta":{"footnotes":""},"class_list":["post-426651","page","type-page","status-publish"],"yoast_head":"<!-- This site is optimized with the Yoast SEO plugin v25.7 - https:\/\/yoast.com\/wordpress\/plugins\/seo\/ -->\n<title>Prix chariot \u00e9l\u00e9vateur TCM neuf Tunisie - Motors.tn<\/title>\n<meta name=\"description\" content=\"Prix chariot \u00e9l\u00e9vateur TCM neuf Tunisie : Devis en ligne, capacit\u00e9 de levage, hauteur, moteur, photos et fiche technique\" \/>\n<meta name=\"robots\" content=\"index, follow, max-snippet:-1, max-image-preview:large, max-video-preview:-1\" \/>\n<link rel=\"canonical\" href=\"https:\/\/motors.tn\/magazine\/prix-chariot-elevateur-neuf-tunisie\/prix-chariot-elevateur-tcm-neuf-tunisie\/\" \/>\n<meta property=\"og:locale\" content=\"fr_FR\" \/>\n<meta property=\"og:type\" content=\"article\" \/>\n<meta property=\"og:title\" content=\"Prix chariot \u00e9l\u00e9vateur TCM neuf Tunisie - Motors.tn\" \/>\n<meta property=\"og:description\" content=\"Prix chariot \u00e9l\u00e9vateur TCM neuf Tunisie : Devis en ligne, capacit\u00e9 de levage, hauteur, moteur, photos et fiche technique\" \/>\n<meta property=\"og:url\" content=\"https:\/\/motors.tn\/magazine\/prix-chariot-elevateur-neuf-tunisie\/prix-chariot-elevateur-tcm-neuf-tunisie\/\" \/>\n<meta property=\"og:site_name\" content=\"Motors.tn\" \/>\n<meta property=\"article:modified_time\" content=\"2022-01-07T19:04:02+00:00\" \/>\n<meta property=\"og:image\" content=\"https:\/\/motors.tn\/magazine\/wp-content\/uploads\/2021\/07\/jpg-scaled-e1636105726231.jpg\" \/>\n<meta name=\"twitter:label1\" content=\"Dur\u00e9e de lecture estim\u00e9e\" \/>\n\t<meta name=\"twitter:data1\" content=\"1 minute\" \/>\n<script type=\"application\/ld+json\" class=\"yoast-schema-graph\">{\"@context\":\"https:\/\/schema.org\",\"@graph\":[{\"@type\":\"WebPage\",\"@id\":\"https:\/\/motors.tn\/magazine\/prix-chariot-elevateur-neuf-tunisie\/prix-chariot-elevateur-tcm-neuf-tunisie\/\",\"url\":\"https:\/\/motors.tn\/magazine\/prix-chariot-elevateur-neuf-tunisie\/prix-chariot-elevateur-tcm-neuf-tunisie\/\",\"name\":\"Prix chariot \u00e9l\u00e9vateur TCM neuf Tunisie - Motors.tn\",\"isPartOf\":{\"@id\":\"https:\/\/motors.tn\/magazine\/#website\"},\"datePublished\":\"2020-10-14T22:46:26+00:00\",\"dateModified\":\"2022-01-07T19:04:02+00:00\",\"description\":\"Prix chariot \u00e9l\u00e9vateur TCM neuf Tunisie : Devis en ligne, capacit\u00e9 de levage, hauteur, moteur, photos et fiche technique\",\"breadcrumb\":{\"@id\":\"https:\/\/motors.tn\/magazine\/prix-chariot-elevateur-neuf-tunisie\/prix-chariot-elevateur-tcm-neuf-tunisie\/#breadcrumb\"},\"inLanguage\":\"fr-FR\",\"potentialAction\":[{\"@type\":\"ReadAction\",\"target\":[\"https:\/\/motors.tn\/magazine\/prix-chariot-elevateur-neuf-tunisie\/prix-chariot-elevateur-tcm-neuf-tunisie\/\"]}]},{\"@type\":\"BreadcrumbList\",\"@id\":\"https:\/\/motors.tn\/magazine\/prix-chariot-elevateur-neuf-tunisie\/prix-chariot-elevateur-tcm-neuf-tunisie\/#breadcrumb\",\"itemListElement\":[{\"@type\":\"ListItem\",\"position\":1,\"name\":\"Motors.tn\",\"item\":\"https:\/\/motors.tn\/magazine\/\"},{\"@type\":\"ListItem\",\"position\":2,\"name\":\"Prix chariot \u00e9l\u00e9vateur neuf Tunisie\",\"item\":\"https:\/\/motors.tn\/magazine\/prix-chariot-elevateur-neuf-tunisie\/\"},{\"@type\":\"ListItem\",\"position\":3,\"name\":\"Prix chariot \u00e9l\u00e9vateur TCM neuf Tunisie\"}]},{\"@type\":\"WebSite\",\"@id\":\"https:\/\/motors.tn\/magazine\/#website\",\"url\":\"https:\/\/motors.tn\/magazine\/\",\"name\":\"Motors.tn\",\"description\":\"Actualit\u00e9, prix du neuf et guide d&#039;achat\",\"publisher\":{\"@id\":\"https:\/\/motors.tn\/magazine\/#organization\"},\"potentialAction\":[{\"@type\":\"SearchAction\",\"target\":{\"@type\":\"EntryPoint\",\"urlTemplate\":\"https:\/\/motors.tn\/magazine\/?s={search_term_string}\"},\"query-input\":{\"@type\":\"PropertyValueSpecification\",\"valueRequired\":true,\"valueName\":\"search_term_string\"}}],\"inLanguage\":\"fr-FR\"},{\"@type\":\"Organization\",\"@id\":\"https:\/\/motors.tn\/magazine\/#organization\",\"name\":\"Strat\u00e9gie Digitale\",\"url\":\"https:\/\/motors.tn\/magazine\/\",\"logo\":{\"@type\":\"ImageObject\",\"inLanguage\":\"fr-FR\",\"@id\":\"https:\/\/motors.tn\/magazine\/#\/schema\/logo\/image\/\",\"url\":\"https:\/\/motors.tn\/magazine\/wp-content\/uploads\/2020\/05\/cropped-cropped-logo9bleu.png\",\"contentUrl\":\"https:\/\/motors.tn\/magazine\/wp-content\/uploads\/2020\/05\/cropped-cropped-logo9bleu.png\",\"width\":277,\"height\":44,\"caption\":\"Strat\u00e9gie Digitale\"},\"image\":{\"@id\":\"https:\/\/motors.tn\/magazine\/#\/schema\/logo\/image\/\"}}]}<\/script>\n<!-- \/ Yoast SEO plugin. -->","yoast_head_json":{"title":"Prix chariot \u00e9l\u00e9vateur TCM neuf Tunisie - Motors.tn","description":"Prix chariot \u00e9l\u00e9vateur TCM neuf Tunisie : Devis en ligne, capacit\u00e9 de levage, hauteur, moteur, photos et fiche technique","robots":{"index":"index","follow":"follow","max-snippet":"max-snippet:-1","max-image-preview":"max-image-preview:large","max-video-preview":"max-video-preview:-1"},"canonical":"https:\/\/motors.tn\/magazine\/prix-chariot-elevateur-neuf-tunisie\/prix-chariot-elevateur-tcm-neuf-tunisie\/","og_locale":"fr_FR","og_type":"article","og_title":"Prix chariot \u00e9l\u00e9vateur TCM neuf Tunisie - Motors.tn","og_description":"Prix chariot \u00e9l\u00e9vateur TCM neuf Tunisie : Devis en ligne, capacit\u00e9 de levage, hauteur, moteur, photos et fiche technique","og_url":"https:\/\/motors.tn\/magazine\/prix-chariot-elevateur-neuf-tunisie\/prix-chariot-elevateur-tcm-neuf-tunisie\/","og_site_name":"Motors.tn","article_modified_time":"2022-01-07T19:04:02+00:00","og_image":[{"url":"https:\/\/motors.tn\/magazine\/wp-content\/uploads\/2021\/07\/jpg-scaled-e1636105726231.jpg","type":"","width":"","height":""}],"twitter_misc":{"Dur\u00e9e de lecture estim\u00e9e":"1 minute"},"schema":{"@context":"https:\/\/schema.org","@graph":[{"@type":"WebPage","@id":"https:\/\/motors.tn\/magazine\/prix-chariot-elevateur-neuf-tunisie\/prix-chariot-elevateur-tcm-neuf-tunisie\/","url":"https:\/\/motors.tn\/magazine\/prix-chariot-elevateur-neuf-tunisie\/prix-chariot-elevateur-tcm-neuf-tunisie\/","name":"Prix chariot \u00e9l\u00e9vateur TCM neuf Tunisie - Motors.tn","isPartOf":{"@id":"https:\/\/motors.tn\/magazine\/#website"},"datePublished":"2020-10-14T22:46:26+00:00","dateModified":"2022-01-07T19:04:02+00:00","description":"Prix chariot \u00e9l\u00e9vateur TCM neuf Tunisie : Devis en ligne, capacit\u00e9 de levage, hauteur, moteur, photos et fiche technique","breadcrumb":{"@id":"https:\/\/motors.tn\/magazine\/prix-chariot-elevateur-neuf-tunisie\/prix-chariot-elevateur-tcm-neuf-tunisie\/#breadcrumb"},"inLanguage":"fr-FR","potentialAction":[{"@type":"ReadAction","target":["https:\/\/motors.tn\/magazine\/prix-chariot-elevateur-neuf-tunisie\/prix-chariot-elevateur-tcm-neuf-tunisie\/"]}]},{"@type":"BreadcrumbList","@id":"https:\/\/motors.tn\/magazine\/prix-chariot-elevateur-neuf-tunisie\/prix-chariot-elevateur-tcm-neuf-tunisie\/#breadcrumb","itemListElement":[{"@type":"ListItem","position":1,"name":"Motors.tn","item":"https:\/\/motors.tn\/magazine\/"},{"@type":"ListItem","position":2,"name":"Prix chariot \u00e9l\u00e9vateur neuf Tunisie","item":"https:\/\/motors.tn\/magazine\/prix-chariot-elevateur-neuf-tunisie\/"},{"@type":"ListItem","position":3,"name":"Prix chariot \u00e9l\u00e9vateur TCM neuf Tunisie"}]},{"@type":"WebSite","@id":"https:\/\/motors.tn\/magazine\/#website","url":"https:\/\/motors.tn\/magazine\/","name":"Motors.tn","description":"Actualit\u00e9, prix du neuf et guide d&#039;achat","publisher":{"@id":"https:\/\/motors.tn\/magazine\/#organization"},"potentialAction":[{"@type":"SearchAction","target":{"@type":"EntryPoint","urlTemplate":"https:\/\/motors.tn\/magazine\/?s={search_term_string}"},"query-input":{"@type":"PropertyValueSpecification","valueRequired":true,"valueName":"search_term_string"}}],"inLanguage":"fr-FR"},{"@type":"Organization","@id":"https:\/\/motors.tn\/magazine\/#organization","name":"Strat\u00e9gie Digitale","url":"https:\/\/motors.tn\/magazine\/","logo":{"@type":"ImageObject","inLanguage":"fr-FR","@id":"https:\/\/motors.tn\/magazine\/#\/schema\/logo\/image\/","url":"https:\/\/motors.tn\/magazine\/wp-content\/uploads\/2020\/05\/cropped-cropped-logo9bleu.png","contentUrl":"https:\/\/motors.tn\/magazine\/wp-content\/uploads\/2020\/05\/cropped-cropped-logo9bleu.png","width":277,"height":44,"caption":"Strat\u00e9gie Digitale"},"image":{"@id":"https:\/\/motors.tn\/magazine\/#\/schema\/logo\/image\/"}}]}},"_links":{"self":[{"href":"https:\/\/motors.tn\/magazine\/wp-json\/wp\/v2\/pages\/426651","targetHints":{"allow":["GET"]}}],"collection":[{"href":"https:\/\/motors.tn\/magazine\/wp-json\/wp\/v2\/pages"}],"about":[{"href":"https:\/\/motors.tn\/magazine\/wp-json\/wp\/v2\/types\/page"}],"author":[{"embeddable":true,"href":"https:\/\/motors.tn\/magazine\/wp-json\/wp\/v2\/users\/1"}],"replies":[{"embeddable":true,"href":"https:\/\/motors.tn\/magazine\/wp-json\/wp\/v2\/comments?post=426651"}],"version-history":[{"count":0,"href":"https:\/\/motors.tn\/magazine\/wp-json\/wp\/v2\/pages\/426651\/revisions"}],"up":[{"embeddable":true,"href":"https:\/\/motors.tn\/magazine\/wp-json\/wp\/v2\/pages\/426416"}],"wp:attachment":[{"href":"https:\/\/motors.tn\/magazine\/wp-json\/wp\/v2\/media?parent=426651"}],"curies":[{"name":"wp","href":"https:\/\/api.w.org\/{rel}","templated":true}]}}