{"id":426672,"date":"2020-10-15T22:45:27","date_gmt":"2020-10-15T21:45:27","guid":{"rendered":"https:\/\/motors.tn\/magazine\/?page_id=426672"},"modified":"2023-07-08T19:04:46","modified_gmt":"2023-07-08T18:04:46","slug":"prix-chariot-elevateur-lonking-neuf-tunisie","status":"publish","type":"page","link":"https:\/\/motors.tn\/magazine\/prix-chariot-elevateur-neuf-tunisie\/prix-chariot-elevateur-lonking-neuf-tunisie\/","title":{"rendered":"Prix chariot \u00e9l\u00e9vateur Lonking neuf Tunisie"},"content":{"rendered":"<p><a href=\"https:\/\/motors.tn\/magazine\/prix-chariot-elevateur-neuf-tunisie\/\">Prix chariot \u00e9l\u00e9vateur<\/a> Lonking neuf Tunisie :<\/p>\n<ul>\n<li><a href=\"https:\/\/motors.tn\/magazine\/prix-chariot-elevateur-neuf-tunisie\/prix-chariot-elevateur-lonking-neuf-tunisie\/prix-chariot-elevateur-lonking-3t-diesel-neuf-tunisie\/\">Prix chariot \u00e9l\u00e9vateur Lonking LG30D 3T Diesel neuf Tunisie<\/a><\/li>\n<li><a href=\"https:\/\/motors.tn\/magazine\/prix-chariot-elevateur-neuf-tunisie\/prix-chariot-elevateur-lonking-neuf-tunisie\/prix-chariot-elevateur-lonking-7t-diesel-neuf-tunisie\/\">Prix chariot \u00e9l\u00e9vateur Lonking LG50D 7T Diesel neuf Tunisie<\/a><\/li>\n<\/ul>\n<div id='gallery-1' class='gallery galleryid-426672 gallery-columns-2 gallery-size-full'><figure class='gallery-item'>\n\t\t\t<div class='gallery-icon landscape'>\n\t\t\t\t<a href='https:\/\/motors.tn\/magazine\/prix-chariot-elevateur-neuf-tunisie\/prix-chariot-elevateur-lonking-neuf-tunisie\/attachment\/sfvsv\/#main'><img decoding=\"async\" width=\"350\" height=\"230\" src=\"https:\/\/motors.tn\/magazine\/wp-content\/uploads\/2023\/07\/sfvsv.png\" class=\"attachment-full size-full\" alt=\"\" aria-describedby=\"gallery-1-490905\" srcset=\"https:\/\/motors.tn\/magazine\/wp-content\/uploads\/2023\/07\/sfvsv.png 350w, https:\/\/motors.tn\/magazine\/wp-content\/uploads\/2023\/07\/sfvsv-300x197.png 300w\" sizes=\"(max-width: 350px) 100vw, 350px\" \/><\/a>\n\t\t\t<\/div>\n\t\t\t\t<figcaption class='wp-caption-text gallery-caption' id='gallery-1-490905'>\n\t\t\t\tLonking LG30D 3T Diesel\n\t\t\t\t<\/figcaption><\/figure><figure class='gallery-item'>\n\t\t\t<div class='gallery-icon landscape'>\n\t\t\t\t<a href='https:\/\/motors.tn\/magazine\/prix-chariot-elevateur-neuf-tunisie\/prix-chariot-elevateur-lonking-neuf-tunisie\/attachment\/sfvsfv\/#main'><img decoding=\"async\" width=\"350\" height=\"230\" src=\"https:\/\/motors.tn\/magazine\/wp-content\/uploads\/2023\/07\/sfvsfv.png\" class=\"attachment-full size-full\" alt=\"\" aria-describedby=\"gallery-1-490904\" srcset=\"https:\/\/motors.tn\/magazine\/wp-content\/uploads\/2023\/07\/sfvsfv.png 350w, https:\/\/motors.tn\/magazine\/wp-content\/uploads\/2023\/07\/sfvsfv-300x197.png 300w\" sizes=\"(max-width: 350px) 100vw, 350px\" \/><\/a>\n\t\t\t<\/div>\n\t\t\t\t<figcaption class='wp-caption-text gallery-caption' id='gallery-1-490904'>\n\t\t\t\tLonking LG50D 7T Diesel\n\t\t\t\t<\/figcaption><\/figure>\n\t\t<\/div>\n\n<p style=\"text-align: justify;\">Lonking a montr\u00e9 aux clients issus d&rsquo;<span class=\"xn-location\">Europe<\/span>, d&rsquo;Afrique et d&rsquo;Asie que les chariots \u00e9l\u00e9vateurs Lonking sont tr\u00e8s comp\u00e9titifs sur le march\u00e9 international. L&rsquo;\u00e9quipe de recherches et d\u00e9veloppement Lonking est tr\u00e8s attentive \u00e0 chaque d\u00e9tail. Cela comprend tout aussi bien les innovations technologiques que des designs ergonomiques des chariots \u00e9l\u00e9vateurs Lonking.<\/p>\n<p style=\"text-align: justify;\">Lonking Holdings Limited est un fabricant majeur de mat\u00e9riel de construction et de logistique en Chine. Les produits de la soci\u00e9t\u00e9 sont pr\u00e9sents dans plus de 50 pays et r\u00e9gions du monde.<\/p>\n<p style=\"text-align: justify;\">Avec 19 filiales exclusives et quatre bases de production, Lonking fabrique des chargeuses sur pneu, des chariots \u00e9l\u00e9vateurs, des pelles hydrauliques, des rouleaux compresseurs, des niveleuses, et des chargeuses compactes. La soci\u00e9t\u00e9 est en premi\u00e8re place dans la production et la vente de chargeuses sur pneu en Chine avec plus de 20 pour cent de part de march\u00e9.<\/p>\n<hr \/>\n<h2><strong>Demande de prix \/ Demande de devis pour un chariot \u00e9l\u00e9vateur Lonking\u00a0neuf en Tunisie<\/strong><\/h2>\n<div class=\"s\">\n<div class=\"s\">\n<div><span class=\"st\">Faites votre\u00a0demande de devis\u00a0en ligne ici et recevez gratuitement une r\u00e9ponse\u00a0de nos partenaires :<\/span><\/div>\n<\/div>\n<p>&nbsp;<\/p>\n<div class=\"s\">\n<div class=\"wpcf7 no-js\" id=\"wpcf7-f442413-o1\" lang=\"fr-FR\" dir=\"ltr\" data-wpcf7-id=\"442413\">\n<div class=\"screen-reader-response\"><p role=\"status\" aria-live=\"polite\" aria-atomic=\"true\"><\/p> <ul><\/ul><\/div>\n<form action=\"\/magazine\/wp-json\/wp\/v2\/pages\/426672#wpcf7-f442413-o1\" method=\"post\" class=\"wpcf7-form init\" aria-label=\"Formulaire de contact\" novalidate=\"novalidate\" data-status=\"init\">\n<fieldset class=\"hidden-fields-container\"><input type=\"hidden\" name=\"_wpcf7\" value=\"442413\" \/><input type=\"hidden\" name=\"_wpcf7_version\" value=\"6.1.1\" \/><input type=\"hidden\" name=\"_wpcf7_locale\" value=\"fr_FR\" \/><input type=\"hidden\" name=\"_wpcf7_unit_tag\" value=\"wpcf7-f442413-o1\" \/><input type=\"hidden\" name=\"_wpcf7_container_post\" value=\"0\" \/><input type=\"hidden\" name=\"_wpcf7_posted_data_hash\" value=\"\" \/>\n<\/fieldset>\n<p>Nom et pr\u00e9nom - \u0627\u0644\u0625\u0633\u0645 \u0648 \u0627\u0644\u0644\u0642\u0628 :<br \/>\n<span class=\"wpcf7-form-control-wrap\" data-name=\"your-name\"><input size=\"40\" maxlength=\"400\" class=\"wpcf7-form-control wpcf7-text wpcf7-validates-as-required\" aria-required=\"true\" aria-invalid=\"false\" value=\"\" type=\"text\" name=\"your-name\" \/><\/span>\n<\/p>\n<p> Soci\u00e9t\u00e9 - \u0627\u0644\u0634\u0631\u0643\u0629 :<br \/>\n<span class=\"wpcf7-form-control-wrap\" data-name=\"your-ste\"><input size=\"40\" maxlength=\"400\" class=\"wpcf7-form-control wpcf7-text wpcf7-validates-as-required\" aria-required=\"true\" aria-invalid=\"false\" value=\"\" type=\"text\" name=\"your-ste\" \/><\/span>\n<\/p>\n<p>T\u00e9l\u00e9phone - \u0627\u0644\u0647\u0627\u062a\u0641 :\n<\/p>\n<p><span class=\"wpcf7-form-control-wrap\" data-name=\"your-tel\"><input size=\"40\" maxlength=\"400\" class=\"wpcf7-form-control wpcf7-tel wpcf7-validates-as-required wpcf7-text wpcf7-validates-as-tel\" aria-required=\"true\" aria-invalid=\"false\" value=\"\" type=\"tel\" name=\"your-tel\" \/><\/span>\n<\/p>\n<p>Gouvernorat - \u0627\u0644\u0648\u0644\u0627\u064a\u0629 :\n<\/p>\n<p><span class=\"wpcf7-form-control-wrap\" data-name=\"your-gouvernorat\"><select class=\"wpcf7-form-control wpcf7-select wpcf7-validates-as-required\" aria-required=\"true\" aria-invalid=\"false\" name=\"your-gouvernorat\"><option value=\"\">&#8212;Veuillez choisir une option&#8212;<\/option><option value=\"Ariana - \u0623\u0631\u064a\u0627\u0646\u0629\">Ariana - \u0623\u0631\u064a\u0627\u0646\u0629<\/option><option value=\"B\u00e9ja - \u0628\u0627\u062c\u0629\">B\u00e9ja - \u0628\u0627\u062c\u0629<\/option><option value=\"Ben Arous - \u0628\u0646 \u0639\u0631\u0648\u0633\">Ben Arous - \u0628\u0646 \u0639\u0631\u0648\u0633<\/option><option value=\"Bizerte - \u0628\u0646\u0632\u0631\u062a\">Bizerte - \u0628\u0646\u0632\u0631\u062a<\/option><option value=\"Gab\u00e8s - \u0642\u0627\u0628\u0633\">Gab\u00e8s - \u0642\u0627\u0628\u0633<\/option><option value=\"Gafsa - \u0642\u0641\u0635\u0629\">Gafsa - \u0642\u0641\u0635\u0629<\/option><option value=\"Jendouba - \u062c\u0646\u062f\u0648\u0628\u0629\">Jendouba - \u062c\u0646\u062f\u0648\u0628\u0629<\/option><option value=\"Kairouan - \u0627\u0644\u0642\u064a\u0631\u0648\u0627\u0646\">Kairouan - \u0627\u0644\u0642\u064a\u0631\u0648\u0627\u0646<\/option><option value=\"Kasserine - \u0627\u0644\u0642\u0635\u0631\u064a\u0646\">Kasserine - \u0627\u0644\u0642\u0635\u0631\u064a\u0646<\/option><option value=\"K\u00e9bili - \u0642\u0628\u0644\u064a\">K\u00e9bili - \u0642\u0628\u0644\u064a<\/option><option value=\"Le Kef - \u0627\u0644\u0643\u0627\u0641\">Le Kef - \u0627\u0644\u0643\u0627\u0641<\/option><option value=\"Mahdia - \u0627\u0644\u0645\u0647\u062f\u064a\u0629\">Mahdia - \u0627\u0644\u0645\u0647\u062f\u064a\u0629<\/option><option value=\"La Manouba - \u0645\u0646\u0648\u0628\u0629\">La Manouba - \u0645\u0646\u0648\u0628\u0629<\/option><option value=\"M\u00e9denine - \u0645\u062f\u0646\u064a\u0646\">M\u00e9denine - \u0645\u062f\u0646\u064a\u0646<\/option><option value=\"Monastir - \u0627\u0644\u0645\u0646\u0633\u062a\u064a\u0631\">Monastir - \u0627\u0644\u0645\u0646\u0633\u062a\u064a\u0631<\/option><option value=\"Nabeul - \u0646\u0627\u0628\u0644\">Nabeul - \u0646\u0627\u0628\u0644<\/option><option value=\"Sfax - \u0635\u0641\u0627\u0642\u0633\">Sfax - \u0635\u0641\u0627\u0642\u0633<\/option><option value=\"Sidi Bouzid - \u0633\u064a\u062f\u064a \u0628\u0648\u0632\u064a\u062f\">Sidi Bouzid - \u0633\u064a\u062f\u064a \u0628\u0648\u0632\u064a\u062f<\/option><option value=\"Siliana - \u0633\u0644\u064a\u0627\u0646\u0629\">Siliana - \u0633\u0644\u064a\u0627\u0646\u0629<\/option><option value=\"Sousse - \u0633\u0648\u0633\u0629\">Sousse - \u0633\u0648\u0633\u0629<\/option><option value=\"Tataouine - \u062a\u0637\u0627\u0648\u064a\u0646\">Tataouine - \u062a\u0637\u0627\u0648\u064a\u0646<\/option><option value=\"Tozeur - \u062a\u0648\u0632\u0631\">Tozeur - \u062a\u0648\u0632\u0631<\/option><option value=\"Tunis - \u062a\u0648\u0646\u0633\">Tunis - \u062a\u0648\u0646\u0633<\/option><option value=\"Zaghouan - \u0632\u063a\u0648\u0627\u0646\">Zaghouan - \u0632\u063a\u0648\u0627\u0646<\/option><\/select><\/span>\n<\/p>\n<p>Email - \u0627\u0644\u0628\u0631\u064a\u062f \u0627\u0644\u0625\u0644\u0643\u062a\u0631\u0648\u0646\u064a :\n<\/p>\n<p><span class=\"wpcf7-form-control-wrap\" data-name=\"your-email\"><input size=\"40\" maxlength=\"400\" class=\"wpcf7-form-control wpcf7-email wpcf7-validates-as-required wpcf7-text wpcf7-validates-as-email\" aria-required=\"true\" aria-invalid=\"false\" value=\"\" type=\"email\" name=\"your-email\" \/><\/span>\n<\/p>\n<p>Type - \u0627\u0644\u0646\u0648\u0639 :\n<\/p>\n<p><span class=\"wpcf7-form-control-wrap\" data-name=\"Modele\"><span class=\"wpcf7-form-control wpcf7-checkbox wpcf7-validates-as-required\"><span class=\"wpcf7-list-item first\"><label><input type=\"checkbox\" name=\"Modele[]\" value=\"Lonking 3T Diesel\" \/><span class=\"wpcf7-list-item-label\">Lonking 3T Diesel<\/span><\/label><\/span><span class=\"wpcf7-list-item last\"><label><input type=\"checkbox\" name=\"Modele[]\" value=\"Lonking 7T Diesel\" \/><span class=\"wpcf7-list-item-label\">Lonking 7T Diesel<\/span><\/label><\/span><\/span><\/span>\n<\/p>\n<p><input class=\"wpcf7-form-control wpcf7-submit has-spinner\" type=\"submit\" value=\"Envoyer - \u0625\u0631\u0633\u0627\u0644\" \/>\n<\/p><p style=\"display: none !important;\" class=\"akismet-fields-container\" data-prefix=\"_wpcf7_ak_\"><label>&#916;<textarea name=\"_wpcf7_ak_hp_textarea\" cols=\"45\" rows=\"8\" maxlength=\"100\"><\/textarea><\/label><input type=\"hidden\" id=\"ak_js_1\" name=\"_wpcf7_ak_js\" value=\"157\"\/><script>document.getElementById( \"ak_js_1\" ).setAttribute( \"value\", ( new Date() ).getTime() );<\/script><\/p><div class=\"wpcf7-response-output\" aria-hidden=\"true\"><\/div>\n<\/form>\n<\/div>\n<\/div>\n<\/div>\n","protected":false},"excerpt":{"rendered":"<p>Prix chariot \u00e9l\u00e9vateur Lonking neuf Tunisie : Prix chariot \u00e9l\u00e9vateur Lonking LG30D 3T Diesel neuf Tunisie Prix chariot \u00e9l\u00e9vateur Lonking LG50D 7T Diesel neuf Tunisie Lonking a montr\u00e9 aux clients issus d&rsquo;Europe, d&rsquo;Afrique et d&rsquo;Asie que les chariots \u00e9l\u00e9vateurs Lonking sont tr\u00e8s comp\u00e9titifs sur le march\u00e9 international. L&rsquo;\u00e9quipe de recherches et d\u00e9veloppement Lonking est tr\u00e8s &#8230; <a title=\"Prix chariot \u00e9l\u00e9vateur Lonking neuf Tunisie\" class=\"read-more\" href=\"https:\/\/motors.tn\/magazine\/prix-chariot-elevateur-neuf-tunisie\/prix-chariot-elevateur-lonking-neuf-tunisie\/\" aria-label=\"En savoir plus sur Prix chariot \u00e9l\u00e9vateur Lonking neuf Tunisie\">Lire la suite<\/a><\/p>\n","protected":false},"author":1,"featured_media":0,"parent":426416,"menu_order":0,"comment_status":"closed","ping_status":"closed","template":"","meta":{"footnotes":""},"class_list":["post-426672","page","type-page","status-publish"],"yoast_head":"<!-- This site is optimized with the Yoast SEO plugin v25.7 - https:\/\/yoast.com\/wordpress\/plugins\/seo\/ -->\n<title>Prix chariot \u00e9l\u00e9vateur Lonking neuf Tunisie - Motors.tn<\/title>\n<meta name=\"description\" content=\"Prix chariot \u00e9l\u00e9vateur Lonking neuf Tunisie : Devis en ligne, capacit\u00e9 de levage, hauteur, moteur, photos et fiche technique\" \/>\n<meta name=\"robots\" content=\"index, follow, max-snippet:-1, max-image-preview:large, max-video-preview:-1\" \/>\n<link rel=\"canonical\" href=\"https:\/\/motors.tn\/magazine\/prix-chariot-elevateur-neuf-tunisie\/prix-chariot-elevateur-lonking-neuf-tunisie\/\" \/>\n<meta property=\"og:locale\" content=\"fr_FR\" \/>\n<meta property=\"og:type\" content=\"article\" \/>\n<meta property=\"og:title\" content=\"Prix chariot \u00e9l\u00e9vateur Lonking neuf Tunisie - Motors.tn\" \/>\n<meta property=\"og:description\" content=\"Prix chariot \u00e9l\u00e9vateur Lonking neuf Tunisie : Devis en ligne, capacit\u00e9 de levage, hauteur, moteur, photos et fiche technique\" \/>\n<meta property=\"og:url\" content=\"https:\/\/motors.tn\/magazine\/prix-chariot-elevateur-neuf-tunisie\/prix-chariot-elevateur-lonking-neuf-tunisie\/\" \/>\n<meta property=\"og:site_name\" content=\"Motors.tn\" \/>\n<meta property=\"article:modified_time\" content=\"2023-07-08T18:04:46+00:00\" \/>\n<meta property=\"og:image\" content=\"https:\/\/motors.tn\/magazine\/wp-content\/uploads\/2023\/07\/sfvsv.png\" \/>\n<meta name=\"twitter:label1\" content=\"Dur\u00e9e de lecture estim\u00e9e\" \/>\n\t<meta name=\"twitter:data1\" content=\"2 minutes\" \/>\n<script type=\"application\/ld+json\" class=\"yoast-schema-graph\">{\"@context\":\"https:\/\/schema.org\",\"@graph\":[{\"@type\":\"WebPage\",\"@id\":\"https:\/\/motors.tn\/magazine\/prix-chariot-elevateur-neuf-tunisie\/prix-chariot-elevateur-lonking-neuf-tunisie\/\",\"url\":\"https:\/\/motors.tn\/magazine\/prix-chariot-elevateur-neuf-tunisie\/prix-chariot-elevateur-lonking-neuf-tunisie\/\",\"name\":\"Prix chariot \u00e9l\u00e9vateur Lonking neuf Tunisie - Motors.tn\",\"isPartOf\":{\"@id\":\"https:\/\/motors.tn\/magazine\/#website\"},\"datePublished\":\"2020-10-15T21:45:27+00:00\",\"dateModified\":\"2023-07-08T18:04:46+00:00\",\"description\":\"Prix chariot \u00e9l\u00e9vateur Lonking neuf Tunisie : Devis en ligne, capacit\u00e9 de levage, hauteur, moteur, photos et fiche technique\",\"breadcrumb\":{\"@id\":\"https:\/\/motors.tn\/magazine\/prix-chariot-elevateur-neuf-tunisie\/prix-chariot-elevateur-lonking-neuf-tunisie\/#breadcrumb\"},\"inLanguage\":\"fr-FR\",\"potentialAction\":[{\"@type\":\"ReadAction\",\"target\":[\"https:\/\/motors.tn\/magazine\/prix-chariot-elevateur-neuf-tunisie\/prix-chariot-elevateur-lonking-neuf-tunisie\/\"]}]},{\"@type\":\"BreadcrumbList\",\"@id\":\"https:\/\/motors.tn\/magazine\/prix-chariot-elevateur-neuf-tunisie\/prix-chariot-elevateur-lonking-neuf-tunisie\/#breadcrumb\",\"itemListElement\":[{\"@type\":\"ListItem\",\"position\":1,\"name\":\"Motors.tn\",\"item\":\"https:\/\/motors.tn\/magazine\/\"},{\"@type\":\"ListItem\",\"position\":2,\"name\":\"Prix chariot \u00e9l\u00e9vateur neuf Tunisie\",\"item\":\"https:\/\/motors.tn\/magazine\/prix-chariot-elevateur-neuf-tunisie\/\"},{\"@type\":\"ListItem\",\"position\":3,\"name\":\"Prix chariot \u00e9l\u00e9vateur Lonking neuf Tunisie\"}]},{\"@type\":\"WebSite\",\"@id\":\"https:\/\/motors.tn\/magazine\/#website\",\"url\":\"https:\/\/motors.tn\/magazine\/\",\"name\":\"Motors.tn\",\"description\":\"Actualit\u00e9, prix du neuf et guide d&#039;achat\",\"publisher\":{\"@id\":\"https:\/\/motors.tn\/magazine\/#organization\"},\"potentialAction\":[{\"@type\":\"SearchAction\",\"target\":{\"@type\":\"EntryPoint\",\"urlTemplate\":\"https:\/\/motors.tn\/magazine\/?s={search_term_string}\"},\"query-input\":{\"@type\":\"PropertyValueSpecification\",\"valueRequired\":true,\"valueName\":\"search_term_string\"}}],\"inLanguage\":\"fr-FR\"},{\"@type\":\"Organization\",\"@id\":\"https:\/\/motors.tn\/magazine\/#organization\",\"name\":\"Strat\u00e9gie Digitale\",\"url\":\"https:\/\/motors.tn\/magazine\/\",\"logo\":{\"@type\":\"ImageObject\",\"inLanguage\":\"fr-FR\",\"@id\":\"https:\/\/motors.tn\/magazine\/#\/schema\/logo\/image\/\",\"url\":\"https:\/\/motors.tn\/magazine\/wp-content\/uploads\/2020\/05\/cropped-cropped-logo9bleu.png\",\"contentUrl\":\"https:\/\/motors.tn\/magazine\/wp-content\/uploads\/2020\/05\/cropped-cropped-logo9bleu.png\",\"width\":277,\"height\":44,\"caption\":\"Strat\u00e9gie Digitale\"},\"image\":{\"@id\":\"https:\/\/motors.tn\/magazine\/#\/schema\/logo\/image\/\"}}]}<\/script>\n<!-- \/ Yoast SEO plugin. -->","yoast_head_json":{"title":"Prix chariot \u00e9l\u00e9vateur Lonking neuf Tunisie - Motors.tn","description":"Prix chariot \u00e9l\u00e9vateur Lonking neuf Tunisie : Devis en ligne, capacit\u00e9 de levage, hauteur, moteur, photos et fiche technique","robots":{"index":"index","follow":"follow","max-snippet":"max-snippet:-1","max-image-preview":"max-image-preview:large","max-video-preview":"max-video-preview:-1"},"canonical":"https:\/\/motors.tn\/magazine\/prix-chariot-elevateur-neuf-tunisie\/prix-chariot-elevateur-lonking-neuf-tunisie\/","og_locale":"fr_FR","og_type":"article","og_title":"Prix chariot \u00e9l\u00e9vateur Lonking neuf Tunisie - Motors.tn","og_description":"Prix chariot \u00e9l\u00e9vateur Lonking neuf Tunisie : Devis en ligne, capacit\u00e9 de levage, hauteur, moteur, photos et fiche technique","og_url":"https:\/\/motors.tn\/magazine\/prix-chariot-elevateur-neuf-tunisie\/prix-chariot-elevateur-lonking-neuf-tunisie\/","og_site_name":"Motors.tn","article_modified_time":"2023-07-08T18:04:46+00:00","og_image":[{"url":"https:\/\/motors.tn\/magazine\/wp-content\/uploads\/2023\/07\/sfvsv.png","type":"","width":"","height":""}],"twitter_misc":{"Dur\u00e9e de lecture estim\u00e9e":"2 minutes"},"schema":{"@context":"https:\/\/schema.org","@graph":[{"@type":"WebPage","@id":"https:\/\/motors.tn\/magazine\/prix-chariot-elevateur-neuf-tunisie\/prix-chariot-elevateur-lonking-neuf-tunisie\/","url":"https:\/\/motors.tn\/magazine\/prix-chariot-elevateur-neuf-tunisie\/prix-chariot-elevateur-lonking-neuf-tunisie\/","name":"Prix chariot \u00e9l\u00e9vateur Lonking neuf Tunisie - Motors.tn","isPartOf":{"@id":"https:\/\/motors.tn\/magazine\/#website"},"datePublished":"2020-10-15T21:45:27+00:00","dateModified":"2023-07-08T18:04:46+00:00","description":"Prix chariot \u00e9l\u00e9vateur Lonking neuf Tunisie : Devis en ligne, capacit\u00e9 de levage, hauteur, moteur, photos et fiche technique","breadcrumb":{"@id":"https:\/\/motors.tn\/magazine\/prix-chariot-elevateur-neuf-tunisie\/prix-chariot-elevateur-lonking-neuf-tunisie\/#breadcrumb"},"inLanguage":"fr-FR","potentialAction":[{"@type":"ReadAction","target":["https:\/\/motors.tn\/magazine\/prix-chariot-elevateur-neuf-tunisie\/prix-chariot-elevateur-lonking-neuf-tunisie\/"]}]},{"@type":"BreadcrumbList","@id":"https:\/\/motors.tn\/magazine\/prix-chariot-elevateur-neuf-tunisie\/prix-chariot-elevateur-lonking-neuf-tunisie\/#breadcrumb","itemListElement":[{"@type":"ListItem","position":1,"name":"Motors.tn","item":"https:\/\/motors.tn\/magazine\/"},{"@type":"ListItem","position":2,"name":"Prix chariot \u00e9l\u00e9vateur neuf Tunisie","item":"https:\/\/motors.tn\/magazine\/prix-chariot-elevateur-neuf-tunisie\/"},{"@type":"ListItem","position":3,"name":"Prix chariot \u00e9l\u00e9vateur Lonking neuf Tunisie"}]},{"@type":"WebSite","@id":"https:\/\/motors.tn\/magazine\/#website","url":"https:\/\/motors.tn\/magazine\/","name":"Motors.tn","description":"Actualit\u00e9, prix du neuf et guide d&#039;achat","publisher":{"@id":"https:\/\/motors.tn\/magazine\/#organization"},"potentialAction":[{"@type":"SearchAction","target":{"@type":"EntryPoint","urlTemplate":"https:\/\/motors.tn\/magazine\/?s={search_term_string}"},"query-input":{"@type":"PropertyValueSpecification","valueRequired":true,"valueName":"search_term_string"}}],"inLanguage":"fr-FR"},{"@type":"Organization","@id":"https:\/\/motors.tn\/magazine\/#organization","name":"Strat\u00e9gie Digitale","url":"https:\/\/motors.tn\/magazine\/","logo":{"@type":"ImageObject","inLanguage":"fr-FR","@id":"https:\/\/motors.tn\/magazine\/#\/schema\/logo\/image\/","url":"https:\/\/motors.tn\/magazine\/wp-content\/uploads\/2020\/05\/cropped-cropped-logo9bleu.png","contentUrl":"https:\/\/motors.tn\/magazine\/wp-content\/uploads\/2020\/05\/cropped-cropped-logo9bleu.png","width":277,"height":44,"caption":"Strat\u00e9gie Digitale"},"image":{"@id":"https:\/\/motors.tn\/magazine\/#\/schema\/logo\/image\/"}}]}},"_links":{"self":[{"href":"https:\/\/motors.tn\/magazine\/wp-json\/wp\/v2\/pages\/426672","targetHints":{"allow":["GET"]}}],"collection":[{"href":"https:\/\/motors.tn\/magazine\/wp-json\/wp\/v2\/pages"}],"about":[{"href":"https:\/\/motors.tn\/magazine\/wp-json\/wp\/v2\/types\/page"}],"author":[{"embeddable":true,"href":"https:\/\/motors.tn\/magazine\/wp-json\/wp\/v2\/users\/1"}],"replies":[{"embeddable":true,"href":"https:\/\/motors.tn\/magazine\/wp-json\/wp\/v2\/comments?post=426672"}],"version-history":[{"count":0,"href":"https:\/\/motors.tn\/magazine\/wp-json\/wp\/v2\/pages\/426672\/revisions"}],"up":[{"embeddable":true,"href":"https:\/\/motors.tn\/magazine\/wp-json\/wp\/v2\/pages\/426416"}],"wp:attachment":[{"href":"https:\/\/motors.tn\/magazine\/wp-json\/wp\/v2\/media?parent=426672"}],"curies":[{"name":"wp","href":"https:\/\/api.w.org\/{rel}","templated":true}]}}