{"id":438843,"date":"2021-09-07T16:19:50","date_gmt":"2021-09-07T15:19:50","guid":{"rendered":"https:\/\/motors.tn\/magazine\/?page_id=438843"},"modified":"2025-08-21T17:27:35","modified_gmt":"2025-08-21T16:27:35","slug":"prix-chariot-elevateur-maximal-neuf-tunisie","status":"publish","type":"page","link":"https:\/\/motors.tn\/magazine\/prix-chariot-elevateur-neuf-tunisie\/prix-chariot-elevateur-maximal-neuf-tunisie\/","title":{"rendered":"Prix chariot \u00e9l\u00e9vateur MAXIMAL neuf Tunisie"},"content":{"rendered":"<p><a href=\"https:\/\/motors.tn\/magazine\/prix-chariot-elevateur-neuf-tunisie\/\">Prix chariot \u00e9l\u00e9vateur<\/a> MAXIMAL neuf Tunisie :<\/p>\n<ul>\n<li><a href=\"https:\/\/motors.tn\/magazine\/prix-chariot-elevateur-neuf-tunisie\/prix-chariot-elevateur-maximal-neuf-tunisie\/prix-chariot-elevateur-maximal-3t-diesel-neuf-tunisie\/\">Prix chariot \u00e9l\u00e9vateur MAXIMAL FD30 3T neuf Tunisie (Diesel)<\/a><\/li>\n<\/ul>\n<div id='gallery-1' class='gallery galleryid-438843 gallery-columns-1 gallery-size-full'><figure class='gallery-item'>\n\t\t\t<div class='gallery-icon landscape'>\n\t\t\t\t<a href='https:\/\/motors.tn\/magazine\/prix-chariot-elevateur-neuf-tunisie\/prix-chariot-elevateur-maximal-neuf-tunisie\/attachment\/diesel-fd-30-t-m2wb3-maximal28-2\/#main'><img decoding=\"async\" width=\"350\" height=\"233\" src=\"https:\/\/motors.tn\/magazine\/wp-content\/uploads\/2021\/09\/diesel-fd-30-t-m2wb3-maximal28-1-e1636107551271.jpg\" class=\"attachment-full size-full\" alt=\"\" aria-describedby=\"gallery-1-438851\" \/><\/a>\n\t\t\t<\/div>\n\t\t\t\t<figcaption class='wp-caption-text gallery-caption' id='gallery-1-438851'>\n\t\t\t\tMAXIMAL FD30 3T Diesel\n\t\t\t\t<\/figcaption><\/figure>\n\t\t<\/div>\n\n<div class=\"page-img\">\n<div class=\"text-box animated bounceInLeft\">\n<p style=\"text-align: justify;\">Fond\u00e9e en 2006, l&rsquo;entreprise sino-am\u00e9ricaine Zhejiang Maximal Forklift Co. Ltd. est \u00e9tablie dans la zone industrielle de Lushan en Chine. Les chariots \u00e9l\u00e9vateurs Maximal se sp\u00e9cialisent dans la conception et la fabrication d&rsquo;\u00e9quipement de manutention et d\u00e9tiennent plus de 60 brevets pour leurs inventions techniques et leur conception. Pr\u00e9sents dans plus de 100 pays \u00e0 travers le monde, les chariots \u00e9l\u00e9vateurs Maximal garantissent des \u00e9quipements professionnels et pr\u00e9cis pour une exp\u00e9rience de manutention incomparable. Gr\u00e2ce \u00e0 une gamme compl\u00e8te de chariots \u00e9l\u00e9vateurs Maximal neufs et reconditionn\u00e9s, Les chariots \u00e9l\u00e9vateurs GCS offrent une solution parfaite pour tous vos besoins en mati\u00e8re de manutention.<\/p>\n<\/div>\n<\/div>\n<hr \/>\n<h2><strong>Demande de prix \/ Demande de devis pour un chariot \u00e9l\u00e9vateur MAXIMAL neuf en Tunisie<\/strong><\/h2>\n<div class=\"s\">\n<div><span class=\"st\">Faites votre\u00a0demande de devis\u00a0en ligne ici et recevez gratuitement une r\u00e9ponse\u00a0de nos partenaires :<\/span><\/div>\n<\/div>\n<p>&nbsp;<\/p>\n<div class=\"s\">\n<div class=\"wpcf7 no-js\" id=\"wpcf7-f498184-o1\" lang=\"fr-FR\" dir=\"ltr\" data-wpcf7-id=\"498184\">\n<div class=\"screen-reader-response\"><p role=\"status\" aria-live=\"polite\" aria-atomic=\"true\"><\/p> <ul><\/ul><\/div>\n<form action=\"\/magazine\/wp-json\/wp\/v2\/pages\/438843#wpcf7-f498184-o1\" method=\"post\" class=\"wpcf7-form init\" aria-label=\"Formulaire de contact\" novalidate=\"novalidate\" data-status=\"init\">\n<fieldset class=\"hidden-fields-container\"><input type=\"hidden\" name=\"_wpcf7\" value=\"498184\" \/><input type=\"hidden\" name=\"_wpcf7_version\" value=\"6.1.1\" \/><input type=\"hidden\" name=\"_wpcf7_locale\" value=\"fr_FR\" \/><input type=\"hidden\" name=\"_wpcf7_unit_tag\" value=\"wpcf7-f498184-o1\" \/><input type=\"hidden\" name=\"_wpcf7_container_post\" value=\"0\" \/><input type=\"hidden\" name=\"_wpcf7_posted_data_hash\" value=\"\" \/>\n<\/fieldset>\n<p>Nom et pr\u00e9nom - \u0627\u0644\u0625\u0633\u0645 \u0648 \u0627\u0644\u0644\u0642\u0628 :<br \/>\n<span class=\"wpcf7-form-control-wrap\" data-name=\"your-name\"><input size=\"40\" maxlength=\"400\" class=\"wpcf7-form-control wpcf7-text wpcf7-validates-as-required\" aria-required=\"true\" aria-invalid=\"false\" value=\"\" type=\"text\" name=\"your-name\" \/><\/span>\n<\/p>\n<p>Soci\u00e9t\u00e9 - \u0627\u0644\u0634\u0631\u0643\u0629 :<br \/>\n<span class=\"wpcf7-form-control-wrap\" data-name=\"your-ste\"><input size=\"40\" maxlength=\"400\" class=\"wpcf7-form-control wpcf7-text wpcf7-validates-as-required\" aria-required=\"true\" aria-invalid=\"false\" value=\"\" type=\"text\" name=\"your-ste\" \/><\/span>\n<\/p>\n<p>T\u00e9l\u00e9phone - \u0627\u0644\u0647\u0627\u062a\u0641 :\n<\/p>\n<p><span class=\"wpcf7-form-control-wrap\" data-name=\"your-tel\"><input size=\"40\" maxlength=\"400\" class=\"wpcf7-form-control wpcf7-tel wpcf7-validates-as-required wpcf7-text wpcf7-validates-as-tel\" aria-required=\"true\" aria-invalid=\"false\" value=\"\" type=\"tel\" name=\"your-tel\" \/><\/span>\n<\/p>\n<p>Gouvernorat - \u0627\u0644\u0648\u0644\u0627\u064a\u0629 :\n<\/p>\n<p><span class=\"wpcf7-form-control-wrap\" data-name=\"your-gouvernorat\"><select class=\"wpcf7-form-control wpcf7-select wpcf7-validates-as-required\" aria-required=\"true\" aria-invalid=\"false\" name=\"your-gouvernorat\"><option value=\"\">&#8212;Veuillez choisir une option&#8212;<\/option><option value=\"Ariana - \u0623\u0631\u064a\u0627\u0646\u0629\">Ariana - \u0623\u0631\u064a\u0627\u0646\u0629<\/option><option value=\"B\u00e9ja - \u0628\u0627\u062c\u0629\">B\u00e9ja - \u0628\u0627\u062c\u0629<\/option><option value=\"Ben Arous - \u0628\u0646 \u0639\u0631\u0648\u0633\">Ben Arous - \u0628\u0646 \u0639\u0631\u0648\u0633<\/option><option value=\"Bizerte - \u0628\u0646\u0632\u0631\u062a\">Bizerte - \u0628\u0646\u0632\u0631\u062a<\/option><option value=\"Gab\u00e8s - \u0642\u0627\u0628\u0633\">Gab\u00e8s - \u0642\u0627\u0628\u0633<\/option><option value=\"Gafsa - \u0642\u0641\u0635\u0629\">Gafsa - \u0642\u0641\u0635\u0629<\/option><option value=\"Jendouba - \u062c\u0646\u062f\u0648\u0628\u0629\">Jendouba - \u062c\u0646\u062f\u0648\u0628\u0629<\/option><option value=\"Kairouan - \u0627\u0644\u0642\u064a\u0631\u0648\u0627\u0646\">Kairouan - \u0627\u0644\u0642\u064a\u0631\u0648\u0627\u0646<\/option><option value=\"Kasserine - \u0627\u0644\u0642\u0635\u0631\u064a\u0646\">Kasserine - \u0627\u0644\u0642\u0635\u0631\u064a\u0646<\/option><option value=\"K\u00e9bili - \u0642\u0628\u0644\u064a\">K\u00e9bili - \u0642\u0628\u0644\u064a<\/option><option value=\"Le Kef - \u0627\u0644\u0643\u0627\u0641\">Le Kef - \u0627\u0644\u0643\u0627\u0641<\/option><option value=\"Mahdia - \u0627\u0644\u0645\u0647\u062f\u064a\u0629\">Mahdia - \u0627\u0644\u0645\u0647\u062f\u064a\u0629<\/option><option value=\"La Manouba - \u0645\u0646\u0648\u0628\u0629\">La Manouba - \u0645\u0646\u0648\u0628\u0629<\/option><option value=\"M\u00e9denine - \u0645\u062f\u0646\u064a\u0646\">M\u00e9denine - \u0645\u062f\u0646\u064a\u0646<\/option><option value=\"Monastir - \u0627\u0644\u0645\u0646\u0633\u062a\u064a\u0631\">Monastir - \u0627\u0644\u0645\u0646\u0633\u062a\u064a\u0631<\/option><option value=\"Nabeul - \u0646\u0627\u0628\u0644\">Nabeul - \u0646\u0627\u0628\u0644<\/option><option value=\"Sfax - \u0635\u0641\u0627\u0642\u0633\">Sfax - \u0635\u0641\u0627\u0642\u0633<\/option><option value=\"Sidi Bouzid - \u0633\u064a\u062f\u064a \u0628\u0648\u0632\u064a\u062f\">Sidi Bouzid - \u0633\u064a\u062f\u064a \u0628\u0648\u0632\u064a\u062f<\/option><option value=\"Siliana - \u0633\u0644\u064a\u0627\u0646\u0629\">Siliana - \u0633\u0644\u064a\u0627\u0646\u0629<\/option><option value=\"Sousse - \u0633\u0648\u0633\u0629\">Sousse - \u0633\u0648\u0633\u0629<\/option><option value=\"Tataouine - \u062a\u0637\u0627\u0648\u064a\u0646\">Tataouine - \u062a\u0637\u0627\u0648\u064a\u0646<\/option><option value=\"Tozeur - \u062a\u0648\u0632\u0631\">Tozeur - \u062a\u0648\u0632\u0631<\/option><option value=\"Tunis - \u062a\u0648\u0646\u0633\">Tunis - \u062a\u0648\u0646\u0633<\/option><option value=\"Zaghouan - \u0632\u063a\u0648\u0627\u0646\">Zaghouan - \u0632\u063a\u0648\u0627\u0646<\/option><\/select><\/span>\n<\/p>\n<p>Email - \u0627\u0644\u0628\u0631\u064a\u062f \u0627\u0644\u0625\u0644\u0643\u062a\u0631\u0648\u0646\u064a :\n<\/p>\n<p><span class=\"wpcf7-form-control-wrap\" data-name=\"your-email\"><input size=\"40\" maxlength=\"400\" class=\"wpcf7-form-control wpcf7-email wpcf7-validates-as-required wpcf7-text wpcf7-validates-as-email\" aria-required=\"true\" aria-invalid=\"false\" value=\"\" type=\"email\" name=\"your-email\" \/><\/span>\n<\/p>\n<p>Mod\u00e8le - \u0627\u0644\u0646\u0648\u0639 :\n<\/p>\n<p><span class=\"wpcf7-form-control-wrap\" data-name=\"Modele\"><span class=\"wpcf7-form-control wpcf7-checkbox wpcf7-validates-as-required\"><span class=\"wpcf7-list-item first last\"><label><input type=\"checkbox\" name=\"Modele[]\" value=\"MAXIMAL 3T DIESEL\" \/><span class=\"wpcf7-list-item-label\">MAXIMAL 3T DIESEL<\/span><\/label><\/span><\/span><\/span>\n<\/p>\n<p><input class=\"wpcf7-form-control wpcf7-submit has-spinner\" type=\"submit\" value=\"Envoyer - \u0625\u0631\u0633\u0627\u0644\" \/>\n<\/p><p style=\"display: none !important;\" class=\"akismet-fields-container\" data-prefix=\"_wpcf7_ak_\"><label>&#916;<textarea name=\"_wpcf7_ak_hp_textarea\" cols=\"45\" rows=\"8\" maxlength=\"100\"><\/textarea><\/label><input type=\"hidden\" id=\"ak_js_1\" name=\"_wpcf7_ak_js\" value=\"8\"\/><script>document.getElementById( \"ak_js_1\" ).setAttribute( \"value\", ( new Date() ).getTime() );<\/script><\/p><div class=\"wpcf7-response-output\" aria-hidden=\"true\"><\/div>\n<\/form>\n<\/div>\n<\/div>\n","protected":false},"excerpt":{"rendered":"<p>Prix chariot \u00e9l\u00e9vateur MAXIMAL neuf Tunisie : Prix chariot \u00e9l\u00e9vateur MAXIMAL FD30 3T neuf Tunisie (Diesel) Fond\u00e9e en 2006, l&rsquo;entreprise sino-am\u00e9ricaine Zhejiang Maximal Forklift Co. Ltd. est \u00e9tablie dans la zone industrielle de Lushan en Chine. Les chariots \u00e9l\u00e9vateurs Maximal se sp\u00e9cialisent dans la conception et la fabrication d&rsquo;\u00e9quipement de manutention et d\u00e9tiennent plus de &#8230; <a title=\"Prix chariot \u00e9l\u00e9vateur MAXIMAL neuf Tunisie\" class=\"read-more\" href=\"https:\/\/motors.tn\/magazine\/prix-chariot-elevateur-neuf-tunisie\/prix-chariot-elevateur-maximal-neuf-tunisie\/\" aria-label=\"En savoir plus sur Prix chariot \u00e9l\u00e9vateur MAXIMAL neuf Tunisie\">Lire la suite<\/a><\/p>\n","protected":false},"author":19342,"featured_media":0,"parent":426416,"menu_order":0,"comment_status":"closed","ping_status":"closed","template":"","meta":{"footnotes":""},"class_list":["post-438843","page","type-page","status-publish"],"yoast_head":"<!-- This site is optimized with the Yoast SEO plugin v25.7 - https:\/\/yoast.com\/wordpress\/plugins\/seo\/ -->\n<title>Prix chariot \u00e9l\u00e9vateur MAXIMAL neuf Tunisie - Motors.tn<\/title>\n<meta name=\"description\" content=\"Prix chariot \u00e9l\u00e9vateur MAXIMAL neuf Tunisie : Devis en ligne, capacit\u00e9 de levage, hauteur, moteur, photos et fiche technique\" \/>\n<meta name=\"robots\" content=\"index, follow, max-snippet:-1, max-image-preview:large, max-video-preview:-1\" \/>\n<link rel=\"canonical\" href=\"https:\/\/motors.tn\/magazine\/prix-chariot-elevateur-neuf-tunisie\/prix-chariot-elevateur-maximal-neuf-tunisie\/\" \/>\n<meta property=\"og:locale\" content=\"fr_FR\" \/>\n<meta property=\"og:type\" content=\"article\" \/>\n<meta property=\"og:title\" content=\"Prix chariot \u00e9l\u00e9vateur MAXIMAL neuf Tunisie - Motors.tn\" \/>\n<meta property=\"og:description\" content=\"Prix chariot \u00e9l\u00e9vateur MAXIMAL neuf Tunisie : Devis en ligne, capacit\u00e9 de levage, hauteur, moteur, photos et fiche technique\" \/>\n<meta property=\"og:url\" content=\"https:\/\/motors.tn\/magazine\/prix-chariot-elevateur-neuf-tunisie\/prix-chariot-elevateur-maximal-neuf-tunisie\/\" \/>\n<meta property=\"og:site_name\" content=\"Motors.tn\" \/>\n<meta property=\"article:modified_time\" content=\"2025-08-21T16:27:35+00:00\" \/>\n<meta property=\"og:image\" content=\"https:\/\/motors.tn\/magazine\/wp-content\/uploads\/2021\/09\/diesel-fd-30-t-m2wb3-maximal28-1-e1636107551271.jpg\" \/>\n<meta name=\"twitter:label1\" content=\"Dur\u00e9e de lecture estim\u00e9e\" \/>\n\t<meta name=\"twitter:data1\" content=\"1 minute\" \/>\n<script type=\"application\/ld+json\" class=\"yoast-schema-graph\">{\"@context\":\"https:\/\/schema.org\",\"@graph\":[{\"@type\":\"WebPage\",\"@id\":\"https:\/\/motors.tn\/magazine\/prix-chariot-elevateur-neuf-tunisie\/prix-chariot-elevateur-maximal-neuf-tunisie\/\",\"url\":\"https:\/\/motors.tn\/magazine\/prix-chariot-elevateur-neuf-tunisie\/prix-chariot-elevateur-maximal-neuf-tunisie\/\",\"name\":\"Prix chariot \u00e9l\u00e9vateur MAXIMAL neuf Tunisie - Motors.tn\",\"isPartOf\":{\"@id\":\"https:\/\/motors.tn\/magazine\/#website\"},\"datePublished\":\"2021-09-07T15:19:50+00:00\",\"dateModified\":\"2025-08-21T16:27:35+00:00\",\"description\":\"Prix chariot \u00e9l\u00e9vateur MAXIMAL neuf Tunisie : Devis en ligne, capacit\u00e9 de levage, hauteur, moteur, photos et fiche technique\",\"breadcrumb\":{\"@id\":\"https:\/\/motors.tn\/magazine\/prix-chariot-elevateur-neuf-tunisie\/prix-chariot-elevateur-maximal-neuf-tunisie\/#breadcrumb\"},\"inLanguage\":\"fr-FR\",\"potentialAction\":[{\"@type\":\"ReadAction\",\"target\":[\"https:\/\/motors.tn\/magazine\/prix-chariot-elevateur-neuf-tunisie\/prix-chariot-elevateur-maximal-neuf-tunisie\/\"]}]},{\"@type\":\"BreadcrumbList\",\"@id\":\"https:\/\/motors.tn\/magazine\/prix-chariot-elevateur-neuf-tunisie\/prix-chariot-elevateur-maximal-neuf-tunisie\/#breadcrumb\",\"itemListElement\":[{\"@type\":\"ListItem\",\"position\":1,\"name\":\"Motors.tn\",\"item\":\"https:\/\/motors.tn\/magazine\/\"},{\"@type\":\"ListItem\",\"position\":2,\"name\":\"Prix chariot \u00e9l\u00e9vateur neuf Tunisie\",\"item\":\"https:\/\/motors.tn\/magazine\/prix-chariot-elevateur-neuf-tunisie\/\"},{\"@type\":\"ListItem\",\"position\":3,\"name\":\"Prix chariot \u00e9l\u00e9vateur MAXIMAL neuf Tunisie\"}]},{\"@type\":\"WebSite\",\"@id\":\"https:\/\/motors.tn\/magazine\/#website\",\"url\":\"https:\/\/motors.tn\/magazine\/\",\"name\":\"Motors.tn\",\"description\":\"Actualit\u00e9, prix du neuf et guide d&#039;achat\",\"publisher\":{\"@id\":\"https:\/\/motors.tn\/magazine\/#organization\"},\"potentialAction\":[{\"@type\":\"SearchAction\",\"target\":{\"@type\":\"EntryPoint\",\"urlTemplate\":\"https:\/\/motors.tn\/magazine\/?s={search_term_string}\"},\"query-input\":{\"@type\":\"PropertyValueSpecification\",\"valueRequired\":true,\"valueName\":\"search_term_string\"}}],\"inLanguage\":\"fr-FR\"},{\"@type\":\"Organization\",\"@id\":\"https:\/\/motors.tn\/magazine\/#organization\",\"name\":\"Strat\u00e9gie Digitale\",\"url\":\"https:\/\/motors.tn\/magazine\/\",\"logo\":{\"@type\":\"ImageObject\",\"inLanguage\":\"fr-FR\",\"@id\":\"https:\/\/motors.tn\/magazine\/#\/schema\/logo\/image\/\",\"url\":\"https:\/\/motors.tn\/magazine\/wp-content\/uploads\/2020\/05\/cropped-cropped-logo9bleu.png\",\"contentUrl\":\"https:\/\/motors.tn\/magazine\/wp-content\/uploads\/2020\/05\/cropped-cropped-logo9bleu.png\",\"width\":277,\"height\":44,\"caption\":\"Strat\u00e9gie Digitale\"},\"image\":{\"@id\":\"https:\/\/motors.tn\/magazine\/#\/schema\/logo\/image\/\"}}]}<\/script>\n<!-- \/ Yoast SEO plugin. -->","yoast_head_json":{"title":"Prix chariot \u00e9l\u00e9vateur MAXIMAL neuf Tunisie - Motors.tn","description":"Prix chariot \u00e9l\u00e9vateur MAXIMAL neuf Tunisie : Devis en ligne, capacit\u00e9 de levage, hauteur, moteur, photos et fiche technique","robots":{"index":"index","follow":"follow","max-snippet":"max-snippet:-1","max-image-preview":"max-image-preview:large","max-video-preview":"max-video-preview:-1"},"canonical":"https:\/\/motors.tn\/magazine\/prix-chariot-elevateur-neuf-tunisie\/prix-chariot-elevateur-maximal-neuf-tunisie\/","og_locale":"fr_FR","og_type":"article","og_title":"Prix chariot \u00e9l\u00e9vateur MAXIMAL neuf Tunisie - Motors.tn","og_description":"Prix chariot \u00e9l\u00e9vateur MAXIMAL neuf Tunisie : Devis en ligne, capacit\u00e9 de levage, hauteur, moteur, photos et fiche technique","og_url":"https:\/\/motors.tn\/magazine\/prix-chariot-elevateur-neuf-tunisie\/prix-chariot-elevateur-maximal-neuf-tunisie\/","og_site_name":"Motors.tn","article_modified_time":"2025-08-21T16:27:35+00:00","og_image":[{"url":"https:\/\/motors.tn\/magazine\/wp-content\/uploads\/2021\/09\/diesel-fd-30-t-m2wb3-maximal28-1-e1636107551271.jpg","type":"","width":"","height":""}],"twitter_misc":{"Dur\u00e9e de lecture estim\u00e9e":"1 minute"},"schema":{"@context":"https:\/\/schema.org","@graph":[{"@type":"WebPage","@id":"https:\/\/motors.tn\/magazine\/prix-chariot-elevateur-neuf-tunisie\/prix-chariot-elevateur-maximal-neuf-tunisie\/","url":"https:\/\/motors.tn\/magazine\/prix-chariot-elevateur-neuf-tunisie\/prix-chariot-elevateur-maximal-neuf-tunisie\/","name":"Prix chariot \u00e9l\u00e9vateur MAXIMAL neuf Tunisie - Motors.tn","isPartOf":{"@id":"https:\/\/motors.tn\/magazine\/#website"},"datePublished":"2021-09-07T15:19:50+00:00","dateModified":"2025-08-21T16:27:35+00:00","description":"Prix chariot \u00e9l\u00e9vateur MAXIMAL neuf Tunisie : Devis en ligne, capacit\u00e9 de levage, hauteur, moteur, photos et fiche technique","breadcrumb":{"@id":"https:\/\/motors.tn\/magazine\/prix-chariot-elevateur-neuf-tunisie\/prix-chariot-elevateur-maximal-neuf-tunisie\/#breadcrumb"},"inLanguage":"fr-FR","potentialAction":[{"@type":"ReadAction","target":["https:\/\/motors.tn\/magazine\/prix-chariot-elevateur-neuf-tunisie\/prix-chariot-elevateur-maximal-neuf-tunisie\/"]}]},{"@type":"BreadcrumbList","@id":"https:\/\/motors.tn\/magazine\/prix-chariot-elevateur-neuf-tunisie\/prix-chariot-elevateur-maximal-neuf-tunisie\/#breadcrumb","itemListElement":[{"@type":"ListItem","position":1,"name":"Motors.tn","item":"https:\/\/motors.tn\/magazine\/"},{"@type":"ListItem","position":2,"name":"Prix chariot \u00e9l\u00e9vateur neuf Tunisie","item":"https:\/\/motors.tn\/magazine\/prix-chariot-elevateur-neuf-tunisie\/"},{"@type":"ListItem","position":3,"name":"Prix chariot \u00e9l\u00e9vateur MAXIMAL neuf Tunisie"}]},{"@type":"WebSite","@id":"https:\/\/motors.tn\/magazine\/#website","url":"https:\/\/motors.tn\/magazine\/","name":"Motors.tn","description":"Actualit\u00e9, prix du neuf et guide d&#039;achat","publisher":{"@id":"https:\/\/motors.tn\/magazine\/#organization"},"potentialAction":[{"@type":"SearchAction","target":{"@type":"EntryPoint","urlTemplate":"https:\/\/motors.tn\/magazine\/?s={search_term_string}"},"query-input":{"@type":"PropertyValueSpecification","valueRequired":true,"valueName":"search_term_string"}}],"inLanguage":"fr-FR"},{"@type":"Organization","@id":"https:\/\/motors.tn\/magazine\/#organization","name":"Strat\u00e9gie Digitale","url":"https:\/\/motors.tn\/magazine\/","logo":{"@type":"ImageObject","inLanguage":"fr-FR","@id":"https:\/\/motors.tn\/magazine\/#\/schema\/logo\/image\/","url":"https:\/\/motors.tn\/magazine\/wp-content\/uploads\/2020\/05\/cropped-cropped-logo9bleu.png","contentUrl":"https:\/\/motors.tn\/magazine\/wp-content\/uploads\/2020\/05\/cropped-cropped-logo9bleu.png","width":277,"height":44,"caption":"Strat\u00e9gie Digitale"},"image":{"@id":"https:\/\/motors.tn\/magazine\/#\/schema\/logo\/image\/"}}]}},"_links":{"self":[{"href":"https:\/\/motors.tn\/magazine\/wp-json\/wp\/v2\/pages\/438843","targetHints":{"allow":["GET"]}}],"collection":[{"href":"https:\/\/motors.tn\/magazine\/wp-json\/wp\/v2\/pages"}],"about":[{"href":"https:\/\/motors.tn\/magazine\/wp-json\/wp\/v2\/types\/page"}],"author":[{"embeddable":true,"href":"https:\/\/motors.tn\/magazine\/wp-json\/wp\/v2\/users\/19342"}],"replies":[{"embeddable":true,"href":"https:\/\/motors.tn\/magazine\/wp-json\/wp\/v2\/comments?post=438843"}],"version-history":[{"count":1,"href":"https:\/\/motors.tn\/magazine\/wp-json\/wp\/v2\/pages\/438843\/revisions"}],"predecessor-version":[{"id":498185,"href":"https:\/\/motors.tn\/magazine\/wp-json\/wp\/v2\/pages\/438843\/revisions\/498185"}],"up":[{"embeddable":true,"href":"https:\/\/motors.tn\/magazine\/wp-json\/wp\/v2\/pages\/426416"}],"wp:attachment":[{"href":"https:\/\/motors.tn\/magazine\/wp-json\/wp\/v2\/media?parent=438843"}],"curies":[{"name":"wp","href":"https:\/\/api.w.org\/{rel}","templated":true}]}}