{"id":445148,"date":"2021-12-18T18:36:25","date_gmt":"2021-12-18T17:36:25","guid":{"rendered":"https:\/\/motors.tn\/magazine\/?page_id=445148"},"modified":"2023-07-18T22:55:43","modified_gmt":"2023-07-18T21:55:43","slug":"prix-tracteur-agricole-carraro-neuf-en-tunisie","status":"publish","type":"page","link":"https:\/\/motors.tn\/magazine\/prix-tracteur-agricole-neuf-en-tunisie\/prix-tracteur-agricole-carraro-neuf-en-tunisie\/","title":{"rendered":"Prix tracteur agricole Carraro neuf en Tunisie"},"content":{"rendered":"<p><a href=\"https:\/\/motors.tn\/magazine\/prix-tracteur-agricole-neuf-en-tunisie\/\">Prix tracteur agricole<\/a> Carraro neuf en Tunisie :<\/p>\n<ul>\n<li><a href=\"https:\/\/motors.tn\/magazine\/prix-tracteur-agricole-neuf-en-tunisie\/prix-tracteur-agricole-carraro-neuf-en-tunisie\/prix-tracteur-agricole-carraro-vigneto-largo-basso-tiiia-neuf-en-tunisie\/\">Prix tracteur agricole Carraro Vigneto Largo Basso TIIIA neuf en Tunisie<\/a><\/li>\n<li><a href=\"https:\/\/motors.tn\/magazine\/prix-tracteur-agricole-neuf-en-tunisie\/prix-tracteur-agricole-carraro-neuf-en-tunisie\/prix-tracteur-agricole-carraro-frutteto-basso-tiiia-neuf-en-tunisie\/\">Prix tracteur agricole Carraro Frutteto Basso TIIIA neuf en Tunisie<\/a><\/li>\n<li><a href=\"https:\/\/motors.tn\/magazine\/prix-tracteur-agricole-neuf-en-tunisie\/prix-tracteur-agricole-carraro-neuf-en-tunisie\/prix-tracteur-agricole-carraro-vigneto-largo-tiiia-neuf-en-tunisie\/\">Prix tracteur agricole Carraro Vigneto Largo TIIIA neuf en Tunisie<\/a><\/li>\n<li><a href=\"https:\/\/motors.tn\/magazine\/prix-tracteur-agricole-neuf-en-tunisie\/prix-tracteur-agricole-carraro-neuf-en-tunisie\/prix-tracteur-agricole-carraro-passepartout90-neuf-en-tunisie\/\">Prix tracteur agricole Carraro Passepartout 90 neuf en Tunisie<\/a><\/li>\n<\/ul>\n<div id='gallery-1' class='gallery galleryid-445148 gallery-columns-2 gallery-size-full'><figure class='gallery-item'>\n\t\t\t<div class='gallery-icon landscape'>\n\t\t\t\t<a href='https:\/\/motors.tn\/magazine\/prix-tracteur-agricole-neuf-en-tunisie\/prix-tracteur-agricole-carraro-neuf-en-tunisie\/attachment\/carraro-vigneto-largo-basso-tiiia\/#main'><img decoding=\"async\" width=\"350\" height=\"230\" src=\"https:\/\/motors.tn\/magazine\/wp-content\/uploads\/2023\/07\/Carraro-Vigneto-Largo-Basso-TIIIA.png\" class=\"attachment-full size-full\" alt=\"\" aria-describedby=\"gallery-1-491100\" srcset=\"https:\/\/motors.tn\/magazine\/wp-content\/uploads\/2023\/07\/Carraro-Vigneto-Largo-Basso-TIIIA.png 350w, https:\/\/motors.tn\/magazine\/wp-content\/uploads\/2023\/07\/Carraro-Vigneto-Largo-Basso-TIIIA-300x197.png 300w\" sizes=\"(max-width: 350px) 100vw, 350px\" \/><\/a>\n\t\t\t<\/div>\n\t\t\t\t<figcaption class='wp-caption-text gallery-caption' id='gallery-1-491100'>\n\t\t\t\tVigneto Largo Basso TIIIA\n\t\t\t\t<\/figcaption><\/figure><figure class='gallery-item'>\n\t\t\t<div class='gallery-icon landscape'>\n\t\t\t\t<a href='https:\/\/motors.tn\/magazine\/prix-tracteur-agricole-neuf-en-tunisie\/prix-tracteur-agricole-carraro-neuf-en-tunisie\/attachment\/carraro-frutteto-basso-tiiia-2\/#main'><img decoding=\"async\" width=\"350\" height=\"230\" src=\"https:\/\/motors.tn\/magazine\/wp-content\/uploads\/2023\/07\/Carraro-Frutteto-Basso-TIIIA.png\" class=\"attachment-full size-full\" alt=\"\" aria-describedby=\"gallery-1-491102\" srcset=\"https:\/\/motors.tn\/magazine\/wp-content\/uploads\/2023\/07\/Carraro-Frutteto-Basso-TIIIA.png 350w, https:\/\/motors.tn\/magazine\/wp-content\/uploads\/2023\/07\/Carraro-Frutteto-Basso-TIIIA-300x197.png 300w\" sizes=\"(max-width: 350px) 100vw, 350px\" \/><\/a>\n\t\t\t<\/div>\n\t\t\t\t<figcaption class='wp-caption-text gallery-caption' id='gallery-1-491102'>\n\t\t\t\tFrutteto Basso TIIIA\n\t\t\t\t<\/figcaption><\/figure><figure class='gallery-item'>\n\t\t\t<div class='gallery-icon landscape'>\n\t\t\t\t<a href='https:\/\/motors.tn\/magazine\/prix-tracteur-agricole-neuf-en-tunisie\/prix-tracteur-agricole-carraro-neuf-en-tunisie\/attachment\/carraro-vigneto-largo-tiiia-2\/#main'><img decoding=\"async\" width=\"350\" height=\"230\" src=\"https:\/\/motors.tn\/magazine\/wp-content\/uploads\/2023\/07\/Carraro-Vigneto-Largo-TIIIA.png\" class=\"attachment-full size-full\" alt=\"\" aria-describedby=\"gallery-1-491101\" srcset=\"https:\/\/motors.tn\/magazine\/wp-content\/uploads\/2023\/07\/Carraro-Vigneto-Largo-TIIIA.png 350w, https:\/\/motors.tn\/magazine\/wp-content\/uploads\/2023\/07\/Carraro-Vigneto-Largo-TIIIA-300x197.png 300w\" sizes=\"(max-width: 350px) 100vw, 350px\" \/><\/a>\n\t\t\t<\/div>\n\t\t\t\t<figcaption class='wp-caption-text gallery-caption' id='gallery-1-491101'>\n\t\t\t\tVigneto Largo TIIIA\n\t\t\t\t<\/figcaption><\/figure><figure class='gallery-item'>\n\t\t\t<div class='gallery-icon landscape'>\n\t\t\t\t<a href='https:\/\/motors.tn\/magazine\/prix-tracteur-agricole-neuf-en-tunisie\/prix-tracteur-agricole-carraro-neuf-en-tunisie\/attachment\/carraro-passepartout-90-2\/#main'><img decoding=\"async\" width=\"350\" height=\"230\" src=\"https:\/\/motors.tn\/magazine\/wp-content\/uploads\/2023\/07\/Carraro-Passepartout-90.png\" class=\"attachment-full size-full\" alt=\"\" aria-describedby=\"gallery-1-491099\" srcset=\"https:\/\/motors.tn\/magazine\/wp-content\/uploads\/2023\/07\/Carraro-Passepartout-90.png 350w, https:\/\/motors.tn\/magazine\/wp-content\/uploads\/2023\/07\/Carraro-Passepartout-90-300x197.png 300w\" sizes=\"(max-width: 350px) 100vw, 350px\" \/><\/a>\n\t\t\t<\/div>\n\t\t\t\t<figcaption class='wp-caption-text gallery-caption' id='gallery-1-491099'>\n\t\t\t\tPasseport 90\n\t\t\t\t<\/figcaption><\/figure>\n\t\t<\/div>\n\n<p style=\"text-align: justify;\">Antonio Carraro est une entreprise italienne avec une longue histoire, situ\u00e9e \u00e0 Campodarsego dans la r\u00e9gion de Veneto. Fond\u00e9e en 1910 par Giovanni Carraro, c&rsquo;est un leader mondial dans la production de <a href=\"https:\/\/motors.tn\/magazine\/prix-tracteur-agricole-neuf-en-tunisie\/\">tracteurs agricoles<\/a> compacts pour l&rsquo;agriculture professionnelle et l&rsquo;entretien civil.<\/p>\n<p style=\"text-align: justify;\">L&rsquo;entreprise est active \u00e0 l&rsquo;\u00e9chelle mondiale depuis des d\u00e9cennies et compte 450 employ\u00e9s \u00e0 son si\u00e8ge social en Italie et dans des succursales commerciales en Australie, en Espagne et en Turquie. Le r\u00e9seau de vente se compose de 600 importateurs, distributeurs et distributeurs dans le monde entier.<\/p>\n<p style=\"text-align: justify;\">L&rsquo;objectif est d&rsquo;apporter aux op\u00e9rateurs du secteur agricole professionnel les meilleures solutions, m\u00eame dans des conditions extr\u00eames d&rsquo;utilisation et en termes d&rsquo;entretien des espaces verts et de viabilit\u00e9.<\/p>\n<p style=\"text-align: justify;\">Nous croyons que les clients et les collaborateurs ainsi qu&rsquo;une certaine \u00e9thique de travail sont les cl\u00e9s du succ\u00e8s.<\/p>\n<hr \/>\n<h2><strong>Demande de prix \/ Demande de devis pour Tracteur Agricole neuf en Tunisie\u00a0<\/strong><\/h2>\n<p style=\"text-align: left;\">Faites votre demande de devis en ligne ici et recevez gratuitement une r\u00e9ponse de nos partenaires :<\/p>\n\n<div class=\"wpcf7 no-js\" id=\"wpcf7-f433619-o1\" lang=\"fr-FR\" dir=\"ltr\" data-wpcf7-id=\"433619\">\n<div class=\"screen-reader-response\"><p role=\"status\" aria-live=\"polite\" aria-atomic=\"true\"><\/p> <ul><\/ul><\/div>\n<form action=\"\/magazine\/wp-json\/wp\/v2\/pages\/445148#wpcf7-f433619-o1\" method=\"post\" class=\"wpcf7-form init\" aria-label=\"Formulaire de contact\" novalidate=\"novalidate\" data-status=\"init\">\n<fieldset class=\"hidden-fields-container\"><input type=\"hidden\" name=\"_wpcf7\" value=\"433619\" \/><input type=\"hidden\" name=\"_wpcf7_version\" value=\"6.1.1\" \/><input type=\"hidden\" name=\"_wpcf7_locale\" value=\"fr_FR\" \/><input type=\"hidden\" name=\"_wpcf7_unit_tag\" value=\"wpcf7-f433619-o1\" \/><input type=\"hidden\" name=\"_wpcf7_container_post\" value=\"0\" \/><input type=\"hidden\" name=\"_wpcf7_posted_data_hash\" value=\"\" \/>\n<\/fieldset>\n<p>Nom et pr\u00e9nom - \u0627\u0644\u0625\u0633\u0645 \u0648 \u0627\u0644\u0644\u0642\u0628 :<br \/>\n<span class=\"wpcf7-form-control-wrap\" data-name=\"your-name\"><input size=\"40\" maxlength=\"400\" class=\"wpcf7-form-control wpcf7-text wpcf7-validates-as-required\" aria-required=\"true\" aria-invalid=\"false\" value=\"\" type=\"text\" name=\"your-name\" \/><\/span>\n<\/p>\n<p> Soci\u00e9t\u00e9 - \u0627\u0644\u0634\u0631\u0643\u0629 :<br \/>\n<span class=\"wpcf7-form-control-wrap\" data-name=\"your-ste\"><input size=\"40\" maxlength=\"400\" class=\"wpcf7-form-control wpcf7-text wpcf7-validates-as-required\" aria-required=\"true\" aria-invalid=\"false\" value=\"\" type=\"text\" name=\"your-ste\" \/><\/span>\n<\/p>\n<p>T\u00e9l\u00e9phone - \u0627\u0644\u0647\u0627\u062a\u0641 :\n<\/p>\n<p><span class=\"wpcf7-form-control-wrap\" data-name=\"your-tel\"><input size=\"40\" maxlength=\"400\" class=\"wpcf7-form-control wpcf7-tel wpcf7-validates-as-required wpcf7-text wpcf7-validates-as-tel\" aria-required=\"true\" aria-invalid=\"false\" value=\"\" type=\"tel\" name=\"your-tel\" \/><\/span>\n<\/p>\n<p>Gouvernorat - \u0627\u0644\u0648\u0644\u0627\u064a\u0629 :\n<\/p>\n<p><span class=\"wpcf7-form-control-wrap\" data-name=\"your-gouvernorat\"><select class=\"wpcf7-form-control wpcf7-select wpcf7-validates-as-required\" aria-required=\"true\" aria-invalid=\"false\" name=\"your-gouvernorat\"><option value=\"\">&#8212;Veuillez choisir une option&#8212;<\/option><option value=\"Ariana - \u0623\u0631\u064a\u0627\u0646\u0629\">Ariana - \u0623\u0631\u064a\u0627\u0646\u0629<\/option><option value=\"B\u00e9ja - \u0628\u0627\u062c\u0629\">B\u00e9ja - \u0628\u0627\u062c\u0629<\/option><option value=\"Ben Arous - \u0628\u0646 \u0639\u0631\u0648\u0633\">Ben Arous - \u0628\u0646 \u0639\u0631\u0648\u0633<\/option><option value=\"Bizerte - \u0628\u0646\u0632\u0631\u062a\">Bizerte - \u0628\u0646\u0632\u0631\u062a<\/option><option value=\"Gab\u00e8s - \u0642\u0627\u0628\u0633\">Gab\u00e8s - \u0642\u0627\u0628\u0633<\/option><option value=\"Gafsa - \u0642\u0641\u0635\u0629\">Gafsa - \u0642\u0641\u0635\u0629<\/option><option value=\"Jendouba - \u062c\u0646\u062f\u0648\u0628\u0629\">Jendouba - \u062c\u0646\u062f\u0648\u0628\u0629<\/option><option value=\"Kairouan - \u0627\u0644\u0642\u064a\u0631\u0648\u0627\u0646\">Kairouan - \u0627\u0644\u0642\u064a\u0631\u0648\u0627\u0646<\/option><option value=\"Kasserine - \u0627\u0644\u0642\u0635\u0631\u064a\u0646\">Kasserine - \u0627\u0644\u0642\u0635\u0631\u064a\u0646<\/option><option value=\"K\u00e9bili - \u0642\u0628\u0644\u064a\">K\u00e9bili - \u0642\u0628\u0644\u064a<\/option><option value=\"Le Kef - \u0627\u0644\u0643\u0627\u0641\">Le Kef - \u0627\u0644\u0643\u0627\u0641<\/option><option value=\"Mahdia - \u0627\u0644\u0645\u0647\u062f\u064a\u0629\">Mahdia - \u0627\u0644\u0645\u0647\u062f\u064a\u0629<\/option><option value=\"La Manouba - \u0645\u0646\u0648\u0628\u0629\">La Manouba - \u0645\u0646\u0648\u0628\u0629<\/option><option value=\"M\u00e9denine - \u0645\u062f\u0646\u064a\u0646\">M\u00e9denine - \u0645\u062f\u0646\u064a\u0646<\/option><option value=\"Monastir - \u0627\u0644\u0645\u0646\u0633\u062a\u064a\u0631\">Monastir - \u0627\u0644\u0645\u0646\u0633\u062a\u064a\u0631<\/option><option value=\"Nabeul - \u0646\u0627\u0628\u0644\">Nabeul - \u0646\u0627\u0628\u0644<\/option><option value=\"Sfax - \u0635\u0641\u0627\u0642\u0633\">Sfax - \u0635\u0641\u0627\u0642\u0633<\/option><option value=\"Sidi Bouzid - \u0633\u064a\u062f\u064a \u0628\u0648\u0632\u064a\u062f\">Sidi Bouzid - \u0633\u064a\u062f\u064a \u0628\u0648\u0632\u064a\u062f<\/option><option value=\"Siliana - \u0633\u0644\u064a\u0627\u0646\u0629\">Siliana - \u0633\u0644\u064a\u0627\u0646\u0629<\/option><option value=\"Sousse - \u0633\u0648\u0633\u0629\">Sousse - \u0633\u0648\u0633\u0629<\/option><option value=\"Tataouine - \u062a\u0637\u0627\u0648\u064a\u0646\">Tataouine - \u062a\u0637\u0627\u0648\u064a\u0646<\/option><option value=\"Tozeur - \u062a\u0648\u0632\u0631\">Tozeur - \u062a\u0648\u0632\u0631<\/option><option value=\"Tunis - \u062a\u0648\u0646\u0633\">Tunis - \u062a\u0648\u0646\u0633<\/option><option value=\"Zaghouan - \u0632\u063a\u0648\u0627\u0646\">Zaghouan - \u0632\u063a\u0648\u0627\u0646<\/option><\/select><\/span>\n<\/p>\n<p>Email - \u0627\u0644\u0628\u0631\u064a\u062f \u0627\u0644\u0625\u0644\u0643\u062a\u0631\u0648\u0646\u064a :\n<\/p>\n<p><span class=\"wpcf7-form-control-wrap\" data-name=\"your-email\"><input size=\"40\" maxlength=\"400\" class=\"wpcf7-form-control wpcf7-email wpcf7-validates-as-required wpcf7-text wpcf7-validates-as-email\" aria-required=\"true\" aria-invalid=\"false\" value=\"\" type=\"email\" name=\"your-email\" \/><\/span>\n<\/p>\n<p><span class=\"wpcf7-form-control-wrap\" data-name=\"checkbox-859\"><span class=\"wpcf7-form-control wpcf7-checkbox wpcf7-validates-as-required\"><span class=\"wpcf7-list-item first last\"><input type=\"checkbox\" name=\"checkbox-859[]\" value=\"J&#039;accepte d&#039;\u00eatre contact\u00e9(e) par les concessionnaires partenaires pour recevoir les offres commerciales.\" checked=\"checked\" \/><span class=\"wpcf7-list-item-label\">J&#039;accepte d&#039;\u00eatre contact\u00e9(e) par les concessionnaires partenaires pour recevoir les offres commerciales.<\/span><\/span><\/span><\/span>\n<\/p>\n<p><input class=\"wpcf7-form-control wpcf7-submit has-spinner\" type=\"submit\" value=\"Envoyer - \u0625\u0631\u0633\u0627\u0644\" \/>\n<\/p><p style=\"display: none !important;\" class=\"akismet-fields-container\" data-prefix=\"_wpcf7_ak_\"><label>&#916;<textarea name=\"_wpcf7_ak_hp_textarea\" cols=\"45\" rows=\"8\" maxlength=\"100\"><\/textarea><\/label><input type=\"hidden\" id=\"ak_js_1\" name=\"_wpcf7_ak_js\" value=\"82\"\/><script>document.getElementById( \"ak_js_1\" ).setAttribute( \"value\", ( new Date() ).getTime() );<\/script><\/p><div class=\"wpcf7-response-output\" aria-hidden=\"true\"><\/div>\n<\/form>\n<\/div>\n\n<hr \/>\n<p style=\"text-align: justify;\">Carraro \u00ab\u00a0Tre Cavallini\u00a0\u00bb est la marque du groupe Carraro d\u00e9di\u00e9e \u00e0 ses gammes de tracteurs depuis les ann\u00e9es 1960.<\/p>\n<p style=\"text-align: justify;\">Aujourd&rsquo;hui, cette marque repr\u00e9sente un aspect strat\u00e9gique de l&rsquo;ensemble de l&rsquo;activit\u00e9 Carraro, qui comprend \u00e9galement des syst\u00e8mes de transmission (essieux et transmissions) pour les machines agricoles et de construction.<\/p>\n<p style=\"text-align: justify;\">Seuls ceux qui con\u00e7oivent, d\u00e9veloppent et produisent le tracteur agricole complet peuvent vraiment comprendre les diff\u00e9rents besoins et par cons\u00e9quent d\u00e9velopper la meilleure solution de conception, m\u00eame dans les syst\u00e8mes de transmission.<\/p>\n<p style=\"text-align: justify;\">En m\u00eame temps, Carraro est proche de utilisateurs des tracteurs agricoles. Gr\u00e2ce \u00e0 son r\u00e9seau de concessionnaires, Carraro a en effet la possibilit\u00e9 de recueillir directement des commentaires, des id\u00e9es et des suggestions et de les transformer en \u00e9volution de la gamme de tracteurs agricoles Carraro.<\/p>\n<p style=\"text-align: justify;\">Dans un secteur o\u00f9 il est essentiel d&rsquo;innover et de proposer des produits adapt\u00e9s \u00e0 diff\u00e9rents contextes d&rsquo;utilisation, Carraro s&rsquo;engage en permanence \u00e0 r\u00e9pondre aux exigences \u00e9lev\u00e9es des clients, en les aidant \u00e0 r\u00e9aliser plus de profits et d&rsquo;efficacit\u00e9 op\u00e9rationnelle sans sacrifier le confort.<\/p>\n<p style=\"text-align: justify;\">L&rsquo;usine de Rovigo est le lieu o\u00f9 toute la gamme de tracteurs agricoles Carraro est con\u00e7ue, con\u00e7ue et produite, parall\u00e8lement aux tracteurs sp\u00e9ciaux (vigne, verger et standard) pour les principaux constructeurs mondiaux de machines agricoles.<\/p>\n<p style=\"text-align: justify;\">Un savoir-faire consolid\u00e9, un syst\u00e8me de production all\u00e9g\u00e9e, une \u00e9quipe motiv\u00e9e \u00e0 l&rsquo;am\u00e9lioration continue et orient\u00e9e service \u00e0 la client\u00e8le ainsi que la capacit\u00e9 \u00e0 g\u00e9rer des configurations complexes et de nombreux mod\u00e8les de tracteurs font de l&rsquo;entreprise un centre d&rsquo;excellence reconnu internationalement.<\/p>\n","protected":false},"excerpt":{"rendered":"<p>Prix tracteur agricole Carraro neuf en Tunisie : Prix tracteur agricole Carraro Vigneto Largo Basso TIIIA neuf en Tunisie Prix tracteur agricole Carraro Frutteto Basso TIIIA neuf en Tunisie Prix tracteur agricole Carraro Vigneto Largo TIIIA neuf en Tunisie Prix tracteur agricole Carraro Passepartout 90 neuf en Tunisie Antonio Carraro est une entreprise italienne avec &#8230; <a title=\"Prix tracteur agricole Carraro neuf en Tunisie\" class=\"read-more\" href=\"https:\/\/motors.tn\/magazine\/prix-tracteur-agricole-neuf-en-tunisie\/prix-tracteur-agricole-carraro-neuf-en-tunisie\/\" aria-label=\"En savoir plus sur Prix tracteur agricole Carraro neuf en Tunisie\">Lire la suite<\/a><\/p>\n","protected":false},"author":19342,"featured_media":0,"parent":433606,"menu_order":0,"comment_status":"closed","ping_status":"closed","template":"","meta":{"footnotes":""},"class_list":["post-445148","page","type-page","status-publish"],"yoast_head":"<!-- This site is optimized with the Yoast SEO plugin v25.7 - https:\/\/yoast.com\/wordpress\/plugins\/seo\/ -->\n<title>Prix tracteur agricole Carraro neuf en Tunisie - Motors.tn<\/title>\n<meta name=\"description\" content=\"Prix tracteur agricole Carraro neuf en Tunisie : Tracteur Carraro \u00e0 vendre, Carraro Vigneto, Frutteto, Carraro Passepartout 90 neuf Tunisie\" \/>\n<meta name=\"robots\" content=\"index, follow, max-snippet:-1, max-image-preview:large, max-video-preview:-1\" \/>\n<link rel=\"canonical\" href=\"https:\/\/motors.tn\/magazine\/prix-tracteur-agricole-neuf-en-tunisie\/prix-tracteur-agricole-carraro-neuf-en-tunisie\/\" \/>\n<meta property=\"og:locale\" content=\"fr_FR\" \/>\n<meta property=\"og:type\" content=\"article\" \/>\n<meta property=\"og:title\" content=\"Prix tracteur agricole Carraro neuf en Tunisie - Motors.tn\" \/>\n<meta property=\"og:description\" content=\"Prix tracteur agricole Carraro neuf en Tunisie : Tracteur Carraro \u00e0 vendre, Carraro Vigneto, Frutteto, Carraro Passepartout 90 neuf Tunisie\" \/>\n<meta property=\"og:url\" content=\"https:\/\/motors.tn\/magazine\/prix-tracteur-agricole-neuf-en-tunisie\/prix-tracteur-agricole-carraro-neuf-en-tunisie\/\" \/>\n<meta property=\"og:site_name\" content=\"Motors.tn\" \/>\n<meta property=\"article:modified_time\" content=\"2023-07-18T21:55:43+00:00\" \/>\n<meta property=\"og:image\" content=\"https:\/\/motors.tn\/magazine\/wp-content\/uploads\/2023\/07\/Carraro-Vigneto-Largo-Basso-TIIIA.png\" \/>\n<meta name=\"twitter:label1\" content=\"Dur\u00e9e de lecture estim\u00e9e\" \/>\n\t<meta name=\"twitter:data1\" content=\"3 minutes\" \/>\n<script type=\"application\/ld+json\" class=\"yoast-schema-graph\">{\"@context\":\"https:\/\/schema.org\",\"@graph\":[{\"@type\":\"WebPage\",\"@id\":\"https:\/\/motors.tn\/magazine\/prix-tracteur-agricole-neuf-en-tunisie\/prix-tracteur-agricole-carraro-neuf-en-tunisie\/\",\"url\":\"https:\/\/motors.tn\/magazine\/prix-tracteur-agricole-neuf-en-tunisie\/prix-tracteur-agricole-carraro-neuf-en-tunisie\/\",\"name\":\"Prix tracteur agricole Carraro neuf en Tunisie - Motors.tn\",\"isPartOf\":{\"@id\":\"https:\/\/motors.tn\/magazine\/#website\"},\"datePublished\":\"2021-12-18T17:36:25+00:00\",\"dateModified\":\"2023-07-18T21:55:43+00:00\",\"description\":\"Prix tracteur agricole Carraro neuf en Tunisie : Tracteur Carraro \u00e0 vendre, Carraro Vigneto, Frutteto, Carraro Passepartout 90 neuf Tunisie\",\"breadcrumb\":{\"@id\":\"https:\/\/motors.tn\/magazine\/prix-tracteur-agricole-neuf-en-tunisie\/prix-tracteur-agricole-carraro-neuf-en-tunisie\/#breadcrumb\"},\"inLanguage\":\"fr-FR\",\"potentialAction\":[{\"@type\":\"ReadAction\",\"target\":[\"https:\/\/motors.tn\/magazine\/prix-tracteur-agricole-neuf-en-tunisie\/prix-tracteur-agricole-carraro-neuf-en-tunisie\/\"]}]},{\"@type\":\"BreadcrumbList\",\"@id\":\"https:\/\/motors.tn\/magazine\/prix-tracteur-agricole-neuf-en-tunisie\/prix-tracteur-agricole-carraro-neuf-en-tunisie\/#breadcrumb\",\"itemListElement\":[{\"@type\":\"ListItem\",\"position\":1,\"name\":\"Motors.tn\",\"item\":\"https:\/\/motors.tn\/magazine\/\"},{\"@type\":\"ListItem\",\"position\":2,\"name\":\"Prix tracteur agricole neuf en Tunisie\",\"item\":\"https:\/\/motors.tn\/magazine\/prix-tracteur-agricole-neuf-en-tunisie\/\"},{\"@type\":\"ListItem\",\"position\":3,\"name\":\"Prix tracteur agricole Carraro neuf en Tunisie\"}]},{\"@type\":\"WebSite\",\"@id\":\"https:\/\/motors.tn\/magazine\/#website\",\"url\":\"https:\/\/motors.tn\/magazine\/\",\"name\":\"Motors.tn\",\"description\":\"Actualit\u00e9, prix du neuf et guide d&#039;achat\",\"publisher\":{\"@id\":\"https:\/\/motors.tn\/magazine\/#organization\"},\"potentialAction\":[{\"@type\":\"SearchAction\",\"target\":{\"@type\":\"EntryPoint\",\"urlTemplate\":\"https:\/\/motors.tn\/magazine\/?s={search_term_string}\"},\"query-input\":{\"@type\":\"PropertyValueSpecification\",\"valueRequired\":true,\"valueName\":\"search_term_string\"}}],\"inLanguage\":\"fr-FR\"},{\"@type\":\"Organization\",\"@id\":\"https:\/\/motors.tn\/magazine\/#organization\",\"name\":\"Strat\u00e9gie Digitale\",\"url\":\"https:\/\/motors.tn\/magazine\/\",\"logo\":{\"@type\":\"ImageObject\",\"inLanguage\":\"fr-FR\",\"@id\":\"https:\/\/motors.tn\/magazine\/#\/schema\/logo\/image\/\",\"url\":\"https:\/\/motors.tn\/magazine\/wp-content\/uploads\/2020\/05\/cropped-cropped-logo9bleu.png\",\"contentUrl\":\"https:\/\/motors.tn\/magazine\/wp-content\/uploads\/2020\/05\/cropped-cropped-logo9bleu.png\",\"width\":277,\"height\":44,\"caption\":\"Strat\u00e9gie Digitale\"},\"image\":{\"@id\":\"https:\/\/motors.tn\/magazine\/#\/schema\/logo\/image\/\"}}]}<\/script>\n<!-- \/ Yoast SEO plugin. -->","yoast_head_json":{"title":"Prix tracteur agricole Carraro neuf en Tunisie - Motors.tn","description":"Prix tracteur agricole Carraro neuf en Tunisie : Tracteur Carraro \u00e0 vendre, Carraro Vigneto, Frutteto, Carraro Passepartout 90 neuf Tunisie","robots":{"index":"index","follow":"follow","max-snippet":"max-snippet:-1","max-image-preview":"max-image-preview:large","max-video-preview":"max-video-preview:-1"},"canonical":"https:\/\/motors.tn\/magazine\/prix-tracteur-agricole-neuf-en-tunisie\/prix-tracteur-agricole-carraro-neuf-en-tunisie\/","og_locale":"fr_FR","og_type":"article","og_title":"Prix tracteur agricole Carraro neuf en Tunisie - Motors.tn","og_description":"Prix tracteur agricole Carraro neuf en Tunisie : Tracteur Carraro \u00e0 vendre, Carraro Vigneto, Frutteto, Carraro Passepartout 90 neuf Tunisie","og_url":"https:\/\/motors.tn\/magazine\/prix-tracteur-agricole-neuf-en-tunisie\/prix-tracteur-agricole-carraro-neuf-en-tunisie\/","og_site_name":"Motors.tn","article_modified_time":"2023-07-18T21:55:43+00:00","og_image":[{"url":"https:\/\/motors.tn\/magazine\/wp-content\/uploads\/2023\/07\/Carraro-Vigneto-Largo-Basso-TIIIA.png","type":"","width":"","height":""}],"twitter_misc":{"Dur\u00e9e de lecture estim\u00e9e":"3 minutes"},"schema":{"@context":"https:\/\/schema.org","@graph":[{"@type":"WebPage","@id":"https:\/\/motors.tn\/magazine\/prix-tracteur-agricole-neuf-en-tunisie\/prix-tracteur-agricole-carraro-neuf-en-tunisie\/","url":"https:\/\/motors.tn\/magazine\/prix-tracteur-agricole-neuf-en-tunisie\/prix-tracteur-agricole-carraro-neuf-en-tunisie\/","name":"Prix tracteur agricole Carraro neuf en Tunisie - Motors.tn","isPartOf":{"@id":"https:\/\/motors.tn\/magazine\/#website"},"datePublished":"2021-12-18T17:36:25+00:00","dateModified":"2023-07-18T21:55:43+00:00","description":"Prix tracteur agricole Carraro neuf en Tunisie : Tracteur Carraro \u00e0 vendre, Carraro Vigneto, Frutteto, Carraro Passepartout 90 neuf Tunisie","breadcrumb":{"@id":"https:\/\/motors.tn\/magazine\/prix-tracteur-agricole-neuf-en-tunisie\/prix-tracteur-agricole-carraro-neuf-en-tunisie\/#breadcrumb"},"inLanguage":"fr-FR","potentialAction":[{"@type":"ReadAction","target":["https:\/\/motors.tn\/magazine\/prix-tracteur-agricole-neuf-en-tunisie\/prix-tracteur-agricole-carraro-neuf-en-tunisie\/"]}]},{"@type":"BreadcrumbList","@id":"https:\/\/motors.tn\/magazine\/prix-tracteur-agricole-neuf-en-tunisie\/prix-tracteur-agricole-carraro-neuf-en-tunisie\/#breadcrumb","itemListElement":[{"@type":"ListItem","position":1,"name":"Motors.tn","item":"https:\/\/motors.tn\/magazine\/"},{"@type":"ListItem","position":2,"name":"Prix tracteur agricole neuf en Tunisie","item":"https:\/\/motors.tn\/magazine\/prix-tracteur-agricole-neuf-en-tunisie\/"},{"@type":"ListItem","position":3,"name":"Prix tracteur agricole Carraro neuf en Tunisie"}]},{"@type":"WebSite","@id":"https:\/\/motors.tn\/magazine\/#website","url":"https:\/\/motors.tn\/magazine\/","name":"Motors.tn","description":"Actualit\u00e9, prix du neuf et guide d&#039;achat","publisher":{"@id":"https:\/\/motors.tn\/magazine\/#organization"},"potentialAction":[{"@type":"SearchAction","target":{"@type":"EntryPoint","urlTemplate":"https:\/\/motors.tn\/magazine\/?s={search_term_string}"},"query-input":{"@type":"PropertyValueSpecification","valueRequired":true,"valueName":"search_term_string"}}],"inLanguage":"fr-FR"},{"@type":"Organization","@id":"https:\/\/motors.tn\/magazine\/#organization","name":"Strat\u00e9gie Digitale","url":"https:\/\/motors.tn\/magazine\/","logo":{"@type":"ImageObject","inLanguage":"fr-FR","@id":"https:\/\/motors.tn\/magazine\/#\/schema\/logo\/image\/","url":"https:\/\/motors.tn\/magazine\/wp-content\/uploads\/2020\/05\/cropped-cropped-logo9bleu.png","contentUrl":"https:\/\/motors.tn\/magazine\/wp-content\/uploads\/2020\/05\/cropped-cropped-logo9bleu.png","width":277,"height":44,"caption":"Strat\u00e9gie Digitale"},"image":{"@id":"https:\/\/motors.tn\/magazine\/#\/schema\/logo\/image\/"}}]}},"_links":{"self":[{"href":"https:\/\/motors.tn\/magazine\/wp-json\/wp\/v2\/pages\/445148","targetHints":{"allow":["GET"]}}],"collection":[{"href":"https:\/\/motors.tn\/magazine\/wp-json\/wp\/v2\/pages"}],"about":[{"href":"https:\/\/motors.tn\/magazine\/wp-json\/wp\/v2\/types\/page"}],"author":[{"embeddable":true,"href":"https:\/\/motors.tn\/magazine\/wp-json\/wp\/v2\/users\/19342"}],"replies":[{"embeddable":true,"href":"https:\/\/motors.tn\/magazine\/wp-json\/wp\/v2\/comments?post=445148"}],"version-history":[{"count":0,"href":"https:\/\/motors.tn\/magazine\/wp-json\/wp\/v2\/pages\/445148\/revisions"}],"up":[{"embeddable":true,"href":"https:\/\/motors.tn\/magazine\/wp-json\/wp\/v2\/pages\/433606"}],"wp:attachment":[{"href":"https:\/\/motors.tn\/magazine\/wp-json\/wp\/v2\/media?parent=445148"}],"curies":[{"name":"wp","href":"https:\/\/api.w.org\/{rel}","templated":true}]}}