{"id":445152,"date":"2021-12-18T18:51:34","date_gmt":"2021-12-18T17:51:34","guid":{"rendered":"https:\/\/motors.tn\/magazine\/?page_id=445152"},"modified":"2023-07-18T22:34:51","modified_gmt":"2023-07-18T21:34:51","slug":"prix-tracteur-agricole-carraro-passepartout90-neuf-en-tunisie","status":"publish","type":"page","link":"https:\/\/motors.tn\/magazine\/prix-tracteur-agricole-neuf-en-tunisie\/prix-tracteur-agricole-carraro-neuf-en-tunisie\/prix-tracteur-agricole-carraro-passepartout90-neuf-en-tunisie\/","title":{"rendered":"Prix tracteur agricole Carraro Passepartout 90 neuf en Tunisie"},"content":{"rendered":"<p><a href=\"https:\/\/motors.tn\/magazine\/prix-tracteur-agricole-neuf-en-tunisie\/prix-tracteur-agricole-carraro-neuf-en-tunisie\/\">Prix tracteur agricole Carraro<\/a> Passepartout 90 neuf en Tunisie : Demande de devis en ligne tracteur agricole Carraro Passepartout 90, \u00e9quipements, puissance moteur tracteur agricole Carraro Passepartout 90, caract\u00e9ristiques, photos et fiche technique.<\/p>\n<p><img decoding=\"async\" class=\"size-full wp-image-491097 aligncenter\" src=\"https:\/\/motors.tn\/magazine\/wp-content\/uploads\/2023\/07\/Carraro-Passepartout-90.webp\" alt=\"\" width=\"596\" height=\"408\" srcset=\"https:\/\/motors.tn\/magazine\/wp-content\/uploads\/2023\/07\/Carraro-Passepartout-90.webp 596w, https:\/\/motors.tn\/magazine\/wp-content\/uploads\/2023\/07\/Carraro-Passepartout-90-300x205.webp 300w\" sizes=\"(max-width: 596px) 100vw, 596px\" \/><\/p>\n<p style=\"text-align: center;\">\n<ul>\n<li>Nombre de cylindres : 4 cylindres<\/li>\n<li>Cylindr\u00e9e : 4500 cc<\/li>\n<li>Puissance : 90 ch<\/li>\n<\/ul>\n<p style=\"text-align: justify;\">Le tracteur agricole Carraro Passepartout 90 est un tracteur Standard enti\u00e8rement con\u00e7u et produit en Italie par Carraro SpA, dans le site tracteurs de Rovigo, o\u00f9 sont d\u00e9velopp\u00e9s depuis des dizaines d\u2019ann\u00e9es des mod\u00e8les hautement sp\u00e9cialis\u00e9s, tant pour la marque Carraro que pour certains des principaux \u00e9quipementiers \u00e0 travers le monde.<\/p>\n<p style=\"text-align: justify;\">Avec la transmission Carraro 12+12, le pont avant Carraro et le moteur FPT (mod\u00e8le NEF 4 500 cm3), ce tracteur agricole Carraro Passepartout 90 unit deux des valeurs pour lesquelles l\u2019Italie est c\u00e9l\u00e8bre dans le monde : les comp\u00e9tences de son industrie m\u00e9canique, garantie de qualit\u00e9 et de fiabilit\u00e9, parall\u00e8lement \u00e0 l\u2019attention port\u00e9e au style, moderne et universel \u00e0 la fois.<\/p>\n<p style=\"text-align: justify;\">Avec un poids de 3 100 kg et un empattement de 2 205 mm, le tracteur agricole Carraro Passepartout 90, comme son nom l\u2019indique, se caract\u00e9rise par la polyvalence de ses emplois, tout comme par la robustesse et la puissance. Con\u00e7u pour tout type d\u2019entreprise, il trouve de multiples possibilit\u00e9s d\u2019utilisation: pour le plein champ, le transport, les travaux \u00e0 l\u2019\u00e9table mais aussi pour les travaux entre les rangs.<\/p>\n<p style=\"text-align: justify;\">Avec le tracteur agricole Carraro Passepartout 90, l\u2019exp\u00e9rience accumul\u00e9e par Carraro dans le secteur des tracteurs destin\u00e9s aux professionnels a trouv\u00e9 une expression particuli\u00e8re dans l\u2019attention avec laquelle le poste de conduite a \u00e9t\u00e9 con\u00e7u : accessible, confortable, ergonomique et \u00e0 l\u2019excellente visibilit\u00e9 avant, lat\u00e9rale, arri\u00e8re.<\/p>\n<hr \/>\n<h2><strong>Demande de prix \/ Demande de devis pour Tracteur Agricole neuf en Tunisie\u00a0<\/strong><\/h2>\n<p style=\"text-align: left;\">Faites votre demande de devis en ligne ici et recevez gratuitement une r\u00e9ponse de nos partenaires :<\/p>\n\n<div class=\"wpcf7 no-js\" id=\"wpcf7-f433619-o1\" lang=\"fr-FR\" dir=\"ltr\" data-wpcf7-id=\"433619\">\n<div class=\"screen-reader-response\"><p role=\"status\" aria-live=\"polite\" aria-atomic=\"true\"><\/p> <ul><\/ul><\/div>\n<form action=\"\/magazine\/wp-json\/wp\/v2\/pages\/445152#wpcf7-f433619-o1\" method=\"post\" class=\"wpcf7-form init\" aria-label=\"Formulaire de contact\" novalidate=\"novalidate\" data-status=\"init\">\n<fieldset class=\"hidden-fields-container\"><input type=\"hidden\" name=\"_wpcf7\" value=\"433619\" \/><input type=\"hidden\" name=\"_wpcf7_version\" value=\"6.1.1\" \/><input type=\"hidden\" name=\"_wpcf7_locale\" value=\"fr_FR\" \/><input type=\"hidden\" name=\"_wpcf7_unit_tag\" value=\"wpcf7-f433619-o1\" \/><input type=\"hidden\" name=\"_wpcf7_container_post\" value=\"0\" \/><input type=\"hidden\" name=\"_wpcf7_posted_data_hash\" value=\"\" \/>\n<\/fieldset>\n<p>Nom et pr\u00e9nom - \u0627\u0644\u0625\u0633\u0645 \u0648 \u0627\u0644\u0644\u0642\u0628 :<br \/>\n<span class=\"wpcf7-form-control-wrap\" data-name=\"your-name\"><input size=\"40\" maxlength=\"400\" class=\"wpcf7-form-control wpcf7-text wpcf7-validates-as-required\" aria-required=\"true\" aria-invalid=\"false\" value=\"\" type=\"text\" name=\"your-name\" \/><\/span>\n<\/p>\n<p> Soci\u00e9t\u00e9 - \u0627\u0644\u0634\u0631\u0643\u0629 :<br \/>\n<span class=\"wpcf7-form-control-wrap\" data-name=\"your-ste\"><input size=\"40\" maxlength=\"400\" class=\"wpcf7-form-control wpcf7-text wpcf7-validates-as-required\" aria-required=\"true\" aria-invalid=\"false\" value=\"\" type=\"text\" name=\"your-ste\" \/><\/span>\n<\/p>\n<p>T\u00e9l\u00e9phone - \u0627\u0644\u0647\u0627\u062a\u0641 :\n<\/p>\n<p><span class=\"wpcf7-form-control-wrap\" data-name=\"your-tel\"><input size=\"40\" maxlength=\"400\" class=\"wpcf7-form-control wpcf7-tel wpcf7-validates-as-required wpcf7-text wpcf7-validates-as-tel\" aria-required=\"true\" aria-invalid=\"false\" value=\"\" type=\"tel\" name=\"your-tel\" \/><\/span>\n<\/p>\n<p>Gouvernorat - \u0627\u0644\u0648\u0644\u0627\u064a\u0629 :\n<\/p>\n<p><span class=\"wpcf7-form-control-wrap\" data-name=\"your-gouvernorat\"><select class=\"wpcf7-form-control wpcf7-select wpcf7-validates-as-required\" aria-required=\"true\" aria-invalid=\"false\" name=\"your-gouvernorat\"><option value=\"\">&#8212;Veuillez choisir une option&#8212;<\/option><option value=\"Ariana - \u0623\u0631\u064a\u0627\u0646\u0629\">Ariana - \u0623\u0631\u064a\u0627\u0646\u0629<\/option><option value=\"B\u00e9ja - \u0628\u0627\u062c\u0629\">B\u00e9ja - \u0628\u0627\u062c\u0629<\/option><option value=\"Ben Arous - \u0628\u0646 \u0639\u0631\u0648\u0633\">Ben Arous - \u0628\u0646 \u0639\u0631\u0648\u0633<\/option><option value=\"Bizerte - \u0628\u0646\u0632\u0631\u062a\">Bizerte - \u0628\u0646\u0632\u0631\u062a<\/option><option value=\"Gab\u00e8s - \u0642\u0627\u0628\u0633\">Gab\u00e8s - \u0642\u0627\u0628\u0633<\/option><option value=\"Gafsa - \u0642\u0641\u0635\u0629\">Gafsa - \u0642\u0641\u0635\u0629<\/option><option value=\"Jendouba - \u062c\u0646\u062f\u0648\u0628\u0629\">Jendouba - \u062c\u0646\u062f\u0648\u0628\u0629<\/option><option value=\"Kairouan - \u0627\u0644\u0642\u064a\u0631\u0648\u0627\u0646\">Kairouan - \u0627\u0644\u0642\u064a\u0631\u0648\u0627\u0646<\/option><option value=\"Kasserine - \u0627\u0644\u0642\u0635\u0631\u064a\u0646\">Kasserine - \u0627\u0644\u0642\u0635\u0631\u064a\u0646<\/option><option value=\"K\u00e9bili - \u0642\u0628\u0644\u064a\">K\u00e9bili - \u0642\u0628\u0644\u064a<\/option><option value=\"Le Kef - \u0627\u0644\u0643\u0627\u0641\">Le Kef - \u0627\u0644\u0643\u0627\u0641<\/option><option value=\"Mahdia - \u0627\u0644\u0645\u0647\u062f\u064a\u0629\">Mahdia - \u0627\u0644\u0645\u0647\u062f\u064a\u0629<\/option><option value=\"La Manouba - \u0645\u0646\u0648\u0628\u0629\">La Manouba - \u0645\u0646\u0648\u0628\u0629<\/option><option value=\"M\u00e9denine - \u0645\u062f\u0646\u064a\u0646\">M\u00e9denine - \u0645\u062f\u0646\u064a\u0646<\/option><option value=\"Monastir - \u0627\u0644\u0645\u0646\u0633\u062a\u064a\u0631\">Monastir - \u0627\u0644\u0645\u0646\u0633\u062a\u064a\u0631<\/option><option value=\"Nabeul - \u0646\u0627\u0628\u0644\">Nabeul - \u0646\u0627\u0628\u0644<\/option><option value=\"Sfax - \u0635\u0641\u0627\u0642\u0633\">Sfax - \u0635\u0641\u0627\u0642\u0633<\/option><option value=\"Sidi Bouzid - \u0633\u064a\u062f\u064a \u0628\u0648\u0632\u064a\u062f\">Sidi Bouzid - \u0633\u064a\u062f\u064a \u0628\u0648\u0632\u064a\u062f<\/option><option value=\"Siliana - \u0633\u0644\u064a\u0627\u0646\u0629\">Siliana - \u0633\u0644\u064a\u0627\u0646\u0629<\/option><option value=\"Sousse - \u0633\u0648\u0633\u0629\">Sousse - \u0633\u0648\u0633\u0629<\/option><option value=\"Tataouine - \u062a\u0637\u0627\u0648\u064a\u0646\">Tataouine - \u062a\u0637\u0627\u0648\u064a\u0646<\/option><option value=\"Tozeur - \u062a\u0648\u0632\u0631\">Tozeur - \u062a\u0648\u0632\u0631<\/option><option value=\"Tunis - \u062a\u0648\u0646\u0633\">Tunis - \u062a\u0648\u0646\u0633<\/option><option value=\"Zaghouan - \u0632\u063a\u0648\u0627\u0646\">Zaghouan - \u0632\u063a\u0648\u0627\u0646<\/option><\/select><\/span>\n<\/p>\n<p>Email - \u0627\u0644\u0628\u0631\u064a\u062f \u0627\u0644\u0625\u0644\u0643\u062a\u0631\u0648\u0646\u064a :\n<\/p>\n<p><span class=\"wpcf7-form-control-wrap\" data-name=\"your-email\"><input size=\"40\" maxlength=\"400\" class=\"wpcf7-form-control wpcf7-email wpcf7-validates-as-required wpcf7-text wpcf7-validates-as-email\" aria-required=\"true\" aria-invalid=\"false\" value=\"\" type=\"email\" name=\"your-email\" \/><\/span>\n<\/p>\n<p><span class=\"wpcf7-form-control-wrap\" data-name=\"checkbox-859\"><span class=\"wpcf7-form-control wpcf7-checkbox wpcf7-validates-as-required\"><span class=\"wpcf7-list-item first last\"><input type=\"checkbox\" name=\"checkbox-859[]\" value=\"J&#039;accepte d&#039;\u00eatre contact\u00e9(e) par les concessionnaires partenaires pour recevoir les offres commerciales.\" checked=\"checked\" \/><span class=\"wpcf7-list-item-label\">J&#039;accepte d&#039;\u00eatre contact\u00e9(e) par les concessionnaires partenaires pour recevoir les offres commerciales.<\/span><\/span><\/span><\/span>\n<\/p>\n<p><input class=\"wpcf7-form-control wpcf7-submit has-spinner\" type=\"submit\" value=\"Envoyer - \u0625\u0631\u0633\u0627\u0644\" \/>\n<\/p><p style=\"display: none !important;\" class=\"akismet-fields-container\" data-prefix=\"_wpcf7_ak_\"><label>&#916;<textarea name=\"_wpcf7_ak_hp_textarea\" cols=\"45\" rows=\"8\" maxlength=\"100\"><\/textarea><\/label><input type=\"hidden\" id=\"ak_js_1\" name=\"_wpcf7_ak_js\" value=\"187\"\/><script>document.getElementById( \"ak_js_1\" ).setAttribute( \"value\", ( new Date() ).getTime() );<\/script><\/p><div class=\"wpcf7-response-output\" aria-hidden=\"true\"><\/div>\n<\/form>\n<\/div>\n\n","protected":false},"excerpt":{"rendered":"<p>Prix tracteur agricole Carraro Passepartout 90 neuf en Tunisie : Demande de devis en ligne tracteur agricole Carraro Passepartout 90, \u00e9quipements, puissance moteur tracteur agricole Carraro Passepartout 90, caract\u00e9ristiques, photos et fiche technique. Nombre de cylindres : 4 cylindres Cylindr\u00e9e : 4500 cc Puissance : 90 ch Le tracteur agricole Carraro Passepartout 90 est un &#8230; <a title=\"Prix tracteur agricole Carraro Passepartout 90 neuf en Tunisie\" class=\"read-more\" href=\"https:\/\/motors.tn\/magazine\/prix-tracteur-agricole-neuf-en-tunisie\/prix-tracteur-agricole-carraro-neuf-en-tunisie\/prix-tracteur-agricole-carraro-passepartout90-neuf-en-tunisie\/\" aria-label=\"En savoir plus sur Prix tracteur agricole Carraro Passepartout 90 neuf en Tunisie\">Lire la suite<\/a><\/p>\n","protected":false},"author":19342,"featured_media":0,"parent":445148,"menu_order":0,"comment_status":"closed","ping_status":"closed","template":"","meta":{"footnotes":""},"class_list":["post-445152","page","type-page","status-publish"],"yoast_head":"<!-- This site is optimized with the Yoast SEO plugin v25.7 - https:\/\/yoast.com\/wordpress\/plugins\/seo\/ -->\n<title>Prix tracteur agricole Carraro Passepartout 90 neuf en Tunisie - Motors.tn<\/title>\n<meta name=\"description\" content=\"Prix tracteur agricole Carraro Passepartout 90 neuf en Tunisie : Carraro Passepartout 90 \u00e0 vendre en Tunisie, Carraro Passepartout 90 Tunisie\" \/>\n<meta name=\"robots\" content=\"index, follow, max-snippet:-1, max-image-preview:large, max-video-preview:-1\" \/>\n<link rel=\"canonical\" href=\"https:\/\/motors.tn\/magazine\/prix-tracteur-agricole-neuf-en-tunisie\/prix-tracteur-agricole-carraro-neuf-en-tunisie\/prix-tracteur-agricole-carraro-passepartout90-neuf-en-tunisie\/\" \/>\n<meta property=\"og:locale\" content=\"fr_FR\" \/>\n<meta property=\"og:type\" content=\"article\" \/>\n<meta property=\"og:title\" content=\"Prix tracteur agricole Carraro Passepartout 90 neuf en Tunisie - Motors.tn\" \/>\n<meta property=\"og:description\" content=\"Prix tracteur agricole Carraro Passepartout 90 neuf en Tunisie : Carraro Passepartout 90 \u00e0 vendre en Tunisie, Carraro Passepartout 90 Tunisie\" \/>\n<meta property=\"og:url\" content=\"https:\/\/motors.tn\/magazine\/prix-tracteur-agricole-neuf-en-tunisie\/prix-tracteur-agricole-carraro-neuf-en-tunisie\/prix-tracteur-agricole-carraro-passepartout90-neuf-en-tunisie\/\" \/>\n<meta property=\"og:site_name\" content=\"Motors.tn\" \/>\n<meta property=\"article:modified_time\" content=\"2023-07-18T21:34:51+00:00\" \/>\n<meta property=\"og:image\" content=\"http:\/\/motors.tn\/magazine\/wp-content\/uploads\/2023\/07\/Carraro-Passepartout-90.webp\" \/>\n<meta name=\"twitter:label1\" content=\"Dur\u00e9e de lecture estim\u00e9e\" \/>\n\t<meta name=\"twitter:data1\" content=\"2 minutes\" \/>\n<script type=\"application\/ld+json\" class=\"yoast-schema-graph\">{\"@context\":\"https:\/\/schema.org\",\"@graph\":[{\"@type\":\"WebPage\",\"@id\":\"https:\/\/motors.tn\/magazine\/prix-tracteur-agricole-neuf-en-tunisie\/prix-tracteur-agricole-carraro-neuf-en-tunisie\/prix-tracteur-agricole-carraro-passepartout90-neuf-en-tunisie\/\",\"url\":\"https:\/\/motors.tn\/magazine\/prix-tracteur-agricole-neuf-en-tunisie\/prix-tracteur-agricole-carraro-neuf-en-tunisie\/prix-tracteur-agricole-carraro-passepartout90-neuf-en-tunisie\/\",\"name\":\"Prix tracteur agricole Carraro Passepartout 90 neuf en Tunisie - Motors.tn\",\"isPartOf\":{\"@id\":\"https:\/\/motors.tn\/magazine\/#website\"},\"primaryImageOfPage\":{\"@id\":\"https:\/\/motors.tn\/magazine\/prix-tracteur-agricole-neuf-en-tunisie\/prix-tracteur-agricole-carraro-neuf-en-tunisie\/prix-tracteur-agricole-carraro-passepartout90-neuf-en-tunisie\/#primaryimage\"},\"image\":{\"@id\":\"https:\/\/motors.tn\/magazine\/prix-tracteur-agricole-neuf-en-tunisie\/prix-tracteur-agricole-carraro-neuf-en-tunisie\/prix-tracteur-agricole-carraro-passepartout90-neuf-en-tunisie\/#primaryimage\"},\"thumbnailUrl\":\"http:\/\/motors.tn\/magazine\/wp-content\/uploads\/2023\/07\/Carraro-Passepartout-90.webp\",\"datePublished\":\"2021-12-18T17:51:34+00:00\",\"dateModified\":\"2023-07-18T21:34:51+00:00\",\"description\":\"Prix tracteur agricole Carraro Passepartout 90 neuf en Tunisie : Carraro Passepartout 90 \u00e0 vendre en Tunisie, Carraro Passepartout 90 Tunisie\",\"breadcrumb\":{\"@id\":\"https:\/\/motors.tn\/magazine\/prix-tracteur-agricole-neuf-en-tunisie\/prix-tracteur-agricole-carraro-neuf-en-tunisie\/prix-tracteur-agricole-carraro-passepartout90-neuf-en-tunisie\/#breadcrumb\"},\"inLanguage\":\"fr-FR\",\"potentialAction\":[{\"@type\":\"ReadAction\",\"target\":[\"https:\/\/motors.tn\/magazine\/prix-tracteur-agricole-neuf-en-tunisie\/prix-tracteur-agricole-carraro-neuf-en-tunisie\/prix-tracteur-agricole-carraro-passepartout90-neuf-en-tunisie\/\"]}]},{\"@type\":\"ImageObject\",\"inLanguage\":\"fr-FR\",\"@id\":\"https:\/\/motors.tn\/magazine\/prix-tracteur-agricole-neuf-en-tunisie\/prix-tracteur-agricole-carraro-neuf-en-tunisie\/prix-tracteur-agricole-carraro-passepartout90-neuf-en-tunisie\/#primaryimage\",\"url\":\"https:\/\/motors.tn\/magazine\/wp-content\/uploads\/2023\/07\/Carraro-Passepartout-90.webp\",\"contentUrl\":\"https:\/\/motors.tn\/magazine\/wp-content\/uploads\/2023\/07\/Carraro-Passepartout-90.webp\",\"width\":596,\"height\":408},{\"@type\":\"BreadcrumbList\",\"@id\":\"https:\/\/motors.tn\/magazine\/prix-tracteur-agricole-neuf-en-tunisie\/prix-tracteur-agricole-carraro-neuf-en-tunisie\/prix-tracteur-agricole-carraro-passepartout90-neuf-en-tunisie\/#breadcrumb\",\"itemListElement\":[{\"@type\":\"ListItem\",\"position\":1,\"name\":\"Motors.tn\",\"item\":\"https:\/\/motors.tn\/magazine\/\"},{\"@type\":\"ListItem\",\"position\":2,\"name\":\"Prix tracteur agricole neuf en Tunisie\",\"item\":\"https:\/\/motors.tn\/magazine\/prix-tracteur-agricole-neuf-en-tunisie\/\"},{\"@type\":\"ListItem\",\"position\":3,\"name\":\"Prix tracteur agricole Carraro neuf en Tunisie\",\"item\":\"https:\/\/motors.tn\/magazine\/prix-tracteur-agricole-neuf-en-tunisie\/prix-tracteur-agricole-carraro-neuf-en-tunisie\/\"},{\"@type\":\"ListItem\",\"position\":4,\"name\":\"Prix tracteur agricole Carraro Passepartout 90 neuf en Tunisie\"}]},{\"@type\":\"WebSite\",\"@id\":\"https:\/\/motors.tn\/magazine\/#website\",\"url\":\"https:\/\/motors.tn\/magazine\/\",\"name\":\"Motors.tn\",\"description\":\"Actualit\u00e9, prix du neuf et guide d&#039;achat\",\"publisher\":{\"@id\":\"https:\/\/motors.tn\/magazine\/#organization\"},\"potentialAction\":[{\"@type\":\"SearchAction\",\"target\":{\"@type\":\"EntryPoint\",\"urlTemplate\":\"https:\/\/motors.tn\/magazine\/?s={search_term_string}\"},\"query-input\":{\"@type\":\"PropertyValueSpecification\",\"valueRequired\":true,\"valueName\":\"search_term_string\"}}],\"inLanguage\":\"fr-FR\"},{\"@type\":\"Organization\",\"@id\":\"https:\/\/motors.tn\/magazine\/#organization\",\"name\":\"Strat\u00e9gie Digitale\",\"url\":\"https:\/\/motors.tn\/magazine\/\",\"logo\":{\"@type\":\"ImageObject\",\"inLanguage\":\"fr-FR\",\"@id\":\"https:\/\/motors.tn\/magazine\/#\/schema\/logo\/image\/\",\"url\":\"https:\/\/motors.tn\/magazine\/wp-content\/uploads\/2020\/05\/cropped-cropped-logo9bleu.png\",\"contentUrl\":\"https:\/\/motors.tn\/magazine\/wp-content\/uploads\/2020\/05\/cropped-cropped-logo9bleu.png\",\"width\":277,\"height\":44,\"caption\":\"Strat\u00e9gie Digitale\"},\"image\":{\"@id\":\"https:\/\/motors.tn\/magazine\/#\/schema\/logo\/image\/\"}}]}<\/script>\n<!-- \/ Yoast SEO plugin. -->","yoast_head_json":{"title":"Prix tracteur agricole Carraro Passepartout 90 neuf en Tunisie - Motors.tn","description":"Prix tracteur agricole Carraro Passepartout 90 neuf en Tunisie : Carraro Passepartout 90 \u00e0 vendre en Tunisie, Carraro Passepartout 90 Tunisie","robots":{"index":"index","follow":"follow","max-snippet":"max-snippet:-1","max-image-preview":"max-image-preview:large","max-video-preview":"max-video-preview:-1"},"canonical":"https:\/\/motors.tn\/magazine\/prix-tracteur-agricole-neuf-en-tunisie\/prix-tracteur-agricole-carraro-neuf-en-tunisie\/prix-tracteur-agricole-carraro-passepartout90-neuf-en-tunisie\/","og_locale":"fr_FR","og_type":"article","og_title":"Prix tracteur agricole Carraro Passepartout 90 neuf en Tunisie - Motors.tn","og_description":"Prix tracteur agricole Carraro Passepartout 90 neuf en Tunisie : Carraro Passepartout 90 \u00e0 vendre en Tunisie, Carraro Passepartout 90 Tunisie","og_url":"https:\/\/motors.tn\/magazine\/prix-tracteur-agricole-neuf-en-tunisie\/prix-tracteur-agricole-carraro-neuf-en-tunisie\/prix-tracteur-agricole-carraro-passepartout90-neuf-en-tunisie\/","og_site_name":"Motors.tn","article_modified_time":"2023-07-18T21:34:51+00:00","og_image":[{"url":"http:\/\/motors.tn\/magazine\/wp-content\/uploads\/2023\/07\/Carraro-Passepartout-90.webp","type":"","width":"","height":""}],"twitter_misc":{"Dur\u00e9e de lecture estim\u00e9e":"2 minutes"},"schema":{"@context":"https:\/\/schema.org","@graph":[{"@type":"WebPage","@id":"https:\/\/motors.tn\/magazine\/prix-tracteur-agricole-neuf-en-tunisie\/prix-tracteur-agricole-carraro-neuf-en-tunisie\/prix-tracteur-agricole-carraro-passepartout90-neuf-en-tunisie\/","url":"https:\/\/motors.tn\/magazine\/prix-tracteur-agricole-neuf-en-tunisie\/prix-tracteur-agricole-carraro-neuf-en-tunisie\/prix-tracteur-agricole-carraro-passepartout90-neuf-en-tunisie\/","name":"Prix tracteur agricole Carraro Passepartout 90 neuf en Tunisie - Motors.tn","isPartOf":{"@id":"https:\/\/motors.tn\/magazine\/#website"},"primaryImageOfPage":{"@id":"https:\/\/motors.tn\/magazine\/prix-tracteur-agricole-neuf-en-tunisie\/prix-tracteur-agricole-carraro-neuf-en-tunisie\/prix-tracteur-agricole-carraro-passepartout90-neuf-en-tunisie\/#primaryimage"},"image":{"@id":"https:\/\/motors.tn\/magazine\/prix-tracteur-agricole-neuf-en-tunisie\/prix-tracteur-agricole-carraro-neuf-en-tunisie\/prix-tracteur-agricole-carraro-passepartout90-neuf-en-tunisie\/#primaryimage"},"thumbnailUrl":"http:\/\/motors.tn\/magazine\/wp-content\/uploads\/2023\/07\/Carraro-Passepartout-90.webp","datePublished":"2021-12-18T17:51:34+00:00","dateModified":"2023-07-18T21:34:51+00:00","description":"Prix tracteur agricole Carraro Passepartout 90 neuf en Tunisie : Carraro Passepartout 90 \u00e0 vendre en Tunisie, Carraro Passepartout 90 Tunisie","breadcrumb":{"@id":"https:\/\/motors.tn\/magazine\/prix-tracteur-agricole-neuf-en-tunisie\/prix-tracteur-agricole-carraro-neuf-en-tunisie\/prix-tracteur-agricole-carraro-passepartout90-neuf-en-tunisie\/#breadcrumb"},"inLanguage":"fr-FR","potentialAction":[{"@type":"ReadAction","target":["https:\/\/motors.tn\/magazine\/prix-tracteur-agricole-neuf-en-tunisie\/prix-tracteur-agricole-carraro-neuf-en-tunisie\/prix-tracteur-agricole-carraro-passepartout90-neuf-en-tunisie\/"]}]},{"@type":"ImageObject","inLanguage":"fr-FR","@id":"https:\/\/motors.tn\/magazine\/prix-tracteur-agricole-neuf-en-tunisie\/prix-tracteur-agricole-carraro-neuf-en-tunisie\/prix-tracteur-agricole-carraro-passepartout90-neuf-en-tunisie\/#primaryimage","url":"https:\/\/motors.tn\/magazine\/wp-content\/uploads\/2023\/07\/Carraro-Passepartout-90.webp","contentUrl":"https:\/\/motors.tn\/magazine\/wp-content\/uploads\/2023\/07\/Carraro-Passepartout-90.webp","width":596,"height":408},{"@type":"BreadcrumbList","@id":"https:\/\/motors.tn\/magazine\/prix-tracteur-agricole-neuf-en-tunisie\/prix-tracteur-agricole-carraro-neuf-en-tunisie\/prix-tracteur-agricole-carraro-passepartout90-neuf-en-tunisie\/#breadcrumb","itemListElement":[{"@type":"ListItem","position":1,"name":"Motors.tn","item":"https:\/\/motors.tn\/magazine\/"},{"@type":"ListItem","position":2,"name":"Prix tracteur agricole neuf en Tunisie","item":"https:\/\/motors.tn\/magazine\/prix-tracteur-agricole-neuf-en-tunisie\/"},{"@type":"ListItem","position":3,"name":"Prix tracteur agricole Carraro neuf en Tunisie","item":"https:\/\/motors.tn\/magazine\/prix-tracteur-agricole-neuf-en-tunisie\/prix-tracteur-agricole-carraro-neuf-en-tunisie\/"},{"@type":"ListItem","position":4,"name":"Prix tracteur agricole Carraro Passepartout 90 neuf en Tunisie"}]},{"@type":"WebSite","@id":"https:\/\/motors.tn\/magazine\/#website","url":"https:\/\/motors.tn\/magazine\/","name":"Motors.tn","description":"Actualit\u00e9, prix du neuf et guide d&#039;achat","publisher":{"@id":"https:\/\/motors.tn\/magazine\/#organization"},"potentialAction":[{"@type":"SearchAction","target":{"@type":"EntryPoint","urlTemplate":"https:\/\/motors.tn\/magazine\/?s={search_term_string}"},"query-input":{"@type":"PropertyValueSpecification","valueRequired":true,"valueName":"search_term_string"}}],"inLanguage":"fr-FR"},{"@type":"Organization","@id":"https:\/\/motors.tn\/magazine\/#organization","name":"Strat\u00e9gie Digitale","url":"https:\/\/motors.tn\/magazine\/","logo":{"@type":"ImageObject","inLanguage":"fr-FR","@id":"https:\/\/motors.tn\/magazine\/#\/schema\/logo\/image\/","url":"https:\/\/motors.tn\/magazine\/wp-content\/uploads\/2020\/05\/cropped-cropped-logo9bleu.png","contentUrl":"https:\/\/motors.tn\/magazine\/wp-content\/uploads\/2020\/05\/cropped-cropped-logo9bleu.png","width":277,"height":44,"caption":"Strat\u00e9gie Digitale"},"image":{"@id":"https:\/\/motors.tn\/magazine\/#\/schema\/logo\/image\/"}}]}},"_links":{"self":[{"href":"https:\/\/motors.tn\/magazine\/wp-json\/wp\/v2\/pages\/445152","targetHints":{"allow":["GET"]}}],"collection":[{"href":"https:\/\/motors.tn\/magazine\/wp-json\/wp\/v2\/pages"}],"about":[{"href":"https:\/\/motors.tn\/magazine\/wp-json\/wp\/v2\/types\/page"}],"author":[{"embeddable":true,"href":"https:\/\/motors.tn\/magazine\/wp-json\/wp\/v2\/users\/19342"}],"replies":[{"embeddable":true,"href":"https:\/\/motors.tn\/magazine\/wp-json\/wp\/v2\/comments?post=445152"}],"version-history":[{"count":0,"href":"https:\/\/motors.tn\/magazine\/wp-json\/wp\/v2\/pages\/445152\/revisions"}],"up":[{"embeddable":true,"href":"https:\/\/motors.tn\/magazine\/wp-json\/wp\/v2\/pages\/445148"}],"wp:attachment":[{"href":"https:\/\/motors.tn\/magazine\/wp-json\/wp\/v2\/media?parent=445152"}],"curies":[{"name":"wp","href":"https:\/\/api.w.org\/{rel}","templated":true}]}}