{"id":445161,"date":"2021-12-18T19:25:43","date_gmt":"2021-12-18T18:25:43","guid":{"rendered":"https:\/\/motors.tn\/magazine\/?page_id=445161"},"modified":"2022-02-01T16:30:17","modified_gmt":"2022-02-01T15:30:17","slug":"prix-tracteur-agricole-carraro-vigneto-largo-basso-tiiia-neuf-en-tunisie","status":"publish","type":"page","link":"https:\/\/motors.tn\/magazine\/prix-tracteur-agricole-neuf-en-tunisie\/prix-tracteur-agricole-carraro-neuf-en-tunisie\/prix-tracteur-agricole-carraro-vigneto-largo-basso-tiiia-neuf-en-tunisie\/","title":{"rendered":"Prix tracteur agricole Carraro Vigneto Largo Basso TIIIA neuf en Tunisie"},"content":{"rendered":"<p><a href=\"https:\/\/motors.tn\/magazine\/prix-tracteur-agricole-neuf-en-tunisie\/prix-tracteur-agricole-carraro-neuf-en-tunisie\/\">Prix tracteur agricole Carraro<\/a> Vigneto Largo Basso TIIIA neuf en Tunisie : Demande de devis en ligne, \u00e9quipements, puissance moteur tracteur agricole Carraro Vigneto Largo Basso TIIIA, caract\u00e9ristiques, photos et fiche technique tracteur agricole Carraro Vigneto Largo Basso TIIIA.<\/p>\n<p><img decoding=\"async\" class=\"size-full wp-image-447796 aligncenter\" src=\"https:\/\/motors.tn\/magazine\/wp-content\/uploads\/2022\/01\/Vigneto-Largo-Basso-TIIIA2.jpg.webp\" alt=\"\" width=\"604\" height=\"376\" srcset=\"https:\/\/motors.tn\/magazine\/wp-content\/uploads\/2022\/01\/Vigneto-Largo-Basso-TIIIA2.jpg.webp 604w, https:\/\/motors.tn\/magazine\/wp-content\/uploads\/2022\/01\/Vigneto-Largo-Basso-TIIIA2.jpg-300x187.webp 300w\" sizes=\"(max-width: 604px) 100vw, 604px\" \/><\/p>\n<ul>\n<li>Nombre de cylindres : 4 cylindres<\/li>\n<li>Cylindr\u00e9e : 3200 cc<\/li>\n<li>Puissance : De 75 ch \u00e0 90 ch suivant la version<\/li>\n<\/ul>\n<p style=\"text-align: justify;\">Gr\u00e2ce \u00e0 ses caract\u00e9ristiques, le tracteur agricole Carraro Vigneto Largo Basso TIIIA est l&rsquo;alli\u00e9 id\u00e9al pour ceux qui recherchent un tracteur agricole alliant puissance, fiabilit\u00e9 et compacit\u00e9 en hauteur et en largeur. Tout en conservant les dimensions compactes du tracteur Frutteto Basso, le tracteur agricole Carraro Vigneto Largo Basso TIIIA dispose d&rsquo;un essieu avant de 1155 mm permettant une hauteur hors tout minimale de 1350 mm.<\/p>\n<p style=\"text-align: justify;\">Carraro se concentre de plus en plus sur les versions \u00e0 profil bas, combinant le d\u00e9j\u00e0 c\u00e9l\u00e8bre mod\u00e8le Frutteto Basso avec la nouvelle version Vigneto Largo Basso. Gardant les dimensions compactes du Frutteto Basso (FB), le tracteur agricole Carraro Vigneto Largo Basso TIIIA est dot\u00e9 d&rsquo;un essieu avant de 1 155 mm, ce qui donne un encombrement minimum de 1 350 mm (y compris les roues de 20 pouces et les roues de 24 pouces).<\/p>\n<p style=\"text-align: justify;\">Le tracteur agricole Carraro Vigneto Largo Basso TIIIA, gr\u00e2ce \u00e0 ses caract\u00e9ristiques, est l&rsquo;outil id\u00e9al lorsque la qualit\u00e9 de la puissance et la fiabilit\u00e9 et les lignes compactes en hauteur et en largeur sont des exigences essentielles. Gr\u00e2ce \u00e0 ce nouveau mod\u00e8le, Carraro confirme une fois de plus sa mission dans le domaine des tracteurs sp\u00e9ciaux, des vergers aux vignobles, en accordant une attention particuli\u00e8re aux exigences particuli\u00e8res de l&rsquo;agriculture m\u00e9diterran\u00e9enne. Sur la base de la bo\u00eete de vitesses classique 24+24 avec inverseur m\u00e9canique et Hi-lo m\u00e9canique, une version 24+12 avec inverseur hydraulique \u00e9lectrique et Hi-lo est ajout\u00e9e.<\/p>\n<p style=\"text-align: justify;\">La bo\u00eete de vitesses 24+12 est toujours accompagn\u00e9e d&rsquo;une prise de force \u00e9lectro-hydraulique proportionnelle. Le Vigneto Largo Basso (VLB) a \u00e9t\u00e9 con\u00e7u par la division tracteurs du Groupe et est le r\u00e9sultat d&rsquo;une \u00e9troite collaboration entre les d\u00e9partements d&rsquo;ing\u00e9nierie et de marketing de Carraro et son r\u00e9seau de vente, communiquant activement les besoins du client au constructeur. Un flux d&rsquo;informations rapide et direct, du client au constructeur, destin\u00e9 \u00e0 s&rsquo;\u00e9largir pour les futurs produits.<\/p>\n<hr \/>\n<h2><strong>Demande de prix \/ Demande de devis pour Tracteur Agricole neuf en Tunisie\u00a0<\/strong><\/h2>\n<p style=\"text-align: left;\">Faites votre demande de devis en ligne ici et recevez gratuitement une r\u00e9ponse de nos partenaires :<\/p>\n\n<div class=\"wpcf7 no-js\" id=\"wpcf7-f433619-o1\" lang=\"fr-FR\" dir=\"ltr\" data-wpcf7-id=\"433619\">\n<div class=\"screen-reader-response\"><p role=\"status\" aria-live=\"polite\" aria-atomic=\"true\"><\/p> <ul><\/ul><\/div>\n<form action=\"\/magazine\/wp-json\/wp\/v2\/pages\/445161#wpcf7-f433619-o1\" method=\"post\" class=\"wpcf7-form init\" aria-label=\"Formulaire de contact\" novalidate=\"novalidate\" data-status=\"init\">\n<fieldset class=\"hidden-fields-container\"><input type=\"hidden\" name=\"_wpcf7\" value=\"433619\" \/><input type=\"hidden\" name=\"_wpcf7_version\" value=\"6.1.1\" \/><input type=\"hidden\" name=\"_wpcf7_locale\" value=\"fr_FR\" \/><input type=\"hidden\" name=\"_wpcf7_unit_tag\" value=\"wpcf7-f433619-o1\" \/><input type=\"hidden\" name=\"_wpcf7_container_post\" value=\"0\" \/><input type=\"hidden\" name=\"_wpcf7_posted_data_hash\" value=\"\" \/>\n<\/fieldset>\n<p>Nom et pr\u00e9nom - \u0627\u0644\u0625\u0633\u0645 \u0648 \u0627\u0644\u0644\u0642\u0628 :<br \/>\n<span class=\"wpcf7-form-control-wrap\" data-name=\"your-name\"><input size=\"40\" maxlength=\"400\" class=\"wpcf7-form-control wpcf7-text wpcf7-validates-as-required\" aria-required=\"true\" aria-invalid=\"false\" value=\"\" type=\"text\" name=\"your-name\" \/><\/span>\n<\/p>\n<p> Soci\u00e9t\u00e9 - \u0627\u0644\u0634\u0631\u0643\u0629 :<br \/>\n<span class=\"wpcf7-form-control-wrap\" data-name=\"your-ste\"><input size=\"40\" maxlength=\"400\" class=\"wpcf7-form-control wpcf7-text wpcf7-validates-as-required\" aria-required=\"true\" aria-invalid=\"false\" value=\"\" type=\"text\" name=\"your-ste\" \/><\/span>\n<\/p>\n<p>T\u00e9l\u00e9phone - \u0627\u0644\u0647\u0627\u062a\u0641 :\n<\/p>\n<p><span class=\"wpcf7-form-control-wrap\" data-name=\"your-tel\"><input size=\"40\" maxlength=\"400\" class=\"wpcf7-form-control wpcf7-tel wpcf7-validates-as-required wpcf7-text wpcf7-validates-as-tel\" aria-required=\"true\" aria-invalid=\"false\" value=\"\" type=\"tel\" name=\"your-tel\" \/><\/span>\n<\/p>\n<p>Gouvernorat - \u0627\u0644\u0648\u0644\u0627\u064a\u0629 :\n<\/p>\n<p><span class=\"wpcf7-form-control-wrap\" data-name=\"your-gouvernorat\"><select class=\"wpcf7-form-control wpcf7-select wpcf7-validates-as-required\" aria-required=\"true\" aria-invalid=\"false\" name=\"your-gouvernorat\"><option value=\"\">&#8212;Veuillez choisir une option&#8212;<\/option><option value=\"Ariana - \u0623\u0631\u064a\u0627\u0646\u0629\">Ariana - \u0623\u0631\u064a\u0627\u0646\u0629<\/option><option value=\"B\u00e9ja - \u0628\u0627\u062c\u0629\">B\u00e9ja - \u0628\u0627\u062c\u0629<\/option><option value=\"Ben Arous - \u0628\u0646 \u0639\u0631\u0648\u0633\">Ben Arous - \u0628\u0646 \u0639\u0631\u0648\u0633<\/option><option value=\"Bizerte - \u0628\u0646\u0632\u0631\u062a\">Bizerte - \u0628\u0646\u0632\u0631\u062a<\/option><option value=\"Gab\u00e8s - \u0642\u0627\u0628\u0633\">Gab\u00e8s - \u0642\u0627\u0628\u0633<\/option><option value=\"Gafsa - \u0642\u0641\u0635\u0629\">Gafsa - \u0642\u0641\u0635\u0629<\/option><option value=\"Jendouba - \u062c\u0646\u062f\u0648\u0628\u0629\">Jendouba - \u062c\u0646\u062f\u0648\u0628\u0629<\/option><option value=\"Kairouan - \u0627\u0644\u0642\u064a\u0631\u0648\u0627\u0646\">Kairouan - \u0627\u0644\u0642\u064a\u0631\u0648\u0627\u0646<\/option><option value=\"Kasserine - \u0627\u0644\u0642\u0635\u0631\u064a\u0646\">Kasserine - \u0627\u0644\u0642\u0635\u0631\u064a\u0646<\/option><option value=\"K\u00e9bili - \u0642\u0628\u0644\u064a\">K\u00e9bili - \u0642\u0628\u0644\u064a<\/option><option value=\"Le Kef - \u0627\u0644\u0643\u0627\u0641\">Le Kef - \u0627\u0644\u0643\u0627\u0641<\/option><option value=\"Mahdia - \u0627\u0644\u0645\u0647\u062f\u064a\u0629\">Mahdia - \u0627\u0644\u0645\u0647\u062f\u064a\u0629<\/option><option value=\"La Manouba - \u0645\u0646\u0648\u0628\u0629\">La Manouba - \u0645\u0646\u0648\u0628\u0629<\/option><option value=\"M\u00e9denine - \u0645\u062f\u0646\u064a\u0646\">M\u00e9denine - \u0645\u062f\u0646\u064a\u0646<\/option><option value=\"Monastir - \u0627\u0644\u0645\u0646\u0633\u062a\u064a\u0631\">Monastir - \u0627\u0644\u0645\u0646\u0633\u062a\u064a\u0631<\/option><option value=\"Nabeul - \u0646\u0627\u0628\u0644\">Nabeul - \u0646\u0627\u0628\u0644<\/option><option value=\"Sfax - \u0635\u0641\u0627\u0642\u0633\">Sfax - \u0635\u0641\u0627\u0642\u0633<\/option><option value=\"Sidi Bouzid - \u0633\u064a\u062f\u064a \u0628\u0648\u0632\u064a\u062f\">Sidi Bouzid - \u0633\u064a\u062f\u064a \u0628\u0648\u0632\u064a\u062f<\/option><option value=\"Siliana - \u0633\u0644\u064a\u0627\u0646\u0629\">Siliana - \u0633\u0644\u064a\u0627\u0646\u0629<\/option><option value=\"Sousse - \u0633\u0648\u0633\u0629\">Sousse - \u0633\u0648\u0633\u0629<\/option><option value=\"Tataouine - \u062a\u0637\u0627\u0648\u064a\u0646\">Tataouine - \u062a\u0637\u0627\u0648\u064a\u0646<\/option><option value=\"Tozeur - \u062a\u0648\u0632\u0631\">Tozeur - \u062a\u0648\u0632\u0631<\/option><option value=\"Tunis - \u062a\u0648\u0646\u0633\">Tunis - \u062a\u0648\u0646\u0633<\/option><option value=\"Zaghouan - \u0632\u063a\u0648\u0627\u0646\">Zaghouan - \u0632\u063a\u0648\u0627\u0646<\/option><\/select><\/span>\n<\/p>\n<p>Email - \u0627\u0644\u0628\u0631\u064a\u062f \u0627\u0644\u0625\u0644\u0643\u062a\u0631\u0648\u0646\u064a :\n<\/p>\n<p><span class=\"wpcf7-form-control-wrap\" data-name=\"your-email\"><input size=\"40\" maxlength=\"400\" class=\"wpcf7-form-control wpcf7-email wpcf7-validates-as-required wpcf7-text wpcf7-validates-as-email\" aria-required=\"true\" aria-invalid=\"false\" value=\"\" type=\"email\" name=\"your-email\" \/><\/span>\n<\/p>\n<p><span class=\"wpcf7-form-control-wrap\" data-name=\"checkbox-859\"><span class=\"wpcf7-form-control wpcf7-checkbox wpcf7-validates-as-required\"><span class=\"wpcf7-list-item first last\"><input type=\"checkbox\" name=\"checkbox-859[]\" value=\"J&#039;accepte d&#039;\u00eatre contact\u00e9(e) par les concessionnaires partenaires pour recevoir les offres commerciales.\" checked=\"checked\" \/><span class=\"wpcf7-list-item-label\">J&#039;accepte d&#039;\u00eatre contact\u00e9(e) par les concessionnaires partenaires pour recevoir les offres commerciales.<\/span><\/span><\/span><\/span>\n<\/p>\n<p><input class=\"wpcf7-form-control wpcf7-submit has-spinner\" type=\"submit\" value=\"Envoyer - \u0625\u0631\u0633\u0627\u0644\" \/>\n<\/p><p style=\"display: none !important;\" class=\"akismet-fields-container\" data-prefix=\"_wpcf7_ak_\"><label>&#916;<textarea name=\"_wpcf7_ak_hp_textarea\" cols=\"45\" rows=\"8\" maxlength=\"100\"><\/textarea><\/label><input type=\"hidden\" id=\"ak_js_1\" name=\"_wpcf7_ak_js\" value=\"89\"\/><script>document.getElementById( \"ak_js_1\" ).setAttribute( \"value\", ( new Date() ).getTime() );<\/script><\/p><div class=\"wpcf7-response-output\" aria-hidden=\"true\"><\/div>\n<\/form>\n<\/div>\n\n","protected":false},"excerpt":{"rendered":"<p>Prix tracteur agricole Carraro Vigneto Largo Basso TIIIA neuf en Tunisie : Demande de devis en ligne, \u00e9quipements, puissance moteur tracteur agricole Carraro Vigneto Largo Basso TIIIA, caract\u00e9ristiques, photos et fiche technique tracteur agricole Carraro Vigneto Largo Basso TIIIA. Nombre de cylindres : 4 cylindres Cylindr\u00e9e : 3200 cc Puissance : De 75 ch \u00e0 &#8230; <a title=\"Prix tracteur agricole Carraro Vigneto Largo Basso TIIIA neuf en Tunisie\" class=\"read-more\" href=\"https:\/\/motors.tn\/magazine\/prix-tracteur-agricole-neuf-en-tunisie\/prix-tracteur-agricole-carraro-neuf-en-tunisie\/prix-tracteur-agricole-carraro-vigneto-largo-basso-tiiia-neuf-en-tunisie\/\" aria-label=\"En savoir plus sur Prix tracteur agricole Carraro Vigneto Largo Basso TIIIA neuf en Tunisie\">Lire la suite<\/a><\/p>\n","protected":false},"author":19342,"featured_media":0,"parent":445148,"menu_order":0,"comment_status":"closed","ping_status":"closed","template":"","meta":{"footnotes":""},"class_list":["post-445161","page","type-page","status-publish"],"yoast_head":"<!-- This site is optimized with the Yoast SEO plugin v25.7 - https:\/\/yoast.com\/wordpress\/plugins\/seo\/ -->\n<title>Prix tracteur agricole Carraro Vigneto Largo Basso TIIIA neuf en Tunisie - Motors.tn<\/title>\n<meta name=\"description\" content=\"Prix tracteur agricole Vigneto Largo Basso TIIIA neuf en Tunisie : Carraro Vigneto Largo Basso TIIIA \u00e0 vendre en Tunisie, Frutteto Vigneto Largo Basso TIIIA Tunisie\" \/>\n<meta name=\"robots\" content=\"index, follow, max-snippet:-1, max-image-preview:large, max-video-preview:-1\" \/>\n<link rel=\"canonical\" href=\"https:\/\/motors.tn\/magazine\/prix-tracteur-agricole-neuf-en-tunisie\/prix-tracteur-agricole-carraro-neuf-en-tunisie\/prix-tracteur-agricole-carraro-vigneto-largo-basso-tiiia-neuf-en-tunisie\/\" \/>\n<meta property=\"og:locale\" content=\"fr_FR\" \/>\n<meta property=\"og:type\" content=\"article\" \/>\n<meta property=\"og:title\" content=\"Prix tracteur agricole Carraro Vigneto Largo Basso TIIIA neuf en Tunisie - Motors.tn\" \/>\n<meta property=\"og:description\" content=\"Prix tracteur agricole Vigneto Largo Basso TIIIA neuf en Tunisie : Carraro Vigneto Largo Basso TIIIA \u00e0 vendre en Tunisie, Frutteto Vigneto Largo Basso TIIIA Tunisie\" \/>\n<meta property=\"og:url\" content=\"https:\/\/motors.tn\/magazine\/prix-tracteur-agricole-neuf-en-tunisie\/prix-tracteur-agricole-carraro-neuf-en-tunisie\/prix-tracteur-agricole-carraro-vigneto-largo-basso-tiiia-neuf-en-tunisie\/\" \/>\n<meta property=\"og:site_name\" content=\"Motors.tn\" \/>\n<meta property=\"article:modified_time\" content=\"2022-02-01T15:30:17+00:00\" \/>\n<meta property=\"og:image\" content=\"http:\/\/motors.tn\/magazine\/wp-content\/uploads\/2022\/01\/Vigneto-Largo-Basso-TIIIA2.jpg.webp\" \/>\n<meta name=\"twitter:label1\" content=\"Dur\u00e9e de lecture estim\u00e9e\" \/>\n\t<meta name=\"twitter:data1\" content=\"3 minutes\" \/>\n<script type=\"application\/ld+json\" class=\"yoast-schema-graph\">{\"@context\":\"https:\/\/schema.org\",\"@graph\":[{\"@type\":\"WebPage\",\"@id\":\"https:\/\/motors.tn\/magazine\/prix-tracteur-agricole-neuf-en-tunisie\/prix-tracteur-agricole-carraro-neuf-en-tunisie\/prix-tracteur-agricole-carraro-vigneto-largo-basso-tiiia-neuf-en-tunisie\/\",\"url\":\"https:\/\/motors.tn\/magazine\/prix-tracteur-agricole-neuf-en-tunisie\/prix-tracteur-agricole-carraro-neuf-en-tunisie\/prix-tracteur-agricole-carraro-vigneto-largo-basso-tiiia-neuf-en-tunisie\/\",\"name\":\"Prix tracteur agricole Carraro Vigneto Largo Basso TIIIA neuf en Tunisie - Motors.tn\",\"isPartOf\":{\"@id\":\"https:\/\/motors.tn\/magazine\/#website\"},\"primaryImageOfPage\":{\"@id\":\"https:\/\/motors.tn\/magazine\/prix-tracteur-agricole-neuf-en-tunisie\/prix-tracteur-agricole-carraro-neuf-en-tunisie\/prix-tracteur-agricole-carraro-vigneto-largo-basso-tiiia-neuf-en-tunisie\/#primaryimage\"},\"image\":{\"@id\":\"https:\/\/motors.tn\/magazine\/prix-tracteur-agricole-neuf-en-tunisie\/prix-tracteur-agricole-carraro-neuf-en-tunisie\/prix-tracteur-agricole-carraro-vigneto-largo-basso-tiiia-neuf-en-tunisie\/#primaryimage\"},\"thumbnailUrl\":\"http:\/\/motors.tn\/magazine\/wp-content\/uploads\/2022\/01\/Vigneto-Largo-Basso-TIIIA2.jpg.webp\",\"datePublished\":\"2021-12-18T18:25:43+00:00\",\"dateModified\":\"2022-02-01T15:30:17+00:00\",\"description\":\"Prix tracteur agricole Vigneto Largo Basso TIIIA neuf en Tunisie : Carraro Vigneto Largo Basso TIIIA \u00e0 vendre en Tunisie, Frutteto Vigneto Largo Basso TIIIA Tunisie\",\"breadcrumb\":{\"@id\":\"https:\/\/motors.tn\/magazine\/prix-tracteur-agricole-neuf-en-tunisie\/prix-tracteur-agricole-carraro-neuf-en-tunisie\/prix-tracteur-agricole-carraro-vigneto-largo-basso-tiiia-neuf-en-tunisie\/#breadcrumb\"},\"inLanguage\":\"fr-FR\",\"potentialAction\":[{\"@type\":\"ReadAction\",\"target\":[\"https:\/\/motors.tn\/magazine\/prix-tracteur-agricole-neuf-en-tunisie\/prix-tracteur-agricole-carraro-neuf-en-tunisie\/prix-tracteur-agricole-carraro-vigneto-largo-basso-tiiia-neuf-en-tunisie\/\"]}]},{\"@type\":\"ImageObject\",\"inLanguage\":\"fr-FR\",\"@id\":\"https:\/\/motors.tn\/magazine\/prix-tracteur-agricole-neuf-en-tunisie\/prix-tracteur-agricole-carraro-neuf-en-tunisie\/prix-tracteur-agricole-carraro-vigneto-largo-basso-tiiia-neuf-en-tunisie\/#primaryimage\",\"url\":\"https:\/\/motors.tn\/magazine\/wp-content\/uploads\/2022\/01\/Vigneto-Largo-Basso-TIIIA2.jpg.webp\",\"contentUrl\":\"https:\/\/motors.tn\/magazine\/wp-content\/uploads\/2022\/01\/Vigneto-Largo-Basso-TIIIA2.jpg.webp\",\"width\":604,\"height\":376},{\"@type\":\"BreadcrumbList\",\"@id\":\"https:\/\/motors.tn\/magazine\/prix-tracteur-agricole-neuf-en-tunisie\/prix-tracteur-agricole-carraro-neuf-en-tunisie\/prix-tracteur-agricole-carraro-vigneto-largo-basso-tiiia-neuf-en-tunisie\/#breadcrumb\",\"itemListElement\":[{\"@type\":\"ListItem\",\"position\":1,\"name\":\"Motors.tn\",\"item\":\"https:\/\/motors.tn\/magazine\/\"},{\"@type\":\"ListItem\",\"position\":2,\"name\":\"Prix tracteur agricole neuf en Tunisie\",\"item\":\"https:\/\/motors.tn\/magazine\/prix-tracteur-agricole-neuf-en-tunisie\/\"},{\"@type\":\"ListItem\",\"position\":3,\"name\":\"Prix tracteur agricole Carraro neuf en Tunisie\",\"item\":\"https:\/\/motors.tn\/magazine\/prix-tracteur-agricole-neuf-en-tunisie\/prix-tracteur-agricole-carraro-neuf-en-tunisie\/\"},{\"@type\":\"ListItem\",\"position\":4,\"name\":\"Prix tracteur agricole Carraro Vigneto Largo Basso TIIIA neuf en Tunisie\"}]},{\"@type\":\"WebSite\",\"@id\":\"https:\/\/motors.tn\/magazine\/#website\",\"url\":\"https:\/\/motors.tn\/magazine\/\",\"name\":\"Motors.tn\",\"description\":\"Actualit\u00e9, prix du neuf et guide d&#039;achat\",\"publisher\":{\"@id\":\"https:\/\/motors.tn\/magazine\/#organization\"},\"potentialAction\":[{\"@type\":\"SearchAction\",\"target\":{\"@type\":\"EntryPoint\",\"urlTemplate\":\"https:\/\/motors.tn\/magazine\/?s={search_term_string}\"},\"query-input\":{\"@type\":\"PropertyValueSpecification\",\"valueRequired\":true,\"valueName\":\"search_term_string\"}}],\"inLanguage\":\"fr-FR\"},{\"@type\":\"Organization\",\"@id\":\"https:\/\/motors.tn\/magazine\/#organization\",\"name\":\"Strat\u00e9gie Digitale\",\"url\":\"https:\/\/motors.tn\/magazine\/\",\"logo\":{\"@type\":\"ImageObject\",\"inLanguage\":\"fr-FR\",\"@id\":\"https:\/\/motors.tn\/magazine\/#\/schema\/logo\/image\/\",\"url\":\"https:\/\/motors.tn\/magazine\/wp-content\/uploads\/2020\/05\/cropped-cropped-logo9bleu.png\",\"contentUrl\":\"https:\/\/motors.tn\/magazine\/wp-content\/uploads\/2020\/05\/cropped-cropped-logo9bleu.png\",\"width\":277,\"height\":44,\"caption\":\"Strat\u00e9gie Digitale\"},\"image\":{\"@id\":\"https:\/\/motors.tn\/magazine\/#\/schema\/logo\/image\/\"}}]}<\/script>\n<!-- \/ Yoast SEO plugin. -->","yoast_head_json":{"title":"Prix tracteur agricole Carraro Vigneto Largo Basso TIIIA neuf en Tunisie - Motors.tn","description":"Prix tracteur agricole Vigneto Largo Basso TIIIA neuf en Tunisie : Carraro Vigneto Largo Basso TIIIA \u00e0 vendre en Tunisie, Frutteto Vigneto Largo Basso TIIIA Tunisie","robots":{"index":"index","follow":"follow","max-snippet":"max-snippet:-1","max-image-preview":"max-image-preview:large","max-video-preview":"max-video-preview:-1"},"canonical":"https:\/\/motors.tn\/magazine\/prix-tracteur-agricole-neuf-en-tunisie\/prix-tracteur-agricole-carraro-neuf-en-tunisie\/prix-tracteur-agricole-carraro-vigneto-largo-basso-tiiia-neuf-en-tunisie\/","og_locale":"fr_FR","og_type":"article","og_title":"Prix tracteur agricole Carraro Vigneto Largo Basso TIIIA neuf en Tunisie - Motors.tn","og_description":"Prix tracteur agricole Vigneto Largo Basso TIIIA neuf en Tunisie : Carraro Vigneto Largo Basso TIIIA \u00e0 vendre en Tunisie, Frutteto Vigneto Largo Basso TIIIA Tunisie","og_url":"https:\/\/motors.tn\/magazine\/prix-tracteur-agricole-neuf-en-tunisie\/prix-tracteur-agricole-carraro-neuf-en-tunisie\/prix-tracteur-agricole-carraro-vigneto-largo-basso-tiiia-neuf-en-tunisie\/","og_site_name":"Motors.tn","article_modified_time":"2022-02-01T15:30:17+00:00","og_image":[{"url":"http:\/\/motors.tn\/magazine\/wp-content\/uploads\/2022\/01\/Vigneto-Largo-Basso-TIIIA2.jpg.webp","type":"","width":"","height":""}],"twitter_misc":{"Dur\u00e9e de lecture estim\u00e9e":"3 minutes"},"schema":{"@context":"https:\/\/schema.org","@graph":[{"@type":"WebPage","@id":"https:\/\/motors.tn\/magazine\/prix-tracteur-agricole-neuf-en-tunisie\/prix-tracteur-agricole-carraro-neuf-en-tunisie\/prix-tracteur-agricole-carraro-vigneto-largo-basso-tiiia-neuf-en-tunisie\/","url":"https:\/\/motors.tn\/magazine\/prix-tracteur-agricole-neuf-en-tunisie\/prix-tracteur-agricole-carraro-neuf-en-tunisie\/prix-tracteur-agricole-carraro-vigneto-largo-basso-tiiia-neuf-en-tunisie\/","name":"Prix tracteur agricole Carraro Vigneto Largo Basso TIIIA neuf en Tunisie - Motors.tn","isPartOf":{"@id":"https:\/\/motors.tn\/magazine\/#website"},"primaryImageOfPage":{"@id":"https:\/\/motors.tn\/magazine\/prix-tracteur-agricole-neuf-en-tunisie\/prix-tracteur-agricole-carraro-neuf-en-tunisie\/prix-tracteur-agricole-carraro-vigneto-largo-basso-tiiia-neuf-en-tunisie\/#primaryimage"},"image":{"@id":"https:\/\/motors.tn\/magazine\/prix-tracteur-agricole-neuf-en-tunisie\/prix-tracteur-agricole-carraro-neuf-en-tunisie\/prix-tracteur-agricole-carraro-vigneto-largo-basso-tiiia-neuf-en-tunisie\/#primaryimage"},"thumbnailUrl":"http:\/\/motors.tn\/magazine\/wp-content\/uploads\/2022\/01\/Vigneto-Largo-Basso-TIIIA2.jpg.webp","datePublished":"2021-12-18T18:25:43+00:00","dateModified":"2022-02-01T15:30:17+00:00","description":"Prix tracteur agricole Vigneto Largo Basso TIIIA neuf en Tunisie : Carraro Vigneto Largo Basso TIIIA \u00e0 vendre en Tunisie, Frutteto Vigneto Largo Basso TIIIA Tunisie","breadcrumb":{"@id":"https:\/\/motors.tn\/magazine\/prix-tracteur-agricole-neuf-en-tunisie\/prix-tracteur-agricole-carraro-neuf-en-tunisie\/prix-tracteur-agricole-carraro-vigneto-largo-basso-tiiia-neuf-en-tunisie\/#breadcrumb"},"inLanguage":"fr-FR","potentialAction":[{"@type":"ReadAction","target":["https:\/\/motors.tn\/magazine\/prix-tracteur-agricole-neuf-en-tunisie\/prix-tracteur-agricole-carraro-neuf-en-tunisie\/prix-tracteur-agricole-carraro-vigneto-largo-basso-tiiia-neuf-en-tunisie\/"]}]},{"@type":"ImageObject","inLanguage":"fr-FR","@id":"https:\/\/motors.tn\/magazine\/prix-tracteur-agricole-neuf-en-tunisie\/prix-tracteur-agricole-carraro-neuf-en-tunisie\/prix-tracteur-agricole-carraro-vigneto-largo-basso-tiiia-neuf-en-tunisie\/#primaryimage","url":"https:\/\/motors.tn\/magazine\/wp-content\/uploads\/2022\/01\/Vigneto-Largo-Basso-TIIIA2.jpg.webp","contentUrl":"https:\/\/motors.tn\/magazine\/wp-content\/uploads\/2022\/01\/Vigneto-Largo-Basso-TIIIA2.jpg.webp","width":604,"height":376},{"@type":"BreadcrumbList","@id":"https:\/\/motors.tn\/magazine\/prix-tracteur-agricole-neuf-en-tunisie\/prix-tracteur-agricole-carraro-neuf-en-tunisie\/prix-tracteur-agricole-carraro-vigneto-largo-basso-tiiia-neuf-en-tunisie\/#breadcrumb","itemListElement":[{"@type":"ListItem","position":1,"name":"Motors.tn","item":"https:\/\/motors.tn\/magazine\/"},{"@type":"ListItem","position":2,"name":"Prix tracteur agricole neuf en Tunisie","item":"https:\/\/motors.tn\/magazine\/prix-tracteur-agricole-neuf-en-tunisie\/"},{"@type":"ListItem","position":3,"name":"Prix tracteur agricole Carraro neuf en Tunisie","item":"https:\/\/motors.tn\/magazine\/prix-tracteur-agricole-neuf-en-tunisie\/prix-tracteur-agricole-carraro-neuf-en-tunisie\/"},{"@type":"ListItem","position":4,"name":"Prix tracteur agricole Carraro Vigneto Largo Basso TIIIA neuf en Tunisie"}]},{"@type":"WebSite","@id":"https:\/\/motors.tn\/magazine\/#website","url":"https:\/\/motors.tn\/magazine\/","name":"Motors.tn","description":"Actualit\u00e9, prix du neuf et guide d&#039;achat","publisher":{"@id":"https:\/\/motors.tn\/magazine\/#organization"},"potentialAction":[{"@type":"SearchAction","target":{"@type":"EntryPoint","urlTemplate":"https:\/\/motors.tn\/magazine\/?s={search_term_string}"},"query-input":{"@type":"PropertyValueSpecification","valueRequired":true,"valueName":"search_term_string"}}],"inLanguage":"fr-FR"},{"@type":"Organization","@id":"https:\/\/motors.tn\/magazine\/#organization","name":"Strat\u00e9gie Digitale","url":"https:\/\/motors.tn\/magazine\/","logo":{"@type":"ImageObject","inLanguage":"fr-FR","@id":"https:\/\/motors.tn\/magazine\/#\/schema\/logo\/image\/","url":"https:\/\/motors.tn\/magazine\/wp-content\/uploads\/2020\/05\/cropped-cropped-logo9bleu.png","contentUrl":"https:\/\/motors.tn\/magazine\/wp-content\/uploads\/2020\/05\/cropped-cropped-logo9bleu.png","width":277,"height":44,"caption":"Strat\u00e9gie Digitale"},"image":{"@id":"https:\/\/motors.tn\/magazine\/#\/schema\/logo\/image\/"}}]}},"_links":{"self":[{"href":"https:\/\/motors.tn\/magazine\/wp-json\/wp\/v2\/pages\/445161","targetHints":{"allow":["GET"]}}],"collection":[{"href":"https:\/\/motors.tn\/magazine\/wp-json\/wp\/v2\/pages"}],"about":[{"href":"https:\/\/motors.tn\/magazine\/wp-json\/wp\/v2\/types\/page"}],"author":[{"embeddable":true,"href":"https:\/\/motors.tn\/magazine\/wp-json\/wp\/v2\/users\/19342"}],"replies":[{"embeddable":true,"href":"https:\/\/motors.tn\/magazine\/wp-json\/wp\/v2\/comments?post=445161"}],"version-history":[{"count":0,"href":"https:\/\/motors.tn\/magazine\/wp-json\/wp\/v2\/pages\/445161\/revisions"}],"up":[{"embeddable":true,"href":"https:\/\/motors.tn\/magazine\/wp-json\/wp\/v2\/pages\/445148"}],"wp:attachment":[{"href":"https:\/\/motors.tn\/magazine\/wp-json\/wp\/v2\/media?parent=445161"}],"curies":[{"name":"wp","href":"https:\/\/api.w.org\/{rel}","templated":true}]}}