{"id":445622,"date":"2021-12-26T14:12:46","date_gmt":"2021-12-26T13:12:46","guid":{"rendered":"https:\/\/motors.tn\/magazine\/?page_id=445622"},"modified":"2022-05-30T18:52:52","modified_gmt":"2022-05-30T17:52:52","slug":"prix-tractopelle-terex-tlb890-neuve-en-tunisie","status":"publish","type":"page","link":"https:\/\/motors.tn\/magazine\/prix-tractopelle-neuve-en-tunisie\/prix-tractopelle-terex-neuve-en-tunisie\/prix-tractopelle-terex-tlb890-neuve-en-tunisie\/","title":{"rendered":"Prix tractopelle Mecalac TLB890 neuve en Tunisie"},"content":{"rendered":"<p><a href=\"https:\/\/motors.tn\/magazine\/prix-tractopelle-neuve-en-tunisie\/prix-tractopelle-terex-neuve-en-tunisie\/\">Prix tractopelle Mecalac<\/a>\u00a0TLB890 neuve en Tunisie : Demande de devis en ligne, \u00e9quipements, puissance moteur, caract\u00e9ristiques, photos et fiche technique.<\/p>\n<div id='gallery-1' class='gallery galleryid-445622 gallery-columns-1 gallery-size-full'><figure class='gallery-item'>\n\t\t\t<div class='gallery-icon landscape'>\n\t\t\t\t<img decoding=\"async\" width=\"600\" height=\"348\" src=\"https:\/\/motors.tn\/magazine\/wp-content\/uploads\/2022\/05\/Prix-tractopelle-Mecalac-TLB890-neuve-en-Tunisie-2.png\" class=\"attachment-full size-full\" alt=\"\" srcset=\"https:\/\/motors.tn\/magazine\/wp-content\/uploads\/2022\/05\/Prix-tractopelle-Mecalac-TLB890-neuve-en-Tunisie-2.png 600w, https:\/\/motors.tn\/magazine\/wp-content\/uploads\/2022\/05\/Prix-tractopelle-Mecalac-TLB890-neuve-en-Tunisie-2-300x174.png 300w\" sizes=\"(max-width: 600px) 100vw, 600px\" \/>\n\t\t\t<\/div><\/figure><figure class='gallery-item'>\n\t\t\t<div class='gallery-icon landscape'>\n\t\t\t\t<img decoding=\"async\" width=\"700\" height=\"371\" src=\"https:\/\/motors.tn\/magazine\/wp-content\/uploads\/2022\/05\/1593099452_mecalac-tlb890-1-siteshift-arm-extended-semaphore-72px-png-e1652820208754.png\" class=\"attachment-full size-full\" alt=\"\" srcset=\"https:\/\/motors.tn\/magazine\/wp-content\/uploads\/2022\/05\/1593099452_mecalac-tlb890-1-siteshift-arm-extended-semaphore-72px-png-e1652820208754.png 700w, https:\/\/motors.tn\/magazine\/wp-content\/uploads\/2022\/05\/1593099452_mecalac-tlb890-1-siteshift-arm-extended-semaphore-72px-png-e1652820208754-300x159.png 300w\" sizes=\"(max-width: 700px) 100vw, 700px\" \/>\n\t\t\t<\/div><\/figure><figure class='gallery-item'>\n\t\t\t<div class='gallery-icon landscape'>\n\t\t\t\t<img decoding=\"async\" width=\"700\" height=\"525\" src=\"https:\/\/motors.tn\/magazine\/wp-content\/uploads\/2022\/05\/Prix-tractopelle-Mecalac-TLB890-neuve-en-Tunisie-11.jpg\" class=\"attachment-full size-full\" alt=\"\" srcset=\"https:\/\/motors.tn\/magazine\/wp-content\/uploads\/2022\/05\/Prix-tractopelle-Mecalac-TLB890-neuve-en-Tunisie-11.jpg 700w, https:\/\/motors.tn\/magazine\/wp-content\/uploads\/2022\/05\/Prix-tractopelle-Mecalac-TLB890-neuve-en-Tunisie-11-300x225.jpg 300w\" sizes=\"(max-width: 700px) 100vw, 700px\" \/>\n\t\t\t<\/div><\/figure><figure class='gallery-item'>\n\t\t\t<div class='gallery-icon landscape'>\n\t\t\t\t<img decoding=\"async\" width=\"700\" height=\"525\" src=\"https:\/\/motors.tn\/magazine\/wp-content\/uploads\/2022\/05\/1623937011_MECALAC-TLB890_sideshift-Job_site-41-Copyright_Aldimak-72dpi-web-e1652820232683.jpg\" class=\"attachment-full size-full\" alt=\"\" \/>\n\t\t\t<\/div><\/figure><figure class='gallery-item'>\n\t\t\t<div class='gallery-icon landscape'>\n\t\t\t\t<img decoding=\"async\" width=\"700\" height=\"467\" src=\"https:\/\/motors.tn\/magazine\/wp-content\/uploads\/2022\/05\/1623936885_MECALAC-TLB890_sideshift-Job_site-2-Copyright_Costruzioni-72dpi-web-e1652820219995.jpg\" class=\"attachment-full size-full\" alt=\"\" \/>\n\t\t\t<\/div><\/figure><figure class='gallery-item'>\n\t\t\t<div class='gallery-icon landscape'>\n\t\t\t\t<img decoding=\"async\" width=\"700\" height=\"467\" src=\"https:\/\/motors.tn\/magazine\/wp-content\/uploads\/2022\/05\/1623936951_MECALAC-TLB890_sideshift-Job_site-25-Copyright_Mecalac-72dpi-web-e1652820225615.jpg\" class=\"attachment-full size-full\" alt=\"\" \/>\n\t\t\t<\/div><\/figure><figure class='gallery-item'>\n\t\t\t<div class='gallery-icon landscape'>\n\t\t\t\t<img decoding=\"async\" width=\"700\" height=\"369\" src=\"https:\/\/motors.tn\/magazine\/wp-content\/uploads\/2022\/05\/materiel-de-TP-tractopelle-MECALAC-TLB-890-1601540863393633330_big-20100111183612834500-e1652820278718.jpg\" class=\"attachment-full size-full\" alt=\"\" srcset=\"https:\/\/motors.tn\/magazine\/wp-content\/uploads\/2022\/05\/materiel-de-TP-tractopelle-MECALAC-TLB-890-1601540863393633330_big-20100111183612834500-e1652820278718.jpg 700w, https:\/\/motors.tn\/magazine\/wp-content\/uploads\/2022\/05\/materiel-de-TP-tractopelle-MECALAC-TLB-890-1601540863393633330_big-20100111183612834500-e1652820278718-300x158.jpg 300w\" sizes=\"(max-width: 700px) 100vw, 700px\" \/>\n\t\t\t<\/div><\/figure>\n\t\t<\/div>\n\n<p><strong>Fiche technique :\u00a0<\/strong><\/p>\n<ul>\n<li>Nombre de cylindres : 4<\/li>\n<li>Cylindr\u00e9e : 4400 cc<\/li>\n<li>Puissance : 100 ch<\/li>\n<li>Couple : 400 N.m<\/li>\n<li>Capacit\u00e9 r\u00e9servoir : 135 L<\/li>\n<li>Poids op\u00e9rationnel : 8150 kg<\/li>\n<li>Profondeur de fouille max : 5.69 m<\/li>\n<\/ul>\n<p style=\"text-align: justify;\">La <a href=\"https:\/\/motors.tn\/magazine\/prix-tractopelle-neuve-en-tunisie\/prix-tractopelle-terex-neuve-en-tunisie\/\">tractopelle Mecalac<\/a>\u00a0TLB890 est bas\u00e9e sur la r\u00e9putation de son ch\u00e2ssis et sur ses r\u00e9f\u00e9rences \u00e9prouv\u00e9es en mati\u00e8re de long\u00e9vit\u00e9, fiabilit\u00e9 et s\u00e9curit\u00e9. Le contrepoids en fonte moul\u00e9e apporte une meilleure r\u00e9partition du poids et une protection totale des composants. La <a href=\"https:\/\/motors.tn\/magazine\/prix-tractopelle-neuve-en-tunisie\/prix-tractopelle-terex-neuve-en-tunisie\/\">tractopelle Mecalac<\/a>\u00a0TLB890 en Tunisie est dot\u00e9e d&rsquo;un puissant moteur turbocompress\u00e9 de 100 cv \u00e0 refroidissement par air, qui offre une r\u00e9serve de couple \u00e9lev\u00e9e assurant force de pouss\u00e9e et productivit\u00e9 optimales.<\/p>\n<p style=\"text-align: justify;\">La nouvelle cabine de la <a href=\"https:\/\/motors.tn\/magazine\/prix-tractopelle-neuve-en-tunisie\/prix-tractopelle-terex-neuve-en-tunisie\/\">tractopelle Mecalac<\/a>\u00a0TLB890 en Tunisie au style dynamique offre des niveaux am\u00e9lior\u00e9s de confort et de fonctionnalit\u00e9. Gr\u00e2ce \u00e0 l&rsquo;excellente ergonomie, \u00e0 son confortable si\u00e8ge \u00e0 suspension m\u00e9canique fourni de s\u00e9rie et \u00e0 ses faibles niveaux de bruit et de vibrations, la cabine permet \u00e0 l&rsquo;op\u00e9rateur de travailler sans fatigue et d&rsquo;assurer une haute productivit\u00e9 tout au long de la journ\u00e9e.<\/p>\n<p style=\"text-align: justify;\">L\u2019arri\u00e8re de la cabine enti\u00e8rement vitr\u00e9 \u00e0 ouverture totale et la climatisation hautes performances font de la cabine de la <a href=\"https:\/\/motors.tn\/magazine\/prix-tractopelle-neuve-en-tunisie\/prix-tractopelle-terex-neuve-en-tunisie\/\">tractopelle Mecalac<\/a>\u00a0TLB890 un environnement de travail particuli\u00e8rement agr\u00e9able. La disposition pratique des instruments et commandes facilite et am\u00e9liore le travail de l&rsquo;op\u00e9rateur sur la <a href=\"https:\/\/motors.tn\/magazine\/prix-tractopelle-neuve-en-tunisie\/prix-tractopelle-terex-neuve-en-tunisie\/\">tractopelle Mecalac<\/a>\u00a0TLB890.<\/p>\n<hr \/>\n<h2><strong>Demande de prix \/ Demande de devis pour tractopelle neuve en Tunisie\u00a0<\/strong><\/h2>\n<p style=\"text-align: left;\">Faites votre demande de devis en ligne ici et recevez gratuitement une r\u00e9ponse de nos partenaires :<\/p>\n\n<div class=\"wpcf7 no-js\" id=\"wpcf7-f445362-o1\" lang=\"fr-FR\" dir=\"ltr\" data-wpcf7-id=\"445362\">\n<div class=\"screen-reader-response\"><p role=\"status\" aria-live=\"polite\" aria-atomic=\"true\"><\/p> <ul><\/ul><\/div>\n<form action=\"\/magazine\/wp-json\/wp\/v2\/pages\/445622#wpcf7-f445362-o1\" method=\"post\" class=\"wpcf7-form init\" aria-label=\"Formulaire de contact\" novalidate=\"novalidate\" data-status=\"init\">\n<fieldset class=\"hidden-fields-container\"><input type=\"hidden\" name=\"_wpcf7\" value=\"445362\" \/><input type=\"hidden\" name=\"_wpcf7_version\" value=\"6.1.1\" \/><input type=\"hidden\" name=\"_wpcf7_locale\" value=\"fr_FR\" \/><input type=\"hidden\" name=\"_wpcf7_unit_tag\" value=\"wpcf7-f445362-o1\" \/><input type=\"hidden\" name=\"_wpcf7_container_post\" value=\"0\" \/><input type=\"hidden\" name=\"_wpcf7_posted_data_hash\" value=\"\" \/>\n<\/fieldset>\n<p>Nom et pr\u00e9nom - \u0627\u0644\u0625\u0633\u0645 \u0648 \u0627\u0644\u0644\u0642\u0628 :<br \/>\n<span class=\"wpcf7-form-control-wrap\" data-name=\"your-name\"><input size=\"40\" maxlength=\"400\" class=\"wpcf7-form-control wpcf7-text wpcf7-validates-as-required\" aria-required=\"true\" aria-invalid=\"false\" value=\"\" type=\"text\" name=\"your-name\" \/><\/span>\n<\/p>\n<p> Soci\u00e9t\u00e9 - \u0627\u0644\u0634\u0631\u0643\u0629 :<br \/>\n<span class=\"wpcf7-form-control-wrap\" data-name=\"your-ste\"><input size=\"40\" maxlength=\"400\" class=\"wpcf7-form-control wpcf7-text wpcf7-validates-as-required\" aria-required=\"true\" aria-invalid=\"false\" value=\"\" type=\"text\" name=\"your-ste\" \/><\/span>\n<\/p>\n<p>T\u00e9l\u00e9phone - \u0627\u0644\u0647\u0627\u062a\u0641 :\n<\/p>\n<p><span class=\"wpcf7-form-control-wrap\" data-name=\"your-tel\"><input size=\"40\" maxlength=\"400\" class=\"wpcf7-form-control wpcf7-tel wpcf7-validates-as-required wpcf7-text wpcf7-validates-as-tel\" aria-required=\"true\" aria-invalid=\"false\" value=\"\" type=\"tel\" name=\"your-tel\" \/><\/span>\n<\/p>\n<p>Gouvernorat - \u0627\u0644\u0648\u0644\u0627\u064a\u0629 :\n<\/p>\n<p><span class=\"wpcf7-form-control-wrap\" data-name=\"your-gouvernorat\"><select class=\"wpcf7-form-control wpcf7-select wpcf7-validates-as-required\" aria-required=\"true\" aria-invalid=\"false\" name=\"your-gouvernorat\"><option value=\"\">&#8212;Veuillez choisir une option&#8212;<\/option><option value=\"Ariana - \u0623\u0631\u064a\u0627\u0646\u0629\">Ariana - \u0623\u0631\u064a\u0627\u0646\u0629<\/option><option value=\"B\u00e9ja - \u0628\u0627\u062c\u0629\">B\u00e9ja - \u0628\u0627\u062c\u0629<\/option><option value=\"Ben Arous - \u0628\u0646 \u0639\u0631\u0648\u0633\">Ben Arous - \u0628\u0646 \u0639\u0631\u0648\u0633<\/option><option value=\"Bizerte - \u0628\u0646\u0632\u0631\u062a\">Bizerte - \u0628\u0646\u0632\u0631\u062a<\/option><option value=\"Gab\u00e8s - \u0642\u0627\u0628\u0633\">Gab\u00e8s - \u0642\u0627\u0628\u0633<\/option><option value=\"Gafsa - \u0642\u0641\u0635\u0629\">Gafsa - \u0642\u0641\u0635\u0629<\/option><option value=\"Jendouba - \u062c\u0646\u062f\u0648\u0628\u0629\">Jendouba - \u062c\u0646\u062f\u0648\u0628\u0629<\/option><option value=\"Kairouan - \u0627\u0644\u0642\u064a\u0631\u0648\u0627\u0646\">Kairouan - \u0627\u0644\u0642\u064a\u0631\u0648\u0627\u0646<\/option><option value=\"Kasserine - \u0627\u0644\u0642\u0635\u0631\u064a\u0646\">Kasserine - \u0627\u0644\u0642\u0635\u0631\u064a\u0646<\/option><option value=\"K\u00e9bili - \u0642\u0628\u0644\u064a\">K\u00e9bili - \u0642\u0628\u0644\u064a<\/option><option value=\"Le Kef - \u0627\u0644\u0643\u0627\u0641\">Le Kef - \u0627\u0644\u0643\u0627\u0641<\/option><option value=\"Mahdia - \u0627\u0644\u0645\u0647\u062f\u064a\u0629\">Mahdia - \u0627\u0644\u0645\u0647\u062f\u064a\u0629<\/option><option value=\"La Manouba - \u0645\u0646\u0648\u0628\u0629\">La Manouba - \u0645\u0646\u0648\u0628\u0629<\/option><option value=\"M\u00e9denine - \u0645\u062f\u0646\u064a\u0646\">M\u00e9denine - \u0645\u062f\u0646\u064a\u0646<\/option><option value=\"Monastir - \u0627\u0644\u0645\u0646\u0633\u062a\u064a\u0631\">Monastir - \u0627\u0644\u0645\u0646\u0633\u062a\u064a\u0631<\/option><option value=\"Nabeul - \u0646\u0627\u0628\u0644\">Nabeul - \u0646\u0627\u0628\u0644<\/option><option value=\"Sfax - \u0635\u0641\u0627\u0642\u0633\">Sfax - \u0635\u0641\u0627\u0642\u0633<\/option><option value=\"Sidi Bouzid - \u0633\u064a\u062f\u064a \u0628\u0648\u0632\u064a\u062f\">Sidi Bouzid - \u0633\u064a\u062f\u064a \u0628\u0648\u0632\u064a\u062f<\/option><option value=\"Siliana - \u0633\u0644\u064a\u0627\u0646\u0629\">Siliana - \u0633\u0644\u064a\u0627\u0646\u0629<\/option><option value=\"Sousse - \u0633\u0648\u0633\u0629\">Sousse - \u0633\u0648\u0633\u0629<\/option><option value=\"Tataouine - \u062a\u0637\u0627\u0648\u064a\u0646\">Tataouine - \u062a\u0637\u0627\u0648\u064a\u0646<\/option><option value=\"Tozeur - \u062a\u0648\u0632\u0631\">Tozeur - \u062a\u0648\u0632\u0631<\/option><option value=\"Tunis - \u062a\u0648\u0646\u0633\">Tunis - \u062a\u0648\u0646\u0633<\/option><option value=\"Zaghouan - \u0632\u063a\u0648\u0627\u0646\">Zaghouan - \u0632\u063a\u0648\u0627\u0646<\/option><\/select><\/span>\n<\/p>\n<p>Email - \u0627\u0644\u0628\u0631\u064a\u062f \u0627\u0644\u0625\u0644\u0643\u062a\u0631\u0648\u0646\u064a :\n<\/p>\n<p><span class=\"wpcf7-form-control-wrap\" data-name=\"your-email\"><input size=\"40\" maxlength=\"400\" class=\"wpcf7-form-control wpcf7-email wpcf7-validates-as-required wpcf7-text wpcf7-validates-as-email\" aria-required=\"true\" aria-invalid=\"false\" value=\"\" type=\"email\" name=\"your-email\" \/><\/span>\n<\/p>\n<p><span class=\"wpcf7-form-control-wrap\" data-name=\"checkbox-859\"><span class=\"wpcf7-form-control wpcf7-checkbox wpcf7-validates-as-required\"><span class=\"wpcf7-list-item first last\"><input type=\"checkbox\" name=\"checkbox-859[]\" value=\"J&#039;accepte d&#039;\u00eatre contact\u00e9(e) par les concessionnaires partenaires pour recevoir les offres commerciales.\" checked=\"checked\" \/><span class=\"wpcf7-list-item-label\">J&#039;accepte d&#039;\u00eatre contact\u00e9(e) par les concessionnaires partenaires pour recevoir les offres commerciales.<\/span><\/span><\/span><\/span>\n<\/p>\n<p><input class=\"wpcf7-form-control wpcf7-submit has-spinner\" type=\"submit\" value=\"Envoyer - \u0625\u0631\u0633\u0627\u0644\" \/>\n<\/p><p style=\"display: none !important;\" class=\"akismet-fields-container\" data-prefix=\"_wpcf7_ak_\"><label>&#916;<textarea name=\"_wpcf7_ak_hp_textarea\" cols=\"45\" rows=\"8\" maxlength=\"100\"><\/textarea><\/label><input type=\"hidden\" id=\"ak_js_1\" name=\"_wpcf7_ak_js\" value=\"242\"\/><script>document.getElementById( \"ak_js_1\" ).setAttribute( \"value\", ( new Date() ).getTime() );<\/script><\/p><div class=\"wpcf7-response-output\" aria-hidden=\"true\"><\/div>\n<\/form>\n<\/div>\n\n","protected":false},"excerpt":{"rendered":"<p>Prix tractopelle Mecalac\u00a0TLB890 neuve en Tunisie : Demande de devis en ligne, \u00e9quipements, puissance moteur, caract\u00e9ristiques, photos et fiche technique. Fiche technique :\u00a0 Nombre de cylindres : 4 Cylindr\u00e9e : 4400 cc Puissance : 100 ch Couple : 400 N.m Capacit\u00e9 r\u00e9servoir : 135 L Poids op\u00e9rationnel : 8150 kg Profondeur de fouille max : &#8230; <a title=\"Prix tractopelle Mecalac TLB890 neuve en Tunisie\" class=\"read-more\" href=\"https:\/\/motors.tn\/magazine\/prix-tractopelle-neuve-en-tunisie\/prix-tractopelle-terex-neuve-en-tunisie\/prix-tractopelle-terex-tlb890-neuve-en-tunisie\/\" aria-label=\"En savoir plus sur Prix tractopelle Mecalac TLB890 neuve en Tunisie\">Lire la suite<\/a><\/p>\n","protected":false},"author":19342,"featured_media":0,"parent":445628,"menu_order":0,"comment_status":"closed","ping_status":"closed","template":"","meta":{"footnotes":""},"class_list":["post-445622","page","type-page","status-publish"],"yoast_head":"<!-- This site is optimized with the Yoast SEO plugin v25.7 - https:\/\/yoast.com\/wordpress\/plugins\/seo\/ -->\n<title>Prix tractopelle Mecalac TLB890 neuve en Tunisie - Motors.tn<\/title>\n<meta name=\"description\" content=\"Prix tractopelle trax Terex Mecalac TLB890 neuve Tunisie : trax Terex Mecalac TLB890 \u00e0 vendre, leasing tractopelle Terex Mecalac TLB890 Tunisie\" \/>\n<meta name=\"robots\" content=\"index, follow, max-snippet:-1, max-image-preview:large, max-video-preview:-1\" \/>\n<link rel=\"canonical\" href=\"https:\/\/motors.tn\/magazine\/prix-tractopelle-neuve-en-tunisie\/prix-tractopelle-terex-neuve-en-tunisie\/prix-tractopelle-terex-tlb890-neuve-en-tunisie\/\" \/>\n<meta property=\"og:locale\" content=\"fr_FR\" \/>\n<meta property=\"og:type\" content=\"article\" \/>\n<meta property=\"og:title\" content=\"Prix tractopelle Mecalac TLB890 neuve en Tunisie - Motors.tn\" \/>\n<meta property=\"og:description\" content=\"Prix tractopelle trax Terex Mecalac TLB890 neuve Tunisie : trax Terex Mecalac TLB890 \u00e0 vendre, leasing tractopelle Terex Mecalac TLB890 Tunisie\" \/>\n<meta property=\"og:url\" content=\"https:\/\/motors.tn\/magazine\/prix-tractopelle-neuve-en-tunisie\/prix-tractopelle-terex-neuve-en-tunisie\/prix-tractopelle-terex-tlb890-neuve-en-tunisie\/\" \/>\n<meta property=\"og:site_name\" content=\"Motors.tn\" \/>\n<meta property=\"article:modified_time\" content=\"2022-05-30T17:52:52+00:00\" \/>\n<meta property=\"og:image\" content=\"https:\/\/motors.tn\/magazine\/wp-content\/uploads\/2022\/05\/Prix-tractopelle-Mecalac-TLB890-neuve-en-Tunisie-2.png\" \/>\n<meta name=\"twitter:label1\" content=\"Dur\u00e9e de lecture estim\u00e9e\" \/>\n\t<meta name=\"twitter:data1\" content=\"2 minutes\" \/>\n<script type=\"application\/ld+json\" class=\"yoast-schema-graph\">{\"@context\":\"https:\/\/schema.org\",\"@graph\":[{\"@type\":\"WebPage\",\"@id\":\"https:\/\/motors.tn\/magazine\/prix-tractopelle-neuve-en-tunisie\/prix-tractopelle-terex-neuve-en-tunisie\/prix-tractopelle-terex-tlb890-neuve-en-tunisie\/\",\"url\":\"https:\/\/motors.tn\/magazine\/prix-tractopelle-neuve-en-tunisie\/prix-tractopelle-terex-neuve-en-tunisie\/prix-tractopelle-terex-tlb890-neuve-en-tunisie\/\",\"name\":\"Prix tractopelle Mecalac TLB890 neuve en Tunisie - Motors.tn\",\"isPartOf\":{\"@id\":\"https:\/\/motors.tn\/magazine\/#website\"},\"datePublished\":\"2021-12-26T13:12:46+00:00\",\"dateModified\":\"2022-05-30T17:52:52+00:00\",\"description\":\"Prix tractopelle trax Terex Mecalac TLB890 neuve Tunisie : trax Terex Mecalac TLB890 \u00e0 vendre, leasing tractopelle Terex Mecalac TLB890 Tunisie\",\"breadcrumb\":{\"@id\":\"https:\/\/motors.tn\/magazine\/prix-tractopelle-neuve-en-tunisie\/prix-tractopelle-terex-neuve-en-tunisie\/prix-tractopelle-terex-tlb890-neuve-en-tunisie\/#breadcrumb\"},\"inLanguage\":\"fr-FR\",\"potentialAction\":[{\"@type\":\"ReadAction\",\"target\":[\"https:\/\/motors.tn\/magazine\/prix-tractopelle-neuve-en-tunisie\/prix-tractopelle-terex-neuve-en-tunisie\/prix-tractopelle-terex-tlb890-neuve-en-tunisie\/\"]}]},{\"@type\":\"BreadcrumbList\",\"@id\":\"https:\/\/motors.tn\/magazine\/prix-tractopelle-neuve-en-tunisie\/prix-tractopelle-terex-neuve-en-tunisie\/prix-tractopelle-terex-tlb890-neuve-en-tunisie\/#breadcrumb\",\"itemListElement\":[{\"@type\":\"ListItem\",\"position\":1,\"name\":\"Motors.tn\",\"item\":\"https:\/\/motors.tn\/magazine\/\"},{\"@type\":\"ListItem\",\"position\":2,\"name\":\"Prix tractopelle neuve en Tunisie\",\"item\":\"https:\/\/motors.tn\/magazine\/prix-tractopelle-neuve-en-tunisie\/\"},{\"@type\":\"ListItem\",\"position\":3,\"name\":\"Prix tractopelle Mecalac neuve en Tunisie\",\"item\":\"https:\/\/motors.tn\/magazine\/prix-tractopelle-neuve-en-tunisie\/prix-tractopelle-terex-neuve-en-tunisie\/\"},{\"@type\":\"ListItem\",\"position\":4,\"name\":\"Prix tractopelle Mecalac TLB890 neuve en Tunisie\"}]},{\"@type\":\"WebSite\",\"@id\":\"https:\/\/motors.tn\/magazine\/#website\",\"url\":\"https:\/\/motors.tn\/magazine\/\",\"name\":\"Motors.tn\",\"description\":\"Actualit\u00e9, prix du neuf et guide d&#039;achat\",\"publisher\":{\"@id\":\"https:\/\/motors.tn\/magazine\/#organization\"},\"potentialAction\":[{\"@type\":\"SearchAction\",\"target\":{\"@type\":\"EntryPoint\",\"urlTemplate\":\"https:\/\/motors.tn\/magazine\/?s={search_term_string}\"},\"query-input\":{\"@type\":\"PropertyValueSpecification\",\"valueRequired\":true,\"valueName\":\"search_term_string\"}}],\"inLanguage\":\"fr-FR\"},{\"@type\":\"Organization\",\"@id\":\"https:\/\/motors.tn\/magazine\/#organization\",\"name\":\"Strat\u00e9gie Digitale\",\"url\":\"https:\/\/motors.tn\/magazine\/\",\"logo\":{\"@type\":\"ImageObject\",\"inLanguage\":\"fr-FR\",\"@id\":\"https:\/\/motors.tn\/magazine\/#\/schema\/logo\/image\/\",\"url\":\"https:\/\/motors.tn\/magazine\/wp-content\/uploads\/2020\/05\/cropped-cropped-logo9bleu.png\",\"contentUrl\":\"https:\/\/motors.tn\/magazine\/wp-content\/uploads\/2020\/05\/cropped-cropped-logo9bleu.png\",\"width\":277,\"height\":44,\"caption\":\"Strat\u00e9gie Digitale\"},\"image\":{\"@id\":\"https:\/\/motors.tn\/magazine\/#\/schema\/logo\/image\/\"}}]}<\/script>\n<!-- \/ Yoast SEO plugin. -->","yoast_head_json":{"title":"Prix tractopelle Mecalac TLB890 neuve en Tunisie - Motors.tn","description":"Prix tractopelle trax Terex Mecalac TLB890 neuve Tunisie : trax Terex Mecalac TLB890 \u00e0 vendre, leasing tractopelle Terex Mecalac TLB890 Tunisie","robots":{"index":"index","follow":"follow","max-snippet":"max-snippet:-1","max-image-preview":"max-image-preview:large","max-video-preview":"max-video-preview:-1"},"canonical":"https:\/\/motors.tn\/magazine\/prix-tractopelle-neuve-en-tunisie\/prix-tractopelle-terex-neuve-en-tunisie\/prix-tractopelle-terex-tlb890-neuve-en-tunisie\/","og_locale":"fr_FR","og_type":"article","og_title":"Prix tractopelle Mecalac TLB890 neuve en Tunisie - Motors.tn","og_description":"Prix tractopelle trax Terex Mecalac TLB890 neuve Tunisie : trax Terex Mecalac TLB890 \u00e0 vendre, leasing tractopelle Terex Mecalac TLB890 Tunisie","og_url":"https:\/\/motors.tn\/magazine\/prix-tractopelle-neuve-en-tunisie\/prix-tractopelle-terex-neuve-en-tunisie\/prix-tractopelle-terex-tlb890-neuve-en-tunisie\/","og_site_name":"Motors.tn","article_modified_time":"2022-05-30T17:52:52+00:00","og_image":[{"url":"https:\/\/motors.tn\/magazine\/wp-content\/uploads\/2022\/05\/Prix-tractopelle-Mecalac-TLB890-neuve-en-Tunisie-2.png","type":"","width":"","height":""}],"twitter_misc":{"Dur\u00e9e de lecture estim\u00e9e":"2 minutes"},"schema":{"@context":"https:\/\/schema.org","@graph":[{"@type":"WebPage","@id":"https:\/\/motors.tn\/magazine\/prix-tractopelle-neuve-en-tunisie\/prix-tractopelle-terex-neuve-en-tunisie\/prix-tractopelle-terex-tlb890-neuve-en-tunisie\/","url":"https:\/\/motors.tn\/magazine\/prix-tractopelle-neuve-en-tunisie\/prix-tractopelle-terex-neuve-en-tunisie\/prix-tractopelle-terex-tlb890-neuve-en-tunisie\/","name":"Prix tractopelle Mecalac TLB890 neuve en Tunisie - Motors.tn","isPartOf":{"@id":"https:\/\/motors.tn\/magazine\/#website"},"datePublished":"2021-12-26T13:12:46+00:00","dateModified":"2022-05-30T17:52:52+00:00","description":"Prix tractopelle trax Terex Mecalac TLB890 neuve Tunisie : trax Terex Mecalac TLB890 \u00e0 vendre, leasing tractopelle Terex Mecalac TLB890 Tunisie","breadcrumb":{"@id":"https:\/\/motors.tn\/magazine\/prix-tractopelle-neuve-en-tunisie\/prix-tractopelle-terex-neuve-en-tunisie\/prix-tractopelle-terex-tlb890-neuve-en-tunisie\/#breadcrumb"},"inLanguage":"fr-FR","potentialAction":[{"@type":"ReadAction","target":["https:\/\/motors.tn\/magazine\/prix-tractopelle-neuve-en-tunisie\/prix-tractopelle-terex-neuve-en-tunisie\/prix-tractopelle-terex-tlb890-neuve-en-tunisie\/"]}]},{"@type":"BreadcrumbList","@id":"https:\/\/motors.tn\/magazine\/prix-tractopelle-neuve-en-tunisie\/prix-tractopelle-terex-neuve-en-tunisie\/prix-tractopelle-terex-tlb890-neuve-en-tunisie\/#breadcrumb","itemListElement":[{"@type":"ListItem","position":1,"name":"Motors.tn","item":"https:\/\/motors.tn\/magazine\/"},{"@type":"ListItem","position":2,"name":"Prix tractopelle neuve en Tunisie","item":"https:\/\/motors.tn\/magazine\/prix-tractopelle-neuve-en-tunisie\/"},{"@type":"ListItem","position":3,"name":"Prix tractopelle Mecalac neuve en Tunisie","item":"https:\/\/motors.tn\/magazine\/prix-tractopelle-neuve-en-tunisie\/prix-tractopelle-terex-neuve-en-tunisie\/"},{"@type":"ListItem","position":4,"name":"Prix tractopelle Mecalac TLB890 neuve en Tunisie"}]},{"@type":"WebSite","@id":"https:\/\/motors.tn\/magazine\/#website","url":"https:\/\/motors.tn\/magazine\/","name":"Motors.tn","description":"Actualit\u00e9, prix du neuf et guide d&#039;achat","publisher":{"@id":"https:\/\/motors.tn\/magazine\/#organization"},"potentialAction":[{"@type":"SearchAction","target":{"@type":"EntryPoint","urlTemplate":"https:\/\/motors.tn\/magazine\/?s={search_term_string}"},"query-input":{"@type":"PropertyValueSpecification","valueRequired":true,"valueName":"search_term_string"}}],"inLanguage":"fr-FR"},{"@type":"Organization","@id":"https:\/\/motors.tn\/magazine\/#organization","name":"Strat\u00e9gie Digitale","url":"https:\/\/motors.tn\/magazine\/","logo":{"@type":"ImageObject","inLanguage":"fr-FR","@id":"https:\/\/motors.tn\/magazine\/#\/schema\/logo\/image\/","url":"https:\/\/motors.tn\/magazine\/wp-content\/uploads\/2020\/05\/cropped-cropped-logo9bleu.png","contentUrl":"https:\/\/motors.tn\/magazine\/wp-content\/uploads\/2020\/05\/cropped-cropped-logo9bleu.png","width":277,"height":44,"caption":"Strat\u00e9gie Digitale"},"image":{"@id":"https:\/\/motors.tn\/magazine\/#\/schema\/logo\/image\/"}}]}},"_links":{"self":[{"href":"https:\/\/motors.tn\/magazine\/wp-json\/wp\/v2\/pages\/445622","targetHints":{"allow":["GET"]}}],"collection":[{"href":"https:\/\/motors.tn\/magazine\/wp-json\/wp\/v2\/pages"}],"about":[{"href":"https:\/\/motors.tn\/magazine\/wp-json\/wp\/v2\/types\/page"}],"author":[{"embeddable":true,"href":"https:\/\/motors.tn\/magazine\/wp-json\/wp\/v2\/users\/19342"}],"replies":[{"embeddable":true,"href":"https:\/\/motors.tn\/magazine\/wp-json\/wp\/v2\/comments?post=445622"}],"version-history":[{"count":0,"href":"https:\/\/motors.tn\/magazine\/wp-json\/wp\/v2\/pages\/445622\/revisions"}],"up":[{"embeddable":true,"href":"https:\/\/motors.tn\/magazine\/wp-json\/wp\/v2\/pages\/445628"}],"wp:attachment":[{"href":"https:\/\/motors.tn\/magazine\/wp-json\/wp\/v2\/media?parent=445622"}],"curies":[{"name":"wp","href":"https:\/\/api.w.org\/{rel}","templated":true}]}}