{"id":445678,"date":"2021-12-26T19:38:43","date_gmt":"2021-12-26T18:38:43","guid":{"rendered":"https:\/\/motors.tn\/magazine\/?page_id=445678"},"modified":"2026-04-09T18:42:15","modified_gmt":"2026-04-09T17:42:15","slug":"prix-tractopelle-caterpillar-426f2-neuve-en-tunisie","status":"publish","type":"page","link":"https:\/\/motors.tn\/magazine\/prix-tractopelle-neuve-en-tunisie\/prix-tractopelle-caterpillar-neuve-en-tunisie\/prix-tractopelle-caterpillar-426f2-neuve-en-tunisie\/","title":{"rendered":"Prix tractopelle Caterpillar 426 neuve en Tunisie"},"content":{"rendered":"<p><a href=\"https:\/\/motors.tn\/magazine\/prix-tractopelle-neuve-en-tunisie\/prix-tractopelle-caterpillar-neuve-en-tunisie\/\">Prix tractopelle Caterpillar<\/a> 426 neuve en Tunisie : Demande de devis en ligne, \u00e9quipements, puissance moteur, caract\u00e9ristiques, photos et fiche technique.<\/p>\n<div id='gallery-1' class='gallery galleryid-445678 gallery-columns-1 gallery-size-full'><figure class='gallery-item'>\n\t\t\t<div class='gallery-icon landscape'>\n\t\t\t\t<img decoding=\"async\" width=\"712\" height=\"471\" src=\"https:\/\/motors.tn\/magazine\/wp-content\/uploads\/2024\/08\/prix-tractopelle-caterpillar-426-Tunisie-3-e1775549562884.jpg\" class=\"attachment-full size-full\" alt=\"\" srcset=\"https:\/\/motors.tn\/magazine\/wp-content\/uploads\/2024\/08\/prix-tractopelle-caterpillar-426-Tunisie-3-e1775549562884.jpg 712w, https:\/\/motors.tn\/magazine\/wp-content\/uploads\/2024\/08\/prix-tractopelle-caterpillar-426-Tunisie-3-e1775549562884-300x198.jpg 300w\" sizes=\"(max-width: 712px) 100vw, 712px\" \/>\n\t\t\t<\/div><\/figure><figure class='gallery-item'>\n\t\t\t<div class='gallery-icon landscape'>\n\t\t\t\t<img decoding=\"async\" width=\"712\" height=\"470\" src=\"https:\/\/motors.tn\/magazine\/wp-content\/uploads\/2024\/08\/prix-tractopelle-caterpillar-426-Tunisie-4-e1775549577638.jpg\" class=\"attachment-full size-full\" alt=\"\" srcset=\"https:\/\/motors.tn\/magazine\/wp-content\/uploads\/2024\/08\/prix-tractopelle-caterpillar-426-Tunisie-4-e1775549577638.jpg 712w, https:\/\/motors.tn\/magazine\/wp-content\/uploads\/2024\/08\/prix-tractopelle-caterpillar-426-Tunisie-4-e1775549577638-300x198.jpg 300w\" sizes=\"(max-width: 712px) 100vw, 712px\" \/>\n\t\t\t<\/div><\/figure><figure class='gallery-item'>\n\t\t\t<div class='gallery-icon landscape'>\n\t\t\t\t<img decoding=\"async\" width=\"712\" height=\"475\" src=\"https:\/\/motors.tn\/magazine\/wp-content\/uploads\/2026\/04\/Prix-tractopelle-Caterpillar-426-neuve-en-Tunisie-1-1-e1775756495320.jpg\" class=\"attachment-full size-full\" alt=\"\" \/>\n\t\t\t<\/div><\/figure><figure class='gallery-item'>\n\t\t\t<div class='gallery-icon landscape'>\n\t\t\t\t<img decoding=\"async\" width=\"712\" height=\"534\" src=\"https:\/\/motors.tn\/magazine\/wp-content\/uploads\/2026\/04\/Prix-tractopelle-Caterpillar-426-neuve-en-Tunisie-1-e1775756507566.jpg\" class=\"attachment-full size-full\" alt=\"\" \/>\n\t\t\t<\/div><\/figure><figure class='gallery-item'>\n\t\t\t<div class='gallery-icon portrait'>\n\t\t\t\t<img decoding=\"async\" width=\"712\" height=\"812\" src=\"https:\/\/motors.tn\/magazine\/wp-content\/uploads\/2026\/04\/Prix-tractopelle-Caterpillar-426-neuve-en-Tunisie-2-e1775756520720.jpg\" class=\"attachment-full size-full\" alt=\"\" \/>\n\t\t\t<\/div><\/figure><figure class='gallery-item'>\n\t\t\t<div class='gallery-icon landscape'>\n\t\t\t\t<img decoding=\"async\" width=\"712\" height=\"469\" src=\"https:\/\/motors.tn\/magazine\/wp-content\/uploads\/2026\/04\/Prix-tractopelle-Caterpillar-426-neuve-en-Tunisie-1-e1775756530992.jpeg\" class=\"attachment-full size-full\" alt=\"\" \/>\n\t\t\t<\/div><\/figure>\n\t\t<\/div>\n\n<p><strong>Fiche technique tractopelle Caterpillar 426\u00a0 :\u00a0<\/strong><\/p>\n<ul>\n<li>Puissance Nette : 66.4 kW<\/li>\n<li>Mod\u00e8le : Turbocompresseur m\u00e9canique 3054C Cat<\/li>\n<li>\u00c9missions : Moteur conforme aux normes sur les \u00e9missions \u00e9quivalentes aux normes Tier 2 de l&rsquo;EPA pour les \u00c9tats-Unis\/Stage II pour l&rsquo;Union europ\u00e9enne.<\/li>\n<li>Puissance nominale (standard) \u00e0 2 200 tr\/min : puissance brute &#8211; ISO : 14396 68.5 kW<\/li>\n<li>Puissance nette maximale \u00e0 2200tr\/min &#8211; SAE J1349 : 66.4<\/li>\n<li>R\u00e9serve de couple \u00e0 1200 tr\/min (nette) :\u00a038<\/li>\n<li>Couple maximal \u00e0 1400tr\/min : 394 N\u00b7m<\/li>\n<li>Al\u00e9sage : 105 mm<\/li>\n<li>Course : 127 mm<\/li>\n<li>Poids en ordre de marche &#8211; Nominal : 8425 kg<\/li>\n<li>Poids en ordre de marche &#8211; Maximum : 11000 kg<\/li>\n<li>Poids en ordre de marche : 8425 kg<\/li>\n<\/ul>\n<p style=\"text-align: justify;\">Les <a href=\"https:\/\/motors.tn\/magazine\/prix-tractopelle-neuve-en-tunisie\/prix-tractopelle-caterpillar-neuve-en-tunisie\/\">tractopelles Caterpillar<\/a> 426 font vraiment la diff\u00e9rence. Le d\u00e9bit \u00e9lev\u00e9 de la pompe et le circuit hydraulique de qualit\u00e9 sup\u00e9rieure permettent au conducteur de d\u00e9livrer une excellente performance hydraulique, du bout des doigts. La tractopelle Caterpillar 426 est \u00e9quip\u00e9e du Moteur 3054C Cat \u00e9prouv\u00e9 et fonctionnant parfaitement avec une transmission manuelle Cat \u00e0 quatre vitesses. Celle-ci permet \u00e0 la <a href=\"https:\/\/motors.tn\/magazine\/prix-tractopelle-neuve-en-tunisie\/prix-tractopelle-caterpillar-neuve-en-tunisie\/\">tractopelle Caterpillar<\/a> 426 en Tunisie d&rsquo;atteindre une vitesse sur route de 40 km\/h.<\/p>\n<p style=\"text-align: justify;\">La <a href=\"https:\/\/motors.tn\/magazine\/prix-tractopelle-neuve-en-tunisie\/prix-tractopelle-caterpillar-neuve-en-tunisie\/\">tractopelle Caterpillar<\/a> 426 offre un poste de conduite in\u00e9gal\u00e9 avec un si\u00e8ge \u00e0 suspension pneumatique \u00e9quip\u00e9 de s\u00e9rie, un espace suppl\u00e9mentaire pour les jambes et une plus grande visibilit\u00e9. Les commandes par manipulateur ergonomiques permettent une souplesse d&rsquo;utilisation et n\u00e9cessitent peu d&rsquo;effort pour le conducteur. L&rsquo;introduction de la nouvelle cabine sur les <a href=\"https:\/\/motors.tn\/magazine\/prix-tractopelle-neuve-en-tunisie\/prix-tractopelle-caterpillar-neuve-en-tunisie\/\">tractopelle Caterpillar<\/a> 426 en Tunisie procure confort et facilit\u00e9 d&rsquo;utilisation dans le poste de conduite. En offrant la possibilit\u00e9 de personnaliser votre exp\u00e9rience, la toute nouvelle cabine permet au conducteur de b\u00e9n\u00e9ficier d&rsquo;un confort sup\u00e9rieur dans son travail et des toutes derni\u00e8res technologies disponibles sur la g\u00e9n\u00e9ration actuelle des tractopelle Caterpillar.<\/p>\n<hr \/>\n<h2><strong>Demande de prix \/ Demande de devis pour tractopelle Caterpillar neuve en Tunisie\u00a0<\/strong><\/h2>\n<p style=\"text-align: left;\">Faites votre demande de devis en ligne ici et recevez gratuitement une r\u00e9ponse de nos partenaires :<\/p>\n\n<div class=\"wpcf7 no-js\" id=\"wpcf7-f461578-o1\" lang=\"fr-FR\" dir=\"ltr\" data-wpcf7-id=\"461578\">\n<div class=\"screen-reader-response\"><p role=\"status\" aria-live=\"polite\" aria-atomic=\"true\"><\/p> <ul><\/ul><\/div>\n<form action=\"\/magazine\/wp-json\/wp\/v2\/pages\/445678#wpcf7-f461578-o1\" method=\"post\" class=\"wpcf7-form init\" aria-label=\"Formulaire de contact\" novalidate=\"novalidate\" data-status=\"init\">\n<fieldset class=\"hidden-fields-container\"><input type=\"hidden\" name=\"_wpcf7\" value=\"461578\" \/><input type=\"hidden\" name=\"_wpcf7_version\" value=\"6.1.1\" \/><input type=\"hidden\" name=\"_wpcf7_locale\" value=\"fr_FR\" \/><input type=\"hidden\" name=\"_wpcf7_unit_tag\" value=\"wpcf7-f461578-o1\" \/><input type=\"hidden\" name=\"_wpcf7_container_post\" value=\"0\" \/><input type=\"hidden\" name=\"_wpcf7_posted_data_hash\" value=\"\" \/>\n<\/fieldset>\n<p>Nom et pr\u00e9nom - \u0627\u0644\u0625\u0633\u0645 \u0648 \u0627\u0644\u0644\u0642\u0628 :<br \/>\n<span class=\"wpcf7-form-control-wrap\" data-name=\"your-name\"><input size=\"40\" maxlength=\"400\" class=\"wpcf7-form-control wpcf7-text wpcf7-validates-as-required\" aria-required=\"true\" aria-invalid=\"false\" value=\"\" type=\"text\" name=\"your-name\" \/><\/span>\n<\/p>\n<p>Soci\u00e9t\u00e9 - \u0627\u0644\u0634\u0631\u0643\u0629 :<br \/>\n<span class=\"wpcf7-form-control-wrap\" data-name=\"your-ste\"><input size=\"40\" maxlength=\"400\" class=\"wpcf7-form-control wpcf7-text wpcf7-validates-as-required\" aria-required=\"true\" aria-invalid=\"false\" value=\"\" type=\"text\" name=\"your-ste\" \/><\/span>\n<\/p>\n<p>T\u00e9l\u00e9phone - \u0627\u0644\u0647\u0627\u062a\u0641 :\n<\/p>\n<p><span class=\"wpcf7-form-control-wrap\" data-name=\"your-tel\"><input size=\"40\" maxlength=\"400\" class=\"wpcf7-form-control wpcf7-tel wpcf7-validates-as-required wpcf7-text wpcf7-validates-as-tel\" aria-required=\"true\" aria-invalid=\"false\" value=\"\" type=\"tel\" name=\"your-tel\" \/><\/span>\n<\/p>\n<p>Gouvernorat - \u0627\u0644\u0648\u0644\u0627\u064a\u0629 :\n<\/p>\n<p><span class=\"wpcf7-form-control-wrap\" data-name=\"your-gouvernorat\"><select class=\"wpcf7-form-control wpcf7-select wpcf7-validates-as-required\" aria-required=\"true\" aria-invalid=\"false\" name=\"your-gouvernorat\"><option value=\"\">&#8212;Veuillez choisir une option&#8212;<\/option><option value=\"Ariana - \u0623\u0631\u064a\u0627\u0646\u0629\">Ariana - \u0623\u0631\u064a\u0627\u0646\u0629<\/option><option value=\"B\u00e9ja - \u0628\u0627\u062c\u0629\">B\u00e9ja - \u0628\u0627\u062c\u0629<\/option><option value=\"Ben Arous - \u0628\u0646 \u0639\u0631\u0648\u0633\">Ben Arous - \u0628\u0646 \u0639\u0631\u0648\u0633<\/option><option value=\"Bizerte - \u0628\u0646\u0632\u0631\u062a\">Bizerte - \u0628\u0646\u0632\u0631\u062a<\/option><option value=\"Gab\u00e8s - \u0642\u0627\u0628\u0633\">Gab\u00e8s - \u0642\u0627\u0628\u0633<\/option><option value=\"Gafsa - \u0642\u0641\u0635\u0629\">Gafsa - \u0642\u0641\u0635\u0629<\/option><option value=\"Jendouba - \u062c\u0646\u062f\u0648\u0628\u0629\">Jendouba - \u062c\u0646\u062f\u0648\u0628\u0629<\/option><option value=\"Kairouan - \u0627\u0644\u0642\u064a\u0631\u0648\u0627\u0646\">Kairouan - \u0627\u0644\u0642\u064a\u0631\u0648\u0627\u0646<\/option><option value=\"Kasserine - \u0627\u0644\u0642\u0635\u0631\u064a\u0646\">Kasserine - \u0627\u0644\u0642\u0635\u0631\u064a\u0646<\/option><option value=\"K\u00e9bili - \u0642\u0628\u0644\u064a\">K\u00e9bili - \u0642\u0628\u0644\u064a<\/option><option value=\"Le Kef - \u0627\u0644\u0643\u0627\u0641\">Le Kef - \u0627\u0644\u0643\u0627\u0641<\/option><option value=\"Mahdia - \u0627\u0644\u0645\u0647\u062f\u064a\u0629\">Mahdia - \u0627\u0644\u0645\u0647\u062f\u064a\u0629<\/option><option value=\"La Manouba - \u0645\u0646\u0648\u0628\u0629\">La Manouba - \u0645\u0646\u0648\u0628\u0629<\/option><option value=\"M\u00e9denine - \u0645\u062f\u0646\u064a\u0646\">M\u00e9denine - \u0645\u062f\u0646\u064a\u0646<\/option><option value=\"Monastir - \u0627\u0644\u0645\u0646\u0633\u062a\u064a\u0631\">Monastir - \u0627\u0644\u0645\u0646\u0633\u062a\u064a\u0631<\/option><option value=\"Nabeul - \u0646\u0627\u0628\u0644\">Nabeul - \u0646\u0627\u0628\u0644<\/option><option value=\"Sfax - \u0635\u0641\u0627\u0642\u0633\">Sfax - \u0635\u0641\u0627\u0642\u0633<\/option><option value=\"Sidi Bouzid - \u0633\u064a\u062f\u064a \u0628\u0648\u0632\u064a\u062f\">Sidi Bouzid - \u0633\u064a\u062f\u064a \u0628\u0648\u0632\u064a\u062f<\/option><option value=\"Siliana - \u0633\u0644\u064a\u0627\u0646\u0629\">Siliana - \u0633\u0644\u064a\u0627\u0646\u0629<\/option><option value=\"Sousse - \u0633\u0648\u0633\u0629\">Sousse - \u0633\u0648\u0633\u0629<\/option><option value=\"Tataouine - \u062a\u0637\u0627\u0648\u064a\u0646\">Tataouine - \u062a\u0637\u0627\u0648\u064a\u0646<\/option><option value=\"Tozeur - \u062a\u0648\u0632\u0631\">Tozeur - \u062a\u0648\u0632\u0631<\/option><option value=\"Tunis - \u062a\u0648\u0646\u0633\">Tunis - \u062a\u0648\u0646\u0633<\/option><option value=\"Zaghouan - \u0632\u063a\u0648\u0627\u0646\">Zaghouan - \u0632\u063a\u0648\u0627\u0646<\/option><\/select><\/span>\n<\/p>\n<p>Email - \u0627\u0644\u0628\u0631\u064a\u062f \u0627\u0644\u0625\u0644\u0643\u062a\u0631\u0648\u0646\u064a :\n<\/p>\n<p><span class=\"wpcf7-form-control-wrap\" data-name=\"your-email\"><input size=\"40\" maxlength=\"400\" class=\"wpcf7-form-control wpcf7-email wpcf7-validates-as-required wpcf7-text wpcf7-validates-as-email\" aria-required=\"true\" aria-invalid=\"false\" value=\"\" type=\"email\" name=\"your-email\" \/><\/span>\n<\/p>\n<p>Mod\u00e8le - \u0627\u0644\u0646\u0648\u0639 :\n<\/p>\n<p><span class=\"wpcf7-form-control-wrap\" data-name=\"Modele\"><span class=\"wpcf7-form-control wpcf7-checkbox wpcf7-validates-as-required\"><span class=\"wpcf7-list-item first\"><label><input type=\"checkbox\" name=\"Modele[]\" value=\"Caterpillar 426\" \/><span class=\"wpcf7-list-item-label\">Caterpillar 426<\/span><\/label><\/span><span class=\"wpcf7-list-item last\"><label><input type=\"checkbox\" name=\"Modele[]\" value=\"Caterpillar 428\" \/><span class=\"wpcf7-list-item-label\">Caterpillar 428<\/span><\/label><\/span><\/span><\/span>\n<\/p>\n<p><input class=\"wpcf7-form-control wpcf7-submit has-spinner\" type=\"submit\" value=\"Envoyer - \u0625\u0631\u0633\u0627\u0644\" \/>\n<\/p><p style=\"display: none !important;\" class=\"akismet-fields-container\" data-prefix=\"_wpcf7_ak_\"><label>&#916;<textarea name=\"_wpcf7_ak_hp_textarea\" cols=\"45\" rows=\"8\" maxlength=\"100\"><\/textarea><\/label><input type=\"hidden\" id=\"ak_js_1\" name=\"_wpcf7_ak_js\" value=\"204\"\/><script>document.getElementById( \"ak_js_1\" ).setAttribute( \"value\", ( new Date() ).getTime() );<\/script><\/p><div class=\"wpcf7-response-output\" aria-hidden=\"true\"><\/div>\n<\/form>\n<\/div>\n\n","protected":false},"excerpt":{"rendered":"<p>Prix tractopelle Caterpillar 426 neuve en Tunisie : Demande de devis en ligne, \u00e9quipements, puissance moteur, caract\u00e9ristiques, photos et fiche technique. Fiche technique tractopelle Caterpillar 426\u00a0 :\u00a0 Puissance Nette : 66.4 kW Mod\u00e8le : Turbocompresseur m\u00e9canique 3054C Cat \u00c9missions : Moteur conforme aux normes sur les \u00e9missions \u00e9quivalentes aux normes Tier 2 de l&rsquo;EPA pour &#8230; <a title=\"Prix tractopelle Caterpillar 426 neuve en Tunisie\" class=\"read-more\" href=\"https:\/\/motors.tn\/magazine\/prix-tractopelle-neuve-en-tunisie\/prix-tractopelle-caterpillar-neuve-en-tunisie\/prix-tractopelle-caterpillar-426f2-neuve-en-tunisie\/\" aria-label=\"En savoir plus sur Prix tractopelle Caterpillar 426 neuve en Tunisie\">Lire la suite<\/a><\/p>\n","protected":false},"author":19342,"featured_media":0,"parent":445675,"menu_order":0,"comment_status":"closed","ping_status":"closed","template":"","meta":{"footnotes":""},"class_list":["post-445678","page","type-page","status-publish"],"yoast_head":"<!-- This site is optimized with the Yoast SEO plugin v25.7 - https:\/\/yoast.com\/wordpress\/plugins\/seo\/ -->\n<title>Prix tractopelle Caterpillar 426 neuve en Tunisie - Motors.tn<\/title>\n<meta name=\"description\" content=\"Prix tractopelle trax Caterpillar 426 neuve en Tunisie : tractopelle trax Caterpillar 426 \u00e0 vendre en Tunisie, leasing trax Caterpillar 426 Tunisie\" \/>\n<meta name=\"robots\" content=\"index, follow, max-snippet:-1, max-image-preview:large, max-video-preview:-1\" \/>\n<link rel=\"canonical\" href=\"https:\/\/motors.tn\/magazine\/prix-tractopelle-neuve-en-tunisie\/prix-tractopelle-caterpillar-neuve-en-tunisie\/prix-tractopelle-caterpillar-426f2-neuve-en-tunisie\/\" \/>\n<meta property=\"og:locale\" content=\"fr_FR\" \/>\n<meta property=\"og:type\" content=\"article\" \/>\n<meta property=\"og:title\" content=\"Prix tractopelle Caterpillar 426 neuve en Tunisie - Motors.tn\" \/>\n<meta property=\"og:description\" content=\"Prix tractopelle trax Caterpillar 426 neuve en Tunisie : tractopelle trax Caterpillar 426 \u00e0 vendre en Tunisie, leasing trax Caterpillar 426 Tunisie\" \/>\n<meta property=\"og:url\" content=\"https:\/\/motors.tn\/magazine\/prix-tractopelle-neuve-en-tunisie\/prix-tractopelle-caterpillar-neuve-en-tunisie\/prix-tractopelle-caterpillar-426f2-neuve-en-tunisie\/\" \/>\n<meta property=\"og:site_name\" content=\"Motors.tn\" \/>\n<meta property=\"article:modified_time\" content=\"2026-04-09T17:42:15+00:00\" \/>\n<meta property=\"og:image\" content=\"https:\/\/motors.tn\/magazine\/wp-content\/uploads\/2024\/08\/prix-tractopelle-caterpillar-426-Tunisie-3-e1775549562884.jpg\" \/>\n<meta name=\"twitter:label1\" content=\"Dur\u00e9e de lecture estim\u00e9e\" \/>\n\t<meta name=\"twitter:data1\" content=\"2 minutes\" \/>\n<script type=\"application\/ld+json\" class=\"yoast-schema-graph\">{\"@context\":\"https:\/\/schema.org\",\"@graph\":[{\"@type\":\"WebPage\",\"@id\":\"https:\/\/motors.tn\/magazine\/prix-tractopelle-neuve-en-tunisie\/prix-tractopelle-caterpillar-neuve-en-tunisie\/prix-tractopelle-caterpillar-426f2-neuve-en-tunisie\/\",\"url\":\"https:\/\/motors.tn\/magazine\/prix-tractopelle-neuve-en-tunisie\/prix-tractopelle-caterpillar-neuve-en-tunisie\/prix-tractopelle-caterpillar-426f2-neuve-en-tunisie\/\",\"name\":\"Prix tractopelle Caterpillar 426 neuve en Tunisie - Motors.tn\",\"isPartOf\":{\"@id\":\"https:\/\/motors.tn\/magazine\/#website\"},\"datePublished\":\"2021-12-26T18:38:43+00:00\",\"dateModified\":\"2026-04-09T17:42:15+00:00\",\"description\":\"Prix tractopelle trax Caterpillar 426 neuve en Tunisie : tractopelle trax Caterpillar 426 \u00e0 vendre en Tunisie, leasing trax Caterpillar 426 Tunisie\",\"breadcrumb\":{\"@id\":\"https:\/\/motors.tn\/magazine\/prix-tractopelle-neuve-en-tunisie\/prix-tractopelle-caterpillar-neuve-en-tunisie\/prix-tractopelle-caterpillar-426f2-neuve-en-tunisie\/#breadcrumb\"},\"inLanguage\":\"fr-FR\",\"potentialAction\":[{\"@type\":\"ReadAction\",\"target\":[\"https:\/\/motors.tn\/magazine\/prix-tractopelle-neuve-en-tunisie\/prix-tractopelle-caterpillar-neuve-en-tunisie\/prix-tractopelle-caterpillar-426f2-neuve-en-tunisie\/\"]}]},{\"@type\":\"BreadcrumbList\",\"@id\":\"https:\/\/motors.tn\/magazine\/prix-tractopelle-neuve-en-tunisie\/prix-tractopelle-caterpillar-neuve-en-tunisie\/prix-tractopelle-caterpillar-426f2-neuve-en-tunisie\/#breadcrumb\",\"itemListElement\":[{\"@type\":\"ListItem\",\"position\":1,\"name\":\"Motors.tn\",\"item\":\"https:\/\/motors.tn\/magazine\/\"},{\"@type\":\"ListItem\",\"position\":2,\"name\":\"Prix tractopelle neuve en Tunisie\",\"item\":\"https:\/\/motors.tn\/magazine\/prix-tractopelle-neuve-en-tunisie\/\"},{\"@type\":\"ListItem\",\"position\":3,\"name\":\"Prix tractopelle Caterpillar neuve en Tunisie\",\"item\":\"https:\/\/motors.tn\/magazine\/prix-tractopelle-neuve-en-tunisie\/prix-tractopelle-caterpillar-neuve-en-tunisie\/\"},{\"@type\":\"ListItem\",\"position\":4,\"name\":\"Prix tractopelle Caterpillar 426 neuve en Tunisie\"}]},{\"@type\":\"WebSite\",\"@id\":\"https:\/\/motors.tn\/magazine\/#website\",\"url\":\"https:\/\/motors.tn\/magazine\/\",\"name\":\"Motors.tn\",\"description\":\"Actualit\u00e9, prix du neuf et guide d&#039;achat\",\"publisher\":{\"@id\":\"https:\/\/motors.tn\/magazine\/#organization\"},\"potentialAction\":[{\"@type\":\"SearchAction\",\"target\":{\"@type\":\"EntryPoint\",\"urlTemplate\":\"https:\/\/motors.tn\/magazine\/?s={search_term_string}\"},\"query-input\":{\"@type\":\"PropertyValueSpecification\",\"valueRequired\":true,\"valueName\":\"search_term_string\"}}],\"inLanguage\":\"fr-FR\"},{\"@type\":\"Organization\",\"@id\":\"https:\/\/motors.tn\/magazine\/#organization\",\"name\":\"Strat\u00e9gie Digitale\",\"url\":\"https:\/\/motors.tn\/magazine\/\",\"logo\":{\"@type\":\"ImageObject\",\"inLanguage\":\"fr-FR\",\"@id\":\"https:\/\/motors.tn\/magazine\/#\/schema\/logo\/image\/\",\"url\":\"https:\/\/motors.tn\/magazine\/wp-content\/uploads\/2020\/05\/cropped-cropped-logo9bleu.png\",\"contentUrl\":\"https:\/\/motors.tn\/magazine\/wp-content\/uploads\/2020\/05\/cropped-cropped-logo9bleu.png\",\"width\":277,\"height\":44,\"caption\":\"Strat\u00e9gie Digitale\"},\"image\":{\"@id\":\"https:\/\/motors.tn\/magazine\/#\/schema\/logo\/image\/\"}}]}<\/script>\n<!-- \/ Yoast SEO plugin. -->","yoast_head_json":{"title":"Prix tractopelle Caterpillar 426 neuve en Tunisie - Motors.tn","description":"Prix tractopelle trax Caterpillar 426 neuve en Tunisie : tractopelle trax Caterpillar 426 \u00e0 vendre en Tunisie, leasing trax Caterpillar 426 Tunisie","robots":{"index":"index","follow":"follow","max-snippet":"max-snippet:-1","max-image-preview":"max-image-preview:large","max-video-preview":"max-video-preview:-1"},"canonical":"https:\/\/motors.tn\/magazine\/prix-tractopelle-neuve-en-tunisie\/prix-tractopelle-caterpillar-neuve-en-tunisie\/prix-tractopelle-caterpillar-426f2-neuve-en-tunisie\/","og_locale":"fr_FR","og_type":"article","og_title":"Prix tractopelle Caterpillar 426 neuve en Tunisie - Motors.tn","og_description":"Prix tractopelle trax Caterpillar 426 neuve en Tunisie : tractopelle trax Caterpillar 426 \u00e0 vendre en Tunisie, leasing trax Caterpillar 426 Tunisie","og_url":"https:\/\/motors.tn\/magazine\/prix-tractopelle-neuve-en-tunisie\/prix-tractopelle-caterpillar-neuve-en-tunisie\/prix-tractopelle-caterpillar-426f2-neuve-en-tunisie\/","og_site_name":"Motors.tn","article_modified_time":"2026-04-09T17:42:15+00:00","og_image":[{"url":"https:\/\/motors.tn\/magazine\/wp-content\/uploads\/2024\/08\/prix-tractopelle-caterpillar-426-Tunisie-3-e1775549562884.jpg","type":"","width":"","height":""}],"twitter_misc":{"Dur\u00e9e de lecture estim\u00e9e":"2 minutes"},"schema":{"@context":"https:\/\/schema.org","@graph":[{"@type":"WebPage","@id":"https:\/\/motors.tn\/magazine\/prix-tractopelle-neuve-en-tunisie\/prix-tractopelle-caterpillar-neuve-en-tunisie\/prix-tractopelle-caterpillar-426f2-neuve-en-tunisie\/","url":"https:\/\/motors.tn\/magazine\/prix-tractopelle-neuve-en-tunisie\/prix-tractopelle-caterpillar-neuve-en-tunisie\/prix-tractopelle-caterpillar-426f2-neuve-en-tunisie\/","name":"Prix tractopelle Caterpillar 426 neuve en Tunisie - Motors.tn","isPartOf":{"@id":"https:\/\/motors.tn\/magazine\/#website"},"datePublished":"2021-12-26T18:38:43+00:00","dateModified":"2026-04-09T17:42:15+00:00","description":"Prix tractopelle trax Caterpillar 426 neuve en Tunisie : tractopelle trax Caterpillar 426 \u00e0 vendre en Tunisie, leasing trax Caterpillar 426 Tunisie","breadcrumb":{"@id":"https:\/\/motors.tn\/magazine\/prix-tractopelle-neuve-en-tunisie\/prix-tractopelle-caterpillar-neuve-en-tunisie\/prix-tractopelle-caterpillar-426f2-neuve-en-tunisie\/#breadcrumb"},"inLanguage":"fr-FR","potentialAction":[{"@type":"ReadAction","target":["https:\/\/motors.tn\/magazine\/prix-tractopelle-neuve-en-tunisie\/prix-tractopelle-caterpillar-neuve-en-tunisie\/prix-tractopelle-caterpillar-426f2-neuve-en-tunisie\/"]}]},{"@type":"BreadcrumbList","@id":"https:\/\/motors.tn\/magazine\/prix-tractopelle-neuve-en-tunisie\/prix-tractopelle-caterpillar-neuve-en-tunisie\/prix-tractopelle-caterpillar-426f2-neuve-en-tunisie\/#breadcrumb","itemListElement":[{"@type":"ListItem","position":1,"name":"Motors.tn","item":"https:\/\/motors.tn\/magazine\/"},{"@type":"ListItem","position":2,"name":"Prix tractopelle neuve en Tunisie","item":"https:\/\/motors.tn\/magazine\/prix-tractopelle-neuve-en-tunisie\/"},{"@type":"ListItem","position":3,"name":"Prix tractopelle Caterpillar neuve en Tunisie","item":"https:\/\/motors.tn\/magazine\/prix-tractopelle-neuve-en-tunisie\/prix-tractopelle-caterpillar-neuve-en-tunisie\/"},{"@type":"ListItem","position":4,"name":"Prix tractopelle Caterpillar 426 neuve en Tunisie"}]},{"@type":"WebSite","@id":"https:\/\/motors.tn\/magazine\/#website","url":"https:\/\/motors.tn\/magazine\/","name":"Motors.tn","description":"Actualit\u00e9, prix du neuf et guide d&#039;achat","publisher":{"@id":"https:\/\/motors.tn\/magazine\/#organization"},"potentialAction":[{"@type":"SearchAction","target":{"@type":"EntryPoint","urlTemplate":"https:\/\/motors.tn\/magazine\/?s={search_term_string}"},"query-input":{"@type":"PropertyValueSpecification","valueRequired":true,"valueName":"search_term_string"}}],"inLanguage":"fr-FR"},{"@type":"Organization","@id":"https:\/\/motors.tn\/magazine\/#organization","name":"Strat\u00e9gie Digitale","url":"https:\/\/motors.tn\/magazine\/","logo":{"@type":"ImageObject","inLanguage":"fr-FR","@id":"https:\/\/motors.tn\/magazine\/#\/schema\/logo\/image\/","url":"https:\/\/motors.tn\/magazine\/wp-content\/uploads\/2020\/05\/cropped-cropped-logo9bleu.png","contentUrl":"https:\/\/motors.tn\/magazine\/wp-content\/uploads\/2020\/05\/cropped-cropped-logo9bleu.png","width":277,"height":44,"caption":"Strat\u00e9gie Digitale"},"image":{"@id":"https:\/\/motors.tn\/magazine\/#\/schema\/logo\/image\/"}}]}},"_links":{"self":[{"href":"https:\/\/motors.tn\/magazine\/wp-json\/wp\/v2\/pages\/445678","targetHints":{"allow":["GET"]}}],"collection":[{"href":"https:\/\/motors.tn\/magazine\/wp-json\/wp\/v2\/pages"}],"about":[{"href":"https:\/\/motors.tn\/magazine\/wp-json\/wp\/v2\/types\/page"}],"author":[{"embeddable":true,"href":"https:\/\/motors.tn\/magazine\/wp-json\/wp\/v2\/users\/19342"}],"replies":[{"embeddable":true,"href":"https:\/\/motors.tn\/magazine\/wp-json\/wp\/v2\/comments?post=445678"}],"version-history":[{"count":5,"href":"https:\/\/motors.tn\/magazine\/wp-json\/wp\/v2\/pages\/445678\/revisions"}],"predecessor-version":[{"id":502008,"href":"https:\/\/motors.tn\/magazine\/wp-json\/wp\/v2\/pages\/445678\/revisions\/502008"}],"up":[{"embeddable":true,"href":"https:\/\/motors.tn\/magazine\/wp-json\/wp\/v2\/pages\/445675"}],"wp:attachment":[{"href":"https:\/\/motors.tn\/magazine\/wp-json\/wp\/v2\/media?parent=445678"}],"curies":[{"name":"wp","href":"https:\/\/api.w.org\/{rel}","templated":true}]}}