{"id":445683,"date":"2021-12-26T19:38:44","date_gmt":"2021-12-26T18:38:44","guid":{"rendered":"https:\/\/motors.tn\/magazine\/?page_id=445683"},"modified":"2026-04-09T18:35:15","modified_gmt":"2026-04-09T17:35:15","slug":"prix-tractopelle-caterpillar-428f2-neuve-en-tunisie","status":"publish","type":"page","link":"https:\/\/motors.tn\/magazine\/prix-tractopelle-neuve-en-tunisie\/prix-tractopelle-caterpillar-neuve-en-tunisie\/prix-tractopelle-caterpillar-428f2-neuve-en-tunisie\/","title":{"rendered":"Prix tractopelle Caterpillar 428 neuve en Tunisie"},"content":{"rendered":"<p><a href=\"https:\/\/motors.tn\/magazine\/prix-tractopelle-neuve-en-tunisie\/prix-tractopelle-caterpillar-neuve-en-tunisie\/\">Prix tractopelle Caterpillar<\/a> 428 neuve en Tunisie : Demande de devis en ligne, \u00e9quipements, puissance moteur, caract\u00e9ristiques, photos et fiche technique.<\/p>\n<div id='gallery-1' class='gallery galleryid-445683 gallery-columns-1 gallery-size-full'><figure class='gallery-item'>\n\t\t\t<div class='gallery-icon landscape'>\n\t\t\t\t<img decoding=\"async\" width=\"600\" height=\"400\" src=\"https:\/\/motors.tn\/magazine\/wp-content\/uploads\/2026\/04\/Prix-tractopelle-Caterpillar-428-neuve-en-Tunisie-1-1-e1775755962207.jpg\" class=\"attachment-full size-full\" alt=\"\" \/>\n\t\t\t<\/div><\/figure><figure class='gallery-item'>\n\t\t\t<div class='gallery-icon landscape'>\n\t\t\t\t<img decoding=\"async\" width=\"600\" height=\"369\" src=\"https:\/\/motors.tn\/magazine\/wp-content\/uploads\/2026\/04\/Prix-tractopelle-Caterpillar-428-neuve-en-Tunisie-1-e1775755972143.jpg\" class=\"attachment-full size-full\" alt=\"\" \/>\n\t\t\t<\/div><\/figure><figure class='gallery-item'>\n\t\t\t<div class='gallery-icon landscape'>\n\t\t\t\t<img decoding=\"async\" width=\"600\" height=\"401\" src=\"https:\/\/motors.tn\/magazine\/wp-content\/uploads\/2026\/04\/Prix-tractopelle-Caterpillar-428-neuve-en-Tunisie-2-e1775755911773.jpg\" class=\"attachment-full size-full\" alt=\"\" \/>\n\t\t\t<\/div><\/figure>\n\t\t<\/div>\n\n<p><strong>Fiche technique tractopelle Caterpillar 428\u00a0 :\u00a0<\/strong><\/p>\n<ul>\n<li>Puissance Nette : 64 kW<\/li>\n<li>Poids en ordre de marche &#8211; Nominal : 8275 kg<\/li>\n<li>Poids en ordre de marche &#8211; Maximum : 11000 kg<\/li>\n<li>Climatisation 45 kg<\/li>\n<li>Poids en ordre de marche &#8211; Capacit\u00e9 ROPS (Cadre de protection en cas de retournement) &#8211; Maximum : 11000 kg<\/li>\n<li>Chargeuse, industrielle, avec attache rapide : 185 kg<\/li>\n<li>Transmission Auto-Shift : 105 kg<\/li>\n<li>Commande antitangage : 15 kg<\/li>\n<li>Contrepoids &#8211; Base : 115 kg<\/li>\n<li>Bras t\u00e9lescopique &#8211; Sans contrepoids avant : 208 kg<\/li>\n<li>Contrepoids &#8211; Maximum : 460 kg<\/li>\n<li>Godet tous-travaux (1,03m\u00b3\/1,3 yd\u00b3), avec fourches rabattables : 860 kg<\/li>\n<\/ul>\n<p style=\"text-align: justify;\">La <a href=\"https:\/\/motors.tn\/magazine\/prix-tractopelle-neuve-en-tunisie\/prix-tractopelle-caterpillar-neuve-en-tunisie\/\">tractopelle Caterpillar<\/a> 428 brille par ses performances impressionnantes. Elle offre un excellent rendement \u00e9nerg\u00e9tique, un circuit hydraulique optimis\u00e9 et un tout nouveau poste de conduite. Cette tractopelle Caterpillar 428 peut effectuer des travaux extr\u00eames de levage et de chargement. Les bras parall\u00e8les de manutention de la <a href=\"https:\/\/motors.tn\/magazine\/prix-tractopelle-neuve-en-tunisie\/prix-tractopelle-caterpillar-neuve-en-tunisie\/\">tractopelle Caterpillar<\/a> 428 en Tunisie offrent une visibilit\u00e9 vers l&rsquo;avant et un auto-nivellement remarquables, garantissant une tr\u00e8s bonne r\u00e9tention des mat\u00e9riaux tout au long des cycles de levage et d&rsquo;abaissement. L&rsquo;option commande anti-tangage propose une suspension de la <a href=\"https:\/\/motors.tn\/magazine\/prix-tractopelle-neuve-en-tunisie\/prix-tractopelle-caterpillar-neuve-en-tunisie\/\">tractopelle Caterpillar<\/a> 428 am\u00e9liorant le confort de conduite lors des d\u00e9placements sur le chantier ou du transport de la machine sur la route. Elle offre aussi une meilleure r\u00e9tention des mat\u00e9riaux, ce qui entra\u00eene une hausse pr\u00e9cieuse de la productivit\u00e9.<\/p>\n<p style=\"text-align: justify;\">Le syst\u00e8me de retour en position d&rsquo;excavation remet le godet \u00e0 niveau. Il est tr\u00e8s pratique lors de cycles de travail r\u00e9p\u00e9titifs. La <a href=\"https:\/\/motors.tn\/magazine\/prix-tractopelle-neuve-en-tunisie\/prix-tractopelle-caterpillar-neuve-en-tunisie\/\">tractopelle Caterpillar<\/a> 428 en Tunisie comporte des essieux Cat extra-robustes. Le circuit hydraulique intelligent fournit la bonne puissance au bon moment. Le circuit hydraulique \u00e0 centre ferm\u00e9 et \u00e0 d\u00e9tection de charge s&rsquo;adapte \u00e0 la puissance et au d\u00e9bit hydraulique, permettant de d\u00e9ployer de pleines forces hydrauliques quel que soit le r\u00e9gime moteur.<\/p>\n<hr \/>\n<h2><strong>Demande de prix \/ Demande de devis pour tractopelle Caterpillar neuve en Tunisie\u00a0<\/strong><\/h2>\n<p style=\"text-align: left;\">Faites votre demande de devis en ligne ici et recevez gratuitement une r\u00e9ponse de nos partenaires :<\/p>\n\n<div class=\"wpcf7 no-js\" id=\"wpcf7-f461578-o1\" lang=\"fr-FR\" dir=\"ltr\" data-wpcf7-id=\"461578\">\n<div class=\"screen-reader-response\"><p role=\"status\" aria-live=\"polite\" aria-atomic=\"true\"><\/p> <ul><\/ul><\/div>\n<form action=\"\/magazine\/wp-json\/wp\/v2\/pages\/445683#wpcf7-f461578-o1\" method=\"post\" class=\"wpcf7-form init\" aria-label=\"Formulaire de contact\" novalidate=\"novalidate\" data-status=\"init\">\n<fieldset class=\"hidden-fields-container\"><input type=\"hidden\" name=\"_wpcf7\" value=\"461578\" \/><input type=\"hidden\" name=\"_wpcf7_version\" value=\"6.1.1\" \/><input type=\"hidden\" name=\"_wpcf7_locale\" value=\"fr_FR\" \/><input type=\"hidden\" name=\"_wpcf7_unit_tag\" value=\"wpcf7-f461578-o1\" \/><input type=\"hidden\" name=\"_wpcf7_container_post\" value=\"0\" \/><input type=\"hidden\" name=\"_wpcf7_posted_data_hash\" value=\"\" \/>\n<\/fieldset>\n<p>Nom et pr\u00e9nom - \u0627\u0644\u0625\u0633\u0645 \u0648 \u0627\u0644\u0644\u0642\u0628 :<br \/>\n<span class=\"wpcf7-form-control-wrap\" data-name=\"your-name\"><input size=\"40\" maxlength=\"400\" class=\"wpcf7-form-control wpcf7-text wpcf7-validates-as-required\" aria-required=\"true\" aria-invalid=\"false\" value=\"\" type=\"text\" name=\"your-name\" \/><\/span>\n<\/p>\n<p>Soci\u00e9t\u00e9 - \u0627\u0644\u0634\u0631\u0643\u0629 :<br \/>\n<span class=\"wpcf7-form-control-wrap\" data-name=\"your-ste\"><input size=\"40\" maxlength=\"400\" class=\"wpcf7-form-control wpcf7-text wpcf7-validates-as-required\" aria-required=\"true\" aria-invalid=\"false\" value=\"\" type=\"text\" name=\"your-ste\" \/><\/span>\n<\/p>\n<p>T\u00e9l\u00e9phone - \u0627\u0644\u0647\u0627\u062a\u0641 :\n<\/p>\n<p><span class=\"wpcf7-form-control-wrap\" data-name=\"your-tel\"><input size=\"40\" maxlength=\"400\" class=\"wpcf7-form-control wpcf7-tel wpcf7-validates-as-required wpcf7-text wpcf7-validates-as-tel\" aria-required=\"true\" aria-invalid=\"false\" value=\"\" type=\"tel\" name=\"your-tel\" \/><\/span>\n<\/p>\n<p>Gouvernorat - \u0627\u0644\u0648\u0644\u0627\u064a\u0629 :\n<\/p>\n<p><span class=\"wpcf7-form-control-wrap\" data-name=\"your-gouvernorat\"><select class=\"wpcf7-form-control wpcf7-select wpcf7-validates-as-required\" aria-required=\"true\" aria-invalid=\"false\" name=\"your-gouvernorat\"><option value=\"\">&#8212;Veuillez choisir une option&#8212;<\/option><option value=\"Ariana - \u0623\u0631\u064a\u0627\u0646\u0629\">Ariana - \u0623\u0631\u064a\u0627\u0646\u0629<\/option><option value=\"B\u00e9ja - \u0628\u0627\u062c\u0629\">B\u00e9ja - \u0628\u0627\u062c\u0629<\/option><option value=\"Ben Arous - \u0628\u0646 \u0639\u0631\u0648\u0633\">Ben Arous - \u0628\u0646 \u0639\u0631\u0648\u0633<\/option><option value=\"Bizerte - \u0628\u0646\u0632\u0631\u062a\">Bizerte - \u0628\u0646\u0632\u0631\u062a<\/option><option value=\"Gab\u00e8s - \u0642\u0627\u0628\u0633\">Gab\u00e8s - \u0642\u0627\u0628\u0633<\/option><option value=\"Gafsa - \u0642\u0641\u0635\u0629\">Gafsa - \u0642\u0641\u0635\u0629<\/option><option value=\"Jendouba - \u062c\u0646\u062f\u0648\u0628\u0629\">Jendouba - \u062c\u0646\u062f\u0648\u0628\u0629<\/option><option value=\"Kairouan - \u0627\u0644\u0642\u064a\u0631\u0648\u0627\u0646\">Kairouan - \u0627\u0644\u0642\u064a\u0631\u0648\u0627\u0646<\/option><option value=\"Kasserine - \u0627\u0644\u0642\u0635\u0631\u064a\u0646\">Kasserine - \u0627\u0644\u0642\u0635\u0631\u064a\u0646<\/option><option value=\"K\u00e9bili - \u0642\u0628\u0644\u064a\">K\u00e9bili - \u0642\u0628\u0644\u064a<\/option><option value=\"Le Kef - \u0627\u0644\u0643\u0627\u0641\">Le Kef - \u0627\u0644\u0643\u0627\u0641<\/option><option value=\"Mahdia - \u0627\u0644\u0645\u0647\u062f\u064a\u0629\">Mahdia - \u0627\u0644\u0645\u0647\u062f\u064a\u0629<\/option><option value=\"La Manouba - \u0645\u0646\u0648\u0628\u0629\">La Manouba - \u0645\u0646\u0648\u0628\u0629<\/option><option value=\"M\u00e9denine - \u0645\u062f\u0646\u064a\u0646\">M\u00e9denine - \u0645\u062f\u0646\u064a\u0646<\/option><option value=\"Monastir - \u0627\u0644\u0645\u0646\u0633\u062a\u064a\u0631\">Monastir - \u0627\u0644\u0645\u0646\u0633\u062a\u064a\u0631<\/option><option value=\"Nabeul - \u0646\u0627\u0628\u0644\">Nabeul - \u0646\u0627\u0628\u0644<\/option><option value=\"Sfax - \u0635\u0641\u0627\u0642\u0633\">Sfax - \u0635\u0641\u0627\u0642\u0633<\/option><option value=\"Sidi Bouzid - \u0633\u064a\u062f\u064a \u0628\u0648\u0632\u064a\u062f\">Sidi Bouzid - \u0633\u064a\u062f\u064a \u0628\u0648\u0632\u064a\u062f<\/option><option value=\"Siliana - \u0633\u0644\u064a\u0627\u0646\u0629\">Siliana - \u0633\u0644\u064a\u0627\u0646\u0629<\/option><option value=\"Sousse - \u0633\u0648\u0633\u0629\">Sousse - \u0633\u0648\u0633\u0629<\/option><option value=\"Tataouine - \u062a\u0637\u0627\u0648\u064a\u0646\">Tataouine - \u062a\u0637\u0627\u0648\u064a\u0646<\/option><option value=\"Tozeur - \u062a\u0648\u0632\u0631\">Tozeur - \u062a\u0648\u0632\u0631<\/option><option value=\"Tunis - \u062a\u0648\u0646\u0633\">Tunis - \u062a\u0648\u0646\u0633<\/option><option value=\"Zaghouan - \u0632\u063a\u0648\u0627\u0646\">Zaghouan - \u0632\u063a\u0648\u0627\u0646<\/option><\/select><\/span>\n<\/p>\n<p>Email - \u0627\u0644\u0628\u0631\u064a\u062f \u0627\u0644\u0625\u0644\u0643\u062a\u0631\u0648\u0646\u064a :\n<\/p>\n<p><span class=\"wpcf7-form-control-wrap\" data-name=\"your-email\"><input size=\"40\" maxlength=\"400\" class=\"wpcf7-form-control wpcf7-email wpcf7-validates-as-required wpcf7-text wpcf7-validates-as-email\" aria-required=\"true\" aria-invalid=\"false\" value=\"\" type=\"email\" name=\"your-email\" \/><\/span>\n<\/p>\n<p>Mod\u00e8le - \u0627\u0644\u0646\u0648\u0639 :\n<\/p>\n<p><span class=\"wpcf7-form-control-wrap\" data-name=\"Modele\"><span class=\"wpcf7-form-control wpcf7-checkbox wpcf7-validates-as-required\"><span class=\"wpcf7-list-item first\"><label><input type=\"checkbox\" name=\"Modele[]\" value=\"Caterpillar 426\" \/><span class=\"wpcf7-list-item-label\">Caterpillar 426<\/span><\/label><\/span><span class=\"wpcf7-list-item last\"><label><input type=\"checkbox\" name=\"Modele[]\" value=\"Caterpillar 428\" \/><span class=\"wpcf7-list-item-label\">Caterpillar 428<\/span><\/label><\/span><\/span><\/span>\n<\/p>\n<p><input class=\"wpcf7-form-control wpcf7-submit has-spinner\" type=\"submit\" value=\"Envoyer - \u0625\u0631\u0633\u0627\u0644\" \/>\n<\/p><p style=\"display: none !important;\" class=\"akismet-fields-container\" data-prefix=\"_wpcf7_ak_\"><label>&#916;<textarea name=\"_wpcf7_ak_hp_textarea\" cols=\"45\" rows=\"8\" maxlength=\"100\"><\/textarea><\/label><input type=\"hidden\" id=\"ak_js_1\" name=\"_wpcf7_ak_js\" value=\"132\"\/><script>document.getElementById( \"ak_js_1\" ).setAttribute( \"value\", ( new Date() ).getTime() );<\/script><\/p><div class=\"wpcf7-response-output\" aria-hidden=\"true\"><\/div>\n<\/form>\n<\/div>\n\n","protected":false},"excerpt":{"rendered":"<p>Prix tractopelle Caterpillar 428 neuve en Tunisie : Demande de devis en ligne, \u00e9quipements, puissance moteur, caract\u00e9ristiques, photos et fiche technique. Fiche technique tractopelle Caterpillar 428\u00a0 :\u00a0 Puissance Nette : 64 kW Poids en ordre de marche &#8211; Nominal : 8275 kg Poids en ordre de marche &#8211; Maximum : 11000 kg Climatisation 45 kg &#8230; <a title=\"Prix tractopelle Caterpillar 428 neuve en Tunisie\" class=\"read-more\" href=\"https:\/\/motors.tn\/magazine\/prix-tractopelle-neuve-en-tunisie\/prix-tractopelle-caterpillar-neuve-en-tunisie\/prix-tractopelle-caterpillar-428f2-neuve-en-tunisie\/\" aria-label=\"En savoir plus sur Prix tractopelle Caterpillar 428 neuve en Tunisie\">Lire la suite<\/a><\/p>\n","protected":false},"author":19342,"featured_media":0,"parent":445675,"menu_order":0,"comment_status":"closed","ping_status":"closed","template":"","meta":{"footnotes":""},"class_list":["post-445683","page","type-page","status-publish"],"yoast_head":"<!-- This site is optimized with the Yoast SEO plugin v25.7 - https:\/\/yoast.com\/wordpress\/plugins\/seo\/ -->\n<title>Prix tractopelle Caterpillar 428 neuve en Tunisie - Motors.tn<\/title>\n<meta name=\"description\" content=\"Prix tractopelle trax Caterpillar 428 neuve Tunisie : tractopelle trax Caterpillar 428 \u00e0 vendre en Tunisie, leasing trax Tunisie Caterpillar 428\" \/>\n<meta name=\"robots\" content=\"index, follow, max-snippet:-1, max-image-preview:large, max-video-preview:-1\" \/>\n<link rel=\"canonical\" href=\"https:\/\/motors.tn\/magazine\/prix-tractopelle-neuve-en-tunisie\/prix-tractopelle-caterpillar-neuve-en-tunisie\/prix-tractopelle-caterpillar-428f2-neuve-en-tunisie\/\" \/>\n<meta property=\"og:locale\" content=\"fr_FR\" \/>\n<meta property=\"og:type\" content=\"article\" \/>\n<meta property=\"og:title\" content=\"Prix tractopelle Caterpillar 428 neuve en Tunisie - Motors.tn\" \/>\n<meta property=\"og:description\" content=\"Prix tractopelle trax Caterpillar 428 neuve Tunisie : tractopelle trax Caterpillar 428 \u00e0 vendre en Tunisie, leasing trax Tunisie Caterpillar 428\" \/>\n<meta property=\"og:url\" content=\"https:\/\/motors.tn\/magazine\/prix-tractopelle-neuve-en-tunisie\/prix-tractopelle-caterpillar-neuve-en-tunisie\/prix-tractopelle-caterpillar-428f2-neuve-en-tunisie\/\" \/>\n<meta property=\"og:site_name\" content=\"Motors.tn\" \/>\n<meta property=\"article:modified_time\" content=\"2026-04-09T17:35:15+00:00\" \/>\n<meta property=\"og:image\" content=\"https:\/\/motors.tn\/magazine\/wp-content\/uploads\/2026\/04\/Prix-tractopelle-Caterpillar-428-neuve-en-Tunisie-1-1-e1775755962207.jpg\" \/>\n<meta name=\"twitter:label1\" content=\"Dur\u00e9e de lecture estim\u00e9e\" \/>\n\t<meta name=\"twitter:data1\" content=\"2 minutes\" \/>\n<script type=\"application\/ld+json\" class=\"yoast-schema-graph\">{\"@context\":\"https:\/\/schema.org\",\"@graph\":[{\"@type\":\"WebPage\",\"@id\":\"https:\/\/motors.tn\/magazine\/prix-tractopelle-neuve-en-tunisie\/prix-tractopelle-caterpillar-neuve-en-tunisie\/prix-tractopelle-caterpillar-428f2-neuve-en-tunisie\/\",\"url\":\"https:\/\/motors.tn\/magazine\/prix-tractopelle-neuve-en-tunisie\/prix-tractopelle-caterpillar-neuve-en-tunisie\/prix-tractopelle-caterpillar-428f2-neuve-en-tunisie\/\",\"name\":\"Prix tractopelle Caterpillar 428 neuve en Tunisie - Motors.tn\",\"isPartOf\":{\"@id\":\"https:\/\/motors.tn\/magazine\/#website\"},\"datePublished\":\"2021-12-26T18:38:44+00:00\",\"dateModified\":\"2026-04-09T17:35:15+00:00\",\"description\":\"Prix tractopelle trax Caterpillar 428 neuve Tunisie : tractopelle trax Caterpillar 428 \u00e0 vendre en Tunisie, leasing trax Tunisie Caterpillar 428\",\"breadcrumb\":{\"@id\":\"https:\/\/motors.tn\/magazine\/prix-tractopelle-neuve-en-tunisie\/prix-tractopelle-caterpillar-neuve-en-tunisie\/prix-tractopelle-caterpillar-428f2-neuve-en-tunisie\/#breadcrumb\"},\"inLanguage\":\"fr-FR\",\"potentialAction\":[{\"@type\":\"ReadAction\",\"target\":[\"https:\/\/motors.tn\/magazine\/prix-tractopelle-neuve-en-tunisie\/prix-tractopelle-caterpillar-neuve-en-tunisie\/prix-tractopelle-caterpillar-428f2-neuve-en-tunisie\/\"]}]},{\"@type\":\"BreadcrumbList\",\"@id\":\"https:\/\/motors.tn\/magazine\/prix-tractopelle-neuve-en-tunisie\/prix-tractopelle-caterpillar-neuve-en-tunisie\/prix-tractopelle-caterpillar-428f2-neuve-en-tunisie\/#breadcrumb\",\"itemListElement\":[{\"@type\":\"ListItem\",\"position\":1,\"name\":\"Motors.tn\",\"item\":\"https:\/\/motors.tn\/magazine\/\"},{\"@type\":\"ListItem\",\"position\":2,\"name\":\"Prix tractopelle neuve en Tunisie\",\"item\":\"https:\/\/motors.tn\/magazine\/prix-tractopelle-neuve-en-tunisie\/\"},{\"@type\":\"ListItem\",\"position\":3,\"name\":\"Prix tractopelle Caterpillar neuve en Tunisie\",\"item\":\"https:\/\/motors.tn\/magazine\/prix-tractopelle-neuve-en-tunisie\/prix-tractopelle-caterpillar-neuve-en-tunisie\/\"},{\"@type\":\"ListItem\",\"position\":4,\"name\":\"Prix tractopelle Caterpillar 428 neuve en Tunisie\"}]},{\"@type\":\"WebSite\",\"@id\":\"https:\/\/motors.tn\/magazine\/#website\",\"url\":\"https:\/\/motors.tn\/magazine\/\",\"name\":\"Motors.tn\",\"description\":\"Actualit\u00e9, prix du neuf et guide d&#039;achat\",\"publisher\":{\"@id\":\"https:\/\/motors.tn\/magazine\/#organization\"},\"potentialAction\":[{\"@type\":\"SearchAction\",\"target\":{\"@type\":\"EntryPoint\",\"urlTemplate\":\"https:\/\/motors.tn\/magazine\/?s={search_term_string}\"},\"query-input\":{\"@type\":\"PropertyValueSpecification\",\"valueRequired\":true,\"valueName\":\"search_term_string\"}}],\"inLanguage\":\"fr-FR\"},{\"@type\":\"Organization\",\"@id\":\"https:\/\/motors.tn\/magazine\/#organization\",\"name\":\"Strat\u00e9gie Digitale\",\"url\":\"https:\/\/motors.tn\/magazine\/\",\"logo\":{\"@type\":\"ImageObject\",\"inLanguage\":\"fr-FR\",\"@id\":\"https:\/\/motors.tn\/magazine\/#\/schema\/logo\/image\/\",\"url\":\"https:\/\/motors.tn\/magazine\/wp-content\/uploads\/2020\/05\/cropped-cropped-logo9bleu.png\",\"contentUrl\":\"https:\/\/motors.tn\/magazine\/wp-content\/uploads\/2020\/05\/cropped-cropped-logo9bleu.png\",\"width\":277,\"height\":44,\"caption\":\"Strat\u00e9gie Digitale\"},\"image\":{\"@id\":\"https:\/\/motors.tn\/magazine\/#\/schema\/logo\/image\/\"}}]}<\/script>\n<!-- \/ Yoast SEO plugin. -->","yoast_head_json":{"title":"Prix tractopelle Caterpillar 428 neuve en Tunisie - Motors.tn","description":"Prix tractopelle trax Caterpillar 428 neuve Tunisie : tractopelle trax Caterpillar 428 \u00e0 vendre en Tunisie, leasing trax Tunisie Caterpillar 428","robots":{"index":"index","follow":"follow","max-snippet":"max-snippet:-1","max-image-preview":"max-image-preview:large","max-video-preview":"max-video-preview:-1"},"canonical":"https:\/\/motors.tn\/magazine\/prix-tractopelle-neuve-en-tunisie\/prix-tractopelle-caterpillar-neuve-en-tunisie\/prix-tractopelle-caterpillar-428f2-neuve-en-tunisie\/","og_locale":"fr_FR","og_type":"article","og_title":"Prix tractopelle Caterpillar 428 neuve en Tunisie - Motors.tn","og_description":"Prix tractopelle trax Caterpillar 428 neuve Tunisie : tractopelle trax Caterpillar 428 \u00e0 vendre en Tunisie, leasing trax Tunisie Caterpillar 428","og_url":"https:\/\/motors.tn\/magazine\/prix-tractopelle-neuve-en-tunisie\/prix-tractopelle-caterpillar-neuve-en-tunisie\/prix-tractopelle-caterpillar-428f2-neuve-en-tunisie\/","og_site_name":"Motors.tn","article_modified_time":"2026-04-09T17:35:15+00:00","og_image":[{"url":"https:\/\/motors.tn\/magazine\/wp-content\/uploads\/2026\/04\/Prix-tractopelle-Caterpillar-428-neuve-en-Tunisie-1-1-e1775755962207.jpg","type":"","width":"","height":""}],"twitter_misc":{"Dur\u00e9e de lecture estim\u00e9e":"2 minutes"},"schema":{"@context":"https:\/\/schema.org","@graph":[{"@type":"WebPage","@id":"https:\/\/motors.tn\/magazine\/prix-tractopelle-neuve-en-tunisie\/prix-tractopelle-caterpillar-neuve-en-tunisie\/prix-tractopelle-caterpillar-428f2-neuve-en-tunisie\/","url":"https:\/\/motors.tn\/magazine\/prix-tractopelle-neuve-en-tunisie\/prix-tractopelle-caterpillar-neuve-en-tunisie\/prix-tractopelle-caterpillar-428f2-neuve-en-tunisie\/","name":"Prix tractopelle Caterpillar 428 neuve en Tunisie - Motors.tn","isPartOf":{"@id":"https:\/\/motors.tn\/magazine\/#website"},"datePublished":"2021-12-26T18:38:44+00:00","dateModified":"2026-04-09T17:35:15+00:00","description":"Prix tractopelle trax Caterpillar 428 neuve Tunisie : tractopelle trax Caterpillar 428 \u00e0 vendre en Tunisie, leasing trax Tunisie Caterpillar 428","breadcrumb":{"@id":"https:\/\/motors.tn\/magazine\/prix-tractopelle-neuve-en-tunisie\/prix-tractopelle-caterpillar-neuve-en-tunisie\/prix-tractopelle-caterpillar-428f2-neuve-en-tunisie\/#breadcrumb"},"inLanguage":"fr-FR","potentialAction":[{"@type":"ReadAction","target":["https:\/\/motors.tn\/magazine\/prix-tractopelle-neuve-en-tunisie\/prix-tractopelle-caterpillar-neuve-en-tunisie\/prix-tractopelle-caterpillar-428f2-neuve-en-tunisie\/"]}]},{"@type":"BreadcrumbList","@id":"https:\/\/motors.tn\/magazine\/prix-tractopelle-neuve-en-tunisie\/prix-tractopelle-caterpillar-neuve-en-tunisie\/prix-tractopelle-caterpillar-428f2-neuve-en-tunisie\/#breadcrumb","itemListElement":[{"@type":"ListItem","position":1,"name":"Motors.tn","item":"https:\/\/motors.tn\/magazine\/"},{"@type":"ListItem","position":2,"name":"Prix tractopelle neuve en Tunisie","item":"https:\/\/motors.tn\/magazine\/prix-tractopelle-neuve-en-tunisie\/"},{"@type":"ListItem","position":3,"name":"Prix tractopelle Caterpillar neuve en Tunisie","item":"https:\/\/motors.tn\/magazine\/prix-tractopelle-neuve-en-tunisie\/prix-tractopelle-caterpillar-neuve-en-tunisie\/"},{"@type":"ListItem","position":4,"name":"Prix tractopelle Caterpillar 428 neuve en Tunisie"}]},{"@type":"WebSite","@id":"https:\/\/motors.tn\/magazine\/#website","url":"https:\/\/motors.tn\/magazine\/","name":"Motors.tn","description":"Actualit\u00e9, prix du neuf et guide d&#039;achat","publisher":{"@id":"https:\/\/motors.tn\/magazine\/#organization"},"potentialAction":[{"@type":"SearchAction","target":{"@type":"EntryPoint","urlTemplate":"https:\/\/motors.tn\/magazine\/?s={search_term_string}"},"query-input":{"@type":"PropertyValueSpecification","valueRequired":true,"valueName":"search_term_string"}}],"inLanguage":"fr-FR"},{"@type":"Organization","@id":"https:\/\/motors.tn\/magazine\/#organization","name":"Strat\u00e9gie Digitale","url":"https:\/\/motors.tn\/magazine\/","logo":{"@type":"ImageObject","inLanguage":"fr-FR","@id":"https:\/\/motors.tn\/magazine\/#\/schema\/logo\/image\/","url":"https:\/\/motors.tn\/magazine\/wp-content\/uploads\/2020\/05\/cropped-cropped-logo9bleu.png","contentUrl":"https:\/\/motors.tn\/magazine\/wp-content\/uploads\/2020\/05\/cropped-cropped-logo9bleu.png","width":277,"height":44,"caption":"Strat\u00e9gie Digitale"},"image":{"@id":"https:\/\/motors.tn\/magazine\/#\/schema\/logo\/image\/"}}]}},"_links":{"self":[{"href":"https:\/\/motors.tn\/magazine\/wp-json\/wp\/v2\/pages\/445683","targetHints":{"allow":["GET"]}}],"collection":[{"href":"https:\/\/motors.tn\/magazine\/wp-json\/wp\/v2\/pages"}],"about":[{"href":"https:\/\/motors.tn\/magazine\/wp-json\/wp\/v2\/types\/page"}],"author":[{"embeddable":true,"href":"https:\/\/motors.tn\/magazine\/wp-json\/wp\/v2\/users\/19342"}],"replies":[{"embeddable":true,"href":"https:\/\/motors.tn\/magazine\/wp-json\/wp\/v2\/comments?post=445683"}],"version-history":[{"count":7,"href":"https:\/\/motors.tn\/magazine\/wp-json\/wp\/v2\/pages\/445683\/revisions"}],"predecessor-version":[{"id":502005,"href":"https:\/\/motors.tn\/magazine\/wp-json\/wp\/v2\/pages\/445683\/revisions\/502005"}],"up":[{"embeddable":true,"href":"https:\/\/motors.tn\/magazine\/wp-json\/wp\/v2\/pages\/445675"}],"wp:attachment":[{"href":"https:\/\/motors.tn\/magazine\/wp-json\/wp\/v2\/media?parent=445683"}],"curies":[{"name":"wp","href":"https:\/\/api.w.org\/{rel}","templated":true}]}}