{"id":450452,"date":"2022-03-01T19:45:42","date_gmt":"2022-03-01T18:45:42","guid":{"rendered":"https:\/\/motors.tn\/magazine\/?page_id=450452"},"modified":"2025-11-22T13:03:37","modified_gmt":"2025-11-22T12:03:37","slug":"prix-pelle-hydraulique-neuve-en-tunisie","status":"publish","type":"page","link":"https:\/\/motors.tn\/magazine\/prix-pelle-hydraulique-neuve-en-tunisie\/","title":{"rendered":"Prix pelle hydraulique neuve en Tunisie"},"content":{"rendered":"<p>Prix pelle hydraulique neuve en Tunisie, retrouvez les prix sur le march\u00e9 tunisien des pelles hydrauliques neuves : <a href=\"https:\/\/motors.tn\/magazine\/prix-pelle-hydraulique-neuve-en-tunisie\/prix-pelle-hydraulique-caterpillar-neuve-tunisie\/\">Caterpillar<\/a>, <a href=\"https:\/\/motors.tn\/magazine\/prix-pelle-hydraulique-neuve-en-tunisie\/prix-pelle-hydraulique-doosan-neuve-tunisie\/\">Doosan<\/a>,\u00a0<a href=\"https:\/\/motors.tn\/magazine\/prix-pelle-hydraulique-neuve-en-tunisie\/prix-pelle-hydraulique-hidromek-neuve-tunisie\/\">Hidromek<\/a>, <a href=\"https:\/\/motors.tn\/magazine\/prix-pelle-hydraulique-neuve-en-tunisie\/prix-pelle-hydraulique-hyundai-neuve-tunisie\/\">Hyundai<\/a>, <a href=\"https:\/\/motors.tn\/magazine\/prix-pelle-hydraulique-neuve-en-tunisie\/prix-pelle-hydraulique-kobelco-neuve-tunisie\/\">Kobelco<\/a>, <a href=\"https:\/\/motors.tn\/magazine\/prix-pelle-hydraulique-neuve-en-tunisie\/prix-pelle-hydraulique-sany-neuve-tunisie\/\">Sany<\/a>, <a href=\"https:\/\/motors.tn\/magazine\/prix-pelle-hydraulique-neuve-en-tunisie\/prix-pelle-hydraulique-sdlg-neuve-tunisie\/\">SDLG<\/a>, <a href=\"https:\/\/motors.tn\/magazine\/prix-pelle-hydraulique-neuve-en-tunisie\/prix-pelle-hydraulique-shantui-neuve-tunisie\/\">Shantui<\/a>, <a href=\"https:\/\/motors.tn\/magazine\/prix-pelle-hydraulique-neuve-en-tunisie\/prix-pelle-hydraulique-zoomlion-neuve-tunisie\/\">Zoomlion<\/a>.<\/p>\n<div id='gallery-1' class='gallery galleryid-450452 gallery-columns-3 gallery-size-full'><figure class='gallery-item'>\n\t\t\t<div class='gallery-icon landscape'>\n\t\t\t\t<a href='https:\/\/motors.tn\/magazine\/prix-pelle-hydraulique-neuve-en-tunisie\/attachment\/caterpillar-2\/#main'><img decoding=\"async\" width=\"150\" height=\"150\" src=\"https:\/\/motors.tn\/magazine\/wp-content\/uploads\/2022\/03\/caterpillar.png\" class=\"attachment-full size-full\" alt=\"\" \/><\/a>\n\t\t\t<\/div><\/figure><figure class='gallery-item'>\n\t\t\t<div class='gallery-icon landscape'>\n\t\t\t\t<a href='https:\/\/motors.tn\/magazine\/prix-pelle-hydraulique-neuve-en-tunisie\/attachment\/doosan-3\/#main'><img decoding=\"async\" width=\"150\" height=\"150\" src=\"https:\/\/motors.tn\/magazine\/wp-content\/uploads\/2022\/03\/doosan.png\" class=\"attachment-full size-full\" alt=\"\" \/><\/a>\n\t\t\t<\/div><\/figure><figure class='gallery-item'>\n\t\t\t<div class='gallery-icon landscape'>\n\t\t\t\t<a href='https:\/\/motors.tn\/magazine\/prix-pelle-hydraulique-neuve-en-tunisie\/attachment\/hmk_logo_1-2\/#main'><img decoding=\"async\" width=\"150\" height=\"150\" src=\"https:\/\/motors.tn\/magazine\/wp-content\/uploads\/2022\/03\/hmk_logo_1-e1646160498331.jpg\" class=\"attachment-full size-full\" alt=\"\" \/><\/a>\n\t\t\t<\/div><\/figure><figure class='gallery-item'>\n\t\t\t<div class='gallery-icon landscape'>\n\t\t\t\t<a href='https:\/\/motors.tn\/magazine\/prix-pelle-hydraulique-neuve-en-tunisie\/attachment\/hyundai-4\/#main'><img decoding=\"async\" width=\"150\" height=\"150\" src=\"https:\/\/motors.tn\/magazine\/wp-content\/uploads\/2022\/03\/hyundai.png\" class=\"attachment-full size-full\" alt=\"\" \/><\/a>\n\t\t\t<\/div><\/figure><figure class='gallery-item'>\n\t\t\t<div class='gallery-icon landscape'>\n\t\t\t\t<a href='https:\/\/motors.tn\/magazine\/prix-pelle-hydraulique-neuve-en-tunisie\/attachment\/sany-tunisie-3\/#main'><img decoding=\"async\" width=\"150\" height=\"150\" src=\"https:\/\/motors.tn\/magazine\/wp-content\/uploads\/2023\/10\/Sany-Tunisie-2.png\" class=\"attachment-full size-full\" alt=\"\" \/><\/a>\n\t\t\t<\/div><\/figure><figure class='gallery-item'>\n\t\t\t<div class='gallery-icon landscape'>\n\t\t\t\t<a href='https:\/\/motors.tn\/magazine\/prix-pelle-hydraulique-neuve-en-tunisie\/attachment\/kobelco\/#main'><img decoding=\"async\" width=\"150\" height=\"150\" src=\"https:\/\/motors.tn\/magazine\/wp-content\/uploads\/2022\/03\/Kobelco.png\" class=\"attachment-full size-full\" alt=\"\" \/><\/a>\n\t\t\t<\/div><\/figure><figure class='gallery-item'>\n\t\t\t<div class='gallery-icon landscape'>\n\t\t\t\t<a href='https:\/\/motors.tn\/magazine\/prix-pelle-hydraulique-neuve-en-tunisie\/attachment\/sdlg-4\/#main'><img decoding=\"async\" width=\"150\" height=\"150\" src=\"https:\/\/motors.tn\/magazine\/wp-content\/uploads\/2022\/03\/sdlg.png\" class=\"attachment-full size-full\" alt=\"\" \/><\/a>\n\t\t\t<\/div><\/figure><figure class='gallery-item'>\n\t\t\t<div class='gallery-icon landscape'>\n\t\t\t\t<a href='https:\/\/motors.tn\/magazine\/prix-pelle-hydraulique-neuve-en-tunisie\/attachment\/logo-shantui-tunisie-2\/#main'><img decoding=\"async\" width=\"150\" height=\"150\" src=\"https:\/\/motors.tn\/magazine\/wp-content\/uploads\/2022\/04\/Logo-Shantui-Tunisie.png\" class=\"attachment-full size-full\" alt=\"\" \/><\/a>\n\t\t\t<\/div><\/figure><figure class='gallery-item'>\n\t\t\t<div class='gallery-icon landscape'>\n\t\t\t\t<a href='https:\/\/motors.tn\/magazine\/prix-pelle-hydraulique-neuve-en-tunisie\/attachment\/prix-pelle-hydraulique-zoomlion-neuve-en-tunisie\/#main'><img decoding=\"async\" width=\"150\" height=\"150\" src=\"https:\/\/motors.tn\/magazine\/wp-content\/uploads\/2025\/11\/prix-pelle-hydraulique-zoomlion-neuve-en-tunisie.jpg\" class=\"attachment-full size-full\" alt=\"\" \/><\/a>\n\t\t\t<\/div><\/figure>\n\t\t<\/div>\n\n<hr \/>\n<h2><strong>Demande de prix \/ Demande de devis pour pelle hydraulique neuve en Tunisie\u00a0<\/strong><\/h2>\n<p style=\"text-align: left;\">Faites votre demande de devis en ligne ici et recevez gratuitement une r\u00e9ponse de nos partenaires :<\/p>\n\n<div class=\"wpcf7 no-js\" id=\"wpcf7-f450722-o1\" lang=\"fr-FR\" dir=\"ltr\" data-wpcf7-id=\"450722\">\n<div class=\"screen-reader-response\"><p role=\"status\" aria-live=\"polite\" aria-atomic=\"true\"><\/p> <ul><\/ul><\/div>\n<form action=\"\/magazine\/wp-json\/wp\/v2\/pages\/450452#wpcf7-f450722-o1\" method=\"post\" class=\"wpcf7-form init\" aria-label=\"Formulaire de contact\" novalidate=\"novalidate\" data-status=\"init\">\n<fieldset class=\"hidden-fields-container\"><input type=\"hidden\" name=\"_wpcf7\" value=\"450722\" \/><input type=\"hidden\" name=\"_wpcf7_version\" value=\"6.1.1\" \/><input type=\"hidden\" name=\"_wpcf7_locale\" value=\"fr_FR\" \/><input type=\"hidden\" name=\"_wpcf7_unit_tag\" value=\"wpcf7-f450722-o1\" \/><input type=\"hidden\" name=\"_wpcf7_container_post\" value=\"0\" \/><input type=\"hidden\" name=\"_wpcf7_posted_data_hash\" value=\"\" \/>\n<\/fieldset>\n<p>Nom et pr\u00e9nom - \u0627\u0644\u0625\u0633\u0645 \u0648 \u0627\u0644\u0644\u0642\u0628 :<br \/>\n<span class=\"wpcf7-form-control-wrap\" data-name=\"your-name\"><input size=\"40\" maxlength=\"400\" class=\"wpcf7-form-control wpcf7-text wpcf7-validates-as-required\" aria-required=\"true\" aria-invalid=\"false\" value=\"\" type=\"text\" name=\"your-name\" \/><\/span>\n<\/p>\n<p> Soci\u00e9t\u00e9 - \u0627\u0644\u0634\u0631\u0643\u0629 :<br \/>\n<span class=\"wpcf7-form-control-wrap\" data-name=\"your-ste\"><input size=\"40\" maxlength=\"400\" class=\"wpcf7-form-control wpcf7-text wpcf7-validates-as-required\" aria-required=\"true\" aria-invalid=\"false\" value=\"\" type=\"text\" name=\"your-ste\" \/><\/span>\n<\/p>\n<p>T\u00e9l\u00e9phone - \u0627\u0644\u0647\u0627\u062a\u0641 :\n<\/p>\n<p><span class=\"wpcf7-form-control-wrap\" data-name=\"your-tel\"><input size=\"40\" maxlength=\"400\" class=\"wpcf7-form-control wpcf7-tel wpcf7-validates-as-required wpcf7-text wpcf7-validates-as-tel\" aria-required=\"true\" aria-invalid=\"false\" value=\"\" type=\"tel\" name=\"your-tel\" \/><\/span>\n<\/p>\n<p>Gouvernorat - \u0627\u0644\u0648\u0644\u0627\u064a\u0629 :\n<\/p>\n<p><span class=\"wpcf7-form-control-wrap\" data-name=\"your-gouvernorat\"><select class=\"wpcf7-form-control wpcf7-select wpcf7-validates-as-required\" aria-required=\"true\" aria-invalid=\"false\" name=\"your-gouvernorat\"><option value=\"\">&#8212;Veuillez choisir une option&#8212;<\/option><option value=\"Ariana - \u0623\u0631\u064a\u0627\u0646\u0629\">Ariana - \u0623\u0631\u064a\u0627\u0646\u0629<\/option><option value=\"B\u00e9ja - \u0628\u0627\u062c\u0629\">B\u00e9ja - \u0628\u0627\u062c\u0629<\/option><option value=\"Ben Arous - \u0628\u0646 \u0639\u0631\u0648\u0633\">Ben Arous - \u0628\u0646 \u0639\u0631\u0648\u0633<\/option><option value=\"Bizerte - \u0628\u0646\u0632\u0631\u062a\">Bizerte - \u0628\u0646\u0632\u0631\u062a<\/option><option value=\"Gab\u00e8s - \u0642\u0627\u0628\u0633\">Gab\u00e8s - \u0642\u0627\u0628\u0633<\/option><option value=\"Gafsa - \u0642\u0641\u0635\u0629\">Gafsa - \u0642\u0641\u0635\u0629<\/option><option value=\"Jendouba - \u062c\u0646\u062f\u0648\u0628\u0629\">Jendouba - \u062c\u0646\u062f\u0648\u0628\u0629<\/option><option value=\"Kairouan - \u0627\u0644\u0642\u064a\u0631\u0648\u0627\u0646\">Kairouan - \u0627\u0644\u0642\u064a\u0631\u0648\u0627\u0646<\/option><option value=\"Kasserine - \u0627\u0644\u0642\u0635\u0631\u064a\u0646\">Kasserine - \u0627\u0644\u0642\u0635\u0631\u064a\u0646<\/option><option value=\"K\u00e9bili - \u0642\u0628\u0644\u064a\">K\u00e9bili - \u0642\u0628\u0644\u064a<\/option><option value=\"Le Kef - \u0627\u0644\u0643\u0627\u0641\">Le Kef - \u0627\u0644\u0643\u0627\u0641<\/option><option value=\"Mahdia - \u0627\u0644\u0645\u0647\u062f\u064a\u0629\">Mahdia - \u0627\u0644\u0645\u0647\u062f\u064a\u0629<\/option><option value=\"La Manouba - \u0645\u0646\u0648\u0628\u0629\">La Manouba - \u0645\u0646\u0648\u0628\u0629<\/option><option value=\"M\u00e9denine - \u0645\u062f\u0646\u064a\u0646\">M\u00e9denine - \u0645\u062f\u0646\u064a\u0646<\/option><option value=\"Monastir - \u0627\u0644\u0645\u0646\u0633\u062a\u064a\u0631\">Monastir - \u0627\u0644\u0645\u0646\u0633\u062a\u064a\u0631<\/option><option value=\"Nabeul - \u0646\u0627\u0628\u0644\">Nabeul - \u0646\u0627\u0628\u0644<\/option><option value=\"Sfax - \u0635\u0641\u0627\u0642\u0633\">Sfax - \u0635\u0641\u0627\u0642\u0633<\/option><option value=\"Sidi Bouzid - \u0633\u064a\u062f\u064a \u0628\u0648\u0632\u064a\u062f\">Sidi Bouzid - \u0633\u064a\u062f\u064a \u0628\u0648\u0632\u064a\u062f<\/option><option value=\"Siliana - \u0633\u0644\u064a\u0627\u0646\u0629\">Siliana - \u0633\u0644\u064a\u0627\u0646\u0629<\/option><option value=\"Sousse - \u0633\u0648\u0633\u0629\">Sousse - \u0633\u0648\u0633\u0629<\/option><option value=\"Tataouine - \u062a\u0637\u0627\u0648\u064a\u0646\">Tataouine - \u062a\u0637\u0627\u0648\u064a\u0646<\/option><option value=\"Tozeur - \u062a\u0648\u0632\u0631\">Tozeur - \u062a\u0648\u0632\u0631<\/option><option value=\"Tunis - \u062a\u0648\u0646\u0633\">Tunis - \u062a\u0648\u0646\u0633<\/option><option value=\"Zaghouan - \u0632\u063a\u0648\u0627\u0646\">Zaghouan - \u0632\u063a\u0648\u0627\u0646<\/option><\/select><\/span>\n<\/p>\n<p>Email - \u0627\u0644\u0628\u0631\u064a\u062f \u0627\u0644\u0625\u0644\u0643\u062a\u0631\u0648\u0646\u064a :\n<\/p>\n<p><span class=\"wpcf7-form-control-wrap\" data-name=\"your-email\"><input size=\"40\" maxlength=\"400\" class=\"wpcf7-form-control wpcf7-email wpcf7-validates-as-required wpcf7-text wpcf7-validates-as-email\" aria-required=\"true\" aria-invalid=\"false\" value=\"\" type=\"email\" name=\"your-email\" \/><\/span>\n<\/p>\n<p><span class=\"wpcf7-form-control-wrap\" data-name=\"checkbox-859\"><span class=\"wpcf7-form-control wpcf7-checkbox wpcf7-validates-as-required\"><span class=\"wpcf7-list-item first last\"><input type=\"checkbox\" name=\"checkbox-859[]\" value=\"J&#039;accepte d&#039;\u00eatre contact\u00e9(e) par les concessionnaires partenaires pour recevoir les offres commerciales.\" checked=\"checked\" \/><span class=\"wpcf7-list-item-label\">J&#039;accepte d&#039;\u00eatre contact\u00e9(e) par les concessionnaires partenaires pour recevoir les offres commerciales.<\/span><\/span><\/span><\/span>\n<\/p>\n<p><input class=\"wpcf7-form-control wpcf7-submit has-spinner\" type=\"submit\" value=\"Envoyer - \u0625\u0631\u0633\u0627\u0644\" \/>\n<\/p><p style=\"display: none !important;\" class=\"akismet-fields-container\" data-prefix=\"_wpcf7_ak_\"><label>&#916;<textarea name=\"_wpcf7_ak_hp_textarea\" cols=\"45\" rows=\"8\" maxlength=\"100\"><\/textarea><\/label><input type=\"hidden\" id=\"ak_js_1\" name=\"_wpcf7_ak_js\" value=\"242\"\/><script>document.getElementById( \"ak_js_1\" ).setAttribute( \"value\", ( new Date() ).getTime() );<\/script><\/p><div class=\"wpcf7-response-output\" aria-hidden=\"true\"><\/div>\n<\/form>\n<\/div>\n\n<p>&nbsp;<\/p>\n<h2><span style=\"font-weight: 400;\">Un large choix de mod\u00e8les neufs de pelle hydraulique<\/span><\/h2>\n<p style=\"text-align: justify;\"><span style=\"font-weight: 400;\">Sur <a href=\"https:\/\/motors.tn\/magazine\">Motors.tn<\/a>, retrouvez une liste actualis\u00e9e des prix des pelles hydrauliques neuves disponibles \u00e0 la vente sur le march\u00e9 tunisien. Comparez les diff\u00e9rents mod\u00e8les r\u00e9pondant aux normes internationales et issus des marques de renomm\u00e9e \u00e0 l\u2019instar de Caterpillar, Doosan, Hidromek, Hyundai, SANY, Kobelco, SDLG et Shantui.<\/span><\/p>\n<p style=\"text-align: justify;\"><span style=\"font-weight: 400;\">Retrouvez des informations d\u00e9taill\u00e9es sur chaque mod\u00e8le de <\/span><b>pelle hydraulique <\/b><span style=\"font-weight: 400;\">: photos, cylindr\u00e9e, puissance, capacit\u00e9 du r\u00e9servoir, poids op\u00e9rationnel, hauteur maximale de chargement, prix de la <\/span><b>pelle<\/b><span style=\"font-weight: 400;\">, etc.<\/span><\/p>\n<p style=\"text-align: justify;\"><span style=\"font-weight: 400;\">Quel que soit le type de votre projet, de construction, de d\u00e9molition ou de travaux publics, il est n\u00e9cessaire de disposer d\u2019un engin fiable, durable et performant, qui garantit des performances optimales en toutes circonstances. Nous mettons \u00e0 votre disposition une large s\u00e9lection de <\/span><b>pelle sur chenille<\/b><span style=\"font-weight: 400;\"> neuves pour tous vos chantiers de gros-oeuvre de particuliers et professionnels.<\/span><\/p>\n<p style=\"text-align: justify;\"><span style=\"font-weight: 400;\">Afin de financer l&rsquo;achat de votre <\/span><a href=\"https:\/\/fr.wikipedia.org\/wiki\/Pelle_m%C3%A9canique_hydraulique\"><b>pelle de chantier<\/b><\/a><span style=\"font-weight: 400;\">, Motors.tn peut vous mettre en relation avec l\u2019un de ses concessionnaires partenaires pour vous aider \u00e0 constituer votre dossier de leasing. N\u2019h\u00e9sitez pas \u00e0 nous contacter pour en savoir plus ! Vous pouvez aussi consulter les prix du neuf d\u2019autres engins de chantier comme la <\/span><a href=\"https:\/\/motors.tn\/magazine\/prix-chargeuse-sur-pneus-neuve-en-tunisie\/\"><span style=\"font-weight: 400;\">chargeuse sur pneus<\/span><\/a><span style=\"font-weight: 400;\">, la <\/span><a href=\"https:\/\/motors.tn\/magazine\/prix-mini-chargeuse-neuve-en-tunisie\/\"><span style=\"font-weight: 400;\">mini chargeuse<\/span><\/a><span style=\"font-weight: 400;\"> ou encore la <\/span><a href=\"https:\/\/motors.tn\/magazine\/prix-tractopelle-neuve-en-tunisie\/\"><span style=\"font-weight: 400;\">tractopelle<\/span><\/a><span style=\"font-weight: 400;\">.<\/span><\/p>\n","protected":false},"excerpt":{"rendered":"<p>Prix pelle hydraulique neuve en Tunisie, retrouvez les prix sur le march\u00e9 tunisien des pelles hydrauliques neuves : Caterpillar, Doosan,\u00a0Hidromek, Hyundai, Kobelco, Sany, SDLG, Shantui, Zoomlion. Demande de prix \/ Demande de devis pour pelle hydraulique neuve en Tunisie\u00a0 Faites votre demande de devis en ligne ici et recevez gratuitement une r\u00e9ponse de nos partenaires &#8230; <a title=\"Prix pelle hydraulique neuve en Tunisie\" class=\"read-more\" href=\"https:\/\/motors.tn\/magazine\/prix-pelle-hydraulique-neuve-en-tunisie\/\" aria-label=\"En savoir plus sur Prix pelle hydraulique neuve en Tunisie\">Lire la suite<\/a><\/p>\n","protected":false},"author":19342,"featured_media":495665,"parent":0,"menu_order":0,"comment_status":"closed","ping_status":"closed","template":"","meta":{"footnotes":""},"class_list":["post-450452","page","type-page","status-publish","has-post-thumbnail"],"yoast_head":"<!-- This site is optimized with the Yoast SEO plugin v25.7 - https:\/\/yoast.com\/wordpress\/plugins\/seo\/ -->\n<title>Prix pelle hydraulique neuve en Tunisie - Motors.tn<\/title>\n<meta name=\"description\" content=\"Prix Pelle hydraulique neuve en Tunisie : demande de devis, photos et fiches techniques des pelles hydrauliques commercialis\u00e9es en Tunisie.\" \/>\n<meta name=\"robots\" content=\"index, follow, max-snippet:-1, max-image-preview:large, max-video-preview:-1\" \/>\n<link rel=\"canonical\" href=\"https:\/\/motors.tn\/magazine\/prix-pelle-hydraulique-neuve-en-tunisie\/\" \/>\n<meta property=\"og:locale\" content=\"fr_FR\" \/>\n<meta property=\"og:type\" content=\"article\" \/>\n<meta property=\"og:title\" content=\"Prix pelle hydraulique neuve en Tunisie - Motors.tn\" \/>\n<meta property=\"og:description\" content=\"Prix Pelle hydraulique neuve en Tunisie : demande de devis, photos et fiches techniques des pelles hydrauliques commercialis\u00e9es en Tunisie.\" \/>\n<meta property=\"og:url\" content=\"https:\/\/motors.tn\/magazine\/prix-pelle-hydraulique-neuve-en-tunisie\/\" \/>\n<meta property=\"og:site_name\" content=\"Motors.tn\" \/>\n<meta property=\"article:modified_time\" content=\"2025-11-22T12:03:37+00:00\" \/>\n<meta property=\"og:image\" content=\"https:\/\/motors.tn\/magazine\/wp-content\/uploads\/2025\/01\/Prix-pelle-hydraulique-neuve-en-Tunisie.jpg\" \/>\n\t<meta property=\"og:image:width\" content=\"500\" \/>\n\t<meta property=\"og:image:height\" content=\"500\" \/>\n\t<meta property=\"og:image:type\" content=\"image\/jpeg\" \/>\n<meta name=\"twitter:label1\" content=\"Dur\u00e9e de lecture estim\u00e9e\" \/>\n\t<meta name=\"twitter:data1\" content=\"2 minutes\" \/>\n<script type=\"application\/ld+json\" class=\"yoast-schema-graph\">{\"@context\":\"https:\/\/schema.org\",\"@graph\":[{\"@type\":\"WebPage\",\"@id\":\"https:\/\/motors.tn\/magazine\/prix-pelle-hydraulique-neuve-en-tunisie\/\",\"url\":\"https:\/\/motors.tn\/magazine\/prix-pelle-hydraulique-neuve-en-tunisie\/\",\"name\":\"Prix pelle hydraulique neuve en Tunisie - Motors.tn\",\"isPartOf\":{\"@id\":\"https:\/\/motors.tn\/magazine\/#website\"},\"primaryImageOfPage\":{\"@id\":\"https:\/\/motors.tn\/magazine\/prix-pelle-hydraulique-neuve-en-tunisie\/#primaryimage\"},\"image\":{\"@id\":\"https:\/\/motors.tn\/magazine\/prix-pelle-hydraulique-neuve-en-tunisie\/#primaryimage\"},\"thumbnailUrl\":\"https:\/\/motors.tn\/magazine\/wp-content\/uploads\/2025\/01\/Prix-pelle-hydraulique-neuve-en-Tunisie.jpg\",\"datePublished\":\"2022-03-01T18:45:42+00:00\",\"dateModified\":\"2025-11-22T12:03:37+00:00\",\"description\":\"Prix Pelle hydraulique neuve en Tunisie : demande de devis, photos et fiches techniques des pelles hydrauliques commercialis\u00e9es en Tunisie.\",\"breadcrumb\":{\"@id\":\"https:\/\/motors.tn\/magazine\/prix-pelle-hydraulique-neuve-en-tunisie\/#breadcrumb\"},\"inLanguage\":\"fr-FR\",\"potentialAction\":[{\"@type\":\"ReadAction\",\"target\":[\"https:\/\/motors.tn\/magazine\/prix-pelle-hydraulique-neuve-en-tunisie\/\"]}]},{\"@type\":\"ImageObject\",\"inLanguage\":\"fr-FR\",\"@id\":\"https:\/\/motors.tn\/magazine\/prix-pelle-hydraulique-neuve-en-tunisie\/#primaryimage\",\"url\":\"https:\/\/motors.tn\/magazine\/wp-content\/uploads\/2025\/01\/Prix-pelle-hydraulique-neuve-en-Tunisie.jpg\",\"contentUrl\":\"https:\/\/motors.tn\/magazine\/wp-content\/uploads\/2025\/01\/Prix-pelle-hydraulique-neuve-en-Tunisie.jpg\",\"width\":500,\"height\":500,\"caption\":\"Prix pelle hydraulique neuve en Tunisie\"},{\"@type\":\"BreadcrumbList\",\"@id\":\"https:\/\/motors.tn\/magazine\/prix-pelle-hydraulique-neuve-en-tunisie\/#breadcrumb\",\"itemListElement\":[{\"@type\":\"ListItem\",\"position\":1,\"name\":\"Motors.tn\",\"item\":\"https:\/\/motors.tn\/magazine\/\"},{\"@type\":\"ListItem\",\"position\":2,\"name\":\"Prix pelle hydraulique neuve en Tunisie\"}]},{\"@type\":\"WebSite\",\"@id\":\"https:\/\/motors.tn\/magazine\/#website\",\"url\":\"https:\/\/motors.tn\/magazine\/\",\"name\":\"Motors.tn\",\"description\":\"Actualit\u00e9, prix du neuf et guide d&#039;achat\",\"publisher\":{\"@id\":\"https:\/\/motors.tn\/magazine\/#organization\"},\"potentialAction\":[{\"@type\":\"SearchAction\",\"target\":{\"@type\":\"EntryPoint\",\"urlTemplate\":\"https:\/\/motors.tn\/magazine\/?s={search_term_string}\"},\"query-input\":{\"@type\":\"PropertyValueSpecification\",\"valueRequired\":true,\"valueName\":\"search_term_string\"}}],\"inLanguage\":\"fr-FR\"},{\"@type\":\"Organization\",\"@id\":\"https:\/\/motors.tn\/magazine\/#organization\",\"name\":\"Strat\u00e9gie Digitale\",\"url\":\"https:\/\/motors.tn\/magazine\/\",\"logo\":{\"@type\":\"ImageObject\",\"inLanguage\":\"fr-FR\",\"@id\":\"https:\/\/motors.tn\/magazine\/#\/schema\/logo\/image\/\",\"url\":\"https:\/\/motors.tn\/magazine\/wp-content\/uploads\/2020\/05\/cropped-cropped-logo9bleu.png\",\"contentUrl\":\"https:\/\/motors.tn\/magazine\/wp-content\/uploads\/2020\/05\/cropped-cropped-logo9bleu.png\",\"width\":277,\"height\":44,\"caption\":\"Strat\u00e9gie Digitale\"},\"image\":{\"@id\":\"https:\/\/motors.tn\/magazine\/#\/schema\/logo\/image\/\"}}]}<\/script>\n<!-- \/ Yoast SEO plugin. -->","yoast_head_json":{"title":"Prix pelle hydraulique neuve en Tunisie - Motors.tn","description":"Prix Pelle hydraulique neuve en Tunisie : demande de devis, photos et fiches techniques des pelles hydrauliques commercialis\u00e9es en Tunisie.","robots":{"index":"index","follow":"follow","max-snippet":"max-snippet:-1","max-image-preview":"max-image-preview:large","max-video-preview":"max-video-preview:-1"},"canonical":"https:\/\/motors.tn\/magazine\/prix-pelle-hydraulique-neuve-en-tunisie\/","og_locale":"fr_FR","og_type":"article","og_title":"Prix pelle hydraulique neuve en Tunisie - Motors.tn","og_description":"Prix Pelle hydraulique neuve en Tunisie : demande de devis, photos et fiches techniques des pelles hydrauliques commercialis\u00e9es en Tunisie.","og_url":"https:\/\/motors.tn\/magazine\/prix-pelle-hydraulique-neuve-en-tunisie\/","og_site_name":"Motors.tn","article_modified_time":"2025-11-22T12:03:37+00:00","og_image":[{"width":500,"height":500,"url":"https:\/\/motors.tn\/magazine\/wp-content\/uploads\/2025\/01\/Prix-pelle-hydraulique-neuve-en-Tunisie.jpg","type":"image\/jpeg"}],"twitter_misc":{"Dur\u00e9e de lecture estim\u00e9e":"2 minutes"},"schema":{"@context":"https:\/\/schema.org","@graph":[{"@type":"WebPage","@id":"https:\/\/motors.tn\/magazine\/prix-pelle-hydraulique-neuve-en-tunisie\/","url":"https:\/\/motors.tn\/magazine\/prix-pelle-hydraulique-neuve-en-tunisie\/","name":"Prix pelle hydraulique neuve en Tunisie - Motors.tn","isPartOf":{"@id":"https:\/\/motors.tn\/magazine\/#website"},"primaryImageOfPage":{"@id":"https:\/\/motors.tn\/magazine\/prix-pelle-hydraulique-neuve-en-tunisie\/#primaryimage"},"image":{"@id":"https:\/\/motors.tn\/magazine\/prix-pelle-hydraulique-neuve-en-tunisie\/#primaryimage"},"thumbnailUrl":"https:\/\/motors.tn\/magazine\/wp-content\/uploads\/2025\/01\/Prix-pelle-hydraulique-neuve-en-Tunisie.jpg","datePublished":"2022-03-01T18:45:42+00:00","dateModified":"2025-11-22T12:03:37+00:00","description":"Prix Pelle hydraulique neuve en Tunisie : demande de devis, photos et fiches techniques des pelles hydrauliques commercialis\u00e9es en Tunisie.","breadcrumb":{"@id":"https:\/\/motors.tn\/magazine\/prix-pelle-hydraulique-neuve-en-tunisie\/#breadcrumb"},"inLanguage":"fr-FR","potentialAction":[{"@type":"ReadAction","target":["https:\/\/motors.tn\/magazine\/prix-pelle-hydraulique-neuve-en-tunisie\/"]}]},{"@type":"ImageObject","inLanguage":"fr-FR","@id":"https:\/\/motors.tn\/magazine\/prix-pelle-hydraulique-neuve-en-tunisie\/#primaryimage","url":"https:\/\/motors.tn\/magazine\/wp-content\/uploads\/2025\/01\/Prix-pelle-hydraulique-neuve-en-Tunisie.jpg","contentUrl":"https:\/\/motors.tn\/magazine\/wp-content\/uploads\/2025\/01\/Prix-pelle-hydraulique-neuve-en-Tunisie.jpg","width":500,"height":500,"caption":"Prix pelle hydraulique neuve en Tunisie"},{"@type":"BreadcrumbList","@id":"https:\/\/motors.tn\/magazine\/prix-pelle-hydraulique-neuve-en-tunisie\/#breadcrumb","itemListElement":[{"@type":"ListItem","position":1,"name":"Motors.tn","item":"https:\/\/motors.tn\/magazine\/"},{"@type":"ListItem","position":2,"name":"Prix pelle hydraulique neuve en Tunisie"}]},{"@type":"WebSite","@id":"https:\/\/motors.tn\/magazine\/#website","url":"https:\/\/motors.tn\/magazine\/","name":"Motors.tn","description":"Actualit\u00e9, prix du neuf et guide d&#039;achat","publisher":{"@id":"https:\/\/motors.tn\/magazine\/#organization"},"potentialAction":[{"@type":"SearchAction","target":{"@type":"EntryPoint","urlTemplate":"https:\/\/motors.tn\/magazine\/?s={search_term_string}"},"query-input":{"@type":"PropertyValueSpecification","valueRequired":true,"valueName":"search_term_string"}}],"inLanguage":"fr-FR"},{"@type":"Organization","@id":"https:\/\/motors.tn\/magazine\/#organization","name":"Strat\u00e9gie Digitale","url":"https:\/\/motors.tn\/magazine\/","logo":{"@type":"ImageObject","inLanguage":"fr-FR","@id":"https:\/\/motors.tn\/magazine\/#\/schema\/logo\/image\/","url":"https:\/\/motors.tn\/magazine\/wp-content\/uploads\/2020\/05\/cropped-cropped-logo9bleu.png","contentUrl":"https:\/\/motors.tn\/magazine\/wp-content\/uploads\/2020\/05\/cropped-cropped-logo9bleu.png","width":277,"height":44,"caption":"Strat\u00e9gie Digitale"},"image":{"@id":"https:\/\/motors.tn\/magazine\/#\/schema\/logo\/image\/"}}]}},"_links":{"self":[{"href":"https:\/\/motors.tn\/magazine\/wp-json\/wp\/v2\/pages\/450452","targetHints":{"allow":["GET"]}}],"collection":[{"href":"https:\/\/motors.tn\/magazine\/wp-json\/wp\/v2\/pages"}],"about":[{"href":"https:\/\/motors.tn\/magazine\/wp-json\/wp\/v2\/types\/page"}],"author":[{"embeddable":true,"href":"https:\/\/motors.tn\/magazine\/wp-json\/wp\/v2\/users\/19342"}],"replies":[{"embeddable":true,"href":"https:\/\/motors.tn\/magazine\/wp-json\/wp\/v2\/comments?post=450452"}],"version-history":[{"count":4,"href":"https:\/\/motors.tn\/magazine\/wp-json\/wp\/v2\/pages\/450452\/revisions"}],"predecessor-version":[{"id":499386,"href":"https:\/\/motors.tn\/magazine\/wp-json\/wp\/v2\/pages\/450452\/revisions\/499386"}],"wp:featuredmedia":[{"embeddable":true,"href":"https:\/\/motors.tn\/magazine\/wp-json\/wp\/v2\/media\/495665"}],"wp:attachment":[{"href":"https:\/\/motors.tn\/magazine\/wp-json\/wp\/v2\/media?parent=450452"}],"curies":[{"name":"wp","href":"https:\/\/api.w.org\/{rel}","templated":true}]}}