{"id":450475,"date":"2022-03-01T20:56:24","date_gmt":"2022-03-01T19:56:24","guid":{"rendered":"https:\/\/motors.tn\/magazine\/?page_id=450475"},"modified":"2022-03-04T08:24:53","modified_gmt":"2022-03-04T07:24:53","slug":"prix-pelle-hydraulique-kobelco-neuve-tunisie","status":"publish","type":"page","link":"https:\/\/motors.tn\/magazine\/prix-pelle-hydraulique-neuve-en-tunisie\/prix-pelle-hydraulique-kobelco-neuve-tunisie\/","title":{"rendered":"Prix pelle hydraulique KOBELCO neuve Tunisie"},"content":{"rendered":"<p><a href=\"https:\/\/motors.tn\/magazine\/prix-pelle-hydraulique-neuve-en-tunisie\/\">Prix pelle hydraulique<\/a> KOBELCO neuve Tunisie :<\/p>\n<ul>\n<li><a href=\"https:\/\/motors.tn\/magazine\/prix-pelle-hydraulique-neuve-en-tunisie\/prix-pelle-hydraulique-kobelco-neuve-tunisie\/prix-pelle-hydraulique-kobelco-sk350lc-neuve-tunisie\/\">Prix pelle hydraulique KOBELCO SK350LC neuve Tunisie<\/a><\/li>\n<\/ul>\n<div id='gallery-1' class='gallery galleryid-450475 gallery-columns-1 gallery-size-full'><figure class='gallery-item'>\n\t\t\t<div class='gallery-icon landscape'>\n\t\t\t\t<a href='https:\/\/motors.tn\/magazine\/prix-pelle-hydraulique-neuve-en-tunisie\/prix-pelle-hydraulique-kobelco-neuve-tunisie\/prix-pelle-hydraulique-kobelco-sk350lc-neuve-tunisie\/attachment\/kobelco-sk350lc-9_foto-2\/#main'><img decoding=\"async\" width=\"350\" height=\"310\" src=\"https:\/\/motors.tn\/magazine\/wp-content\/uploads\/2022\/03\/Kobelco-SK350LC-9_foto-2-e1646168791137.jpg\" class=\"attachment-full size-full\" alt=\"\" aria-describedby=\"gallery-1-450480\" \/><\/a>\n\t\t\t<\/div>\n\t\t\t\t<figcaption class='wp-caption-text gallery-caption' id='gallery-1-450480'>\n\t\t\t\tKOBELCO SK350LC\n\t\t\t\t<\/figcaption><\/figure>\n\t\t<\/div>\n\n<div class=\"page-img\">\n<div class=\"text-box animated bounceInLeft\">\n<p style=\"text-align: justify;\">En 1930, Kobe Steel a fabriqu\u00e9 la premi\u00e8re pelle \u00e9lectrique construite au Japon, suivie par la premi\u00e8re pelle hydraulique japonaise en 1963. Depuis lors, la marque KOBELCO est associ\u00e9e \u00e0 des machines de travaux publics exceptionnelles allant des \u00e9quipements de g\u00e9nie civil aux machines utilis\u00e9es pour le recyclage. La conception de ses produits innovants est toujours guid\u00e9e par la demande des utilisateurs.<\/p>\n<p>Kobelco a inaugur\u00e9 en 2014 deux nouveaux sites \u00e0 Hiroshima : le centre technique mondial GEC (Global Engineering Center), en charge du d\u00e9veloppement produit et de l&rsquo;innovation ; et une nouvelle usine de pointe qui permet au constructeur d&rsquo;atteindre une qualit\u00e9 de production maximale. Avec l&rsquo;ach\u00e8vement de ces deux \u00e9tablissements, Kobelco a maintenant un syst\u00e8me id\u00e9alement adapt\u00e9 aux besoins de ses clients. Ces besoins sont analys\u00e9s sur les chantiers du monde entier et sont \u00e0 la base des travaux de r\u00e9alisation du GEC et de la nouvelle usine, avec notamment le d\u00e9veloppement de technologies de production plus efficaces.<\/p>\n<\/div>\n<\/div>\n<hr \/>\n<h2><strong>Demande de prix \/ Demande de devis pour un pelle hydraulique neuve en Tunisie<\/strong><\/h2>\n<div class=\"s\">\n<div><span class=\"st\">Faites votre\u00a0demande de devis\u00a0en ligne ici et recevez gratuitement une r\u00e9ponse\u00a0de nos partenaires :<\/span><\/div>\n<\/div>\n<p>&nbsp;<\/p>\n<div class=\"s\">\n<div class=\"wpcf7 no-js\" id=\"wpcf7-f450722-o1\" lang=\"fr-FR\" dir=\"ltr\" data-wpcf7-id=\"450722\">\n<div class=\"screen-reader-response\"><p role=\"status\" aria-live=\"polite\" aria-atomic=\"true\"><\/p> <ul><\/ul><\/div>\n<form action=\"\/magazine\/wp-json\/wp\/v2\/pages\/450475#wpcf7-f450722-o1\" method=\"post\" class=\"wpcf7-form init\" aria-label=\"Formulaire de contact\" novalidate=\"novalidate\" data-status=\"init\">\n<fieldset class=\"hidden-fields-container\"><input type=\"hidden\" name=\"_wpcf7\" value=\"450722\" \/><input type=\"hidden\" name=\"_wpcf7_version\" value=\"6.1.1\" \/><input type=\"hidden\" name=\"_wpcf7_locale\" value=\"fr_FR\" \/><input type=\"hidden\" name=\"_wpcf7_unit_tag\" value=\"wpcf7-f450722-o1\" \/><input type=\"hidden\" name=\"_wpcf7_container_post\" value=\"0\" \/><input type=\"hidden\" name=\"_wpcf7_posted_data_hash\" value=\"\" \/>\n<\/fieldset>\n<p>Nom et pr\u00e9nom - \u0627\u0644\u0625\u0633\u0645 \u0648 \u0627\u0644\u0644\u0642\u0628 :<br \/>\n<span class=\"wpcf7-form-control-wrap\" data-name=\"your-name\"><input size=\"40\" maxlength=\"400\" class=\"wpcf7-form-control wpcf7-text wpcf7-validates-as-required\" aria-required=\"true\" aria-invalid=\"false\" value=\"\" type=\"text\" name=\"your-name\" \/><\/span>\n<\/p>\n<p> Soci\u00e9t\u00e9 - \u0627\u0644\u0634\u0631\u0643\u0629 :<br \/>\n<span class=\"wpcf7-form-control-wrap\" data-name=\"your-ste\"><input size=\"40\" maxlength=\"400\" class=\"wpcf7-form-control wpcf7-text wpcf7-validates-as-required\" aria-required=\"true\" aria-invalid=\"false\" value=\"\" type=\"text\" name=\"your-ste\" \/><\/span>\n<\/p>\n<p>T\u00e9l\u00e9phone - \u0627\u0644\u0647\u0627\u062a\u0641 :\n<\/p>\n<p><span class=\"wpcf7-form-control-wrap\" data-name=\"your-tel\"><input size=\"40\" maxlength=\"400\" class=\"wpcf7-form-control wpcf7-tel wpcf7-validates-as-required wpcf7-text wpcf7-validates-as-tel\" aria-required=\"true\" aria-invalid=\"false\" value=\"\" type=\"tel\" name=\"your-tel\" \/><\/span>\n<\/p>\n<p>Gouvernorat - \u0627\u0644\u0648\u0644\u0627\u064a\u0629 :\n<\/p>\n<p><span class=\"wpcf7-form-control-wrap\" data-name=\"your-gouvernorat\"><select class=\"wpcf7-form-control wpcf7-select wpcf7-validates-as-required\" aria-required=\"true\" aria-invalid=\"false\" name=\"your-gouvernorat\"><option value=\"\">&#8212;Veuillez choisir une option&#8212;<\/option><option value=\"Ariana - \u0623\u0631\u064a\u0627\u0646\u0629\">Ariana - \u0623\u0631\u064a\u0627\u0646\u0629<\/option><option value=\"B\u00e9ja - \u0628\u0627\u062c\u0629\">B\u00e9ja - \u0628\u0627\u062c\u0629<\/option><option value=\"Ben Arous - \u0628\u0646 \u0639\u0631\u0648\u0633\">Ben Arous - \u0628\u0646 \u0639\u0631\u0648\u0633<\/option><option value=\"Bizerte - \u0628\u0646\u0632\u0631\u062a\">Bizerte - \u0628\u0646\u0632\u0631\u062a<\/option><option value=\"Gab\u00e8s - \u0642\u0627\u0628\u0633\">Gab\u00e8s - \u0642\u0627\u0628\u0633<\/option><option value=\"Gafsa - \u0642\u0641\u0635\u0629\">Gafsa - \u0642\u0641\u0635\u0629<\/option><option value=\"Jendouba - \u062c\u0646\u062f\u0648\u0628\u0629\">Jendouba - \u062c\u0646\u062f\u0648\u0628\u0629<\/option><option value=\"Kairouan - \u0627\u0644\u0642\u064a\u0631\u0648\u0627\u0646\">Kairouan - \u0627\u0644\u0642\u064a\u0631\u0648\u0627\u0646<\/option><option value=\"Kasserine - \u0627\u0644\u0642\u0635\u0631\u064a\u0646\">Kasserine - \u0627\u0644\u0642\u0635\u0631\u064a\u0646<\/option><option value=\"K\u00e9bili - \u0642\u0628\u0644\u064a\">K\u00e9bili - \u0642\u0628\u0644\u064a<\/option><option value=\"Le Kef - \u0627\u0644\u0643\u0627\u0641\">Le Kef - \u0627\u0644\u0643\u0627\u0641<\/option><option value=\"Mahdia - \u0627\u0644\u0645\u0647\u062f\u064a\u0629\">Mahdia - \u0627\u0644\u0645\u0647\u062f\u064a\u0629<\/option><option value=\"La Manouba - \u0645\u0646\u0648\u0628\u0629\">La Manouba - \u0645\u0646\u0648\u0628\u0629<\/option><option value=\"M\u00e9denine - \u0645\u062f\u0646\u064a\u0646\">M\u00e9denine - \u0645\u062f\u0646\u064a\u0646<\/option><option value=\"Monastir - \u0627\u0644\u0645\u0646\u0633\u062a\u064a\u0631\">Monastir - \u0627\u0644\u0645\u0646\u0633\u062a\u064a\u0631<\/option><option value=\"Nabeul - \u0646\u0627\u0628\u0644\">Nabeul - \u0646\u0627\u0628\u0644<\/option><option value=\"Sfax - \u0635\u0641\u0627\u0642\u0633\">Sfax - \u0635\u0641\u0627\u0642\u0633<\/option><option value=\"Sidi Bouzid - \u0633\u064a\u062f\u064a \u0628\u0648\u0632\u064a\u062f\">Sidi Bouzid - \u0633\u064a\u062f\u064a \u0628\u0648\u0632\u064a\u062f<\/option><option value=\"Siliana - \u0633\u0644\u064a\u0627\u0646\u0629\">Siliana - \u0633\u0644\u064a\u0627\u0646\u0629<\/option><option value=\"Sousse - \u0633\u0648\u0633\u0629\">Sousse - \u0633\u0648\u0633\u0629<\/option><option value=\"Tataouine - \u062a\u0637\u0627\u0648\u064a\u0646\">Tataouine - \u062a\u0637\u0627\u0648\u064a\u0646<\/option><option value=\"Tozeur - \u062a\u0648\u0632\u0631\">Tozeur - \u062a\u0648\u0632\u0631<\/option><option value=\"Tunis - \u062a\u0648\u0646\u0633\">Tunis - \u062a\u0648\u0646\u0633<\/option><option value=\"Zaghouan - \u0632\u063a\u0648\u0627\u0646\">Zaghouan - \u0632\u063a\u0648\u0627\u0646<\/option><\/select><\/span>\n<\/p>\n<p>Email - \u0627\u0644\u0628\u0631\u064a\u062f \u0627\u0644\u0625\u0644\u0643\u062a\u0631\u0648\u0646\u064a :\n<\/p>\n<p><span class=\"wpcf7-form-control-wrap\" data-name=\"your-email\"><input size=\"40\" maxlength=\"400\" class=\"wpcf7-form-control wpcf7-email wpcf7-validates-as-required wpcf7-text wpcf7-validates-as-email\" aria-required=\"true\" aria-invalid=\"false\" value=\"\" type=\"email\" name=\"your-email\" \/><\/span>\n<\/p>\n<p><span class=\"wpcf7-form-control-wrap\" data-name=\"checkbox-859\"><span class=\"wpcf7-form-control wpcf7-checkbox wpcf7-validates-as-required\"><span class=\"wpcf7-list-item first last\"><input type=\"checkbox\" name=\"checkbox-859[]\" value=\"J&#039;accepte d&#039;\u00eatre contact\u00e9(e) par les concessionnaires partenaires pour recevoir les offres commerciales.\" checked=\"checked\" \/><span class=\"wpcf7-list-item-label\">J&#039;accepte d&#039;\u00eatre contact\u00e9(e) par les concessionnaires partenaires pour recevoir les offres commerciales.<\/span><\/span><\/span><\/span>\n<\/p>\n<p><input class=\"wpcf7-form-control wpcf7-submit has-spinner\" type=\"submit\" value=\"Envoyer - \u0625\u0631\u0633\u0627\u0644\" \/>\n<\/p><p style=\"display: none !important;\" class=\"akismet-fields-container\" data-prefix=\"_wpcf7_ak_\"><label>&#916;<textarea name=\"_wpcf7_ak_hp_textarea\" cols=\"45\" rows=\"8\" maxlength=\"100\"><\/textarea><\/label><input type=\"hidden\" id=\"ak_js_1\" name=\"_wpcf7_ak_js\" value=\"43\"\/><script>document.getElementById( \"ak_js_1\" ).setAttribute( \"value\", ( new Date() ).getTime() );<\/script><\/p><div class=\"wpcf7-response-output\" aria-hidden=\"true\"><\/div>\n<\/form>\n<\/div>\n<\/div>\n","protected":false},"excerpt":{"rendered":"<p>Prix pelle hydraulique KOBELCO neuve Tunisie : Prix pelle hydraulique KOBELCO SK350LC neuve Tunisie En 1930, Kobe Steel a fabriqu\u00e9 la premi\u00e8re pelle \u00e9lectrique construite au Japon, suivie par la premi\u00e8re pelle hydraulique japonaise en 1963. Depuis lors, la marque KOBELCO est associ\u00e9e \u00e0 des machines de travaux publics exceptionnelles allant des \u00e9quipements de g\u00e9nie &#8230; <a title=\"Prix pelle hydraulique KOBELCO neuve Tunisie\" class=\"read-more\" href=\"https:\/\/motors.tn\/magazine\/prix-pelle-hydraulique-neuve-en-tunisie\/prix-pelle-hydraulique-kobelco-neuve-tunisie\/\" aria-label=\"En savoir plus sur Prix pelle hydraulique KOBELCO neuve Tunisie\">Lire la suite<\/a><\/p>\n","protected":false},"author":19342,"featured_media":0,"parent":450452,"menu_order":0,"comment_status":"closed","ping_status":"closed","template":"","meta":{"footnotes":""},"class_list":["post-450475","page","type-page","status-publish"],"yoast_head":"<!-- This site is optimized with the Yoast SEO plugin v25.7 - https:\/\/yoast.com\/wordpress\/plugins\/seo\/ -->\n<title>Prix pelle hydraulique KOBELCO neuve Tunisie - Motors.tn<\/title>\n<meta name=\"description\" content=\"Prix pelle hydraulique KOBELCO neuve Tunisie : Devis en ligne, capacit\u00e9 de levage, hauteur, moteur, photos et fiche technique\" \/>\n<meta name=\"robots\" content=\"index, follow, max-snippet:-1, max-image-preview:large, max-video-preview:-1\" \/>\n<link rel=\"canonical\" href=\"https:\/\/motors.tn\/magazine\/prix-pelle-hydraulique-neuve-en-tunisie\/prix-pelle-hydraulique-kobelco-neuve-tunisie\/\" \/>\n<meta property=\"og:locale\" content=\"fr_FR\" \/>\n<meta property=\"og:type\" content=\"article\" \/>\n<meta property=\"og:title\" content=\"Prix pelle hydraulique KOBELCO neuve Tunisie - Motors.tn\" \/>\n<meta property=\"og:description\" content=\"Prix pelle hydraulique KOBELCO neuve Tunisie : Devis en ligne, capacit\u00e9 de levage, hauteur, moteur, photos et fiche technique\" \/>\n<meta property=\"og:url\" content=\"https:\/\/motors.tn\/magazine\/prix-pelle-hydraulique-neuve-en-tunisie\/prix-pelle-hydraulique-kobelco-neuve-tunisie\/\" \/>\n<meta property=\"og:site_name\" content=\"Motors.tn\" \/>\n<meta property=\"article:modified_time\" content=\"2022-03-04T07:24:53+00:00\" \/>\n<meta property=\"og:image\" content=\"https:\/\/motors.tn\/magazine\/wp-content\/uploads\/2022\/03\/Kobelco-SK350LC-9_foto-2-e1646168791137.jpg\" \/>\n<meta name=\"twitter:label1\" content=\"Dur\u00e9e de lecture estim\u00e9e\" \/>\n\t<meta name=\"twitter:data1\" content=\"1 minute\" \/>\n<script type=\"application\/ld+json\" class=\"yoast-schema-graph\">{\"@context\":\"https:\/\/schema.org\",\"@graph\":[{\"@type\":\"WebPage\",\"@id\":\"https:\/\/motors.tn\/magazine\/prix-pelle-hydraulique-neuve-en-tunisie\/prix-pelle-hydraulique-kobelco-neuve-tunisie\/\",\"url\":\"https:\/\/motors.tn\/magazine\/prix-pelle-hydraulique-neuve-en-tunisie\/prix-pelle-hydraulique-kobelco-neuve-tunisie\/\",\"name\":\"Prix pelle hydraulique KOBELCO neuve Tunisie - Motors.tn\",\"isPartOf\":{\"@id\":\"https:\/\/motors.tn\/magazine\/#website\"},\"datePublished\":\"2022-03-01T19:56:24+00:00\",\"dateModified\":\"2022-03-04T07:24:53+00:00\",\"description\":\"Prix pelle hydraulique KOBELCO neuve Tunisie : Devis en ligne, capacit\u00e9 de levage, hauteur, moteur, photos et fiche technique\",\"breadcrumb\":{\"@id\":\"https:\/\/motors.tn\/magazine\/prix-pelle-hydraulique-neuve-en-tunisie\/prix-pelle-hydraulique-kobelco-neuve-tunisie\/#breadcrumb\"},\"inLanguage\":\"fr-FR\",\"potentialAction\":[{\"@type\":\"ReadAction\",\"target\":[\"https:\/\/motors.tn\/magazine\/prix-pelle-hydraulique-neuve-en-tunisie\/prix-pelle-hydraulique-kobelco-neuve-tunisie\/\"]}]},{\"@type\":\"BreadcrumbList\",\"@id\":\"https:\/\/motors.tn\/magazine\/prix-pelle-hydraulique-neuve-en-tunisie\/prix-pelle-hydraulique-kobelco-neuve-tunisie\/#breadcrumb\",\"itemListElement\":[{\"@type\":\"ListItem\",\"position\":1,\"name\":\"Motors.tn\",\"item\":\"https:\/\/motors.tn\/magazine\/\"},{\"@type\":\"ListItem\",\"position\":2,\"name\":\"Prix pelle hydraulique neuve en Tunisie\",\"item\":\"https:\/\/motors.tn\/magazine\/prix-pelle-hydraulique-neuve-en-tunisie\/\"},{\"@type\":\"ListItem\",\"position\":3,\"name\":\"Prix pelle hydraulique KOBELCO neuve Tunisie\"}]},{\"@type\":\"WebSite\",\"@id\":\"https:\/\/motors.tn\/magazine\/#website\",\"url\":\"https:\/\/motors.tn\/magazine\/\",\"name\":\"Motors.tn\",\"description\":\"Actualit\u00e9, prix du neuf et guide d&#039;achat\",\"publisher\":{\"@id\":\"https:\/\/motors.tn\/magazine\/#organization\"},\"potentialAction\":[{\"@type\":\"SearchAction\",\"target\":{\"@type\":\"EntryPoint\",\"urlTemplate\":\"https:\/\/motors.tn\/magazine\/?s={search_term_string}\"},\"query-input\":{\"@type\":\"PropertyValueSpecification\",\"valueRequired\":true,\"valueName\":\"search_term_string\"}}],\"inLanguage\":\"fr-FR\"},{\"@type\":\"Organization\",\"@id\":\"https:\/\/motors.tn\/magazine\/#organization\",\"name\":\"Strat\u00e9gie Digitale\",\"url\":\"https:\/\/motors.tn\/magazine\/\",\"logo\":{\"@type\":\"ImageObject\",\"inLanguage\":\"fr-FR\",\"@id\":\"https:\/\/motors.tn\/magazine\/#\/schema\/logo\/image\/\",\"url\":\"https:\/\/motors.tn\/magazine\/wp-content\/uploads\/2020\/05\/cropped-cropped-logo9bleu.png\",\"contentUrl\":\"https:\/\/motors.tn\/magazine\/wp-content\/uploads\/2020\/05\/cropped-cropped-logo9bleu.png\",\"width\":277,\"height\":44,\"caption\":\"Strat\u00e9gie Digitale\"},\"image\":{\"@id\":\"https:\/\/motors.tn\/magazine\/#\/schema\/logo\/image\/\"}}]}<\/script>\n<!-- \/ Yoast SEO plugin. -->","yoast_head_json":{"title":"Prix pelle hydraulique KOBELCO neuve Tunisie - Motors.tn","description":"Prix pelle hydraulique KOBELCO neuve Tunisie : Devis en ligne, capacit\u00e9 de levage, hauteur, moteur, photos et fiche technique","robots":{"index":"index","follow":"follow","max-snippet":"max-snippet:-1","max-image-preview":"max-image-preview:large","max-video-preview":"max-video-preview:-1"},"canonical":"https:\/\/motors.tn\/magazine\/prix-pelle-hydraulique-neuve-en-tunisie\/prix-pelle-hydraulique-kobelco-neuve-tunisie\/","og_locale":"fr_FR","og_type":"article","og_title":"Prix pelle hydraulique KOBELCO neuve Tunisie - Motors.tn","og_description":"Prix pelle hydraulique KOBELCO neuve Tunisie : Devis en ligne, capacit\u00e9 de levage, hauteur, moteur, photos et fiche technique","og_url":"https:\/\/motors.tn\/magazine\/prix-pelle-hydraulique-neuve-en-tunisie\/prix-pelle-hydraulique-kobelco-neuve-tunisie\/","og_site_name":"Motors.tn","article_modified_time":"2022-03-04T07:24:53+00:00","og_image":[{"url":"https:\/\/motors.tn\/magazine\/wp-content\/uploads\/2022\/03\/Kobelco-SK350LC-9_foto-2-e1646168791137.jpg","type":"","width":"","height":""}],"twitter_misc":{"Dur\u00e9e de lecture estim\u00e9e":"1 minute"},"schema":{"@context":"https:\/\/schema.org","@graph":[{"@type":"WebPage","@id":"https:\/\/motors.tn\/magazine\/prix-pelle-hydraulique-neuve-en-tunisie\/prix-pelle-hydraulique-kobelco-neuve-tunisie\/","url":"https:\/\/motors.tn\/magazine\/prix-pelle-hydraulique-neuve-en-tunisie\/prix-pelle-hydraulique-kobelco-neuve-tunisie\/","name":"Prix pelle hydraulique KOBELCO neuve Tunisie - Motors.tn","isPartOf":{"@id":"https:\/\/motors.tn\/magazine\/#website"},"datePublished":"2022-03-01T19:56:24+00:00","dateModified":"2022-03-04T07:24:53+00:00","description":"Prix pelle hydraulique KOBELCO neuve Tunisie : Devis en ligne, capacit\u00e9 de levage, hauteur, moteur, photos et fiche technique","breadcrumb":{"@id":"https:\/\/motors.tn\/magazine\/prix-pelle-hydraulique-neuve-en-tunisie\/prix-pelle-hydraulique-kobelco-neuve-tunisie\/#breadcrumb"},"inLanguage":"fr-FR","potentialAction":[{"@type":"ReadAction","target":["https:\/\/motors.tn\/magazine\/prix-pelle-hydraulique-neuve-en-tunisie\/prix-pelle-hydraulique-kobelco-neuve-tunisie\/"]}]},{"@type":"BreadcrumbList","@id":"https:\/\/motors.tn\/magazine\/prix-pelle-hydraulique-neuve-en-tunisie\/prix-pelle-hydraulique-kobelco-neuve-tunisie\/#breadcrumb","itemListElement":[{"@type":"ListItem","position":1,"name":"Motors.tn","item":"https:\/\/motors.tn\/magazine\/"},{"@type":"ListItem","position":2,"name":"Prix pelle hydraulique neuve en Tunisie","item":"https:\/\/motors.tn\/magazine\/prix-pelle-hydraulique-neuve-en-tunisie\/"},{"@type":"ListItem","position":3,"name":"Prix pelle hydraulique KOBELCO neuve Tunisie"}]},{"@type":"WebSite","@id":"https:\/\/motors.tn\/magazine\/#website","url":"https:\/\/motors.tn\/magazine\/","name":"Motors.tn","description":"Actualit\u00e9, prix du neuf et guide d&#039;achat","publisher":{"@id":"https:\/\/motors.tn\/magazine\/#organization"},"potentialAction":[{"@type":"SearchAction","target":{"@type":"EntryPoint","urlTemplate":"https:\/\/motors.tn\/magazine\/?s={search_term_string}"},"query-input":{"@type":"PropertyValueSpecification","valueRequired":true,"valueName":"search_term_string"}}],"inLanguage":"fr-FR"},{"@type":"Organization","@id":"https:\/\/motors.tn\/magazine\/#organization","name":"Strat\u00e9gie Digitale","url":"https:\/\/motors.tn\/magazine\/","logo":{"@type":"ImageObject","inLanguage":"fr-FR","@id":"https:\/\/motors.tn\/magazine\/#\/schema\/logo\/image\/","url":"https:\/\/motors.tn\/magazine\/wp-content\/uploads\/2020\/05\/cropped-cropped-logo9bleu.png","contentUrl":"https:\/\/motors.tn\/magazine\/wp-content\/uploads\/2020\/05\/cropped-cropped-logo9bleu.png","width":277,"height":44,"caption":"Strat\u00e9gie Digitale"},"image":{"@id":"https:\/\/motors.tn\/magazine\/#\/schema\/logo\/image\/"}}]}},"_links":{"self":[{"href":"https:\/\/motors.tn\/magazine\/wp-json\/wp\/v2\/pages\/450475","targetHints":{"allow":["GET"]}}],"collection":[{"href":"https:\/\/motors.tn\/magazine\/wp-json\/wp\/v2\/pages"}],"about":[{"href":"https:\/\/motors.tn\/magazine\/wp-json\/wp\/v2\/types\/page"}],"author":[{"embeddable":true,"href":"https:\/\/motors.tn\/magazine\/wp-json\/wp\/v2\/users\/19342"}],"replies":[{"embeddable":true,"href":"https:\/\/motors.tn\/magazine\/wp-json\/wp\/v2\/comments?post=450475"}],"version-history":[{"count":0,"href":"https:\/\/motors.tn\/magazine\/wp-json\/wp\/v2\/pages\/450475\/revisions"}],"up":[{"embeddable":true,"href":"https:\/\/motors.tn\/magazine\/wp-json\/wp\/v2\/pages\/450452"}],"wp:attachment":[{"href":"https:\/\/motors.tn\/magazine\/wp-json\/wp\/v2\/media?parent=450475"}],"curies":[{"name":"wp","href":"https:\/\/api.w.org\/{rel}","templated":true}]}}