{"id":454445,"date":"2022-04-21T19:46:38","date_gmt":"2022-04-21T18:46:38","guid":{"rendered":"https:\/\/motors.tn\/magazine\/?page_id=454445"},"modified":"2023-08-04T18:05:59","modified_gmt":"2023-08-04T17:05:59","slug":"prix-pick-up-isuzu-dmax-4x4-double-cabine-4-portes-neuf-en-tunisie","status":"publish","type":"page","link":"https:\/\/motors.tn\/magazine\/prix-pick-up-neuf-en-tunisie\/prix-pick-up-isuzu-neuf-en-tunisie\/prix-pick-up-isuzu-dmax-4x4-double-cabine-4-portes-neuf-en-tunisie\/","title":{"rendered":"Prix voiture pick-up Isuzu D-max 4X4 double cabine 4 portes neuf en Tunisie"},"content":{"rendered":"<p><a href=\"https:\/\/motors.tn\/magazine\/prix-pick-up-neuf-en-tunisie\/prix-pick-up-isuzu-neuf-en-tunisie\/\">Prix pick-up Isuzu<\/a> D-Max voiture 4X4 double cabine 4 portes neuf en Tunisie : Demande de devis en ligne, charge utile, \u00e9quipements et options, puissance moteur, caract\u00e9ristiques, photos et fiche technique.<\/p>\n<p><img decoding=\"async\" class=\"wp-image-489592 size-full aligncenter\" src=\"https:\/\/motors.tn\/magazine\/wp-content\/uploads\/2023\/06\/dmax-e1652027818270.png.webp\" alt=\"\" width=\"578\" height=\"358\" srcset=\"https:\/\/motors.tn\/magazine\/wp-content\/uploads\/2023\/06\/dmax-e1652027818270.png.webp 578w, https:\/\/motors.tn\/magazine\/wp-content\/uploads\/2023\/06\/dmax-e1652027818270.png-300x186.webp 300w\" sizes=\"(max-width: 578px) 100vw, 578px\" \/><\/p>\n<div id='gallery-1' class='gallery galleryid-454445 gallery-columns-1 gallery-size-full'><figure class='gallery-item'>\n\t\t\t<div class='gallery-icon landscape'>\n\t\t\t\t<img decoding=\"async\" width=\"578\" height=\"236\" src=\"https:\/\/motors.tn\/magazine\/wp-content\/uploads\/2022\/05\/786dd8e3eb325115115e616873b91a86321b8521-e1652027409815.jpg\" class=\"attachment-full size-full\" alt=\"\" srcset=\"https:\/\/motors.tn\/magazine\/wp-content\/uploads\/2022\/05\/786dd8e3eb325115115e616873b91a86321b8521-e1652027409815.jpg 578w, https:\/\/motors.tn\/magazine\/wp-content\/uploads\/2022\/05\/786dd8e3eb325115115e616873b91a86321b8521-e1652027409815-300x122.jpg 300w\" sizes=\"(max-width: 578px) 100vw, 578px\" \/>\n\t\t\t<\/div><\/figure><figure class='gallery-item'>\n\t\t\t<div class='gallery-icon landscape'>\n\t\t\t\t<img decoding=\"async\" width=\"578\" height=\"335\" src=\"https:\/\/motors.tn\/magazine\/wp-content\/uploads\/2022\/05\/isuzu-d-max-car-toyota-hilux-png-favpng-QVPsk5Xrnq2SEB6HV3jpLgN5a-e1652027748650.png\" class=\"attachment-full size-full\" alt=\"\" \/>\n\t\t\t<\/div><\/figure><figure class='gallery-item'>\n\t\t\t<div class='gallery-icon landscape'>\n\t\t\t\t<img decoding=\"async\" width=\"546\" height=\"410\" src=\"https:\/\/motors.tn\/magazine\/wp-content\/uploads\/2023\/06\/ISUZU-D-Max-Double-Cab-4405_12-Personnalise-1-e1688075284626.jpg\" class=\"attachment-full size-full\" alt=\"\" srcset=\"https:\/\/motors.tn\/magazine\/wp-content\/uploads\/2023\/06\/ISUZU-D-Max-Double-Cab-4405_12-Personnalise-1-e1688075284626.jpg 546w, https:\/\/motors.tn\/magazine\/wp-content\/uploads\/2023\/06\/ISUZU-D-Max-Double-Cab-4405_12-Personnalise-1-e1688075284626-300x225.jpg 300w\" sizes=\"(max-width: 546px) 100vw, 546px\" \/>\n\t\t\t<\/div><\/figure>\n\t\t<\/div>\n\n<h4><strong>Motorisation :<\/strong><\/h4>\n<ul>\n<li>Nombre de cylindres : 4<\/li>\n<li>Cylindr\u00e9e : 2499 cc<\/li>\n<li>Energie : Diesel<\/li>\n<li>Puissance fiscale : 8 CV<\/li>\n<li>Puissance maximale : 109 ch<\/li>\n<li>Consommation (L\/Km) : 6 L\/100KM<\/li>\n<\/ul>\n<h4><strong>Transmission :<\/strong><\/h4>\n<ul>\n<li>Type de bo\u00eete : Manuelle<\/li>\n<li>Nombre de rapports : 5<\/li>\n<li>Transmission : Int\u00e9grale<\/li>\n<\/ul>\n<h4><strong>Dimensions :<\/strong><\/h4>\n<ul>\n<li>Capacit\u00e9 r\u00e9servoir : 55 L<\/li>\n<li>Charge utile : 1055 Kg<\/li>\n<\/ul>\n<hr \/>\n<h2><strong>Demande de prix \/ Demande de devis pour pick-up neuf en Tunisie<\/strong><\/h2>\n<p style=\"text-align: left;\">Faites votre\u00a0demande de devis\u00a0en ligne ici et recevez gratuitement une r\u00e9ponse\u00a0de nos partenaires<\/p>\n\n<div class=\"wpcf7 no-js\" id=\"wpcf7-f454067-o1\" lang=\"fr-FR\" dir=\"ltr\" data-wpcf7-id=\"454067\">\n<div class=\"screen-reader-response\"><p role=\"status\" aria-live=\"polite\" aria-atomic=\"true\"><\/p> <ul><\/ul><\/div>\n<form action=\"\/magazine\/wp-json\/wp\/v2\/pages\/454445#wpcf7-f454067-o1\" method=\"post\" class=\"wpcf7-form init\" aria-label=\"Formulaire de contact\" novalidate=\"novalidate\" data-status=\"init\">\n<fieldset class=\"hidden-fields-container\"><input type=\"hidden\" name=\"_wpcf7\" value=\"454067\" \/><input type=\"hidden\" name=\"_wpcf7_version\" value=\"6.1.1\" \/><input type=\"hidden\" name=\"_wpcf7_locale\" value=\"fr_FR\" \/><input type=\"hidden\" name=\"_wpcf7_unit_tag\" value=\"wpcf7-f454067-o1\" \/><input type=\"hidden\" name=\"_wpcf7_container_post\" value=\"0\" \/><input type=\"hidden\" name=\"_wpcf7_posted_data_hash\" value=\"\" \/>\n<\/fieldset>\n<p>Nom et pr\u00e9nom - \u0627\u0644\u0625\u0633\u0645 \u0648 \u0627\u0644\u0644\u0642\u0628 :<br \/>\n<span class=\"wpcf7-form-control-wrap\" data-name=\"your-name\"><input size=\"40\" maxlength=\"400\" class=\"wpcf7-form-control wpcf7-text wpcf7-validates-as-required\" aria-required=\"true\" aria-invalid=\"false\" value=\"\" type=\"text\" name=\"your-name\" \/><\/span>\n<\/p>\n<p> Soci\u00e9t\u00e9 - \u0627\u0644\u0634\u0631\u0643\u0629 :<br \/>\n<span class=\"wpcf7-form-control-wrap\" data-name=\"your-ste\"><input size=\"40\" maxlength=\"400\" class=\"wpcf7-form-control wpcf7-text wpcf7-validates-as-required\" aria-required=\"true\" aria-invalid=\"false\" value=\"\" type=\"text\" name=\"your-ste\" \/><\/span>\n<\/p>\n<p>T\u00e9l\u00e9phone - \u0627\u0644\u0647\u0627\u062a\u0641 :\n<\/p>\n<p><span class=\"wpcf7-form-control-wrap\" data-name=\"your-tel\"><input size=\"40\" maxlength=\"400\" class=\"wpcf7-form-control wpcf7-tel wpcf7-validates-as-required wpcf7-text wpcf7-validates-as-tel\" aria-required=\"true\" aria-invalid=\"false\" value=\"\" type=\"tel\" name=\"your-tel\" \/><\/span>\n<\/p>\n<p>Gouvernorat - \u0627\u0644\u0648\u0644\u0627\u064a\u0629 :\n<\/p>\n<p><span class=\"wpcf7-form-control-wrap\" data-name=\"your-gouvernorat\"><select class=\"wpcf7-form-control wpcf7-select wpcf7-validates-as-required\" aria-required=\"true\" aria-invalid=\"false\" name=\"your-gouvernorat\"><option value=\"\">&#8212;Veuillez choisir une option&#8212;<\/option><option value=\"Ariana - \u0623\u0631\u064a\u0627\u0646\u0629\">Ariana - \u0623\u0631\u064a\u0627\u0646\u0629<\/option><option value=\"B\u00e9ja - \u0628\u0627\u062c\u0629\">B\u00e9ja - \u0628\u0627\u062c\u0629<\/option><option value=\"Ben Arous - \u0628\u0646 \u0639\u0631\u0648\u0633\">Ben Arous - \u0628\u0646 \u0639\u0631\u0648\u0633<\/option><option value=\"Bizerte - \u0628\u0646\u0632\u0631\u062a\">Bizerte - \u0628\u0646\u0632\u0631\u062a<\/option><option value=\"Gab\u00e8s - \u0642\u0627\u0628\u0633\">Gab\u00e8s - \u0642\u0627\u0628\u0633<\/option><option value=\"Gafsa - \u0642\u0641\u0635\u0629\">Gafsa - \u0642\u0641\u0635\u0629<\/option><option value=\"Jendouba - \u062c\u0646\u062f\u0648\u0628\u0629\">Jendouba - \u062c\u0646\u062f\u0648\u0628\u0629<\/option><option value=\"Kairouan - \u0627\u0644\u0642\u064a\u0631\u0648\u0627\u0646\">Kairouan - \u0627\u0644\u0642\u064a\u0631\u0648\u0627\u0646<\/option><option value=\"Kasserine - \u0627\u0644\u0642\u0635\u0631\u064a\u0646\">Kasserine - \u0627\u0644\u0642\u0635\u0631\u064a\u0646<\/option><option value=\"K\u00e9bili - \u0642\u0628\u0644\u064a\">K\u00e9bili - \u0642\u0628\u0644\u064a<\/option><option value=\"Le Kef - \u0627\u0644\u0643\u0627\u0641\">Le Kef - \u0627\u0644\u0643\u0627\u0641<\/option><option value=\"Mahdia - \u0627\u0644\u0645\u0647\u062f\u064a\u0629\">Mahdia - \u0627\u0644\u0645\u0647\u062f\u064a\u0629<\/option><option value=\"La Manouba - \u0645\u0646\u0648\u0628\u0629\">La Manouba - \u0645\u0646\u0648\u0628\u0629<\/option><option value=\"M\u00e9denine - \u0645\u062f\u0646\u064a\u0646\">M\u00e9denine - \u0645\u062f\u0646\u064a\u0646<\/option><option value=\"Monastir - \u0627\u0644\u0645\u0646\u0633\u062a\u064a\u0631\">Monastir - \u0627\u0644\u0645\u0646\u0633\u062a\u064a\u0631<\/option><option value=\"Nabeul - \u0646\u0627\u0628\u0644\">Nabeul - \u0646\u0627\u0628\u0644<\/option><option value=\"Sfax - \u0635\u0641\u0627\u0642\u0633\">Sfax - \u0635\u0641\u0627\u0642\u0633<\/option><option value=\"Sidi Bouzid - \u0633\u064a\u062f\u064a \u0628\u0648\u0632\u064a\u062f\">Sidi Bouzid - \u0633\u064a\u062f\u064a \u0628\u0648\u0632\u064a\u062f<\/option><option value=\"Siliana - \u0633\u0644\u064a\u0627\u0646\u0629\">Siliana - \u0633\u0644\u064a\u0627\u0646\u0629<\/option><option value=\"Sousse - \u0633\u0648\u0633\u0629\">Sousse - \u0633\u0648\u0633\u0629<\/option><option value=\"Tataouine - \u062a\u0637\u0627\u0648\u064a\u0646\">Tataouine - \u062a\u0637\u0627\u0648\u064a\u0646<\/option><option value=\"Tozeur - \u062a\u0648\u0632\u0631\">Tozeur - \u062a\u0648\u0632\u0631<\/option><option value=\"Tunis - \u062a\u0648\u0646\u0633\">Tunis - \u062a\u0648\u0646\u0633<\/option><option value=\"Zaghouan - \u0632\u063a\u0648\u0627\u0646\">Zaghouan - \u0632\u063a\u0648\u0627\u0646<\/option><\/select><\/span>\n<\/p>\n<p>Email - \u0627\u0644\u0628\u0631\u064a\u062f \u0627\u0644\u0625\u0644\u0643\u062a\u0631\u0648\u0646\u064a :\n<\/p>\n<p><span class=\"wpcf7-form-control-wrap\" data-name=\"your-email\"><input size=\"40\" maxlength=\"400\" class=\"wpcf7-form-control wpcf7-email wpcf7-validates-as-required wpcf7-text wpcf7-validates-as-email\" aria-required=\"true\" aria-invalid=\"false\" value=\"\" type=\"email\" name=\"your-email\" \/><\/span>\n<\/p>\n<p>Type - \u0627\u0644\u0646\u0648\u0639 :\n<\/p>\n<p><span class=\"wpcf7-form-control-wrap\" data-name=\"Modele\"><span class=\"wpcf7-form-control wpcf7-checkbox wpcf7-validates-as-required\"><span class=\"wpcf7-list-item first\"><label><input type=\"checkbox\" name=\"Modele[]\" value=\"2 Portes Simple Cabine\" \/><span class=\"wpcf7-list-item-label\">2 Portes Simple Cabine<\/span><\/label><\/span><span class=\"wpcf7-list-item\"><label><input type=\"checkbox\" name=\"Modele[]\" value=\"2 Portes Simple Cabine 4X4\" \/><span class=\"wpcf7-list-item-label\">2 Portes Simple Cabine 4X4<\/span><\/label><\/span><span class=\"wpcf7-list-item\"><label><input type=\"checkbox\" name=\"Modele[]\" value=\"4 Portes Double Cabine\" \/><span class=\"wpcf7-list-item-label\">4 Portes Double Cabine<\/span><\/label><\/span><span class=\"wpcf7-list-item last\"><label><input type=\"checkbox\" name=\"Modele[]\" value=\"4 Portes Double Cabine 4X4\" \/><span class=\"wpcf7-list-item-label\">4 Portes Double Cabine 4X4<\/span><\/label><\/span><\/span><\/span>\n<\/p>\n<p><span class=\"wpcf7-form-control-wrap\" data-name=\"checkbox-859\"><span class=\"wpcf7-form-control wpcf7-checkbox wpcf7-validates-as-required\"><span class=\"wpcf7-list-item first last\"><input type=\"checkbox\" name=\"checkbox-859[]\" value=\"J&#039;accepte d&#039;\u00eatre contact\u00e9(e) par les concessionnaires partenaires pour recevoir les offres commerciales.\" checked=\"checked\" \/><span class=\"wpcf7-list-item-label\">J&#039;accepte d&#039;\u00eatre contact\u00e9(e) par les concessionnaires partenaires pour recevoir les offres commerciales.<\/span><\/span><\/span><\/span>\n<\/p>\n<p><input class=\"wpcf7-form-control wpcf7-submit has-spinner\" type=\"submit\" value=\"Envoyer - \u0625\u0631\u0633\u0627\u0644\" \/>\n<\/p><p style=\"display: none !important;\" class=\"akismet-fields-container\" data-prefix=\"_wpcf7_ak_\"><label>&#916;<textarea name=\"_wpcf7_ak_hp_textarea\" cols=\"45\" rows=\"8\" maxlength=\"100\"><\/textarea><\/label><input type=\"hidden\" id=\"ak_js_1\" name=\"_wpcf7_ak_js\" value=\"21\"\/><script>document.getElementById( \"ak_js_1\" ).setAttribute( \"value\", ( new Date() ).getTime() );<\/script><\/p><div class=\"wpcf7-response-output\" aria-hidden=\"true\"><\/div>\n<\/form>\n<\/div>\n\n<p style=\"text-align: justify;\">Le <a href=\"https:\/\/motors.tn\/magazine\/prix-pick-up-neuf-en-tunisie\/prix-pick-up-isuzu-neuf-en-tunisie\/\">pick-up Isuzu<\/a> D-max 4X4 double cabine 4 portes est un vrai un pick-up 4X4. le pont rigide et les solides lames de flexion \u00e0 l\u2019arri\u00e8re, sont pratiques pour supporter la charge de la benne. Le <a href=\"https:\/\/motors.tn\/magazine\/prix-pick-up-neuf-en-tunisie\/prix-pick-up-isuzu-neuf-en-tunisie\/\">pick-up Isuzu<\/a> D-max 4X4 double cabine 4 portes a progress\u00e9 avec notamment des prises de roulis davantage contenues. Soulignons \u00e9galement l\u2019efficacit\u00e9 du syst\u00e8me tout-terrain qui apporte un vrai plus en g\u00e9rant efficacement la motricit\u00e9 et la stabilit\u00e9. En outre, le <a href=\"https:\/\/motors.tn\/magazine\/prix-pick-up-neuf-en-tunisie\/prix-pick-up-isuzu-neuf-en-tunisie\/\">pick-up Isuzu<\/a> D-max 4X4 double cabine 4 portes dispose d\u2019une transmission 4&#215;2\/4&#215;4 enclenchable, soit la possibilit\u00e9 de rouler en mode propulsion (roues arri\u00e8re) ou en quatre roues motrices gr\u00e2ce \u00e0 l\u2019action d\u2019une molette \u00e0 condition d\u2019avoir les roues droites et de rester en de\u00e7\u00e0 des 100 km\/h. Le pick-up Isuzu D-max 4X4 double cabine 4 portes est un formidable outil gr\u00e2ce \u00e0 ses capacit\u00e9s en tout-terrain. Ses atouts lui permettent de surmonter de nombreuses difficult\u00e9s. Et pour les plus exigeants, Isuzu a, bien \u00e9videmment implant\u00e9 une transmission int\u00e9grale dot\u00e9e d\u2019une gamme courte. En outre, le <a href=\"https:\/\/motors.tn\/magazine\/prix-pick-up-neuf-en-tunisie\/prix-pick-up-isuzu-neuf-en-tunisie\/\">pick-up Isuzu<\/a> D-max 4X4 double cabine 4 portes, \u00e0 l\u2019instar de ses principaux rivaux, propose des aides \u00e9lectroniques pour contr\u00f4ler la vitesse en pente (HDC pour les descentes et HSA pour les mont\u00e9es).<\/p>\n","protected":false},"excerpt":{"rendered":"<p>Prix pick-up Isuzu D-Max voiture 4X4 double cabine 4 portes neuf en Tunisie : Demande de devis en ligne, charge utile, \u00e9quipements et options, puissance moteur, caract\u00e9ristiques, photos et fiche technique. Motorisation : Nombre de cylindres : 4 Cylindr\u00e9e : 2499 cc Energie : Diesel Puissance fiscale : 8 CV Puissance maximale : 109 ch &#8230; <a title=\"Prix voiture pick-up Isuzu D-max 4X4 double cabine 4 portes neuf en Tunisie\" class=\"read-more\" href=\"https:\/\/motors.tn\/magazine\/prix-pick-up-neuf-en-tunisie\/prix-pick-up-isuzu-neuf-en-tunisie\/prix-pick-up-isuzu-dmax-4x4-double-cabine-4-portes-neuf-en-tunisie\/\" aria-label=\"En savoir plus sur Prix voiture pick-up Isuzu D-max 4X4 double cabine 4 portes neuf en Tunisie\">Lire la suite<\/a><\/p>\n","protected":false},"author":19342,"featured_media":0,"parent":454431,"menu_order":0,"comment_status":"closed","ping_status":"closed","template":"","meta":{"footnotes":""},"class_list":["post-454445","page","type-page","status-publish"],"yoast_head":"<!-- This site is optimized with the Yoast SEO plugin v25.7 - https:\/\/yoast.com\/wordpress\/plugins\/seo\/ -->\n<title>Prix voiture pick-up Isuzu D-max 4X4 double cabine 4 portes neuf en Tunisie - Motors.tn<\/title>\n<meta name=\"description\" content=\"Prix voiture pick-up Isuzu D-Max 4X4 double cabine 4 portes neuf Tunisie : pick-up voiture Isuzu D-Max \u00e0 vendre, Leasing meilleur voiture pick-up Tunisie\" \/>\n<meta name=\"robots\" content=\"index, follow, max-snippet:-1, max-image-preview:large, max-video-preview:-1\" \/>\n<link rel=\"canonical\" href=\"https:\/\/motors.tn\/magazine\/prix-pick-up-neuf-en-tunisie\/prix-pick-up-isuzu-neuf-en-tunisie\/prix-pick-up-isuzu-dmax-4x4-double-cabine-4-portes-neuf-en-tunisie\/\" \/>\n<meta property=\"og:locale\" content=\"fr_FR\" \/>\n<meta property=\"og:type\" content=\"article\" \/>\n<meta property=\"og:title\" content=\"Prix voiture pick-up Isuzu D-max 4X4 double cabine 4 portes neuf en Tunisie - Motors.tn\" \/>\n<meta property=\"og:description\" content=\"Prix voiture pick-up Isuzu D-Max 4X4 double cabine 4 portes neuf Tunisie : pick-up voiture Isuzu D-Max \u00e0 vendre, Leasing meilleur voiture pick-up Tunisie\" \/>\n<meta property=\"og:url\" content=\"https:\/\/motors.tn\/magazine\/prix-pick-up-neuf-en-tunisie\/prix-pick-up-isuzu-neuf-en-tunisie\/prix-pick-up-isuzu-dmax-4x4-double-cabine-4-portes-neuf-en-tunisie\/\" \/>\n<meta property=\"og:site_name\" content=\"Motors.tn\" \/>\n<meta property=\"article:modified_time\" content=\"2023-08-04T17:05:59+00:00\" \/>\n<meta property=\"og:image\" content=\"https:\/\/motors.tn\/magazine\/wp-content\/uploads\/2022\/05\/786dd8e3eb325115115e616873b91a86321b8521-e1652027409815.jpg\" \/>\n<meta name=\"twitter:label1\" content=\"Dur\u00e9e de lecture estim\u00e9e\" \/>\n\t<meta name=\"twitter:data1\" content=\"2 minutes\" \/>\n<script type=\"application\/ld+json\" class=\"yoast-schema-graph\">{\"@context\":\"https:\/\/schema.org\",\"@graph\":[{\"@type\":\"WebPage\",\"@id\":\"https:\/\/motors.tn\/magazine\/prix-pick-up-neuf-en-tunisie\/prix-pick-up-isuzu-neuf-en-tunisie\/prix-pick-up-isuzu-dmax-4x4-double-cabine-4-portes-neuf-en-tunisie\/\",\"url\":\"https:\/\/motors.tn\/magazine\/prix-pick-up-neuf-en-tunisie\/prix-pick-up-isuzu-neuf-en-tunisie\/prix-pick-up-isuzu-dmax-4x4-double-cabine-4-portes-neuf-en-tunisie\/\",\"name\":\"Prix voiture pick-up Isuzu D-max 4X4 double cabine 4 portes neuf en Tunisie - Motors.tn\",\"isPartOf\":{\"@id\":\"https:\/\/motors.tn\/magazine\/#website\"},\"primaryImageOfPage\":{\"@id\":\"https:\/\/motors.tn\/magazine\/prix-pick-up-neuf-en-tunisie\/prix-pick-up-isuzu-neuf-en-tunisie\/prix-pick-up-isuzu-dmax-4x4-double-cabine-4-portes-neuf-en-tunisie\/#primaryimage\"},\"image\":{\"@id\":\"https:\/\/motors.tn\/magazine\/prix-pick-up-neuf-en-tunisie\/prix-pick-up-isuzu-neuf-en-tunisie\/prix-pick-up-isuzu-dmax-4x4-double-cabine-4-portes-neuf-en-tunisie\/#primaryimage\"},\"thumbnailUrl\":\"http:\/\/motors.tn\/magazine\/wp-content\/uploads\/2023\/06\/dmax-e1652027818270.png.webp\",\"datePublished\":\"2022-04-21T18:46:38+00:00\",\"dateModified\":\"2023-08-04T17:05:59+00:00\",\"description\":\"Prix voiture pick-up Isuzu D-Max 4X4 double cabine 4 portes neuf Tunisie : pick-up voiture Isuzu D-Max \u00e0 vendre, Leasing meilleur voiture pick-up Tunisie\",\"breadcrumb\":{\"@id\":\"https:\/\/motors.tn\/magazine\/prix-pick-up-neuf-en-tunisie\/prix-pick-up-isuzu-neuf-en-tunisie\/prix-pick-up-isuzu-dmax-4x4-double-cabine-4-portes-neuf-en-tunisie\/#breadcrumb\"},\"inLanguage\":\"fr-FR\",\"potentialAction\":[{\"@type\":\"ReadAction\",\"target\":[\"https:\/\/motors.tn\/magazine\/prix-pick-up-neuf-en-tunisie\/prix-pick-up-isuzu-neuf-en-tunisie\/prix-pick-up-isuzu-dmax-4x4-double-cabine-4-portes-neuf-en-tunisie\/\"]}]},{\"@type\":\"ImageObject\",\"inLanguage\":\"fr-FR\",\"@id\":\"https:\/\/motors.tn\/magazine\/prix-pick-up-neuf-en-tunisie\/prix-pick-up-isuzu-neuf-en-tunisie\/prix-pick-up-isuzu-dmax-4x4-double-cabine-4-portes-neuf-en-tunisie\/#primaryimage\",\"url\":\"https:\/\/motors.tn\/magazine\/wp-content\/uploads\/2023\/06\/dmax-e1652027818270.png.webp\",\"contentUrl\":\"https:\/\/motors.tn\/magazine\/wp-content\/uploads\/2023\/06\/dmax-e1652027818270.png.webp\",\"width\":578,\"height\":358},{\"@type\":\"BreadcrumbList\",\"@id\":\"https:\/\/motors.tn\/magazine\/prix-pick-up-neuf-en-tunisie\/prix-pick-up-isuzu-neuf-en-tunisie\/prix-pick-up-isuzu-dmax-4x4-double-cabine-4-portes-neuf-en-tunisie\/#breadcrumb\",\"itemListElement\":[{\"@type\":\"ListItem\",\"position\":1,\"name\":\"Motors.tn\",\"item\":\"https:\/\/motors.tn\/magazine\/\"},{\"@type\":\"ListItem\",\"position\":2,\"name\":\"Prix pick-up neuf en Tunisie\",\"item\":\"https:\/\/motors.tn\/magazine\/prix-pick-up-neuf-en-tunisie\/\"},{\"@type\":\"ListItem\",\"position\":3,\"name\":\"Prix voiture pick-up Isuzu neuf en Tunisie\",\"item\":\"https:\/\/motors.tn\/magazine\/prix-pick-up-neuf-en-tunisie\/prix-pick-up-isuzu-neuf-en-tunisie\/\"},{\"@type\":\"ListItem\",\"position\":4,\"name\":\"Prix voiture pick-up Isuzu D-max 4X4 double cabine 4 portes neuf en Tunisie\"}]},{\"@type\":\"WebSite\",\"@id\":\"https:\/\/motors.tn\/magazine\/#website\",\"url\":\"https:\/\/motors.tn\/magazine\/\",\"name\":\"Motors.tn\",\"description\":\"Actualit\u00e9, prix du neuf et guide d&#039;achat\",\"publisher\":{\"@id\":\"https:\/\/motors.tn\/magazine\/#organization\"},\"potentialAction\":[{\"@type\":\"SearchAction\",\"target\":{\"@type\":\"EntryPoint\",\"urlTemplate\":\"https:\/\/motors.tn\/magazine\/?s={search_term_string}\"},\"query-input\":{\"@type\":\"PropertyValueSpecification\",\"valueRequired\":true,\"valueName\":\"search_term_string\"}}],\"inLanguage\":\"fr-FR\"},{\"@type\":\"Organization\",\"@id\":\"https:\/\/motors.tn\/magazine\/#organization\",\"name\":\"Strat\u00e9gie Digitale\",\"url\":\"https:\/\/motors.tn\/magazine\/\",\"logo\":{\"@type\":\"ImageObject\",\"inLanguage\":\"fr-FR\",\"@id\":\"https:\/\/motors.tn\/magazine\/#\/schema\/logo\/image\/\",\"url\":\"https:\/\/motors.tn\/magazine\/wp-content\/uploads\/2020\/05\/cropped-cropped-logo9bleu.png\",\"contentUrl\":\"https:\/\/motors.tn\/magazine\/wp-content\/uploads\/2020\/05\/cropped-cropped-logo9bleu.png\",\"width\":277,\"height\":44,\"caption\":\"Strat\u00e9gie Digitale\"},\"image\":{\"@id\":\"https:\/\/motors.tn\/magazine\/#\/schema\/logo\/image\/\"}}]}<\/script>\n<!-- \/ Yoast SEO plugin. -->","yoast_head_json":{"title":"Prix voiture pick-up Isuzu D-max 4X4 double cabine 4 portes neuf en Tunisie - Motors.tn","description":"Prix voiture pick-up Isuzu D-Max 4X4 double cabine 4 portes neuf Tunisie : pick-up voiture Isuzu D-Max \u00e0 vendre, Leasing meilleur voiture pick-up Tunisie","robots":{"index":"index","follow":"follow","max-snippet":"max-snippet:-1","max-image-preview":"max-image-preview:large","max-video-preview":"max-video-preview:-1"},"canonical":"https:\/\/motors.tn\/magazine\/prix-pick-up-neuf-en-tunisie\/prix-pick-up-isuzu-neuf-en-tunisie\/prix-pick-up-isuzu-dmax-4x4-double-cabine-4-portes-neuf-en-tunisie\/","og_locale":"fr_FR","og_type":"article","og_title":"Prix voiture pick-up Isuzu D-max 4X4 double cabine 4 portes neuf en Tunisie - Motors.tn","og_description":"Prix voiture pick-up Isuzu D-Max 4X4 double cabine 4 portes neuf Tunisie : pick-up voiture Isuzu D-Max \u00e0 vendre, Leasing meilleur voiture pick-up Tunisie","og_url":"https:\/\/motors.tn\/magazine\/prix-pick-up-neuf-en-tunisie\/prix-pick-up-isuzu-neuf-en-tunisie\/prix-pick-up-isuzu-dmax-4x4-double-cabine-4-portes-neuf-en-tunisie\/","og_site_name":"Motors.tn","article_modified_time":"2023-08-04T17:05:59+00:00","og_image":[{"url":"https:\/\/motors.tn\/magazine\/wp-content\/uploads\/2022\/05\/786dd8e3eb325115115e616873b91a86321b8521-e1652027409815.jpg","type":"","width":"","height":""}],"twitter_misc":{"Dur\u00e9e de lecture estim\u00e9e":"2 minutes"},"schema":{"@context":"https:\/\/schema.org","@graph":[{"@type":"WebPage","@id":"https:\/\/motors.tn\/magazine\/prix-pick-up-neuf-en-tunisie\/prix-pick-up-isuzu-neuf-en-tunisie\/prix-pick-up-isuzu-dmax-4x4-double-cabine-4-portes-neuf-en-tunisie\/","url":"https:\/\/motors.tn\/magazine\/prix-pick-up-neuf-en-tunisie\/prix-pick-up-isuzu-neuf-en-tunisie\/prix-pick-up-isuzu-dmax-4x4-double-cabine-4-portes-neuf-en-tunisie\/","name":"Prix voiture pick-up Isuzu D-max 4X4 double cabine 4 portes neuf en Tunisie - Motors.tn","isPartOf":{"@id":"https:\/\/motors.tn\/magazine\/#website"},"primaryImageOfPage":{"@id":"https:\/\/motors.tn\/magazine\/prix-pick-up-neuf-en-tunisie\/prix-pick-up-isuzu-neuf-en-tunisie\/prix-pick-up-isuzu-dmax-4x4-double-cabine-4-portes-neuf-en-tunisie\/#primaryimage"},"image":{"@id":"https:\/\/motors.tn\/magazine\/prix-pick-up-neuf-en-tunisie\/prix-pick-up-isuzu-neuf-en-tunisie\/prix-pick-up-isuzu-dmax-4x4-double-cabine-4-portes-neuf-en-tunisie\/#primaryimage"},"thumbnailUrl":"http:\/\/motors.tn\/magazine\/wp-content\/uploads\/2023\/06\/dmax-e1652027818270.png.webp","datePublished":"2022-04-21T18:46:38+00:00","dateModified":"2023-08-04T17:05:59+00:00","description":"Prix voiture pick-up Isuzu D-Max 4X4 double cabine 4 portes neuf Tunisie : pick-up voiture Isuzu D-Max \u00e0 vendre, Leasing meilleur voiture pick-up Tunisie","breadcrumb":{"@id":"https:\/\/motors.tn\/magazine\/prix-pick-up-neuf-en-tunisie\/prix-pick-up-isuzu-neuf-en-tunisie\/prix-pick-up-isuzu-dmax-4x4-double-cabine-4-portes-neuf-en-tunisie\/#breadcrumb"},"inLanguage":"fr-FR","potentialAction":[{"@type":"ReadAction","target":["https:\/\/motors.tn\/magazine\/prix-pick-up-neuf-en-tunisie\/prix-pick-up-isuzu-neuf-en-tunisie\/prix-pick-up-isuzu-dmax-4x4-double-cabine-4-portes-neuf-en-tunisie\/"]}]},{"@type":"ImageObject","inLanguage":"fr-FR","@id":"https:\/\/motors.tn\/magazine\/prix-pick-up-neuf-en-tunisie\/prix-pick-up-isuzu-neuf-en-tunisie\/prix-pick-up-isuzu-dmax-4x4-double-cabine-4-portes-neuf-en-tunisie\/#primaryimage","url":"https:\/\/motors.tn\/magazine\/wp-content\/uploads\/2023\/06\/dmax-e1652027818270.png.webp","contentUrl":"https:\/\/motors.tn\/magazine\/wp-content\/uploads\/2023\/06\/dmax-e1652027818270.png.webp","width":578,"height":358},{"@type":"BreadcrumbList","@id":"https:\/\/motors.tn\/magazine\/prix-pick-up-neuf-en-tunisie\/prix-pick-up-isuzu-neuf-en-tunisie\/prix-pick-up-isuzu-dmax-4x4-double-cabine-4-portes-neuf-en-tunisie\/#breadcrumb","itemListElement":[{"@type":"ListItem","position":1,"name":"Motors.tn","item":"https:\/\/motors.tn\/magazine\/"},{"@type":"ListItem","position":2,"name":"Prix pick-up neuf en Tunisie","item":"https:\/\/motors.tn\/magazine\/prix-pick-up-neuf-en-tunisie\/"},{"@type":"ListItem","position":3,"name":"Prix voiture pick-up Isuzu neuf en Tunisie","item":"https:\/\/motors.tn\/magazine\/prix-pick-up-neuf-en-tunisie\/prix-pick-up-isuzu-neuf-en-tunisie\/"},{"@type":"ListItem","position":4,"name":"Prix voiture pick-up Isuzu D-max 4X4 double cabine 4 portes neuf en Tunisie"}]},{"@type":"WebSite","@id":"https:\/\/motors.tn\/magazine\/#website","url":"https:\/\/motors.tn\/magazine\/","name":"Motors.tn","description":"Actualit\u00e9, prix du neuf et guide d&#039;achat","publisher":{"@id":"https:\/\/motors.tn\/magazine\/#organization"},"potentialAction":[{"@type":"SearchAction","target":{"@type":"EntryPoint","urlTemplate":"https:\/\/motors.tn\/magazine\/?s={search_term_string}"},"query-input":{"@type":"PropertyValueSpecification","valueRequired":true,"valueName":"search_term_string"}}],"inLanguage":"fr-FR"},{"@type":"Organization","@id":"https:\/\/motors.tn\/magazine\/#organization","name":"Strat\u00e9gie Digitale","url":"https:\/\/motors.tn\/magazine\/","logo":{"@type":"ImageObject","inLanguage":"fr-FR","@id":"https:\/\/motors.tn\/magazine\/#\/schema\/logo\/image\/","url":"https:\/\/motors.tn\/magazine\/wp-content\/uploads\/2020\/05\/cropped-cropped-logo9bleu.png","contentUrl":"https:\/\/motors.tn\/magazine\/wp-content\/uploads\/2020\/05\/cropped-cropped-logo9bleu.png","width":277,"height":44,"caption":"Strat\u00e9gie Digitale"},"image":{"@id":"https:\/\/motors.tn\/magazine\/#\/schema\/logo\/image\/"}}]}},"_links":{"self":[{"href":"https:\/\/motors.tn\/magazine\/wp-json\/wp\/v2\/pages\/454445","targetHints":{"allow":["GET"]}}],"collection":[{"href":"https:\/\/motors.tn\/magazine\/wp-json\/wp\/v2\/pages"}],"about":[{"href":"https:\/\/motors.tn\/magazine\/wp-json\/wp\/v2\/types\/page"}],"author":[{"embeddable":true,"href":"https:\/\/motors.tn\/magazine\/wp-json\/wp\/v2\/users\/19342"}],"replies":[{"embeddable":true,"href":"https:\/\/motors.tn\/magazine\/wp-json\/wp\/v2\/comments?post=454445"}],"version-history":[{"count":0,"href":"https:\/\/motors.tn\/magazine\/wp-json\/wp\/v2\/pages\/454445\/revisions"}],"up":[{"embeddable":true,"href":"https:\/\/motors.tn\/magazine\/wp-json\/wp\/v2\/pages\/454431"}],"wp:attachment":[{"href":"https:\/\/motors.tn\/magazine\/wp-json\/wp\/v2\/media?parent=454445"}],"curies":[{"name":"wp","href":"https:\/\/api.w.org\/{rel}","templated":true}]}}