{"id":459911,"date":"2022-06-26T12:48:11","date_gmt":"2022-06-26T11:48:11","guid":{"rendered":"https:\/\/motors.tn\/magazine\/?page_id=459911"},"modified":"2022-06-26T13:04:26","modified_gmt":"2022-06-26T12:04:26","slug":"prix-tractopelle-manitou-neuve-en-tunisie","status":"publish","type":"page","link":"https:\/\/motors.tn\/magazine\/prix-tractopelle-neuve-en-tunisie\/prix-tractopelle-manitou-neuve-en-tunisie\/","title":{"rendered":"Prix tractopelle Manitou neuve en Tunisie"},"content":{"rendered":"<p><a href=\"https:\/\/motors.tn\/magazine\/prix-tractopelle-neuve-en-tunisie\/\">Prix tractopelle<\/a> Manitou neuve en Tunisie :<\/p>\n<ul>\n<li><a href=\"https:\/\/motors.tn\/magazine\/prix-tractopelle-neuve-en-tunisie\/prix-tractopelle-mahindra-neuve-en-tunisie\/prix-tractopelle-manitou-mbl-x920-neuve-en-tunisie\/\">Prix tractopelle Manitou MBL X920 neuve en Tunisie<\/a><\/li>\n<\/ul>\n<p>&nbsp;<\/p>\n<div id='gallery-1' class='gallery galleryid-459911 gallery-columns-1 gallery-size-full'><figure class='gallery-item'>\n\t\t\t<div class='gallery-icon landscape'>\n\t\t\t\t<a href='https:\/\/motors.tn\/magazine\/prix-tractopelle-neuve-en-tunisie\/prix-tractopelle-manitou-neuve-en-tunisie\/prix-tractopelle-manitou-mbl-x920-neuve-en-tunisie\/attachment\/manitou\/#main'><img decoding=\"async\" width=\"350\" height=\"212\" src=\"https:\/\/motors.tn\/magazine\/wp-content\/uploads\/2022\/06\/manitou-e1656244195809.png\" class=\"attachment-full size-full\" alt=\"\" aria-describedby=\"gallery-1-459913\" \/><\/a>\n\t\t\t<\/div>\n\t\t\t\t<figcaption class='wp-caption-text gallery-caption' id='gallery-1-459913'>\n\t\t\t\tManitou MBL X920\n\t\t\t\t<\/figcaption><\/figure>\n\t\t<\/div>\n\n<section class=\"km-banner-highlighted km-banner-placeholder\" data-webid=\"highlightedBanner\">\n<div class=\"container km-bg-gray-mobile\">\n<div class=\"row\">\n<div class=\"col-md-12\">\n<div class=\"km-img-block-placeholder__large\">\n<div class=\"km-text-block-placeholder km--left\">\n<div class=\"km-text-block-body km-mb-20\">Manitou Group\u00a0est une entreprise fran\u00e7aise bas\u00e9e en Loire-Atlantique, sp\u00e9cialis\u00e9e dans la fabrication d\u2019engins de manutention, d\u2019\u00e9l\u00e9vation et de terrassement pour l\u2019agriculture, la construction et les industries. Les machines Manitou, telles que les nacelles \u00e9l\u00e9vatrices ou\u00a0les\u00a0chariots \u00e0 m\u00e2t,\u00a0sont \u00e9galement utilis\u00e9es dans des secteurs comme l\u2019a\u00e9ronautique, la d\u00e9fense, l\u2019environnement, l\u2019industrie mini\u00e8re\u2026\u00a0Fort d\u2019une exp\u00e9rience de plus de 60 ans reposant sur une innovation permanente, Manitou propose des machines ergonomiques et maniables qui r\u00e9pondent \u00e0 toutes vos exigences, avec un haut niveau de s\u00e9curit\u00e9, de confort et de performance.<\/div>\n<div><\/div>\n<\/div>\n<\/div>\n<\/div>\n<\/div>\n<\/div>\n<\/section>\n<hr \/>\n<h2><strong>Demande de prix \/ Demande de devis pour tractopelle neuve en Tunisie\u00a0<\/strong><\/h2>\n<p style=\"text-align: left;\">Faites votre demande de devis en ligne ici et recevez gratuitement une r\u00e9ponse de nos partenaires :<\/p>\n\n<div class=\"wpcf7 no-js\" id=\"wpcf7-f445362-o1\" lang=\"fr-FR\" dir=\"ltr\" data-wpcf7-id=\"445362\">\n<div class=\"screen-reader-response\"><p role=\"status\" aria-live=\"polite\" aria-atomic=\"true\"><\/p> <ul><\/ul><\/div>\n<form action=\"\/magazine\/wp-json\/wp\/v2\/pages\/459911#wpcf7-f445362-o1\" method=\"post\" class=\"wpcf7-form init\" aria-label=\"Formulaire de contact\" novalidate=\"novalidate\" data-status=\"init\">\n<fieldset class=\"hidden-fields-container\"><input type=\"hidden\" name=\"_wpcf7\" value=\"445362\" \/><input type=\"hidden\" name=\"_wpcf7_version\" value=\"6.1.1\" \/><input type=\"hidden\" name=\"_wpcf7_locale\" value=\"fr_FR\" \/><input type=\"hidden\" name=\"_wpcf7_unit_tag\" value=\"wpcf7-f445362-o1\" \/><input type=\"hidden\" name=\"_wpcf7_container_post\" value=\"0\" \/><input type=\"hidden\" name=\"_wpcf7_posted_data_hash\" value=\"\" \/>\n<\/fieldset>\n<p>Nom et pr\u00e9nom - \u0627\u0644\u0625\u0633\u0645 \u0648 \u0627\u0644\u0644\u0642\u0628 :<br \/>\n<span class=\"wpcf7-form-control-wrap\" data-name=\"your-name\"><input size=\"40\" maxlength=\"400\" class=\"wpcf7-form-control wpcf7-text wpcf7-validates-as-required\" aria-required=\"true\" aria-invalid=\"false\" value=\"\" type=\"text\" name=\"your-name\" \/><\/span>\n<\/p>\n<p> Soci\u00e9t\u00e9 - \u0627\u0644\u0634\u0631\u0643\u0629 :<br \/>\n<span class=\"wpcf7-form-control-wrap\" data-name=\"your-ste\"><input size=\"40\" maxlength=\"400\" class=\"wpcf7-form-control wpcf7-text wpcf7-validates-as-required\" aria-required=\"true\" aria-invalid=\"false\" value=\"\" type=\"text\" name=\"your-ste\" \/><\/span>\n<\/p>\n<p>T\u00e9l\u00e9phone - \u0627\u0644\u0647\u0627\u062a\u0641 :\n<\/p>\n<p><span class=\"wpcf7-form-control-wrap\" data-name=\"your-tel\"><input size=\"40\" maxlength=\"400\" class=\"wpcf7-form-control wpcf7-tel wpcf7-validates-as-required wpcf7-text wpcf7-validates-as-tel\" aria-required=\"true\" aria-invalid=\"false\" value=\"\" type=\"tel\" name=\"your-tel\" \/><\/span>\n<\/p>\n<p>Gouvernorat - \u0627\u0644\u0648\u0644\u0627\u064a\u0629 :\n<\/p>\n<p><span class=\"wpcf7-form-control-wrap\" data-name=\"your-gouvernorat\"><select class=\"wpcf7-form-control wpcf7-select wpcf7-validates-as-required\" aria-required=\"true\" aria-invalid=\"false\" name=\"your-gouvernorat\"><option value=\"\">&#8212;Veuillez choisir une option&#8212;<\/option><option value=\"Ariana - \u0623\u0631\u064a\u0627\u0646\u0629\">Ariana - \u0623\u0631\u064a\u0627\u0646\u0629<\/option><option value=\"B\u00e9ja - \u0628\u0627\u062c\u0629\">B\u00e9ja - \u0628\u0627\u062c\u0629<\/option><option value=\"Ben Arous - \u0628\u0646 \u0639\u0631\u0648\u0633\">Ben Arous - \u0628\u0646 \u0639\u0631\u0648\u0633<\/option><option value=\"Bizerte - \u0628\u0646\u0632\u0631\u062a\">Bizerte - \u0628\u0646\u0632\u0631\u062a<\/option><option value=\"Gab\u00e8s - \u0642\u0627\u0628\u0633\">Gab\u00e8s - \u0642\u0627\u0628\u0633<\/option><option value=\"Gafsa - \u0642\u0641\u0635\u0629\">Gafsa - \u0642\u0641\u0635\u0629<\/option><option value=\"Jendouba - \u062c\u0646\u062f\u0648\u0628\u0629\">Jendouba - \u062c\u0646\u062f\u0648\u0628\u0629<\/option><option value=\"Kairouan - \u0627\u0644\u0642\u064a\u0631\u0648\u0627\u0646\">Kairouan - \u0627\u0644\u0642\u064a\u0631\u0648\u0627\u0646<\/option><option value=\"Kasserine - \u0627\u0644\u0642\u0635\u0631\u064a\u0646\">Kasserine - \u0627\u0644\u0642\u0635\u0631\u064a\u0646<\/option><option value=\"K\u00e9bili - \u0642\u0628\u0644\u064a\">K\u00e9bili - \u0642\u0628\u0644\u064a<\/option><option value=\"Le Kef - \u0627\u0644\u0643\u0627\u0641\">Le Kef - \u0627\u0644\u0643\u0627\u0641<\/option><option value=\"Mahdia - \u0627\u0644\u0645\u0647\u062f\u064a\u0629\">Mahdia - \u0627\u0644\u0645\u0647\u062f\u064a\u0629<\/option><option value=\"La Manouba - \u0645\u0646\u0648\u0628\u0629\">La Manouba - \u0645\u0646\u0648\u0628\u0629<\/option><option value=\"M\u00e9denine - \u0645\u062f\u0646\u064a\u0646\">M\u00e9denine - \u0645\u062f\u0646\u064a\u0646<\/option><option value=\"Monastir - \u0627\u0644\u0645\u0646\u0633\u062a\u064a\u0631\">Monastir - \u0627\u0644\u0645\u0646\u0633\u062a\u064a\u0631<\/option><option value=\"Nabeul - \u0646\u0627\u0628\u0644\">Nabeul - \u0646\u0627\u0628\u0644<\/option><option value=\"Sfax - \u0635\u0641\u0627\u0642\u0633\">Sfax - \u0635\u0641\u0627\u0642\u0633<\/option><option value=\"Sidi Bouzid - \u0633\u064a\u062f\u064a \u0628\u0648\u0632\u064a\u062f\">Sidi Bouzid - \u0633\u064a\u062f\u064a \u0628\u0648\u0632\u064a\u062f<\/option><option value=\"Siliana - \u0633\u0644\u064a\u0627\u0646\u0629\">Siliana - \u0633\u0644\u064a\u0627\u0646\u0629<\/option><option value=\"Sousse - \u0633\u0648\u0633\u0629\">Sousse - \u0633\u0648\u0633\u0629<\/option><option value=\"Tataouine - \u062a\u0637\u0627\u0648\u064a\u0646\">Tataouine - \u062a\u0637\u0627\u0648\u064a\u0646<\/option><option value=\"Tozeur - \u062a\u0648\u0632\u0631\">Tozeur - \u062a\u0648\u0632\u0631<\/option><option value=\"Tunis - \u062a\u0648\u0646\u0633\">Tunis - \u062a\u0648\u0646\u0633<\/option><option value=\"Zaghouan - \u0632\u063a\u0648\u0627\u0646\">Zaghouan - \u0632\u063a\u0648\u0627\u0646<\/option><\/select><\/span>\n<\/p>\n<p>Email - \u0627\u0644\u0628\u0631\u064a\u062f \u0627\u0644\u0625\u0644\u0643\u062a\u0631\u0648\u0646\u064a :\n<\/p>\n<p><span class=\"wpcf7-form-control-wrap\" data-name=\"your-email\"><input size=\"40\" maxlength=\"400\" class=\"wpcf7-form-control wpcf7-email wpcf7-validates-as-required wpcf7-text wpcf7-validates-as-email\" aria-required=\"true\" aria-invalid=\"false\" value=\"\" type=\"email\" name=\"your-email\" \/><\/span>\n<\/p>\n<p><span class=\"wpcf7-form-control-wrap\" data-name=\"checkbox-859\"><span class=\"wpcf7-form-control wpcf7-checkbox wpcf7-validates-as-required\"><span class=\"wpcf7-list-item first last\"><input type=\"checkbox\" name=\"checkbox-859[]\" value=\"J&#039;accepte d&#039;\u00eatre contact\u00e9(e) par les concessionnaires partenaires pour recevoir les offres commerciales.\" checked=\"checked\" \/><span class=\"wpcf7-list-item-label\">J&#039;accepte d&#039;\u00eatre contact\u00e9(e) par les concessionnaires partenaires pour recevoir les offres commerciales.<\/span><\/span><\/span><\/span>\n<\/p>\n<p><input class=\"wpcf7-form-control wpcf7-submit has-spinner\" type=\"submit\" value=\"Envoyer - \u0625\u0631\u0633\u0627\u0644\" \/>\n<\/p><p style=\"display: none !important;\" class=\"akismet-fields-container\" data-prefix=\"_wpcf7_ak_\"><label>&#916;<textarea name=\"_wpcf7_ak_hp_textarea\" cols=\"45\" rows=\"8\" maxlength=\"100\"><\/textarea><\/label><input type=\"hidden\" id=\"ak_js_1\" name=\"_wpcf7_ak_js\" value=\"203\"\/><script>document.getElementById( \"ak_js_1\" ).setAttribute( \"value\", ( new Date() ).getTime() );<\/script><\/p><div class=\"wpcf7-response-output\" aria-hidden=\"true\"><\/div>\n<\/form>\n<\/div>\n\n","protected":false},"excerpt":{"rendered":"<p>Prix tractopelle Manitou neuve en Tunisie : Prix tractopelle Manitou MBL X920 neuve en Tunisie &nbsp; Manitou Group\u00a0est une entreprise fran\u00e7aise bas\u00e9e en Loire-Atlantique, sp\u00e9cialis\u00e9e dans la fabrication d\u2019engins de manutention, d\u2019\u00e9l\u00e9vation et de terrassement pour l\u2019agriculture, la construction et les industries. Les machines Manitou, telles que les nacelles \u00e9l\u00e9vatrices ou\u00a0les\u00a0chariots \u00e0 m\u00e2t,\u00a0sont \u00e9galement utilis\u00e9es &#8230; <a title=\"Prix tractopelle Manitou neuve en Tunisie\" class=\"read-more\" href=\"https:\/\/motors.tn\/magazine\/prix-tractopelle-neuve-en-tunisie\/prix-tractopelle-manitou-neuve-en-tunisie\/\" aria-label=\"En savoir plus sur Prix tractopelle Manitou neuve en Tunisie\">Lire la suite<\/a><\/p>\n","protected":false},"author":19342,"featured_media":0,"parent":445358,"menu_order":0,"comment_status":"closed","ping_status":"closed","template":"","meta":{"footnotes":""},"class_list":["post-459911","page","type-page","status-publish"],"yoast_head":"<!-- This site is optimized with the Yoast SEO plugin v25.7 - https:\/\/yoast.com\/wordpress\/plugins\/seo\/ -->\n<title>Prix tractopelle Manitou neuve en Tunisie - Motors.tn<\/title>\n<meta name=\"description\" content=\"Prix tractopelle Manitou neuve en Tunisie : Tractopelle trax Manitou \u00e0 vendre en Tunisie, tractopelle trax Manitou leasing Tunisie\" \/>\n<meta name=\"robots\" content=\"index, follow, max-snippet:-1, max-image-preview:large, max-video-preview:-1\" \/>\n<link rel=\"canonical\" href=\"https:\/\/motors.tn\/magazine\/prix-tractopelle-neuve-en-tunisie\/prix-tractopelle-manitou-neuve-en-tunisie\/\" \/>\n<meta property=\"og:locale\" content=\"fr_FR\" \/>\n<meta property=\"og:type\" content=\"article\" \/>\n<meta property=\"og:title\" content=\"Prix tractopelle Manitou neuve en Tunisie - Motors.tn\" \/>\n<meta property=\"og:description\" content=\"Prix tractopelle Manitou neuve en Tunisie : Tractopelle trax Manitou \u00e0 vendre en Tunisie, tractopelle trax Manitou leasing Tunisie\" \/>\n<meta property=\"og:url\" content=\"https:\/\/motors.tn\/magazine\/prix-tractopelle-neuve-en-tunisie\/prix-tractopelle-manitou-neuve-en-tunisie\/\" \/>\n<meta property=\"og:site_name\" content=\"Motors.tn\" \/>\n<meta property=\"article:modified_time\" content=\"2022-06-26T12:04:26+00:00\" \/>\n<meta property=\"og:image\" content=\"https:\/\/motors.tn\/magazine\/wp-content\/uploads\/2022\/06\/manitou-e1656244195809.png\" \/>\n<meta name=\"twitter:label1\" content=\"Dur\u00e9e de lecture estim\u00e9e\" \/>\n\t<meta name=\"twitter:data1\" content=\"1 minute\" \/>\n<script type=\"application\/ld+json\" class=\"yoast-schema-graph\">{\"@context\":\"https:\/\/schema.org\",\"@graph\":[{\"@type\":\"WebPage\",\"@id\":\"https:\/\/motors.tn\/magazine\/prix-tractopelle-neuve-en-tunisie\/prix-tractopelle-manitou-neuve-en-tunisie\/\",\"url\":\"https:\/\/motors.tn\/magazine\/prix-tractopelle-neuve-en-tunisie\/prix-tractopelle-manitou-neuve-en-tunisie\/\",\"name\":\"Prix tractopelle Manitou neuve en Tunisie - Motors.tn\",\"isPartOf\":{\"@id\":\"https:\/\/motors.tn\/magazine\/#website\"},\"datePublished\":\"2022-06-26T11:48:11+00:00\",\"dateModified\":\"2022-06-26T12:04:26+00:00\",\"description\":\"Prix tractopelle Manitou neuve en Tunisie : Tractopelle trax Manitou \u00e0 vendre en Tunisie, tractopelle trax Manitou leasing Tunisie\",\"breadcrumb\":{\"@id\":\"https:\/\/motors.tn\/magazine\/prix-tractopelle-neuve-en-tunisie\/prix-tractopelle-manitou-neuve-en-tunisie\/#breadcrumb\"},\"inLanguage\":\"fr-FR\",\"potentialAction\":[{\"@type\":\"ReadAction\",\"target\":[\"https:\/\/motors.tn\/magazine\/prix-tractopelle-neuve-en-tunisie\/prix-tractopelle-manitou-neuve-en-tunisie\/\"]}]},{\"@type\":\"BreadcrumbList\",\"@id\":\"https:\/\/motors.tn\/magazine\/prix-tractopelle-neuve-en-tunisie\/prix-tractopelle-manitou-neuve-en-tunisie\/#breadcrumb\",\"itemListElement\":[{\"@type\":\"ListItem\",\"position\":1,\"name\":\"Motors.tn\",\"item\":\"https:\/\/motors.tn\/magazine\/\"},{\"@type\":\"ListItem\",\"position\":2,\"name\":\"Prix tractopelle neuve en Tunisie\",\"item\":\"https:\/\/motors.tn\/magazine\/prix-tractopelle-neuve-en-tunisie\/\"},{\"@type\":\"ListItem\",\"position\":3,\"name\":\"Prix tractopelle Manitou neuve en Tunisie\"}]},{\"@type\":\"WebSite\",\"@id\":\"https:\/\/motors.tn\/magazine\/#website\",\"url\":\"https:\/\/motors.tn\/magazine\/\",\"name\":\"Motors.tn\",\"description\":\"Actualit\u00e9, prix du neuf et guide d&#039;achat\",\"publisher\":{\"@id\":\"https:\/\/motors.tn\/magazine\/#organization\"},\"potentialAction\":[{\"@type\":\"SearchAction\",\"target\":{\"@type\":\"EntryPoint\",\"urlTemplate\":\"https:\/\/motors.tn\/magazine\/?s={search_term_string}\"},\"query-input\":{\"@type\":\"PropertyValueSpecification\",\"valueRequired\":true,\"valueName\":\"search_term_string\"}}],\"inLanguage\":\"fr-FR\"},{\"@type\":\"Organization\",\"@id\":\"https:\/\/motors.tn\/magazine\/#organization\",\"name\":\"Strat\u00e9gie Digitale\",\"url\":\"https:\/\/motors.tn\/magazine\/\",\"logo\":{\"@type\":\"ImageObject\",\"inLanguage\":\"fr-FR\",\"@id\":\"https:\/\/motors.tn\/magazine\/#\/schema\/logo\/image\/\",\"url\":\"https:\/\/motors.tn\/magazine\/wp-content\/uploads\/2020\/05\/cropped-cropped-logo9bleu.png\",\"contentUrl\":\"https:\/\/motors.tn\/magazine\/wp-content\/uploads\/2020\/05\/cropped-cropped-logo9bleu.png\",\"width\":277,\"height\":44,\"caption\":\"Strat\u00e9gie Digitale\"},\"image\":{\"@id\":\"https:\/\/motors.tn\/magazine\/#\/schema\/logo\/image\/\"}}]}<\/script>\n<!-- \/ Yoast SEO plugin. -->","yoast_head_json":{"title":"Prix tractopelle Manitou neuve en Tunisie - Motors.tn","description":"Prix tractopelle Manitou neuve en Tunisie : Tractopelle trax Manitou \u00e0 vendre en Tunisie, tractopelle trax Manitou leasing Tunisie","robots":{"index":"index","follow":"follow","max-snippet":"max-snippet:-1","max-image-preview":"max-image-preview:large","max-video-preview":"max-video-preview:-1"},"canonical":"https:\/\/motors.tn\/magazine\/prix-tractopelle-neuve-en-tunisie\/prix-tractopelle-manitou-neuve-en-tunisie\/","og_locale":"fr_FR","og_type":"article","og_title":"Prix tractopelle Manitou neuve en Tunisie - Motors.tn","og_description":"Prix tractopelle Manitou neuve en Tunisie : Tractopelle trax Manitou \u00e0 vendre en Tunisie, tractopelle trax Manitou leasing Tunisie","og_url":"https:\/\/motors.tn\/magazine\/prix-tractopelle-neuve-en-tunisie\/prix-tractopelle-manitou-neuve-en-tunisie\/","og_site_name":"Motors.tn","article_modified_time":"2022-06-26T12:04:26+00:00","og_image":[{"url":"https:\/\/motors.tn\/magazine\/wp-content\/uploads\/2022\/06\/manitou-e1656244195809.png","type":"","width":"","height":""}],"twitter_misc":{"Dur\u00e9e de lecture estim\u00e9e":"1 minute"},"schema":{"@context":"https:\/\/schema.org","@graph":[{"@type":"WebPage","@id":"https:\/\/motors.tn\/magazine\/prix-tractopelle-neuve-en-tunisie\/prix-tractopelle-manitou-neuve-en-tunisie\/","url":"https:\/\/motors.tn\/magazine\/prix-tractopelle-neuve-en-tunisie\/prix-tractopelle-manitou-neuve-en-tunisie\/","name":"Prix tractopelle Manitou neuve en Tunisie - Motors.tn","isPartOf":{"@id":"https:\/\/motors.tn\/magazine\/#website"},"datePublished":"2022-06-26T11:48:11+00:00","dateModified":"2022-06-26T12:04:26+00:00","description":"Prix tractopelle Manitou neuve en Tunisie : Tractopelle trax Manitou \u00e0 vendre en Tunisie, tractopelle trax Manitou leasing Tunisie","breadcrumb":{"@id":"https:\/\/motors.tn\/magazine\/prix-tractopelle-neuve-en-tunisie\/prix-tractopelle-manitou-neuve-en-tunisie\/#breadcrumb"},"inLanguage":"fr-FR","potentialAction":[{"@type":"ReadAction","target":["https:\/\/motors.tn\/magazine\/prix-tractopelle-neuve-en-tunisie\/prix-tractopelle-manitou-neuve-en-tunisie\/"]}]},{"@type":"BreadcrumbList","@id":"https:\/\/motors.tn\/magazine\/prix-tractopelle-neuve-en-tunisie\/prix-tractopelle-manitou-neuve-en-tunisie\/#breadcrumb","itemListElement":[{"@type":"ListItem","position":1,"name":"Motors.tn","item":"https:\/\/motors.tn\/magazine\/"},{"@type":"ListItem","position":2,"name":"Prix tractopelle neuve en Tunisie","item":"https:\/\/motors.tn\/magazine\/prix-tractopelle-neuve-en-tunisie\/"},{"@type":"ListItem","position":3,"name":"Prix tractopelle Manitou neuve en Tunisie"}]},{"@type":"WebSite","@id":"https:\/\/motors.tn\/magazine\/#website","url":"https:\/\/motors.tn\/magazine\/","name":"Motors.tn","description":"Actualit\u00e9, prix du neuf et guide d&#039;achat","publisher":{"@id":"https:\/\/motors.tn\/magazine\/#organization"},"potentialAction":[{"@type":"SearchAction","target":{"@type":"EntryPoint","urlTemplate":"https:\/\/motors.tn\/magazine\/?s={search_term_string}"},"query-input":{"@type":"PropertyValueSpecification","valueRequired":true,"valueName":"search_term_string"}}],"inLanguage":"fr-FR"},{"@type":"Organization","@id":"https:\/\/motors.tn\/magazine\/#organization","name":"Strat\u00e9gie Digitale","url":"https:\/\/motors.tn\/magazine\/","logo":{"@type":"ImageObject","inLanguage":"fr-FR","@id":"https:\/\/motors.tn\/magazine\/#\/schema\/logo\/image\/","url":"https:\/\/motors.tn\/magazine\/wp-content\/uploads\/2020\/05\/cropped-cropped-logo9bleu.png","contentUrl":"https:\/\/motors.tn\/magazine\/wp-content\/uploads\/2020\/05\/cropped-cropped-logo9bleu.png","width":277,"height":44,"caption":"Strat\u00e9gie Digitale"},"image":{"@id":"https:\/\/motors.tn\/magazine\/#\/schema\/logo\/image\/"}}]}},"_links":{"self":[{"href":"https:\/\/motors.tn\/magazine\/wp-json\/wp\/v2\/pages\/459911","targetHints":{"allow":["GET"]}}],"collection":[{"href":"https:\/\/motors.tn\/magazine\/wp-json\/wp\/v2\/pages"}],"about":[{"href":"https:\/\/motors.tn\/magazine\/wp-json\/wp\/v2\/types\/page"}],"author":[{"embeddable":true,"href":"https:\/\/motors.tn\/magazine\/wp-json\/wp\/v2\/users\/19342"}],"replies":[{"embeddable":true,"href":"https:\/\/motors.tn\/magazine\/wp-json\/wp\/v2\/comments?post=459911"}],"version-history":[{"count":0,"href":"https:\/\/motors.tn\/magazine\/wp-json\/wp\/v2\/pages\/459911\/revisions"}],"up":[{"embeddable":true,"href":"https:\/\/motors.tn\/magazine\/wp-json\/wp\/v2\/pages\/445358"}],"wp:attachment":[{"href":"https:\/\/motors.tn\/magazine\/wp-json\/wp\/v2\/media?parent=459911"}],"curies":[{"name":"wp","href":"https:\/\/api.w.org\/{rel}","templated":true}]}}