{"id":465669,"date":"2022-09-16T18:22:50","date_gmt":"2022-09-16T17:22:50","guid":{"rendered":"https:\/\/motors.tn\/magazine\/?page_id=465669"},"modified":"2025-09-23T10:08:50","modified_gmt":"2025-09-23T09:08:50","slug":"gerbeur","status":"publish","type":"page","link":"https:\/\/motors.tn\/magazine\/prix-materiels-de-magasinage\/gerbeur\/","title":{"rendered":"Prix gerbeur \u00e9lectrique neuf en Tunisie"},"content":{"rendered":"<p>Prix gerbeur \u00e9lectrique neuf en Tunisie, retrouvez les prix sur le march\u00e9 tunisien des <a href=\"https:\/\/motors.tn\/magazine\/prix-materiels-de-magasinage\/\">mat\u00e9riels de magasinage<\/a> et des gerbeurs \u00e9lectriques neufs : <a href=\"https:\/\/motors.tn\/magazine\/prix-materiels-de-magasinage\/prix-gerbeur-electrique-clark-neuf-en-tunisie\/\">Clark<\/a>, <a href=\"https:\/\/motors.tn\/magazine\/prix-materiels-de-magasinage\/gerbeur\/prix-gerbeur-electrique-hangcha-neuf-en-tunisie\/\">Hangcha<\/a>, <a href=\"https:\/\/motors.tn\/magazine\/prix-materiels-de-magasinage\/gerbeur\/prix-gerbeur-electrique-hyster-neuf-en-tunisie\/\">Hyster<\/a>, <a href=\"https:\/\/motors.tn\/magazine\/prix-materiels-de-magasinage\/gerbeur\/prix-gerbeur-electrique-linde-neuf-en-tunisie\/\">Linde<\/a>, <a href=\"https:\/\/motors.tn\/magazine\/prix-materiels-de-magasinage\/prix-gerbeur-electrique-noblelift-neuf-en-tunisie\/\">Noblelift<\/a>, <a href=\"https:\/\/motors.tn\/magazine\/prix-materiels-de-magasinage\/prix-gerbeur-electrique-still-neuf-en-tunisie\/\">Still.<\/a><\/p>\n<p><strong>Prix des gerbeurs neufs en Tunisie par marque :<\/strong><\/p>\n<div id='gallery-1' class='gallery galleryid-465669 gallery-columns-3 gallery-size-thumbnail'><figure class='gallery-item'>\n\t\t\t<div class='gallery-icon landscape'>\n\t\t\t\t<a href='https:\/\/motors.tn\/magazine\/prix-materiels-de-magasinage\/gerbeur\/attachment\/clark-ai_\/#main'><img decoding=\"async\" width=\"150\" height=\"150\" src=\"https:\/\/motors.tn\/magazine\/wp-content\/uploads\/2022\/10\/clark.ai_-150x150.png\" class=\"attachment-thumbnail size-thumbnail\" alt=\"\" \/><\/a>\n\t\t\t<\/div><\/figure><figure class='gallery-item'>\n\t\t\t<div class='gallery-icon landscape'>\n\t\t\t\t<a href='https:\/\/motors.tn\/magazine\/prix-materiels-de-magasinage\/gerbeur\/attachment\/hangcha-logo-bee5108d45-seeklogo-com\/#main'><img decoding=\"async\" width=\"150\" height=\"150\" src=\"https:\/\/motors.tn\/magazine\/wp-content\/uploads\/2022\/10\/hangcha-logo-BEE5108D45-seeklogo.com_-150x150.png\" class=\"attachment-thumbnail size-thumbnail\" alt=\"\" \/><\/a>\n\t\t\t<\/div><\/figure><figure class='gallery-item'>\n\t\t\t<div class='gallery-icon landscape'>\n\t\t\t\t<a href='https:\/\/motors.tn\/magazine\/prix-materiels-de-magasinage\/gerbeur\/attachment\/hyster-logo-0d1819b9a0-seeklogo-com-2\/#main'><img decoding=\"async\" width=\"150\" height=\"150\" src=\"https:\/\/motors.tn\/magazine\/wp-content\/uploads\/2022\/10\/hyster-logo-0D1819B9A0-seeklogo.com_-1-150x150.png\" class=\"attachment-thumbnail size-thumbnail\" alt=\"\" \/><\/a>\n\t\t\t<\/div><\/figure><figure class='gallery-item'>\n\t\t\t<div class='gallery-icon landscape'>\n\t\t\t\t<a href='https:\/\/motors.tn\/magazine\/prix-materiels-de-magasinage\/gerbeur\/attachment\/linde-logo-old\/#main'><img decoding=\"async\" width=\"150\" height=\"150\" src=\"https:\/\/motors.tn\/magazine\/wp-content\/uploads\/2022\/10\/Linde-Logo-old-150x150.png\" class=\"attachment-thumbnail size-thumbnail\" alt=\"\" \/><\/a>\n\t\t\t<\/div><\/figure><figure class='gallery-item'>\n\t\t\t<div class='gallery-icon landscape'>\n\t\t\t\t<a href='https:\/\/motors.tn\/magazine\/prix-materiels-de-magasinage\/gerbeur\/attachment\/2022%e2%94%80%cf%89%e2%95%a8%e2%94%aclogo_1\/#main'><img decoding=\"async\" width=\"150\" height=\"150\" src=\"https:\/\/motors.tn\/magazine\/wp-content\/uploads\/2022\/10\/2022\u2500\u03a9\u2568\u252clogo_1-150x150.png\" class=\"attachment-thumbnail size-thumbnail\" alt=\"\" \/><\/a>\n\t\t\t<\/div><\/figure><figure class='gallery-item'>\n\t\t\t<div class='gallery-icon landscape'>\n\t\t\t\t<a href='https:\/\/motors.tn\/magazine\/prix-materiels-de-magasinage\/gerbeur\/attachment\/t_p18-6-still-8199914739\/#main'><img decoding=\"async\" width=\"150\" height=\"150\" src=\"https:\/\/motors.tn\/magazine\/wp-content\/uploads\/2022\/10\/t_p18-6-still-8199914739-150x150.png\" class=\"attachment-thumbnail size-thumbnail\" alt=\"\" \/><\/a>\n\t\t\t<\/div><\/figure>\n\t\t<\/div>\n\n<hr \/>\n<h2><strong>Demande de prix \/ Demande de devis pour gerbeur neuf en Tunisie\u00a0<\/strong><\/h2>\n<p style=\"text-align: left;\">Faites votre demande de devis en ligne ici et recevez gratuitement une r\u00e9ponse de nos partenaires :<\/p>\n\n<div class=\"wpcf7 no-js\" id=\"wpcf7-f465668-o1\" lang=\"fr-FR\" dir=\"ltr\" data-wpcf7-id=\"465668\">\n<div class=\"screen-reader-response\"><p role=\"status\" aria-live=\"polite\" aria-atomic=\"true\"><\/p> <ul><\/ul><\/div>\n<form action=\"\/magazine\/wp-json\/wp\/v2\/pages\/465669#wpcf7-f465668-o1\" method=\"post\" class=\"wpcf7-form init\" aria-label=\"Formulaire de contact\" novalidate=\"novalidate\" data-status=\"init\">\n<fieldset class=\"hidden-fields-container\"><input type=\"hidden\" name=\"_wpcf7\" value=\"465668\" \/><input type=\"hidden\" name=\"_wpcf7_version\" value=\"6.1.1\" \/><input type=\"hidden\" name=\"_wpcf7_locale\" value=\"fr_FR\" \/><input type=\"hidden\" name=\"_wpcf7_unit_tag\" value=\"wpcf7-f465668-o1\" \/><input type=\"hidden\" name=\"_wpcf7_container_post\" value=\"0\" \/><input type=\"hidden\" name=\"_wpcf7_posted_data_hash\" value=\"\" \/>\n<\/fieldset>\n<p>Nom et pr\u00e9nom - \u0627\u0644\u0625\u0633\u0645 \u0648 \u0627\u0644\u0644\u0642\u0628 :<br \/>\n<span class=\"wpcf7-form-control-wrap\" data-name=\"your-name\"><input size=\"40\" maxlength=\"400\" class=\"wpcf7-form-control wpcf7-text wpcf7-validates-as-required\" aria-required=\"true\" aria-invalid=\"false\" value=\"\" type=\"text\" name=\"your-name\" \/><\/span>\n<\/p>\n<p> Soci\u00e9t\u00e9 - \u0627\u0644\u0634\u0631\u0643\u0629 :<br \/>\n<span class=\"wpcf7-form-control-wrap\" data-name=\"your-ste\"><input size=\"40\" maxlength=\"400\" class=\"wpcf7-form-control wpcf7-text wpcf7-validates-as-required\" aria-required=\"true\" aria-invalid=\"false\" value=\"\" type=\"text\" name=\"your-ste\" \/><\/span>\n<\/p>\n<p>T\u00e9l\u00e9phone - \u0627\u0644\u0647\u0627\u062a\u0641 :\n<\/p>\n<p><span class=\"wpcf7-form-control-wrap\" data-name=\"your-tel\"><input size=\"40\" maxlength=\"400\" class=\"wpcf7-form-control wpcf7-tel wpcf7-validates-as-required wpcf7-text wpcf7-validates-as-tel\" aria-required=\"true\" aria-invalid=\"false\" value=\"\" type=\"tel\" name=\"your-tel\" \/><\/span>\n<\/p>\n<p>Gouvernorat - \u0627\u0644\u0648\u0644\u0627\u064a\u0629 :\n<\/p>\n<p><span class=\"wpcf7-form-control-wrap\" data-name=\"your-gouvernorat\"><select class=\"wpcf7-form-control wpcf7-select wpcf7-validates-as-required\" aria-required=\"true\" aria-invalid=\"false\" name=\"your-gouvernorat\"><option value=\"\">&#8212;Veuillez choisir une option&#8212;<\/option><option value=\"Ariana - \u0623\u0631\u064a\u0627\u0646\u0629\">Ariana - \u0623\u0631\u064a\u0627\u0646\u0629<\/option><option value=\"B\u00e9ja - \u0628\u0627\u062c\u0629\">B\u00e9ja - \u0628\u0627\u062c\u0629<\/option><option value=\"Ben Arous - \u0628\u0646 \u0639\u0631\u0648\u0633\">Ben Arous - \u0628\u0646 \u0639\u0631\u0648\u0633<\/option><option value=\"Bizerte - \u0628\u0646\u0632\u0631\u062a\">Bizerte - \u0628\u0646\u0632\u0631\u062a<\/option><option value=\"Gab\u00e8s - \u0642\u0627\u0628\u0633\">Gab\u00e8s - \u0642\u0627\u0628\u0633<\/option><option value=\"Gafsa - \u0642\u0641\u0635\u0629\">Gafsa - \u0642\u0641\u0635\u0629<\/option><option value=\"Jendouba - \u062c\u0646\u062f\u0648\u0628\u0629\">Jendouba - \u062c\u0646\u062f\u0648\u0628\u0629<\/option><option value=\"Kairouan - \u0627\u0644\u0642\u064a\u0631\u0648\u0627\u0646\">Kairouan - \u0627\u0644\u0642\u064a\u0631\u0648\u0627\u0646<\/option><option value=\"Kasserine - \u0627\u0644\u0642\u0635\u0631\u064a\u0646\">Kasserine - \u0627\u0644\u0642\u0635\u0631\u064a\u0646<\/option><option value=\"K\u00e9bili - \u0642\u0628\u0644\u064a\">K\u00e9bili - \u0642\u0628\u0644\u064a<\/option><option value=\"Le Kef - \u0627\u0644\u0643\u0627\u0641\">Le Kef - \u0627\u0644\u0643\u0627\u0641<\/option><option value=\"Mahdia - \u0627\u0644\u0645\u0647\u062f\u064a\u0629\">Mahdia - \u0627\u0644\u0645\u0647\u062f\u064a\u0629<\/option><option value=\"La Manouba - \u0645\u0646\u0648\u0628\u0629\">La Manouba - \u0645\u0646\u0648\u0628\u0629<\/option><option value=\"M\u00e9denine - \u0645\u062f\u0646\u064a\u0646\">M\u00e9denine - \u0645\u062f\u0646\u064a\u0646<\/option><option value=\"Monastir - \u0627\u0644\u0645\u0646\u0633\u062a\u064a\u0631\">Monastir - \u0627\u0644\u0645\u0646\u0633\u062a\u064a\u0631<\/option><option value=\"Nabeul - \u0646\u0627\u0628\u0644\">Nabeul - \u0646\u0627\u0628\u0644<\/option><option value=\"Sfax - \u0635\u0641\u0627\u0642\u0633\">Sfax - \u0635\u0641\u0627\u0642\u0633<\/option><option value=\"Sidi Bouzid - \u0633\u064a\u062f\u064a \u0628\u0648\u0632\u064a\u062f\">Sidi Bouzid - \u0633\u064a\u062f\u064a \u0628\u0648\u0632\u064a\u062f<\/option><option value=\"Siliana - \u0633\u0644\u064a\u0627\u0646\u0629\">Siliana - \u0633\u0644\u064a\u0627\u0646\u0629<\/option><option value=\"Sousse - \u0633\u0648\u0633\u0629\">Sousse - \u0633\u0648\u0633\u0629<\/option><option value=\"Tataouine - \u062a\u0637\u0627\u0648\u064a\u0646\">Tataouine - \u062a\u0637\u0627\u0648\u064a\u0646<\/option><option value=\"Tozeur - \u062a\u0648\u0632\u0631\">Tozeur - \u062a\u0648\u0632\u0631<\/option><option value=\"Tunis - \u062a\u0648\u0646\u0633\">Tunis - \u062a\u0648\u0646\u0633<\/option><option value=\"Zaghouan - \u0632\u063a\u0648\u0627\u0646\">Zaghouan - \u0632\u063a\u0648\u0627\u0646<\/option><\/select><\/span>\n<\/p>\n<p>Email - \u0627\u0644\u0628\u0631\u064a\u062f \u0627\u0644\u0625\u0644\u0643\u062a\u0631\u0648\u0646\u064a :\n<\/p>\n<p><span class=\"wpcf7-form-control-wrap\" data-name=\"your-email\"><input size=\"40\" maxlength=\"400\" class=\"wpcf7-form-control wpcf7-email wpcf7-validates-as-required wpcf7-text wpcf7-validates-as-email\" aria-required=\"true\" aria-invalid=\"false\" value=\"\" type=\"email\" name=\"your-email\" \/><\/span>\n<\/p>\n<p>Type - \u0627\u0644\u0646\u0648\u0639 :\n<\/p>\n<p><span class=\"wpcf7-form-control-wrap\" data-name=\"Modele\"><span class=\"wpcf7-form-control wpcf7-checkbox wpcf7-validates-as-required\"><span class=\"wpcf7-list-item first\"><label><input type=\"checkbox\" name=\"Modele[]\" value=\"Gerbeur \u00e9lectrique\" \/><span class=\"wpcf7-list-item-label\">Gerbeur \u00e9lectrique<\/span><\/label><\/span><span class=\"wpcf7-list-item last\"><label><input type=\"checkbox\" name=\"Modele[]\" value=\"Gerbeur semi-\u00e9lectrique\" \/><span class=\"wpcf7-list-item-label\">Gerbeur semi-\u00e9lectrique<\/span><\/label><\/span><\/span><\/span>\n<\/p>\n<p><span class=\"wpcf7-form-control-wrap\" data-name=\"checkbox-859\"><span class=\"wpcf7-form-control wpcf7-checkbox wpcf7-validates-as-required\"><span class=\"wpcf7-list-item first last\"><input type=\"checkbox\" name=\"checkbox-859[]\" value=\"J&#039;accepte d&#039;\u00eatre contact\u00e9(e) par les concessionnaires partenaires pour recevoir les offres commerciales.\" checked=\"checked\" \/><span class=\"wpcf7-list-item-label\">J&#039;accepte d&#039;\u00eatre contact\u00e9(e) par les concessionnaires partenaires pour recevoir les offres commerciales.<\/span><\/span><\/span><\/span>\n<\/p>\n<p><input class=\"wpcf7-form-control wpcf7-submit has-spinner\" type=\"submit\" value=\"Envoyer - \u0625\u0631\u0633\u0627\u0644\" \/>\n<\/p><p style=\"display: none !important;\" class=\"akismet-fields-container\" data-prefix=\"_wpcf7_ak_\"><label>&#916;<textarea name=\"_wpcf7_ak_hp_textarea\" cols=\"45\" rows=\"8\" maxlength=\"100\"><\/textarea><\/label><input type=\"hidden\" id=\"ak_js_1\" name=\"_wpcf7_ak_js\" value=\"14\"\/><script>document.getElementById( \"ak_js_1\" ).setAttribute( \"value\", ( new Date() ).getTime() );<\/script><\/p><div class=\"wpcf7-response-output\" aria-hidden=\"true\"><\/div>\n<\/form>\n<\/div>\n\n<hr \/>\n<h2><span style=\"font-weight: 400;\">Un large choix de gerbeurs \u00e9lectriques de toutes marques<\/span><\/h2>\n<p style=\"text-align: justify;\"><span style=\"font-weight: 400;\">Sur <a href=\"https:\/\/motors.tn\/magazine\/\">Motors.tn<\/a>, nous r\u00e9f\u00e9ren\u00e7ons les marques les plus connues et reconnues des gerbeurs \u00e9lectriques en Tunisie : <a href=\"https:\/\/motors.tn\/magazine\/prix-materiels-de-magasinage\/prix-gerbeur-electrique-clark-neuf-en-tunisie\/\">Clark<\/a>, <a href=\"https:\/\/motors.tn\/magazine\/prix-materiels-de-magasinage\/gerbeur\/prix-gerbeur-electrique-hangcha-neuf-en-tunisie\/\">Hangcha<\/a>, <a href=\"https:\/\/motors.tn\/magazine\/prix-materiels-de-magasinage\/gerbeur\/prix-gerbeur-electrique-hyster-neuf-en-tunisie\/\">Hyster<\/a>, <a href=\"https:\/\/motors.tn\/magazine\/prix-materiels-de-magasinage\/gerbeur\/prix-gerbeur-electrique-linde-neuf-en-tunisie\/\">Linde<\/a>, <a href=\"https:\/\/motors.tn\/magazine\/prix-materiels-de-magasinage\/prix-gerbeur-electrique-noblelift-neuf-en-tunisie\/\">Noblelift<\/a> et <a href=\"https:\/\/motors.tn\/magazine\/prix-materiels-de-magasinage\/prix-gerbeur-electrique-still-neuf-en-tunisie\/\">Still<\/a>. Besoin d\u2019un <\/span><b>gerbeur \u00e9lectrique<\/b><span style=\"font-weight: 400;\"> performant, robuste et durable ? Consultez les prix du neuf des diff\u00e9rents engins pour obtenir un aper\u00e7u clair et actualis\u00e9 du march\u00e9.<\/span><\/p>\n<p style=\"text-align: justify;\"><span style=\"font-weight: 400;\">Comparez rapidement les prix des gerbeurs \u00e9lectriques neufs en quelques clics. Motors.tn met r\u00e9guli\u00e8rement son contenu \u00e0 jour pour assurer des informations fiables et pertinentes. Que vous souhaitiez acqu\u00e9rir un mod\u00e8le \u00e9lectrique ou semi-\u00e9lectrique, explorez des fiches d\u00e9taill\u00e9es incluant : caract\u00e9ristiques techniques, les marques disponibles et gammes de prix.<\/span><\/p>\n<p style=\"text-align: justify;\"><span style=\"font-weight: 400;\">Les gerbeurs \u00e9lectriques permettent de d\u00e9placer et de lever des charges lourdes allant jusqu&rsquo;\u00e0 plus de 3 m\u00e8tres de hauteur et quelques tonnes sans effort sur des plates-formes sur\u00e9lev\u00e9es comme des rayonnages ou des \u00e9tag\u00e8res. Ces engins de manutention peuvent r\u00e9sister aux conditions de travail les plus extr\u00eames gr\u00e2ce \u00e0 leur aspect compact et tr\u00e8s maniable.<\/span><\/p>\n<p style=\"text-align: justify;\"><span style=\"font-weight: 400;\">Quel que soit votre domaine d\u2019activit\u00e9, la <a href=\"https:\/\/fr.wikipedia.org\/wiki\/Logistique\">logistique<\/a>, la gestion de stock ou l&#8217;emmagasinage, d\u00e9couvrez un large choix de mod\u00e8les de gerbeurs \u00e9lectriques neufs, adapt\u00e9s \u00e0 diff\u00e9rents environnements et charges de travail. Il suffit de consulter Motors.tn r\u00e9guli\u00e8rement pour explorer les nouveaux mod\u00e8les de <\/span><b>gerbeur<\/b><span style=\"font-weight: 400;\">, les nouvelles marques ajout\u00e9es et les derni\u00e8res nouveaut\u00e9s du march\u00e9.<\/span><\/p>\n<p style=\"text-align: justify;\"><span style=\"font-weight: 400;\">Afin d&rsquo;optimiser votre productivit\u00e9 et simplifier vos op\u00e9rations quotidiennes, trouvez un \u00e9quipement fiable et au meilleur prix gr\u00e2ce \u00e0 Motors.tn. Trouvez votre <\/span><b>gerbeur \u00e9lectrique tunisie<\/b><span style=\"font-weight: 400;\"> en toute simplicit\u00e9 ! Pour vous accompagner dans la constitution de votre dossier de leasing de gerbeur \u00e9lectrique, nous pouvons vous mettre en relation avec nos concessionnaires partenaires.<\/span><\/p>\n","protected":false},"excerpt":{"rendered":"<p>Prix gerbeur \u00e9lectrique neuf en Tunisie, retrouvez les prix sur le march\u00e9 tunisien des mat\u00e9riels de magasinage et des gerbeurs \u00e9lectriques neufs : Clark, Hangcha, Hyster, Linde, Noblelift, Still. Prix des gerbeurs neufs en Tunisie par marque : Demande de prix \/ Demande de devis pour gerbeur neuf en Tunisie\u00a0 Faites votre demande de devis &#8230; <a title=\"Prix gerbeur \u00e9lectrique neuf en Tunisie\" class=\"read-more\" href=\"https:\/\/motors.tn\/magazine\/prix-materiels-de-magasinage\/gerbeur\/\" aria-label=\"En savoir plus sur Prix gerbeur \u00e9lectrique neuf en Tunisie\">Lire la suite<\/a><\/p>\n","protected":false},"author":1,"featured_media":495671,"parent":466215,"menu_order":0,"comment_status":"closed","ping_status":"closed","template":"","meta":{"footnotes":""},"class_list":["post-465669","page","type-page","status-publish","has-post-thumbnail"],"yoast_head":"<!-- This site is optimized with the Yoast SEO plugin v25.7 - https:\/\/yoast.com\/wordpress\/plugins\/seo\/ -->\n<title>Trouvez les prix gerbeur \u00e9lectrique neuf en Tunisie | Motors.tn<\/title>\n<meta name=\"description\" content=\"Prix gerbeur \u00e9lectrique neuf Tunisie : retrouvez les prix du neuf des gerbeurs \u00e9lectriques et du mat\u00e9riel de magasinage neufs en Tunisie.\" \/>\n<meta name=\"robots\" content=\"index, follow, max-snippet:-1, max-image-preview:large, max-video-preview:-1\" \/>\n<link rel=\"canonical\" href=\"https:\/\/motors.tn\/magazine\/prix-materiels-de-magasinage\/gerbeur\/\" \/>\n<meta property=\"og:locale\" content=\"fr_FR\" \/>\n<meta property=\"og:type\" content=\"article\" \/>\n<meta property=\"og:title\" content=\"Trouvez les prix gerbeur \u00e9lectrique neuf en Tunisie | Motors.tn\" \/>\n<meta property=\"og:description\" content=\"Prix gerbeur \u00e9lectrique neuf Tunisie : retrouvez les prix du neuf des gerbeurs \u00e9lectriques et du mat\u00e9riel de magasinage neufs en Tunisie.\" \/>\n<meta property=\"og:url\" content=\"https:\/\/motors.tn\/magazine\/prix-materiels-de-magasinage\/gerbeur\/\" \/>\n<meta property=\"og:site_name\" content=\"Motors.tn\" \/>\n<meta property=\"article:modified_time\" content=\"2025-09-23T09:08:50+00:00\" \/>\n<meta property=\"og:image\" content=\"https:\/\/motors.tn\/magazine\/wp-content\/uploads\/2025\/01\/Prix-gerbeur-electrique-neuf-en-Tunisie.jpg\" \/>\n\t<meta property=\"og:image:width\" content=\"512\" \/>\n\t<meta property=\"og:image:height\" content=\"512\" \/>\n\t<meta property=\"og:image:type\" content=\"image\/jpeg\" \/>\n<meta name=\"twitter:label1\" content=\"Dur\u00e9e de lecture estim\u00e9e\" \/>\n\t<meta name=\"twitter:data1\" content=\"2 minutes\" \/>\n<script type=\"application\/ld+json\" class=\"yoast-schema-graph\">{\"@context\":\"https:\/\/schema.org\",\"@graph\":[{\"@type\":\"WebPage\",\"@id\":\"https:\/\/motors.tn\/magazine\/prix-materiels-de-magasinage\/gerbeur\/\",\"url\":\"https:\/\/motors.tn\/magazine\/prix-materiels-de-magasinage\/gerbeur\/\",\"name\":\"Trouvez les prix gerbeur \u00e9lectrique neuf en Tunisie | Motors.tn\",\"isPartOf\":{\"@id\":\"https:\/\/motors.tn\/magazine\/#website\"},\"primaryImageOfPage\":{\"@id\":\"https:\/\/motors.tn\/magazine\/prix-materiels-de-magasinage\/gerbeur\/#primaryimage\"},\"image\":{\"@id\":\"https:\/\/motors.tn\/magazine\/prix-materiels-de-magasinage\/gerbeur\/#primaryimage\"},\"thumbnailUrl\":\"https:\/\/motors.tn\/magazine\/wp-content\/uploads\/2025\/01\/Prix-gerbeur-electrique-neuf-en-Tunisie.jpg\",\"datePublished\":\"2022-09-16T17:22:50+00:00\",\"dateModified\":\"2025-09-23T09:08:50+00:00\",\"description\":\"Prix gerbeur \u00e9lectrique neuf Tunisie : retrouvez les prix du neuf des gerbeurs \u00e9lectriques et du mat\u00e9riel de magasinage neufs en Tunisie.\",\"breadcrumb\":{\"@id\":\"https:\/\/motors.tn\/magazine\/prix-materiels-de-magasinage\/gerbeur\/#breadcrumb\"},\"inLanguage\":\"fr-FR\",\"potentialAction\":[{\"@type\":\"ReadAction\",\"target\":[\"https:\/\/motors.tn\/magazine\/prix-materiels-de-magasinage\/gerbeur\/\"]}]},{\"@type\":\"ImageObject\",\"inLanguage\":\"fr-FR\",\"@id\":\"https:\/\/motors.tn\/magazine\/prix-materiels-de-magasinage\/gerbeur\/#primaryimage\",\"url\":\"https:\/\/motors.tn\/magazine\/wp-content\/uploads\/2025\/01\/Prix-gerbeur-electrique-neuf-en-Tunisie.jpg\",\"contentUrl\":\"https:\/\/motors.tn\/magazine\/wp-content\/uploads\/2025\/01\/Prix-gerbeur-electrique-neuf-en-Tunisie.jpg\",\"width\":512,\"height\":512,\"caption\":\"Prix gerbeur \u00e9lectrique neuf en Tunisie\"},{\"@type\":\"BreadcrumbList\",\"@id\":\"https:\/\/motors.tn\/magazine\/prix-materiels-de-magasinage\/gerbeur\/#breadcrumb\",\"itemListElement\":[{\"@type\":\"ListItem\",\"position\":1,\"name\":\"Motors.tn\",\"item\":\"https:\/\/motors.tn\/magazine\/\"},{\"@type\":\"ListItem\",\"position\":2,\"name\":\"Prix mat\u00e9riels de magasinage en Tunisie\",\"item\":\"https:\/\/motors.tn\/magazine\/prix-materiels-de-magasinage\/\"},{\"@type\":\"ListItem\",\"position\":3,\"name\":\"Prix gerbeur \u00e9lectrique neuf en Tunisie\"}]},{\"@type\":\"WebSite\",\"@id\":\"https:\/\/motors.tn\/magazine\/#website\",\"url\":\"https:\/\/motors.tn\/magazine\/\",\"name\":\"Motors.tn\",\"description\":\"Actualit\u00e9, prix du neuf et guide d&#039;achat\",\"publisher\":{\"@id\":\"https:\/\/motors.tn\/magazine\/#organization\"},\"potentialAction\":[{\"@type\":\"SearchAction\",\"target\":{\"@type\":\"EntryPoint\",\"urlTemplate\":\"https:\/\/motors.tn\/magazine\/?s={search_term_string}\"},\"query-input\":{\"@type\":\"PropertyValueSpecification\",\"valueRequired\":true,\"valueName\":\"search_term_string\"}}],\"inLanguage\":\"fr-FR\"},{\"@type\":\"Organization\",\"@id\":\"https:\/\/motors.tn\/magazine\/#organization\",\"name\":\"Strat\u00e9gie Digitale\",\"url\":\"https:\/\/motors.tn\/magazine\/\",\"logo\":{\"@type\":\"ImageObject\",\"inLanguage\":\"fr-FR\",\"@id\":\"https:\/\/motors.tn\/magazine\/#\/schema\/logo\/image\/\",\"url\":\"https:\/\/motors.tn\/magazine\/wp-content\/uploads\/2020\/05\/cropped-cropped-logo9bleu.png\",\"contentUrl\":\"https:\/\/motors.tn\/magazine\/wp-content\/uploads\/2020\/05\/cropped-cropped-logo9bleu.png\",\"width\":277,\"height\":44,\"caption\":\"Strat\u00e9gie Digitale\"},\"image\":{\"@id\":\"https:\/\/motors.tn\/magazine\/#\/schema\/logo\/image\/\"}}]}<\/script>\n<!-- \/ Yoast SEO plugin. -->","yoast_head_json":{"title":"Trouvez les prix gerbeur \u00e9lectrique neuf en Tunisie | Motors.tn","description":"Prix gerbeur \u00e9lectrique neuf Tunisie : retrouvez les prix du neuf des gerbeurs \u00e9lectriques et du mat\u00e9riel de magasinage neufs en Tunisie.","robots":{"index":"index","follow":"follow","max-snippet":"max-snippet:-1","max-image-preview":"max-image-preview:large","max-video-preview":"max-video-preview:-1"},"canonical":"https:\/\/motors.tn\/magazine\/prix-materiels-de-magasinage\/gerbeur\/","og_locale":"fr_FR","og_type":"article","og_title":"Trouvez les prix gerbeur \u00e9lectrique neuf en Tunisie | Motors.tn","og_description":"Prix gerbeur \u00e9lectrique neuf Tunisie : retrouvez les prix du neuf des gerbeurs \u00e9lectriques et du mat\u00e9riel de magasinage neufs en Tunisie.","og_url":"https:\/\/motors.tn\/magazine\/prix-materiels-de-magasinage\/gerbeur\/","og_site_name":"Motors.tn","article_modified_time":"2025-09-23T09:08:50+00:00","og_image":[{"width":512,"height":512,"url":"https:\/\/motors.tn\/magazine\/wp-content\/uploads\/2025\/01\/Prix-gerbeur-electrique-neuf-en-Tunisie.jpg","type":"image\/jpeg"}],"twitter_misc":{"Dur\u00e9e de lecture estim\u00e9e":"2 minutes"},"schema":{"@context":"https:\/\/schema.org","@graph":[{"@type":"WebPage","@id":"https:\/\/motors.tn\/magazine\/prix-materiels-de-magasinage\/gerbeur\/","url":"https:\/\/motors.tn\/magazine\/prix-materiels-de-magasinage\/gerbeur\/","name":"Trouvez les prix gerbeur \u00e9lectrique neuf en Tunisie | Motors.tn","isPartOf":{"@id":"https:\/\/motors.tn\/magazine\/#website"},"primaryImageOfPage":{"@id":"https:\/\/motors.tn\/magazine\/prix-materiels-de-magasinage\/gerbeur\/#primaryimage"},"image":{"@id":"https:\/\/motors.tn\/magazine\/prix-materiels-de-magasinage\/gerbeur\/#primaryimage"},"thumbnailUrl":"https:\/\/motors.tn\/magazine\/wp-content\/uploads\/2025\/01\/Prix-gerbeur-electrique-neuf-en-Tunisie.jpg","datePublished":"2022-09-16T17:22:50+00:00","dateModified":"2025-09-23T09:08:50+00:00","description":"Prix gerbeur \u00e9lectrique neuf Tunisie : retrouvez les prix du neuf des gerbeurs \u00e9lectriques et du mat\u00e9riel de magasinage neufs en Tunisie.","breadcrumb":{"@id":"https:\/\/motors.tn\/magazine\/prix-materiels-de-magasinage\/gerbeur\/#breadcrumb"},"inLanguage":"fr-FR","potentialAction":[{"@type":"ReadAction","target":["https:\/\/motors.tn\/magazine\/prix-materiels-de-magasinage\/gerbeur\/"]}]},{"@type":"ImageObject","inLanguage":"fr-FR","@id":"https:\/\/motors.tn\/magazine\/prix-materiels-de-magasinage\/gerbeur\/#primaryimage","url":"https:\/\/motors.tn\/magazine\/wp-content\/uploads\/2025\/01\/Prix-gerbeur-electrique-neuf-en-Tunisie.jpg","contentUrl":"https:\/\/motors.tn\/magazine\/wp-content\/uploads\/2025\/01\/Prix-gerbeur-electrique-neuf-en-Tunisie.jpg","width":512,"height":512,"caption":"Prix gerbeur \u00e9lectrique neuf en Tunisie"},{"@type":"BreadcrumbList","@id":"https:\/\/motors.tn\/magazine\/prix-materiels-de-magasinage\/gerbeur\/#breadcrumb","itemListElement":[{"@type":"ListItem","position":1,"name":"Motors.tn","item":"https:\/\/motors.tn\/magazine\/"},{"@type":"ListItem","position":2,"name":"Prix mat\u00e9riels de magasinage en Tunisie","item":"https:\/\/motors.tn\/magazine\/prix-materiels-de-magasinage\/"},{"@type":"ListItem","position":3,"name":"Prix gerbeur \u00e9lectrique neuf en Tunisie"}]},{"@type":"WebSite","@id":"https:\/\/motors.tn\/magazine\/#website","url":"https:\/\/motors.tn\/magazine\/","name":"Motors.tn","description":"Actualit\u00e9, prix du neuf et guide d&#039;achat","publisher":{"@id":"https:\/\/motors.tn\/magazine\/#organization"},"potentialAction":[{"@type":"SearchAction","target":{"@type":"EntryPoint","urlTemplate":"https:\/\/motors.tn\/magazine\/?s={search_term_string}"},"query-input":{"@type":"PropertyValueSpecification","valueRequired":true,"valueName":"search_term_string"}}],"inLanguage":"fr-FR"},{"@type":"Organization","@id":"https:\/\/motors.tn\/magazine\/#organization","name":"Strat\u00e9gie Digitale","url":"https:\/\/motors.tn\/magazine\/","logo":{"@type":"ImageObject","inLanguage":"fr-FR","@id":"https:\/\/motors.tn\/magazine\/#\/schema\/logo\/image\/","url":"https:\/\/motors.tn\/magazine\/wp-content\/uploads\/2020\/05\/cropped-cropped-logo9bleu.png","contentUrl":"https:\/\/motors.tn\/magazine\/wp-content\/uploads\/2020\/05\/cropped-cropped-logo9bleu.png","width":277,"height":44,"caption":"Strat\u00e9gie Digitale"},"image":{"@id":"https:\/\/motors.tn\/magazine\/#\/schema\/logo\/image\/"}}]}},"_links":{"self":[{"href":"https:\/\/motors.tn\/magazine\/wp-json\/wp\/v2\/pages\/465669","targetHints":{"allow":["GET"]}}],"collection":[{"href":"https:\/\/motors.tn\/magazine\/wp-json\/wp\/v2\/pages"}],"about":[{"href":"https:\/\/motors.tn\/magazine\/wp-json\/wp\/v2\/types\/page"}],"author":[{"embeddable":true,"href":"https:\/\/motors.tn\/magazine\/wp-json\/wp\/v2\/users\/1"}],"replies":[{"embeddable":true,"href":"https:\/\/motors.tn\/magazine\/wp-json\/wp\/v2\/comments?post=465669"}],"version-history":[{"count":4,"href":"https:\/\/motors.tn\/magazine\/wp-json\/wp\/v2\/pages\/465669\/revisions"}],"predecessor-version":[{"id":498444,"href":"https:\/\/motors.tn\/magazine\/wp-json\/wp\/v2\/pages\/465669\/revisions\/498444"}],"up":[{"embeddable":true,"href":"https:\/\/motors.tn\/magazine\/wp-json\/wp\/v2\/pages\/466215"}],"wp:featuredmedia":[{"embeddable":true,"href":"https:\/\/motors.tn\/magazine\/wp-json\/wp\/v2\/media\/495671"}],"wp:attachment":[{"href":"https:\/\/motors.tn\/magazine\/wp-json\/wp\/v2\/media?parent=465669"}],"curies":[{"name":"wp","href":"https:\/\/api.w.org\/{rel}","templated":true}]}}