{"id":467409,"date":"2022-10-03T18:07:23","date_gmt":"2022-10-03T17:07:23","guid":{"rendered":"https:\/\/motors.tn\/magazine\/?page_id=467409"},"modified":"2023-07-18T21:08:18","modified_gmt":"2023-07-18T20:08:18","slug":"prix-gerbeur-electrique-hangcha-neuf-en-tunisie","status":"publish","type":"page","link":"https:\/\/motors.tn\/magazine\/prix-materiels-de-magasinage\/gerbeur\/prix-gerbeur-electrique-hangcha-neuf-en-tunisie\/","title":{"rendered":"Prix gerbeur \u00e9lectrique Hangcha neuf en Tunisie"},"content":{"rendered":"<p><a href=\"https:\/\/motors.tn\/magazine\/prix-materiels-de-magasinage\/gerbeur\/\">Prix gerbeur \u00e9lectrique<\/a> Hangcha neuf en Tunisie :<\/p>\n<ul>\n<li><a href=\"https:\/\/motors.tn\/magazine\/prix-materiels-de-magasinage\/gerbeur\/prix-gerbeur-electrique-hangcha-neuf-en-tunisie\/prix-gerbeur-electrique-hangcha-1-6t-neuf-en-tunisie\/\">Prix gerbeur \u00e9lectrique Hangcha 1.6T neuf en Tunisie<\/a><\/li>\n<\/ul>\n<div id='gallery-1' class='gallery galleryid-467409 gallery-columns-1 gallery-size-full'><figure class='gallery-item'>\n\t\t\t<div class='gallery-icon portrait'>\n\t\t\t\t<a href='https:\/\/motors.tn\/magazine\/prix-materiels-de-magasinage\/gerbeur\/prix-gerbeur-electrique-hangcha-neuf-en-tunisie\/prix-gerbeur-electrique-hangcha-1-6t-neuf-en-tunisie\/attachment\/gerbeur-lithium-05\/#main'><img decoding=\"async\" width=\"261\" height=\"350\" src=\"https:\/\/motors.tn\/magazine\/wp-content\/uploads\/2022\/10\/Gerbeur-lithium-05-e1689710819917.png\" class=\"attachment-full size-full\" alt=\"\" aria-describedby=\"gallery-1-467407\" srcset=\"https:\/\/motors.tn\/magazine\/wp-content\/uploads\/2022\/10\/Gerbeur-lithium-05-e1689710819917.png 261w, https:\/\/motors.tn\/magazine\/wp-content\/uploads\/2022\/10\/Gerbeur-lithium-05-e1689710819917-224x300.png 224w\" sizes=\"(max-width: 261px) 100vw, 261px\" \/><\/a>\n\t\t\t<\/div>\n\t\t\t\t<figcaption class='wp-caption-text gallery-caption' id='gallery-1-467407'>\n\t\t\t\tHangcha 1.6T\n\t\t\t\t<\/figcaption><\/figure>\n\t\t<\/div>\n\n<p>Pr\u00e9sent dans 150 pays, HANGCHA r\u00e9alise plus d\u2019un milliard d\u2019euro de chiffre d\u2019affaires. Aujourd\u2019hui au 6e rang mondial des constructeurs, Hangcha vend une machine de magasinage dont des gerbeurs \u00e9lectriques toutes les 2 minutes dans le monde. Install\u00e9 \u00e0 HANGZHOU sur un site de 420 000m\u00b2, la capacit\u00e9 annuelle de production est de plus de 80 000 unit\u00e9s y compris les gerbeurs \u00e9lectriques. Les motorisations et transmissions propos\u00e9es sur la gamme des <a href=\"https:\/\/motors.tn\/magazine\/prix-materiels-de-magasinage\/gerbeur\/\">gerbeurs \u00e9lectriques<\/a> Hangcha proviennent de grandes marques japonaises et am\u00e9ricaines, dont la qualit\u00e9 et la fiabilit\u00e9 sont mondialement reconnues.<\/p>\n<hr \/>\n<h2><strong>Demande de prix \/ Demande de devis pour Gerbeur \u00e9lectrique neuf en Tunisie\u00a0<\/strong><\/h2>\n<p style=\"text-align: left;\">Faites votre demande de devis en ligne ici et recevez gratuitement une r\u00e9ponse de nos partenaires :<\/p>\n\n<div class=\"wpcf7 no-js\" id=\"wpcf7-f465668-o1\" lang=\"fr-FR\" dir=\"ltr\" data-wpcf7-id=\"465668\">\n<div class=\"screen-reader-response\"><p role=\"status\" aria-live=\"polite\" aria-atomic=\"true\"><\/p> <ul><\/ul><\/div>\n<form action=\"\/magazine\/wp-json\/wp\/v2\/pages\/467409#wpcf7-f465668-o1\" method=\"post\" class=\"wpcf7-form init\" aria-label=\"Formulaire de contact\" novalidate=\"novalidate\" data-status=\"init\">\n<fieldset class=\"hidden-fields-container\"><input type=\"hidden\" name=\"_wpcf7\" value=\"465668\" \/><input type=\"hidden\" name=\"_wpcf7_version\" value=\"6.1.1\" \/><input type=\"hidden\" name=\"_wpcf7_locale\" value=\"fr_FR\" \/><input type=\"hidden\" name=\"_wpcf7_unit_tag\" value=\"wpcf7-f465668-o1\" \/><input type=\"hidden\" name=\"_wpcf7_container_post\" value=\"0\" \/><input type=\"hidden\" name=\"_wpcf7_posted_data_hash\" value=\"\" \/>\n<\/fieldset>\n<p>Nom et pr\u00e9nom - \u0627\u0644\u0625\u0633\u0645 \u0648 \u0627\u0644\u0644\u0642\u0628 :<br \/>\n<span class=\"wpcf7-form-control-wrap\" data-name=\"your-name\"><input size=\"40\" maxlength=\"400\" class=\"wpcf7-form-control wpcf7-text wpcf7-validates-as-required\" aria-required=\"true\" aria-invalid=\"false\" value=\"\" type=\"text\" name=\"your-name\" \/><\/span>\n<\/p>\n<p> Soci\u00e9t\u00e9 - \u0627\u0644\u0634\u0631\u0643\u0629 :<br \/>\n<span class=\"wpcf7-form-control-wrap\" data-name=\"your-ste\"><input size=\"40\" maxlength=\"400\" class=\"wpcf7-form-control wpcf7-text wpcf7-validates-as-required\" aria-required=\"true\" aria-invalid=\"false\" value=\"\" type=\"text\" name=\"your-ste\" \/><\/span>\n<\/p>\n<p>T\u00e9l\u00e9phone - \u0627\u0644\u0647\u0627\u062a\u0641 :\n<\/p>\n<p><span class=\"wpcf7-form-control-wrap\" data-name=\"your-tel\"><input size=\"40\" maxlength=\"400\" class=\"wpcf7-form-control wpcf7-tel wpcf7-validates-as-required wpcf7-text wpcf7-validates-as-tel\" aria-required=\"true\" aria-invalid=\"false\" value=\"\" type=\"tel\" name=\"your-tel\" \/><\/span>\n<\/p>\n<p>Gouvernorat - \u0627\u0644\u0648\u0644\u0627\u064a\u0629 :\n<\/p>\n<p><span class=\"wpcf7-form-control-wrap\" data-name=\"your-gouvernorat\"><select class=\"wpcf7-form-control wpcf7-select wpcf7-validates-as-required\" aria-required=\"true\" aria-invalid=\"false\" name=\"your-gouvernorat\"><option value=\"\">&#8212;Veuillez choisir une option&#8212;<\/option><option value=\"Ariana - \u0623\u0631\u064a\u0627\u0646\u0629\">Ariana - \u0623\u0631\u064a\u0627\u0646\u0629<\/option><option value=\"B\u00e9ja - \u0628\u0627\u062c\u0629\">B\u00e9ja - \u0628\u0627\u062c\u0629<\/option><option value=\"Ben Arous - \u0628\u0646 \u0639\u0631\u0648\u0633\">Ben Arous - \u0628\u0646 \u0639\u0631\u0648\u0633<\/option><option value=\"Bizerte - \u0628\u0646\u0632\u0631\u062a\">Bizerte - \u0628\u0646\u0632\u0631\u062a<\/option><option value=\"Gab\u00e8s - \u0642\u0627\u0628\u0633\">Gab\u00e8s - \u0642\u0627\u0628\u0633<\/option><option value=\"Gafsa - \u0642\u0641\u0635\u0629\">Gafsa - \u0642\u0641\u0635\u0629<\/option><option value=\"Jendouba - \u062c\u0646\u062f\u0648\u0628\u0629\">Jendouba - \u062c\u0646\u062f\u0648\u0628\u0629<\/option><option value=\"Kairouan - \u0627\u0644\u0642\u064a\u0631\u0648\u0627\u0646\">Kairouan - \u0627\u0644\u0642\u064a\u0631\u0648\u0627\u0646<\/option><option value=\"Kasserine - \u0627\u0644\u0642\u0635\u0631\u064a\u0646\">Kasserine - \u0627\u0644\u0642\u0635\u0631\u064a\u0646<\/option><option value=\"K\u00e9bili - \u0642\u0628\u0644\u064a\">K\u00e9bili - \u0642\u0628\u0644\u064a<\/option><option value=\"Le Kef - \u0627\u0644\u0643\u0627\u0641\">Le Kef - \u0627\u0644\u0643\u0627\u0641<\/option><option value=\"Mahdia - \u0627\u0644\u0645\u0647\u062f\u064a\u0629\">Mahdia - \u0627\u0644\u0645\u0647\u062f\u064a\u0629<\/option><option value=\"La Manouba - \u0645\u0646\u0648\u0628\u0629\">La Manouba - \u0645\u0646\u0648\u0628\u0629<\/option><option value=\"M\u00e9denine - \u0645\u062f\u0646\u064a\u0646\">M\u00e9denine - \u0645\u062f\u0646\u064a\u0646<\/option><option value=\"Monastir - \u0627\u0644\u0645\u0646\u0633\u062a\u064a\u0631\">Monastir - \u0627\u0644\u0645\u0646\u0633\u062a\u064a\u0631<\/option><option value=\"Nabeul - \u0646\u0627\u0628\u0644\">Nabeul - \u0646\u0627\u0628\u0644<\/option><option value=\"Sfax - \u0635\u0641\u0627\u0642\u0633\">Sfax - \u0635\u0641\u0627\u0642\u0633<\/option><option value=\"Sidi Bouzid - \u0633\u064a\u062f\u064a \u0628\u0648\u0632\u064a\u062f\">Sidi Bouzid - \u0633\u064a\u062f\u064a \u0628\u0648\u0632\u064a\u062f<\/option><option value=\"Siliana - \u0633\u0644\u064a\u0627\u0646\u0629\">Siliana - \u0633\u0644\u064a\u0627\u0646\u0629<\/option><option value=\"Sousse - \u0633\u0648\u0633\u0629\">Sousse - \u0633\u0648\u0633\u0629<\/option><option value=\"Tataouine - \u062a\u0637\u0627\u0648\u064a\u0646\">Tataouine - \u062a\u0637\u0627\u0648\u064a\u0646<\/option><option value=\"Tozeur - \u062a\u0648\u0632\u0631\">Tozeur - \u062a\u0648\u0632\u0631<\/option><option value=\"Tunis - \u062a\u0648\u0646\u0633\">Tunis - \u062a\u0648\u0646\u0633<\/option><option value=\"Zaghouan - \u0632\u063a\u0648\u0627\u0646\">Zaghouan - \u0632\u063a\u0648\u0627\u0646<\/option><\/select><\/span>\n<\/p>\n<p>Email - \u0627\u0644\u0628\u0631\u064a\u062f \u0627\u0644\u0625\u0644\u0643\u062a\u0631\u0648\u0646\u064a :\n<\/p>\n<p><span class=\"wpcf7-form-control-wrap\" data-name=\"your-email\"><input size=\"40\" maxlength=\"400\" class=\"wpcf7-form-control wpcf7-email wpcf7-validates-as-required wpcf7-text wpcf7-validates-as-email\" aria-required=\"true\" aria-invalid=\"false\" value=\"\" type=\"email\" name=\"your-email\" \/><\/span>\n<\/p>\n<p>Type - \u0627\u0644\u0646\u0648\u0639 :\n<\/p>\n<p><span class=\"wpcf7-form-control-wrap\" data-name=\"Modele\"><span class=\"wpcf7-form-control wpcf7-checkbox wpcf7-validates-as-required\"><span class=\"wpcf7-list-item first\"><label><input type=\"checkbox\" name=\"Modele[]\" value=\"Gerbeur \u00e9lectrique\" \/><span class=\"wpcf7-list-item-label\">Gerbeur \u00e9lectrique<\/span><\/label><\/span><span class=\"wpcf7-list-item last\"><label><input type=\"checkbox\" name=\"Modele[]\" value=\"Gerbeur semi-\u00e9lectrique\" \/><span class=\"wpcf7-list-item-label\">Gerbeur semi-\u00e9lectrique<\/span><\/label><\/span><\/span><\/span>\n<\/p>\n<p><span class=\"wpcf7-form-control-wrap\" data-name=\"checkbox-859\"><span class=\"wpcf7-form-control wpcf7-checkbox wpcf7-validates-as-required\"><span class=\"wpcf7-list-item first last\"><input type=\"checkbox\" name=\"checkbox-859[]\" value=\"J&#039;accepte d&#039;\u00eatre contact\u00e9(e) par les concessionnaires partenaires pour recevoir les offres commerciales.\" checked=\"checked\" \/><span class=\"wpcf7-list-item-label\">J&#039;accepte d&#039;\u00eatre contact\u00e9(e) par les concessionnaires partenaires pour recevoir les offres commerciales.<\/span><\/span><\/span><\/span>\n<\/p>\n<p><input class=\"wpcf7-form-control wpcf7-submit has-spinner\" type=\"submit\" value=\"Envoyer - \u0625\u0631\u0633\u0627\u0644\" \/>\n<\/p><p style=\"display: none !important;\" class=\"akismet-fields-container\" data-prefix=\"_wpcf7_ak_\"><label>&#916;<textarea name=\"_wpcf7_ak_hp_textarea\" cols=\"45\" rows=\"8\" maxlength=\"100\"><\/textarea><\/label><input type=\"hidden\" id=\"ak_js_1\" name=\"_wpcf7_ak_js\" value=\"7\"\/><script>document.getElementById( \"ak_js_1\" ).setAttribute( \"value\", ( new Date() ).getTime() );<\/script><\/p><div class=\"wpcf7-response-output\" aria-hidden=\"true\"><\/div>\n<\/form>\n<\/div>\n\n","protected":false},"excerpt":{"rendered":"<p>Prix gerbeur \u00e9lectrique Hangcha neuf en Tunisie : Prix gerbeur \u00e9lectrique Hangcha 1.6T neuf en Tunisie Pr\u00e9sent dans 150 pays, HANGCHA r\u00e9alise plus d\u2019un milliard d\u2019euro de chiffre d\u2019affaires. Aujourd\u2019hui au 6e rang mondial des constructeurs, Hangcha vend une machine de magasinage dont des gerbeurs \u00e9lectriques toutes les 2 minutes dans le monde. Install\u00e9 \u00e0 &#8230; <a title=\"Prix gerbeur \u00e9lectrique Hangcha neuf en Tunisie\" class=\"read-more\" href=\"https:\/\/motors.tn\/magazine\/prix-materiels-de-magasinage\/gerbeur\/prix-gerbeur-electrique-hangcha-neuf-en-tunisie\/\" aria-label=\"En savoir plus sur Prix gerbeur \u00e9lectrique Hangcha neuf en Tunisie\">Lire la suite<\/a><\/p>\n","protected":false},"author":19342,"featured_media":0,"parent":465669,"menu_order":0,"comment_status":"closed","ping_status":"closed","template":"","meta":{"footnotes":""},"class_list":["post-467409","page","type-page","status-publish"],"yoast_head":"<!-- This site is optimized with the Yoast SEO plugin v25.7 - https:\/\/yoast.com\/wordpress\/plugins\/seo\/ -->\n<title>Prix gerbeur \u00e9lectrique Hangcha neuf en Tunisie - Motors.tn<\/title>\n<meta name=\"description\" content=\"Prix gerbeur \u00e9lectrique Hangcha neuf en Tunisie : Gerbeur \u00e9lectrique Hangcha \u00e0 vendre en Tunisie, gerbeur \u00e9lectrique Hangcha Tunisie\" \/>\n<meta name=\"robots\" content=\"index, follow, max-snippet:-1, max-image-preview:large, max-video-preview:-1\" \/>\n<link rel=\"canonical\" href=\"https:\/\/motors.tn\/magazine\/prix-materiels-de-magasinage\/gerbeur\/prix-gerbeur-electrique-hangcha-neuf-en-tunisie\/\" \/>\n<meta property=\"og:locale\" content=\"fr_FR\" \/>\n<meta property=\"og:type\" content=\"article\" \/>\n<meta property=\"og:title\" content=\"Prix gerbeur \u00e9lectrique Hangcha neuf en Tunisie - Motors.tn\" \/>\n<meta property=\"og:description\" content=\"Prix gerbeur \u00e9lectrique Hangcha neuf en Tunisie : Gerbeur \u00e9lectrique Hangcha \u00e0 vendre en Tunisie, gerbeur \u00e9lectrique Hangcha Tunisie\" \/>\n<meta property=\"og:url\" content=\"https:\/\/motors.tn\/magazine\/prix-materiels-de-magasinage\/gerbeur\/prix-gerbeur-electrique-hangcha-neuf-en-tunisie\/\" \/>\n<meta property=\"og:site_name\" content=\"Motors.tn\" \/>\n<meta property=\"article:modified_time\" content=\"2023-07-18T20:08:18+00:00\" \/>\n<meta property=\"og:image\" content=\"https:\/\/motors.tn\/magazine\/wp-content\/uploads\/2022\/10\/Gerbeur-lithium-05-e1689710819917.png\" \/>\n<meta name=\"twitter:label1\" content=\"Dur\u00e9e de lecture estim\u00e9e\" \/>\n\t<meta name=\"twitter:data1\" content=\"1 minute\" \/>\n<script type=\"application\/ld+json\" class=\"yoast-schema-graph\">{\"@context\":\"https:\/\/schema.org\",\"@graph\":[{\"@type\":\"WebPage\",\"@id\":\"https:\/\/motors.tn\/magazine\/prix-materiels-de-magasinage\/gerbeur\/prix-gerbeur-electrique-hangcha-neuf-en-tunisie\/\",\"url\":\"https:\/\/motors.tn\/magazine\/prix-materiels-de-magasinage\/gerbeur\/prix-gerbeur-electrique-hangcha-neuf-en-tunisie\/\",\"name\":\"Prix gerbeur \u00e9lectrique Hangcha neuf en Tunisie - Motors.tn\",\"isPartOf\":{\"@id\":\"https:\/\/motors.tn\/magazine\/#website\"},\"datePublished\":\"2022-10-03T17:07:23+00:00\",\"dateModified\":\"2023-07-18T20:08:18+00:00\",\"description\":\"Prix gerbeur \u00e9lectrique Hangcha neuf en Tunisie : Gerbeur \u00e9lectrique Hangcha \u00e0 vendre en Tunisie, gerbeur \u00e9lectrique Hangcha Tunisie\",\"breadcrumb\":{\"@id\":\"https:\/\/motors.tn\/magazine\/prix-materiels-de-magasinage\/gerbeur\/prix-gerbeur-electrique-hangcha-neuf-en-tunisie\/#breadcrumb\"},\"inLanguage\":\"fr-FR\",\"potentialAction\":[{\"@type\":\"ReadAction\",\"target\":[\"https:\/\/motors.tn\/magazine\/prix-materiels-de-magasinage\/gerbeur\/prix-gerbeur-electrique-hangcha-neuf-en-tunisie\/\"]}]},{\"@type\":\"BreadcrumbList\",\"@id\":\"https:\/\/motors.tn\/magazine\/prix-materiels-de-magasinage\/gerbeur\/prix-gerbeur-electrique-hangcha-neuf-en-tunisie\/#breadcrumb\",\"itemListElement\":[{\"@type\":\"ListItem\",\"position\":1,\"name\":\"Motors.tn\",\"item\":\"https:\/\/motors.tn\/magazine\/\"},{\"@type\":\"ListItem\",\"position\":2,\"name\":\"Prix mat\u00e9riels de magasinage en Tunisie\",\"item\":\"https:\/\/motors.tn\/magazine\/prix-materiels-de-magasinage\/\"},{\"@type\":\"ListItem\",\"position\":3,\"name\":\"Prix gerbeur \u00e9lectrique neuf en Tunisie\",\"item\":\"https:\/\/motors.tn\/magazine\/prix-materiels-de-magasinage\/gerbeur\/\"},{\"@type\":\"ListItem\",\"position\":4,\"name\":\"Prix gerbeur \u00e9lectrique Hangcha neuf en Tunisie\"}]},{\"@type\":\"WebSite\",\"@id\":\"https:\/\/motors.tn\/magazine\/#website\",\"url\":\"https:\/\/motors.tn\/magazine\/\",\"name\":\"Motors.tn\",\"description\":\"Actualit\u00e9, prix du neuf et guide d&#039;achat\",\"publisher\":{\"@id\":\"https:\/\/motors.tn\/magazine\/#organization\"},\"potentialAction\":[{\"@type\":\"SearchAction\",\"target\":{\"@type\":\"EntryPoint\",\"urlTemplate\":\"https:\/\/motors.tn\/magazine\/?s={search_term_string}\"},\"query-input\":{\"@type\":\"PropertyValueSpecification\",\"valueRequired\":true,\"valueName\":\"search_term_string\"}}],\"inLanguage\":\"fr-FR\"},{\"@type\":\"Organization\",\"@id\":\"https:\/\/motors.tn\/magazine\/#organization\",\"name\":\"Strat\u00e9gie Digitale\",\"url\":\"https:\/\/motors.tn\/magazine\/\",\"logo\":{\"@type\":\"ImageObject\",\"inLanguage\":\"fr-FR\",\"@id\":\"https:\/\/motors.tn\/magazine\/#\/schema\/logo\/image\/\",\"url\":\"https:\/\/motors.tn\/magazine\/wp-content\/uploads\/2020\/05\/cropped-cropped-logo9bleu.png\",\"contentUrl\":\"https:\/\/motors.tn\/magazine\/wp-content\/uploads\/2020\/05\/cropped-cropped-logo9bleu.png\",\"width\":277,\"height\":44,\"caption\":\"Strat\u00e9gie Digitale\"},\"image\":{\"@id\":\"https:\/\/motors.tn\/magazine\/#\/schema\/logo\/image\/\"}}]}<\/script>\n<!-- \/ Yoast SEO plugin. -->","yoast_head_json":{"title":"Prix gerbeur \u00e9lectrique Hangcha neuf en Tunisie - Motors.tn","description":"Prix gerbeur \u00e9lectrique Hangcha neuf en Tunisie : Gerbeur \u00e9lectrique Hangcha \u00e0 vendre en Tunisie, gerbeur \u00e9lectrique Hangcha Tunisie","robots":{"index":"index","follow":"follow","max-snippet":"max-snippet:-1","max-image-preview":"max-image-preview:large","max-video-preview":"max-video-preview:-1"},"canonical":"https:\/\/motors.tn\/magazine\/prix-materiels-de-magasinage\/gerbeur\/prix-gerbeur-electrique-hangcha-neuf-en-tunisie\/","og_locale":"fr_FR","og_type":"article","og_title":"Prix gerbeur \u00e9lectrique Hangcha neuf en Tunisie - Motors.tn","og_description":"Prix gerbeur \u00e9lectrique Hangcha neuf en Tunisie : Gerbeur \u00e9lectrique Hangcha \u00e0 vendre en Tunisie, gerbeur \u00e9lectrique Hangcha Tunisie","og_url":"https:\/\/motors.tn\/magazine\/prix-materiels-de-magasinage\/gerbeur\/prix-gerbeur-electrique-hangcha-neuf-en-tunisie\/","og_site_name":"Motors.tn","article_modified_time":"2023-07-18T20:08:18+00:00","og_image":[{"url":"https:\/\/motors.tn\/magazine\/wp-content\/uploads\/2022\/10\/Gerbeur-lithium-05-e1689710819917.png","type":"","width":"","height":""}],"twitter_misc":{"Dur\u00e9e de lecture estim\u00e9e":"1 minute"},"schema":{"@context":"https:\/\/schema.org","@graph":[{"@type":"WebPage","@id":"https:\/\/motors.tn\/magazine\/prix-materiels-de-magasinage\/gerbeur\/prix-gerbeur-electrique-hangcha-neuf-en-tunisie\/","url":"https:\/\/motors.tn\/magazine\/prix-materiels-de-magasinage\/gerbeur\/prix-gerbeur-electrique-hangcha-neuf-en-tunisie\/","name":"Prix gerbeur \u00e9lectrique Hangcha neuf en Tunisie - Motors.tn","isPartOf":{"@id":"https:\/\/motors.tn\/magazine\/#website"},"datePublished":"2022-10-03T17:07:23+00:00","dateModified":"2023-07-18T20:08:18+00:00","description":"Prix gerbeur \u00e9lectrique Hangcha neuf en Tunisie : Gerbeur \u00e9lectrique Hangcha \u00e0 vendre en Tunisie, gerbeur \u00e9lectrique Hangcha Tunisie","breadcrumb":{"@id":"https:\/\/motors.tn\/magazine\/prix-materiels-de-magasinage\/gerbeur\/prix-gerbeur-electrique-hangcha-neuf-en-tunisie\/#breadcrumb"},"inLanguage":"fr-FR","potentialAction":[{"@type":"ReadAction","target":["https:\/\/motors.tn\/magazine\/prix-materiels-de-magasinage\/gerbeur\/prix-gerbeur-electrique-hangcha-neuf-en-tunisie\/"]}]},{"@type":"BreadcrumbList","@id":"https:\/\/motors.tn\/magazine\/prix-materiels-de-magasinage\/gerbeur\/prix-gerbeur-electrique-hangcha-neuf-en-tunisie\/#breadcrumb","itemListElement":[{"@type":"ListItem","position":1,"name":"Motors.tn","item":"https:\/\/motors.tn\/magazine\/"},{"@type":"ListItem","position":2,"name":"Prix mat\u00e9riels de magasinage en Tunisie","item":"https:\/\/motors.tn\/magazine\/prix-materiels-de-magasinage\/"},{"@type":"ListItem","position":3,"name":"Prix gerbeur \u00e9lectrique neuf en Tunisie","item":"https:\/\/motors.tn\/magazine\/prix-materiels-de-magasinage\/gerbeur\/"},{"@type":"ListItem","position":4,"name":"Prix gerbeur \u00e9lectrique Hangcha neuf en Tunisie"}]},{"@type":"WebSite","@id":"https:\/\/motors.tn\/magazine\/#website","url":"https:\/\/motors.tn\/magazine\/","name":"Motors.tn","description":"Actualit\u00e9, prix du neuf et guide d&#039;achat","publisher":{"@id":"https:\/\/motors.tn\/magazine\/#organization"},"potentialAction":[{"@type":"SearchAction","target":{"@type":"EntryPoint","urlTemplate":"https:\/\/motors.tn\/magazine\/?s={search_term_string}"},"query-input":{"@type":"PropertyValueSpecification","valueRequired":true,"valueName":"search_term_string"}}],"inLanguage":"fr-FR"},{"@type":"Organization","@id":"https:\/\/motors.tn\/magazine\/#organization","name":"Strat\u00e9gie Digitale","url":"https:\/\/motors.tn\/magazine\/","logo":{"@type":"ImageObject","inLanguage":"fr-FR","@id":"https:\/\/motors.tn\/magazine\/#\/schema\/logo\/image\/","url":"https:\/\/motors.tn\/magazine\/wp-content\/uploads\/2020\/05\/cropped-cropped-logo9bleu.png","contentUrl":"https:\/\/motors.tn\/magazine\/wp-content\/uploads\/2020\/05\/cropped-cropped-logo9bleu.png","width":277,"height":44,"caption":"Strat\u00e9gie Digitale"},"image":{"@id":"https:\/\/motors.tn\/magazine\/#\/schema\/logo\/image\/"}}]}},"_links":{"self":[{"href":"https:\/\/motors.tn\/magazine\/wp-json\/wp\/v2\/pages\/467409","targetHints":{"allow":["GET"]}}],"collection":[{"href":"https:\/\/motors.tn\/magazine\/wp-json\/wp\/v2\/pages"}],"about":[{"href":"https:\/\/motors.tn\/magazine\/wp-json\/wp\/v2\/types\/page"}],"author":[{"embeddable":true,"href":"https:\/\/motors.tn\/magazine\/wp-json\/wp\/v2\/users\/19342"}],"replies":[{"embeddable":true,"href":"https:\/\/motors.tn\/magazine\/wp-json\/wp\/v2\/comments?post=467409"}],"version-history":[{"count":0,"href":"https:\/\/motors.tn\/magazine\/wp-json\/wp\/v2\/pages\/467409\/revisions"}],"up":[{"embeddable":true,"href":"https:\/\/motors.tn\/magazine\/wp-json\/wp\/v2\/pages\/465669"}],"wp:attachment":[{"href":"https:\/\/motors.tn\/magazine\/wp-json\/wp\/v2\/media?parent=467409"}],"curies":[{"name":"wp","href":"https:\/\/api.w.org\/{rel}","templated":true}]}}