{"id":477503,"date":"2023-01-22T20:13:19","date_gmt":"2023-01-22T19:13:19","guid":{"rendered":"https:\/\/motors.tn\/magazine\/?page_id=477503"},"modified":"2026-02-26T22:04:00","modified_gmt":"2026-02-26T21:04:00","slug":"expert","status":"publish","type":"page","link":"https:\/\/motors.tn\/magazine\/prix-voiture-commerciale-utilitaire-fourgon-neuve-en-tunisie\/peugeot\/expert\/","title":{"rendered":"Prix voiture commerciale utilitaire fourgon Peugeot Expert neuve en Tunisie"},"content":{"rendered":"<p><a href=\"https:\/\/motors.tn\/magazine\/prix-voiture-commerciale-utilitaire-fourgon-neuve-en-tunisie\/peugeot\/\">Prix voiture commerciale utilitaire fourgon Peugeot<\/a> Expert neuve en Tunisie : Demande de devis en ligne, charge utile, \u00e9quipements, options, puissance moteur, photos et fiche technique.<\/p>\n<p><img decoding=\"async\" class=\"wp-image-501812 size-full aligncenter\" src=\"https:\/\/motors.tn\/magazine\/wp-content\/uploads\/2026\/02\/Peugeot-Expert-neuve-en-Tunisie.png\" alt=\"\" width=\"950\" height=\"616\" srcset=\"https:\/\/motors.tn\/magazine\/wp-content\/uploads\/2026\/02\/Peugeot-Expert-neuve-en-Tunisie.png 950w, https:\/\/motors.tn\/magazine\/wp-content\/uploads\/2026\/02\/Peugeot-Expert-neuve-en-Tunisie-300x195.png 300w, https:\/\/motors.tn\/magazine\/wp-content\/uploads\/2026\/02\/Peugeot-Expert-neuve-en-Tunisie-768x498.png 768w\" sizes=\"(max-width: 950px) 100vw, 950px\" \/><\/p>\n<div id='gallery-1' class='gallery galleryid-477503 gallery-columns-1 gallery-size-full'><figure class='gallery-item'>\n\t\t\t<div class='gallery-icon landscape'>\n\t\t\t\t<img decoding=\"async\" width=\"950\" height=\"398\" src=\"https:\/\/motors.tn\/magazine\/wp-content\/uploads\/2026\/02\/Peugeot-Expert-neuve-en-Tunisie-3.png\" class=\"attachment-full size-full\" alt=\"\" srcset=\"https:\/\/motors.tn\/magazine\/wp-content\/uploads\/2026\/02\/Peugeot-Expert-neuve-en-Tunisie-3.png 950w, https:\/\/motors.tn\/magazine\/wp-content\/uploads\/2026\/02\/Peugeot-Expert-neuve-en-Tunisie-3-300x126.png 300w, https:\/\/motors.tn\/magazine\/wp-content\/uploads\/2026\/02\/Peugeot-Expert-neuve-en-Tunisie-3-768x322.png 768w\" sizes=\"(max-width: 950px) 100vw, 950px\" \/>\n\t\t\t<\/div><\/figure><figure class='gallery-item'>\n\t\t\t<div class='gallery-icon landscape'>\n\t\t\t\t<img decoding=\"async\" width=\"950\" height=\"616\" src=\"https:\/\/motors.tn\/magazine\/wp-content\/uploads\/2026\/02\/Peugeot-Expert-neuve-en-Tunisie-4.png\" class=\"attachment-full size-full\" alt=\"\" srcset=\"https:\/\/motors.tn\/magazine\/wp-content\/uploads\/2026\/02\/Peugeot-Expert-neuve-en-Tunisie-4.png 950w, https:\/\/motors.tn\/magazine\/wp-content\/uploads\/2026\/02\/Peugeot-Expert-neuve-en-Tunisie-4-300x195.png 300w, https:\/\/motors.tn\/magazine\/wp-content\/uploads\/2026\/02\/Peugeot-Expert-neuve-en-Tunisie-4-768x498.png 768w\" sizes=\"(max-width: 950px) 100vw, 950px\" \/>\n\t\t\t<\/div><\/figure><figure class='gallery-item'>\n\t\t\t<div class='gallery-icon landscape'>\n\t\t\t\t<img decoding=\"async\" width=\"950\" height=\"488\" src=\"https:\/\/motors.tn\/magazine\/wp-content\/uploads\/2026\/02\/Peugeot-Expert-neuve-en-Tunisie-2.png\" class=\"attachment-full size-full\" alt=\"\" srcset=\"https:\/\/motors.tn\/magazine\/wp-content\/uploads\/2026\/02\/Peugeot-Expert-neuve-en-Tunisie-2.png 950w, https:\/\/motors.tn\/magazine\/wp-content\/uploads\/2026\/02\/Peugeot-Expert-neuve-en-Tunisie-2-300x154.png 300w, https:\/\/motors.tn\/magazine\/wp-content\/uploads\/2026\/02\/Peugeot-Expert-neuve-en-Tunisie-2-768x395.png 768w\" sizes=\"(max-width: 950px) 100vw, 950px\" \/>\n\t\t\t<\/div><\/figure><figure class='gallery-item'>\n\t\t\t<div class='gallery-icon landscape'>\n\t\t\t\t<img decoding=\"async\" width=\"950\" height=\"440\" src=\"https:\/\/motors.tn\/magazine\/wp-content\/uploads\/2026\/02\/Peugeot-Expert-neuve-en-Tunisie-5.jpg\" class=\"attachment-full size-full\" alt=\"\" srcset=\"https:\/\/motors.tn\/magazine\/wp-content\/uploads\/2026\/02\/Peugeot-Expert-neuve-en-Tunisie-5.jpg 950w, https:\/\/motors.tn\/magazine\/wp-content\/uploads\/2026\/02\/Peugeot-Expert-neuve-en-Tunisie-5-300x139.jpg 300w, https:\/\/motors.tn\/magazine\/wp-content\/uploads\/2026\/02\/Peugeot-Expert-neuve-en-Tunisie-5-768x356.jpg 768w\" sizes=\"(max-width: 950px) 100vw, 950px\" \/>\n\t\t\t<\/div><\/figure>\n\t\t<\/div>\n\n<p style=\"text-align: justify;\">Le fourgon utilitaire Peugeot Expert profite de sa nouvelle plateforme pour vous proposer la meilleure habitabilit\u00e9 et ainsi faciliter votre activit\u00e9 professionnelle. Chaque profession \u00e0 des attentes particuli\u00e8res et pour r\u00e9pondre au moins \u00e0 tous ces besoins, le fourgon utilitaire commercial Peugeot Expert se d\u00e9cline en de multiples versions.<\/p>\n<p style=\"text-align: justify;\">Avec le fourgon utilitaire Peugeot Expert, vous b\u00e9n\u00e9ficierez d\u2019une voiture commerciale qui se d\u00e9marque des autres. La face avant est clairement inspir\u00e9e des cr\u00e9ations Peugeot. La calandre verticale et les optiques au dessin travaill\u00e9 donne une impression de robustesse au Peugeot Expert.<\/p>\n<p style=\"text-align: justify;\">L\u2019int\u00e9rieur du Peugeot Expert est moderne et vous vous sentirez \u00e0 l\u2019aise \u00e0 son volant.\u00a0Le fourgon utilitaire Peugeot Expert est \u00e9quip\u00e9 d\u2019une banquette Moduwork offrant une excellente modularit\u00e9 pour profiter des places inoccup\u00e9es. Ainsi le si\u00e8ge passager lat\u00e9ral se rel\u00e8ve pour d\u00e9gager un espace avec un planch\u00e9 plat. L\u2019accoudoir central est \u00e9galement \u00e9quip\u00e9 d\u2019une tablette pivotante pour faciliter la prise de note ou pour pouvoir poser par exemple un ordinateur portable.<\/p>\n<p><strong>Fiche technique Peugeot Expert :\u00a0<\/strong><\/p>\n<h4><strong>Motorisation :<\/strong><\/h4>\n<ul>\n<li>Nombre de cylindres : 4<\/li>\n<li>Cylindr\u00e9e : 1997 cc<\/li>\n<li>Energie : Diesel<\/li>\n<li>Puissance fiscale : 9 CV<\/li>\n<li>Puissance maximale : 150 ch<\/li>\n<li>Couple maximal : 370 N.m<\/li>\n<li>Consommation moyenne (L\/Km) : 5,5 L\/100KM<\/li>\n<\/ul>\n<h4><strong>Transmission :<\/strong><\/h4>\n<ul>\n<li>Type de bo\u00eete : Manuelle<\/li>\n<li>Nombre de rapports : 6<\/li>\n<\/ul>\n<h4><strong>Charge utile :<\/strong><\/h4>\n<ul>\n<li>Charge utile : 1000 Kg<\/li>\n<\/ul>\n<hr \/>\n<h2 style=\"text-align: justify;\"><strong>Demande de prix \/ Demande de devis pour voiture commerciale utilitaire fourgon Peugeot neuve en Tunisie <\/strong><\/h2>\n<p style=\"text-align: justify;\">\n<div class=\"wpcf7 no-js\" id=\"wpcf7-f492612-o1\" lang=\"fr-FR\" dir=\"ltr\" data-wpcf7-id=\"492612\">\n<div class=\"screen-reader-response\"><p role=\"status\" aria-live=\"polite\" aria-atomic=\"true\"><\/p> <ul><\/ul><\/div>\n<form action=\"\/magazine\/wp-json\/wp\/v2\/pages\/477503#wpcf7-f492612-o1\" method=\"post\" class=\"wpcf7-form init\" aria-label=\"Formulaire de contact\" novalidate=\"novalidate\" data-status=\"init\">\n<fieldset class=\"hidden-fields-container\"><input type=\"hidden\" name=\"_wpcf7\" value=\"492612\" \/><input type=\"hidden\" name=\"_wpcf7_version\" value=\"6.1.1\" \/><input type=\"hidden\" name=\"_wpcf7_locale\" value=\"fr_FR\" \/><input type=\"hidden\" name=\"_wpcf7_unit_tag\" value=\"wpcf7-f492612-o1\" \/><input type=\"hidden\" name=\"_wpcf7_container_post\" value=\"0\" \/><input type=\"hidden\" name=\"_wpcf7_posted_data_hash\" value=\"\" \/>\n<\/fieldset>\n<p>Nom et pr\u00e9nom - \u0627\u0644\u0625\u0633\u0645 \u0648 \u0627\u0644\u0644\u0642\u0628 :<br \/>\n<span class=\"wpcf7-form-control-wrap\" data-name=\"your-name\"><input size=\"40\" maxlength=\"400\" class=\"wpcf7-form-control wpcf7-text wpcf7-validates-as-required\" aria-required=\"true\" aria-invalid=\"false\" value=\"\" type=\"text\" name=\"your-name\" \/><\/span>\n<\/p>\n<p> Soci\u00e9t\u00e9 - \u0627\u0644\u0634\u0631\u0643\u0629 :<br \/>\n<span class=\"wpcf7-form-control-wrap\" data-name=\"your-ste\"><input size=\"40\" maxlength=\"400\" class=\"wpcf7-form-control wpcf7-text wpcf7-validates-as-required\" aria-required=\"true\" aria-invalid=\"false\" value=\"\" type=\"text\" name=\"your-ste\" \/><\/span>\n<\/p>\n<p>T\u00e9l\u00e9phone - \u0627\u0644\u0647\u0627\u062a\u0641 :\n<\/p>\n<p><span class=\"wpcf7-form-control-wrap\" data-name=\"your-tel\"><input size=\"40\" maxlength=\"400\" class=\"wpcf7-form-control wpcf7-tel wpcf7-validates-as-required wpcf7-text wpcf7-validates-as-tel\" aria-required=\"true\" aria-invalid=\"false\" value=\"\" type=\"tel\" name=\"your-tel\" \/><\/span>\n<\/p>\n<p>Gouvernorat - \u0627\u0644\u0648\u0644\u0627\u064a\u0629 :\n<\/p>\n<p><span class=\"wpcf7-form-control-wrap\" data-name=\"your-gouvernorat\"><select class=\"wpcf7-form-control wpcf7-select wpcf7-validates-as-required\" aria-required=\"true\" aria-invalid=\"false\" name=\"your-gouvernorat\"><option value=\"\">&#8212;Veuillez choisir une option&#8212;<\/option><option value=\"Ariana - \u0623\u0631\u064a\u0627\u0646\u0629\">Ariana - \u0623\u0631\u064a\u0627\u0646\u0629<\/option><option value=\"B\u00e9ja - \u0628\u0627\u062c\u0629\">B\u00e9ja - \u0628\u0627\u062c\u0629<\/option><option value=\"Ben Arous - \u0628\u0646 \u0639\u0631\u0648\u0633\">Ben Arous - \u0628\u0646 \u0639\u0631\u0648\u0633<\/option><option value=\"Bizerte - \u0628\u0646\u0632\u0631\u062a\">Bizerte - \u0628\u0646\u0632\u0631\u062a<\/option><option value=\"Gab\u00e8s - \u0642\u0627\u0628\u0633\">Gab\u00e8s - \u0642\u0627\u0628\u0633<\/option><option value=\"Gafsa - \u0642\u0641\u0635\u0629\">Gafsa - \u0642\u0641\u0635\u0629<\/option><option value=\"Jendouba - \u062c\u0646\u062f\u0648\u0628\u0629\">Jendouba - \u062c\u0646\u062f\u0648\u0628\u0629<\/option><option value=\"Kairouan - \u0627\u0644\u0642\u064a\u0631\u0648\u0627\u0646\">Kairouan - \u0627\u0644\u0642\u064a\u0631\u0648\u0627\u0646<\/option><option value=\"Kasserine - \u0627\u0644\u0642\u0635\u0631\u064a\u0646\">Kasserine - \u0627\u0644\u0642\u0635\u0631\u064a\u0646<\/option><option value=\"K\u00e9bili - \u0642\u0628\u0644\u064a\">K\u00e9bili - \u0642\u0628\u0644\u064a<\/option><option value=\"Le Kef - \u0627\u0644\u0643\u0627\u0641\">Le Kef - \u0627\u0644\u0643\u0627\u0641<\/option><option value=\"Mahdia - \u0627\u0644\u0645\u0647\u062f\u064a\u0629\">Mahdia - \u0627\u0644\u0645\u0647\u062f\u064a\u0629<\/option><option value=\"La Manouba - \u0645\u0646\u0648\u0628\u0629\">La Manouba - \u0645\u0646\u0648\u0628\u0629<\/option><option value=\"M\u00e9denine - \u0645\u062f\u0646\u064a\u0646\">M\u00e9denine - \u0645\u062f\u0646\u064a\u0646<\/option><option value=\"Monastir - \u0627\u0644\u0645\u0646\u0633\u062a\u064a\u0631\">Monastir - \u0627\u0644\u0645\u0646\u0633\u062a\u064a\u0631<\/option><option value=\"Nabeul - \u0646\u0627\u0628\u0644\">Nabeul - \u0646\u0627\u0628\u0644<\/option><option value=\"Sfax - \u0635\u0641\u0627\u0642\u0633\">Sfax - \u0635\u0641\u0627\u0642\u0633<\/option><option value=\"Sidi Bouzid - \u0633\u064a\u062f\u064a \u0628\u0648\u0632\u064a\u062f\">Sidi Bouzid - \u0633\u064a\u062f\u064a \u0628\u0648\u0632\u064a\u062f<\/option><option value=\"Siliana - \u0633\u0644\u064a\u0627\u0646\u0629\">Siliana - \u0633\u0644\u064a\u0627\u0646\u0629<\/option><option value=\"Sousse - \u0633\u0648\u0633\u0629\">Sousse - \u0633\u0648\u0633\u0629<\/option><option value=\"Tataouine - \u062a\u0637\u0627\u0648\u064a\u0646\">Tataouine - \u062a\u0637\u0627\u0648\u064a\u0646<\/option><option value=\"Tozeur - \u062a\u0648\u0632\u0631\">Tozeur - \u062a\u0648\u0632\u0631<\/option><option value=\"Tunis - \u062a\u0648\u0646\u0633\">Tunis - \u062a\u0648\u0646\u0633<\/option><option value=\"Zaghouan - \u0632\u063a\u0648\u0627\u0646\">Zaghouan - \u0632\u063a\u0648\u0627\u0646<\/option><\/select><\/span>\n<\/p>\n<p>Email - \u0627\u0644\u0628\u0631\u064a\u062f \u0627\u0644\u0625\u0644\u0643\u062a\u0631\u0648\u0646\u064a :\n<\/p>\n<p><span class=\"wpcf7-form-control-wrap\" data-name=\"your-email\"><input size=\"40\" maxlength=\"400\" class=\"wpcf7-form-control wpcf7-email wpcf7-validates-as-required wpcf7-text wpcf7-validates-as-email\" aria-required=\"true\" aria-invalid=\"false\" value=\"\" type=\"email\" name=\"your-email\" \/><\/span>\n<\/p>\n<p>Mod\u00e8le - \u0627\u0644\u0646\u0648\u0639 :\n<\/p>\n<p><span class=\"wpcf7-form-control-wrap\" data-name=\"Modele\"><span class=\"wpcf7-form-control wpcf7-checkbox wpcf7-validates-as-required\"><span class=\"wpcf7-list-item first\"><label><input type=\"checkbox\" name=\"Modele[]\" value=\"Peugeot Partner\" \/><span class=\"wpcf7-list-item-label\">Peugeot Partner<\/span><\/label><\/span><span class=\"wpcf7-list-item\"><label><input type=\"checkbox\" name=\"Modele[]\" value=\"Peugeot Expert\" \/><span class=\"wpcf7-list-item-label\">Peugeot Expert<\/span><\/label><\/span><span class=\"wpcf7-list-item last\"><label><input type=\"checkbox\" name=\"Modele[]\" value=\"Peugeot Boxer\" \/><span class=\"wpcf7-list-item-label\">Peugeot Boxer<\/span><\/label><\/span><\/span><\/span>\n<\/p>\n<p><input class=\"wpcf7-form-control wpcf7-submit has-spinner\" type=\"submit\" value=\"Envoyer - \u0625\u0631\u0633\u0627\u0644\" \/>\n<\/p><p style=\"display: none !important;\" class=\"akismet-fields-container\" data-prefix=\"_wpcf7_ak_\"><label>&#916;<textarea name=\"_wpcf7_ak_hp_textarea\" cols=\"45\" rows=\"8\" maxlength=\"100\"><\/textarea><\/label><input type=\"hidden\" id=\"ak_js_1\" name=\"_wpcf7_ak_js\" value=\"141\"\/><script>document.getElementById( \"ak_js_1\" ).setAttribute( \"value\", ( new Date() ).getTime() );<\/script><\/p><div class=\"wpcf7-response-output\" aria-hidden=\"true\"><\/div>\n<\/form>\n<\/div>\n<\/p>\n","protected":false},"excerpt":{"rendered":"<p>Prix voiture commerciale utilitaire fourgon Peugeot Expert neuve en Tunisie : Demande de devis en ligne, charge utile, \u00e9quipements, options, puissance moteur, photos et fiche technique. Le fourgon utilitaire Peugeot Expert profite de sa nouvelle plateforme pour vous proposer la meilleure habitabilit\u00e9 et ainsi faciliter votre activit\u00e9 professionnelle. Chaque profession \u00e0 des attentes particuli\u00e8res et &#8230; <a title=\"Prix voiture commerciale utilitaire fourgon Peugeot Expert neuve en Tunisie\" class=\"read-more\" href=\"https:\/\/motors.tn\/magazine\/prix-voiture-commerciale-utilitaire-fourgon-neuve-en-tunisie\/peugeot\/expert\/\" aria-label=\"En savoir plus sur Prix voiture commerciale utilitaire fourgon Peugeot Expert neuve en Tunisie\">Lire la suite<\/a><\/p>\n","protected":false},"author":1,"featured_media":0,"parent":477500,"menu_order":0,"comment_status":"closed","ping_status":"closed","template":"","meta":{"footnotes":""},"class_list":["post-477503","page","type-page","status-publish"],"yoast_head":"<!-- This site is optimized with the Yoast SEO plugin v25.7 - https:\/\/yoast.com\/wordpress\/plugins\/seo\/ -->\n<title>Prix voiture commerciale utilitaire fourgon Peugeot Expert neuve en Tunisie - Motors.tn<\/title>\n<meta name=\"description\" content=\"Prix voiture commerciale utilitaire fourgon Peugeot Expert neuve en Tunisie: fiche technique et leasing Peugeot Expert \u00e0 vendre en Tunisie\" \/>\n<meta name=\"robots\" content=\"index, follow, max-snippet:-1, max-image-preview:large, max-video-preview:-1\" \/>\n<link rel=\"canonical\" href=\"https:\/\/motors.tn\/magazine\/prix-voiture-commerciale-utilitaire-fourgon-neuve-en-tunisie\/peugeot\/expert\/\" \/>\n<meta property=\"og:locale\" content=\"fr_FR\" \/>\n<meta property=\"og:type\" content=\"article\" \/>\n<meta property=\"og:title\" content=\"Prix voiture commerciale utilitaire fourgon Peugeot Expert neuve en Tunisie - Motors.tn\" \/>\n<meta property=\"og:description\" content=\"Prix voiture commerciale utilitaire fourgon Peugeot Expert neuve en Tunisie: fiche technique et leasing Peugeot Expert \u00e0 vendre en Tunisie\" \/>\n<meta property=\"og:url\" content=\"https:\/\/motors.tn\/magazine\/prix-voiture-commerciale-utilitaire-fourgon-neuve-en-tunisie\/peugeot\/expert\/\" \/>\n<meta property=\"og:site_name\" content=\"Motors.tn\" \/>\n<meta property=\"article:modified_time\" content=\"2026-02-26T21:04:00+00:00\" \/>\n<meta property=\"og:image\" content=\"https:\/\/motors.tn\/magazine\/wp-content\/uploads\/2026\/02\/Peugeot-Expert-neuve-en-Tunisie-3.png\" \/>\n<meta name=\"twitter:label1\" content=\"Dur\u00e9e de lecture estim\u00e9e\" \/>\n\t<meta name=\"twitter:data1\" content=\"2 minutes\" \/>\n<script type=\"application\/ld+json\" class=\"yoast-schema-graph\">{\"@context\":\"https:\/\/schema.org\",\"@graph\":[{\"@type\":\"WebPage\",\"@id\":\"https:\/\/motors.tn\/magazine\/prix-voiture-commerciale-utilitaire-fourgon-neuve-en-tunisie\/peugeot\/expert\/\",\"url\":\"https:\/\/motors.tn\/magazine\/prix-voiture-commerciale-utilitaire-fourgon-neuve-en-tunisie\/peugeot\/expert\/\",\"name\":\"Prix voiture commerciale utilitaire fourgon Peugeot Expert neuve en Tunisie - Motors.tn\",\"isPartOf\":{\"@id\":\"https:\/\/motors.tn\/magazine\/#website\"},\"primaryImageOfPage\":{\"@id\":\"https:\/\/motors.tn\/magazine\/prix-voiture-commerciale-utilitaire-fourgon-neuve-en-tunisie\/peugeot\/expert\/#primaryimage\"},\"image\":{\"@id\":\"https:\/\/motors.tn\/magazine\/prix-voiture-commerciale-utilitaire-fourgon-neuve-en-tunisie\/peugeot\/expert\/#primaryimage\"},\"thumbnailUrl\":\"https:\/\/motors.tn\/magazine\/wp-content\/uploads\/2026\/02\/Peugeot-Expert-neuve-en-Tunisie.png\",\"datePublished\":\"2023-01-22T19:13:19+00:00\",\"dateModified\":\"2026-02-26T21:04:00+00:00\",\"description\":\"Prix voiture commerciale utilitaire fourgon Peugeot Expert neuve en Tunisie: fiche technique et leasing Peugeot Expert \u00e0 vendre en Tunisie\",\"breadcrumb\":{\"@id\":\"https:\/\/motors.tn\/magazine\/prix-voiture-commerciale-utilitaire-fourgon-neuve-en-tunisie\/peugeot\/expert\/#breadcrumb\"},\"inLanguage\":\"fr-FR\",\"potentialAction\":[{\"@type\":\"ReadAction\",\"target\":[\"https:\/\/motors.tn\/magazine\/prix-voiture-commerciale-utilitaire-fourgon-neuve-en-tunisie\/peugeot\/expert\/\"]}]},{\"@type\":\"ImageObject\",\"inLanguage\":\"fr-FR\",\"@id\":\"https:\/\/motors.tn\/magazine\/prix-voiture-commerciale-utilitaire-fourgon-neuve-en-tunisie\/peugeot\/expert\/#primaryimage\",\"url\":\"https:\/\/motors.tn\/magazine\/wp-content\/uploads\/2026\/02\/Peugeot-Expert-neuve-en-Tunisie.png\",\"contentUrl\":\"https:\/\/motors.tn\/magazine\/wp-content\/uploads\/2026\/02\/Peugeot-Expert-neuve-en-Tunisie.png\",\"width\":950,\"height\":616},{\"@type\":\"BreadcrumbList\",\"@id\":\"https:\/\/motors.tn\/magazine\/prix-voiture-commerciale-utilitaire-fourgon-neuve-en-tunisie\/peugeot\/expert\/#breadcrumb\",\"itemListElement\":[{\"@type\":\"ListItem\",\"position\":1,\"name\":\"Motors.tn\",\"item\":\"https:\/\/motors.tn\/magazine\/\"},{\"@type\":\"ListItem\",\"position\":2,\"name\":\"Prix voiture commerciale utilitaire fourgon neuve en Tunisie\",\"item\":\"https:\/\/motors.tn\/magazine\/prix-voiture-commerciale-utilitaire-fourgon-neuve-en-tunisie\/\"},{\"@type\":\"ListItem\",\"position\":3,\"name\":\"Prix voiture commerciale utilitaire fourgon Peugeot neuve en Tunisie\",\"item\":\"https:\/\/motors.tn\/magazine\/prix-voiture-commerciale-utilitaire-fourgon-neuve-en-tunisie\/peugeot\/\"},{\"@type\":\"ListItem\",\"position\":4,\"name\":\"Prix voiture commerciale utilitaire fourgon Peugeot Expert neuve en Tunisie\"}]},{\"@type\":\"WebSite\",\"@id\":\"https:\/\/motors.tn\/magazine\/#website\",\"url\":\"https:\/\/motors.tn\/magazine\/\",\"name\":\"Motors.tn\",\"description\":\"Actualit\u00e9, prix du neuf et guide d&#039;achat\",\"publisher\":{\"@id\":\"https:\/\/motors.tn\/magazine\/#organization\"},\"potentialAction\":[{\"@type\":\"SearchAction\",\"target\":{\"@type\":\"EntryPoint\",\"urlTemplate\":\"https:\/\/motors.tn\/magazine\/?s={search_term_string}\"},\"query-input\":{\"@type\":\"PropertyValueSpecification\",\"valueRequired\":true,\"valueName\":\"search_term_string\"}}],\"inLanguage\":\"fr-FR\"},{\"@type\":\"Organization\",\"@id\":\"https:\/\/motors.tn\/magazine\/#organization\",\"name\":\"Strat\u00e9gie Digitale\",\"url\":\"https:\/\/motors.tn\/magazine\/\",\"logo\":{\"@type\":\"ImageObject\",\"inLanguage\":\"fr-FR\",\"@id\":\"https:\/\/motors.tn\/magazine\/#\/schema\/logo\/image\/\",\"url\":\"https:\/\/motors.tn\/magazine\/wp-content\/uploads\/2020\/05\/cropped-cropped-logo9bleu.png\",\"contentUrl\":\"https:\/\/motors.tn\/magazine\/wp-content\/uploads\/2020\/05\/cropped-cropped-logo9bleu.png\",\"width\":277,\"height\":44,\"caption\":\"Strat\u00e9gie Digitale\"},\"image\":{\"@id\":\"https:\/\/motors.tn\/magazine\/#\/schema\/logo\/image\/\"}}]}<\/script>\n<!-- \/ Yoast SEO plugin. -->","yoast_head_json":{"title":"Prix voiture commerciale utilitaire fourgon Peugeot Expert neuve en Tunisie - Motors.tn","description":"Prix voiture commerciale utilitaire fourgon Peugeot Expert neuve en Tunisie: fiche technique et leasing Peugeot Expert \u00e0 vendre en Tunisie","robots":{"index":"index","follow":"follow","max-snippet":"max-snippet:-1","max-image-preview":"max-image-preview:large","max-video-preview":"max-video-preview:-1"},"canonical":"https:\/\/motors.tn\/magazine\/prix-voiture-commerciale-utilitaire-fourgon-neuve-en-tunisie\/peugeot\/expert\/","og_locale":"fr_FR","og_type":"article","og_title":"Prix voiture commerciale utilitaire fourgon Peugeot Expert neuve en Tunisie - Motors.tn","og_description":"Prix voiture commerciale utilitaire fourgon Peugeot Expert neuve en Tunisie: fiche technique et leasing Peugeot Expert \u00e0 vendre en Tunisie","og_url":"https:\/\/motors.tn\/magazine\/prix-voiture-commerciale-utilitaire-fourgon-neuve-en-tunisie\/peugeot\/expert\/","og_site_name":"Motors.tn","article_modified_time":"2026-02-26T21:04:00+00:00","og_image":[{"url":"https:\/\/motors.tn\/magazine\/wp-content\/uploads\/2026\/02\/Peugeot-Expert-neuve-en-Tunisie-3.png","type":"","width":"","height":""}],"twitter_misc":{"Dur\u00e9e de lecture estim\u00e9e":"2 minutes"},"schema":{"@context":"https:\/\/schema.org","@graph":[{"@type":"WebPage","@id":"https:\/\/motors.tn\/magazine\/prix-voiture-commerciale-utilitaire-fourgon-neuve-en-tunisie\/peugeot\/expert\/","url":"https:\/\/motors.tn\/magazine\/prix-voiture-commerciale-utilitaire-fourgon-neuve-en-tunisie\/peugeot\/expert\/","name":"Prix voiture commerciale utilitaire fourgon Peugeot Expert neuve en Tunisie - Motors.tn","isPartOf":{"@id":"https:\/\/motors.tn\/magazine\/#website"},"primaryImageOfPage":{"@id":"https:\/\/motors.tn\/magazine\/prix-voiture-commerciale-utilitaire-fourgon-neuve-en-tunisie\/peugeot\/expert\/#primaryimage"},"image":{"@id":"https:\/\/motors.tn\/magazine\/prix-voiture-commerciale-utilitaire-fourgon-neuve-en-tunisie\/peugeot\/expert\/#primaryimage"},"thumbnailUrl":"https:\/\/motors.tn\/magazine\/wp-content\/uploads\/2026\/02\/Peugeot-Expert-neuve-en-Tunisie.png","datePublished":"2023-01-22T19:13:19+00:00","dateModified":"2026-02-26T21:04:00+00:00","description":"Prix voiture commerciale utilitaire fourgon Peugeot Expert neuve en Tunisie: fiche technique et leasing Peugeot Expert \u00e0 vendre en Tunisie","breadcrumb":{"@id":"https:\/\/motors.tn\/magazine\/prix-voiture-commerciale-utilitaire-fourgon-neuve-en-tunisie\/peugeot\/expert\/#breadcrumb"},"inLanguage":"fr-FR","potentialAction":[{"@type":"ReadAction","target":["https:\/\/motors.tn\/magazine\/prix-voiture-commerciale-utilitaire-fourgon-neuve-en-tunisie\/peugeot\/expert\/"]}]},{"@type":"ImageObject","inLanguage":"fr-FR","@id":"https:\/\/motors.tn\/magazine\/prix-voiture-commerciale-utilitaire-fourgon-neuve-en-tunisie\/peugeot\/expert\/#primaryimage","url":"https:\/\/motors.tn\/magazine\/wp-content\/uploads\/2026\/02\/Peugeot-Expert-neuve-en-Tunisie.png","contentUrl":"https:\/\/motors.tn\/magazine\/wp-content\/uploads\/2026\/02\/Peugeot-Expert-neuve-en-Tunisie.png","width":950,"height":616},{"@type":"BreadcrumbList","@id":"https:\/\/motors.tn\/magazine\/prix-voiture-commerciale-utilitaire-fourgon-neuve-en-tunisie\/peugeot\/expert\/#breadcrumb","itemListElement":[{"@type":"ListItem","position":1,"name":"Motors.tn","item":"https:\/\/motors.tn\/magazine\/"},{"@type":"ListItem","position":2,"name":"Prix voiture commerciale utilitaire fourgon neuve en Tunisie","item":"https:\/\/motors.tn\/magazine\/prix-voiture-commerciale-utilitaire-fourgon-neuve-en-tunisie\/"},{"@type":"ListItem","position":3,"name":"Prix voiture commerciale utilitaire fourgon Peugeot neuve en Tunisie","item":"https:\/\/motors.tn\/magazine\/prix-voiture-commerciale-utilitaire-fourgon-neuve-en-tunisie\/peugeot\/"},{"@type":"ListItem","position":4,"name":"Prix voiture commerciale utilitaire fourgon Peugeot Expert neuve en Tunisie"}]},{"@type":"WebSite","@id":"https:\/\/motors.tn\/magazine\/#website","url":"https:\/\/motors.tn\/magazine\/","name":"Motors.tn","description":"Actualit\u00e9, prix du neuf et guide d&#039;achat","publisher":{"@id":"https:\/\/motors.tn\/magazine\/#organization"},"potentialAction":[{"@type":"SearchAction","target":{"@type":"EntryPoint","urlTemplate":"https:\/\/motors.tn\/magazine\/?s={search_term_string}"},"query-input":{"@type":"PropertyValueSpecification","valueRequired":true,"valueName":"search_term_string"}}],"inLanguage":"fr-FR"},{"@type":"Organization","@id":"https:\/\/motors.tn\/magazine\/#organization","name":"Strat\u00e9gie Digitale","url":"https:\/\/motors.tn\/magazine\/","logo":{"@type":"ImageObject","inLanguage":"fr-FR","@id":"https:\/\/motors.tn\/magazine\/#\/schema\/logo\/image\/","url":"https:\/\/motors.tn\/magazine\/wp-content\/uploads\/2020\/05\/cropped-cropped-logo9bleu.png","contentUrl":"https:\/\/motors.tn\/magazine\/wp-content\/uploads\/2020\/05\/cropped-cropped-logo9bleu.png","width":277,"height":44,"caption":"Strat\u00e9gie Digitale"},"image":{"@id":"https:\/\/motors.tn\/magazine\/#\/schema\/logo\/image\/"}}]}},"_links":{"self":[{"href":"https:\/\/motors.tn\/magazine\/wp-json\/wp\/v2\/pages\/477503","targetHints":{"allow":["GET"]}}],"collection":[{"href":"https:\/\/motors.tn\/magazine\/wp-json\/wp\/v2\/pages"}],"about":[{"href":"https:\/\/motors.tn\/magazine\/wp-json\/wp\/v2\/types\/page"}],"author":[{"embeddable":true,"href":"https:\/\/motors.tn\/magazine\/wp-json\/wp\/v2\/users\/1"}],"replies":[{"embeddable":true,"href":"https:\/\/motors.tn\/magazine\/wp-json\/wp\/v2\/comments?post=477503"}],"version-history":[{"count":5,"href":"https:\/\/motors.tn\/magazine\/wp-json\/wp\/v2\/pages\/477503\/revisions"}],"predecessor-version":[{"id":501838,"href":"https:\/\/motors.tn\/magazine\/wp-json\/wp\/v2\/pages\/477503\/revisions\/501838"}],"up":[{"embeddable":true,"href":"https:\/\/motors.tn\/magazine\/wp-json\/wp\/v2\/pages\/477500"}],"wp:attachment":[{"href":"https:\/\/motors.tn\/magazine\/wp-json\/wp\/v2\/media?parent=477503"}],"curies":[{"name":"wp","href":"https:\/\/api.w.org\/{rel}","templated":true}]}}