{"id":482608,"date":"2023-03-20T13:51:30","date_gmt":"2023-03-20T12:51:30","guid":{"rendered":"https:\/\/motors.tn\/magazine\/?page_id=482608"},"modified":"2024-12-29T20:06:59","modified_gmt":"2024-12-29T19:06:59","slug":"prix-voiture-commerciale-utilitaire-fourgon-opel-combo-cargo-neuve-en-tunisie","status":"publish","type":"page","link":"https:\/\/motors.tn\/magazine\/prix-voiture-commerciale-utilitaire-fourgon-neuve-en-tunisie\/opel-2\/prix-voiture-commerciale-utilitaire-fourgon-opel-combo-cargo-neuve-en-tunisie\/","title":{"rendered":"Prix voiture commerciale utilitaire fourgon Opel Combo Cargo neuve en Tunisie"},"content":{"rendered":"<p><a href=\"https:\/\/motors.tn\/magazine\/prix-voiture-commerciale-utilitaire-fourgon-neuve-en-tunisie\/opel-2\/\">Prix voiture commerciale utilitaire fourgon Opel<\/a> Combo Cargo neuve en Tunisie : Demande de devis en ligne, charge utile, \u00e9quipements, options, puissance moteur, photos et fiche technique.<\/p>\n<p><img decoding=\"async\" class=\"aligncenter wp-image-495524 size-full\" src=\"https:\/\/motors.tn\/magazine\/wp-content\/uploads\/2024\/12\/Prix-voiture-commerciale-utilitaire-fourgon-Opel-Combo-Cargo-neuve-en-Tunisie.jpg\" alt=\"\" width=\"1000\" height=\"670\" srcset=\"https:\/\/motors.tn\/magazine\/wp-content\/uploads\/2024\/12\/Prix-voiture-commerciale-utilitaire-fourgon-Opel-Combo-Cargo-neuve-en-Tunisie.jpg 1000w, https:\/\/motors.tn\/magazine\/wp-content\/uploads\/2024\/12\/Prix-voiture-commerciale-utilitaire-fourgon-Opel-Combo-Cargo-neuve-en-Tunisie-300x201.jpg 300w, https:\/\/motors.tn\/magazine\/wp-content\/uploads\/2024\/12\/Prix-voiture-commerciale-utilitaire-fourgon-Opel-Combo-Cargo-neuve-en-Tunisie-768x515.jpg 768w\" sizes=\"(max-width: 1000px) 100vw, 1000px\" \/><\/p>\n<p><strong>Fiche technique Opel Combo Cargo :\u00a0<\/strong><\/p>\n<h4><strong>Motorisation :<\/strong><\/h4>\n<ul>\n<li>Nombre de cylindres : 4<\/li>\n<li>Cylindr\u00e9e : 1560 cc<\/li>\n<li>Energie : Diesel<\/li>\n<li>Puissance fiscale : 5 CV<\/li>\n<li>Puissance maximale : 92 ch<\/li>\n<li>Couple maximal : 230 N.m<\/li>\n<li>Consommation moyenne (L\/Km) : 4,8 L\/100KM<\/li>\n<\/ul>\n<h4><strong>Transmission :<\/strong><\/h4>\n<ul>\n<li>Type de bo\u00eete : Manuelle<\/li>\n<li>Nombre de rapports : 5<\/li>\n<\/ul>\n<h4><strong>Charge utile :<\/strong><\/h4>\n<ul>\n<li>Charge utile : 650 &#8211; 1000 Kg<\/li>\n<\/ul>\n<hr \/>\n<h2 style=\"text-align: justify;\"><strong>Demande de prix \/ Demande de devis pour voiture commerciale utilitaire fourgon Opel neuve en Tunisie <\/strong><\/h2>\n<p style=\"text-align: justify;\">\n<div class=\"wpcf7 no-js\" id=\"wpcf7-f492622-o1\" lang=\"fr-FR\" dir=\"ltr\" data-wpcf7-id=\"492622\">\n<div class=\"screen-reader-response\"><p role=\"status\" aria-live=\"polite\" aria-atomic=\"true\"><\/p> <ul><\/ul><\/div>\n<form action=\"\/magazine\/wp-json\/wp\/v2\/pages\/482608#wpcf7-f492622-o1\" method=\"post\" class=\"wpcf7-form init\" aria-label=\"Formulaire de contact\" novalidate=\"novalidate\" data-status=\"init\">\n<fieldset class=\"hidden-fields-container\"><input type=\"hidden\" name=\"_wpcf7\" value=\"492622\" \/><input type=\"hidden\" name=\"_wpcf7_version\" value=\"6.1.1\" \/><input type=\"hidden\" name=\"_wpcf7_locale\" value=\"fr_FR\" \/><input type=\"hidden\" name=\"_wpcf7_unit_tag\" value=\"wpcf7-f492622-o1\" \/><input type=\"hidden\" name=\"_wpcf7_container_post\" value=\"0\" \/><input type=\"hidden\" name=\"_wpcf7_posted_data_hash\" value=\"\" \/>\n<\/fieldset>\n<p>Nom et pr\u00e9nom - \u0627\u0644\u0625\u0633\u0645 \u0648 \u0627\u0644\u0644\u0642\u0628 :<br \/>\n<span class=\"wpcf7-form-control-wrap\" data-name=\"your-name\"><input size=\"40\" maxlength=\"400\" class=\"wpcf7-form-control wpcf7-text wpcf7-validates-as-required\" aria-required=\"true\" aria-invalid=\"false\" value=\"\" type=\"text\" name=\"your-name\" \/><\/span>\n<\/p>\n<p> Soci\u00e9t\u00e9 - \u0627\u0644\u0634\u0631\u0643\u0629 :<br \/>\n<span class=\"wpcf7-form-control-wrap\" data-name=\"your-ste\"><input size=\"40\" maxlength=\"400\" class=\"wpcf7-form-control wpcf7-text wpcf7-validates-as-required\" aria-required=\"true\" aria-invalid=\"false\" value=\"\" type=\"text\" name=\"your-ste\" \/><\/span>\n<\/p>\n<p>T\u00e9l\u00e9phone - \u0627\u0644\u0647\u0627\u062a\u0641 :\n<\/p>\n<p><span class=\"wpcf7-form-control-wrap\" data-name=\"your-tel\"><input size=\"40\" maxlength=\"400\" class=\"wpcf7-form-control wpcf7-tel wpcf7-validates-as-required wpcf7-text wpcf7-validates-as-tel\" aria-required=\"true\" aria-invalid=\"false\" value=\"\" type=\"tel\" name=\"your-tel\" \/><\/span>\n<\/p>\n<p>Gouvernorat - \u0627\u0644\u0648\u0644\u0627\u064a\u0629 :\n<\/p>\n<p><span class=\"wpcf7-form-control-wrap\" data-name=\"your-gouvernorat\"><select class=\"wpcf7-form-control wpcf7-select wpcf7-validates-as-required\" aria-required=\"true\" aria-invalid=\"false\" name=\"your-gouvernorat\"><option value=\"\">&#8212;Veuillez choisir une option&#8212;<\/option><option value=\"Ariana - \u0623\u0631\u064a\u0627\u0646\u0629\">Ariana - \u0623\u0631\u064a\u0627\u0646\u0629<\/option><option value=\"B\u00e9ja - \u0628\u0627\u062c\u0629\">B\u00e9ja - \u0628\u0627\u062c\u0629<\/option><option value=\"Ben Arous - \u0628\u0646 \u0639\u0631\u0648\u0633\">Ben Arous - \u0628\u0646 \u0639\u0631\u0648\u0633<\/option><option value=\"Bizerte - \u0628\u0646\u0632\u0631\u062a\">Bizerte - \u0628\u0646\u0632\u0631\u062a<\/option><option value=\"Gab\u00e8s - \u0642\u0627\u0628\u0633\">Gab\u00e8s - \u0642\u0627\u0628\u0633<\/option><option value=\"Gafsa - \u0642\u0641\u0635\u0629\">Gafsa - \u0642\u0641\u0635\u0629<\/option><option value=\"Jendouba - \u062c\u0646\u062f\u0648\u0628\u0629\">Jendouba - \u062c\u0646\u062f\u0648\u0628\u0629<\/option><option value=\"Kairouan - \u0627\u0644\u0642\u064a\u0631\u0648\u0627\u0646\">Kairouan - \u0627\u0644\u0642\u064a\u0631\u0648\u0627\u0646<\/option><option value=\"Kasserine - \u0627\u0644\u0642\u0635\u0631\u064a\u0646\">Kasserine - \u0627\u0644\u0642\u0635\u0631\u064a\u0646<\/option><option value=\"K\u00e9bili - \u0642\u0628\u0644\u064a\">K\u00e9bili - \u0642\u0628\u0644\u064a<\/option><option value=\"Le Kef - \u0627\u0644\u0643\u0627\u0641\">Le Kef - \u0627\u0644\u0643\u0627\u0641<\/option><option value=\"Mahdia - \u0627\u0644\u0645\u0647\u062f\u064a\u0629\">Mahdia - \u0627\u0644\u0645\u0647\u062f\u064a\u0629<\/option><option value=\"La Manouba - \u0645\u0646\u0648\u0628\u0629\">La Manouba - \u0645\u0646\u0648\u0628\u0629<\/option><option value=\"M\u00e9denine - \u0645\u062f\u0646\u064a\u0646\">M\u00e9denine - \u0645\u062f\u0646\u064a\u0646<\/option><option value=\"Monastir - \u0627\u0644\u0645\u0646\u0633\u062a\u064a\u0631\">Monastir - \u0627\u0644\u0645\u0646\u0633\u062a\u064a\u0631<\/option><option value=\"Nabeul - \u0646\u0627\u0628\u0644\">Nabeul - \u0646\u0627\u0628\u0644<\/option><option value=\"Sfax - \u0635\u0641\u0627\u0642\u0633\">Sfax - \u0635\u0641\u0627\u0642\u0633<\/option><option value=\"Sidi Bouzid - \u0633\u064a\u062f\u064a \u0628\u0648\u0632\u064a\u062f\">Sidi Bouzid - \u0633\u064a\u062f\u064a \u0628\u0648\u0632\u064a\u062f<\/option><option value=\"Siliana - \u0633\u0644\u064a\u0627\u0646\u0629\">Siliana - \u0633\u0644\u064a\u0627\u0646\u0629<\/option><option value=\"Sousse - \u0633\u0648\u0633\u0629\">Sousse - \u0633\u0648\u0633\u0629<\/option><option value=\"Tataouine - \u062a\u0637\u0627\u0648\u064a\u0646\">Tataouine - \u062a\u0637\u0627\u0648\u064a\u0646<\/option><option value=\"Tozeur - \u062a\u0648\u0632\u0631\">Tozeur - \u062a\u0648\u0632\u0631<\/option><option value=\"Tunis - \u062a\u0648\u0646\u0633\">Tunis - \u062a\u0648\u0646\u0633<\/option><option value=\"Zaghouan - \u0632\u063a\u0648\u0627\u0646\">Zaghouan - \u0632\u063a\u0648\u0627\u0646<\/option><\/select><\/span>\n<\/p>\n<p>Email - \u0627\u0644\u0628\u0631\u064a\u062f \u0627\u0644\u0625\u0644\u0643\u062a\u0631\u0648\u0646\u064a :\n<\/p>\n<p><span class=\"wpcf7-form-control-wrap\" data-name=\"your-email\"><input size=\"40\" maxlength=\"400\" class=\"wpcf7-form-control wpcf7-email wpcf7-validates-as-required wpcf7-text wpcf7-validates-as-email\" aria-required=\"true\" aria-invalid=\"false\" value=\"\" type=\"email\" name=\"your-email\" \/><\/span>\n<\/p>\n<p>Mod\u00e8le - \u0627\u0644\u0646\u0648\u0639 :\n<\/p>\n<p><span class=\"wpcf7-form-control-wrap\" data-name=\"Modele\"><span class=\"wpcf7-form-control wpcf7-checkbox wpcf7-validates-as-required\"><span class=\"wpcf7-list-item first last\"><label><input type=\"checkbox\" name=\"Modele[]\" value=\"Opel Cargo Combo\" \/><span class=\"wpcf7-list-item-label\">Opel Cargo Combo<\/span><\/label><\/span><\/span><\/span>\n<\/p>\n<p><input class=\"wpcf7-form-control wpcf7-submit has-spinner\" type=\"submit\" value=\"Envoyer - \u0625\u0631\u0633\u0627\u0644\" \/>\n<\/p><p style=\"display: none !important;\" class=\"akismet-fields-container\" data-prefix=\"_wpcf7_ak_\"><label>&#916;<textarea name=\"_wpcf7_ak_hp_textarea\" cols=\"45\" rows=\"8\" maxlength=\"100\"><\/textarea><\/label><input type=\"hidden\" id=\"ak_js_1\" name=\"_wpcf7_ak_js\" value=\"59\"\/><script>document.getElementById( \"ak_js_1\" ).setAttribute( \"value\", ( new Date() ).getTime() );<\/script><\/p><div class=\"wpcf7-response-output\" aria-hidden=\"true\"><\/div>\n<\/form>\n<\/div>\n<\/p>\n<hr \/>\n<p>Le nouveau fourgon utilitaire Opel Combo Cargo a \u00e9t\u00e9 \u00e9lu V\u00e9hicule utilitaire de l\u2019ann\u00e9e (International Van of the Year ou IVOTY), le prix le plus convoit\u00e9 pour les v\u00e9hicules utilitaires l\u00e9gers. Le nouvel utilitaire compact Opel a clairement conquis le jury compos\u00e9 de 25 journalistes sp\u00e9cialis\u00e9s europ\u00e9ens, originaires de 25 pays, avec 127 points<\/p>\n<p>Avec son volume de chargement, le nouveau fourgon utilitaire Opel Combo Cargo vous propose plus de place que la plupart de ses concurrent du m\u00eame segment. Par ailleurs, le poids de chargement maximal est de 1,000 kilos, et la longueur de mat\u00e9riel de travail maximale que l\u2019on peut charger est de 3,4 m. Un avantage consid\u00e9rable pour tous les professionnels.<\/p>\n","protected":false},"excerpt":{"rendered":"<p>Prix voiture commerciale utilitaire fourgon Opel Combo Cargo neuve en Tunisie : Demande de devis en ligne, charge utile, \u00e9quipements, options, puissance moteur, photos et fiche technique. Fiche technique Opel Combo Cargo :\u00a0 Motorisation : Nombre de cylindres : 4 Cylindr\u00e9e : 1560 cc Energie : Diesel Puissance fiscale : 5 CV Puissance maximale : &#8230; <a title=\"Prix voiture commerciale utilitaire fourgon Opel Combo Cargo neuve en Tunisie\" class=\"read-more\" href=\"https:\/\/motors.tn\/magazine\/prix-voiture-commerciale-utilitaire-fourgon-neuve-en-tunisie\/opel-2\/prix-voiture-commerciale-utilitaire-fourgon-opel-combo-cargo-neuve-en-tunisie\/\" aria-label=\"En savoir plus sur Prix voiture commerciale utilitaire fourgon Opel Combo Cargo neuve en Tunisie\">Lire la suite<\/a><\/p>\n","protected":false},"author":19342,"featured_media":0,"parent":482604,"menu_order":0,"comment_status":"closed","ping_status":"closed","template":"","meta":{"footnotes":""},"class_list":["post-482608","page","type-page","status-publish"],"yoast_head":"<!-- This site is optimized with the Yoast SEO plugin v25.7 - https:\/\/yoast.com\/wordpress\/plugins\/seo\/ -->\n<title>Prix voiture commerciale utilitaire fourgon Opel Combo Cargo neuve en Tunisie - Motors.tn<\/title>\n<meta name=\"description\" content=\"Prix voiture commerciale utilitaire fourgon Opel Combo Cargo neuve en Tunisie: fiche technique et leasing Opel Combo Cargo \u00e0 vendre en Tunisie\" \/>\n<meta name=\"robots\" content=\"index, follow, max-snippet:-1, max-image-preview:large, max-video-preview:-1\" \/>\n<link rel=\"canonical\" href=\"https:\/\/motors.tn\/magazine\/prix-voiture-commerciale-utilitaire-fourgon-neuve-en-tunisie\/opel-2\/prix-voiture-commerciale-utilitaire-fourgon-opel-combo-cargo-neuve-en-tunisie\/\" \/>\n<meta property=\"og:locale\" content=\"fr_FR\" \/>\n<meta property=\"og:type\" content=\"article\" \/>\n<meta property=\"og:title\" content=\"Prix voiture commerciale utilitaire fourgon Opel Combo Cargo neuve en Tunisie - Motors.tn\" \/>\n<meta property=\"og:description\" content=\"Prix voiture commerciale utilitaire fourgon Opel Combo Cargo neuve en Tunisie: fiche technique et leasing Opel Combo Cargo \u00e0 vendre en Tunisie\" \/>\n<meta property=\"og:url\" content=\"https:\/\/motors.tn\/magazine\/prix-voiture-commerciale-utilitaire-fourgon-neuve-en-tunisie\/opel-2\/prix-voiture-commerciale-utilitaire-fourgon-opel-combo-cargo-neuve-en-tunisie\/\" \/>\n<meta property=\"og:site_name\" content=\"Motors.tn\" \/>\n<meta property=\"article:modified_time\" content=\"2024-12-29T19:06:59+00:00\" \/>\n<meta property=\"og:image\" content=\"https:\/\/motors.tn\/magazine\/wp-content\/uploads\/2024\/12\/Prix-voiture-commerciale-utilitaire-fourgon-Opel-Combo-Cargo-neuve-en-Tunisie.jpg\" \/>\n\t<meta property=\"og:image:width\" content=\"1000\" \/>\n\t<meta property=\"og:image:height\" content=\"670\" \/>\n\t<meta property=\"og:image:type\" content=\"image\/jpeg\" \/>\n<meta name=\"twitter:label1\" content=\"Dur\u00e9e de lecture estim\u00e9e\" \/>\n\t<meta name=\"twitter:data1\" content=\"2 minutes\" \/>\n<script type=\"application\/ld+json\" class=\"yoast-schema-graph\">{\"@context\":\"https:\/\/schema.org\",\"@graph\":[{\"@type\":\"WebPage\",\"@id\":\"https:\/\/motors.tn\/magazine\/prix-voiture-commerciale-utilitaire-fourgon-neuve-en-tunisie\/opel-2\/prix-voiture-commerciale-utilitaire-fourgon-opel-combo-cargo-neuve-en-tunisie\/\",\"url\":\"https:\/\/motors.tn\/magazine\/prix-voiture-commerciale-utilitaire-fourgon-neuve-en-tunisie\/opel-2\/prix-voiture-commerciale-utilitaire-fourgon-opel-combo-cargo-neuve-en-tunisie\/\",\"name\":\"Prix voiture commerciale utilitaire fourgon Opel Combo Cargo neuve en Tunisie - Motors.tn\",\"isPartOf\":{\"@id\":\"https:\/\/motors.tn\/magazine\/#website\"},\"primaryImageOfPage\":{\"@id\":\"https:\/\/motors.tn\/magazine\/prix-voiture-commerciale-utilitaire-fourgon-neuve-en-tunisie\/opel-2\/prix-voiture-commerciale-utilitaire-fourgon-opel-combo-cargo-neuve-en-tunisie\/#primaryimage\"},\"image\":{\"@id\":\"https:\/\/motors.tn\/magazine\/prix-voiture-commerciale-utilitaire-fourgon-neuve-en-tunisie\/opel-2\/prix-voiture-commerciale-utilitaire-fourgon-opel-combo-cargo-neuve-en-tunisie\/#primaryimage\"},\"thumbnailUrl\":\"https:\/\/motors.tn\/magazine\/wp-content\/uploads\/2024\/12\/Prix-voiture-commerciale-utilitaire-fourgon-Opel-Combo-Cargo-neuve-en-Tunisie.jpg\",\"datePublished\":\"2023-03-20T12:51:30+00:00\",\"dateModified\":\"2024-12-29T19:06:59+00:00\",\"description\":\"Prix voiture commerciale utilitaire fourgon Opel Combo Cargo neuve en Tunisie: fiche technique et leasing Opel Combo Cargo \u00e0 vendre en Tunisie\",\"breadcrumb\":{\"@id\":\"https:\/\/motors.tn\/magazine\/prix-voiture-commerciale-utilitaire-fourgon-neuve-en-tunisie\/opel-2\/prix-voiture-commerciale-utilitaire-fourgon-opel-combo-cargo-neuve-en-tunisie\/#breadcrumb\"},\"inLanguage\":\"fr-FR\",\"potentialAction\":[{\"@type\":\"ReadAction\",\"target\":[\"https:\/\/motors.tn\/magazine\/prix-voiture-commerciale-utilitaire-fourgon-neuve-en-tunisie\/opel-2\/prix-voiture-commerciale-utilitaire-fourgon-opel-combo-cargo-neuve-en-tunisie\/\"]}]},{\"@type\":\"ImageObject\",\"inLanguage\":\"fr-FR\",\"@id\":\"https:\/\/motors.tn\/magazine\/prix-voiture-commerciale-utilitaire-fourgon-neuve-en-tunisie\/opel-2\/prix-voiture-commerciale-utilitaire-fourgon-opel-combo-cargo-neuve-en-tunisie\/#primaryimage\",\"url\":\"https:\/\/motors.tn\/magazine\/wp-content\/uploads\/2024\/12\/Prix-voiture-commerciale-utilitaire-fourgon-Opel-Combo-Cargo-neuve-en-Tunisie.jpg\",\"contentUrl\":\"https:\/\/motors.tn\/magazine\/wp-content\/uploads\/2024\/12\/Prix-voiture-commerciale-utilitaire-fourgon-Opel-Combo-Cargo-neuve-en-Tunisie.jpg\",\"width\":1000,\"height\":670},{\"@type\":\"BreadcrumbList\",\"@id\":\"https:\/\/motors.tn\/magazine\/prix-voiture-commerciale-utilitaire-fourgon-neuve-en-tunisie\/opel-2\/prix-voiture-commerciale-utilitaire-fourgon-opel-combo-cargo-neuve-en-tunisie\/#breadcrumb\",\"itemListElement\":[{\"@type\":\"ListItem\",\"position\":1,\"name\":\"Motors.tn\",\"item\":\"https:\/\/motors.tn\/magazine\/\"},{\"@type\":\"ListItem\",\"position\":2,\"name\":\"Prix voiture commerciale utilitaire fourgon neuve en Tunisie\",\"item\":\"https:\/\/motors.tn\/magazine\/prix-voiture-commerciale-utilitaire-fourgon-neuve-en-tunisie\/\"},{\"@type\":\"ListItem\",\"position\":3,\"name\":\"Prix voiture commerciale utilitaire fourgon Opel neuve en Tunisie\",\"item\":\"https:\/\/motors.tn\/magazine\/prix-voiture-commerciale-utilitaire-fourgon-neuve-en-tunisie\/opel-2\/\"},{\"@type\":\"ListItem\",\"position\":4,\"name\":\"Prix voiture commerciale utilitaire fourgon Opel Combo Cargo neuve en Tunisie\"}]},{\"@type\":\"WebSite\",\"@id\":\"https:\/\/motors.tn\/magazine\/#website\",\"url\":\"https:\/\/motors.tn\/magazine\/\",\"name\":\"Motors.tn\",\"description\":\"Actualit\u00e9, prix du neuf et guide d&#039;achat\",\"publisher\":{\"@id\":\"https:\/\/motors.tn\/magazine\/#organization\"},\"potentialAction\":[{\"@type\":\"SearchAction\",\"target\":{\"@type\":\"EntryPoint\",\"urlTemplate\":\"https:\/\/motors.tn\/magazine\/?s={search_term_string}\"},\"query-input\":{\"@type\":\"PropertyValueSpecification\",\"valueRequired\":true,\"valueName\":\"search_term_string\"}}],\"inLanguage\":\"fr-FR\"},{\"@type\":\"Organization\",\"@id\":\"https:\/\/motors.tn\/magazine\/#organization\",\"name\":\"Strat\u00e9gie Digitale\",\"url\":\"https:\/\/motors.tn\/magazine\/\",\"logo\":{\"@type\":\"ImageObject\",\"inLanguage\":\"fr-FR\",\"@id\":\"https:\/\/motors.tn\/magazine\/#\/schema\/logo\/image\/\",\"url\":\"https:\/\/motors.tn\/magazine\/wp-content\/uploads\/2020\/05\/cropped-cropped-logo9bleu.png\",\"contentUrl\":\"https:\/\/motors.tn\/magazine\/wp-content\/uploads\/2020\/05\/cropped-cropped-logo9bleu.png\",\"width\":277,\"height\":44,\"caption\":\"Strat\u00e9gie Digitale\"},\"image\":{\"@id\":\"https:\/\/motors.tn\/magazine\/#\/schema\/logo\/image\/\"}}]}<\/script>\n<!-- \/ Yoast SEO plugin. -->","yoast_head_json":{"title":"Prix voiture commerciale utilitaire fourgon Opel Combo Cargo neuve en Tunisie - Motors.tn","description":"Prix voiture commerciale utilitaire fourgon Opel Combo Cargo neuve en Tunisie: fiche technique et leasing Opel Combo Cargo \u00e0 vendre en Tunisie","robots":{"index":"index","follow":"follow","max-snippet":"max-snippet:-1","max-image-preview":"max-image-preview:large","max-video-preview":"max-video-preview:-1"},"canonical":"https:\/\/motors.tn\/magazine\/prix-voiture-commerciale-utilitaire-fourgon-neuve-en-tunisie\/opel-2\/prix-voiture-commerciale-utilitaire-fourgon-opel-combo-cargo-neuve-en-tunisie\/","og_locale":"fr_FR","og_type":"article","og_title":"Prix voiture commerciale utilitaire fourgon Opel Combo Cargo neuve en Tunisie - Motors.tn","og_description":"Prix voiture commerciale utilitaire fourgon Opel Combo Cargo neuve en Tunisie: fiche technique et leasing Opel Combo Cargo \u00e0 vendre en Tunisie","og_url":"https:\/\/motors.tn\/magazine\/prix-voiture-commerciale-utilitaire-fourgon-neuve-en-tunisie\/opel-2\/prix-voiture-commerciale-utilitaire-fourgon-opel-combo-cargo-neuve-en-tunisie\/","og_site_name":"Motors.tn","article_modified_time":"2024-12-29T19:06:59+00:00","og_image":[{"width":1000,"height":670,"url":"https:\/\/motors.tn\/magazine\/wp-content\/uploads\/2024\/12\/Prix-voiture-commerciale-utilitaire-fourgon-Opel-Combo-Cargo-neuve-en-Tunisie.jpg","type":"image\/jpeg"}],"twitter_misc":{"Dur\u00e9e de lecture estim\u00e9e":"2 minutes"},"schema":{"@context":"https:\/\/schema.org","@graph":[{"@type":"WebPage","@id":"https:\/\/motors.tn\/magazine\/prix-voiture-commerciale-utilitaire-fourgon-neuve-en-tunisie\/opel-2\/prix-voiture-commerciale-utilitaire-fourgon-opel-combo-cargo-neuve-en-tunisie\/","url":"https:\/\/motors.tn\/magazine\/prix-voiture-commerciale-utilitaire-fourgon-neuve-en-tunisie\/opel-2\/prix-voiture-commerciale-utilitaire-fourgon-opel-combo-cargo-neuve-en-tunisie\/","name":"Prix voiture commerciale utilitaire fourgon Opel Combo Cargo neuve en Tunisie - Motors.tn","isPartOf":{"@id":"https:\/\/motors.tn\/magazine\/#website"},"primaryImageOfPage":{"@id":"https:\/\/motors.tn\/magazine\/prix-voiture-commerciale-utilitaire-fourgon-neuve-en-tunisie\/opel-2\/prix-voiture-commerciale-utilitaire-fourgon-opel-combo-cargo-neuve-en-tunisie\/#primaryimage"},"image":{"@id":"https:\/\/motors.tn\/magazine\/prix-voiture-commerciale-utilitaire-fourgon-neuve-en-tunisie\/opel-2\/prix-voiture-commerciale-utilitaire-fourgon-opel-combo-cargo-neuve-en-tunisie\/#primaryimage"},"thumbnailUrl":"https:\/\/motors.tn\/magazine\/wp-content\/uploads\/2024\/12\/Prix-voiture-commerciale-utilitaire-fourgon-Opel-Combo-Cargo-neuve-en-Tunisie.jpg","datePublished":"2023-03-20T12:51:30+00:00","dateModified":"2024-12-29T19:06:59+00:00","description":"Prix voiture commerciale utilitaire fourgon Opel Combo Cargo neuve en Tunisie: fiche technique et leasing Opel Combo Cargo \u00e0 vendre en Tunisie","breadcrumb":{"@id":"https:\/\/motors.tn\/magazine\/prix-voiture-commerciale-utilitaire-fourgon-neuve-en-tunisie\/opel-2\/prix-voiture-commerciale-utilitaire-fourgon-opel-combo-cargo-neuve-en-tunisie\/#breadcrumb"},"inLanguage":"fr-FR","potentialAction":[{"@type":"ReadAction","target":["https:\/\/motors.tn\/magazine\/prix-voiture-commerciale-utilitaire-fourgon-neuve-en-tunisie\/opel-2\/prix-voiture-commerciale-utilitaire-fourgon-opel-combo-cargo-neuve-en-tunisie\/"]}]},{"@type":"ImageObject","inLanguage":"fr-FR","@id":"https:\/\/motors.tn\/magazine\/prix-voiture-commerciale-utilitaire-fourgon-neuve-en-tunisie\/opel-2\/prix-voiture-commerciale-utilitaire-fourgon-opel-combo-cargo-neuve-en-tunisie\/#primaryimage","url":"https:\/\/motors.tn\/magazine\/wp-content\/uploads\/2024\/12\/Prix-voiture-commerciale-utilitaire-fourgon-Opel-Combo-Cargo-neuve-en-Tunisie.jpg","contentUrl":"https:\/\/motors.tn\/magazine\/wp-content\/uploads\/2024\/12\/Prix-voiture-commerciale-utilitaire-fourgon-Opel-Combo-Cargo-neuve-en-Tunisie.jpg","width":1000,"height":670},{"@type":"BreadcrumbList","@id":"https:\/\/motors.tn\/magazine\/prix-voiture-commerciale-utilitaire-fourgon-neuve-en-tunisie\/opel-2\/prix-voiture-commerciale-utilitaire-fourgon-opel-combo-cargo-neuve-en-tunisie\/#breadcrumb","itemListElement":[{"@type":"ListItem","position":1,"name":"Motors.tn","item":"https:\/\/motors.tn\/magazine\/"},{"@type":"ListItem","position":2,"name":"Prix voiture commerciale utilitaire fourgon neuve en Tunisie","item":"https:\/\/motors.tn\/magazine\/prix-voiture-commerciale-utilitaire-fourgon-neuve-en-tunisie\/"},{"@type":"ListItem","position":3,"name":"Prix voiture commerciale utilitaire fourgon Opel neuve en Tunisie","item":"https:\/\/motors.tn\/magazine\/prix-voiture-commerciale-utilitaire-fourgon-neuve-en-tunisie\/opel-2\/"},{"@type":"ListItem","position":4,"name":"Prix voiture commerciale utilitaire fourgon Opel Combo Cargo neuve en Tunisie"}]},{"@type":"WebSite","@id":"https:\/\/motors.tn\/magazine\/#website","url":"https:\/\/motors.tn\/magazine\/","name":"Motors.tn","description":"Actualit\u00e9, prix du neuf et guide d&#039;achat","publisher":{"@id":"https:\/\/motors.tn\/magazine\/#organization"},"potentialAction":[{"@type":"SearchAction","target":{"@type":"EntryPoint","urlTemplate":"https:\/\/motors.tn\/magazine\/?s={search_term_string}"},"query-input":{"@type":"PropertyValueSpecification","valueRequired":true,"valueName":"search_term_string"}}],"inLanguage":"fr-FR"},{"@type":"Organization","@id":"https:\/\/motors.tn\/magazine\/#organization","name":"Strat\u00e9gie Digitale","url":"https:\/\/motors.tn\/magazine\/","logo":{"@type":"ImageObject","inLanguage":"fr-FR","@id":"https:\/\/motors.tn\/magazine\/#\/schema\/logo\/image\/","url":"https:\/\/motors.tn\/magazine\/wp-content\/uploads\/2020\/05\/cropped-cropped-logo9bleu.png","contentUrl":"https:\/\/motors.tn\/magazine\/wp-content\/uploads\/2020\/05\/cropped-cropped-logo9bleu.png","width":277,"height":44,"caption":"Strat\u00e9gie Digitale"},"image":{"@id":"https:\/\/motors.tn\/magazine\/#\/schema\/logo\/image\/"}}]}},"_links":{"self":[{"href":"https:\/\/motors.tn\/magazine\/wp-json\/wp\/v2\/pages\/482608","targetHints":{"allow":["GET"]}}],"collection":[{"href":"https:\/\/motors.tn\/magazine\/wp-json\/wp\/v2\/pages"}],"about":[{"href":"https:\/\/motors.tn\/magazine\/wp-json\/wp\/v2\/types\/page"}],"author":[{"embeddable":true,"href":"https:\/\/motors.tn\/magazine\/wp-json\/wp\/v2\/users\/19342"}],"replies":[{"embeddable":true,"href":"https:\/\/motors.tn\/magazine\/wp-json\/wp\/v2\/comments?post=482608"}],"version-history":[{"count":2,"href":"https:\/\/motors.tn\/magazine\/wp-json\/wp\/v2\/pages\/482608\/revisions"}],"predecessor-version":[{"id":495526,"href":"https:\/\/motors.tn\/magazine\/wp-json\/wp\/v2\/pages\/482608\/revisions\/495526"}],"up":[{"embeddable":true,"href":"https:\/\/motors.tn\/magazine\/wp-json\/wp\/v2\/pages\/482604"}],"wp:attachment":[{"href":"https:\/\/motors.tn\/magazine\/wp-json\/wp\/v2\/media?parent=482608"}],"curies":[{"name":"wp","href":"https:\/\/api.w.org\/{rel}","templated":true}]}}