{"id":490443,"date":"2023-06-23T13:39:05","date_gmt":"2023-06-23T12:39:05","guid":{"rendered":"https:\/\/motors.tn\/magazine\/?page_id=490443"},"modified":"2023-08-04T16:57:36","modified_gmt":"2023-08-04T15:57:36","slug":"prix-tracteur-agricole-same-tiger-compact-50-neuf-en-tunisie","status":"publish","type":"page","link":"https:\/\/motors.tn\/magazine\/prix-tracteur-agricole-neuf-en-tunisie\/prix-tracteur-agricole-same-neuf-en-tunisie\/prix-tracteur-agricole-same-tiger-compact-50-neuf-en-tunisie\/","title":{"rendered":"Prix tracteur agricole Same Tiger Compact 50 neuf en Tunisie"},"content":{"rendered":"<p><a href=\"https:\/\/motors.tn\/magazine\/prix-tracteur-agricole-neuf-en-tunisie\/prix-tracteur-agricole-same-neuf-en-tunisie\/\">Prix tracteur agricole Same<\/a> Tiger Compact 50 neuf en Tunisie : Demande de devis en ligne, \u00e9quipements, puissance moteur, caract\u00e9ristiques, photos et fiche technique.<\/p>\n<p><img decoding=\"async\" class=\"aligncenter size-full wp-image-490445\" src=\"https:\/\/motors.tn\/magazine\/wp-content\/uploads\/2023\/06\/Prix-tracteur-agricole-same-tiger-compact-50.png\" alt=\"\" width=\"441\" height=\"327\" srcset=\"https:\/\/motors.tn\/magazine\/wp-content\/uploads\/2023\/06\/Prix-tracteur-agricole-same-tiger-compact-50.png 441w, https:\/\/motors.tn\/magazine\/wp-content\/uploads\/2023\/06\/Prix-tracteur-agricole-same-tiger-compact-50-300x222.png 300w\" sizes=\"(max-width: 441px) 100vw, 441px\" \/><\/p>\n<p><strong>Fiche technique tracteur agricole Same Tiger Compact 50 :\u00a0<\/strong><\/p>\n<p><strong>Moteur<\/strong><\/p>\n<ul>\n<li>Type : SDF<\/li>\n<li>Puissance (cv) : 50<\/li>\n<li>Nombre de cylindres : 3<\/li>\n<li>Aspiration : Naturelle<\/li>\n<li>Cylindr\u00e9e (cc) : 3000<\/li>\n<li>R\u00e9gime maximal (nominal) : 2200 tr\/min<\/li>\n<li>Couple maxi : 184 nm<\/li>\n<\/ul>\n<p><strong>Transmission<\/strong><\/p>\n<ul>\n<li>Traction : 4 roues motrices<\/li>\n<li>Embrayage : Sec<\/li>\n<li>Boite \u00e0 vitesse : 8AV + 2AR<\/li>\n<li>Type : M\u00e9canique<\/li>\n<\/ul>\n<p><strong>Prise de force<\/strong><\/p>\n<ul>\n<li>R\u00e9gimes (RPM) : 540<\/li>\n<li>Actionnement : M\u00e9canique<\/li>\n<\/ul>\n<p><strong>Blocage de diff\u00e9rentiel<\/strong><\/p>\n<ul>\n<li>Type : M\u00e9canique<\/li>\n<\/ul>\n<p><strong>Hydraulique<\/strong><\/p>\n<ul>\n<li>Sortie Hydraulique Auxiliaire : 2\/4<\/li>\n<\/ul>\n<p><strong>Direction<\/strong><\/p>\n<ul>\n<li>Type : hydrostatique<\/li>\n<\/ul>\n<p><strong>Attelage<\/strong><\/p>\n<ul>\n<li>Attelage 3 points : Cat 2<\/li>\n<li>Relevage arri\u00e8re m\u00e9canique avec syst\u00e8me Easy Lift<\/li>\n<li>Capacit\u00e9 de levage hydraulique (kg) : 1600<\/li>\n<\/ul>\n<p><strong>Freinage<\/strong><\/p>\n<ul>\n<li>Syst\u00e8me de freinage Girling<\/li>\n<li>Type d\u2019actionnement : M\u00e9canique \u00e0 p\u00e9dale<\/li>\n<li>Frein de stationnement : Ind\u00e9pendant<\/li>\n<\/ul>\n<p><strong>Autres<\/strong><\/p>\n<ul>\n<li>Leviers de vitesses lat\u00e9raux<\/li>\n<li>Arceau de s\u00e9curit\u00e9 \u00e0 2 montants<\/li>\n<li>Si\u00e8ge conducteur suspension m\u00e9canique<\/li>\n<\/ul>\n<p><strong>R\u00e9servoir de carburant<\/strong><\/p>\n<ul>\n<li>Capacit\u00e9 (L) : 55<\/li>\n<\/ul>\n<p style=\"text-align: justify;\">Le nouveau tracteur agricole Same Tiger Compact 50 est caract\u00e9ris\u00e9 par un espace conducteur moderne et ergonomique conforme aux derni\u00e8res normes. Sp\u00e9cialement con\u00e7ue pour les nouveaux march\u00e9s \u00e9mergents, ces machines se distinguent par leur grande robustesse, associ\u00e9e \u00e0 un design contemporain et attrayant. La structure, les moteurs et les transmissions \u00e9prouv\u00e9s ainsi que le relevage et le syst\u00e8me hydraulique arri\u00e8re \u00e0 hautes performances permettent \u00e0 ce tracteur agricole Same Tiger Compact 50 de travailler de mani\u00e8re efficace avec de nombreux outils habituellement g\u00e9r\u00e9s par des mod\u00e8les \u00e0 puissances et dimensions bien sup\u00e9rieures.<\/p>\n<hr \/>\n<h2><strong>Demande de prix \/ Demande de devis pour Tracteur Agricole Same neuf en Tunisie\u00a0<\/strong><\/h2>\n<p style=\"text-align: left;\">Faites votre demande de devis en ligne ici et recevez gratuitement une r\u00e9ponse de nos partenaires :<\/p>\n\n<div class=\"wpcf7 no-js\" id=\"wpcf7-f491450-o1\" lang=\"fr-FR\" dir=\"ltr\" data-wpcf7-id=\"491450\">\n<div class=\"screen-reader-response\"><p role=\"status\" aria-live=\"polite\" aria-atomic=\"true\"><\/p> <ul><\/ul><\/div>\n<form action=\"\/magazine\/wp-json\/wp\/v2\/pages\/490443#wpcf7-f491450-o1\" method=\"post\" class=\"wpcf7-form init\" aria-label=\"Formulaire de contact\" novalidate=\"novalidate\" data-status=\"init\">\n<fieldset class=\"hidden-fields-container\"><input type=\"hidden\" name=\"_wpcf7\" value=\"491450\" \/><input type=\"hidden\" name=\"_wpcf7_version\" value=\"6.1.1\" \/><input type=\"hidden\" name=\"_wpcf7_locale\" value=\"fr_FR\" \/><input type=\"hidden\" name=\"_wpcf7_unit_tag\" value=\"wpcf7-f491450-o1\" \/><input type=\"hidden\" name=\"_wpcf7_container_post\" value=\"0\" \/><input type=\"hidden\" name=\"_wpcf7_posted_data_hash\" value=\"\" \/>\n<\/fieldset>\n<p>Nom et pr\u00e9nom - \u0627\u0644\u0625\u0633\u0645 \u0648 \u0627\u0644\u0644\u0642\u0628 :<br \/>\n<span class=\"wpcf7-form-control-wrap\" data-name=\"your-name\"><input size=\"40\" maxlength=\"400\" class=\"wpcf7-form-control wpcf7-text wpcf7-validates-as-required\" aria-required=\"true\" aria-invalid=\"false\" value=\"\" type=\"text\" name=\"your-name\" \/><\/span>\n<\/p>\n<p>Soci\u00e9t\u00e9 - \u0627\u0644\u0634\u0631\u0643\u0629 :<br \/>\n<span class=\"wpcf7-form-control-wrap\" data-name=\"your-ste\"><input size=\"40\" maxlength=\"400\" class=\"wpcf7-form-control wpcf7-text wpcf7-validates-as-required\" aria-required=\"true\" aria-invalid=\"false\" value=\"\" type=\"text\" name=\"your-ste\" \/><\/span>\n<\/p>\n<p>T\u00e9l\u00e9phone - \u0627\u0644\u0647\u0627\u062a\u0641 :\n<\/p>\n<p><span class=\"wpcf7-form-control-wrap\" data-name=\"your-tel\"><input size=\"40\" maxlength=\"400\" class=\"wpcf7-form-control wpcf7-tel wpcf7-validates-as-required wpcf7-text wpcf7-validates-as-tel\" aria-required=\"true\" aria-invalid=\"false\" value=\"\" type=\"tel\" name=\"your-tel\" \/><\/span>\n<\/p>\n<p>Gouvernorat - \u0627\u0644\u0648\u0644\u0627\u064a\u0629 :\n<\/p>\n<p><span class=\"wpcf7-form-control-wrap\" data-name=\"your-gouvernorat\"><select class=\"wpcf7-form-control wpcf7-select wpcf7-validates-as-required\" aria-required=\"true\" aria-invalid=\"false\" name=\"your-gouvernorat\"><option value=\"\">&#8212;Veuillez choisir une option&#8212;<\/option><option value=\"Ariana - \u0623\u0631\u064a\u0627\u0646\u0629\">Ariana - \u0623\u0631\u064a\u0627\u0646\u0629<\/option><option value=\"B\u00e9ja - \u0628\u0627\u062c\u0629\">B\u00e9ja - \u0628\u0627\u062c\u0629<\/option><option value=\"Ben Arous - \u0628\u0646 \u0639\u0631\u0648\u0633\">Ben Arous - \u0628\u0646 \u0639\u0631\u0648\u0633<\/option><option value=\"Bizerte - \u0628\u0646\u0632\u0631\u062a\">Bizerte - \u0628\u0646\u0632\u0631\u062a<\/option><option value=\"Gab\u00e8s - \u0642\u0627\u0628\u0633\">Gab\u00e8s - \u0642\u0627\u0628\u0633<\/option><option value=\"Gafsa - \u0642\u0641\u0635\u0629\">Gafsa - \u0642\u0641\u0635\u0629<\/option><option value=\"Jendouba - \u062c\u0646\u062f\u0648\u0628\u0629\">Jendouba - \u062c\u0646\u062f\u0648\u0628\u0629<\/option><option value=\"Kairouan - \u0627\u0644\u0642\u064a\u0631\u0648\u0627\u0646\">Kairouan - \u0627\u0644\u0642\u064a\u0631\u0648\u0627\u0646<\/option><option value=\"Kasserine - \u0627\u0644\u0642\u0635\u0631\u064a\u0646\">Kasserine - \u0627\u0644\u0642\u0635\u0631\u064a\u0646<\/option><option value=\"K\u00e9bili - \u0642\u0628\u0644\u064a\">K\u00e9bili - \u0642\u0628\u0644\u064a<\/option><option value=\"Le Kef - \u0627\u0644\u0643\u0627\u0641\">Le Kef - \u0627\u0644\u0643\u0627\u0641<\/option><option value=\"Mahdia - \u0627\u0644\u0645\u0647\u062f\u064a\u0629\">Mahdia - \u0627\u0644\u0645\u0647\u062f\u064a\u0629<\/option><option value=\"La Manouba - \u0645\u0646\u0648\u0628\u0629\">La Manouba - \u0645\u0646\u0648\u0628\u0629<\/option><option value=\"M\u00e9denine - \u0645\u062f\u0646\u064a\u0646\">M\u00e9denine - \u0645\u062f\u0646\u064a\u0646<\/option><option value=\"Monastir - \u0627\u0644\u0645\u0646\u0633\u062a\u064a\u0631\">Monastir - \u0627\u0644\u0645\u0646\u0633\u062a\u064a\u0631<\/option><option value=\"Nabeul - \u0646\u0627\u0628\u0644\">Nabeul - \u0646\u0627\u0628\u0644<\/option><option value=\"Sfax - \u0635\u0641\u0627\u0642\u0633\">Sfax - \u0635\u0641\u0627\u0642\u0633<\/option><option value=\"Sidi Bouzid - \u0633\u064a\u062f\u064a \u0628\u0648\u0632\u064a\u062f\">Sidi Bouzid - \u0633\u064a\u062f\u064a \u0628\u0648\u0632\u064a\u062f<\/option><option value=\"Siliana - \u0633\u0644\u064a\u0627\u0646\u0629\">Siliana - \u0633\u0644\u064a\u0627\u0646\u0629<\/option><option value=\"Sousse - \u0633\u0648\u0633\u0629\">Sousse - \u0633\u0648\u0633\u0629<\/option><option value=\"Tataouine - \u062a\u0637\u0627\u0648\u064a\u0646\">Tataouine - \u062a\u0637\u0627\u0648\u064a\u0646<\/option><option value=\"Tozeur - \u062a\u0648\u0632\u0631\">Tozeur - \u062a\u0648\u0632\u0631<\/option><option value=\"Tunis - \u062a\u0648\u0646\u0633\">Tunis - \u062a\u0648\u0646\u0633<\/option><option value=\"Zaghouan - \u0632\u063a\u0648\u0627\u0646\">Zaghouan - \u0632\u063a\u0648\u0627\u0646<\/option><\/select><\/span>\n<\/p>\n<p>Email - \u0627\u0644\u0628\u0631\u064a\u062f \u0627\u0644\u0625\u0644\u0643\u062a\u0631\u0648\u0646\u064a :\n<\/p>\n<p><span class=\"wpcf7-form-control-wrap\" data-name=\"your-email\"><input size=\"40\" maxlength=\"400\" class=\"wpcf7-form-control wpcf7-email wpcf7-validates-as-required wpcf7-text wpcf7-validates-as-email\" aria-required=\"true\" aria-invalid=\"false\" value=\"\" type=\"email\" name=\"your-email\" \/><\/span>\n<\/p>\n<p>Mod\u00e8le - \u0627\u0644\u0646\u0648\u0639 :\n<\/p>\n<p><span class=\"wpcf7-form-control-wrap\" data-name=\"Modele\"><span class=\"wpcf7-form-control wpcf7-checkbox wpcf7-validates-as-required\"><span class=\"wpcf7-list-item first\"><label><input type=\"checkbox\" name=\"Modele[]\" value=\"Same Tiger Compact 50\" \/><span class=\"wpcf7-list-item-label\">Same Tiger Compact 50<\/span><\/label><\/span><span class=\"wpcf7-list-item\"><label><input type=\"checkbox\" name=\"Modele[]\" value=\"Same Frutetto Natural 55\" \/><span class=\"wpcf7-list-item-label\">Same Frutetto Natural 55<\/span><\/label><\/span><span class=\"wpcf7-list-item\"><label><input type=\"checkbox\" name=\"Modele[]\" value=\"Same Frutetto Natural 80.4\" \/><span class=\"wpcf7-list-item-label\">Same Frutetto Natural 80.4<\/span><\/label><\/span><span class=\"wpcf7-list-item\"><label><input type=\"checkbox\" name=\"Modele[]\" value=\"Same Tiger 80.4\" \/><span class=\"wpcf7-list-item-label\">Same Tiger 80.4<\/span><\/label><\/span><span class=\"wpcf7-list-item\"><label><input type=\"checkbox\" name=\"Modele[]\" value=\"Same Explorer 85\" \/><span class=\"wpcf7-list-item-label\">Same Explorer 85<\/span><\/label><\/span><span class=\"wpcf7-list-item\"><label><input type=\"checkbox\" name=\"Modele[]\" value=\"Same Explorer 95\" \/><span class=\"wpcf7-list-item-label\">Same Explorer 95<\/span><\/label><\/span><span class=\"wpcf7-list-item\"><label><input type=\"checkbox\" name=\"Modele[]\" value=\"Same Explorer SPECIAL 95\" \/><span class=\"wpcf7-list-item-label\">Same Explorer SPECIAL 95<\/span><\/label><\/span><span class=\"wpcf7-list-item last\"><label><input type=\"checkbox\" name=\"Modele[]\" value=\"Same Explorer 3 E 115\" \/><span class=\"wpcf7-list-item-label\">Same Explorer 3 E 115<\/span><\/label><\/span><\/span><\/span>\n<\/p>\n<p><input class=\"wpcf7-form-control wpcf7-submit has-spinner\" type=\"submit\" value=\"Envoyer - \u0625\u0631\u0633\u0627\u0644\" \/>\n<\/p><p style=\"display: none !important;\" class=\"akismet-fields-container\" data-prefix=\"_wpcf7_ak_\"><label>&#916;<textarea name=\"_wpcf7_ak_hp_textarea\" cols=\"45\" rows=\"8\" maxlength=\"100\"><\/textarea><\/label><input type=\"hidden\" id=\"ak_js_1\" name=\"_wpcf7_ak_js\" value=\"170\"\/><script>document.getElementById( \"ak_js_1\" ).setAttribute( \"value\", ( new Date() ).getTime() );<\/script><\/p><div class=\"wpcf7-response-output\" aria-hidden=\"true\"><\/div>\n<\/form>\n<\/div>\n\n","protected":false},"excerpt":{"rendered":"<p>Prix tracteur agricole Same Tiger Compact 50 neuf en Tunisie : Demande de devis en ligne, \u00e9quipements, puissance moteur, caract\u00e9ristiques, photos et fiche technique. Fiche technique tracteur agricole Same Tiger Compact 50 :\u00a0 Moteur Type : SDF Puissance (cv) : 50 Nombre de cylindres : 3 Aspiration : Naturelle Cylindr\u00e9e (cc) : 3000 R\u00e9gime maximal &#8230; <a title=\"Prix tracteur agricole Same Tiger Compact 50 neuf en Tunisie\" class=\"read-more\" href=\"https:\/\/motors.tn\/magazine\/prix-tracteur-agricole-neuf-en-tunisie\/prix-tracteur-agricole-same-neuf-en-tunisie\/prix-tracteur-agricole-same-tiger-compact-50-neuf-en-tunisie\/\" aria-label=\"En savoir plus sur Prix tracteur agricole Same Tiger Compact 50 neuf en Tunisie\">Lire la suite<\/a><\/p>\n","protected":false},"author":1,"featured_media":0,"parent":442679,"menu_order":0,"comment_status":"closed","ping_status":"closed","template":"","meta":{"footnotes":""},"class_list":["post-490443","page","type-page","status-publish"],"yoast_head":"<!-- This site is optimized with the Yoast SEO plugin v25.7 - https:\/\/yoast.com\/wordpress\/plugins\/seo\/ -->\n<title>Prix tracteur agricole Same Tiger Compact 50 neuf en Tunisie - Motors.tn<\/title>\n<meta name=\"description\" content=\"Prix tracteur agricole Same Tiger Compact 50 neuf en Tunisie : Same Tiger Compact 50 \u00e0 vendre en Tunisie, Same Tiger Compact 50 Tunisie\" \/>\n<meta name=\"robots\" content=\"index, follow, max-snippet:-1, max-image-preview:large, max-video-preview:-1\" \/>\n<link rel=\"canonical\" href=\"https:\/\/motors.tn\/magazine\/prix-tracteur-agricole-neuf-en-tunisie\/prix-tracteur-agricole-same-neuf-en-tunisie\/prix-tracteur-agricole-same-tiger-compact-50-neuf-en-tunisie\/\" \/>\n<meta property=\"og:locale\" content=\"fr_FR\" \/>\n<meta property=\"og:type\" content=\"article\" \/>\n<meta property=\"og:title\" content=\"Prix tracteur agricole Same Tiger Compact 50 neuf en Tunisie - Motors.tn\" \/>\n<meta property=\"og:description\" content=\"Prix tracteur agricole Same Tiger Compact 50 neuf en Tunisie : Same Tiger Compact 50 \u00e0 vendre en Tunisie, Same Tiger Compact 50 Tunisie\" \/>\n<meta property=\"og:url\" content=\"https:\/\/motors.tn\/magazine\/prix-tracteur-agricole-neuf-en-tunisie\/prix-tracteur-agricole-same-neuf-en-tunisie\/prix-tracteur-agricole-same-tiger-compact-50-neuf-en-tunisie\/\" \/>\n<meta property=\"og:site_name\" content=\"Motors.tn\" \/>\n<meta property=\"article:modified_time\" content=\"2023-08-04T15:57:36+00:00\" \/>\n<meta property=\"og:image\" content=\"http:\/\/motors.tn\/magazine\/wp-content\/uploads\/2023\/06\/Prix-tracteur-agricole-same-tiger-compact-50.png\" \/>\n<meta name=\"twitter:label1\" content=\"Dur\u00e9e de lecture estim\u00e9e\" \/>\n\t<meta name=\"twitter:data1\" content=\"2 minutes\" \/>\n<script type=\"application\/ld+json\" class=\"yoast-schema-graph\">{\"@context\":\"https:\/\/schema.org\",\"@graph\":[{\"@type\":\"WebPage\",\"@id\":\"https:\/\/motors.tn\/magazine\/prix-tracteur-agricole-neuf-en-tunisie\/prix-tracteur-agricole-same-neuf-en-tunisie\/prix-tracteur-agricole-same-tiger-compact-50-neuf-en-tunisie\/\",\"url\":\"https:\/\/motors.tn\/magazine\/prix-tracteur-agricole-neuf-en-tunisie\/prix-tracteur-agricole-same-neuf-en-tunisie\/prix-tracteur-agricole-same-tiger-compact-50-neuf-en-tunisie\/\",\"name\":\"Prix tracteur agricole Same Tiger Compact 50 neuf en Tunisie - Motors.tn\",\"isPartOf\":{\"@id\":\"https:\/\/motors.tn\/magazine\/#website\"},\"primaryImageOfPage\":{\"@id\":\"https:\/\/motors.tn\/magazine\/prix-tracteur-agricole-neuf-en-tunisie\/prix-tracteur-agricole-same-neuf-en-tunisie\/prix-tracteur-agricole-same-tiger-compact-50-neuf-en-tunisie\/#primaryimage\"},\"image\":{\"@id\":\"https:\/\/motors.tn\/magazine\/prix-tracteur-agricole-neuf-en-tunisie\/prix-tracteur-agricole-same-neuf-en-tunisie\/prix-tracteur-agricole-same-tiger-compact-50-neuf-en-tunisie\/#primaryimage\"},\"thumbnailUrl\":\"http:\/\/motors.tn\/magazine\/wp-content\/uploads\/2023\/06\/Prix-tracteur-agricole-same-tiger-compact-50.png\",\"datePublished\":\"2023-06-23T12:39:05+00:00\",\"dateModified\":\"2023-08-04T15:57:36+00:00\",\"description\":\"Prix tracteur agricole Same Tiger Compact 50 neuf en Tunisie : Same Tiger Compact 50 \u00e0 vendre en Tunisie, Same Tiger Compact 50 Tunisie\",\"breadcrumb\":{\"@id\":\"https:\/\/motors.tn\/magazine\/prix-tracteur-agricole-neuf-en-tunisie\/prix-tracteur-agricole-same-neuf-en-tunisie\/prix-tracteur-agricole-same-tiger-compact-50-neuf-en-tunisie\/#breadcrumb\"},\"inLanguage\":\"fr-FR\",\"potentialAction\":[{\"@type\":\"ReadAction\",\"target\":[\"https:\/\/motors.tn\/magazine\/prix-tracteur-agricole-neuf-en-tunisie\/prix-tracteur-agricole-same-neuf-en-tunisie\/prix-tracteur-agricole-same-tiger-compact-50-neuf-en-tunisie\/\"]}]},{\"@type\":\"ImageObject\",\"inLanguage\":\"fr-FR\",\"@id\":\"https:\/\/motors.tn\/magazine\/prix-tracteur-agricole-neuf-en-tunisie\/prix-tracteur-agricole-same-neuf-en-tunisie\/prix-tracteur-agricole-same-tiger-compact-50-neuf-en-tunisie\/#primaryimage\",\"url\":\"https:\/\/motors.tn\/magazine\/wp-content\/uploads\/2023\/06\/Prix-tracteur-agricole-same-tiger-compact-50.png\",\"contentUrl\":\"https:\/\/motors.tn\/magazine\/wp-content\/uploads\/2023\/06\/Prix-tracteur-agricole-same-tiger-compact-50.png\",\"width\":441,\"height\":327},{\"@type\":\"BreadcrumbList\",\"@id\":\"https:\/\/motors.tn\/magazine\/prix-tracteur-agricole-neuf-en-tunisie\/prix-tracteur-agricole-same-neuf-en-tunisie\/prix-tracteur-agricole-same-tiger-compact-50-neuf-en-tunisie\/#breadcrumb\",\"itemListElement\":[{\"@type\":\"ListItem\",\"position\":1,\"name\":\"Motors.tn\",\"item\":\"https:\/\/motors.tn\/magazine\/\"},{\"@type\":\"ListItem\",\"position\":2,\"name\":\"Prix tracteur agricole neuf en Tunisie\",\"item\":\"https:\/\/motors.tn\/magazine\/prix-tracteur-agricole-neuf-en-tunisie\/\"},{\"@type\":\"ListItem\",\"position\":3,\"name\":\"Prix tracteur agricole Same neuf en Tunisie\",\"item\":\"https:\/\/motors.tn\/magazine\/prix-tracteur-agricole-neuf-en-tunisie\/prix-tracteur-agricole-same-neuf-en-tunisie\/\"},{\"@type\":\"ListItem\",\"position\":4,\"name\":\"Prix tracteur agricole Same Tiger Compact 50 neuf en Tunisie\"}]},{\"@type\":\"WebSite\",\"@id\":\"https:\/\/motors.tn\/magazine\/#website\",\"url\":\"https:\/\/motors.tn\/magazine\/\",\"name\":\"Motors.tn\",\"description\":\"Actualit\u00e9, prix du neuf et guide d&#039;achat\",\"publisher\":{\"@id\":\"https:\/\/motors.tn\/magazine\/#organization\"},\"potentialAction\":[{\"@type\":\"SearchAction\",\"target\":{\"@type\":\"EntryPoint\",\"urlTemplate\":\"https:\/\/motors.tn\/magazine\/?s={search_term_string}\"},\"query-input\":{\"@type\":\"PropertyValueSpecification\",\"valueRequired\":true,\"valueName\":\"search_term_string\"}}],\"inLanguage\":\"fr-FR\"},{\"@type\":\"Organization\",\"@id\":\"https:\/\/motors.tn\/magazine\/#organization\",\"name\":\"Strat\u00e9gie Digitale\",\"url\":\"https:\/\/motors.tn\/magazine\/\",\"logo\":{\"@type\":\"ImageObject\",\"inLanguage\":\"fr-FR\",\"@id\":\"https:\/\/motors.tn\/magazine\/#\/schema\/logo\/image\/\",\"url\":\"https:\/\/motors.tn\/magazine\/wp-content\/uploads\/2020\/05\/cropped-cropped-logo9bleu.png\",\"contentUrl\":\"https:\/\/motors.tn\/magazine\/wp-content\/uploads\/2020\/05\/cropped-cropped-logo9bleu.png\",\"width\":277,\"height\":44,\"caption\":\"Strat\u00e9gie Digitale\"},\"image\":{\"@id\":\"https:\/\/motors.tn\/magazine\/#\/schema\/logo\/image\/\"}}]}<\/script>\n<!-- \/ Yoast SEO plugin. -->","yoast_head_json":{"title":"Prix tracteur agricole Same Tiger Compact 50 neuf en Tunisie - Motors.tn","description":"Prix tracteur agricole Same Tiger Compact 50 neuf en Tunisie : Same Tiger Compact 50 \u00e0 vendre en Tunisie, Same Tiger Compact 50 Tunisie","robots":{"index":"index","follow":"follow","max-snippet":"max-snippet:-1","max-image-preview":"max-image-preview:large","max-video-preview":"max-video-preview:-1"},"canonical":"https:\/\/motors.tn\/magazine\/prix-tracteur-agricole-neuf-en-tunisie\/prix-tracteur-agricole-same-neuf-en-tunisie\/prix-tracteur-agricole-same-tiger-compact-50-neuf-en-tunisie\/","og_locale":"fr_FR","og_type":"article","og_title":"Prix tracteur agricole Same Tiger Compact 50 neuf en Tunisie - Motors.tn","og_description":"Prix tracteur agricole Same Tiger Compact 50 neuf en Tunisie : Same Tiger Compact 50 \u00e0 vendre en Tunisie, Same Tiger Compact 50 Tunisie","og_url":"https:\/\/motors.tn\/magazine\/prix-tracteur-agricole-neuf-en-tunisie\/prix-tracteur-agricole-same-neuf-en-tunisie\/prix-tracteur-agricole-same-tiger-compact-50-neuf-en-tunisie\/","og_site_name":"Motors.tn","article_modified_time":"2023-08-04T15:57:36+00:00","og_image":[{"url":"http:\/\/motors.tn\/magazine\/wp-content\/uploads\/2023\/06\/Prix-tracteur-agricole-same-tiger-compact-50.png","type":"","width":"","height":""}],"twitter_misc":{"Dur\u00e9e de lecture estim\u00e9e":"2 minutes"},"schema":{"@context":"https:\/\/schema.org","@graph":[{"@type":"WebPage","@id":"https:\/\/motors.tn\/magazine\/prix-tracteur-agricole-neuf-en-tunisie\/prix-tracteur-agricole-same-neuf-en-tunisie\/prix-tracteur-agricole-same-tiger-compact-50-neuf-en-tunisie\/","url":"https:\/\/motors.tn\/magazine\/prix-tracteur-agricole-neuf-en-tunisie\/prix-tracteur-agricole-same-neuf-en-tunisie\/prix-tracteur-agricole-same-tiger-compact-50-neuf-en-tunisie\/","name":"Prix tracteur agricole Same Tiger Compact 50 neuf en Tunisie - Motors.tn","isPartOf":{"@id":"https:\/\/motors.tn\/magazine\/#website"},"primaryImageOfPage":{"@id":"https:\/\/motors.tn\/magazine\/prix-tracteur-agricole-neuf-en-tunisie\/prix-tracteur-agricole-same-neuf-en-tunisie\/prix-tracteur-agricole-same-tiger-compact-50-neuf-en-tunisie\/#primaryimage"},"image":{"@id":"https:\/\/motors.tn\/magazine\/prix-tracteur-agricole-neuf-en-tunisie\/prix-tracteur-agricole-same-neuf-en-tunisie\/prix-tracteur-agricole-same-tiger-compact-50-neuf-en-tunisie\/#primaryimage"},"thumbnailUrl":"http:\/\/motors.tn\/magazine\/wp-content\/uploads\/2023\/06\/Prix-tracteur-agricole-same-tiger-compact-50.png","datePublished":"2023-06-23T12:39:05+00:00","dateModified":"2023-08-04T15:57:36+00:00","description":"Prix tracteur agricole Same Tiger Compact 50 neuf en Tunisie : Same Tiger Compact 50 \u00e0 vendre en Tunisie, Same Tiger Compact 50 Tunisie","breadcrumb":{"@id":"https:\/\/motors.tn\/magazine\/prix-tracteur-agricole-neuf-en-tunisie\/prix-tracteur-agricole-same-neuf-en-tunisie\/prix-tracteur-agricole-same-tiger-compact-50-neuf-en-tunisie\/#breadcrumb"},"inLanguage":"fr-FR","potentialAction":[{"@type":"ReadAction","target":["https:\/\/motors.tn\/magazine\/prix-tracteur-agricole-neuf-en-tunisie\/prix-tracteur-agricole-same-neuf-en-tunisie\/prix-tracteur-agricole-same-tiger-compact-50-neuf-en-tunisie\/"]}]},{"@type":"ImageObject","inLanguage":"fr-FR","@id":"https:\/\/motors.tn\/magazine\/prix-tracteur-agricole-neuf-en-tunisie\/prix-tracteur-agricole-same-neuf-en-tunisie\/prix-tracteur-agricole-same-tiger-compact-50-neuf-en-tunisie\/#primaryimage","url":"https:\/\/motors.tn\/magazine\/wp-content\/uploads\/2023\/06\/Prix-tracteur-agricole-same-tiger-compact-50.png","contentUrl":"https:\/\/motors.tn\/magazine\/wp-content\/uploads\/2023\/06\/Prix-tracteur-agricole-same-tiger-compact-50.png","width":441,"height":327},{"@type":"BreadcrumbList","@id":"https:\/\/motors.tn\/magazine\/prix-tracteur-agricole-neuf-en-tunisie\/prix-tracteur-agricole-same-neuf-en-tunisie\/prix-tracteur-agricole-same-tiger-compact-50-neuf-en-tunisie\/#breadcrumb","itemListElement":[{"@type":"ListItem","position":1,"name":"Motors.tn","item":"https:\/\/motors.tn\/magazine\/"},{"@type":"ListItem","position":2,"name":"Prix tracteur agricole neuf en Tunisie","item":"https:\/\/motors.tn\/magazine\/prix-tracteur-agricole-neuf-en-tunisie\/"},{"@type":"ListItem","position":3,"name":"Prix tracteur agricole Same neuf en Tunisie","item":"https:\/\/motors.tn\/magazine\/prix-tracteur-agricole-neuf-en-tunisie\/prix-tracteur-agricole-same-neuf-en-tunisie\/"},{"@type":"ListItem","position":4,"name":"Prix tracteur agricole Same Tiger Compact 50 neuf en Tunisie"}]},{"@type":"WebSite","@id":"https:\/\/motors.tn\/magazine\/#website","url":"https:\/\/motors.tn\/magazine\/","name":"Motors.tn","description":"Actualit\u00e9, prix du neuf et guide d&#039;achat","publisher":{"@id":"https:\/\/motors.tn\/magazine\/#organization"},"potentialAction":[{"@type":"SearchAction","target":{"@type":"EntryPoint","urlTemplate":"https:\/\/motors.tn\/magazine\/?s={search_term_string}"},"query-input":{"@type":"PropertyValueSpecification","valueRequired":true,"valueName":"search_term_string"}}],"inLanguage":"fr-FR"},{"@type":"Organization","@id":"https:\/\/motors.tn\/magazine\/#organization","name":"Strat\u00e9gie Digitale","url":"https:\/\/motors.tn\/magazine\/","logo":{"@type":"ImageObject","inLanguage":"fr-FR","@id":"https:\/\/motors.tn\/magazine\/#\/schema\/logo\/image\/","url":"https:\/\/motors.tn\/magazine\/wp-content\/uploads\/2020\/05\/cropped-cropped-logo9bleu.png","contentUrl":"https:\/\/motors.tn\/magazine\/wp-content\/uploads\/2020\/05\/cropped-cropped-logo9bleu.png","width":277,"height":44,"caption":"Strat\u00e9gie Digitale"},"image":{"@id":"https:\/\/motors.tn\/magazine\/#\/schema\/logo\/image\/"}}]}},"_links":{"self":[{"href":"https:\/\/motors.tn\/magazine\/wp-json\/wp\/v2\/pages\/490443","targetHints":{"allow":["GET"]}}],"collection":[{"href":"https:\/\/motors.tn\/magazine\/wp-json\/wp\/v2\/pages"}],"about":[{"href":"https:\/\/motors.tn\/magazine\/wp-json\/wp\/v2\/types\/page"}],"author":[{"embeddable":true,"href":"https:\/\/motors.tn\/magazine\/wp-json\/wp\/v2\/users\/1"}],"replies":[{"embeddable":true,"href":"https:\/\/motors.tn\/magazine\/wp-json\/wp\/v2\/comments?post=490443"}],"version-history":[{"count":0,"href":"https:\/\/motors.tn\/magazine\/wp-json\/wp\/v2\/pages\/490443\/revisions"}],"up":[{"embeddable":true,"href":"https:\/\/motors.tn\/magazine\/wp-json\/wp\/v2\/pages\/442679"}],"wp:attachment":[{"href":"https:\/\/motors.tn\/magazine\/wp-json\/wp\/v2\/media?parent=490443"}],"curies":[{"name":"wp","href":"https:\/\/api.w.org\/{rel}","templated":true}]}}