{"id":491911,"date":"2023-10-22T13:51:46","date_gmt":"2023-10-22T12:51:46","guid":{"rendered":"https:\/\/motors.tn\/magazine\/?page_id=491911"},"modified":"2023-10-22T14:20:48","modified_gmt":"2023-10-22T13:20:48","slug":"prix-pelle-hydraulique-sany-neuve-tunisie","status":"publish","type":"page","link":"https:\/\/motors.tn\/magazine\/prix-pelle-hydraulique-neuve-en-tunisie\/prix-pelle-hydraulique-sany-neuve-tunisie\/","title":{"rendered":"Prix pelle hydraulique Sany neuve Tunisie"},"content":{"rendered":"<p><a href=\"https:\/\/motors.tn\/magazine\/prix-pelle-hydraulique-neuve-en-tunisie\/\">Prix pelle hydraulique<\/a> Sany neuve Tunisie :<\/p>\n<div class=\"page-img\">\n<div class=\"text-box animated bounceInLeft\">\n<div class=\"productHero auth-track aem-GridColumn aem-GridColumn--default--12\">\n<div class=\" pfp-hero hero-short--big hero-short--big-bg\">\n<div class=\"hero-image-wrapper section--full-width\">\n<div class=\"hero-image\">\n<div class=\"container\">\n<div class=\"row\">\n<div class=\"hero-text\">\n<ul>\n<li><a href=\"https:\/\/motors.tn\/magazine\/prix-pelle-hydraulique-neuve-en-tunisie\/prix-pelle-hydraulique-sany-neuve-tunisie\/prix-pelle-hydraulique-sany-sy335c-neuve-tunisie\/\">Prix pelle hydraulique Sany SY335C neuve Tunisie<\/a><\/li>\n<\/ul>\n<figure id=\"attachment_491926\" aria-describedby=\"caption-attachment-491926\" style=\"width: 340px\" class=\"wp-caption aligncenter\"><img decoding=\"async\" class=\"wp-image-491926 size-full\" src=\"https:\/\/motors.tn\/magazine\/wp-content\/uploads\/2023\/10\/Prix-pelle-hydraulique-Sany-SY335C-neuve-Tunisie-350.jpg\" alt=\"\" width=\"350\" height=\"203\" srcset=\"https:\/\/motors.tn\/magazine\/wp-content\/uploads\/2023\/10\/Prix-pelle-hydraulique-Sany-SY335C-neuve-Tunisie-350.jpg 350w, https:\/\/motors.tn\/magazine\/wp-content\/uploads\/2023\/10\/Prix-pelle-hydraulique-Sany-SY335C-neuve-Tunisie-350-300x174.jpg 300w\" sizes=\"(max-width: 350px) 100vw, 350px\" \/><figcaption id=\"caption-attachment-491926\" class=\"wp-caption-text\">Sany SY335C<\/figcaption><\/figure>\n<p style=\"text-align: justify;\">Les pelles hydrauliques Sany utilisent des composants hydrauliques et de transmission puissants, robustes et fiables pour une longue dur\u00e9e de vie dans les applications les plus exigeantes. Les modes de travail s\u00e9lectionnables adaptent les performances de la machine \u00e0 l\u2019application, optimisant ainsi la productivit\u00e9. Les pelles hydrauliques Sany disposent d&rsquo;un rev\u00eatement anticorrosion, radiateur extra-large ind\u00e9pendant et un syst\u00e8me de filtration \u00e0 plusieurs \u00e9tages de haute capacit\u00e9.<\/p>\n<\/div>\n<\/div>\n<\/div>\n<\/div>\n<\/div>\n<\/div>\n<\/div>\n<\/div>\n<\/div>\n<hr \/>\n<h2><strong>Demande de prix \/ Demande de devis pour un pelle hydraulique Sany neuve en Tunisie<\/strong><\/h2>\n<div class=\"s\">\n<div><span class=\"st\">Faites votre\u00a0demande de devis\u00a0en ligne ici et recevez gratuitement une r\u00e9ponse\u00a0de nos partenaires :<\/span><\/div>\n<div><\/div>\n<\/div>\n<div><\/div>\n<div class=\"s\">\n<div class=\"wpcf7 no-js\" id=\"wpcf7-f491913-o1\" lang=\"fr-FR\" dir=\"ltr\" data-wpcf7-id=\"491913\">\n<div class=\"screen-reader-response\"><p role=\"status\" aria-live=\"polite\" aria-atomic=\"true\"><\/p> <ul><\/ul><\/div>\n<form action=\"\/magazine\/wp-json\/wp\/v2\/pages\/491911#wpcf7-f491913-o1\" method=\"post\" class=\"wpcf7-form init\" aria-label=\"Formulaire de contact\" novalidate=\"novalidate\" data-status=\"init\">\n<fieldset class=\"hidden-fields-container\"><input type=\"hidden\" name=\"_wpcf7\" value=\"491913\" \/><input type=\"hidden\" name=\"_wpcf7_version\" value=\"6.1.1\" \/><input type=\"hidden\" name=\"_wpcf7_locale\" value=\"fr_FR\" \/><input type=\"hidden\" name=\"_wpcf7_unit_tag\" value=\"wpcf7-f491913-o1\" \/><input type=\"hidden\" name=\"_wpcf7_container_post\" value=\"0\" \/><input type=\"hidden\" name=\"_wpcf7_posted_data_hash\" value=\"\" \/>\n<\/fieldset>\n<p>Nom et pr\u00e9nom - \u0627\u0644\u0625\u0633\u0645 \u0648 \u0627\u0644\u0644\u0642\u0628 :<br \/>\n<span class=\"wpcf7-form-control-wrap\" data-name=\"your-name\"><input size=\"40\" maxlength=\"400\" class=\"wpcf7-form-control wpcf7-text wpcf7-validates-as-required\" aria-required=\"true\" aria-invalid=\"false\" value=\"\" type=\"text\" name=\"your-name\" \/><\/span>\n<\/p>\n<p>Soci\u00e9t\u00e9 - \u0627\u0644\u0634\u0631\u0643\u0629 :<br \/>\n<span class=\"wpcf7-form-control-wrap\" data-name=\"your-ste\"><input size=\"40\" maxlength=\"400\" class=\"wpcf7-form-control wpcf7-text wpcf7-validates-as-required\" aria-required=\"true\" aria-invalid=\"false\" value=\"\" type=\"text\" name=\"your-ste\" \/><\/span>\n<\/p>\n<p>T\u00e9l\u00e9phone - \u0627\u0644\u0647\u0627\u062a\u0641 :\n<\/p>\n<p><span class=\"wpcf7-form-control-wrap\" data-name=\"your-tel\"><input size=\"40\" maxlength=\"400\" class=\"wpcf7-form-control wpcf7-tel wpcf7-validates-as-required wpcf7-text wpcf7-validates-as-tel\" aria-required=\"true\" aria-invalid=\"false\" value=\"\" type=\"tel\" name=\"your-tel\" \/><\/span>\n<\/p>\n<p>Gouvernorat - \u0627\u0644\u0648\u0644\u0627\u064a\u0629 :\n<\/p>\n<p><span class=\"wpcf7-form-control-wrap\" data-name=\"your-gouvernorat\"><select class=\"wpcf7-form-control wpcf7-select wpcf7-validates-as-required\" aria-required=\"true\" aria-invalid=\"false\" name=\"your-gouvernorat\"><option value=\"\">&#8212;Veuillez choisir une option&#8212;<\/option><option value=\"Ariana - \u0623\u0631\u064a\u0627\u0646\u0629\">Ariana - \u0623\u0631\u064a\u0627\u0646\u0629<\/option><option value=\"B\u00e9ja - \u0628\u0627\u062c\u0629\">B\u00e9ja - \u0628\u0627\u062c\u0629<\/option><option value=\"Ben Arous - \u0628\u0646 \u0639\u0631\u0648\u0633\">Ben Arous - \u0628\u0646 \u0639\u0631\u0648\u0633<\/option><option value=\"Bizerte - \u0628\u0646\u0632\u0631\u062a\">Bizerte - \u0628\u0646\u0632\u0631\u062a<\/option><option value=\"Gab\u00e8s - \u0642\u0627\u0628\u0633\">Gab\u00e8s - \u0642\u0627\u0628\u0633<\/option><option value=\"Gafsa - \u0642\u0641\u0635\u0629\">Gafsa - \u0642\u0641\u0635\u0629<\/option><option value=\"Jendouba - \u062c\u0646\u062f\u0648\u0628\u0629\">Jendouba - \u062c\u0646\u062f\u0648\u0628\u0629<\/option><option value=\"Kairouan - \u0627\u0644\u0642\u064a\u0631\u0648\u0627\u0646\">Kairouan - \u0627\u0644\u0642\u064a\u0631\u0648\u0627\u0646<\/option><option value=\"Kasserine - \u0627\u0644\u0642\u0635\u0631\u064a\u0646\">Kasserine - \u0627\u0644\u0642\u0635\u0631\u064a\u0646<\/option><option value=\"K\u00e9bili - \u0642\u0628\u0644\u064a\">K\u00e9bili - \u0642\u0628\u0644\u064a<\/option><option value=\"Le Kef - \u0627\u0644\u0643\u0627\u0641\">Le Kef - \u0627\u0644\u0643\u0627\u0641<\/option><option value=\"Mahdia - \u0627\u0644\u0645\u0647\u062f\u064a\u0629\">Mahdia - \u0627\u0644\u0645\u0647\u062f\u064a\u0629<\/option><option value=\"La Manouba - \u0645\u0646\u0648\u0628\u0629\">La Manouba - \u0645\u0646\u0648\u0628\u0629<\/option><option value=\"M\u00e9denine - \u0645\u062f\u0646\u064a\u0646\">M\u00e9denine - \u0645\u062f\u0646\u064a\u0646<\/option><option value=\"Monastir - \u0627\u0644\u0645\u0646\u0633\u062a\u064a\u0631\">Monastir - \u0627\u0644\u0645\u0646\u0633\u062a\u064a\u0631<\/option><option value=\"Nabeul - \u0646\u0627\u0628\u0644\">Nabeul - \u0646\u0627\u0628\u0644<\/option><option value=\"Sfax - \u0635\u0641\u0627\u0642\u0633\">Sfax - \u0635\u0641\u0627\u0642\u0633<\/option><option value=\"Sidi Bouzid - \u0633\u064a\u062f\u064a \u0628\u0648\u0632\u064a\u062f\">Sidi Bouzid - \u0633\u064a\u062f\u064a \u0628\u0648\u0632\u064a\u062f<\/option><option value=\"Siliana - \u0633\u0644\u064a\u0627\u0646\u0629\">Siliana - \u0633\u0644\u064a\u0627\u0646\u0629<\/option><option value=\"Sousse - \u0633\u0648\u0633\u0629\">Sousse - \u0633\u0648\u0633\u0629<\/option><option value=\"Tataouine - \u062a\u0637\u0627\u0648\u064a\u0646\">Tataouine - \u062a\u0637\u0627\u0648\u064a\u0646<\/option><option value=\"Tozeur - \u062a\u0648\u0632\u0631\">Tozeur - \u062a\u0648\u0632\u0631<\/option><option value=\"Tunis - \u062a\u0648\u0646\u0633\">Tunis - \u062a\u0648\u0646\u0633<\/option><option value=\"Zaghouan - \u0632\u063a\u0648\u0627\u0646\">Zaghouan - \u0632\u063a\u0648\u0627\u0646<\/option><\/select><\/span>\n<\/p>\n<p>Email - \u0627\u0644\u0628\u0631\u064a\u062f \u0627\u0644\u0625\u0644\u0643\u062a\u0631\u0648\u0646\u064a :\n<\/p>\n<p><span class=\"wpcf7-form-control-wrap\" data-name=\"your-email\"><input size=\"40\" maxlength=\"400\" class=\"wpcf7-form-control wpcf7-email wpcf7-validates-as-required wpcf7-text wpcf7-validates-as-email\" aria-required=\"true\" aria-invalid=\"false\" value=\"\" type=\"email\" name=\"your-email\" \/><\/span>\n<\/p>\n<p>Mod\u00e8le - \u0627\u0644\u0646\u0648\u0639 :\n<\/p>\n<p><span class=\"wpcf7-form-control-wrap\" data-name=\"Modele\"><span class=\"wpcf7-form-control wpcf7-checkbox wpcf7-validates-as-required\"><span class=\"wpcf7-list-item first last\"><label><input type=\"checkbox\" name=\"Modele[]\" value=\"Sany SY335C\" \/><span class=\"wpcf7-list-item-label\">Sany SY335C<\/span><\/label><\/span><\/span><\/span>\n<\/p>\n<p><input class=\"wpcf7-form-control wpcf7-submit has-spinner\" type=\"submit\" value=\"Envoyer - \u0625\u0631\u0633\u0627\u0644\" \/>\n<\/p><p style=\"display: none !important;\" class=\"akismet-fields-container\" data-prefix=\"_wpcf7_ak_\"><label>&#916;<textarea name=\"_wpcf7_ak_hp_textarea\" cols=\"45\" rows=\"8\" maxlength=\"100\"><\/textarea><\/label><input type=\"hidden\" id=\"ak_js_1\" name=\"_wpcf7_ak_js\" value=\"204\"\/><script>document.getElementById( \"ak_js_1\" ).setAttribute( \"value\", ( new Date() ).getTime() );<\/script><\/p><div class=\"wpcf7-response-output\" aria-hidden=\"true\"><\/div>\n<\/form>\n<\/div>\n<\/div>\n","protected":false},"excerpt":{"rendered":"<p>Prix pelle hydraulique Sany neuve Tunisie : Prix pelle hydraulique Sany SY335C neuve Tunisie Les pelles hydrauliques Sany utilisent des composants hydrauliques et de transmission puissants, robustes et fiables pour une longue dur\u00e9e de vie dans les applications les plus exigeantes. Les modes de travail s\u00e9lectionnables adaptent les performances de la machine \u00e0 l\u2019application, optimisant &#8230; <a title=\"Prix pelle hydraulique Sany neuve Tunisie\" class=\"read-more\" href=\"https:\/\/motors.tn\/magazine\/prix-pelle-hydraulique-neuve-en-tunisie\/prix-pelle-hydraulique-sany-neuve-tunisie\/\" aria-label=\"En savoir plus sur Prix pelle hydraulique Sany neuve Tunisie\">Lire la suite<\/a><\/p>\n","protected":false},"author":1,"featured_media":0,"parent":450452,"menu_order":0,"comment_status":"closed","ping_status":"closed","template":"","meta":{"footnotes":""},"class_list":["post-491911","page","type-page","status-publish"],"yoast_head":"<!-- This site is optimized with the Yoast SEO plugin v25.7 - https:\/\/yoast.com\/wordpress\/plugins\/seo\/ -->\n<title>Prix pelle hydraulique Sany neuve Tunisie - Motors.tn<\/title>\n<meta name=\"description\" content=\"Prix pelle hydraulique Sany neuve Tunisie : Devis en ligne, capacit\u00e9 de levage, hauteur, moteur, photos et fiche technique\" \/>\n<meta name=\"robots\" content=\"index, follow, max-snippet:-1, max-image-preview:large, max-video-preview:-1\" \/>\n<link rel=\"canonical\" href=\"https:\/\/motors.tn\/magazine\/prix-pelle-hydraulique-neuve-en-tunisie\/prix-pelle-hydraulique-sany-neuve-tunisie\/\" \/>\n<meta property=\"og:locale\" content=\"fr_FR\" \/>\n<meta property=\"og:type\" content=\"article\" \/>\n<meta property=\"og:title\" content=\"Prix pelle hydraulique Sany neuve Tunisie - Motors.tn\" \/>\n<meta property=\"og:description\" content=\"Prix pelle hydraulique Sany neuve Tunisie : Devis en ligne, capacit\u00e9 de levage, hauteur, moteur, photos et fiche technique\" \/>\n<meta property=\"og:url\" content=\"https:\/\/motors.tn\/magazine\/prix-pelle-hydraulique-neuve-en-tunisie\/prix-pelle-hydraulique-sany-neuve-tunisie\/\" \/>\n<meta property=\"og:site_name\" content=\"Motors.tn\" \/>\n<meta property=\"article:modified_time\" content=\"2023-10-22T13:20:48+00:00\" \/>\n<meta property=\"og:image\" content=\"http:\/\/motors.tn\/magazine\/wp-content\/uploads\/2023\/10\/Prix-pelle-hydraulique-Sany-SY335C-neuve-Tunisie-350.jpg\" \/>\n<meta name=\"twitter:label1\" content=\"Dur\u00e9e de lecture estim\u00e9e\" \/>\n\t<meta name=\"twitter:data1\" content=\"1 minute\" \/>\n<script type=\"application\/ld+json\" class=\"yoast-schema-graph\">{\"@context\":\"https:\/\/schema.org\",\"@graph\":[{\"@type\":\"WebPage\",\"@id\":\"https:\/\/motors.tn\/magazine\/prix-pelle-hydraulique-neuve-en-tunisie\/prix-pelle-hydraulique-sany-neuve-tunisie\/\",\"url\":\"https:\/\/motors.tn\/magazine\/prix-pelle-hydraulique-neuve-en-tunisie\/prix-pelle-hydraulique-sany-neuve-tunisie\/\",\"name\":\"Prix pelle hydraulique Sany neuve Tunisie - Motors.tn\",\"isPartOf\":{\"@id\":\"https:\/\/motors.tn\/magazine\/#website\"},\"primaryImageOfPage\":{\"@id\":\"https:\/\/motors.tn\/magazine\/prix-pelle-hydraulique-neuve-en-tunisie\/prix-pelle-hydraulique-sany-neuve-tunisie\/#primaryimage\"},\"image\":{\"@id\":\"https:\/\/motors.tn\/magazine\/prix-pelle-hydraulique-neuve-en-tunisie\/prix-pelle-hydraulique-sany-neuve-tunisie\/#primaryimage\"},\"thumbnailUrl\":\"http:\/\/motors.tn\/magazine\/wp-content\/uploads\/2023\/10\/Prix-pelle-hydraulique-Sany-SY335C-neuve-Tunisie-350.jpg\",\"datePublished\":\"2023-10-22T12:51:46+00:00\",\"dateModified\":\"2023-10-22T13:20:48+00:00\",\"description\":\"Prix pelle hydraulique Sany neuve Tunisie : Devis en ligne, capacit\u00e9 de levage, hauteur, moteur, photos et fiche technique\",\"breadcrumb\":{\"@id\":\"https:\/\/motors.tn\/magazine\/prix-pelle-hydraulique-neuve-en-tunisie\/prix-pelle-hydraulique-sany-neuve-tunisie\/#breadcrumb\"},\"inLanguage\":\"fr-FR\",\"potentialAction\":[{\"@type\":\"ReadAction\",\"target\":[\"https:\/\/motors.tn\/magazine\/prix-pelle-hydraulique-neuve-en-tunisie\/prix-pelle-hydraulique-sany-neuve-tunisie\/\"]}]},{\"@type\":\"ImageObject\",\"inLanguage\":\"fr-FR\",\"@id\":\"https:\/\/motors.tn\/magazine\/prix-pelle-hydraulique-neuve-en-tunisie\/prix-pelle-hydraulique-sany-neuve-tunisie\/#primaryimage\",\"url\":\"https:\/\/motors.tn\/magazine\/wp-content\/uploads\/2023\/10\/Prix-pelle-hydraulique-Sany-SY335C-neuve-Tunisie-350.jpg\",\"contentUrl\":\"https:\/\/motors.tn\/magazine\/wp-content\/uploads\/2023\/10\/Prix-pelle-hydraulique-Sany-SY335C-neuve-Tunisie-350.jpg\",\"width\":350,\"height\":203},{\"@type\":\"BreadcrumbList\",\"@id\":\"https:\/\/motors.tn\/magazine\/prix-pelle-hydraulique-neuve-en-tunisie\/prix-pelle-hydraulique-sany-neuve-tunisie\/#breadcrumb\",\"itemListElement\":[{\"@type\":\"ListItem\",\"position\":1,\"name\":\"Motors.tn\",\"item\":\"https:\/\/motors.tn\/magazine\/\"},{\"@type\":\"ListItem\",\"position\":2,\"name\":\"Prix pelle hydraulique neuve en Tunisie\",\"item\":\"https:\/\/motors.tn\/magazine\/prix-pelle-hydraulique-neuve-en-tunisie\/\"},{\"@type\":\"ListItem\",\"position\":3,\"name\":\"Prix pelle hydraulique Sany neuve Tunisie\"}]},{\"@type\":\"WebSite\",\"@id\":\"https:\/\/motors.tn\/magazine\/#website\",\"url\":\"https:\/\/motors.tn\/magazine\/\",\"name\":\"Motors.tn\",\"description\":\"Actualit\u00e9, prix du neuf et guide d&#039;achat\",\"publisher\":{\"@id\":\"https:\/\/motors.tn\/magazine\/#organization\"},\"potentialAction\":[{\"@type\":\"SearchAction\",\"target\":{\"@type\":\"EntryPoint\",\"urlTemplate\":\"https:\/\/motors.tn\/magazine\/?s={search_term_string}\"},\"query-input\":{\"@type\":\"PropertyValueSpecification\",\"valueRequired\":true,\"valueName\":\"search_term_string\"}}],\"inLanguage\":\"fr-FR\"},{\"@type\":\"Organization\",\"@id\":\"https:\/\/motors.tn\/magazine\/#organization\",\"name\":\"Strat\u00e9gie Digitale\",\"url\":\"https:\/\/motors.tn\/magazine\/\",\"logo\":{\"@type\":\"ImageObject\",\"inLanguage\":\"fr-FR\",\"@id\":\"https:\/\/motors.tn\/magazine\/#\/schema\/logo\/image\/\",\"url\":\"https:\/\/motors.tn\/magazine\/wp-content\/uploads\/2020\/05\/cropped-cropped-logo9bleu.png\",\"contentUrl\":\"https:\/\/motors.tn\/magazine\/wp-content\/uploads\/2020\/05\/cropped-cropped-logo9bleu.png\",\"width\":277,\"height\":44,\"caption\":\"Strat\u00e9gie Digitale\"},\"image\":{\"@id\":\"https:\/\/motors.tn\/magazine\/#\/schema\/logo\/image\/\"}}]}<\/script>\n<!-- \/ Yoast SEO plugin. -->","yoast_head_json":{"title":"Prix pelle hydraulique Sany neuve Tunisie - Motors.tn","description":"Prix pelle hydraulique Sany neuve Tunisie : Devis en ligne, capacit\u00e9 de levage, hauteur, moteur, photos et fiche technique","robots":{"index":"index","follow":"follow","max-snippet":"max-snippet:-1","max-image-preview":"max-image-preview:large","max-video-preview":"max-video-preview:-1"},"canonical":"https:\/\/motors.tn\/magazine\/prix-pelle-hydraulique-neuve-en-tunisie\/prix-pelle-hydraulique-sany-neuve-tunisie\/","og_locale":"fr_FR","og_type":"article","og_title":"Prix pelle hydraulique Sany neuve Tunisie - Motors.tn","og_description":"Prix pelle hydraulique Sany neuve Tunisie : Devis en ligne, capacit\u00e9 de levage, hauteur, moteur, photos et fiche technique","og_url":"https:\/\/motors.tn\/magazine\/prix-pelle-hydraulique-neuve-en-tunisie\/prix-pelle-hydraulique-sany-neuve-tunisie\/","og_site_name":"Motors.tn","article_modified_time":"2023-10-22T13:20:48+00:00","og_image":[{"url":"http:\/\/motors.tn\/magazine\/wp-content\/uploads\/2023\/10\/Prix-pelle-hydraulique-Sany-SY335C-neuve-Tunisie-350.jpg","type":"","width":"","height":""}],"twitter_misc":{"Dur\u00e9e de lecture estim\u00e9e":"1 minute"},"schema":{"@context":"https:\/\/schema.org","@graph":[{"@type":"WebPage","@id":"https:\/\/motors.tn\/magazine\/prix-pelle-hydraulique-neuve-en-tunisie\/prix-pelle-hydraulique-sany-neuve-tunisie\/","url":"https:\/\/motors.tn\/magazine\/prix-pelle-hydraulique-neuve-en-tunisie\/prix-pelle-hydraulique-sany-neuve-tunisie\/","name":"Prix pelle hydraulique Sany neuve Tunisie - Motors.tn","isPartOf":{"@id":"https:\/\/motors.tn\/magazine\/#website"},"primaryImageOfPage":{"@id":"https:\/\/motors.tn\/magazine\/prix-pelle-hydraulique-neuve-en-tunisie\/prix-pelle-hydraulique-sany-neuve-tunisie\/#primaryimage"},"image":{"@id":"https:\/\/motors.tn\/magazine\/prix-pelle-hydraulique-neuve-en-tunisie\/prix-pelle-hydraulique-sany-neuve-tunisie\/#primaryimage"},"thumbnailUrl":"http:\/\/motors.tn\/magazine\/wp-content\/uploads\/2023\/10\/Prix-pelle-hydraulique-Sany-SY335C-neuve-Tunisie-350.jpg","datePublished":"2023-10-22T12:51:46+00:00","dateModified":"2023-10-22T13:20:48+00:00","description":"Prix pelle hydraulique Sany neuve Tunisie : Devis en ligne, capacit\u00e9 de levage, hauteur, moteur, photos et fiche technique","breadcrumb":{"@id":"https:\/\/motors.tn\/magazine\/prix-pelle-hydraulique-neuve-en-tunisie\/prix-pelle-hydraulique-sany-neuve-tunisie\/#breadcrumb"},"inLanguage":"fr-FR","potentialAction":[{"@type":"ReadAction","target":["https:\/\/motors.tn\/magazine\/prix-pelle-hydraulique-neuve-en-tunisie\/prix-pelle-hydraulique-sany-neuve-tunisie\/"]}]},{"@type":"ImageObject","inLanguage":"fr-FR","@id":"https:\/\/motors.tn\/magazine\/prix-pelle-hydraulique-neuve-en-tunisie\/prix-pelle-hydraulique-sany-neuve-tunisie\/#primaryimage","url":"https:\/\/motors.tn\/magazine\/wp-content\/uploads\/2023\/10\/Prix-pelle-hydraulique-Sany-SY335C-neuve-Tunisie-350.jpg","contentUrl":"https:\/\/motors.tn\/magazine\/wp-content\/uploads\/2023\/10\/Prix-pelle-hydraulique-Sany-SY335C-neuve-Tunisie-350.jpg","width":350,"height":203},{"@type":"BreadcrumbList","@id":"https:\/\/motors.tn\/magazine\/prix-pelle-hydraulique-neuve-en-tunisie\/prix-pelle-hydraulique-sany-neuve-tunisie\/#breadcrumb","itemListElement":[{"@type":"ListItem","position":1,"name":"Motors.tn","item":"https:\/\/motors.tn\/magazine\/"},{"@type":"ListItem","position":2,"name":"Prix pelle hydraulique neuve en Tunisie","item":"https:\/\/motors.tn\/magazine\/prix-pelle-hydraulique-neuve-en-tunisie\/"},{"@type":"ListItem","position":3,"name":"Prix pelle hydraulique Sany neuve Tunisie"}]},{"@type":"WebSite","@id":"https:\/\/motors.tn\/magazine\/#website","url":"https:\/\/motors.tn\/magazine\/","name":"Motors.tn","description":"Actualit\u00e9, prix du neuf et guide d&#039;achat","publisher":{"@id":"https:\/\/motors.tn\/magazine\/#organization"},"potentialAction":[{"@type":"SearchAction","target":{"@type":"EntryPoint","urlTemplate":"https:\/\/motors.tn\/magazine\/?s={search_term_string}"},"query-input":{"@type":"PropertyValueSpecification","valueRequired":true,"valueName":"search_term_string"}}],"inLanguage":"fr-FR"},{"@type":"Organization","@id":"https:\/\/motors.tn\/magazine\/#organization","name":"Strat\u00e9gie Digitale","url":"https:\/\/motors.tn\/magazine\/","logo":{"@type":"ImageObject","inLanguage":"fr-FR","@id":"https:\/\/motors.tn\/magazine\/#\/schema\/logo\/image\/","url":"https:\/\/motors.tn\/magazine\/wp-content\/uploads\/2020\/05\/cropped-cropped-logo9bleu.png","contentUrl":"https:\/\/motors.tn\/magazine\/wp-content\/uploads\/2020\/05\/cropped-cropped-logo9bleu.png","width":277,"height":44,"caption":"Strat\u00e9gie Digitale"},"image":{"@id":"https:\/\/motors.tn\/magazine\/#\/schema\/logo\/image\/"}}]}},"_links":{"self":[{"href":"https:\/\/motors.tn\/magazine\/wp-json\/wp\/v2\/pages\/491911","targetHints":{"allow":["GET"]}}],"collection":[{"href":"https:\/\/motors.tn\/magazine\/wp-json\/wp\/v2\/pages"}],"about":[{"href":"https:\/\/motors.tn\/magazine\/wp-json\/wp\/v2\/types\/page"}],"author":[{"embeddable":true,"href":"https:\/\/motors.tn\/magazine\/wp-json\/wp\/v2\/users\/1"}],"replies":[{"embeddable":true,"href":"https:\/\/motors.tn\/magazine\/wp-json\/wp\/v2\/comments?post=491911"}],"version-history":[{"count":0,"href":"https:\/\/motors.tn\/magazine\/wp-json\/wp\/v2\/pages\/491911\/revisions"}],"up":[{"embeddable":true,"href":"https:\/\/motors.tn\/magazine\/wp-json\/wp\/v2\/pages\/450452"}],"wp:attachment":[{"href":"https:\/\/motors.tn\/magazine\/wp-json\/wp\/v2\/media?parent=491911"}],"curies":[{"name":"wp","href":"https:\/\/api.w.org\/{rel}","templated":true}]}}