{"id":493216,"date":"2024-06-08T16:19:26","date_gmt":"2024-06-08T15:19:26","guid":{"rendered":"https:\/\/motors.tn\/magazine\/?page_id=493216"},"modified":"2025-09-23T11:48:18","modified_gmt":"2025-09-23T10:48:18","slug":"prix-chargeuse-sur-pneus-komatsu-neuve-en-tunisie","status":"publish","type":"page","link":"https:\/\/motors.tn\/magazine\/prix-chargeuse-sur-pneus-neuve-en-tunisie\/prix-chargeuse-sur-pneus-komatsu-neuve-en-tunisie\/","title":{"rendered":"Prix chargeuse sur pneus Komatsu neuve en Tunisie"},"content":{"rendered":"<p><a href=\"https:\/\/motors.tn\/magazine\/prix-chargeuse-sur-pneus-neuve-en-tunisie\/\">Prix chargeuse sur pneus<\/a> Komatsu neuve en Tunisie :<\/p>\n<ul>\n<li><a href=\"https:\/\/motors.tn\/magazine\/prix-chargeuse-sur-pneus-neuve-en-tunisie\/prix-chargeuse-sur-pneus-komatsu-neuve-en-tunisie\/prix-chargeuse-sur-pneus-komatsu-wa470-6-neuve-en-tunisie\/\">Prix chargeuse sur pneus Komatsu WA470-6 neuve en Tunisie<\/a><\/li>\n<\/ul>\n<figure id=\"attachment_493234\" aria-describedby=\"caption-attachment-493234\" style=\"width: 340px\" class=\"wp-caption aligncenter\"><img decoding=\"async\" class=\"size-full wp-image-493234\" src=\"https:\/\/motors.tn\/magazine\/wp-content\/uploads\/2024\/06\/Prix-chargeuse-sur-pneus-Komatsu-WA470-6-neuve-en-Tunisie-111.png\" alt=\"\" width=\"350\" height=\"173\" srcset=\"https:\/\/motors.tn\/magazine\/wp-content\/uploads\/2024\/06\/Prix-chargeuse-sur-pneus-Komatsu-WA470-6-neuve-en-Tunisie-111.png 350w, https:\/\/motors.tn\/magazine\/wp-content\/uploads\/2024\/06\/Prix-chargeuse-sur-pneus-Komatsu-WA470-6-neuve-en-Tunisie-111-300x148.png 300w\" sizes=\"(max-width: 350px) 100vw, 350px\" \/><figcaption id=\"caption-attachment-493234\" class=\"wp-caption-text\">Komatsu WA470-6<\/figcaption><\/figure>\n<p style=\"text-align: justify;\">Efficace et productive, la chargeuse sur pneus Komatsu est \u00e9quip\u00e9e d\u2019un ensemble moteur et transmission \u00e0 haut rendement d\u00e9livrant puissance et couple \u00e9lev\u00e9s d\u00e8s les bas r\u00e9gimes. Quel que soit le travail \u00e0 effectuer, la chargeuse sur pneus Komatsu pourra l\u2019effectuer avec une consommation de carburant faible, gr\u00e2ce \u00e0 son excellente force de traction et \u00e0 son syst\u00e8me de d\u00e9tection de charge \u00e0 centre ferm\u00e9 (Closed-Center Load Sensing System, CLSS). Fiabilit\u00e9, facilit\u00e9 d\u2019entretien, \u00e9conomie et s\u00e9curit\u00e9, la chargeuse sur pneus Komatsu fixe de nouvelles normes pour cette classe de chargeuses sur pneus en Tunisie.<\/p>\n<hr \/>\n<h2><strong>Demande de prix \/ Demande de devis pour Chargeuse Sur Pneus Komatsu neuve en Tunisie\u00a0<\/strong><\/h2>\n<p style=\"text-align: left;\">Faites votre demande de devis en ligne ici et recevez gratuitement une r\u00e9ponse de nos partenaires :<\/p>\n\n<div class=\"wpcf7 no-js\" id=\"wpcf7-f493236-o1\" lang=\"fr-FR\" dir=\"ltr\" data-wpcf7-id=\"493236\">\n<div class=\"screen-reader-response\"><p role=\"status\" aria-live=\"polite\" aria-atomic=\"true\"><\/p> <ul><\/ul><\/div>\n<form action=\"\/magazine\/wp-json\/wp\/v2\/pages\/493216#wpcf7-f493236-o1\" method=\"post\" class=\"wpcf7-form init\" aria-label=\"Formulaire de contact\" novalidate=\"novalidate\" data-status=\"init\">\n<fieldset class=\"hidden-fields-container\"><input type=\"hidden\" name=\"_wpcf7\" value=\"493236\" \/><input type=\"hidden\" name=\"_wpcf7_version\" value=\"6.1.1\" \/><input type=\"hidden\" name=\"_wpcf7_locale\" value=\"fr_FR\" \/><input type=\"hidden\" name=\"_wpcf7_unit_tag\" value=\"wpcf7-f493236-o1\" \/><input type=\"hidden\" name=\"_wpcf7_container_post\" value=\"0\" \/><input type=\"hidden\" name=\"_wpcf7_posted_data_hash\" value=\"\" \/>\n<\/fieldset>\n<p>Nom et pr\u00e9nom - \u0627\u0644\u0625\u0633\u0645 \u0648 \u0627\u0644\u0644\u0642\u0628 :<br \/>\n<span class=\"wpcf7-form-control-wrap\" data-name=\"your-name\"><input size=\"40\" maxlength=\"400\" class=\"wpcf7-form-control wpcf7-text wpcf7-validates-as-required\" aria-required=\"true\" aria-invalid=\"false\" value=\"\" type=\"text\" name=\"your-name\" \/><\/span>\n<\/p>\n<p>Soci\u00e9t\u00e9 - \u0627\u0644\u0634\u0631\u0643\u0629 :<br \/>\n<span class=\"wpcf7-form-control-wrap\" data-name=\"your-ste\"><input size=\"40\" maxlength=\"400\" class=\"wpcf7-form-control wpcf7-text wpcf7-validates-as-required\" aria-required=\"true\" aria-invalid=\"false\" value=\"\" type=\"text\" name=\"your-ste\" \/><\/span>\n<\/p>\n<p>T\u00e9l\u00e9phone - \u0627\u0644\u0647\u0627\u062a\u0641 :\n<\/p>\n<p><span class=\"wpcf7-form-control-wrap\" data-name=\"your-tel\"><input size=\"40\" maxlength=\"400\" class=\"wpcf7-form-control wpcf7-tel wpcf7-validates-as-required wpcf7-text wpcf7-validates-as-tel\" aria-required=\"true\" aria-invalid=\"false\" value=\"\" type=\"tel\" name=\"your-tel\" \/><\/span>\n<\/p>\n<p>Gouvernorat - \u0627\u0644\u0648\u0644\u0627\u064a\u0629 :\n<\/p>\n<p><span class=\"wpcf7-form-control-wrap\" data-name=\"your-gouvernorat\"><select class=\"wpcf7-form-control wpcf7-select wpcf7-validates-as-required\" aria-required=\"true\" aria-invalid=\"false\" name=\"your-gouvernorat\"><option value=\"\">&#8212;Veuillez choisir une option&#8212;<\/option><option value=\"Ariana - \u0623\u0631\u064a\u0627\u0646\u0629\">Ariana - \u0623\u0631\u064a\u0627\u0646\u0629<\/option><option value=\"B\u00e9ja - \u0628\u0627\u062c\u0629\">B\u00e9ja - \u0628\u0627\u062c\u0629<\/option><option value=\"Ben Arous - \u0628\u0646 \u0639\u0631\u0648\u0633\">Ben Arous - \u0628\u0646 \u0639\u0631\u0648\u0633<\/option><option value=\"Bizerte - \u0628\u0646\u0632\u0631\u062a\">Bizerte - \u0628\u0646\u0632\u0631\u062a<\/option><option value=\"Gab\u00e8s - \u0642\u0627\u0628\u0633\">Gab\u00e8s - \u0642\u0627\u0628\u0633<\/option><option value=\"Gafsa - \u0642\u0641\u0635\u0629\">Gafsa - \u0642\u0641\u0635\u0629<\/option><option value=\"Jendouba - \u062c\u0646\u062f\u0648\u0628\u0629\">Jendouba - \u062c\u0646\u062f\u0648\u0628\u0629<\/option><option value=\"Kairouan - \u0627\u0644\u0642\u064a\u0631\u0648\u0627\u0646\">Kairouan - \u0627\u0644\u0642\u064a\u0631\u0648\u0627\u0646<\/option><option value=\"Kasserine - \u0627\u0644\u0642\u0635\u0631\u064a\u0646\">Kasserine - \u0627\u0644\u0642\u0635\u0631\u064a\u0646<\/option><option value=\"K\u00e9bili - \u0642\u0628\u0644\u064a\">K\u00e9bili - \u0642\u0628\u0644\u064a<\/option><option value=\"Le Kef - \u0627\u0644\u0643\u0627\u0641\">Le Kef - \u0627\u0644\u0643\u0627\u0641<\/option><option value=\"Mahdia - \u0627\u0644\u0645\u0647\u062f\u064a\u0629\">Mahdia - \u0627\u0644\u0645\u0647\u062f\u064a\u0629<\/option><option value=\"La Manouba - \u0645\u0646\u0648\u0628\u0629\">La Manouba - \u0645\u0646\u0648\u0628\u0629<\/option><option value=\"M\u00e9denine - \u0645\u062f\u0646\u064a\u0646\">M\u00e9denine - \u0645\u062f\u0646\u064a\u0646<\/option><option value=\"Monastir - \u0627\u0644\u0645\u0646\u0633\u062a\u064a\u0631\">Monastir - \u0627\u0644\u0645\u0646\u0633\u062a\u064a\u0631<\/option><option value=\"Nabeul - \u0646\u0627\u0628\u0644\">Nabeul - \u0646\u0627\u0628\u0644<\/option><option value=\"Sfax - \u0635\u0641\u0627\u0642\u0633\">Sfax - \u0635\u0641\u0627\u0642\u0633<\/option><option value=\"Sidi Bouzid - \u0633\u064a\u062f\u064a \u0628\u0648\u0632\u064a\u062f\">Sidi Bouzid - \u0633\u064a\u062f\u064a \u0628\u0648\u0632\u064a\u062f<\/option><option value=\"Siliana - \u0633\u0644\u064a\u0627\u0646\u0629\">Siliana - \u0633\u0644\u064a\u0627\u0646\u0629<\/option><option value=\"Sousse - \u0633\u0648\u0633\u0629\">Sousse - \u0633\u0648\u0633\u0629<\/option><option value=\"Tataouine - \u062a\u0637\u0627\u0648\u064a\u0646\">Tataouine - \u062a\u0637\u0627\u0648\u064a\u0646<\/option><option value=\"Tozeur - \u062a\u0648\u0632\u0631\">Tozeur - \u062a\u0648\u0632\u0631<\/option><option value=\"Tunis - \u062a\u0648\u0646\u0633\">Tunis - \u062a\u0648\u0646\u0633<\/option><option value=\"Zaghouan - \u0632\u063a\u0648\u0627\u0646\">Zaghouan - \u0632\u063a\u0648\u0627\u0646<\/option><\/select><\/span>\n<\/p>\n<p>Email - \u0627\u0644\u0628\u0631\u064a\u062f \u0627\u0644\u0625\u0644\u0643\u062a\u0631\u0648\u0646\u064a :\n<\/p>\n<p><span class=\"wpcf7-form-control-wrap\" data-name=\"your-email\"><input size=\"40\" maxlength=\"400\" class=\"wpcf7-form-control wpcf7-email wpcf7-validates-as-required wpcf7-text wpcf7-validates-as-email\" aria-required=\"true\" aria-invalid=\"false\" value=\"\" type=\"email\" name=\"your-email\" \/><\/span>\n<\/p>\n<p><input class=\"wpcf7-form-control wpcf7-submit has-spinner\" type=\"submit\" value=\"Envoyer - \u0625\u0631\u0633\u0627\u0644\" \/>\n<\/p><p style=\"display: none !important;\" class=\"akismet-fields-container\" data-prefix=\"_wpcf7_ak_\"><label>&#916;<textarea name=\"_wpcf7_ak_hp_textarea\" cols=\"45\" rows=\"8\" maxlength=\"100\"><\/textarea><\/label><input type=\"hidden\" id=\"ak_js_1\" name=\"_wpcf7_ak_js\" value=\"249\"\/><script>document.getElementById( \"ak_js_1\" ).setAttribute( \"value\", ( new Date() ).getTime() );<\/script><\/p><div class=\"wpcf7-response-output\" aria-hidden=\"true\"><\/div>\n<\/form>\n<\/div>\n\n<p>&nbsp;<\/p>\n<h2><span style=\"font-weight: 400;\">Chargeuse sur pneus Komatsu Tunisie : tous les prix du neuf<\/span><\/h2>\n<p><span style=\"font-weight: 400;\">Trouvez une <a href=\"https:\/\/motors.tn\/magazine\/prix-chargeuse-sur-pneus-neuve-en-tunisie\/\">chargeuse sur pneus neuve<\/a> parmi notre large s\u00e9lection de mod\u00e8les \u00e0 vendre en Tunisie. Parmi les marques les plus r\u00e9put\u00e9es en mati\u00e8re d\u2019engins et de mat\u00e9riel de construction, on retrouve la marque japonaise Komatsu.<\/span><\/p>\n<p><span style=\"font-weight: 400;\">Leader mondial des \u00e9quipements intelligents et autonomes, Komatsu con\u00e7oit et produit une large gamme d\u2019\u00e9quipements lourds robustes, fiables et \u00e9conomiques comme les pelles hydrauliques, les bulldozers, les chargeuses sur pneus et les tombereaux. Fond\u00e9e en 1921 par Meitaro Takeuchi, Komatsu est pass\u00e9e, apr\u00e8s plus d\u2019un si\u00e8cle, d\u2019un simple fabricant d&rsquo;\u00e9quipements agricoles \u00e0 une firme multinationale desservant des clients partout dans le monde des secteurs de la foresterie, de la construction et des mines.<\/span><\/p>\n<p><span style=\"font-weight: 400;\">Vous projetez d\u2019acheter une nouvelle <\/span><b>chargeuse sur pneus Komatsu <\/b><span style=\"font-weight: 400;\">? Vous ne connaissez pas les prix du neuf ? Sur Motors.tn, d\u00e9couvrez tous les prix des chargeuses sur pneus neuves Komatsu propos\u00e9es \u00e0 la vente sur le march\u00e9 tunisien.\u00a0 Qu\u2019elle soit dot\u00e9e d\u2019une transmission hydrostatique ou de Power Shift, une <\/span><b>chargeuse sur pneus Komatsu Tunisie<\/b><span style=\"font-weight: 400;\"> apporte une force de traction exceptionnelle, une fiabilit\u00e9 \u00e0 toute \u00e9preuve et une consommation optimale.<\/span><\/p>\n<p><span style=\"font-weight: 400;\">Beaucoup d\u2019autres marques de<\/span><b> Chargeuse sur pneus Tunisie<\/b><span style=\"font-weight: 400;\"> sont bien r\u00e9f\u00e9renc\u00e9es sur notre site : <a href=\"https:\/\/motors.tn\/magazine\/prix-chargeuse-sur-pneus-neuve-en-tunisie\/prix-chargeuse-sur-pneus-case-neuve-en-tunisie\/\">Case<\/a>,\u00a0<a href=\"https:\/\/motors.tn\/magazine\/prix-chargeuse-sur-pneus-neuve-en-tunisie\/prix-chargeuse-sur-pneus-caterpillar-neuve-en-tunisie\/\">Caterpillar<\/a>,\u00a0<a href=\"https:\/\/motors.tn\/magazine\/prix-chargeuse-sur-pneus-neuve-en-tunisie\/prix-chargeuse-sur-pneus-chenggong-neuve-en-tunisie\/\">Cheng Gong<\/a>,\u00a0<a href=\"https:\/\/motors.tn\/magazine\/prix-chargeuse-sur-pneus-neuve-en-tunisie\/prix-chargeuse-sur-pneus-doosan-neuve-en-tunisie\/\">Doosan<\/a>,\u00a0<a href=\"https:\/\/motors.tn\/magazine\/prix-chargeuse-sur-pneus-neuve-en-tunisie\/prix-chargeuse-sur-pneus-ensign-neuve-en-tunisie\/\">Ensign<\/a>,\u00a0<a href=\"https:\/\/motors.tn\/magazine\/prix-chargeuse-sur-pneus-neuve-en-tunisie\/prix-chargeuse-sur-pneus-hyundai-neuve-en-tunisie\/\">Hyundai<\/a>, <a href=\"https:\/\/motors.tn\/magazine\/prix-chargeuse-sur-pneus-neuve-en-tunisie\/prix-chargeuse-sur-pneus-new-hollad-neuve-en-tunisie\/\">New Holland<\/a>,\u00a0<a href=\"https:\/\/motors.tn\/magazine\/prix-chargeuse-sur-pneus-neuve-en-tunisie\/prix-chargeuse-sur-pneus-sany-neuve-en-tunisie\/\">Sany<\/a>,\u00a0<a href=\"https:\/\/motors.tn\/magazine\/prix-chargeuse-sur-pneus-neuve-en-tunisie\/prix-chargeuse-sur-pneus-sdlg-neuve-en-tunisie\/\">SDLG<\/a>,\u00a0<a href=\"https:\/\/motors.tn\/magazine\/prix-chargeuse-sur-pneus-neuve-en-tunisie\/prix-chargeuse-sur-pneus-sem-neuve-en-tunisie\/\">SEM<\/a>,\u00a0<a href=\"https:\/\/motors.tn\/magazine\/prix-chargeuse-sur-pneus-neuve-en-tunisie\/prix-chargeuse-sur-pneus-shantui-neuve-en-tunisie\/\">Shantui<\/a>,\u00a0<a href=\"https:\/\/motors.tn\/magazine\/prix-chargeuse-sur-pneus-neuve-en-tunisie\/prix-chargeuse-sur-pneus-xgma-neuve-en-tunisie\/\">XGMA<\/a>. ou encore\u00a0<a href=\"https:\/\/motors.tn\/magazine\/prix-chargeuse-sur-pneus-neuve-en-tunisie\/prix-chargeuse-sur-pneus-liugong-neuve-en-tunisie\/\">LiuGong<\/a>.\u00a0. Sur Motors.tn, retrouvez tous les <\/span><b>prix Chargeuse sur pneus neuve Tunisie.<\/b><\/p>\n","protected":false},"excerpt":{"rendered":"<p>Prix chargeuse sur pneus Komatsu neuve en Tunisie : Prix chargeuse sur pneus Komatsu WA470-6 neuve en Tunisie Efficace et productive, la chargeuse sur pneus Komatsu est \u00e9quip\u00e9e d\u2019un ensemble moteur et transmission \u00e0 haut rendement d\u00e9livrant puissance et couple \u00e9lev\u00e9s d\u00e8s les bas r\u00e9gimes. Quel que soit le travail \u00e0 effectuer, la chargeuse sur &#8230; <a title=\"Prix chargeuse sur pneus Komatsu neuve en Tunisie\" class=\"read-more\" href=\"https:\/\/motors.tn\/magazine\/prix-chargeuse-sur-pneus-neuve-en-tunisie\/prix-chargeuse-sur-pneus-komatsu-neuve-en-tunisie\/\" aria-label=\"En savoir plus sur Prix chargeuse sur pneus Komatsu neuve en Tunisie\">Lire la suite<\/a><\/p>\n","protected":false},"author":1,"featured_media":0,"parent":446351,"menu_order":0,"comment_status":"closed","ping_status":"closed","template":"","meta":{"footnotes":""},"class_list":["post-493216","page","type-page","status-publish"],"yoast_head":"<!-- This site is optimized with the Yoast SEO plugin v25.7 - https:\/\/yoast.com\/wordpress\/plugins\/seo\/ -->\n<title>Prix chargeuse sur pneus Komatsu neuve en Tunisie | Motors.tn<\/title>\n<meta name=\"description\" content=\"Chargeuse sur pneus Komatsu neuve en Tunisie : d\u00e9couvrez les prix du neuf des chargeuses sur pneus \u00e0 vendre en Tunisie de la marque Komatsu.\" \/>\n<meta name=\"robots\" content=\"index, follow, max-snippet:-1, max-image-preview:large, max-video-preview:-1\" \/>\n<link rel=\"canonical\" href=\"https:\/\/motors.tn\/magazine\/prix-chargeuse-sur-pneus-neuve-en-tunisie\/prix-chargeuse-sur-pneus-komatsu-neuve-en-tunisie\/\" \/>\n<meta property=\"og:locale\" content=\"fr_FR\" \/>\n<meta property=\"og:type\" content=\"article\" \/>\n<meta property=\"og:title\" content=\"Prix chargeuse sur pneus Komatsu neuve en Tunisie | Motors.tn\" \/>\n<meta property=\"og:description\" content=\"Chargeuse sur pneus Komatsu neuve en Tunisie : d\u00e9couvrez les prix du neuf des chargeuses sur pneus \u00e0 vendre en Tunisie de la marque Komatsu.\" \/>\n<meta property=\"og:url\" content=\"https:\/\/motors.tn\/magazine\/prix-chargeuse-sur-pneus-neuve-en-tunisie\/prix-chargeuse-sur-pneus-komatsu-neuve-en-tunisie\/\" \/>\n<meta property=\"og:site_name\" content=\"Motors.tn\" \/>\n<meta property=\"article:modified_time\" content=\"2025-09-23T10:48:18+00:00\" \/>\n<meta property=\"og:image\" content=\"http:\/\/motors.tn\/magazine\/wp-content\/uploads\/2024\/06\/Prix-chargeuse-sur-pneus-Komatsu-WA470-6-neuve-en-Tunisie-111.png\" \/>\n<meta name=\"twitter:label1\" content=\"Dur\u00e9e de lecture estim\u00e9e\" \/>\n\t<meta name=\"twitter:data1\" content=\"3 minutes\" \/>\n<script type=\"application\/ld+json\" class=\"yoast-schema-graph\">{\"@context\":\"https:\/\/schema.org\",\"@graph\":[{\"@type\":\"WebPage\",\"@id\":\"https:\/\/motors.tn\/magazine\/prix-chargeuse-sur-pneus-neuve-en-tunisie\/prix-chargeuse-sur-pneus-komatsu-neuve-en-tunisie\/\",\"url\":\"https:\/\/motors.tn\/magazine\/prix-chargeuse-sur-pneus-neuve-en-tunisie\/prix-chargeuse-sur-pneus-komatsu-neuve-en-tunisie\/\",\"name\":\"Prix chargeuse sur pneus Komatsu neuve en Tunisie | Motors.tn\",\"isPartOf\":{\"@id\":\"https:\/\/motors.tn\/magazine\/#website\"},\"primaryImageOfPage\":{\"@id\":\"https:\/\/motors.tn\/magazine\/prix-chargeuse-sur-pneus-neuve-en-tunisie\/prix-chargeuse-sur-pneus-komatsu-neuve-en-tunisie\/#primaryimage\"},\"image\":{\"@id\":\"https:\/\/motors.tn\/magazine\/prix-chargeuse-sur-pneus-neuve-en-tunisie\/prix-chargeuse-sur-pneus-komatsu-neuve-en-tunisie\/#primaryimage\"},\"thumbnailUrl\":\"http:\/\/motors.tn\/magazine\/wp-content\/uploads\/2024\/06\/Prix-chargeuse-sur-pneus-Komatsu-WA470-6-neuve-en-Tunisie-111.png\",\"datePublished\":\"2024-06-08T15:19:26+00:00\",\"dateModified\":\"2025-09-23T10:48:18+00:00\",\"description\":\"Chargeuse sur pneus Komatsu neuve en Tunisie : d\u00e9couvrez les prix du neuf des chargeuses sur pneus \u00e0 vendre en Tunisie de la marque Komatsu.\",\"breadcrumb\":{\"@id\":\"https:\/\/motors.tn\/magazine\/prix-chargeuse-sur-pneus-neuve-en-tunisie\/prix-chargeuse-sur-pneus-komatsu-neuve-en-tunisie\/#breadcrumb\"},\"inLanguage\":\"fr-FR\",\"potentialAction\":[{\"@type\":\"ReadAction\",\"target\":[\"https:\/\/motors.tn\/magazine\/prix-chargeuse-sur-pneus-neuve-en-tunisie\/prix-chargeuse-sur-pneus-komatsu-neuve-en-tunisie\/\"]}]},{\"@type\":\"ImageObject\",\"inLanguage\":\"fr-FR\",\"@id\":\"https:\/\/motors.tn\/magazine\/prix-chargeuse-sur-pneus-neuve-en-tunisie\/prix-chargeuse-sur-pneus-komatsu-neuve-en-tunisie\/#primaryimage\",\"url\":\"http:\/\/motors.tn\/magazine\/wp-content\/uploads\/2024\/06\/Prix-chargeuse-sur-pneus-Komatsu-WA470-6-neuve-en-Tunisie-111.png\",\"contentUrl\":\"http:\/\/motors.tn\/magazine\/wp-content\/uploads\/2024\/06\/Prix-chargeuse-sur-pneus-Komatsu-WA470-6-neuve-en-Tunisie-111.png\"},{\"@type\":\"BreadcrumbList\",\"@id\":\"https:\/\/motors.tn\/magazine\/prix-chargeuse-sur-pneus-neuve-en-tunisie\/prix-chargeuse-sur-pneus-komatsu-neuve-en-tunisie\/#breadcrumb\",\"itemListElement\":[{\"@type\":\"ListItem\",\"position\":1,\"name\":\"Motors.tn\",\"item\":\"https:\/\/motors.tn\/magazine\/\"},{\"@type\":\"ListItem\",\"position\":2,\"name\":\"Prix Chargeuse sur pneus neuve en Tunisie\",\"item\":\"https:\/\/motors.tn\/magazine\/prix-chargeuse-sur-pneus-neuve-en-tunisie\/\"},{\"@type\":\"ListItem\",\"position\":3,\"name\":\"Prix chargeuse sur pneus Komatsu neuve en Tunisie\"}]},{\"@type\":\"WebSite\",\"@id\":\"https:\/\/motors.tn\/magazine\/#website\",\"url\":\"https:\/\/motors.tn\/magazine\/\",\"name\":\"Motors.tn\",\"description\":\"Actualit\u00e9, prix du neuf et guide d&#039;achat\",\"publisher\":{\"@id\":\"https:\/\/motors.tn\/magazine\/#organization\"},\"potentialAction\":[{\"@type\":\"SearchAction\",\"target\":{\"@type\":\"EntryPoint\",\"urlTemplate\":\"https:\/\/motors.tn\/magazine\/?s={search_term_string}\"},\"query-input\":{\"@type\":\"PropertyValueSpecification\",\"valueRequired\":true,\"valueName\":\"search_term_string\"}}],\"inLanguage\":\"fr-FR\"},{\"@type\":\"Organization\",\"@id\":\"https:\/\/motors.tn\/magazine\/#organization\",\"name\":\"Strat\u00e9gie Digitale\",\"url\":\"https:\/\/motors.tn\/magazine\/\",\"logo\":{\"@type\":\"ImageObject\",\"inLanguage\":\"fr-FR\",\"@id\":\"https:\/\/motors.tn\/magazine\/#\/schema\/logo\/image\/\",\"url\":\"https:\/\/motors.tn\/magazine\/wp-content\/uploads\/2020\/05\/cropped-cropped-logo9bleu.png\",\"contentUrl\":\"https:\/\/motors.tn\/magazine\/wp-content\/uploads\/2020\/05\/cropped-cropped-logo9bleu.png\",\"width\":277,\"height\":44,\"caption\":\"Strat\u00e9gie Digitale\"},\"image\":{\"@id\":\"https:\/\/motors.tn\/magazine\/#\/schema\/logo\/image\/\"}}]}<\/script>\n<!-- \/ Yoast SEO plugin. -->","yoast_head_json":{"title":"Prix chargeuse sur pneus Komatsu neuve en Tunisie | Motors.tn","description":"Chargeuse sur pneus Komatsu neuve en Tunisie : d\u00e9couvrez les prix du neuf des chargeuses sur pneus \u00e0 vendre en Tunisie de la marque Komatsu.","robots":{"index":"index","follow":"follow","max-snippet":"max-snippet:-1","max-image-preview":"max-image-preview:large","max-video-preview":"max-video-preview:-1"},"canonical":"https:\/\/motors.tn\/magazine\/prix-chargeuse-sur-pneus-neuve-en-tunisie\/prix-chargeuse-sur-pneus-komatsu-neuve-en-tunisie\/","og_locale":"fr_FR","og_type":"article","og_title":"Prix chargeuse sur pneus Komatsu neuve en Tunisie | Motors.tn","og_description":"Chargeuse sur pneus Komatsu neuve en Tunisie : d\u00e9couvrez les prix du neuf des chargeuses sur pneus \u00e0 vendre en Tunisie de la marque Komatsu.","og_url":"https:\/\/motors.tn\/magazine\/prix-chargeuse-sur-pneus-neuve-en-tunisie\/prix-chargeuse-sur-pneus-komatsu-neuve-en-tunisie\/","og_site_name":"Motors.tn","article_modified_time":"2025-09-23T10:48:18+00:00","og_image":[{"url":"http:\/\/motors.tn\/magazine\/wp-content\/uploads\/2024\/06\/Prix-chargeuse-sur-pneus-Komatsu-WA470-6-neuve-en-Tunisie-111.png","type":"","width":"","height":""}],"twitter_misc":{"Dur\u00e9e de lecture estim\u00e9e":"3 minutes"},"schema":{"@context":"https:\/\/schema.org","@graph":[{"@type":"WebPage","@id":"https:\/\/motors.tn\/magazine\/prix-chargeuse-sur-pneus-neuve-en-tunisie\/prix-chargeuse-sur-pneus-komatsu-neuve-en-tunisie\/","url":"https:\/\/motors.tn\/magazine\/prix-chargeuse-sur-pneus-neuve-en-tunisie\/prix-chargeuse-sur-pneus-komatsu-neuve-en-tunisie\/","name":"Prix chargeuse sur pneus Komatsu neuve en Tunisie | Motors.tn","isPartOf":{"@id":"https:\/\/motors.tn\/magazine\/#website"},"primaryImageOfPage":{"@id":"https:\/\/motors.tn\/magazine\/prix-chargeuse-sur-pneus-neuve-en-tunisie\/prix-chargeuse-sur-pneus-komatsu-neuve-en-tunisie\/#primaryimage"},"image":{"@id":"https:\/\/motors.tn\/magazine\/prix-chargeuse-sur-pneus-neuve-en-tunisie\/prix-chargeuse-sur-pneus-komatsu-neuve-en-tunisie\/#primaryimage"},"thumbnailUrl":"http:\/\/motors.tn\/magazine\/wp-content\/uploads\/2024\/06\/Prix-chargeuse-sur-pneus-Komatsu-WA470-6-neuve-en-Tunisie-111.png","datePublished":"2024-06-08T15:19:26+00:00","dateModified":"2025-09-23T10:48:18+00:00","description":"Chargeuse sur pneus Komatsu neuve en Tunisie : d\u00e9couvrez les prix du neuf des chargeuses sur pneus \u00e0 vendre en Tunisie de la marque Komatsu.","breadcrumb":{"@id":"https:\/\/motors.tn\/magazine\/prix-chargeuse-sur-pneus-neuve-en-tunisie\/prix-chargeuse-sur-pneus-komatsu-neuve-en-tunisie\/#breadcrumb"},"inLanguage":"fr-FR","potentialAction":[{"@type":"ReadAction","target":["https:\/\/motors.tn\/magazine\/prix-chargeuse-sur-pneus-neuve-en-tunisie\/prix-chargeuse-sur-pneus-komatsu-neuve-en-tunisie\/"]}]},{"@type":"ImageObject","inLanguage":"fr-FR","@id":"https:\/\/motors.tn\/magazine\/prix-chargeuse-sur-pneus-neuve-en-tunisie\/prix-chargeuse-sur-pneus-komatsu-neuve-en-tunisie\/#primaryimage","url":"http:\/\/motors.tn\/magazine\/wp-content\/uploads\/2024\/06\/Prix-chargeuse-sur-pneus-Komatsu-WA470-6-neuve-en-Tunisie-111.png","contentUrl":"http:\/\/motors.tn\/magazine\/wp-content\/uploads\/2024\/06\/Prix-chargeuse-sur-pneus-Komatsu-WA470-6-neuve-en-Tunisie-111.png"},{"@type":"BreadcrumbList","@id":"https:\/\/motors.tn\/magazine\/prix-chargeuse-sur-pneus-neuve-en-tunisie\/prix-chargeuse-sur-pneus-komatsu-neuve-en-tunisie\/#breadcrumb","itemListElement":[{"@type":"ListItem","position":1,"name":"Motors.tn","item":"https:\/\/motors.tn\/magazine\/"},{"@type":"ListItem","position":2,"name":"Prix Chargeuse sur pneus neuve en Tunisie","item":"https:\/\/motors.tn\/magazine\/prix-chargeuse-sur-pneus-neuve-en-tunisie\/"},{"@type":"ListItem","position":3,"name":"Prix chargeuse sur pneus Komatsu neuve en Tunisie"}]},{"@type":"WebSite","@id":"https:\/\/motors.tn\/magazine\/#website","url":"https:\/\/motors.tn\/magazine\/","name":"Motors.tn","description":"Actualit\u00e9, prix du neuf et guide d&#039;achat","publisher":{"@id":"https:\/\/motors.tn\/magazine\/#organization"},"potentialAction":[{"@type":"SearchAction","target":{"@type":"EntryPoint","urlTemplate":"https:\/\/motors.tn\/magazine\/?s={search_term_string}"},"query-input":{"@type":"PropertyValueSpecification","valueRequired":true,"valueName":"search_term_string"}}],"inLanguage":"fr-FR"},{"@type":"Organization","@id":"https:\/\/motors.tn\/magazine\/#organization","name":"Strat\u00e9gie Digitale","url":"https:\/\/motors.tn\/magazine\/","logo":{"@type":"ImageObject","inLanguage":"fr-FR","@id":"https:\/\/motors.tn\/magazine\/#\/schema\/logo\/image\/","url":"https:\/\/motors.tn\/magazine\/wp-content\/uploads\/2020\/05\/cropped-cropped-logo9bleu.png","contentUrl":"https:\/\/motors.tn\/magazine\/wp-content\/uploads\/2020\/05\/cropped-cropped-logo9bleu.png","width":277,"height":44,"caption":"Strat\u00e9gie Digitale"},"image":{"@id":"https:\/\/motors.tn\/magazine\/#\/schema\/logo\/image\/"}}]}},"_links":{"self":[{"href":"https:\/\/motors.tn\/magazine\/wp-json\/wp\/v2\/pages\/493216","targetHints":{"allow":["GET"]}}],"collection":[{"href":"https:\/\/motors.tn\/magazine\/wp-json\/wp\/v2\/pages"}],"about":[{"href":"https:\/\/motors.tn\/magazine\/wp-json\/wp\/v2\/types\/page"}],"author":[{"embeddable":true,"href":"https:\/\/motors.tn\/magazine\/wp-json\/wp\/v2\/users\/1"}],"replies":[{"embeddable":true,"href":"https:\/\/motors.tn\/magazine\/wp-json\/wp\/v2\/comments?post=493216"}],"version-history":[{"count":3,"href":"https:\/\/motors.tn\/magazine\/wp-json\/wp\/v2\/pages\/493216\/revisions"}],"predecessor-version":[{"id":498447,"href":"https:\/\/motors.tn\/magazine\/wp-json\/wp\/v2\/pages\/493216\/revisions\/498447"}],"up":[{"embeddable":true,"href":"https:\/\/motors.tn\/magazine\/wp-json\/wp\/v2\/pages\/446351"}],"wp:attachment":[{"href":"https:\/\/motors.tn\/magazine\/wp-json\/wp\/v2\/media?parent=493216"}],"curies":[{"name":"wp","href":"https:\/\/api.w.org\/{rel}","templated":true}]}}