{"id":495577,"date":"2024-12-30T18:14:27","date_gmt":"2024-12-30T17:14:27","guid":{"rendered":"https:\/\/motors.tn\/magazine\/?page_id=495577"},"modified":"2025-08-23T15:19:02","modified_gmt":"2025-08-23T14:19:02","slug":"prix-tracteur-agricole-kioti-ck3310-neuf-en-tunisie","status":"publish","type":"page","link":"https:\/\/motors.tn\/magazine\/prix-tracteur-agricole-neuf-en-tunisie\/prix-tracteur-agricole-kioti-neuf-en-tunisie\/prix-tracteur-agricole-kioti-ck3310-neuf-en-tunisie\/","title":{"rendered":"Prix tracteur agricole Kioti CK3310 4WD neuf en Tunisie"},"content":{"rendered":"<p><a href=\"https:\/\/motors.tn\/magazine\/prix-tracteur-agricole-neuf-en-tunisie\/prix-tracteur-agricole-kioti-neuf-en-tunisie\/\">Prix tracteur agricole Kioti<\/a> CK3310 4WD neuf en Tunisie : Demande de devis en ligne, \u00e9quipements, puissance moteur, caract\u00e9ristiques, photos et fiche technique.<\/p>\n<div id='gallery-1' class='gallery galleryid-495577 gallery-columns-1 gallery-size-full'><figure class='gallery-item'>\n\t\t\t<div class='gallery-icon landscape'>\n\t\t\t\t<img decoding=\"async\" width=\"550\" height=\"440\" src=\"https:\/\/motors.tn\/magazine\/wp-content\/uploads\/2025\/08\/Prix-tracteur-agricole-Kioti-CK3310-neuf-en-Tunisie-1.png\" class=\"attachment-full size-full\" alt=\"\" srcset=\"https:\/\/motors.tn\/magazine\/wp-content\/uploads\/2025\/08\/Prix-tracteur-agricole-Kioti-CK3310-neuf-en-Tunisie-1.png 550w, https:\/\/motors.tn\/magazine\/wp-content\/uploads\/2025\/08\/Prix-tracteur-agricole-Kioti-CK3310-neuf-en-Tunisie-1-300x240.png 300w\" sizes=\"(max-width: 550px) 100vw, 550px\" \/>\n\t\t\t<\/div><\/figure><figure class='gallery-item'>\n\t\t\t<div class='gallery-icon landscape'>\n\t\t\t\t<img decoding=\"async\" width=\"690\" height=\"690\" src=\"https:\/\/motors.tn\/magazine\/wp-content\/uploads\/2025\/08\/Prix-tracteur-agricole-Kioti-CK3310-neuf-en-Tunisie-7.jpg\" class=\"attachment-full size-full\" alt=\"\" srcset=\"https:\/\/motors.tn\/magazine\/wp-content\/uploads\/2025\/08\/Prix-tracteur-agricole-Kioti-CK3310-neuf-en-Tunisie-7.jpg 690w, https:\/\/motors.tn\/magazine\/wp-content\/uploads\/2025\/08\/Prix-tracteur-agricole-Kioti-CK3310-neuf-en-Tunisie-7-300x300.jpg 300w, https:\/\/motors.tn\/magazine\/wp-content\/uploads\/2025\/08\/Prix-tracteur-agricole-Kioti-CK3310-neuf-en-Tunisie-7-150x150.jpg 150w\" sizes=\"(max-width: 690px) 100vw, 690px\" \/>\n\t\t\t<\/div><\/figure><figure class='gallery-item'>\n\t\t\t<div class='gallery-icon landscape'>\n\t\t\t\t<img decoding=\"async\" width=\"690\" height=\"690\" src=\"https:\/\/motors.tn\/magazine\/wp-content\/uploads\/2025\/08\/Prix-tracteur-agricole-Kioti-CK3310-neuf-en-Tunisie-11.jpg\" class=\"attachment-full size-full\" alt=\"\" srcset=\"https:\/\/motors.tn\/magazine\/wp-content\/uploads\/2025\/08\/Prix-tracteur-agricole-Kioti-CK3310-neuf-en-Tunisie-11.jpg 690w, https:\/\/motors.tn\/magazine\/wp-content\/uploads\/2025\/08\/Prix-tracteur-agricole-Kioti-CK3310-neuf-en-Tunisie-11-300x300.jpg 300w, https:\/\/motors.tn\/magazine\/wp-content\/uploads\/2025\/08\/Prix-tracteur-agricole-Kioti-CK3310-neuf-en-Tunisie-11-150x150.jpg 150w\" sizes=\"(max-width: 690px) 100vw, 690px\" \/>\n\t\t\t<\/div><\/figure><figure class='gallery-item'>\n\t\t\t<div class='gallery-icon landscape'>\n\t\t\t\t<img decoding=\"async\" width=\"690\" height=\"690\" src=\"https:\/\/motors.tn\/magazine\/wp-content\/uploads\/2025\/08\/Prix-tracteur-agricole-Kioti-CK3310-neuf-en-Tunisie-5.jpg\" class=\"attachment-full size-full\" alt=\"\" srcset=\"https:\/\/motors.tn\/magazine\/wp-content\/uploads\/2025\/08\/Prix-tracteur-agricole-Kioti-CK3310-neuf-en-Tunisie-5.jpg 690w, https:\/\/motors.tn\/magazine\/wp-content\/uploads\/2025\/08\/Prix-tracteur-agricole-Kioti-CK3310-neuf-en-Tunisie-5-300x300.jpg 300w, https:\/\/motors.tn\/magazine\/wp-content\/uploads\/2025\/08\/Prix-tracteur-agricole-Kioti-CK3310-neuf-en-Tunisie-5-150x150.jpg 150w\" sizes=\"(max-width: 690px) 100vw, 690px\" \/>\n\t\t\t<\/div><\/figure>\n\t\t<\/div>\n\n<p><strong>Fiche Technique tracteur agricole Kioti CK3310 4WD :\u00a0<\/strong><\/p>\n<p><strong>MOTEUR :<\/strong><\/p>\n<ul>\n<li>Mod\u00e8le : 3A165LWM<\/li>\n<li>Puissance du moteur : 33 CV<\/li>\n<li>R\u00e9gime nominal : 2,600 tr\/min<\/li>\n<li>Type : 3 cylindres, en ligne vertical, refroidissement par eau, Diesel 4 temps<\/li>\n<li>Cylindr\u00e9e totale : 1 647 cm\u00b3<\/li>\n<li>Capacit\u00e9 du r\u00e9servoir de carburant : 25 L<\/li>\n<\/ul>\n<p><strong>PRISE DE FORCE :<\/strong><\/p>\n<ul>\n<li>Type : Transmission<\/li>\n<li>R\u00e9gime : Arri\u00e8re : 540 tr\/min<\/li>\n<\/ul>\n<p><strong>TRANSMISSION :<\/strong><\/p>\n<ul>\n<li>Type : Manuel<\/li>\n<li>Nombre de vitesses : 6 avant, 2 arri\u00e8re<\/li>\n<li>Blocage diff\u00e9rentiel m\u00e9canique arri\u00e8re : Standard<\/li>\n<li>Vitesse de d\u00e9placement Avant : 1,21 \u00e0 17,50 km\/h<\/li>\n<li>Vitesse de d\u00e9placement Arri\u00e8re : 1,49 \u00e0 6,79 km\/h<\/li>\n<\/ul>\n<p><strong>SYST\u00c8ME HYDRAULIQUE :<\/strong><\/p>\n<ul>\n<li>Type de commande de levage \u00e0 3 points : Position<\/li>\n<li>Pompe \u00e0 outils : 26 L\/min<\/li>\n<li>Pompe de direction assist\u00e9e : 16,9 L\/min<\/li>\n<li>D\u00e9bit hydraulique total : 42,9 L\/min<\/li>\n<li>Attelage 3 points : Cat\u00e9gorie I<\/li>\n<li>Capacit\u00e9 de levage au point de levage : 739 kg<\/li>\n<li>Capacit\u00e9 de levage \u00e0 610 mm : 546 kg<\/li>\n<li>Nombre de valves hydrauliques arri\u00e8re : 1 (Standard)<\/li>\n<\/ul>\n<p><strong>TAILLE DES PNEUS :<\/strong><\/p>\n<ul>\n<li>Agricole (avant\/arri\u00e8re) : 6-12\/4 et 9,5-18\/8<\/li>\n<li>Gazon (avant\/arri\u00e8re) : 23\u00d78.5-12 et 33\u00d712.5-16.5<\/li>\n<li>Industriel (avant\/arri\u00e8re) : 23\u00d78.5-12 et 12-16.5<\/li>\n<\/ul>\n<p><strong>DIMENSIONS :<\/strong><\/p>\n<ul>\n<li>Longueur totale (avec attelage 3 points) : 2 790 mm<\/li>\n<li>Largeur totale (tread minimum) : 1 178 mm<\/li>\n<li>Largeur de voie avant (4RM) : 969 mm<\/li>\n<li>Largeur de voie arri\u00e8re : 935 mm<\/li>\n<li>Hauteur totale (avec ROPS) : 2 285 mm<\/li>\n<li>Empattement : 1 520 mm<\/li>\n<li>Garde au sol : 345 mm<\/li>\n<li>Poids avec ROPS : 1 025 kg<\/li>\n<\/ul>\n<p><strong>\u00c9QUIPEMENT STANDARD :<\/strong><\/p>\n<ul>\n<li>Valve double effet \u00e0 2 ports<\/li>\n<li>Prise 7 broches<\/li>\n<li>R\u00e9troviseur<\/li>\n<li>Direction assist\u00e9e hydraulique<\/li>\n<li>Si\u00e8ge \u00e0 suspension r\u00e9glable<\/li>\n<li>Levier de commande avec valve mont\u00e9e au milieu pour chargeur frontal<\/li>\n<li>Blocage diff\u00e9rentiel arri\u00e8re<\/li>\n<li>Crochet de remorquage<\/li>\n<li>Plaque d&rsquo;immatriculation avec lampe<\/li>\n<li>Frein de stationnement<\/li>\n<\/ul>\n<hr \/>\n<h2><strong>Demande de prix \/ Demande de devis pour Tracteur Agricole kioti neuf en Tunisie\u00a0<\/strong><\/h2>\n<p style=\"text-align: left;\">Faites votre demande de devis en ligne ici et recevez gratuitement une r\u00e9ponse de nos partenaires :<\/p>\n\n<div class=\"wpcf7 no-js\" id=\"wpcf7-f494035-o1\" lang=\"fr-FR\" dir=\"ltr\" data-wpcf7-id=\"494035\">\n<div class=\"screen-reader-response\"><p role=\"status\" aria-live=\"polite\" aria-atomic=\"true\"><\/p> <ul><\/ul><\/div>\n<form action=\"\/magazine\/wp-json\/wp\/v2\/pages\/495577#wpcf7-f494035-o1\" method=\"post\" class=\"wpcf7-form init\" aria-label=\"Formulaire de contact\" novalidate=\"novalidate\" data-status=\"init\">\n<fieldset class=\"hidden-fields-container\"><input type=\"hidden\" name=\"_wpcf7\" value=\"494035\" \/><input type=\"hidden\" name=\"_wpcf7_version\" value=\"6.1.1\" \/><input type=\"hidden\" name=\"_wpcf7_locale\" value=\"fr_FR\" \/><input type=\"hidden\" name=\"_wpcf7_unit_tag\" value=\"wpcf7-f494035-o1\" \/><input type=\"hidden\" name=\"_wpcf7_container_post\" value=\"0\" \/><input type=\"hidden\" name=\"_wpcf7_posted_data_hash\" value=\"\" \/>\n<\/fieldset>\n<p>Nom et pr\u00e9nom - \u0627\u0644\u0625\u0633\u0645 \u0648 \u0627\u0644\u0644\u0642\u0628 :<br \/>\n<span class=\"wpcf7-form-control-wrap\" data-name=\"your-name\"><input size=\"40\" maxlength=\"400\" class=\"wpcf7-form-control wpcf7-text wpcf7-validates-as-required\" aria-required=\"true\" aria-invalid=\"false\" value=\"\" type=\"text\" name=\"your-name\" \/><\/span>\n<\/p>\n<p>Soci\u00e9t\u00e9 - \u0627\u0644\u0634\u0631\u0643\u0629 :<br \/>\n<span class=\"wpcf7-form-control-wrap\" data-name=\"your-ste\"><input size=\"40\" maxlength=\"400\" class=\"wpcf7-form-control wpcf7-text wpcf7-validates-as-required\" aria-required=\"true\" aria-invalid=\"false\" value=\"\" type=\"text\" name=\"your-ste\" \/><\/span>\n<\/p>\n<p>T\u00e9l\u00e9phone - \u0627\u0644\u0647\u0627\u062a\u0641 :\n<\/p>\n<p><span class=\"wpcf7-form-control-wrap\" data-name=\"your-tel\"><input size=\"40\" maxlength=\"400\" class=\"wpcf7-form-control wpcf7-tel wpcf7-validates-as-required wpcf7-text wpcf7-validates-as-tel\" aria-required=\"true\" aria-invalid=\"false\" value=\"\" type=\"tel\" name=\"your-tel\" \/><\/span>\n<\/p>\n<p>Gouvernorat - \u0627\u0644\u0648\u0644\u0627\u064a\u0629 :\n<\/p>\n<p><span class=\"wpcf7-form-control-wrap\" data-name=\"your-gouvernorat\"><select class=\"wpcf7-form-control wpcf7-select wpcf7-validates-as-required\" aria-required=\"true\" aria-invalid=\"false\" name=\"your-gouvernorat\"><option value=\"\">&#8212;Veuillez choisir une option&#8212;<\/option><option value=\"Ariana - \u0623\u0631\u064a\u0627\u0646\u0629\">Ariana - \u0623\u0631\u064a\u0627\u0646\u0629<\/option><option value=\"B\u00e9ja - \u0628\u0627\u062c\u0629\">B\u00e9ja - \u0628\u0627\u062c\u0629<\/option><option value=\"Ben Arous - \u0628\u0646 \u0639\u0631\u0648\u0633\">Ben Arous - \u0628\u0646 \u0639\u0631\u0648\u0633<\/option><option value=\"Bizerte - \u0628\u0646\u0632\u0631\u062a\">Bizerte - \u0628\u0646\u0632\u0631\u062a<\/option><option value=\"Gab\u00e8s - \u0642\u0627\u0628\u0633\">Gab\u00e8s - \u0642\u0627\u0628\u0633<\/option><option value=\"Gafsa - \u0642\u0641\u0635\u0629\">Gafsa - \u0642\u0641\u0635\u0629<\/option><option value=\"Jendouba - \u062c\u0646\u062f\u0648\u0628\u0629\">Jendouba - \u062c\u0646\u062f\u0648\u0628\u0629<\/option><option value=\"Kairouan - \u0627\u0644\u0642\u064a\u0631\u0648\u0627\u0646\">Kairouan - \u0627\u0644\u0642\u064a\u0631\u0648\u0627\u0646<\/option><option value=\"Kasserine - \u0627\u0644\u0642\u0635\u0631\u064a\u0646\">Kasserine - \u0627\u0644\u0642\u0635\u0631\u064a\u0646<\/option><option value=\"K\u00e9bili - \u0642\u0628\u0644\u064a\">K\u00e9bili - \u0642\u0628\u0644\u064a<\/option><option value=\"Le Kef - \u0627\u0644\u0643\u0627\u0641\">Le Kef - \u0627\u0644\u0643\u0627\u0641<\/option><option value=\"Mahdia - \u0627\u0644\u0645\u0647\u062f\u064a\u0629\">Mahdia - \u0627\u0644\u0645\u0647\u062f\u064a\u0629<\/option><option value=\"La Manouba - \u0645\u0646\u0648\u0628\u0629\">La Manouba - \u0645\u0646\u0648\u0628\u0629<\/option><option value=\"M\u00e9denine - \u0645\u062f\u0646\u064a\u0646\">M\u00e9denine - \u0645\u062f\u0646\u064a\u0646<\/option><option value=\"Monastir - \u0627\u0644\u0645\u0646\u0633\u062a\u064a\u0631\">Monastir - \u0627\u0644\u0645\u0646\u0633\u062a\u064a\u0631<\/option><option value=\"Nabeul - \u0646\u0627\u0628\u0644\">Nabeul - \u0646\u0627\u0628\u0644<\/option><option value=\"Sfax - \u0635\u0641\u0627\u0642\u0633\">Sfax - \u0635\u0641\u0627\u0642\u0633<\/option><option value=\"Sidi Bouzid - \u0633\u064a\u062f\u064a \u0628\u0648\u0632\u064a\u062f\">Sidi Bouzid - \u0633\u064a\u062f\u064a \u0628\u0648\u0632\u064a\u062f<\/option><option value=\"Siliana - \u0633\u0644\u064a\u0627\u0646\u0629\">Siliana - \u0633\u0644\u064a\u0627\u0646\u0629<\/option><option value=\"Sousse - \u0633\u0648\u0633\u0629\">Sousse - \u0633\u0648\u0633\u0629<\/option><option value=\"Tataouine - \u062a\u0637\u0627\u0648\u064a\u0646\">Tataouine - \u062a\u0637\u0627\u0648\u064a\u0646<\/option><option value=\"Tozeur - \u062a\u0648\u0632\u0631\">Tozeur - \u062a\u0648\u0632\u0631<\/option><option value=\"Tunis - \u062a\u0648\u0646\u0633\">Tunis - \u062a\u0648\u0646\u0633<\/option><option value=\"Zaghouan - \u0632\u063a\u0648\u0627\u0646\">Zaghouan - \u0632\u063a\u0648\u0627\u0646<\/option><\/select><\/span>\n<\/p>\n<p>Email - \u0627\u0644\u0628\u0631\u064a\u062f \u0627\u0644\u0625\u0644\u0643\u062a\u0631\u0648\u0646\u064a :\n<\/p>\n<p><span class=\"wpcf7-form-control-wrap\" data-name=\"your-email\"><input size=\"40\" maxlength=\"400\" class=\"wpcf7-form-control wpcf7-email wpcf7-validates-as-required wpcf7-text wpcf7-validates-as-email\" aria-required=\"true\" aria-invalid=\"false\" value=\"\" type=\"email\" name=\"your-email\" \/><\/span>\n<\/p>\n<p>Mod\u00e8le - \u0627\u0644\u0646\u0648\u0639 :\n<\/p>\n<p><span class=\"wpcf7-form-control-wrap\" data-name=\"Modele\"><span class=\"wpcf7-form-control wpcf7-checkbox wpcf7-validates-as-required\"><span class=\"wpcf7-list-item first\"><label><input type=\"checkbox\" name=\"Modele[]\" value=\"Kioti CS2220 4WD\" \/><span class=\"wpcf7-list-item-label\">Kioti CS2220 4WD<\/span><\/label><\/span><span class=\"wpcf7-list-item\"><label><input type=\"checkbox\" name=\"Modele[]\" value=\"Kioti CK2810\" \/><span class=\"wpcf7-list-item-label\">Kioti CK2810<\/span><\/label><\/span><span class=\"wpcf7-list-item\"><label><input type=\"checkbox\" name=\"Modele[]\" value=\"Kioti CK3310 4WD\" \/><span class=\"wpcf7-list-item-label\">Kioti CK3310 4WD<\/span><\/label><\/span><span class=\"wpcf7-list-item\"><label><input type=\"checkbox\" name=\"Modele[]\" value=\"Kioti CK3520 4WD\" \/><span class=\"wpcf7-list-item-label\">Kioti CK3520 4WD<\/span><\/label><\/span><span class=\"wpcf7-list-item\"><label><input type=\"checkbox\" name=\"Modele[]\" value=\"Kioti DK5010\" \/><span class=\"wpcf7-list-item-label\">Kioti DK5010<\/span><\/label><\/span><span class=\"wpcf7-list-item\"><label><input type=\"checkbox\" name=\"Modele[]\" value=\"Kioti DK5010 Narrow 4WD\" \/><span class=\"wpcf7-list-item-label\">Kioti DK5010 Narrow 4WD<\/span><\/label><\/span><span class=\"wpcf7-list-item\"><label><input type=\"checkbox\" name=\"Modele[]\" value=\"Kioti PX9020 4WD\" \/><span class=\"wpcf7-list-item-label\">Kioti PX9020 4WD<\/span><\/label><\/span><span class=\"wpcf7-list-item last\"><label><input type=\"checkbox\" name=\"Modele[]\" value=\"Kioti PX9520 4WD\" \/><span class=\"wpcf7-list-item-label\">Kioti PX9520 4WD<\/span><\/label><\/span><\/span><\/span>\n<\/p>\n<p><input class=\"wpcf7-form-control wpcf7-submit has-spinner\" type=\"submit\" value=\"Envoyer - \u0625\u0631\u0633\u0627\u0644\" \/>\n<\/p><p style=\"display: none !important;\" class=\"akismet-fields-container\" data-prefix=\"_wpcf7_ak_\"><label>&#916;<textarea name=\"_wpcf7_ak_hp_textarea\" cols=\"45\" rows=\"8\" maxlength=\"100\"><\/textarea><\/label><input type=\"hidden\" id=\"ak_js_1\" name=\"_wpcf7_ak_js\" value=\"91\"\/><script>document.getElementById( \"ak_js_1\" ).setAttribute( \"value\", ( new Date() ).getTime() );<\/script><\/p><div class=\"wpcf7-response-output\" aria-hidden=\"true\"><\/div>\n<\/form>\n<\/div>\n\n","protected":false},"excerpt":{"rendered":"<p>Prix tracteur agricole Kioti CK3310 4WD neuf en Tunisie : Demande de devis en ligne, \u00e9quipements, puissance moteur, caract\u00e9ristiques, photos et fiche technique. Fiche Technique tracteur agricole Kioti CK3310 4WD :\u00a0 MOTEUR : Mod\u00e8le : 3A165LWM Puissance du moteur : 33 CV R\u00e9gime nominal : 2,600 tr\/min Type : 3 cylindres, en ligne vertical, refroidissement &#8230; <a title=\"Prix tracteur agricole Kioti CK3310 4WD neuf en Tunisie\" class=\"read-more\" href=\"https:\/\/motors.tn\/magazine\/prix-tracteur-agricole-neuf-en-tunisie\/prix-tracteur-agricole-kioti-neuf-en-tunisie\/prix-tracteur-agricole-kioti-ck3310-neuf-en-tunisie\/\" aria-label=\"En savoir plus sur Prix tracteur agricole Kioti CK3310 4WD neuf en Tunisie\">Lire la suite<\/a><\/p>\n","protected":false},"author":1,"featured_media":0,"parent":444117,"menu_order":0,"comment_status":"closed","ping_status":"closed","template":"","meta":{"footnotes":""},"class_list":["post-495577","page","type-page","status-publish"],"yoast_head":"<!-- This site is optimized with the Yoast SEO plugin v25.7 - https:\/\/yoast.com\/wordpress\/plugins\/seo\/ -->\n<title>Prix tracteur agricole Kioti CK3310 4WD neuf en Tunisie - Motors.tn<\/title>\n<meta name=\"description\" content=\"Prix tracteur agricole Kioti CK3310 4WD neuf en Tunisie : Kioti CK3310 4WD \u00e0 vendre en Tunisie, Kioti CK3310 4WD Tunisie\" \/>\n<meta name=\"robots\" content=\"index, follow, max-snippet:-1, max-image-preview:large, max-video-preview:-1\" \/>\n<link rel=\"canonical\" href=\"https:\/\/motors.tn\/magazine\/prix-tracteur-agricole-neuf-en-tunisie\/prix-tracteur-agricole-kioti-neuf-en-tunisie\/prix-tracteur-agricole-kioti-ck3310-neuf-en-tunisie\/\" \/>\n<meta property=\"og:locale\" content=\"fr_FR\" \/>\n<meta property=\"og:type\" content=\"article\" \/>\n<meta property=\"og:title\" content=\"Prix tracteur agricole Kioti CK3310 4WD neuf en Tunisie - Motors.tn\" \/>\n<meta property=\"og:description\" content=\"Prix tracteur agricole Kioti CK3310 4WD neuf en Tunisie : Kioti CK3310 4WD \u00e0 vendre en Tunisie, Kioti CK3310 4WD Tunisie\" \/>\n<meta property=\"og:url\" content=\"https:\/\/motors.tn\/magazine\/prix-tracteur-agricole-neuf-en-tunisie\/prix-tracteur-agricole-kioti-neuf-en-tunisie\/prix-tracteur-agricole-kioti-ck3310-neuf-en-tunisie\/\" \/>\n<meta property=\"og:site_name\" content=\"Motors.tn\" \/>\n<meta property=\"article:modified_time\" content=\"2025-08-23T14:19:02+00:00\" \/>\n<meta property=\"og:image\" content=\"https:\/\/motors.tn\/magazine\/wp-content\/uploads\/2025\/08\/Prix-tracteur-agricole-Kioti-CK3310-neuf-en-Tunisie-1.png\" \/>\n<meta name=\"twitter:label1\" content=\"Dur\u00e9e de lecture estim\u00e9e\" \/>\n\t<meta name=\"twitter:data1\" content=\"2 minutes\" \/>\n<script type=\"application\/ld+json\" class=\"yoast-schema-graph\">{\"@context\":\"https:\/\/schema.org\",\"@graph\":[{\"@type\":\"WebPage\",\"@id\":\"https:\/\/motors.tn\/magazine\/prix-tracteur-agricole-neuf-en-tunisie\/prix-tracteur-agricole-kioti-neuf-en-tunisie\/prix-tracteur-agricole-kioti-ck3310-neuf-en-tunisie\/\",\"url\":\"https:\/\/motors.tn\/magazine\/prix-tracteur-agricole-neuf-en-tunisie\/prix-tracteur-agricole-kioti-neuf-en-tunisie\/prix-tracteur-agricole-kioti-ck3310-neuf-en-tunisie\/\",\"name\":\"Prix tracteur agricole Kioti CK3310 4WD neuf en Tunisie - Motors.tn\",\"isPartOf\":{\"@id\":\"https:\/\/motors.tn\/magazine\/#website\"},\"datePublished\":\"2024-12-30T17:14:27+00:00\",\"dateModified\":\"2025-08-23T14:19:02+00:00\",\"description\":\"Prix tracteur agricole Kioti CK3310 4WD neuf en Tunisie : Kioti CK3310 4WD \u00e0 vendre en Tunisie, Kioti CK3310 4WD Tunisie\",\"breadcrumb\":{\"@id\":\"https:\/\/motors.tn\/magazine\/prix-tracteur-agricole-neuf-en-tunisie\/prix-tracteur-agricole-kioti-neuf-en-tunisie\/prix-tracteur-agricole-kioti-ck3310-neuf-en-tunisie\/#breadcrumb\"},\"inLanguage\":\"fr-FR\",\"potentialAction\":[{\"@type\":\"ReadAction\",\"target\":[\"https:\/\/motors.tn\/magazine\/prix-tracteur-agricole-neuf-en-tunisie\/prix-tracteur-agricole-kioti-neuf-en-tunisie\/prix-tracteur-agricole-kioti-ck3310-neuf-en-tunisie\/\"]}]},{\"@type\":\"BreadcrumbList\",\"@id\":\"https:\/\/motors.tn\/magazine\/prix-tracteur-agricole-neuf-en-tunisie\/prix-tracteur-agricole-kioti-neuf-en-tunisie\/prix-tracteur-agricole-kioti-ck3310-neuf-en-tunisie\/#breadcrumb\",\"itemListElement\":[{\"@type\":\"ListItem\",\"position\":1,\"name\":\"Motors.tn\",\"item\":\"https:\/\/motors.tn\/magazine\/\"},{\"@type\":\"ListItem\",\"position\":2,\"name\":\"Prix tracteur agricole neuf en Tunisie\",\"item\":\"https:\/\/motors.tn\/magazine\/prix-tracteur-agricole-neuf-en-tunisie\/\"},{\"@type\":\"ListItem\",\"position\":3,\"name\":\"Prix tracteur agricole Kioti neuf en Tunisie\",\"item\":\"https:\/\/motors.tn\/magazine\/prix-tracteur-agricole-neuf-en-tunisie\/prix-tracteur-agricole-kioti-neuf-en-tunisie\/\"},{\"@type\":\"ListItem\",\"position\":4,\"name\":\"Prix tracteur agricole Kioti CK3310 4WD neuf en Tunisie\"}]},{\"@type\":\"WebSite\",\"@id\":\"https:\/\/motors.tn\/magazine\/#website\",\"url\":\"https:\/\/motors.tn\/magazine\/\",\"name\":\"Motors.tn\",\"description\":\"Actualit\u00e9, prix du neuf et guide d&#039;achat\",\"publisher\":{\"@id\":\"https:\/\/motors.tn\/magazine\/#organization\"},\"potentialAction\":[{\"@type\":\"SearchAction\",\"target\":{\"@type\":\"EntryPoint\",\"urlTemplate\":\"https:\/\/motors.tn\/magazine\/?s={search_term_string}\"},\"query-input\":{\"@type\":\"PropertyValueSpecification\",\"valueRequired\":true,\"valueName\":\"search_term_string\"}}],\"inLanguage\":\"fr-FR\"},{\"@type\":\"Organization\",\"@id\":\"https:\/\/motors.tn\/magazine\/#organization\",\"name\":\"Strat\u00e9gie Digitale\",\"url\":\"https:\/\/motors.tn\/magazine\/\",\"logo\":{\"@type\":\"ImageObject\",\"inLanguage\":\"fr-FR\",\"@id\":\"https:\/\/motors.tn\/magazine\/#\/schema\/logo\/image\/\",\"url\":\"https:\/\/motors.tn\/magazine\/wp-content\/uploads\/2020\/05\/cropped-cropped-logo9bleu.png\",\"contentUrl\":\"https:\/\/motors.tn\/magazine\/wp-content\/uploads\/2020\/05\/cropped-cropped-logo9bleu.png\",\"width\":277,\"height\":44,\"caption\":\"Strat\u00e9gie Digitale\"},\"image\":{\"@id\":\"https:\/\/motors.tn\/magazine\/#\/schema\/logo\/image\/\"}}]}<\/script>\n<!-- \/ Yoast SEO plugin. -->","yoast_head_json":{"title":"Prix tracteur agricole Kioti CK3310 4WD neuf en Tunisie - Motors.tn","description":"Prix tracteur agricole Kioti CK3310 4WD neuf en Tunisie : Kioti CK3310 4WD \u00e0 vendre en Tunisie, Kioti CK3310 4WD Tunisie","robots":{"index":"index","follow":"follow","max-snippet":"max-snippet:-1","max-image-preview":"max-image-preview:large","max-video-preview":"max-video-preview:-1"},"canonical":"https:\/\/motors.tn\/magazine\/prix-tracteur-agricole-neuf-en-tunisie\/prix-tracteur-agricole-kioti-neuf-en-tunisie\/prix-tracteur-agricole-kioti-ck3310-neuf-en-tunisie\/","og_locale":"fr_FR","og_type":"article","og_title":"Prix tracteur agricole Kioti CK3310 4WD neuf en Tunisie - Motors.tn","og_description":"Prix tracteur agricole Kioti CK3310 4WD neuf en Tunisie : Kioti CK3310 4WD \u00e0 vendre en Tunisie, Kioti CK3310 4WD Tunisie","og_url":"https:\/\/motors.tn\/magazine\/prix-tracteur-agricole-neuf-en-tunisie\/prix-tracteur-agricole-kioti-neuf-en-tunisie\/prix-tracteur-agricole-kioti-ck3310-neuf-en-tunisie\/","og_site_name":"Motors.tn","article_modified_time":"2025-08-23T14:19:02+00:00","og_image":[{"url":"https:\/\/motors.tn\/magazine\/wp-content\/uploads\/2025\/08\/Prix-tracteur-agricole-Kioti-CK3310-neuf-en-Tunisie-1.png","type":"","width":"","height":""}],"twitter_misc":{"Dur\u00e9e de lecture estim\u00e9e":"2 minutes"},"schema":{"@context":"https:\/\/schema.org","@graph":[{"@type":"WebPage","@id":"https:\/\/motors.tn\/magazine\/prix-tracteur-agricole-neuf-en-tunisie\/prix-tracteur-agricole-kioti-neuf-en-tunisie\/prix-tracteur-agricole-kioti-ck3310-neuf-en-tunisie\/","url":"https:\/\/motors.tn\/magazine\/prix-tracteur-agricole-neuf-en-tunisie\/prix-tracteur-agricole-kioti-neuf-en-tunisie\/prix-tracteur-agricole-kioti-ck3310-neuf-en-tunisie\/","name":"Prix tracteur agricole Kioti CK3310 4WD neuf en Tunisie - Motors.tn","isPartOf":{"@id":"https:\/\/motors.tn\/magazine\/#website"},"datePublished":"2024-12-30T17:14:27+00:00","dateModified":"2025-08-23T14:19:02+00:00","description":"Prix tracteur agricole Kioti CK3310 4WD neuf en Tunisie : Kioti CK3310 4WD \u00e0 vendre en Tunisie, Kioti CK3310 4WD Tunisie","breadcrumb":{"@id":"https:\/\/motors.tn\/magazine\/prix-tracteur-agricole-neuf-en-tunisie\/prix-tracteur-agricole-kioti-neuf-en-tunisie\/prix-tracteur-agricole-kioti-ck3310-neuf-en-tunisie\/#breadcrumb"},"inLanguage":"fr-FR","potentialAction":[{"@type":"ReadAction","target":["https:\/\/motors.tn\/magazine\/prix-tracteur-agricole-neuf-en-tunisie\/prix-tracteur-agricole-kioti-neuf-en-tunisie\/prix-tracteur-agricole-kioti-ck3310-neuf-en-tunisie\/"]}]},{"@type":"BreadcrumbList","@id":"https:\/\/motors.tn\/magazine\/prix-tracteur-agricole-neuf-en-tunisie\/prix-tracteur-agricole-kioti-neuf-en-tunisie\/prix-tracteur-agricole-kioti-ck3310-neuf-en-tunisie\/#breadcrumb","itemListElement":[{"@type":"ListItem","position":1,"name":"Motors.tn","item":"https:\/\/motors.tn\/magazine\/"},{"@type":"ListItem","position":2,"name":"Prix tracteur agricole neuf en Tunisie","item":"https:\/\/motors.tn\/magazine\/prix-tracteur-agricole-neuf-en-tunisie\/"},{"@type":"ListItem","position":3,"name":"Prix tracteur agricole Kioti neuf en Tunisie","item":"https:\/\/motors.tn\/magazine\/prix-tracteur-agricole-neuf-en-tunisie\/prix-tracteur-agricole-kioti-neuf-en-tunisie\/"},{"@type":"ListItem","position":4,"name":"Prix tracteur agricole Kioti CK3310 4WD neuf en Tunisie"}]},{"@type":"WebSite","@id":"https:\/\/motors.tn\/magazine\/#website","url":"https:\/\/motors.tn\/magazine\/","name":"Motors.tn","description":"Actualit\u00e9, prix du neuf et guide d&#039;achat","publisher":{"@id":"https:\/\/motors.tn\/magazine\/#organization"},"potentialAction":[{"@type":"SearchAction","target":{"@type":"EntryPoint","urlTemplate":"https:\/\/motors.tn\/magazine\/?s={search_term_string}"},"query-input":{"@type":"PropertyValueSpecification","valueRequired":true,"valueName":"search_term_string"}}],"inLanguage":"fr-FR"},{"@type":"Organization","@id":"https:\/\/motors.tn\/magazine\/#organization","name":"Strat\u00e9gie Digitale","url":"https:\/\/motors.tn\/magazine\/","logo":{"@type":"ImageObject","inLanguage":"fr-FR","@id":"https:\/\/motors.tn\/magazine\/#\/schema\/logo\/image\/","url":"https:\/\/motors.tn\/magazine\/wp-content\/uploads\/2020\/05\/cropped-cropped-logo9bleu.png","contentUrl":"https:\/\/motors.tn\/magazine\/wp-content\/uploads\/2020\/05\/cropped-cropped-logo9bleu.png","width":277,"height":44,"caption":"Strat\u00e9gie Digitale"},"image":{"@id":"https:\/\/motors.tn\/magazine\/#\/schema\/logo\/image\/"}}]}},"_links":{"self":[{"href":"https:\/\/motors.tn\/magazine\/wp-json\/wp\/v2\/pages\/495577","targetHints":{"allow":["GET"]}}],"collection":[{"href":"https:\/\/motors.tn\/magazine\/wp-json\/wp\/v2\/pages"}],"about":[{"href":"https:\/\/motors.tn\/magazine\/wp-json\/wp\/v2\/types\/page"}],"author":[{"embeddable":true,"href":"https:\/\/motors.tn\/magazine\/wp-json\/wp\/v2\/users\/1"}],"replies":[{"embeddable":true,"href":"https:\/\/motors.tn\/magazine\/wp-json\/wp\/v2\/comments?post=495577"}],"version-history":[{"count":4,"href":"https:\/\/motors.tn\/magazine\/wp-json\/wp\/v2\/pages\/495577\/revisions"}],"predecessor-version":[{"id":498291,"href":"https:\/\/motors.tn\/magazine\/wp-json\/wp\/v2\/pages\/495577\/revisions\/498291"}],"up":[{"embeddable":true,"href":"https:\/\/motors.tn\/magazine\/wp-json\/wp\/v2\/pages\/444117"}],"wp:attachment":[{"href":"https:\/\/motors.tn\/magazine\/wp-json\/wp\/v2\/media?parent=495577"}],"curies":[{"name":"wp","href":"https:\/\/api.w.org\/{rel}","templated":true}]}}