{"id":496944,"date":"2025-04-26T17:07:10","date_gmt":"2025-04-26T16:07:10","guid":{"rendered":"https:\/\/motors.tn\/magazine\/?page_id=496944"},"modified":"2025-11-13T18:33:42","modified_gmt":"2025-11-13T17:33:42","slug":"prix-minibus-foton-neuf-en-tunisie-1","status":"publish","type":"page","link":"https:\/\/motors.tn\/magazine\/prix-bus-et-minibus-neufs-en-tunisie\/prix-bus-et-minibus-foton-neuf-en-tunisie\/prix-minibus-foton-neuf-en-tunisie-1\/","title":{"rendered":"Prix minibus Foton View CS2 16 places neuf en Tunisie"},"content":{"rendered":"<p style=\"text-align: justify;\"><a href=\"https:\/\/motors.tn\/magazine\/prix-bus-et-minibus-neufs-en-tunisie\/prix-bus-et-minibus-foton-neuf-en-tunisie\/\">Prix minibus Foton<\/a> View CS2 16 places neuf en Tunisie : Demande de devis en ligne, nombre de places, \u00e9quipements et options, puissance moteur, caract\u00e9ristiques, photos et fiche technique.<\/p>\n<div id='gallery-1' class='gallery galleryid-496944 gallery-columns-1 gallery-size-full'><figure class='gallery-item'>\n\t\t\t<div class='gallery-icon landscape'>\n\t\t\t\t<img decoding=\"async\" width=\"800\" height=\"463\" src=\"https:\/\/motors.tn\/magazine\/wp-content\/uploads\/2025\/04\/Prix-minibus-Foton-View-CS2-16-places-neuf-en-Tunisie.png\" class=\"attachment-full size-full\" alt=\"\" srcset=\"https:\/\/motors.tn\/magazine\/wp-content\/uploads\/2025\/04\/Prix-minibus-Foton-View-CS2-16-places-neuf-en-Tunisie.png 800w, https:\/\/motors.tn\/magazine\/wp-content\/uploads\/2025\/04\/Prix-minibus-Foton-View-CS2-16-places-neuf-en-Tunisie-300x174.png 300w, https:\/\/motors.tn\/magazine\/wp-content\/uploads\/2025\/04\/Prix-minibus-Foton-View-CS2-16-places-neuf-en-Tunisie-768x444.png 768w\" sizes=\"(max-width: 800px) 100vw, 800px\" \/>\n\t\t\t<\/div><\/figure><figure class='gallery-item'>\n\t\t\t<div class='gallery-icon landscape'>\n\t\t\t\t<img decoding=\"async\" width=\"800\" height=\"318\" src=\"https:\/\/motors.tn\/magazine\/wp-content\/uploads\/2025\/04\/Prix-minibus-Foton-View-CS2-16-places-neuf-en-Tunisie-3.png\" class=\"attachment-full size-full\" alt=\"\" srcset=\"https:\/\/motors.tn\/magazine\/wp-content\/uploads\/2025\/04\/Prix-minibus-Foton-View-CS2-16-places-neuf-en-Tunisie-3.png 800w, https:\/\/motors.tn\/magazine\/wp-content\/uploads\/2025\/04\/Prix-minibus-Foton-View-CS2-16-places-neuf-en-Tunisie-3-300x119.png 300w, https:\/\/motors.tn\/magazine\/wp-content\/uploads\/2025\/04\/Prix-minibus-Foton-View-CS2-16-places-neuf-en-Tunisie-3-768x305.png 768w\" sizes=\"(max-width: 800px) 100vw, 800px\" \/>\n\t\t\t<\/div><\/figure><figure class='gallery-item'>\n\t\t\t<div class='gallery-icon landscape'>\n\t\t\t\t<img decoding=\"async\" width=\"800\" height=\"538\" src=\"https:\/\/motors.tn\/magazine\/wp-content\/uploads\/2025\/04\/Prix-minibus-Foton-View-CS2-16-places-neuf-en-Tunisie-2.png\" class=\"attachment-full size-full\" alt=\"\" srcset=\"https:\/\/motors.tn\/magazine\/wp-content\/uploads\/2025\/04\/Prix-minibus-Foton-View-CS2-16-places-neuf-en-Tunisie-2.png 800w, https:\/\/motors.tn\/magazine\/wp-content\/uploads\/2025\/04\/Prix-minibus-Foton-View-CS2-16-places-neuf-en-Tunisie-2-300x202.png 300w, https:\/\/motors.tn\/magazine\/wp-content\/uploads\/2025\/04\/Prix-minibus-Foton-View-CS2-16-places-neuf-en-Tunisie-2-768x516.png 768w\" sizes=\"(max-width: 800px) 100vw, 800px\" \/>\n\t\t\t<\/div><\/figure><figure class='gallery-item'>\n\t\t\t<div class='gallery-icon landscape'>\n\t\t\t\t<img decoding=\"async\" width=\"1000\" height=\"666\" src=\"https:\/\/motors.tn\/magazine\/wp-content\/uploads\/2025\/11\/Prix-minibus-Foton-View-CS2-16-places-neuf-en-Tunisie.jpg\" class=\"attachment-full size-full\" alt=\"\" srcset=\"https:\/\/motors.tn\/magazine\/wp-content\/uploads\/2025\/11\/Prix-minibus-Foton-View-CS2-16-places-neuf-en-Tunisie.jpg 1000w, https:\/\/motors.tn\/magazine\/wp-content\/uploads\/2025\/11\/Prix-minibus-Foton-View-CS2-16-places-neuf-en-Tunisie-300x200.jpg 300w, https:\/\/motors.tn\/magazine\/wp-content\/uploads\/2025\/11\/Prix-minibus-Foton-View-CS2-16-places-neuf-en-Tunisie-768x511.jpg 768w\" sizes=\"(max-width: 1000px) 100vw, 1000px\" \/>\n\t\t\t<\/div><\/figure>\n\t\t<\/div>\n\n<p><strong>Fiche technique minibus Foton View CS2 16 Places :<\/strong><\/p>\n<ul>\n<li data-start=\"75\" data-end=\"98\">Carrosserie : Van<\/li>\n<li data-start=\"101\" data-end=\"128\">Nombre de places : 16<\/li>\n<li data-start=\"131\" data-end=\"193\">Nombre de portes : 4 dont une porte lat\u00e9rale coulissante<\/li>\n<\/ul>\n<p class=\"\" data-start=\"195\" data-end=\"213\"><strong data-start=\"195\" data-end=\"211\">Motorisation<\/strong> :<\/p>\n<ul>\n<li data-start=\"216\" data-end=\"239\">Nombre de cylindres : 4<\/li>\n<li data-start=\"242\" data-end=\"258\">\u00c9nergie : Diesel<\/li>\n<li data-start=\"261\" data-end=\"285\">Puissance fiscale : 7 CV<\/li>\n<li data-start=\"288\" data-end=\"316\">Puissance (ch. din) : 138 CH<\/li>\n<li data-start=\"319\" data-end=\"343\">Couple : 330 (1800~2600)<\/li>\n<li data-start=\"346\" data-end=\"366\">Cylindr\u00e9e : 1968 cm\u00b3<\/li>\n<\/ul>\n<p class=\"\" data-start=\"368\" data-end=\"386\"><strong data-start=\"368\" data-end=\"384\">Transmission<\/strong> :<\/p>\n<ul>\n<li data-start=\"389\" data-end=\"405\">Bo\u00eete : Manuelle<\/li>\n<li data-start=\"408\" data-end=\"430\">Nombre de rapports : 6<\/li>\n<li data-start=\"433\" data-end=\"458\">Transmission : Propulsion<\/li>\n<\/ul>\n<p class=\"\" data-start=\"460\" data-end=\"476\"><strong data-start=\"460\" data-end=\"474\">Dimensions<\/strong> :<\/p>\n<ul>\n<li data-start=\"479\" data-end=\"497\">Longueur : 5380 mm<\/li>\n<li data-start=\"500\" data-end=\"517\">Largeur : 1880 mm<\/li>\n<li data-start=\"520\" data-end=\"537\">Hauteur : 2285 mm<\/li>\n<li data-start=\"540\" data-end=\"561\">Empattement : 3310 mm<\/li>\n<\/ul>\n<p class=\"\" data-start=\"563\" data-end=\"592\"><strong data-start=\"563\" data-end=\"590\">\u00c9quipements de s\u00e9curit\u00e9<\/strong> :<\/p>\n<ul>\n<li data-start=\"595\" data-end=\"609\">ABS : Standard<\/li>\n<li data-start=\"612\" data-end=\"626\">EBD : Standard<\/li>\n<li data-start=\"629\" data-end=\"669\">Airbags : Frontal conducteur et passager<\/li>\n<li data-start=\"672\" data-end=\"718\">Ceinture de s\u00e9curit\u00e9 \u00e0 trois points : Standard<\/li>\n<\/ul>\n<p class=\"\" data-start=\"720\" data-end=\"745\"><strong data-start=\"720\" data-end=\"743\">Aides \u00e0 la conduite<\/strong> :<\/p>\n<ul>\n<li data-start=\"748\" data-end=\"773\">Cam\u00e9ra de recul : Arri\u00e8re<\/li>\n<li data-start=\"776\" data-end=\"800\">Radar de recul : Arri\u00e8re<\/li>\n<\/ul>\n<p class=\"\" data-start=\"802\" data-end=\"830\"><strong data-start=\"802\" data-end=\"828\">\u00c9quipements ext\u00e9rieurs<\/strong> :<\/p>\n<ul data-start=\"831\" data-end=\"858\">\n<li class=\"\" data-start=\"831\" data-end=\"858\">\n<p class=\"\" data-start=\"833\" data-end=\"858\">Jantes en aluminium : 15&Prime;<\/p>\n<\/li>\n<\/ul>\n<p class=\"\" data-start=\"860\" data-end=\"888\"><strong data-start=\"860\" data-end=\"886\">\u00c9quipements int\u00e9rieurs<\/strong> :<\/p>\n<ul data-start=\"889\" data-end=\"907\">\n<li class=\"\" data-start=\"889\" data-end=\"907\">\n<p class=\"\" data-start=\"891\" data-end=\"907\">Sellerie : Tissu<\/p>\n<\/li>\n<\/ul>\n<p class=\"\" data-start=\"909\" data-end=\"939\"><strong data-start=\"909\" data-end=\"937\">\u00c9quipements fonctionnels<\/strong> :<\/p>\n<ul data-start=\"940\" data-end=\"991\">\n<li class=\"\" data-start=\"940\" data-end=\"991\">\n<p class=\"\" data-start=\"942\" data-end=\"991\">Climatisation : Automatique | Ventilation arri\u00e8re<\/p>\n<\/li>\n<\/ul>\n<p class=\"\" data-start=\"993\" data-end=\"1021\"><strong data-start=\"993\" data-end=\"1019\">Audio et communication<\/strong> :<\/p>\n<ul>\n<li data-start=\"1024\" data-end=\"1044\">Autoradio : Standard<\/li>\n<li data-start=\"1047\" data-end=\"1071\">Connectivit\u00e9 : USB | AUX<\/li>\n<li data-start=\"1074\" data-end=\"1098\">\u00c9cran central : 8 pouces<\/li>\n<\/ul>\n<hr \/>\n<h2><strong>Demande de prix \/ Demande de devis pour bus et minibus Foton neufs en Tunisie\u00a0<\/strong><\/h2>\n<p style=\"text-align: left;\">Faites votre demande de devis en ligne ici et recevez gratuitement une r\u00e9ponse de nos partenaires :<\/p>\n\n<div class=\"wpcf7 no-js\" id=\"wpcf7-f496941-o1\" lang=\"fr-FR\" dir=\"ltr\" data-wpcf7-id=\"496941\">\n<div class=\"screen-reader-response\"><p role=\"status\" aria-live=\"polite\" aria-atomic=\"true\"><\/p> <ul><\/ul><\/div>\n<form action=\"\/magazine\/wp-json\/wp\/v2\/pages\/496944#wpcf7-f496941-o1\" method=\"post\" class=\"wpcf7-form init\" aria-label=\"Formulaire de contact\" novalidate=\"novalidate\" data-status=\"init\">\n<fieldset class=\"hidden-fields-container\"><input type=\"hidden\" name=\"_wpcf7\" value=\"496941\" \/><input type=\"hidden\" name=\"_wpcf7_version\" value=\"6.1.1\" \/><input type=\"hidden\" name=\"_wpcf7_locale\" value=\"fr_FR\" \/><input type=\"hidden\" name=\"_wpcf7_unit_tag\" value=\"wpcf7-f496941-o1\" \/><input type=\"hidden\" name=\"_wpcf7_container_post\" value=\"0\" \/><input type=\"hidden\" name=\"_wpcf7_posted_data_hash\" value=\"\" \/>\n<\/fieldset>\n<p>Nom et pr\u00e9nom - \u0627\u0644\u0625\u0633\u0645 \u0648 \u0627\u0644\u0644\u0642\u0628 :<br \/>\n<span class=\"wpcf7-form-control-wrap\" data-name=\"your-name\"><input size=\"40\" maxlength=\"400\" class=\"wpcf7-form-control wpcf7-text wpcf7-validates-as-required\" aria-required=\"true\" aria-invalid=\"false\" value=\"\" type=\"text\" name=\"your-name\" \/><\/span>\n<\/p>\n<p>Soci\u00e9t\u00e9 - \u0627\u0644\u0634\u0631\u0643\u0629 :<br \/>\n<span class=\"wpcf7-form-control-wrap\" data-name=\"your-ste\"><input size=\"40\" maxlength=\"400\" class=\"wpcf7-form-control wpcf7-text wpcf7-validates-as-required\" aria-required=\"true\" aria-invalid=\"false\" value=\"\" type=\"text\" name=\"your-ste\" \/><\/span>\n<\/p>\n<p>T\u00e9l\u00e9phone - \u0627\u0644\u0647\u0627\u062a\u0641 :\n<\/p>\n<p><span class=\"wpcf7-form-control-wrap\" data-name=\"your-tel\"><input size=\"40\" maxlength=\"400\" class=\"wpcf7-form-control wpcf7-tel wpcf7-validates-as-required wpcf7-text wpcf7-validates-as-tel\" aria-required=\"true\" aria-invalid=\"false\" value=\"\" type=\"tel\" name=\"your-tel\" \/><\/span>\n<\/p>\n<p>Gouvernorat - \u0627\u0644\u0648\u0644\u0627\u064a\u0629 :\n<\/p>\n<p><span class=\"wpcf7-form-control-wrap\" data-name=\"your-gouvernorat\"><select class=\"wpcf7-form-control wpcf7-select wpcf7-validates-as-required\" aria-required=\"true\" aria-invalid=\"false\" name=\"your-gouvernorat\"><option value=\"\">&#8212;Veuillez choisir une option&#8212;<\/option><option value=\"Ariana - \u0623\u0631\u064a\u0627\u0646\u0629\">Ariana - \u0623\u0631\u064a\u0627\u0646\u0629<\/option><option value=\"B\u00e9ja - \u0628\u0627\u062c\u0629\">B\u00e9ja - \u0628\u0627\u062c\u0629<\/option><option value=\"Ben Arous - \u0628\u0646 \u0639\u0631\u0648\u0633\">Ben Arous - \u0628\u0646 \u0639\u0631\u0648\u0633<\/option><option value=\"Bizerte - \u0628\u0646\u0632\u0631\u062a\">Bizerte - \u0628\u0646\u0632\u0631\u062a<\/option><option value=\"Gab\u00e8s - \u0642\u0627\u0628\u0633\">Gab\u00e8s - \u0642\u0627\u0628\u0633<\/option><option value=\"Gafsa - \u0642\u0641\u0635\u0629\">Gafsa - \u0642\u0641\u0635\u0629<\/option><option value=\"Jendouba - \u062c\u0646\u062f\u0648\u0628\u0629\">Jendouba - \u062c\u0646\u062f\u0648\u0628\u0629<\/option><option value=\"Kairouan - \u0627\u0644\u0642\u064a\u0631\u0648\u0627\u0646\">Kairouan - \u0627\u0644\u0642\u064a\u0631\u0648\u0627\u0646<\/option><option value=\"Kasserine - \u0627\u0644\u0642\u0635\u0631\u064a\u0646\">Kasserine - \u0627\u0644\u0642\u0635\u0631\u064a\u0646<\/option><option value=\"K\u00e9bili - \u0642\u0628\u0644\u064a\">K\u00e9bili - \u0642\u0628\u0644\u064a<\/option><option value=\"Le Kef - \u0627\u0644\u0643\u0627\u0641\">Le Kef - \u0627\u0644\u0643\u0627\u0641<\/option><option value=\"Mahdia - \u0627\u0644\u0645\u0647\u062f\u064a\u0629\">Mahdia - \u0627\u0644\u0645\u0647\u062f\u064a\u0629<\/option><option value=\"La Manouba - \u0645\u0646\u0648\u0628\u0629\">La Manouba - \u0645\u0646\u0648\u0628\u0629<\/option><option value=\"M\u00e9denine - \u0645\u062f\u0646\u064a\u0646\">M\u00e9denine - \u0645\u062f\u0646\u064a\u0646<\/option><option value=\"Monastir - \u0627\u0644\u0645\u0646\u0633\u062a\u064a\u0631\">Monastir - \u0627\u0644\u0645\u0646\u0633\u062a\u064a\u0631<\/option><option value=\"Nabeul - \u0646\u0627\u0628\u0644\">Nabeul - \u0646\u0627\u0628\u0644<\/option><option value=\"Sfax - \u0635\u0641\u0627\u0642\u0633\">Sfax - \u0635\u0641\u0627\u0642\u0633<\/option><option value=\"Sidi Bouzid - \u0633\u064a\u062f\u064a \u0628\u0648\u0632\u064a\u062f\">Sidi Bouzid - \u0633\u064a\u062f\u064a \u0628\u0648\u0632\u064a\u062f<\/option><option value=\"Siliana - \u0633\u0644\u064a\u0627\u0646\u0629\">Siliana - \u0633\u0644\u064a\u0627\u0646\u0629<\/option><option value=\"Sousse - \u0633\u0648\u0633\u0629\">Sousse - \u0633\u0648\u0633\u0629<\/option><option value=\"Tataouine - \u062a\u0637\u0627\u0648\u064a\u0646\">Tataouine - \u062a\u0637\u0627\u0648\u064a\u0646<\/option><option value=\"Tozeur - \u062a\u0648\u0632\u0631\">Tozeur - \u062a\u0648\u0632\u0631<\/option><option value=\"Tunis - \u062a\u0648\u0646\u0633\">Tunis - \u062a\u0648\u0646\u0633<\/option><option value=\"Zaghouan - \u0632\u063a\u0648\u0627\u0646\">Zaghouan - \u0632\u063a\u0648\u0627\u0646<\/option><\/select><\/span>\n<\/p>\n<p>Email - \u0627\u0644\u0628\u0631\u064a\u062f \u0627\u0644\u0625\u0644\u0643\u062a\u0631\u0648\u0646\u064a :\n<\/p>\n<p><span class=\"wpcf7-form-control-wrap\" data-name=\"your-email\"><input size=\"40\" maxlength=\"400\" class=\"wpcf7-form-control wpcf7-email wpcf7-validates-as-required wpcf7-text wpcf7-validates-as-email\" aria-required=\"true\" aria-invalid=\"false\" value=\"\" type=\"email\" name=\"your-email\" \/><\/span>\n<\/p>\n<p><input class=\"wpcf7-form-control wpcf7-submit has-spinner\" type=\"submit\" value=\"Envoyer - \u0625\u0631\u0633\u0627\u0644\" \/>\n<\/p><p style=\"display: none !important;\" class=\"akismet-fields-container\" data-prefix=\"_wpcf7_ak_\"><label>&#916;<textarea name=\"_wpcf7_ak_hp_textarea\" cols=\"45\" rows=\"8\" maxlength=\"100\"><\/textarea><\/label><input type=\"hidden\" id=\"ak_js_1\" name=\"_wpcf7_ak_js\" value=\"183\"\/><script>document.getElementById( \"ak_js_1\" ).setAttribute( \"value\", ( new Date() ).getTime() );<\/script><\/p><div class=\"wpcf7-response-output\" aria-hidden=\"true\"><\/div>\n<\/form>\n<\/div>\n\n<p>&nbsp;<\/p>\n","protected":false},"excerpt":{"rendered":"<p>Prix minibus Foton View CS2 16 places neuf en Tunisie : Demande de devis en ligne, nombre de places, \u00e9quipements et options, puissance moteur, caract\u00e9ristiques, photos et fiche technique. Fiche technique minibus Foton View CS2 16 Places : Carrosserie : Van Nombre de places : 16 Nombre de portes : 4 dont une porte lat\u00e9rale &#8230; <a title=\"Prix minibus Foton View CS2 16 places neuf en Tunisie\" class=\"read-more\" href=\"https:\/\/motors.tn\/magazine\/prix-bus-et-minibus-neufs-en-tunisie\/prix-bus-et-minibus-foton-neuf-en-tunisie\/prix-minibus-foton-neuf-en-tunisie-1\/\" aria-label=\"En savoir plus sur Prix minibus Foton View CS2 16 places neuf en Tunisie\">Lire la suite<\/a><\/p>\n","protected":false},"author":1,"featured_media":0,"parent":496939,"menu_order":0,"comment_status":"closed","ping_status":"closed","template":"","meta":{"footnotes":""},"class_list":["post-496944","page","type-page","status-publish"],"yoast_head":"<!-- This site is optimized with the Yoast SEO plugin v25.7 - https:\/\/yoast.com\/wordpress\/plugins\/seo\/ -->\n<title>Prix minibus Foton View CS2 16 places neuf en Tunisie - Motors.tn<\/title>\n<meta name=\"description\" content=\"Prix minibus Foton View CS2 16 places neuf en Tunisie : Demande de devis prix minibus Foton 16 places, minibus touristique Foton \u00e0 vendre en Tunisie\" \/>\n<meta name=\"robots\" content=\"index, follow, max-snippet:-1, max-image-preview:large, max-video-preview:-1\" \/>\n<link rel=\"canonical\" href=\"https:\/\/motors.tn\/magazine\/prix-bus-et-minibus-neufs-en-tunisie\/prix-bus-et-minibus-foton-neuf-en-tunisie\/prix-minibus-foton-neuf-en-tunisie-1\/\" \/>\n<meta property=\"og:locale\" content=\"fr_FR\" \/>\n<meta property=\"og:type\" content=\"article\" \/>\n<meta property=\"og:title\" content=\"Prix minibus Foton View CS2 16 places neuf en Tunisie - Motors.tn\" \/>\n<meta property=\"og:description\" content=\"Prix minibus Foton View CS2 16 places neuf en Tunisie : Demande de devis prix minibus Foton 16 places, minibus touristique Foton \u00e0 vendre en Tunisie\" \/>\n<meta property=\"og:url\" content=\"https:\/\/motors.tn\/magazine\/prix-bus-et-minibus-neufs-en-tunisie\/prix-bus-et-minibus-foton-neuf-en-tunisie\/prix-minibus-foton-neuf-en-tunisie-1\/\" \/>\n<meta property=\"og:site_name\" content=\"Motors.tn\" \/>\n<meta property=\"article:modified_time\" content=\"2025-11-13T17:33:42+00:00\" \/>\n<meta property=\"og:image\" content=\"https:\/\/motors.tn\/magazine\/wp-content\/uploads\/2025\/04\/Prix-minibus-Foton-View-CS2-16-places-neuf-en-Tunisie.png\" \/>\n<meta name=\"twitter:label1\" content=\"Dur\u00e9e de lecture estim\u00e9e\" \/>\n\t<meta name=\"twitter:data1\" content=\"2 minutes\" \/>\n<script type=\"application\/ld+json\" class=\"yoast-schema-graph\">{\"@context\":\"https:\/\/schema.org\",\"@graph\":[{\"@type\":\"WebPage\",\"@id\":\"https:\/\/motors.tn\/magazine\/prix-bus-et-minibus-neufs-en-tunisie\/prix-bus-et-minibus-foton-neuf-en-tunisie\/prix-minibus-foton-neuf-en-tunisie-1\/\",\"url\":\"https:\/\/motors.tn\/magazine\/prix-bus-et-minibus-neufs-en-tunisie\/prix-bus-et-minibus-foton-neuf-en-tunisie\/prix-minibus-foton-neuf-en-tunisie-1\/\",\"name\":\"Prix minibus Foton View CS2 16 places neuf en Tunisie - Motors.tn\",\"isPartOf\":{\"@id\":\"https:\/\/motors.tn\/magazine\/#website\"},\"datePublished\":\"2025-04-26T16:07:10+00:00\",\"dateModified\":\"2025-11-13T17:33:42+00:00\",\"description\":\"Prix minibus Foton View CS2 16 places neuf en Tunisie : Demande de devis prix minibus Foton 16 places, minibus touristique Foton \u00e0 vendre en Tunisie\",\"breadcrumb\":{\"@id\":\"https:\/\/motors.tn\/magazine\/prix-bus-et-minibus-neufs-en-tunisie\/prix-bus-et-minibus-foton-neuf-en-tunisie\/prix-minibus-foton-neuf-en-tunisie-1\/#breadcrumb\"},\"inLanguage\":\"fr-FR\",\"potentialAction\":[{\"@type\":\"ReadAction\",\"target\":[\"https:\/\/motors.tn\/magazine\/prix-bus-et-minibus-neufs-en-tunisie\/prix-bus-et-minibus-foton-neuf-en-tunisie\/prix-minibus-foton-neuf-en-tunisie-1\/\"]}]},{\"@type\":\"BreadcrumbList\",\"@id\":\"https:\/\/motors.tn\/magazine\/prix-bus-et-minibus-neufs-en-tunisie\/prix-bus-et-minibus-foton-neuf-en-tunisie\/prix-minibus-foton-neuf-en-tunisie-1\/#breadcrumb\",\"itemListElement\":[{\"@type\":\"ListItem\",\"position\":1,\"name\":\"Motors.tn\",\"item\":\"https:\/\/motors.tn\/magazine\/\"},{\"@type\":\"ListItem\",\"position\":2,\"name\":\"Prix bus et minibus neufs en Tunisie\",\"item\":\"https:\/\/motors.tn\/magazine\/prix-bus-et-minibus-neufs-en-tunisie\/\"},{\"@type\":\"ListItem\",\"position\":3,\"name\":\"Prix minibus Foton neuf en Tunisie\",\"item\":\"https:\/\/motors.tn\/magazine\/prix-bus-et-minibus-neufs-en-tunisie\/prix-bus-et-minibus-foton-neuf-en-tunisie\/\"},{\"@type\":\"ListItem\",\"position\":4,\"name\":\"Prix minibus Foton View CS2 16 places neuf en Tunisie\"}]},{\"@type\":\"WebSite\",\"@id\":\"https:\/\/motors.tn\/magazine\/#website\",\"url\":\"https:\/\/motors.tn\/magazine\/\",\"name\":\"Motors.tn\",\"description\":\"Actualit\u00e9, prix du neuf et guide d&#039;achat\",\"publisher\":{\"@id\":\"https:\/\/motors.tn\/magazine\/#organization\"},\"potentialAction\":[{\"@type\":\"SearchAction\",\"target\":{\"@type\":\"EntryPoint\",\"urlTemplate\":\"https:\/\/motors.tn\/magazine\/?s={search_term_string}\"},\"query-input\":{\"@type\":\"PropertyValueSpecification\",\"valueRequired\":true,\"valueName\":\"search_term_string\"}}],\"inLanguage\":\"fr-FR\"},{\"@type\":\"Organization\",\"@id\":\"https:\/\/motors.tn\/magazine\/#organization\",\"name\":\"Strat\u00e9gie Digitale\",\"url\":\"https:\/\/motors.tn\/magazine\/\",\"logo\":{\"@type\":\"ImageObject\",\"inLanguage\":\"fr-FR\",\"@id\":\"https:\/\/motors.tn\/magazine\/#\/schema\/logo\/image\/\",\"url\":\"https:\/\/motors.tn\/magazine\/wp-content\/uploads\/2020\/05\/cropped-cropped-logo9bleu.png\",\"contentUrl\":\"https:\/\/motors.tn\/magazine\/wp-content\/uploads\/2020\/05\/cropped-cropped-logo9bleu.png\",\"width\":277,\"height\":44,\"caption\":\"Strat\u00e9gie Digitale\"},\"image\":{\"@id\":\"https:\/\/motors.tn\/magazine\/#\/schema\/logo\/image\/\"}}]}<\/script>\n<!-- \/ Yoast SEO plugin. -->","yoast_head_json":{"title":"Prix minibus Foton View CS2 16 places neuf en Tunisie - Motors.tn","description":"Prix minibus Foton View CS2 16 places neuf en Tunisie : Demande de devis prix minibus Foton 16 places, minibus touristique Foton \u00e0 vendre en Tunisie","robots":{"index":"index","follow":"follow","max-snippet":"max-snippet:-1","max-image-preview":"max-image-preview:large","max-video-preview":"max-video-preview:-1"},"canonical":"https:\/\/motors.tn\/magazine\/prix-bus-et-minibus-neufs-en-tunisie\/prix-bus-et-minibus-foton-neuf-en-tunisie\/prix-minibus-foton-neuf-en-tunisie-1\/","og_locale":"fr_FR","og_type":"article","og_title":"Prix minibus Foton View CS2 16 places neuf en Tunisie - Motors.tn","og_description":"Prix minibus Foton View CS2 16 places neuf en Tunisie : Demande de devis prix minibus Foton 16 places, minibus touristique Foton \u00e0 vendre en Tunisie","og_url":"https:\/\/motors.tn\/magazine\/prix-bus-et-minibus-neufs-en-tunisie\/prix-bus-et-minibus-foton-neuf-en-tunisie\/prix-minibus-foton-neuf-en-tunisie-1\/","og_site_name":"Motors.tn","article_modified_time":"2025-11-13T17:33:42+00:00","og_image":[{"url":"https:\/\/motors.tn\/magazine\/wp-content\/uploads\/2025\/04\/Prix-minibus-Foton-View-CS2-16-places-neuf-en-Tunisie.png","type":"","width":"","height":""}],"twitter_misc":{"Dur\u00e9e de lecture estim\u00e9e":"2 minutes"},"schema":{"@context":"https:\/\/schema.org","@graph":[{"@type":"WebPage","@id":"https:\/\/motors.tn\/magazine\/prix-bus-et-minibus-neufs-en-tunisie\/prix-bus-et-minibus-foton-neuf-en-tunisie\/prix-minibus-foton-neuf-en-tunisie-1\/","url":"https:\/\/motors.tn\/magazine\/prix-bus-et-minibus-neufs-en-tunisie\/prix-bus-et-minibus-foton-neuf-en-tunisie\/prix-minibus-foton-neuf-en-tunisie-1\/","name":"Prix minibus Foton View CS2 16 places neuf en Tunisie - Motors.tn","isPartOf":{"@id":"https:\/\/motors.tn\/magazine\/#website"},"datePublished":"2025-04-26T16:07:10+00:00","dateModified":"2025-11-13T17:33:42+00:00","description":"Prix minibus Foton View CS2 16 places neuf en Tunisie : Demande de devis prix minibus Foton 16 places, minibus touristique Foton \u00e0 vendre en Tunisie","breadcrumb":{"@id":"https:\/\/motors.tn\/magazine\/prix-bus-et-minibus-neufs-en-tunisie\/prix-bus-et-minibus-foton-neuf-en-tunisie\/prix-minibus-foton-neuf-en-tunisie-1\/#breadcrumb"},"inLanguage":"fr-FR","potentialAction":[{"@type":"ReadAction","target":["https:\/\/motors.tn\/magazine\/prix-bus-et-minibus-neufs-en-tunisie\/prix-bus-et-minibus-foton-neuf-en-tunisie\/prix-minibus-foton-neuf-en-tunisie-1\/"]}]},{"@type":"BreadcrumbList","@id":"https:\/\/motors.tn\/magazine\/prix-bus-et-minibus-neufs-en-tunisie\/prix-bus-et-minibus-foton-neuf-en-tunisie\/prix-minibus-foton-neuf-en-tunisie-1\/#breadcrumb","itemListElement":[{"@type":"ListItem","position":1,"name":"Motors.tn","item":"https:\/\/motors.tn\/magazine\/"},{"@type":"ListItem","position":2,"name":"Prix bus et minibus neufs en Tunisie","item":"https:\/\/motors.tn\/magazine\/prix-bus-et-minibus-neufs-en-tunisie\/"},{"@type":"ListItem","position":3,"name":"Prix minibus Foton neuf en Tunisie","item":"https:\/\/motors.tn\/magazine\/prix-bus-et-minibus-neufs-en-tunisie\/prix-bus-et-minibus-foton-neuf-en-tunisie\/"},{"@type":"ListItem","position":4,"name":"Prix minibus Foton View CS2 16 places neuf en Tunisie"}]},{"@type":"WebSite","@id":"https:\/\/motors.tn\/magazine\/#website","url":"https:\/\/motors.tn\/magazine\/","name":"Motors.tn","description":"Actualit\u00e9, prix du neuf et guide d&#039;achat","publisher":{"@id":"https:\/\/motors.tn\/magazine\/#organization"},"potentialAction":[{"@type":"SearchAction","target":{"@type":"EntryPoint","urlTemplate":"https:\/\/motors.tn\/magazine\/?s={search_term_string}"},"query-input":{"@type":"PropertyValueSpecification","valueRequired":true,"valueName":"search_term_string"}}],"inLanguage":"fr-FR"},{"@type":"Organization","@id":"https:\/\/motors.tn\/magazine\/#organization","name":"Strat\u00e9gie Digitale","url":"https:\/\/motors.tn\/magazine\/","logo":{"@type":"ImageObject","inLanguage":"fr-FR","@id":"https:\/\/motors.tn\/magazine\/#\/schema\/logo\/image\/","url":"https:\/\/motors.tn\/magazine\/wp-content\/uploads\/2020\/05\/cropped-cropped-logo9bleu.png","contentUrl":"https:\/\/motors.tn\/magazine\/wp-content\/uploads\/2020\/05\/cropped-cropped-logo9bleu.png","width":277,"height":44,"caption":"Strat\u00e9gie Digitale"},"image":{"@id":"https:\/\/motors.tn\/magazine\/#\/schema\/logo\/image\/"}}]}},"_links":{"self":[{"href":"https:\/\/motors.tn\/magazine\/wp-json\/wp\/v2\/pages\/496944","targetHints":{"allow":["GET"]}}],"collection":[{"href":"https:\/\/motors.tn\/magazine\/wp-json\/wp\/v2\/pages"}],"about":[{"href":"https:\/\/motors.tn\/magazine\/wp-json\/wp\/v2\/types\/page"}],"author":[{"embeddable":true,"href":"https:\/\/motors.tn\/magazine\/wp-json\/wp\/v2\/users\/1"}],"replies":[{"embeddable":true,"href":"https:\/\/motors.tn\/magazine\/wp-json\/wp\/v2\/comments?post=496944"}],"version-history":[{"count":5,"href":"https:\/\/motors.tn\/magazine\/wp-json\/wp\/v2\/pages\/496944\/revisions"}],"predecessor-version":[{"id":499231,"href":"https:\/\/motors.tn\/magazine\/wp-json\/wp\/v2\/pages\/496944\/revisions\/499231"}],"up":[{"embeddable":true,"href":"https:\/\/motors.tn\/magazine\/wp-json\/wp\/v2\/pages\/496939"}],"wp:attachment":[{"href":"https:\/\/motors.tn\/magazine\/wp-json\/wp\/v2\/media?parent=496944"}],"curies":[{"name":"wp","href":"https:\/\/api.w.org\/{rel}","templated":true}]}}