{"id":501084,"date":"2026-02-03T00:23:25","date_gmt":"2026-02-02T23:23:25","guid":{"rendered":"https:\/\/motors.tn\/magazine\/?page_id=501084"},"modified":"2026-02-24T11:42:28","modified_gmt":"2026-02-24T10:42:28","slug":"prix-voiture-commerciale-utilitaire-fourgon-dfsk-neuve-en-tunisie-1","status":"publish","type":"page","link":"https:\/\/motors.tn\/magazine\/prix-voiture-commerciale-utilitaire-fourgon-neuve-en-tunisie\/prix-voiture-commerciale-utilitaire-fourgon-dfsk-neuve-en-tunisie\/prix-voiture-commerciale-utilitaire-fourgon-dfsk-neuve-en-tunisie-1\/","title":{"rendered":"Prix voiture commerciale utilitaire fourgon DFSK EC75 \u00e9lectrique neuve en Tunisie"},"content":{"rendered":"<p><a href=\"https:\/\/motors.tn\/magazine\/prix-voiture-commerciale-utilitaire-fourgon-neuve-en-tunisie\/prix-voiture-commerciale-utilitaire-fourgon-dfsk-neuve-en-tunisie\/\">Prix voiture commerciale utilitaire fourgon DFSK<\/a> EC75 \u00e9lectrique neuve en Tunisie : Demande de devis en ligne, charge utile, \u00e9quipements, options, puissance moteur, photos et fiche technique.<\/p>\n<div id='gallery-1' class='gallery galleryid-501084 gallery-columns-1 gallery-size-full'><figure class='gallery-item'>\n\t\t\t<div class='gallery-icon landscape'>\n\t\t\t\t<img decoding=\"async\" width=\"950\" height=\"481\" src=\"https:\/\/motors.tn\/magazine\/wp-content\/uploads\/2026\/02\/DFSK-EC75-4-e1770142179397.png\" class=\"attachment-full size-full\" alt=\"\" srcset=\"https:\/\/motors.tn\/magazine\/wp-content\/uploads\/2026\/02\/DFSK-EC75-4-e1770142179397.png 950w, https:\/\/motors.tn\/magazine\/wp-content\/uploads\/2026\/02\/DFSK-EC75-4-e1770142179397-300x152.png 300w, https:\/\/motors.tn\/magazine\/wp-content\/uploads\/2026\/02\/DFSK-EC75-4-e1770142179397-768x389.png 768w\" sizes=\"(max-width: 950px) 100vw, 950px\" \/>\n\t\t\t<\/div><\/figure><figure class='gallery-item'>\n\t\t\t<div class='gallery-icon landscape'>\n\t\t\t\t<img decoding=\"async\" width=\"950\" height=\"469\" src=\"https:\/\/motors.tn\/magazine\/wp-content\/uploads\/2026\/02\/DFSK-EC75-e1770142194343.png\" class=\"attachment-full size-full\" alt=\"\" srcset=\"https:\/\/motors.tn\/magazine\/wp-content\/uploads\/2026\/02\/DFSK-EC75-e1770142194343.png 950w, https:\/\/motors.tn\/magazine\/wp-content\/uploads\/2026\/02\/DFSK-EC75-e1770142194343-300x148.png 300w, https:\/\/motors.tn\/magazine\/wp-content\/uploads\/2026\/02\/DFSK-EC75-e1770142194343-768x379.png 768w\" sizes=\"(max-width: 950px) 100vw, 950px\" \/>\n\t\t\t<\/div><\/figure><figure class='gallery-item'>\n\t\t\t<div class='gallery-icon landscape'>\n\t\t\t\t<img decoding=\"async\" width=\"950\" height=\"383\" src=\"https:\/\/motors.tn\/magazine\/wp-content\/uploads\/2026\/02\/DFSK-EC75-6-e1770142212791.png\" class=\"attachment-full size-full\" alt=\"\" srcset=\"https:\/\/motors.tn\/magazine\/wp-content\/uploads\/2026\/02\/DFSK-EC75-6-e1770142212791.png 950w, https:\/\/motors.tn\/magazine\/wp-content\/uploads\/2026\/02\/DFSK-EC75-6-e1770142212791-300x121.png 300w, https:\/\/motors.tn\/magazine\/wp-content\/uploads\/2026\/02\/DFSK-EC75-6-e1770142212791-768x310.png 768w\" sizes=\"(max-width: 950px) 100vw, 950px\" \/>\n\t\t\t<\/div><\/figure><figure class='gallery-item'>\n\t\t\t<div class='gallery-icon landscape'>\n\t\t\t\t<img decoding=\"async\" width=\"950\" height=\"540\" src=\"https:\/\/motors.tn\/magazine\/wp-content\/uploads\/2026\/02\/DFSK-EC75-5-e1770142227709.png\" class=\"attachment-full size-full\" alt=\"\" srcset=\"https:\/\/motors.tn\/magazine\/wp-content\/uploads\/2026\/02\/DFSK-EC75-5-e1770142227709.png 950w, https:\/\/motors.tn\/magazine\/wp-content\/uploads\/2026\/02\/DFSK-EC75-5-e1770142227709-300x171.png 300w, https:\/\/motors.tn\/magazine\/wp-content\/uploads\/2026\/02\/DFSK-EC75-5-e1770142227709-768x437.png 768w\" sizes=\"(max-width: 950px) 100vw, 950px\" \/>\n\t\t\t<\/div><\/figure><figure class='gallery-item'>\n\t\t\t<div class='gallery-icon landscape'>\n\t\t\t\t<img decoding=\"async\" width=\"950\" height=\"556\" src=\"https:\/\/motors.tn\/magazine\/wp-content\/uploads\/2026\/02\/DFSK-EC75-3-e1770142245288.png\" class=\"attachment-full size-full\" alt=\"\" srcset=\"https:\/\/motors.tn\/magazine\/wp-content\/uploads\/2026\/02\/DFSK-EC75-3-e1770142245288.png 950w, https:\/\/motors.tn\/magazine\/wp-content\/uploads\/2026\/02\/DFSK-EC75-3-e1770142245288-300x176.png 300w, https:\/\/motors.tn\/magazine\/wp-content\/uploads\/2026\/02\/DFSK-EC75-3-e1770142245288-768x449.png 768w\" sizes=\"(max-width: 950px) 100vw, 950px\" \/>\n\t\t\t<\/div><\/figure><figure class='gallery-item'>\n\t\t\t<div class='gallery-icon landscape'>\n\t\t\t\t<img decoding=\"async\" width=\"950\" height=\"523\" src=\"https:\/\/motors.tn\/magazine\/wp-content\/uploads\/2026\/02\/DFSK-EC75-2-e1770142281697.png\" class=\"attachment-full size-full\" alt=\"\" srcset=\"https:\/\/motors.tn\/magazine\/wp-content\/uploads\/2026\/02\/DFSK-EC75-2-e1770142281697.png 950w, https:\/\/motors.tn\/magazine\/wp-content\/uploads\/2026\/02\/DFSK-EC75-2-e1770142281697-300x165.png 300w, https:\/\/motors.tn\/magazine\/wp-content\/uploads\/2026\/02\/DFSK-EC75-2-e1770142281697-768x423.png 768w\" sizes=\"(max-width: 950px) 100vw, 950px\" \/>\n\t\t\t<\/div><\/figure>\n\t\t<\/div>\n\n<p data-start=\"94\" data-end=\"220\">Le DFSK EC75 est un fourgon 100 % \u00e9lectrique, qui repense la mobilit\u00e9 professionnelle en alliant efficacit\u00e9, durabilit\u00e9 et performance.Il \u00e9tablit un nouveau standard avec 7 m\u00b3 de volume utile, une conception robuste et une ergonomie optimis\u00e9e pour la productivit\u00e9.<\/p>\n<p data-start=\"363\" data-end=\"483\">V\u00e9ritable alli\u00e9 des professionnels exigeants, l\u2019EC75 combine performance durable et efficacit\u00e9 op\u00e9rationnelle, et avec ses dimensions g\u00e9n\u00e9reuses, il offre 7 m\u00b3 de chargement et supporte jusqu\u2019\u00e0 1 200 kg de charge utile.<\/p>\n<p data-start=\"660\" data-end=\"799\">L\u2019acc\u00e8s est facilit\u00e9 gr\u00e2ce aux doubles portes lat\u00e9rales coulissantes, \u00e0 la large porte arri\u00e8re et \u00e0 un seuil de chargement bas.<\/p>\n<p><strong>Fiche technique DFSK EC75 \u00e9lectrique :\u00a0<\/strong><\/p>\n<h4><strong>Motorisation :<\/strong><\/h4>\n<ul>\n<li>Energie : Electrique<\/li>\n<li>Puissance fiscale : 3 CV<\/li>\n<li>Puissance maximale : 94 ch<\/li>\n<li>Batterie : LFP 50.38 kWh<\/li>\n<li>Couple maximal : 230 N.m<\/li>\n<li>Consommation \u00e9lectrique WLTP (kWh\/100Km) : 16.5<\/li>\n<\/ul>\n<h4><strong>Batterie :<\/strong><\/h4>\n<ul>\n<li>Autonomie \u00e9lectrique : 240 Km<\/li>\n<li>Temps de charge normale (AC) : 10.85 heures<\/li>\n<li>Temps de charge rapide (DC) : 45 minutes<\/li>\n<\/ul>\n<h4><strong>Charge et volume utiles :<\/strong><\/h4>\n<ul>\n<li>Charge utile : 1210 Kg<\/li>\n<li>Volume utile : 7.3 m\u00b3<\/li>\n<\/ul>\n<hr \/>\n<h2 style=\"text-align: justify;\"><strong>Demande de prix \/ Demande de devis pour voiture commerciale utilitaire fourgon DFSK neuve en Tunisie <\/strong><\/h2>\n<p style=\"text-align: justify;\">\n<div class=\"wpcf7 no-js\" id=\"wpcf7-f500974-o1\" lang=\"fr-FR\" dir=\"ltr\" data-wpcf7-id=\"500974\">\n<div class=\"screen-reader-response\"><p role=\"status\" aria-live=\"polite\" aria-atomic=\"true\"><\/p> <ul><\/ul><\/div>\n<form action=\"\/magazine\/wp-json\/wp\/v2\/pages\/501084#wpcf7-f500974-o1\" method=\"post\" class=\"wpcf7-form init\" aria-label=\"Formulaire de contact\" novalidate=\"novalidate\" data-status=\"init\">\n<fieldset class=\"hidden-fields-container\"><input type=\"hidden\" name=\"_wpcf7\" value=\"500974\" \/><input type=\"hidden\" name=\"_wpcf7_version\" value=\"6.1.1\" \/><input type=\"hidden\" name=\"_wpcf7_locale\" value=\"fr_FR\" \/><input type=\"hidden\" name=\"_wpcf7_unit_tag\" value=\"wpcf7-f500974-o1\" \/><input type=\"hidden\" name=\"_wpcf7_container_post\" value=\"0\" \/><input type=\"hidden\" name=\"_wpcf7_posted_data_hash\" value=\"\" \/>\n<\/fieldset>\n<p>Nom et pr\u00e9nom - \u0627\u0644\u0625\u0633\u0645 \u0648 \u0627\u0644\u0644\u0642\u0628 :<br \/>\n<span class=\"wpcf7-form-control-wrap\" data-name=\"your-name\"><input size=\"40\" maxlength=\"400\" class=\"wpcf7-form-control wpcf7-text wpcf7-validates-as-required\" aria-required=\"true\" aria-invalid=\"false\" value=\"\" type=\"text\" name=\"your-name\" \/><\/span>\n<\/p>\n<p>Soci\u00e9t\u00e9 - \u0627\u0644\u0634\u0631\u0643\u0629 :<br \/>\n<span class=\"wpcf7-form-control-wrap\" data-name=\"your-ste\"><input size=\"40\" maxlength=\"400\" class=\"wpcf7-form-control wpcf7-text wpcf7-validates-as-required\" aria-required=\"true\" aria-invalid=\"false\" value=\"\" type=\"text\" name=\"your-ste\" \/><\/span>\n<\/p>\n<p>T\u00e9l\u00e9phone - \u0627\u0644\u0647\u0627\u062a\u0641 :\n<\/p>\n<p><span class=\"wpcf7-form-control-wrap\" data-name=\"your-tel\"><input size=\"40\" maxlength=\"400\" class=\"wpcf7-form-control wpcf7-tel wpcf7-validates-as-required wpcf7-text wpcf7-validates-as-tel\" aria-required=\"true\" aria-invalid=\"false\" value=\"\" type=\"tel\" name=\"your-tel\" \/><\/span>\n<\/p>\n<p>Gouvernorat - \u0627\u0644\u0648\u0644\u0627\u064a\u0629 :\n<\/p>\n<p><span class=\"wpcf7-form-control-wrap\" data-name=\"your-gouvernorat\"><select class=\"wpcf7-form-control wpcf7-select wpcf7-validates-as-required\" aria-required=\"true\" aria-invalid=\"false\" name=\"your-gouvernorat\"><option value=\"\">&#8212;Veuillez choisir une option&#8212;<\/option><option value=\"Ariana - \u0623\u0631\u064a\u0627\u0646\u0629\">Ariana - \u0623\u0631\u064a\u0627\u0646\u0629<\/option><option value=\"B\u00e9ja - \u0628\u0627\u062c\u0629\">B\u00e9ja - \u0628\u0627\u062c\u0629<\/option><option value=\"Ben Arous - \u0628\u0646 \u0639\u0631\u0648\u0633\">Ben Arous - \u0628\u0646 \u0639\u0631\u0648\u0633<\/option><option value=\"Bizerte - \u0628\u0646\u0632\u0631\u062a\">Bizerte - \u0628\u0646\u0632\u0631\u062a<\/option><option value=\"Gab\u00e8s - \u0642\u0627\u0628\u0633\">Gab\u00e8s - \u0642\u0627\u0628\u0633<\/option><option value=\"Gafsa - \u0642\u0641\u0635\u0629\">Gafsa - \u0642\u0641\u0635\u0629<\/option><option value=\"Jendouba - \u062c\u0646\u062f\u0648\u0628\u0629\">Jendouba - \u062c\u0646\u062f\u0648\u0628\u0629<\/option><option value=\"Kairouan - \u0627\u0644\u0642\u064a\u0631\u0648\u0627\u0646\">Kairouan - \u0627\u0644\u0642\u064a\u0631\u0648\u0627\u0646<\/option><option value=\"Kasserine - \u0627\u0644\u0642\u0635\u0631\u064a\u0646\">Kasserine - \u0627\u0644\u0642\u0635\u0631\u064a\u0646<\/option><option value=\"K\u00e9bili - \u0642\u0628\u0644\u064a\">K\u00e9bili - \u0642\u0628\u0644\u064a<\/option><option value=\"Le Kef - \u0627\u0644\u0643\u0627\u0641\">Le Kef - \u0627\u0644\u0643\u0627\u0641<\/option><option value=\"Mahdia - \u0627\u0644\u0645\u0647\u062f\u064a\u0629\">Mahdia - \u0627\u0644\u0645\u0647\u062f\u064a\u0629<\/option><option value=\"La Manouba - \u0645\u0646\u0648\u0628\u0629\">La Manouba - \u0645\u0646\u0648\u0628\u0629<\/option><option value=\"M\u00e9denine - \u0645\u062f\u0646\u064a\u0646\">M\u00e9denine - \u0645\u062f\u0646\u064a\u0646<\/option><option value=\"Monastir - \u0627\u0644\u0645\u0646\u0633\u062a\u064a\u0631\">Monastir - \u0627\u0644\u0645\u0646\u0633\u062a\u064a\u0631<\/option><option value=\"Nabeul - \u0646\u0627\u0628\u0644\">Nabeul - \u0646\u0627\u0628\u0644<\/option><option value=\"Sfax - \u0635\u0641\u0627\u0642\u0633\">Sfax - \u0635\u0641\u0627\u0642\u0633<\/option><option value=\"Sidi Bouzid - \u0633\u064a\u062f\u064a \u0628\u0648\u0632\u064a\u062f\">Sidi Bouzid - \u0633\u064a\u062f\u064a \u0628\u0648\u0632\u064a\u062f<\/option><option value=\"Siliana - \u0633\u0644\u064a\u0627\u0646\u0629\">Siliana - \u0633\u0644\u064a\u0627\u0646\u0629<\/option><option value=\"Sousse - \u0633\u0648\u0633\u0629\">Sousse - \u0633\u0648\u0633\u0629<\/option><option value=\"Tataouine - \u062a\u0637\u0627\u0648\u064a\u0646\">Tataouine - \u062a\u0637\u0627\u0648\u064a\u0646<\/option><option value=\"Tozeur - \u062a\u0648\u0632\u0631\">Tozeur - \u062a\u0648\u0632\u0631<\/option><option value=\"Tunis - \u062a\u0648\u0646\u0633\">Tunis - \u062a\u0648\u0646\u0633<\/option><option value=\"Zaghouan - \u0632\u063a\u0648\u0627\u0646\">Zaghouan - \u0632\u063a\u0648\u0627\u0646<\/option><\/select><\/span>\n<\/p>\n<p>Email - \u0627\u0644\u0628\u0631\u064a\u062f \u0627\u0644\u0625\u0644\u0643\u062a\u0631\u0648\u0646\u064a :\n<\/p>\n<p><span class=\"wpcf7-form-control-wrap\" data-name=\"your-email\"><input size=\"40\" maxlength=\"400\" class=\"wpcf7-form-control wpcf7-email wpcf7-validates-as-required wpcf7-text wpcf7-validates-as-email\" aria-required=\"true\" aria-invalid=\"false\" value=\"\" type=\"email\" name=\"your-email\" \/><\/span>\n<\/p>\n<p>Mod\u00e8le - \u0646\u0648\u0639 \u0627\u0644\u0634\u0627\u062d\u0646\u0629 :\n<\/p>\n<p><span class=\"wpcf7-form-control-wrap\" data-name=\"Modele\"><span class=\"wpcf7-form-control wpcf7-checkbox wpcf7-validates-as-required\"><span class=\"wpcf7-list-item first last\"><label><input type=\"checkbox\" name=\"Modele[]\" value=\"DFSK EC75 \u00e9lectrique\" \/><span class=\"wpcf7-list-item-label\">DFSK EC75 \u00e9lectrique<\/span><\/label><\/span><\/span><\/span>\n<\/p>\n<p><input class=\"wpcf7-form-control wpcf7-submit has-spinner\" type=\"submit\" value=\"Envoyer - \u0625\u0631\u0633\u0627\u0644\" \/>\n<\/p><p style=\"display: none !important;\" class=\"akismet-fields-container\" data-prefix=\"_wpcf7_ak_\"><label>&#916;<textarea name=\"_wpcf7_ak_hp_textarea\" cols=\"45\" rows=\"8\" maxlength=\"100\"><\/textarea><\/label><input type=\"hidden\" id=\"ak_js_1\" name=\"_wpcf7_ak_js\" value=\"80\"\/><script>document.getElementById( \"ak_js_1\" ).setAttribute( \"value\", ( new Date() ).getTime() );<\/script><\/p><div class=\"wpcf7-response-output\" aria-hidden=\"true\"><\/div>\n<\/form>\n<\/div>\n<\/p>\n","protected":false},"excerpt":{"rendered":"<p>Prix voiture commerciale utilitaire fourgon DFSK EC75 \u00e9lectrique neuve en Tunisie : Demande de devis en ligne, charge utile, \u00e9quipements, options, puissance moteur, photos et fiche technique. Le DFSK EC75 est un fourgon 100 % \u00e9lectrique, qui repense la mobilit\u00e9 professionnelle en alliant efficacit\u00e9, durabilit\u00e9 et performance.Il \u00e9tablit un nouveau standard avec 7 m\u00b3 de &#8230; <a title=\"Prix voiture commerciale utilitaire fourgon DFSK EC75 \u00e9lectrique neuve en Tunisie\" class=\"read-more\" href=\"https:\/\/motors.tn\/magazine\/prix-voiture-commerciale-utilitaire-fourgon-neuve-en-tunisie\/prix-voiture-commerciale-utilitaire-fourgon-dfsk-neuve-en-tunisie\/prix-voiture-commerciale-utilitaire-fourgon-dfsk-neuve-en-tunisie-1\/\" aria-label=\"En savoir plus sur Prix voiture commerciale utilitaire fourgon DFSK EC75 \u00e9lectrique neuve en Tunisie\">Lire la suite<\/a><\/p>\n","protected":false},"author":19342,"featured_media":0,"parent":501096,"menu_order":0,"comment_status":"closed","ping_status":"closed","template":"","meta":{"footnotes":""},"class_list":["post-501084","page","type-page","status-publish"],"yoast_head":"<!-- This site is optimized with the Yoast SEO plugin v25.7 - https:\/\/yoast.com\/wordpress\/plugins\/seo\/ -->\n<title>Prix voiture commerciale utilitaire fourgon DFSK EC75 \u00e9lectrique neuve en Tunisie - Motors.tn<\/title>\n<meta name=\"description\" content=\"Prix voiture commerciale utilitaire fourgon DFSK EC75 \u00e9lectrique neuve en Tunisie.\" \/>\n<meta name=\"robots\" content=\"index, follow, max-snippet:-1, max-image-preview:large, max-video-preview:-1\" \/>\n<link rel=\"canonical\" href=\"https:\/\/motors.tn\/magazine\/prix-voiture-commerciale-utilitaire-fourgon-neuve-en-tunisie\/prix-voiture-commerciale-utilitaire-fourgon-dfsk-neuve-en-tunisie\/prix-voiture-commerciale-utilitaire-fourgon-dfsk-neuve-en-tunisie-1\/\" \/>\n<meta property=\"og:locale\" content=\"fr_FR\" \/>\n<meta property=\"og:type\" content=\"article\" \/>\n<meta property=\"og:title\" content=\"Prix voiture commerciale utilitaire fourgon DFSK EC75 \u00e9lectrique neuve en Tunisie - Motors.tn\" \/>\n<meta property=\"og:description\" content=\"Prix voiture commerciale utilitaire fourgon DFSK EC75 \u00e9lectrique neuve en Tunisie.\" \/>\n<meta property=\"og:url\" content=\"https:\/\/motors.tn\/magazine\/prix-voiture-commerciale-utilitaire-fourgon-neuve-en-tunisie\/prix-voiture-commerciale-utilitaire-fourgon-dfsk-neuve-en-tunisie\/prix-voiture-commerciale-utilitaire-fourgon-dfsk-neuve-en-tunisie-1\/\" \/>\n<meta property=\"og:site_name\" content=\"Motors.tn\" \/>\n<meta property=\"article:modified_time\" content=\"2026-02-24T10:42:28+00:00\" \/>\n<meta property=\"og:image\" content=\"https:\/\/motors.tn\/magazine\/wp-content\/uploads\/2026\/02\/DFSK-EC75-4-e1770142179397.png\" \/>\n<meta name=\"twitter:label1\" content=\"Dur\u00e9e de lecture estim\u00e9e\" \/>\n\t<meta name=\"twitter:data1\" content=\"2 minutes\" \/>\n<script type=\"application\/ld+json\" class=\"yoast-schema-graph\">{\"@context\":\"https:\/\/schema.org\",\"@graph\":[{\"@type\":\"WebPage\",\"@id\":\"https:\/\/motors.tn\/magazine\/prix-voiture-commerciale-utilitaire-fourgon-neuve-en-tunisie\/prix-voiture-commerciale-utilitaire-fourgon-dfsk-neuve-en-tunisie\/prix-voiture-commerciale-utilitaire-fourgon-dfsk-neuve-en-tunisie-1\/\",\"url\":\"https:\/\/motors.tn\/magazine\/prix-voiture-commerciale-utilitaire-fourgon-neuve-en-tunisie\/prix-voiture-commerciale-utilitaire-fourgon-dfsk-neuve-en-tunisie\/prix-voiture-commerciale-utilitaire-fourgon-dfsk-neuve-en-tunisie-1\/\",\"name\":\"Prix voiture commerciale utilitaire fourgon DFSK EC75 \u00e9lectrique neuve en Tunisie - Motors.tn\",\"isPartOf\":{\"@id\":\"https:\/\/motors.tn\/magazine\/#website\"},\"datePublished\":\"2026-02-02T23:23:25+00:00\",\"dateModified\":\"2026-02-24T10:42:28+00:00\",\"description\":\"Prix voiture commerciale utilitaire fourgon DFSK EC75 \u00e9lectrique neuve en Tunisie.\",\"breadcrumb\":{\"@id\":\"https:\/\/motors.tn\/magazine\/prix-voiture-commerciale-utilitaire-fourgon-neuve-en-tunisie\/prix-voiture-commerciale-utilitaire-fourgon-dfsk-neuve-en-tunisie\/prix-voiture-commerciale-utilitaire-fourgon-dfsk-neuve-en-tunisie-1\/#breadcrumb\"},\"inLanguage\":\"fr-FR\",\"potentialAction\":[{\"@type\":\"ReadAction\",\"target\":[\"https:\/\/motors.tn\/magazine\/prix-voiture-commerciale-utilitaire-fourgon-neuve-en-tunisie\/prix-voiture-commerciale-utilitaire-fourgon-dfsk-neuve-en-tunisie\/prix-voiture-commerciale-utilitaire-fourgon-dfsk-neuve-en-tunisie-1\/\"]}]},{\"@type\":\"BreadcrumbList\",\"@id\":\"https:\/\/motors.tn\/magazine\/prix-voiture-commerciale-utilitaire-fourgon-neuve-en-tunisie\/prix-voiture-commerciale-utilitaire-fourgon-dfsk-neuve-en-tunisie\/prix-voiture-commerciale-utilitaire-fourgon-dfsk-neuve-en-tunisie-1\/#breadcrumb\",\"itemListElement\":[{\"@type\":\"ListItem\",\"position\":1,\"name\":\"Motors.tn\",\"item\":\"https:\/\/motors.tn\/magazine\/\"},{\"@type\":\"ListItem\",\"position\":2,\"name\":\"Prix voiture commerciale utilitaire fourgon neuve en Tunisie\",\"item\":\"https:\/\/motors.tn\/magazine\/prix-voiture-commerciale-utilitaire-fourgon-neuve-en-tunisie\/\"},{\"@type\":\"ListItem\",\"position\":3,\"name\":\"Prix voiture commerciale utilitaire fourgon DFSK neuve en Tunisie\",\"item\":\"https:\/\/motors.tn\/magazine\/prix-voiture-commerciale-utilitaire-fourgon-neuve-en-tunisie\/prix-voiture-commerciale-utilitaire-fourgon-dfsk-neuve-en-tunisie\/\"},{\"@type\":\"ListItem\",\"position\":4,\"name\":\"Prix voiture commerciale utilitaire fourgon DFSK EC75 \u00e9lectrique neuve en Tunisie\"}]},{\"@type\":\"WebSite\",\"@id\":\"https:\/\/motors.tn\/magazine\/#website\",\"url\":\"https:\/\/motors.tn\/magazine\/\",\"name\":\"Motors.tn\",\"description\":\"Actualit\u00e9, prix du neuf et guide d&#039;achat\",\"publisher\":{\"@id\":\"https:\/\/motors.tn\/magazine\/#organization\"},\"potentialAction\":[{\"@type\":\"SearchAction\",\"target\":{\"@type\":\"EntryPoint\",\"urlTemplate\":\"https:\/\/motors.tn\/magazine\/?s={search_term_string}\"},\"query-input\":{\"@type\":\"PropertyValueSpecification\",\"valueRequired\":true,\"valueName\":\"search_term_string\"}}],\"inLanguage\":\"fr-FR\"},{\"@type\":\"Organization\",\"@id\":\"https:\/\/motors.tn\/magazine\/#organization\",\"name\":\"Strat\u00e9gie Digitale\",\"url\":\"https:\/\/motors.tn\/magazine\/\",\"logo\":{\"@type\":\"ImageObject\",\"inLanguage\":\"fr-FR\",\"@id\":\"https:\/\/motors.tn\/magazine\/#\/schema\/logo\/image\/\",\"url\":\"https:\/\/motors.tn\/magazine\/wp-content\/uploads\/2020\/05\/cropped-cropped-logo9bleu.png\",\"contentUrl\":\"https:\/\/motors.tn\/magazine\/wp-content\/uploads\/2020\/05\/cropped-cropped-logo9bleu.png\",\"width\":277,\"height\":44,\"caption\":\"Strat\u00e9gie Digitale\"},\"image\":{\"@id\":\"https:\/\/motors.tn\/magazine\/#\/schema\/logo\/image\/\"}}]}<\/script>\n<!-- \/ Yoast SEO plugin. -->","yoast_head_json":{"title":"Prix voiture commerciale utilitaire fourgon DFSK EC75 \u00e9lectrique neuve en Tunisie - Motors.tn","description":"Prix voiture commerciale utilitaire fourgon DFSK EC75 \u00e9lectrique neuve en Tunisie.","robots":{"index":"index","follow":"follow","max-snippet":"max-snippet:-1","max-image-preview":"max-image-preview:large","max-video-preview":"max-video-preview:-1"},"canonical":"https:\/\/motors.tn\/magazine\/prix-voiture-commerciale-utilitaire-fourgon-neuve-en-tunisie\/prix-voiture-commerciale-utilitaire-fourgon-dfsk-neuve-en-tunisie\/prix-voiture-commerciale-utilitaire-fourgon-dfsk-neuve-en-tunisie-1\/","og_locale":"fr_FR","og_type":"article","og_title":"Prix voiture commerciale utilitaire fourgon DFSK EC75 \u00e9lectrique neuve en Tunisie - Motors.tn","og_description":"Prix voiture commerciale utilitaire fourgon DFSK EC75 \u00e9lectrique neuve en Tunisie.","og_url":"https:\/\/motors.tn\/magazine\/prix-voiture-commerciale-utilitaire-fourgon-neuve-en-tunisie\/prix-voiture-commerciale-utilitaire-fourgon-dfsk-neuve-en-tunisie\/prix-voiture-commerciale-utilitaire-fourgon-dfsk-neuve-en-tunisie-1\/","og_site_name":"Motors.tn","article_modified_time":"2026-02-24T10:42:28+00:00","og_image":[{"url":"https:\/\/motors.tn\/magazine\/wp-content\/uploads\/2026\/02\/DFSK-EC75-4-e1770142179397.png","type":"","width":"","height":""}],"twitter_misc":{"Dur\u00e9e de lecture estim\u00e9e":"2 minutes"},"schema":{"@context":"https:\/\/schema.org","@graph":[{"@type":"WebPage","@id":"https:\/\/motors.tn\/magazine\/prix-voiture-commerciale-utilitaire-fourgon-neuve-en-tunisie\/prix-voiture-commerciale-utilitaire-fourgon-dfsk-neuve-en-tunisie\/prix-voiture-commerciale-utilitaire-fourgon-dfsk-neuve-en-tunisie-1\/","url":"https:\/\/motors.tn\/magazine\/prix-voiture-commerciale-utilitaire-fourgon-neuve-en-tunisie\/prix-voiture-commerciale-utilitaire-fourgon-dfsk-neuve-en-tunisie\/prix-voiture-commerciale-utilitaire-fourgon-dfsk-neuve-en-tunisie-1\/","name":"Prix voiture commerciale utilitaire fourgon DFSK EC75 \u00e9lectrique neuve en Tunisie - Motors.tn","isPartOf":{"@id":"https:\/\/motors.tn\/magazine\/#website"},"datePublished":"2026-02-02T23:23:25+00:00","dateModified":"2026-02-24T10:42:28+00:00","description":"Prix voiture commerciale utilitaire fourgon DFSK EC75 \u00e9lectrique neuve en Tunisie.","breadcrumb":{"@id":"https:\/\/motors.tn\/magazine\/prix-voiture-commerciale-utilitaire-fourgon-neuve-en-tunisie\/prix-voiture-commerciale-utilitaire-fourgon-dfsk-neuve-en-tunisie\/prix-voiture-commerciale-utilitaire-fourgon-dfsk-neuve-en-tunisie-1\/#breadcrumb"},"inLanguage":"fr-FR","potentialAction":[{"@type":"ReadAction","target":["https:\/\/motors.tn\/magazine\/prix-voiture-commerciale-utilitaire-fourgon-neuve-en-tunisie\/prix-voiture-commerciale-utilitaire-fourgon-dfsk-neuve-en-tunisie\/prix-voiture-commerciale-utilitaire-fourgon-dfsk-neuve-en-tunisie-1\/"]}]},{"@type":"BreadcrumbList","@id":"https:\/\/motors.tn\/magazine\/prix-voiture-commerciale-utilitaire-fourgon-neuve-en-tunisie\/prix-voiture-commerciale-utilitaire-fourgon-dfsk-neuve-en-tunisie\/prix-voiture-commerciale-utilitaire-fourgon-dfsk-neuve-en-tunisie-1\/#breadcrumb","itemListElement":[{"@type":"ListItem","position":1,"name":"Motors.tn","item":"https:\/\/motors.tn\/magazine\/"},{"@type":"ListItem","position":2,"name":"Prix voiture commerciale utilitaire fourgon neuve en Tunisie","item":"https:\/\/motors.tn\/magazine\/prix-voiture-commerciale-utilitaire-fourgon-neuve-en-tunisie\/"},{"@type":"ListItem","position":3,"name":"Prix voiture commerciale utilitaire fourgon DFSK neuve en Tunisie","item":"https:\/\/motors.tn\/magazine\/prix-voiture-commerciale-utilitaire-fourgon-neuve-en-tunisie\/prix-voiture-commerciale-utilitaire-fourgon-dfsk-neuve-en-tunisie\/"},{"@type":"ListItem","position":4,"name":"Prix voiture commerciale utilitaire fourgon DFSK EC75 \u00e9lectrique neuve en Tunisie"}]},{"@type":"WebSite","@id":"https:\/\/motors.tn\/magazine\/#website","url":"https:\/\/motors.tn\/magazine\/","name":"Motors.tn","description":"Actualit\u00e9, prix du neuf et guide d&#039;achat","publisher":{"@id":"https:\/\/motors.tn\/magazine\/#organization"},"potentialAction":[{"@type":"SearchAction","target":{"@type":"EntryPoint","urlTemplate":"https:\/\/motors.tn\/magazine\/?s={search_term_string}"},"query-input":{"@type":"PropertyValueSpecification","valueRequired":true,"valueName":"search_term_string"}}],"inLanguage":"fr-FR"},{"@type":"Organization","@id":"https:\/\/motors.tn\/magazine\/#organization","name":"Strat\u00e9gie Digitale","url":"https:\/\/motors.tn\/magazine\/","logo":{"@type":"ImageObject","inLanguage":"fr-FR","@id":"https:\/\/motors.tn\/magazine\/#\/schema\/logo\/image\/","url":"https:\/\/motors.tn\/magazine\/wp-content\/uploads\/2020\/05\/cropped-cropped-logo9bleu.png","contentUrl":"https:\/\/motors.tn\/magazine\/wp-content\/uploads\/2020\/05\/cropped-cropped-logo9bleu.png","width":277,"height":44,"caption":"Strat\u00e9gie Digitale"},"image":{"@id":"https:\/\/motors.tn\/magazine\/#\/schema\/logo\/image\/"}}]}},"_links":{"self":[{"href":"https:\/\/motors.tn\/magazine\/wp-json\/wp\/v2\/pages\/501084","targetHints":{"allow":["GET"]}}],"collection":[{"href":"https:\/\/motors.tn\/magazine\/wp-json\/wp\/v2\/pages"}],"about":[{"href":"https:\/\/motors.tn\/magazine\/wp-json\/wp\/v2\/types\/page"}],"author":[{"embeddable":true,"href":"https:\/\/motors.tn\/magazine\/wp-json\/wp\/v2\/users\/19342"}],"replies":[{"embeddable":true,"href":"https:\/\/motors.tn\/magazine\/wp-json\/wp\/v2\/comments?post=501084"}],"version-history":[{"count":1,"href":"https:\/\/motors.tn\/magazine\/wp-json\/wp\/v2\/pages\/501084\/revisions"}],"predecessor-version":[{"id":501099,"href":"https:\/\/motors.tn\/magazine\/wp-json\/wp\/v2\/pages\/501084\/revisions\/501099"}],"up":[{"embeddable":true,"href":"https:\/\/motors.tn\/magazine\/wp-json\/wp\/v2\/pages\/501096"}],"wp:attachment":[{"href":"https:\/\/motors.tn\/magazine\/wp-json\/wp\/v2\/media?parent=501084"}],"curies":[{"name":"wp","href":"https:\/\/api.w.org\/{rel}","templated":true}]}}